
{"id":4716,"date":"2023-05-09T13:52:01","date_gmt":"2023-05-09T11:52:01","guid":{"rendered":"https:\/\/blooming.dev04.fr\/?post_type=product&#038;p=4716"},"modified":"2023-11-13T22:41:26","modified_gmt":"2023-11-13T21:41:26","slug":"application-meditation-et-pleine-conscience","status":"publish","type":"product","link":"https:\/\/blooming-heroes.com\/en\/produit\/application-meditation-et-pleine-conscience\/","title":{"rendered":"Application m\u00e9ditation et pleine conscience"},"content":{"rendered":"<p>Ce programme propose des centaines de m\u00e9ditations sur des sujets allant du stress au sommeil en passant par la concentration et l\u2019anxi\u00e9t\u00e9. Selon cette entreprise, ses exercices de m\u00e9ditation permettent de r\u00e9duire le stress de 32 % en 30 jours et 4 s\u00e9ances suffisent pour r\u00e9duire les burn-out de 14%. 4 semaines du programme peuvent am\u00e9liorer la concentration de 14 % et une seule s\u00e9ance permet de r\u00e9duire les vagabondages de l\u2019esprit de 22%. Au bout de 3 semaines d&#8217;utilisation, on constate une augmentation de 21% des comportements empathiques et une baisse de 57% de l\u2019agressivit\u00e9 en r\u00e9action aux retours n\u00e9gatifs. L&#8217;entreprise vous fournit les conseils et les outils n\u00e9cessaires pour pouvoir tirer le meilleur parti de leurs programmes, vous aide \u00e0 promouvoir la pleine conscience et \u00e0 en mesurer l\u2019impact.<\/p>\n","protected":false},"excerpt":{"rendered":"<p>Ce programme propose des centaines de m\u00e9ditations sur des sujets allant du stress au sommeil en passant par la concentration et l\u2019anxi\u00e9t\u00e9. Selon cette entreprise, ses exercices de m\u00e9ditation permettent de r\u00e9duire le stress de 32 % en 30 jours et 4 s\u00e9ances suffisent pour r\u00e9duire les burn-out de 14%. 4 semaines du programme peuvent [&hellip;]<\/p>\n","protected":false},"featured_media":6865,"comment_status":"open","ping_status":"closed","template":"","meta":{"inline_featured_image":false,"_glsr_average":0,"_glsr_ranking":0,"_glsr_reviews":0},"product_brand":[],"product_cat":[78,79,75],"product_tag":[112,113,114,67,57,70],"class_list":{"0":"post-4716","1":"product","2":"type-product","3":"status-publish","4":"has-post-thumbnail","6":"product_cat-bien-etre","7":"product_cat-capacites-a-linternational","8":"product_cat-sante-mentale-stress-rps","9":"product_tag-consultations-teleconsultations","10":"product_tag-formation-ateliers-conferences","11":"product_tag-gestion-de-crise-et-de-situation-durgence","12":"product_tag-hotline","13":"product_tag-plateformes-digitales-applications-mobile","14":"product_tag-soutien-aux-salaries","16":"first","17":"instock","18":"shipping-taxable","19":"product-type-simple"},"yoast_head":"<!-- This site is optimized with the Yoast SEO plugin v27.4 - https:\/\/yoast.com\/product\/yoast-seo-wordpress\/ -->\n<title>Application m\u00e9ditation et pleine conscience - Blooming Heroes<\/title>\n<meta name=\"description\" content=\"Ce programme propose des centaines de m\u00e9ditations sur des sujets allant du stress au sommeil en passant par la concentration et l\u2019anxi\u00e9t\u00e9.\" \/>\n<meta name=\"robots\" content=\"index, follow, max-snippet:-1, max-image-preview:large, max-video-preview:-1\" \/>\n<link rel=\"canonical\" href=\"https:\/\/blooming-heroes.com\/produit\/application-meditation-et-pleine-conscience\/\" \/>\n<meta property=\"og:locale\" content=\"en_US\" \/>\n<meta property=\"og:type\" content=\"article\" \/>\n<meta property=\"og:title\" content=\"Application m\u00e9ditation et pleine conscience - Blooming Heroes\" \/>\n<meta property=\"og:description\" content=\"Ce programme propose des centaines de m\u00e9ditations sur des sujets allant du stress au sommeil en passant par la concentration et l\u2019anxi\u00e9t\u00e9.\" \/>\n<meta property=\"og:url\" content=\"https:\/\/blooming-heroes.com\/produit\/application-meditation-et-pleine-conscience\/\" \/>\n<meta property=\"og:site_name\" content=\"Blooming Heroes\" \/>\n<meta property=\"article:modified_time\" content=\"2023-11-13T21:41:26+00:00\" \/>\n<meta property=\"og:image\" content=\"https:\/\/blooming-heroes.com\/wp-content\/uploads\/2023\/05\/Mindfulness-min-scaled.jpeg\" \/>\n\t<meta property=\"og:image:width\" content=\"2560\" \/>\n\t<meta property=\"og:image:height\" content=\"1707\" \/>\n\t<meta property=\"og:image:type\" content=\"image\/jpeg\" \/>\n<meta name=\"twitter:card\" content=\"summary_large_image\" \/>\n<meta name=\"twitter:label1\" content=\"Est. reading time\" \/>\n\t<meta name=\"twitter:data1\" content=\"1 minute\" \/>\n<script type=\"application\/ld+json\" class=\"yoast-schema-graph\">{\"@context\":\"https:\\\/\\\/schema.org\",\"@graph\":[{\"@type\":\"WebPage\",\"@id\":\"https:\\\/\\\/blooming-heroes.com\\\/produit\\\/application-meditation-et-pleine-conscience\\\/\",\"url\":\"https:\\\/\\\/blooming-heroes.com\\\/produit\\\/application-meditation-et-pleine-conscience\\\/\",\"name\":\"Application m\u00e9ditation et pleine conscience - Blooming Heroes\",\"isPartOf\":{\"@id\":\"https:\\\/\\\/blooming-heroes.com\\\/#website\"},\"primaryImageOfPage\":{\"@id\":\"https:\\\/\\\/blooming-heroes.com\\\/produit\\\/application-meditation-et-pleine-conscience\\\/#primaryimage\"},\"image\":{\"@id\":\"https:\\\/\\\/blooming-heroes.com\\\/produit\\\/application-meditation-et-pleine-conscience\\\/#primaryimage\"},\"thumbnailUrl\":\"https:\\\/\\\/blooming-heroes.com\\\/wp-content\\\/uploads\\\/2023\\\/05\\\/Mindfulness-min-scaled.jpeg\",\"datePublished\":\"2023-05-09T11:52:01+00:00\",\"dateModified\":\"2023-11-13T21:41:26+00:00\",\"description\":\"Ce programme propose des centaines de m\u00e9ditations sur des sujets allant du stress au sommeil en passant par la concentration et l\u2019anxi\u00e9t\u00e9.\",\"breadcrumb\":{\"@id\":\"https:\\\/\\\/blooming-heroes.com\\\/produit\\\/application-meditation-et-pleine-conscience\\\/#breadcrumb\"},\"inLanguage\":\"en-US\",\"potentialAction\":[{\"@type\":\"ReadAction\",\"target\":[\"https:\\\/\\\/blooming-heroes.com\\\/produit\\\/application-meditation-et-pleine-conscience\\\/\"]}]},{\"@type\":\"ImageObject\",\"inLanguage\":\"en-US\",\"@id\":\"https:\\\/\\\/blooming-heroes.com\\\/produit\\\/application-meditation-et-pleine-conscience\\\/#primaryimage\",\"url\":\"https:\\\/\\\/blooming-heroes.com\\\/wp-content\\\/uploads\\\/2023\\\/05\\\/Mindfulness-min-scaled.jpeg\",\"contentUrl\":\"https:\\\/\\\/blooming-heroes.com\\\/wp-content\\\/uploads\\\/2023\\\/05\\\/Mindfulness-min-scaled.jpeg\",\"width\":2560,\"height\":1707},{\"@type\":\"BreadcrumbList\",\"@id\":\"https:\\\/\\\/blooming-heroes.com\\\/produit\\\/application-meditation-et-pleine-conscience\\\/#breadcrumb\",\"itemListElement\":[{\"@type\":\"ListItem\",\"position\":1,\"name\":\"Accueil\",\"item\":\"https:\\\/\\\/blooming-heroes.com\\\/en\\\/\"},{\"@type\":\"ListItem\",\"position\":2,\"name\":\"Produits\",\"item\":\"https:\\\/\\\/blooming-heroes.com\\\/shop\\\/\"},{\"@type\":\"ListItem\",\"position\":3,\"name\":\"Application m\u00e9ditation et pleine conscience\"}]},{\"@type\":\"WebSite\",\"@id\":\"https:\\\/\\\/blooming-heroes.com\\\/#website\",\"url\":\"https:\\\/\\\/blooming-heroes.com\\\/\",\"name\":\"Blooming Heroes\",\"description\":\"Les h\u00e9ros du bien-vivre au travail\",\"publisher\":{\"@id\":\"https:\\\/\\\/blooming-heroes.com\\\/#organization\"},\"potentialAction\":[{\"@type\":\"SearchAction\",\"target\":{\"@type\":\"EntryPoint\",\"urlTemplate\":\"https:\\\/\\\/blooming-heroes.com\\\/?s={search_term_string}\"},\"query-input\":{\"@type\":\"PropertyValueSpecification\",\"valueRequired\":true,\"valueName\":\"search_term_string\"}}],\"inLanguage\":\"en-US\"},{\"@type\":\"Organization\",\"@id\":\"https:\\\/\\\/blooming-heroes.com\\\/#organization\",\"name\":\"Blooming Heroes\",\"url\":\"https:\\\/\\\/blooming-heroes.com\\\/\",\"logo\":{\"@type\":\"ImageObject\",\"inLanguage\":\"en-US\",\"@id\":\"https:\\\/\\\/blooming-heroes.com\\\/#\\\/schema\\\/logo\\\/image\\\/\",\"url\":\"https:\\\/\\\/blooming-heroes.com\\\/wp-content\\\/uploads\\\/2022\\\/01\\\/cropped-Fichier-19.png\",\"contentUrl\":\"https:\\\/\\\/blooming-heroes.com\\\/wp-content\\\/uploads\\\/2022\\\/01\\\/cropped-Fichier-19.png\",\"width\":512,\"height\":512,\"caption\":\"Blooming Heroes\"},\"image\":{\"@id\":\"https:\\\/\\\/blooming-heroes.com\\\/#\\\/schema\\\/logo\\\/image\\\/\"}}]}<\/script>\n<!-- \/ Yoast SEO plugin. -->","yoast_head_json":{"title":"Application m\u00e9ditation et pleine conscience - Blooming Heroes","description":"Ce programme propose des centaines de m\u00e9ditations sur des sujets allant du stress au sommeil en passant par la concentration et l\u2019anxi\u00e9t\u00e9.","robots":{"index":"index","follow":"follow","max-snippet":"max-snippet:-1","max-image-preview":"max-image-preview:large","max-video-preview":"max-video-preview:-1"},"canonical":"https:\/\/blooming-heroes.com\/produit\/application-meditation-et-pleine-conscience\/","og_locale":"en_US","og_type":"article","og_title":"Application m\u00e9ditation et pleine conscience - Blooming Heroes","og_description":"Ce programme propose des centaines de m\u00e9ditations sur des sujets allant du stress au sommeil en passant par la concentration et l\u2019anxi\u00e9t\u00e9.","og_url":"https:\/\/blooming-heroes.com\/produit\/application-meditation-et-pleine-conscience\/","og_site_name":"Blooming Heroes","article_modified_time":"2023-11-13T21:41:26+00:00","og_image":[{"width":2560,"height":1707,"url":"https:\/\/blooming-heroes.com\/wp-content\/uploads\/2023\/05\/Mindfulness-min-scaled.jpeg","type":"image\/jpeg"}],"twitter_card":"summary_large_image","twitter_misc":{"Est. reading time":"1 minute"},"schema":{"@context":"https:\/\/schema.org","@graph":[{"@type":"WebPage","@id":"https:\/\/blooming-heroes.com\/produit\/application-meditation-et-pleine-conscience\/","url":"https:\/\/blooming-heroes.com\/produit\/application-meditation-et-pleine-conscience\/","name":"Application m\u00e9ditation et pleine conscience - Blooming Heroes","isPartOf":{"@id":"https:\/\/blooming-heroes.com\/#website"},"primaryImageOfPage":{"@id":"https:\/\/blooming-heroes.com\/produit\/application-meditation-et-pleine-conscience\/#primaryimage"},"image":{"@id":"https:\/\/blooming-heroes.com\/produit\/application-meditation-et-pleine-conscience\/#primaryimage"},"thumbnailUrl":"https:\/\/blooming-heroes.com\/wp-content\/uploads\/2023\/05\/Mindfulness-min-scaled.jpeg","datePublished":"2023-05-09T11:52:01+00:00","dateModified":"2023-11-13T21:41:26+00:00","description":"Ce programme propose des centaines de m\u00e9ditations sur des sujets allant du stress au sommeil en passant par la concentration et l\u2019anxi\u00e9t\u00e9.","breadcrumb":{"@id":"https:\/\/blooming-heroes.com\/produit\/application-meditation-et-pleine-conscience\/#breadcrumb"},"inLanguage":"en-US","potentialAction":[{"@type":"ReadAction","target":["https:\/\/blooming-heroes.com\/produit\/application-meditation-et-pleine-conscience\/"]}]},{"@type":"ImageObject","inLanguage":"en-US","@id":"https:\/\/blooming-heroes.com\/produit\/application-meditation-et-pleine-conscience\/#primaryimage","url":"https:\/\/blooming-heroes.com\/wp-content\/uploads\/2023\/05\/Mindfulness-min-scaled.jpeg","contentUrl":"https:\/\/blooming-heroes.com\/wp-content\/uploads\/2023\/05\/Mindfulness-min-scaled.jpeg","width":2560,"height":1707},{"@type":"BreadcrumbList","@id":"https:\/\/blooming-heroes.com\/produit\/application-meditation-et-pleine-conscience\/#breadcrumb","itemListElement":[{"@type":"ListItem","position":1,"name":"Accueil","item":"https:\/\/blooming-heroes.com\/en\/"},{"@type":"ListItem","position":2,"name":"Produits","item":"https:\/\/blooming-heroes.com\/shop\/"},{"@type":"ListItem","position":3,"name":"Application m\u00e9ditation et pleine conscience"}]},{"@type":"WebSite","@id":"https:\/\/blooming-heroes.com\/#website","url":"https:\/\/blooming-heroes.com\/","name":"Blooming Heroes","description":"Les h\u00e9ros du bien-vivre au travail","publisher":{"@id":"https:\/\/blooming-heroes.com\/#organization"},"potentialAction":[{"@type":"SearchAction","target":{"@type":"EntryPoint","urlTemplate":"https:\/\/blooming-heroes.com\/?s={search_term_string}"},"query-input":{"@type":"PropertyValueSpecification","valueRequired":true,"valueName":"search_term_string"}}],"inLanguage":"en-US"},{"@type":"Organization","@id":"https:\/\/blooming-heroes.com\/#organization","name":"Blooming Heroes","url":"https:\/\/blooming-heroes.com\/","logo":{"@type":"ImageObject","inLanguage":"en-US","@id":"https:\/\/blooming-heroes.com\/#\/schema\/logo\/image\/","url":"https:\/\/blooming-heroes.com\/wp-content\/uploads\/2022\/01\/cropped-Fichier-19.png","contentUrl":"https:\/\/blooming-heroes.com\/wp-content\/uploads\/2022\/01\/cropped-Fichier-19.png","width":512,"height":512,"caption":"Blooming Heroes"},"image":{"@id":"https:\/\/blooming-heroes.com\/#\/schema\/logo\/image\/"}}]}},"_links":{"self":[{"href":"https:\/\/blooming-heroes.com\/en\/wp-json\/wp\/v2\/product\/4716","targetHints":{"allow":["GET"]}}],"collection":[{"href":"https:\/\/blooming-heroes.com\/en\/wp-json\/wp\/v2\/product"}],"about":[{"href":"https:\/\/blooming-heroes.com\/en\/wp-json\/wp\/v2\/types\/product"}],"replies":[{"embeddable":true,"href":"https:\/\/blooming-heroes.com\/en\/wp-json\/wp\/v2\/comments?post=4716"}],"wp:featuredmedia":[{"embeddable":true,"href":"https:\/\/blooming-heroes.com\/en\/wp-json\/wp\/v2\/media\/6865"}],"wp:attachment":[{"href":"https:\/\/blooming-heroes.com\/en\/wp-json\/wp\/v2\/media?parent=4716"}],"wp:term":[{"taxonomy":"product_brand","embeddable":true,"href":"https:\/\/blooming-heroes.com\/en\/wp-json\/wp\/v2\/product_brand?post=4716"},{"taxonomy":"product_cat","embeddable":true,"href":"https:\/\/blooming-heroes.com\/en\/wp-json\/wp\/v2\/product_cat?post=4716"},{"taxonomy":"product_tag","embeddable":true,"href":"https:\/\/blooming-heroes.com\/en\/wp-json\/wp\/v2\/product_tag?post=4716"}],"curies":[{"name":"wp","href":"https:\/\/api.w.org\/{rel}","templated":true}]}}