
{"id":4717,"date":"2023-05-09T13:53:42","date_gmt":"2023-05-09T11:53:42","guid":{"rendered":"https:\/\/blooming.dev04.fr\/?post_type=product&#038;p=4717"},"modified":"2023-11-13T19:44:49","modified_gmt":"2023-11-13T18:44:49","slug":"evaluer-la-sante-psychologique-au-travail-les-diagnostics","status":"publish","type":"product","link":"https:\/\/blooming-heroes.com\/en\/produit\/evaluer-la-sante-psychologique-au-travail-les-diagnostics\/","title":{"rendered":"\u00c9valuer la sant\u00e9 psychologique au travail : les diagnostics"},"content":{"rendered":"<p>Les diagnostics permettent d&#8217;analyser des donn\u00e9es statistiques issues de questionnaires et des donn\u00e9es qualitatives issues d\u2019observations de terrain, d\u2019entretiens individuels et d\u2019entretiens collectifs. Ce cabinet s&#8217;appuie sur des \u00e9chelles et des mod\u00e8les valid\u00e9s scientifiquement, et \u00e9tudie simultan\u00e9ment le contexte de travail et l\u2019\u00e9tat psychologique des individus, afin d\u2019\u00e9tablir les liens entre causes et effets (principe de double mesure).<\/p>\n","protected":false},"excerpt":{"rendered":"<p>Les diagnostics permettent d&#8217;analyser des donn\u00e9es statistiques issues de questionnaires et des donn\u00e9es qualitatives issues d\u2019observations de terrain, d\u2019entretiens individuels et d\u2019entretiens collectifs. Ce cabinet s&#8217;appuie sur des \u00e9chelles et des mod\u00e8les valid\u00e9s scientifiquement, et \u00e9tudie simultan\u00e9ment le contexte de travail et l\u2019\u00e9tat psychologique des individus, afin d\u2019\u00e9tablir les liens entre causes et effets (principe [&hellip;]<\/p>\n","protected":false},"featured_media":6831,"comment_status":"open","ping_status":"closed","template":"","meta":{"inline_featured_image":false,"_glsr_average":0,"_glsr_ranking":0,"_glsr_reviews":0},"product_brand":[],"product_cat":[80,75],"product_tag":[128],"class_list":{"0":"post-4717","1":"product","2":"type-product","3":"status-publish","4":"has-post-thumbnail","6":"product_cat-qvt-qvct","7":"product_cat-sante-mentale-stress-rps","8":"product_tag-audit","10":"first","11":"instock","12":"shipping-taxable","13":"product-type-simple"},"yoast_head":"<!-- This site is optimized with the Yoast SEO plugin v27.4 - https:\/\/yoast.com\/product\/yoast-seo-wordpress\/ -->\n<title>\u00c9valuer la sant\u00e9 psychologique au travail : les diagnostics<\/title>\n<meta name=\"description\" content=\"Les diagnostics permettent d&#039;analyser des donn\u00e9es statistiques issues de questionnaires et des donn\u00e9es qualitatives issues d\u2019observations de terrain, d\u2019entretiens individuels et d\u2019entretiens collectifs.\" \/>\n<meta name=\"robots\" content=\"index, follow, max-snippet:-1, max-image-preview:large, max-video-preview:-1\" \/>\n<link rel=\"canonical\" href=\"https:\/\/blooming-heroes.com\/produit\/evaluer-la-sante-psychologique-au-travail-les-diagnostics\/\" \/>\n<meta property=\"og:locale\" content=\"en_US\" \/>\n<meta property=\"og:type\" content=\"article\" \/>\n<meta property=\"og:title\" content=\"\u00c9valuer la sant\u00e9 psychologique au travail : les diagnostics\" \/>\n<meta property=\"og:description\" content=\"Les diagnostics permettent d&#039;analyser des donn\u00e9es statistiques issues de questionnaires et des donn\u00e9es qualitatives issues d\u2019observations de terrain, d\u2019entretiens individuels et d\u2019entretiens collectifs.\" \/>\n<meta property=\"og:url\" content=\"https:\/\/blooming-heroes.com\/produit\/evaluer-la-sante-psychologique-au-travail-les-diagnostics\/\" \/>\n<meta property=\"og:site_name\" content=\"Blooming Heroes\" \/>\n<meta property=\"article:modified_time\" content=\"2023-11-13T18:44:49+00:00\" \/>\n<meta property=\"og:image\" content=\"https:\/\/blooming-heroes.com\/wp-content\/uploads\/2023\/08\/assessments_consultants-min.jpeg\" \/>\n\t<meta property=\"og:image:width\" content=\"1024\" \/>\n\t<meta property=\"og:image:height\" content=\"684\" \/>\n\t<meta property=\"og:image:type\" content=\"image\/jpeg\" \/>\n<meta name=\"twitter:card\" content=\"summary_large_image\" \/>\n<meta name=\"twitter:label1\" content=\"Est. reading time\" \/>\n\t<meta name=\"twitter:data1\" content=\"1 minute\" \/>\n<script type=\"application\/ld+json\" class=\"yoast-schema-graph\">{\"@context\":\"https:\\\/\\\/schema.org\",\"@graph\":[{\"@type\":\"WebPage\",\"@id\":\"https:\\\/\\\/blooming-heroes.com\\\/produit\\\/evaluer-la-sante-psychologique-au-travail-les-diagnostics\\\/\",\"url\":\"https:\\\/\\\/blooming-heroes.com\\\/produit\\\/evaluer-la-sante-psychologique-au-travail-les-diagnostics\\\/\",\"name\":\"\u00c9valuer la sant\u00e9 psychologique au travail : les diagnostics\",\"isPartOf\":{\"@id\":\"https:\\\/\\\/blooming-heroes.com\\\/#website\"},\"primaryImageOfPage\":{\"@id\":\"https:\\\/\\\/blooming-heroes.com\\\/produit\\\/evaluer-la-sante-psychologique-au-travail-les-diagnostics\\\/#primaryimage\"},\"image\":{\"@id\":\"https:\\\/\\\/blooming-heroes.com\\\/produit\\\/evaluer-la-sante-psychologique-au-travail-les-diagnostics\\\/#primaryimage\"},\"thumbnailUrl\":\"https:\\\/\\\/blooming-heroes.com\\\/wp-content\\\/uploads\\\/2023\\\/08\\\/assessments_consultants-min.jpeg\",\"datePublished\":\"2023-05-09T11:53:42+00:00\",\"dateModified\":\"2023-11-13T18:44:49+00:00\",\"description\":\"Les diagnostics permettent d'analyser des donn\u00e9es statistiques issues de questionnaires et des donn\u00e9es qualitatives issues d\u2019observations de terrain, d\u2019entretiens individuels et d\u2019entretiens collectifs.\",\"breadcrumb\":{\"@id\":\"https:\\\/\\\/blooming-heroes.com\\\/produit\\\/evaluer-la-sante-psychologique-au-travail-les-diagnostics\\\/#breadcrumb\"},\"inLanguage\":\"en-US\",\"potentialAction\":[{\"@type\":\"ReadAction\",\"target\":[\"https:\\\/\\\/blooming-heroes.com\\\/produit\\\/evaluer-la-sante-psychologique-au-travail-les-diagnostics\\\/\"]}]},{\"@type\":\"ImageObject\",\"inLanguage\":\"en-US\",\"@id\":\"https:\\\/\\\/blooming-heroes.com\\\/produit\\\/evaluer-la-sante-psychologique-au-travail-les-diagnostics\\\/#primaryimage\",\"url\":\"https:\\\/\\\/blooming-heroes.com\\\/wp-content\\\/uploads\\\/2023\\\/08\\\/assessments_consultants-min.jpeg\",\"contentUrl\":\"https:\\\/\\\/blooming-heroes.com\\\/wp-content\\\/uploads\\\/2023\\\/08\\\/assessments_consultants-min.jpeg\",\"width\":1024,\"height\":684},{\"@type\":\"BreadcrumbList\",\"@id\":\"https:\\\/\\\/blooming-heroes.com\\\/produit\\\/evaluer-la-sante-psychologique-au-travail-les-diagnostics\\\/#breadcrumb\",\"itemListElement\":[{\"@type\":\"ListItem\",\"position\":1,\"name\":\"Accueil\",\"item\":\"https:\\\/\\\/blooming-heroes.com\\\/en\\\/\"},{\"@type\":\"ListItem\",\"position\":2,\"name\":\"Produits\",\"item\":\"https:\\\/\\\/blooming-heroes.com\\\/shop\\\/\"},{\"@type\":\"ListItem\",\"position\":3,\"name\":\"\u00c9valuer la sant\u00e9 psychologique au travail : les diagnostics\"}]},{\"@type\":\"WebSite\",\"@id\":\"https:\\\/\\\/blooming-heroes.com\\\/#website\",\"url\":\"https:\\\/\\\/blooming-heroes.com\\\/\",\"name\":\"Blooming Heroes\",\"description\":\"Les h\u00e9ros du bien-vivre au travail\",\"publisher\":{\"@id\":\"https:\\\/\\\/blooming-heroes.com\\\/#organization\"},\"potentialAction\":[{\"@type\":\"SearchAction\",\"target\":{\"@type\":\"EntryPoint\",\"urlTemplate\":\"https:\\\/\\\/blooming-heroes.com\\\/?s={search_term_string}\"},\"query-input\":{\"@type\":\"PropertyValueSpecification\",\"valueRequired\":true,\"valueName\":\"search_term_string\"}}],\"inLanguage\":\"en-US\"},{\"@type\":\"Organization\",\"@id\":\"https:\\\/\\\/blooming-heroes.com\\\/#organization\",\"name\":\"Blooming Heroes\",\"url\":\"https:\\\/\\\/blooming-heroes.com\\\/\",\"logo\":{\"@type\":\"ImageObject\",\"inLanguage\":\"en-US\",\"@id\":\"https:\\\/\\\/blooming-heroes.com\\\/#\\\/schema\\\/logo\\\/image\\\/\",\"url\":\"https:\\\/\\\/blooming-heroes.com\\\/wp-content\\\/uploads\\\/2022\\\/01\\\/cropped-Fichier-19.png\",\"contentUrl\":\"https:\\\/\\\/blooming-heroes.com\\\/wp-content\\\/uploads\\\/2022\\\/01\\\/cropped-Fichier-19.png\",\"width\":512,\"height\":512,\"caption\":\"Blooming Heroes\"},\"image\":{\"@id\":\"https:\\\/\\\/blooming-heroes.com\\\/#\\\/schema\\\/logo\\\/image\\\/\"}}]}<\/script>\n<!-- \/ Yoast SEO plugin. -->","yoast_head_json":{"title":"\u00c9valuer la sant\u00e9 psychologique au travail : les diagnostics","description":"Les diagnostics permettent d'analyser des donn\u00e9es statistiques issues de questionnaires et des donn\u00e9es qualitatives issues d\u2019observations de terrain, d\u2019entretiens individuels et d\u2019entretiens collectifs.","robots":{"index":"index","follow":"follow","max-snippet":"max-snippet:-1","max-image-preview":"max-image-preview:large","max-video-preview":"max-video-preview:-1"},"canonical":"https:\/\/blooming-heroes.com\/produit\/evaluer-la-sante-psychologique-au-travail-les-diagnostics\/","og_locale":"en_US","og_type":"article","og_title":"\u00c9valuer la sant\u00e9 psychologique au travail : les diagnostics","og_description":"Les diagnostics permettent d'analyser des donn\u00e9es statistiques issues de questionnaires et des donn\u00e9es qualitatives issues d\u2019observations de terrain, d\u2019entretiens individuels et d\u2019entretiens collectifs.","og_url":"https:\/\/blooming-heroes.com\/produit\/evaluer-la-sante-psychologique-au-travail-les-diagnostics\/","og_site_name":"Blooming Heroes","article_modified_time":"2023-11-13T18:44:49+00:00","og_image":[{"width":1024,"height":684,"url":"https:\/\/blooming-heroes.com\/wp-content\/uploads\/2023\/08\/assessments_consultants-min.jpeg","type":"image\/jpeg"}],"twitter_card":"summary_large_image","twitter_misc":{"Est. reading time":"1 minute"},"schema":{"@context":"https:\/\/schema.org","@graph":[{"@type":"WebPage","@id":"https:\/\/blooming-heroes.com\/produit\/evaluer-la-sante-psychologique-au-travail-les-diagnostics\/","url":"https:\/\/blooming-heroes.com\/produit\/evaluer-la-sante-psychologique-au-travail-les-diagnostics\/","name":"\u00c9valuer la sant\u00e9 psychologique au travail : les diagnostics","isPartOf":{"@id":"https:\/\/blooming-heroes.com\/#website"},"primaryImageOfPage":{"@id":"https:\/\/blooming-heroes.com\/produit\/evaluer-la-sante-psychologique-au-travail-les-diagnostics\/#primaryimage"},"image":{"@id":"https:\/\/blooming-heroes.com\/produit\/evaluer-la-sante-psychologique-au-travail-les-diagnostics\/#primaryimage"},"thumbnailUrl":"https:\/\/blooming-heroes.com\/wp-content\/uploads\/2023\/08\/assessments_consultants-min.jpeg","datePublished":"2023-05-09T11:53:42+00:00","dateModified":"2023-11-13T18:44:49+00:00","description":"Les diagnostics permettent d'analyser des donn\u00e9es statistiques issues de questionnaires et des donn\u00e9es qualitatives issues d\u2019observations de terrain, d\u2019entretiens individuels et d\u2019entretiens collectifs.","breadcrumb":{"@id":"https:\/\/blooming-heroes.com\/produit\/evaluer-la-sante-psychologique-au-travail-les-diagnostics\/#breadcrumb"},"inLanguage":"en-US","potentialAction":[{"@type":"ReadAction","target":["https:\/\/blooming-heroes.com\/produit\/evaluer-la-sante-psychologique-au-travail-les-diagnostics\/"]}]},{"@type":"ImageObject","inLanguage":"en-US","@id":"https:\/\/blooming-heroes.com\/produit\/evaluer-la-sante-psychologique-au-travail-les-diagnostics\/#primaryimage","url":"https:\/\/blooming-heroes.com\/wp-content\/uploads\/2023\/08\/assessments_consultants-min.jpeg","contentUrl":"https:\/\/blooming-heroes.com\/wp-content\/uploads\/2023\/08\/assessments_consultants-min.jpeg","width":1024,"height":684},{"@type":"BreadcrumbList","@id":"https:\/\/blooming-heroes.com\/produit\/evaluer-la-sante-psychologique-au-travail-les-diagnostics\/#breadcrumb","itemListElement":[{"@type":"ListItem","position":1,"name":"Accueil","item":"https:\/\/blooming-heroes.com\/en\/"},{"@type":"ListItem","position":2,"name":"Produits","item":"https:\/\/blooming-heroes.com\/shop\/"},{"@type":"ListItem","position":3,"name":"\u00c9valuer la sant\u00e9 psychologique au travail : les diagnostics"}]},{"@type":"WebSite","@id":"https:\/\/blooming-heroes.com\/#website","url":"https:\/\/blooming-heroes.com\/","name":"Blooming Heroes","description":"Les h\u00e9ros du bien-vivre au travail","publisher":{"@id":"https:\/\/blooming-heroes.com\/#organization"},"potentialAction":[{"@type":"SearchAction","target":{"@type":"EntryPoint","urlTemplate":"https:\/\/blooming-heroes.com\/?s={search_term_string}"},"query-input":{"@type":"PropertyValueSpecification","valueRequired":true,"valueName":"search_term_string"}}],"inLanguage":"en-US"},{"@type":"Organization","@id":"https:\/\/blooming-heroes.com\/#organization","name":"Blooming Heroes","url":"https:\/\/blooming-heroes.com\/","logo":{"@type":"ImageObject","inLanguage":"en-US","@id":"https:\/\/blooming-heroes.com\/#\/schema\/logo\/image\/","url":"https:\/\/blooming-heroes.com\/wp-content\/uploads\/2022\/01\/cropped-Fichier-19.png","contentUrl":"https:\/\/blooming-heroes.com\/wp-content\/uploads\/2022\/01\/cropped-Fichier-19.png","width":512,"height":512,"caption":"Blooming Heroes"},"image":{"@id":"https:\/\/blooming-heroes.com\/#\/schema\/logo\/image\/"}}]}},"_links":{"self":[{"href":"https:\/\/blooming-heroes.com\/en\/wp-json\/wp\/v2\/product\/4717","targetHints":{"allow":["GET"]}}],"collection":[{"href":"https:\/\/blooming-heroes.com\/en\/wp-json\/wp\/v2\/product"}],"about":[{"href":"https:\/\/blooming-heroes.com\/en\/wp-json\/wp\/v2\/types\/product"}],"replies":[{"embeddable":true,"href":"https:\/\/blooming-heroes.com\/en\/wp-json\/wp\/v2\/comments?post=4717"}],"wp:featuredmedia":[{"embeddable":true,"href":"https:\/\/blooming-heroes.com\/en\/wp-json\/wp\/v2\/media\/6831"}],"wp:attachment":[{"href":"https:\/\/blooming-heroes.com\/en\/wp-json\/wp\/v2\/media?parent=4717"}],"wp:term":[{"taxonomy":"product_brand","embeddable":true,"href":"https:\/\/blooming-heroes.com\/en\/wp-json\/wp\/v2\/product_brand?post=4717"},{"taxonomy":"product_cat","embeddable":true,"href":"https:\/\/blooming-heroes.com\/en\/wp-json\/wp\/v2\/product_cat?post=4717"},{"taxonomy":"product_tag","embeddable":true,"href":"https:\/\/blooming-heroes.com\/en\/wp-json\/wp\/v2\/product_tag?post=4717"}],"curies":[{"name":"wp","href":"https:\/\/api.w.org\/{rel}","templated":true}]}}