
{"id":4722,"date":"2023-05-09T14:04:40","date_gmt":"2023-05-09T12:04:40","guid":{"rendered":"https:\/\/blooming.dev04.fr\/?post_type=product&#038;p=4722"},"modified":"2023-11-13T19:43:24","modified_gmt":"2023-11-13T18:43:24","slug":"programme-global-daide-et-de-bien-etre-eap","status":"publish","type":"product","link":"https:\/\/blooming-heroes.com\/en\/produit\/programme-global-daide-et-de-bien-etre-eap\/","title":{"rendered":"Programme global d&#8217;aide et de bien-\u00eatre (EAP)"},"content":{"rendered":"<p>Le programme global d&#8217;aide et de bien-\u00eatre de ce leader mondial regroupe un EAP (Programme d&#8217;aide aux employ\u00e9s) et une application web et mobile de pointe qui vous permettent d&#8217;adopter une approche holistique de l&#8217;accompagnement en sant\u00e9 et bien-\u00eatre de vos salari\u00e9s et d&#8217;agir sur les trois niveaux de pr\u00e9vention (primaire, secondaire, tertiaire). Le dispositif permet \u00e0 vos salari\u00e9s d&#8217;am\u00e9liorer leur situation sur les 4 grands piliers du bien-\u00eatre : sant\u00e9 psychologique, sant\u00e9 physique, sant\u00e9 financi\u00e8re et bien-\u00eatre social.<\/p>\n","protected":false},"excerpt":{"rendered":"<p>Le programme global d&#8217;aide et de bien-\u00eatre de ce leader mondial regroupe un EAP (Programme d&#8217;aide aux employ\u00e9s) et une application web et mobile de pointe qui vous permettent d&#8217;adopter une approche holistique de l&#8217;accompagnement en sant\u00e9 et bien-\u00eatre de vos salari\u00e9s et d&#8217;agir sur les trois niveaux de pr\u00e9vention (primaire, secondaire, tertiaire). Le dispositif [&hellip;]<\/p>\n","protected":false},"featured_media":6841,"comment_status":"open","ping_status":"closed","template":"","meta":{"inline_featured_image":false,"_glsr_average":0,"_glsr_ranking":0,"_glsr_reviews":0},"product_brand":[],"product_cat":[78,79,80,111,75],"product_tag":[112,63,114,67,57,69,70],"class_list":{"0":"post-4722","1":"product","2":"type-product","3":"status-publish","4":"has-post-thumbnail","6":"product_cat-bien-etre","7":"product_cat-capacites-a-linternational","8":"product_cat-qvt-qvct","9":"product_cat-sante-financiere","10":"product_cat-sante-mentale-stress-rps","11":"product_tag-consultations-teleconsultations","12":"product_tag-eap-employee-assistance-programme","13":"product_tag-gestion-de-crise-et-de-situation-durgence","14":"product_tag-hotline","15":"product_tag-plateformes-digitales-applications-mobile","16":"product_tag-services-aux-salaries","17":"product_tag-soutien-aux-salaries","19":"first","20":"instock","21":"shipping-taxable","22":"product-type-simple"},"yoast_head":"<!-- This site is optimized with the Yoast SEO plugin v27.4 - https:\/\/yoast.com\/product\/yoast-seo-wordpress\/ -->\n<title>Programme global d&#039;aide et de bien-\u00eatre (EAP) - Blooming Heroes<\/title>\n<meta name=\"description\" content=\"Le programme global d&#039;aide et de bien-\u00eatre de ce leader mondial regroupe un EAP (Programme d&#039;aide aux employ\u00e9s) et une application web et mobile de pointe..\" \/>\n<meta name=\"robots\" content=\"index, follow, max-snippet:-1, max-image-preview:large, max-video-preview:-1\" \/>\n<link rel=\"canonical\" href=\"https:\/\/blooming-heroes.com\/produit\/programme-global-daide-et-de-bien-etre-eap\/\" \/>\n<meta property=\"og:locale\" content=\"en_US\" \/>\n<meta property=\"og:type\" content=\"article\" \/>\n<meta property=\"og:title\" content=\"Programme global d&#039;aide et de bien-\u00eatre (EAP) - Blooming Heroes\" \/>\n<meta property=\"og:description\" content=\"Le programme global d&#039;aide et de bien-\u00eatre de ce leader mondial regroupe un EAP (Programme d&#039;aide aux employ\u00e9s) et une application web et mobile de pointe..\" \/>\n<meta property=\"og:url\" content=\"https:\/\/blooming-heroes.com\/produit\/programme-global-daide-et-de-bien-etre-eap\/\" \/>\n<meta property=\"og:site_name\" content=\"Blooming Heroes\" \/>\n<meta property=\"article:modified_time\" content=\"2023-11-13T18:43:24+00:00\" \/>\n<meta property=\"og:image\" content=\"https:\/\/blooming-heroes.com\/wp-content\/uploads\/2023\/08\/EAP_2-min.jpeg\" \/>\n\t<meta property=\"og:image:width\" content=\"1024\" \/>\n\t<meta property=\"og:image:height\" content=\"683\" \/>\n\t<meta property=\"og:image:type\" content=\"image\/jpeg\" \/>\n<meta name=\"twitter:card\" content=\"summary_large_image\" \/>\n<meta name=\"twitter:label1\" content=\"Est. reading time\" \/>\n\t<meta name=\"twitter:data1\" content=\"1 minute\" \/>\n<script type=\"application\/ld+json\" class=\"yoast-schema-graph\">{\"@context\":\"https:\\\/\\\/schema.org\",\"@graph\":[{\"@type\":\"WebPage\",\"@id\":\"https:\\\/\\\/blooming-heroes.com\\\/produit\\\/programme-global-daide-et-de-bien-etre-eap\\\/\",\"url\":\"https:\\\/\\\/blooming-heroes.com\\\/produit\\\/programme-global-daide-et-de-bien-etre-eap\\\/\",\"name\":\"Programme global d'aide et de bien-\u00eatre (EAP) - Blooming Heroes\",\"isPartOf\":{\"@id\":\"https:\\\/\\\/blooming-heroes.com\\\/#website\"},\"primaryImageOfPage\":{\"@id\":\"https:\\\/\\\/blooming-heroes.com\\\/produit\\\/programme-global-daide-et-de-bien-etre-eap\\\/#primaryimage\"},\"image\":{\"@id\":\"https:\\\/\\\/blooming-heroes.com\\\/produit\\\/programme-global-daide-et-de-bien-etre-eap\\\/#primaryimage\"},\"thumbnailUrl\":\"https:\\\/\\\/blooming-heroes.com\\\/wp-content\\\/uploads\\\/2023\\\/08\\\/EAP_2-min.jpeg\",\"datePublished\":\"2023-05-09T12:04:40+00:00\",\"dateModified\":\"2023-11-13T18:43:24+00:00\",\"description\":\"Le programme global d'aide et de bien-\u00eatre de ce leader mondial regroupe un EAP (Programme d'aide aux employ\u00e9s) et une application web et mobile de pointe..\",\"breadcrumb\":{\"@id\":\"https:\\\/\\\/blooming-heroes.com\\\/produit\\\/programme-global-daide-et-de-bien-etre-eap\\\/#breadcrumb\"},\"inLanguage\":\"en-US\",\"potentialAction\":[{\"@type\":\"ReadAction\",\"target\":[\"https:\\\/\\\/blooming-heroes.com\\\/produit\\\/programme-global-daide-et-de-bien-etre-eap\\\/\"]}]},{\"@type\":\"ImageObject\",\"inLanguage\":\"en-US\",\"@id\":\"https:\\\/\\\/blooming-heroes.com\\\/produit\\\/programme-global-daide-et-de-bien-etre-eap\\\/#primaryimage\",\"url\":\"https:\\\/\\\/blooming-heroes.com\\\/wp-content\\\/uploads\\\/2023\\\/08\\\/EAP_2-min.jpeg\",\"contentUrl\":\"https:\\\/\\\/blooming-heroes.com\\\/wp-content\\\/uploads\\\/2023\\\/08\\\/EAP_2-min.jpeg\",\"width\":1024,\"height\":683},{\"@type\":\"BreadcrumbList\",\"@id\":\"https:\\\/\\\/blooming-heroes.com\\\/produit\\\/programme-global-daide-et-de-bien-etre-eap\\\/#breadcrumb\",\"itemListElement\":[{\"@type\":\"ListItem\",\"position\":1,\"name\":\"Accueil\",\"item\":\"https:\\\/\\\/blooming-heroes.com\\\/en\\\/\"},{\"@type\":\"ListItem\",\"position\":2,\"name\":\"Produits\",\"item\":\"https:\\\/\\\/blooming-heroes.com\\\/shop\\\/\"},{\"@type\":\"ListItem\",\"position\":3,\"name\":\"Programme global d&rsquo;aide et de bien-\u00eatre (EAP)\"}]},{\"@type\":\"WebSite\",\"@id\":\"https:\\\/\\\/blooming-heroes.com\\\/#website\",\"url\":\"https:\\\/\\\/blooming-heroes.com\\\/\",\"name\":\"Blooming Heroes\",\"description\":\"Les h\u00e9ros du bien-vivre au travail\",\"publisher\":{\"@id\":\"https:\\\/\\\/blooming-heroes.com\\\/#organization\"},\"potentialAction\":[{\"@type\":\"SearchAction\",\"target\":{\"@type\":\"EntryPoint\",\"urlTemplate\":\"https:\\\/\\\/blooming-heroes.com\\\/?s={search_term_string}\"},\"query-input\":{\"@type\":\"PropertyValueSpecification\",\"valueRequired\":true,\"valueName\":\"search_term_string\"}}],\"inLanguage\":\"en-US\"},{\"@type\":\"Organization\",\"@id\":\"https:\\\/\\\/blooming-heroes.com\\\/#organization\",\"name\":\"Blooming Heroes\",\"url\":\"https:\\\/\\\/blooming-heroes.com\\\/\",\"logo\":{\"@type\":\"ImageObject\",\"inLanguage\":\"en-US\",\"@id\":\"https:\\\/\\\/blooming-heroes.com\\\/#\\\/schema\\\/logo\\\/image\\\/\",\"url\":\"https:\\\/\\\/blooming-heroes.com\\\/wp-content\\\/uploads\\\/2022\\\/01\\\/cropped-Fichier-19.png\",\"contentUrl\":\"https:\\\/\\\/blooming-heroes.com\\\/wp-content\\\/uploads\\\/2022\\\/01\\\/cropped-Fichier-19.png\",\"width\":512,\"height\":512,\"caption\":\"Blooming Heroes\"},\"image\":{\"@id\":\"https:\\\/\\\/blooming-heroes.com\\\/#\\\/schema\\\/logo\\\/image\\\/\"}}]}<\/script>\n<!-- \/ Yoast SEO plugin. -->","yoast_head_json":{"title":"Programme global d'aide et de bien-\u00eatre (EAP) - Blooming Heroes","description":"Le programme global d'aide et de bien-\u00eatre de ce leader mondial regroupe un EAP (Programme d'aide aux employ\u00e9s) et une application web et mobile de pointe..","robots":{"index":"index","follow":"follow","max-snippet":"max-snippet:-1","max-image-preview":"max-image-preview:large","max-video-preview":"max-video-preview:-1"},"canonical":"https:\/\/blooming-heroes.com\/produit\/programme-global-daide-et-de-bien-etre-eap\/","og_locale":"en_US","og_type":"article","og_title":"Programme global d'aide et de bien-\u00eatre (EAP) - Blooming Heroes","og_description":"Le programme global d'aide et de bien-\u00eatre de ce leader mondial regroupe un EAP (Programme d'aide aux employ\u00e9s) et une application web et mobile de pointe..","og_url":"https:\/\/blooming-heroes.com\/produit\/programme-global-daide-et-de-bien-etre-eap\/","og_site_name":"Blooming Heroes","article_modified_time":"2023-11-13T18:43:24+00:00","og_image":[{"width":1024,"height":683,"url":"https:\/\/blooming-heroes.com\/wp-content\/uploads\/2023\/08\/EAP_2-min.jpeg","type":"image\/jpeg"}],"twitter_card":"summary_large_image","twitter_misc":{"Est. reading time":"1 minute"},"schema":{"@context":"https:\/\/schema.org","@graph":[{"@type":"WebPage","@id":"https:\/\/blooming-heroes.com\/produit\/programme-global-daide-et-de-bien-etre-eap\/","url":"https:\/\/blooming-heroes.com\/produit\/programme-global-daide-et-de-bien-etre-eap\/","name":"Programme global d'aide et de bien-\u00eatre (EAP) - Blooming Heroes","isPartOf":{"@id":"https:\/\/blooming-heroes.com\/#website"},"primaryImageOfPage":{"@id":"https:\/\/blooming-heroes.com\/produit\/programme-global-daide-et-de-bien-etre-eap\/#primaryimage"},"image":{"@id":"https:\/\/blooming-heroes.com\/produit\/programme-global-daide-et-de-bien-etre-eap\/#primaryimage"},"thumbnailUrl":"https:\/\/blooming-heroes.com\/wp-content\/uploads\/2023\/08\/EAP_2-min.jpeg","datePublished":"2023-05-09T12:04:40+00:00","dateModified":"2023-11-13T18:43:24+00:00","description":"Le programme global d'aide et de bien-\u00eatre de ce leader mondial regroupe un EAP (Programme d'aide aux employ\u00e9s) et une application web et mobile de pointe..","breadcrumb":{"@id":"https:\/\/blooming-heroes.com\/produit\/programme-global-daide-et-de-bien-etre-eap\/#breadcrumb"},"inLanguage":"en-US","potentialAction":[{"@type":"ReadAction","target":["https:\/\/blooming-heroes.com\/produit\/programme-global-daide-et-de-bien-etre-eap\/"]}]},{"@type":"ImageObject","inLanguage":"en-US","@id":"https:\/\/blooming-heroes.com\/produit\/programme-global-daide-et-de-bien-etre-eap\/#primaryimage","url":"https:\/\/blooming-heroes.com\/wp-content\/uploads\/2023\/08\/EAP_2-min.jpeg","contentUrl":"https:\/\/blooming-heroes.com\/wp-content\/uploads\/2023\/08\/EAP_2-min.jpeg","width":1024,"height":683},{"@type":"BreadcrumbList","@id":"https:\/\/blooming-heroes.com\/produit\/programme-global-daide-et-de-bien-etre-eap\/#breadcrumb","itemListElement":[{"@type":"ListItem","position":1,"name":"Accueil","item":"https:\/\/blooming-heroes.com\/en\/"},{"@type":"ListItem","position":2,"name":"Produits","item":"https:\/\/blooming-heroes.com\/shop\/"},{"@type":"ListItem","position":3,"name":"Programme global d&rsquo;aide et de bien-\u00eatre (EAP)"}]},{"@type":"WebSite","@id":"https:\/\/blooming-heroes.com\/#website","url":"https:\/\/blooming-heroes.com\/","name":"Blooming Heroes","description":"Les h\u00e9ros du bien-vivre au travail","publisher":{"@id":"https:\/\/blooming-heroes.com\/#organization"},"potentialAction":[{"@type":"SearchAction","target":{"@type":"EntryPoint","urlTemplate":"https:\/\/blooming-heroes.com\/?s={search_term_string}"},"query-input":{"@type":"PropertyValueSpecification","valueRequired":true,"valueName":"search_term_string"}}],"inLanguage":"en-US"},{"@type":"Organization","@id":"https:\/\/blooming-heroes.com\/#organization","name":"Blooming Heroes","url":"https:\/\/blooming-heroes.com\/","logo":{"@type":"ImageObject","inLanguage":"en-US","@id":"https:\/\/blooming-heroes.com\/#\/schema\/logo\/image\/","url":"https:\/\/blooming-heroes.com\/wp-content\/uploads\/2022\/01\/cropped-Fichier-19.png","contentUrl":"https:\/\/blooming-heroes.com\/wp-content\/uploads\/2022\/01\/cropped-Fichier-19.png","width":512,"height":512,"caption":"Blooming Heroes"},"image":{"@id":"https:\/\/blooming-heroes.com\/#\/schema\/logo\/image\/"}}]}},"_links":{"self":[{"href":"https:\/\/blooming-heroes.com\/en\/wp-json\/wp\/v2\/product\/4722","targetHints":{"allow":["GET"]}}],"collection":[{"href":"https:\/\/blooming-heroes.com\/en\/wp-json\/wp\/v2\/product"}],"about":[{"href":"https:\/\/blooming-heroes.com\/en\/wp-json\/wp\/v2\/types\/product"}],"replies":[{"embeddable":true,"href":"https:\/\/blooming-heroes.com\/en\/wp-json\/wp\/v2\/comments?post=4722"}],"wp:featuredmedia":[{"embeddable":true,"href":"https:\/\/blooming-heroes.com\/en\/wp-json\/wp\/v2\/media\/6841"}],"wp:attachment":[{"href":"https:\/\/blooming-heroes.com\/en\/wp-json\/wp\/v2\/media?parent=4722"}],"wp:term":[{"taxonomy":"product_brand","embeddable":true,"href":"https:\/\/blooming-heroes.com\/en\/wp-json\/wp\/v2\/product_brand?post=4722"},{"taxonomy":"product_cat","embeddable":true,"href":"https:\/\/blooming-heroes.com\/en\/wp-json\/wp\/v2\/product_cat?post=4722"},{"taxonomy":"product_tag","embeddable":true,"href":"https:\/\/blooming-heroes.com\/en\/wp-json\/wp\/v2\/product_tag?post=4722"}],"curies":[{"name":"wp","href":"https:\/\/api.w.org\/{rel}","templated":true}]}}