
{"id":4723,"date":"2023-05-09T14:09:32","date_gmt":"2023-05-09T12:09:32","guid":{"rendered":"https:\/\/blooming.dev04.fr\/?post_type=product&#038;p=4723"},"modified":"2023-11-13T22:44:32","modified_gmt":"2023-11-13T21:44:32","slug":"application-web-et-mobile-sante-bien-etre","status":"publish","type":"product","link":"https:\/\/blooming-heroes.com\/en\/produit\/application-web-et-mobile-sante-bien-etre\/","title":{"rendered":"Application web et mobile Sant\u00e9 &#038; Bien-\u00eatre"},"content":{"rendered":"<p>L&#8217;application web et mobile de ce leader mondial facilite l&#8217;acc\u00e8s \u00e0 vos dispositifs existants (ex : hotline), propose du contenu Sant\u00e9 &amp; Bien-\u00eatre (articles, audios, vid\u00e9os), facilite la prise de conscience individuelle et les changements comportemental gr\u00e2ce \u00e0 des questionnaires d&#8217;auto-\u00e9valuation, des programmes d&#8217;accompagnement digital et des d\u00e9fis sant\u00e9, et vous permet de diffuser une culture de la sant\u00e9 et du bien-\u00eatre gr\u00e2ce \u00e0 un fil d&#8217;actualit\u00e9 sur lequel vous et vos salari\u00e9s peuvent interagir. Cette technologie permet \u00e9galement d&#8217;accroitre l&#8217;engagement des salari\u00e9s sur l&#8217;ensemble de vos dispositifs existants.<\/p>\n","protected":false},"excerpt":{"rendered":"<p>L&#8217;application web et mobile de ce leader mondial facilite l&#8217;acc\u00e8s \u00e0 vos dispositifs existants (ex : hotline), propose du contenu Sant\u00e9 &amp; Bien-\u00eatre (articles, audios, vid\u00e9os), facilite la prise de conscience individuelle et les changements comportemental gr\u00e2ce \u00e0 des questionnaires d&#8217;auto-\u00e9valuation, des programmes d&#8217;accompagnement digital et des d\u00e9fis sant\u00e9, et vous permet de diffuser une [&hellip;]<\/p>\n","protected":false},"featured_media":6863,"comment_status":"open","ping_status":"closed","template":"","meta":{"inline_featured_image":false,"_glsr_average":0,"_glsr_ranking":0,"_glsr_reviews":0},"product_brand":[],"product_cat":[78,79,111,75],"product_tag":[57,70],"class_list":{"0":"post-4723","1":"product","2":"type-product","3":"status-publish","4":"has-post-thumbnail","6":"product_cat-bien-etre","7":"product_cat-capacites-a-linternational","8":"product_cat-sante-financiere","9":"product_cat-sante-mentale-stress-rps","10":"product_tag-plateformes-digitales-applications-mobile","11":"product_tag-soutien-aux-salaries","13":"first","14":"instock","15":"shipping-taxable","16":"product-type-simple"},"yoast_head":"<!-- This site is optimized with the Yoast SEO plugin v27.4 - https:\/\/yoast.com\/product\/yoast-seo-wordpress\/ -->\n<title>Application web et mobile Sant\u00e9 &amp; Bien-\u00eatre - Blooming Heroes<\/title>\n<meta name=\"robots\" content=\"index, follow, max-snippet:-1, max-image-preview:large, max-video-preview:-1\" \/>\n<link rel=\"canonical\" href=\"https:\/\/blooming-heroes.com\/produit\/application-web-et-mobile-sante-bien-etre\/\" \/>\n<meta property=\"og:locale\" content=\"en_US\" \/>\n<meta property=\"og:type\" content=\"article\" \/>\n<meta property=\"og:title\" content=\"Application web et mobile Sant\u00e9 &amp; Bien-\u00eatre - Blooming Heroes\" \/>\n<meta property=\"og:description\" content=\"L&#8217;application web et mobile de ce leader mondial facilite l&#8217;acc\u00e8s \u00e0 vos dispositifs existants (ex : hotline), propose du contenu Sant\u00e9 &amp; Bien-\u00eatre (articles, audios, vid\u00e9os), facilite la prise de conscience individuelle et les changements comportemental gr\u00e2ce \u00e0 des questionnaires d&#8217;auto-\u00e9valuation, des programmes d&#8217;accompagnement digital et des d\u00e9fis sant\u00e9, et vous permet de diffuser une [&hellip;]\" \/>\n<meta property=\"og:url\" content=\"https:\/\/blooming-heroes.com\/produit\/application-web-et-mobile-sante-bien-etre\/\" \/>\n<meta property=\"og:site_name\" content=\"Blooming Heroes\" \/>\n<meta property=\"article:modified_time\" content=\"2023-11-13T21:44:32+00:00\" \/>\n<meta property=\"og:image\" content=\"https:\/\/blooming-heroes.com\/wp-content\/uploads\/2023\/05\/Sante-mentale-Positif-min-scaled.jpeg\" \/>\n\t<meta property=\"og:image:width\" content=\"2560\" \/>\n\t<meta property=\"og:image:height\" content=\"1706\" \/>\n\t<meta property=\"og:image:type\" content=\"image\/jpeg\" \/>\n<meta name=\"twitter:card\" content=\"summary_large_image\" \/>\n<meta name=\"twitter:label1\" content=\"Est. reading time\" \/>\n\t<meta name=\"twitter:data1\" content=\"1 minute\" \/>\n<script type=\"application\/ld+json\" class=\"yoast-schema-graph\">{\"@context\":\"https:\\\/\\\/schema.org\",\"@graph\":[{\"@type\":\"WebPage\",\"@id\":\"https:\\\/\\\/blooming-heroes.com\\\/produit\\\/application-web-et-mobile-sante-bien-etre\\\/\",\"url\":\"https:\\\/\\\/blooming-heroes.com\\\/produit\\\/application-web-et-mobile-sante-bien-etre\\\/\",\"name\":\"Application web et mobile Sant\u00e9 & Bien-\u00eatre - Blooming Heroes\",\"isPartOf\":{\"@id\":\"https:\\\/\\\/blooming-heroes.com\\\/#website\"},\"primaryImageOfPage\":{\"@id\":\"https:\\\/\\\/blooming-heroes.com\\\/produit\\\/application-web-et-mobile-sante-bien-etre\\\/#primaryimage\"},\"image\":{\"@id\":\"https:\\\/\\\/blooming-heroes.com\\\/produit\\\/application-web-et-mobile-sante-bien-etre\\\/#primaryimage\"},\"thumbnailUrl\":\"https:\\\/\\\/blooming-heroes.com\\\/wp-content\\\/uploads\\\/2023\\\/05\\\/Sante-mentale-Positif-min-scaled.jpeg\",\"datePublished\":\"2023-05-09T12:09:32+00:00\",\"dateModified\":\"2023-11-13T21:44:32+00:00\",\"breadcrumb\":{\"@id\":\"https:\\\/\\\/blooming-heroes.com\\\/produit\\\/application-web-et-mobile-sante-bien-etre\\\/#breadcrumb\"},\"inLanguage\":\"en-US\",\"potentialAction\":[{\"@type\":\"ReadAction\",\"target\":[\"https:\\\/\\\/blooming-heroes.com\\\/produit\\\/application-web-et-mobile-sante-bien-etre\\\/\"]}]},{\"@type\":\"ImageObject\",\"inLanguage\":\"en-US\",\"@id\":\"https:\\\/\\\/blooming-heroes.com\\\/produit\\\/application-web-et-mobile-sante-bien-etre\\\/#primaryimage\",\"url\":\"https:\\\/\\\/blooming-heroes.com\\\/wp-content\\\/uploads\\\/2023\\\/05\\\/Sante-mentale-Positif-min-scaled.jpeg\",\"contentUrl\":\"https:\\\/\\\/blooming-heroes.com\\\/wp-content\\\/uploads\\\/2023\\\/05\\\/Sante-mentale-Positif-min-scaled.jpeg\",\"width\":2560,\"height\":1706},{\"@type\":\"BreadcrumbList\",\"@id\":\"https:\\\/\\\/blooming-heroes.com\\\/produit\\\/application-web-et-mobile-sante-bien-etre\\\/#breadcrumb\",\"itemListElement\":[{\"@type\":\"ListItem\",\"position\":1,\"name\":\"Accueil\",\"item\":\"https:\\\/\\\/blooming-heroes.com\\\/en\\\/\"},{\"@type\":\"ListItem\",\"position\":2,\"name\":\"Produits\",\"item\":\"https:\\\/\\\/blooming-heroes.com\\\/shop\\\/\"},{\"@type\":\"ListItem\",\"position\":3,\"name\":\"Application web et mobile Sant\u00e9 &#038; Bien-\u00eatre\"}]},{\"@type\":\"WebSite\",\"@id\":\"https:\\\/\\\/blooming-heroes.com\\\/#website\",\"url\":\"https:\\\/\\\/blooming-heroes.com\\\/\",\"name\":\"Blooming Heroes\",\"description\":\"Les h\u00e9ros du bien-vivre au travail\",\"publisher\":{\"@id\":\"https:\\\/\\\/blooming-heroes.com\\\/#organization\"},\"potentialAction\":[{\"@type\":\"SearchAction\",\"target\":{\"@type\":\"EntryPoint\",\"urlTemplate\":\"https:\\\/\\\/blooming-heroes.com\\\/?s={search_term_string}\"},\"query-input\":{\"@type\":\"PropertyValueSpecification\",\"valueRequired\":true,\"valueName\":\"search_term_string\"}}],\"inLanguage\":\"en-US\"},{\"@type\":\"Organization\",\"@id\":\"https:\\\/\\\/blooming-heroes.com\\\/#organization\",\"name\":\"Blooming Heroes\",\"url\":\"https:\\\/\\\/blooming-heroes.com\\\/\",\"logo\":{\"@type\":\"ImageObject\",\"inLanguage\":\"en-US\",\"@id\":\"https:\\\/\\\/blooming-heroes.com\\\/#\\\/schema\\\/logo\\\/image\\\/\",\"url\":\"https:\\\/\\\/blooming-heroes.com\\\/wp-content\\\/uploads\\\/2022\\\/01\\\/cropped-Fichier-19.png\",\"contentUrl\":\"https:\\\/\\\/blooming-heroes.com\\\/wp-content\\\/uploads\\\/2022\\\/01\\\/cropped-Fichier-19.png\",\"width\":512,\"height\":512,\"caption\":\"Blooming Heroes\"},\"image\":{\"@id\":\"https:\\\/\\\/blooming-heroes.com\\\/#\\\/schema\\\/logo\\\/image\\\/\"}}]}<\/script>\n<!-- \/ Yoast SEO plugin. -->","yoast_head_json":{"title":"Application web et mobile Sant\u00e9 & Bien-\u00eatre - Blooming Heroes","robots":{"index":"index","follow":"follow","max-snippet":"max-snippet:-1","max-image-preview":"max-image-preview:large","max-video-preview":"max-video-preview:-1"},"canonical":"https:\/\/blooming-heroes.com\/produit\/application-web-et-mobile-sante-bien-etre\/","og_locale":"en_US","og_type":"article","og_title":"Application web et mobile Sant\u00e9 & Bien-\u00eatre - Blooming Heroes","og_description":"L&#8217;application web et mobile de ce leader mondial facilite l&#8217;acc\u00e8s \u00e0 vos dispositifs existants (ex : hotline), propose du contenu Sant\u00e9 &amp; Bien-\u00eatre (articles, audios, vid\u00e9os), facilite la prise de conscience individuelle et les changements comportemental gr\u00e2ce \u00e0 des questionnaires d&#8217;auto-\u00e9valuation, des programmes d&#8217;accompagnement digital et des d\u00e9fis sant\u00e9, et vous permet de diffuser une [&hellip;]","og_url":"https:\/\/blooming-heroes.com\/produit\/application-web-et-mobile-sante-bien-etre\/","og_site_name":"Blooming Heroes","article_modified_time":"2023-11-13T21:44:32+00:00","og_image":[{"width":2560,"height":1706,"url":"https:\/\/blooming-heroes.com\/wp-content\/uploads\/2023\/05\/Sante-mentale-Positif-min-scaled.jpeg","type":"image\/jpeg"}],"twitter_card":"summary_large_image","twitter_misc":{"Est. reading time":"1 minute"},"schema":{"@context":"https:\/\/schema.org","@graph":[{"@type":"WebPage","@id":"https:\/\/blooming-heroes.com\/produit\/application-web-et-mobile-sante-bien-etre\/","url":"https:\/\/blooming-heroes.com\/produit\/application-web-et-mobile-sante-bien-etre\/","name":"Application web et mobile Sant\u00e9 & Bien-\u00eatre - Blooming Heroes","isPartOf":{"@id":"https:\/\/blooming-heroes.com\/#website"},"primaryImageOfPage":{"@id":"https:\/\/blooming-heroes.com\/produit\/application-web-et-mobile-sante-bien-etre\/#primaryimage"},"image":{"@id":"https:\/\/blooming-heroes.com\/produit\/application-web-et-mobile-sante-bien-etre\/#primaryimage"},"thumbnailUrl":"https:\/\/blooming-heroes.com\/wp-content\/uploads\/2023\/05\/Sante-mentale-Positif-min-scaled.jpeg","datePublished":"2023-05-09T12:09:32+00:00","dateModified":"2023-11-13T21:44:32+00:00","breadcrumb":{"@id":"https:\/\/blooming-heroes.com\/produit\/application-web-et-mobile-sante-bien-etre\/#breadcrumb"},"inLanguage":"en-US","potentialAction":[{"@type":"ReadAction","target":["https:\/\/blooming-heroes.com\/produit\/application-web-et-mobile-sante-bien-etre\/"]}]},{"@type":"ImageObject","inLanguage":"en-US","@id":"https:\/\/blooming-heroes.com\/produit\/application-web-et-mobile-sante-bien-etre\/#primaryimage","url":"https:\/\/blooming-heroes.com\/wp-content\/uploads\/2023\/05\/Sante-mentale-Positif-min-scaled.jpeg","contentUrl":"https:\/\/blooming-heroes.com\/wp-content\/uploads\/2023\/05\/Sante-mentale-Positif-min-scaled.jpeg","width":2560,"height":1706},{"@type":"BreadcrumbList","@id":"https:\/\/blooming-heroes.com\/produit\/application-web-et-mobile-sante-bien-etre\/#breadcrumb","itemListElement":[{"@type":"ListItem","position":1,"name":"Accueil","item":"https:\/\/blooming-heroes.com\/en\/"},{"@type":"ListItem","position":2,"name":"Produits","item":"https:\/\/blooming-heroes.com\/shop\/"},{"@type":"ListItem","position":3,"name":"Application web et mobile Sant\u00e9 &#038; Bien-\u00eatre"}]},{"@type":"WebSite","@id":"https:\/\/blooming-heroes.com\/#website","url":"https:\/\/blooming-heroes.com\/","name":"Blooming Heroes","description":"Les h\u00e9ros du bien-vivre au travail","publisher":{"@id":"https:\/\/blooming-heroes.com\/#organization"},"potentialAction":[{"@type":"SearchAction","target":{"@type":"EntryPoint","urlTemplate":"https:\/\/blooming-heroes.com\/?s={search_term_string}"},"query-input":{"@type":"PropertyValueSpecification","valueRequired":true,"valueName":"search_term_string"}}],"inLanguage":"en-US"},{"@type":"Organization","@id":"https:\/\/blooming-heroes.com\/#organization","name":"Blooming Heroes","url":"https:\/\/blooming-heroes.com\/","logo":{"@type":"ImageObject","inLanguage":"en-US","@id":"https:\/\/blooming-heroes.com\/#\/schema\/logo\/image\/","url":"https:\/\/blooming-heroes.com\/wp-content\/uploads\/2022\/01\/cropped-Fichier-19.png","contentUrl":"https:\/\/blooming-heroes.com\/wp-content\/uploads\/2022\/01\/cropped-Fichier-19.png","width":512,"height":512,"caption":"Blooming Heroes"},"image":{"@id":"https:\/\/blooming-heroes.com\/#\/schema\/logo\/image\/"}}]}},"_links":{"self":[{"href":"https:\/\/blooming-heroes.com\/en\/wp-json\/wp\/v2\/product\/4723","targetHints":{"allow":["GET"]}}],"collection":[{"href":"https:\/\/blooming-heroes.com\/en\/wp-json\/wp\/v2\/product"}],"about":[{"href":"https:\/\/blooming-heroes.com\/en\/wp-json\/wp\/v2\/types\/product"}],"replies":[{"embeddable":true,"href":"https:\/\/blooming-heroes.com\/en\/wp-json\/wp\/v2\/comments?post=4723"}],"wp:featuredmedia":[{"embeddable":true,"href":"https:\/\/blooming-heroes.com\/en\/wp-json\/wp\/v2\/media\/6863"}],"wp:attachment":[{"href":"https:\/\/blooming-heroes.com\/en\/wp-json\/wp\/v2\/media?parent=4723"}],"wp:term":[{"taxonomy":"product_brand","embeddable":true,"href":"https:\/\/blooming-heroes.com\/en\/wp-json\/wp\/v2\/product_brand?post=4723"},{"taxonomy":"product_cat","embeddable":true,"href":"https:\/\/blooming-heroes.com\/en\/wp-json\/wp\/v2\/product_cat?post=4723"},{"taxonomy":"product_tag","embeddable":true,"href":"https:\/\/blooming-heroes.com\/en\/wp-json\/wp\/v2\/product_tag?post=4723"}],"curies":[{"name":"wp","href":"https:\/\/api.w.org\/{rel}","templated":true}]}}