
{"id":4724,"date":"2023-05-09T14:18:08","date_gmt":"2023-05-09T12:18:08","guid":{"rendered":"https:\/\/blooming.dev04.fr\/?post_type=product&#038;p=4724"},"modified":"2023-11-13T19:23:44","modified_gmt":"2023-11-13T18:23:44","slug":"recherches-etudes","status":"publish","type":"product","link":"https:\/\/blooming-heroes.com\/en\/produit\/recherches-etudes\/","title":{"rendered":"Recherches &#038; \u00c9tudes"},"content":{"rendered":"<p>Ce cabinet r\u00e9alise des diagnostics intra-entreprise sur-mesure quantitatifs ou qualitatifs et des \u00e9tudes inter-entreprises construites sur des sujets transversaux avec une approche r\u00e9solument psychosociale et argument\u00e9e par des travaux scientifiques accessibles, qui visent \u00e0 l\u2019objectivation des situations et perceptions des collaborateurs sur l&#8217;entreprise, son organisation et ses projets.<\/p>\n","protected":false},"excerpt":{"rendered":"<p>Ce cabinet r\u00e9alise des diagnostics intra-entreprise sur-mesure quantitatifs ou qualitatifs et des \u00e9tudes inter-entreprises construites sur des sujets transversaux avec une approche r\u00e9solument psychosociale et argument\u00e9e par des travaux scientifiques accessibles, qui visent \u00e0 l\u2019objectivation des situations et perceptions des collaborateurs sur l&#8217;entreprise, son organisation et ses projets.<\/p>\n","protected":false},"featured_media":6831,"comment_status":"open","ping_status":"closed","template":"","meta":{"inline_featured_image":false,"_glsr_average":0,"_glsr_ranking":0,"_glsr_reviews":0},"product_brand":[],"product_cat":[82,79,84,145,95,83,96,109,97,106,103,108,80,75],"product_tag":[128],"class_list":{"0":"post-4724","1":"product","2":"type-product","3":"status-publish","4":"has-post-thumbnail","6":"product_cat-accompagnement-au-changement-et-transformation","7":"product_cat-capacites-a-linternational","8":"product_cat-dialogue-social","9":"product_cat-diversite-equite-inclusion","10":"product_cat-egalite-femmes-hommes","11":"product_cat-engagement-collaborateurs","12":"product_cat-gestion-des-conflits","13":"product_cat-innovation-manageriale","14":"product_cat-innovation-sociale","15":"product_cat-intelligence-collective","16":"product_cat-management-des-organisations","17":"product_cat-pratiques-manageriales","18":"product_cat-qvt-qvct","19":"product_cat-sante-mentale-stress-rps","20":"product_tag-audit","22":"first","23":"instock","24":"shipping-taxable","25":"product-type-simple"},"yoast_head":"<!-- This site is optimized with the Yoast SEO plugin v27.4 - https:\/\/yoast.com\/product\/yoast-seo-wordpress\/ -->\n<title>Recherches &amp; \u00c9tudes - Blooming Heroes<\/title>\n<meta name=\"description\" content=\"Ce cabinet r\u00e9alise des diagnostics intra-entreprise sur-mesure quantitatifs ou qualitatifs et des \u00e9tudes inter-entreprises construites sur des sujets...\" \/>\n<meta name=\"robots\" content=\"index, follow, max-snippet:-1, max-image-preview:large, max-video-preview:-1\" \/>\n<link rel=\"canonical\" href=\"https:\/\/blooming-heroes.com\/produit\/recherches-etudes\/\" \/>\n<meta property=\"og:locale\" content=\"en_US\" \/>\n<meta property=\"og:type\" content=\"article\" \/>\n<meta property=\"og:title\" content=\"Recherches &amp; \u00c9tudes - Blooming Heroes\" \/>\n<meta property=\"og:description\" content=\"Ce cabinet r\u00e9alise des diagnostics intra-entreprise sur-mesure quantitatifs ou qualitatifs et des \u00e9tudes inter-entreprises construites sur des sujets...\" \/>\n<meta property=\"og:url\" content=\"https:\/\/blooming-heroes.com\/produit\/recherches-etudes\/\" \/>\n<meta property=\"og:site_name\" content=\"Blooming Heroes\" \/>\n<meta property=\"article:modified_time\" content=\"2023-11-13T18:23:44+00:00\" \/>\n<meta property=\"og:image\" content=\"https:\/\/blooming-heroes.com\/wp-content\/uploads\/2023\/08\/assessments_consultants-min.jpeg\" \/>\n\t<meta property=\"og:image:width\" content=\"1024\" \/>\n\t<meta property=\"og:image:height\" content=\"684\" \/>\n\t<meta property=\"og:image:type\" content=\"image\/jpeg\" \/>\n<meta name=\"twitter:card\" content=\"summary_large_image\" \/>\n<meta name=\"twitter:label1\" content=\"Est. reading time\" \/>\n\t<meta name=\"twitter:data1\" content=\"1 minute\" \/>\n<script type=\"application\/ld+json\" class=\"yoast-schema-graph\">{\"@context\":\"https:\\\/\\\/schema.org\",\"@graph\":[{\"@type\":\"WebPage\",\"@id\":\"https:\\\/\\\/blooming-heroes.com\\\/produit\\\/recherches-etudes\\\/\",\"url\":\"https:\\\/\\\/blooming-heroes.com\\\/produit\\\/recherches-etudes\\\/\",\"name\":\"Recherches & \u00c9tudes - Blooming Heroes\",\"isPartOf\":{\"@id\":\"https:\\\/\\\/blooming-heroes.com\\\/#website\"},\"primaryImageOfPage\":{\"@id\":\"https:\\\/\\\/blooming-heroes.com\\\/produit\\\/recherches-etudes\\\/#primaryimage\"},\"image\":{\"@id\":\"https:\\\/\\\/blooming-heroes.com\\\/produit\\\/recherches-etudes\\\/#primaryimage\"},\"thumbnailUrl\":\"https:\\\/\\\/blooming-heroes.com\\\/wp-content\\\/uploads\\\/2023\\\/08\\\/assessments_consultants-min.jpeg\",\"datePublished\":\"2023-05-09T12:18:08+00:00\",\"dateModified\":\"2023-11-13T18:23:44+00:00\",\"description\":\"Ce cabinet r\u00e9alise des diagnostics intra-entreprise sur-mesure quantitatifs ou qualitatifs et des \u00e9tudes inter-entreprises construites sur des sujets...\",\"breadcrumb\":{\"@id\":\"https:\\\/\\\/blooming-heroes.com\\\/produit\\\/recherches-etudes\\\/#breadcrumb\"},\"inLanguage\":\"en-US\",\"potentialAction\":[{\"@type\":\"ReadAction\",\"target\":[\"https:\\\/\\\/blooming-heroes.com\\\/produit\\\/recherches-etudes\\\/\"]}]},{\"@type\":\"ImageObject\",\"inLanguage\":\"en-US\",\"@id\":\"https:\\\/\\\/blooming-heroes.com\\\/produit\\\/recherches-etudes\\\/#primaryimage\",\"url\":\"https:\\\/\\\/blooming-heroes.com\\\/wp-content\\\/uploads\\\/2023\\\/08\\\/assessments_consultants-min.jpeg\",\"contentUrl\":\"https:\\\/\\\/blooming-heroes.com\\\/wp-content\\\/uploads\\\/2023\\\/08\\\/assessments_consultants-min.jpeg\",\"width\":1024,\"height\":684},{\"@type\":\"BreadcrumbList\",\"@id\":\"https:\\\/\\\/blooming-heroes.com\\\/produit\\\/recherches-etudes\\\/#breadcrumb\",\"itemListElement\":[{\"@type\":\"ListItem\",\"position\":1,\"name\":\"Accueil\",\"item\":\"https:\\\/\\\/blooming-heroes.com\\\/en\\\/\"},{\"@type\":\"ListItem\",\"position\":2,\"name\":\"Produits\",\"item\":\"https:\\\/\\\/blooming-heroes.com\\\/shop\\\/\"},{\"@type\":\"ListItem\",\"position\":3,\"name\":\"Recherches &#038; \u00c9tudes\"}]},{\"@type\":\"WebSite\",\"@id\":\"https:\\\/\\\/blooming-heroes.com\\\/#website\",\"url\":\"https:\\\/\\\/blooming-heroes.com\\\/\",\"name\":\"Blooming Heroes\",\"description\":\"Les h\u00e9ros du bien-vivre au travail\",\"publisher\":{\"@id\":\"https:\\\/\\\/blooming-heroes.com\\\/#organization\"},\"potentialAction\":[{\"@type\":\"SearchAction\",\"target\":{\"@type\":\"EntryPoint\",\"urlTemplate\":\"https:\\\/\\\/blooming-heroes.com\\\/?s={search_term_string}\"},\"query-input\":{\"@type\":\"PropertyValueSpecification\",\"valueRequired\":true,\"valueName\":\"search_term_string\"}}],\"inLanguage\":\"en-US\"},{\"@type\":\"Organization\",\"@id\":\"https:\\\/\\\/blooming-heroes.com\\\/#organization\",\"name\":\"Blooming Heroes\",\"url\":\"https:\\\/\\\/blooming-heroes.com\\\/\",\"logo\":{\"@type\":\"ImageObject\",\"inLanguage\":\"en-US\",\"@id\":\"https:\\\/\\\/blooming-heroes.com\\\/#\\\/schema\\\/logo\\\/image\\\/\",\"url\":\"https:\\\/\\\/blooming-heroes.com\\\/wp-content\\\/uploads\\\/2022\\\/01\\\/cropped-Fichier-19.png\",\"contentUrl\":\"https:\\\/\\\/blooming-heroes.com\\\/wp-content\\\/uploads\\\/2022\\\/01\\\/cropped-Fichier-19.png\",\"width\":512,\"height\":512,\"caption\":\"Blooming Heroes\"},\"image\":{\"@id\":\"https:\\\/\\\/blooming-heroes.com\\\/#\\\/schema\\\/logo\\\/image\\\/\"}}]}<\/script>\n<!-- \/ Yoast SEO plugin. -->","yoast_head_json":{"title":"Recherches & \u00c9tudes - Blooming Heroes","description":"Ce cabinet r\u00e9alise des diagnostics intra-entreprise sur-mesure quantitatifs ou qualitatifs et des \u00e9tudes inter-entreprises construites sur des sujets...","robots":{"index":"index","follow":"follow","max-snippet":"max-snippet:-1","max-image-preview":"max-image-preview:large","max-video-preview":"max-video-preview:-1"},"canonical":"https:\/\/blooming-heroes.com\/produit\/recherches-etudes\/","og_locale":"en_US","og_type":"article","og_title":"Recherches & \u00c9tudes - Blooming Heroes","og_description":"Ce cabinet r\u00e9alise des diagnostics intra-entreprise sur-mesure quantitatifs ou qualitatifs et des \u00e9tudes inter-entreprises construites sur des sujets...","og_url":"https:\/\/blooming-heroes.com\/produit\/recherches-etudes\/","og_site_name":"Blooming Heroes","article_modified_time":"2023-11-13T18:23:44+00:00","og_image":[{"width":1024,"height":684,"url":"https:\/\/blooming-heroes.com\/wp-content\/uploads\/2023\/08\/assessments_consultants-min.jpeg","type":"image\/jpeg"}],"twitter_card":"summary_large_image","twitter_misc":{"Est. reading time":"1 minute"},"schema":{"@context":"https:\/\/schema.org","@graph":[{"@type":"WebPage","@id":"https:\/\/blooming-heroes.com\/produit\/recherches-etudes\/","url":"https:\/\/blooming-heroes.com\/produit\/recherches-etudes\/","name":"Recherches & \u00c9tudes - Blooming Heroes","isPartOf":{"@id":"https:\/\/blooming-heroes.com\/#website"},"primaryImageOfPage":{"@id":"https:\/\/blooming-heroes.com\/produit\/recherches-etudes\/#primaryimage"},"image":{"@id":"https:\/\/blooming-heroes.com\/produit\/recherches-etudes\/#primaryimage"},"thumbnailUrl":"https:\/\/blooming-heroes.com\/wp-content\/uploads\/2023\/08\/assessments_consultants-min.jpeg","datePublished":"2023-05-09T12:18:08+00:00","dateModified":"2023-11-13T18:23:44+00:00","description":"Ce cabinet r\u00e9alise des diagnostics intra-entreprise sur-mesure quantitatifs ou qualitatifs et des \u00e9tudes inter-entreprises construites sur des sujets...","breadcrumb":{"@id":"https:\/\/blooming-heroes.com\/produit\/recherches-etudes\/#breadcrumb"},"inLanguage":"en-US","potentialAction":[{"@type":"ReadAction","target":["https:\/\/blooming-heroes.com\/produit\/recherches-etudes\/"]}]},{"@type":"ImageObject","inLanguage":"en-US","@id":"https:\/\/blooming-heroes.com\/produit\/recherches-etudes\/#primaryimage","url":"https:\/\/blooming-heroes.com\/wp-content\/uploads\/2023\/08\/assessments_consultants-min.jpeg","contentUrl":"https:\/\/blooming-heroes.com\/wp-content\/uploads\/2023\/08\/assessments_consultants-min.jpeg","width":1024,"height":684},{"@type":"BreadcrumbList","@id":"https:\/\/blooming-heroes.com\/produit\/recherches-etudes\/#breadcrumb","itemListElement":[{"@type":"ListItem","position":1,"name":"Accueil","item":"https:\/\/blooming-heroes.com\/en\/"},{"@type":"ListItem","position":2,"name":"Produits","item":"https:\/\/blooming-heroes.com\/shop\/"},{"@type":"ListItem","position":3,"name":"Recherches &#038; \u00c9tudes"}]},{"@type":"WebSite","@id":"https:\/\/blooming-heroes.com\/#website","url":"https:\/\/blooming-heroes.com\/","name":"Blooming Heroes","description":"Les h\u00e9ros du bien-vivre au travail","publisher":{"@id":"https:\/\/blooming-heroes.com\/#organization"},"potentialAction":[{"@type":"SearchAction","target":{"@type":"EntryPoint","urlTemplate":"https:\/\/blooming-heroes.com\/?s={search_term_string}"},"query-input":{"@type":"PropertyValueSpecification","valueRequired":true,"valueName":"search_term_string"}}],"inLanguage":"en-US"},{"@type":"Organization","@id":"https:\/\/blooming-heroes.com\/#organization","name":"Blooming Heroes","url":"https:\/\/blooming-heroes.com\/","logo":{"@type":"ImageObject","inLanguage":"en-US","@id":"https:\/\/blooming-heroes.com\/#\/schema\/logo\/image\/","url":"https:\/\/blooming-heroes.com\/wp-content\/uploads\/2022\/01\/cropped-Fichier-19.png","contentUrl":"https:\/\/blooming-heroes.com\/wp-content\/uploads\/2022\/01\/cropped-Fichier-19.png","width":512,"height":512,"caption":"Blooming Heroes"},"image":{"@id":"https:\/\/blooming-heroes.com\/#\/schema\/logo\/image\/"}}]}},"_links":{"self":[{"href":"https:\/\/blooming-heroes.com\/en\/wp-json\/wp\/v2\/product\/4724","targetHints":{"allow":["GET"]}}],"collection":[{"href":"https:\/\/blooming-heroes.com\/en\/wp-json\/wp\/v2\/product"}],"about":[{"href":"https:\/\/blooming-heroes.com\/en\/wp-json\/wp\/v2\/types\/product"}],"replies":[{"embeddable":true,"href":"https:\/\/blooming-heroes.com\/en\/wp-json\/wp\/v2\/comments?post=4724"}],"wp:featuredmedia":[{"embeddable":true,"href":"https:\/\/blooming-heroes.com\/en\/wp-json\/wp\/v2\/media\/6831"}],"wp:attachment":[{"href":"https:\/\/blooming-heroes.com\/en\/wp-json\/wp\/v2\/media?parent=4724"}],"wp:term":[{"taxonomy":"product_brand","embeddable":true,"href":"https:\/\/blooming-heroes.com\/en\/wp-json\/wp\/v2\/product_brand?post=4724"},{"taxonomy":"product_cat","embeddable":true,"href":"https:\/\/blooming-heroes.com\/en\/wp-json\/wp\/v2\/product_cat?post=4724"},{"taxonomy":"product_tag","embeddable":true,"href":"https:\/\/blooming-heroes.com\/en\/wp-json\/wp\/v2\/product_tag?post=4724"}],"curies":[{"name":"wp","href":"https:\/\/api.w.org\/{rel}","templated":true}]}}