
{"id":4726,"date":"2023-05-09T14:30:22","date_gmt":"2023-05-09T12:30:22","guid":{"rendered":"https:\/\/blooming.dev04.fr\/?post_type=product&#038;p=4726"},"modified":"2023-11-13T19:23:12","modified_gmt":"2023-11-13T18:23:12","slug":"formations-conferences","status":"publish","type":"product","link":"https:\/\/blooming-heroes.com\/en\/produit\/formations-conferences\/","title":{"rendered":"Formations &#038; Conf\u00e9rences"},"content":{"rendered":"<p>Ce cabinet propose des conf\u00e9rences et formations sur mesure qui s\u2019appuient sur un mod\u00e8le ouvert \u00e0 la pluridisciplinarit\u00e9 et \u00e0 la diversit\u00e9 p\u00e9dagogique et se d\u00e9roulent en pr\u00e9sentiel ou \u00e0 distance selon des formats vari\u00e9s : webinaires, parcours e-learning avec classes virtuelles, tests\u2026 L&#8217;expertise p\u00e9dagogique r\u00e9side dans l&#8217;adaptation permanente aux besoins, sp\u00e9cificit\u00e9s et contextes des commanditaires ainsi que de la population cible, et implique une \u00e9quipe de formateurs experts du positionnement manag\u00e9rial et de la relation des individus au travail alliant des approches comportementales et psychosociales pour proposer un accompagnement personnalis\u00e9 et coh\u00e9rent.<\/p>\n","protected":false},"excerpt":{"rendered":"<p>Ce cabinet propose des conf\u00e9rences et formations sur mesure qui s\u2019appuient sur un mod\u00e8le ouvert \u00e0 la pluridisciplinarit\u00e9 et \u00e0 la diversit\u00e9 p\u00e9dagogique et se d\u00e9roulent en pr\u00e9sentiel ou \u00e0 distance selon des formats vari\u00e9s : webinaires, parcours e-learning avec classes virtuelles, tests\u2026 L&#8217;expertise p\u00e9dagogique r\u00e9side dans l&#8217;adaptation permanente aux besoins, sp\u00e9cificit\u00e9s et contextes des [&hellip;]<\/p>\n","protected":false},"featured_media":6803,"comment_status":"open","ping_status":"closed","template":"","meta":{"inline_featured_image":false,"_glsr_average":0,"_glsr_ranking":0,"_glsr_reviews":0},"product_brand":[],"product_cat":[82,79,90,84,145,95,83,96,109,97,106,103,108,80,75],"product_tag":[113],"class_list":{"0":"post-4726","1":"product","2":"type-product","3":"status-publish","4":"has-post-thumbnail","6":"product_cat-accompagnement-au-changement-et-transformation","7":"product_cat-capacites-a-linternational","8":"product_cat-competences-developpement-personnel","9":"product_cat-dialogue-social","10":"product_cat-diversite-equite-inclusion","11":"product_cat-egalite-femmes-hommes","12":"product_cat-engagement-collaborateurs","13":"product_cat-gestion-des-conflits","14":"product_cat-innovation-manageriale","15":"product_cat-innovation-sociale","16":"product_cat-intelligence-collective","17":"product_cat-management-des-organisations","18":"product_cat-pratiques-manageriales","19":"product_cat-qvt-qvct","20":"product_cat-sante-mentale-stress-rps","21":"product_tag-formation-ateliers-conferences","23":"first","24":"instock","25":"shipping-taxable","26":"product-type-simple"},"yoast_head":"<!-- This site is optimized with the Yoast SEO plugin v27.4 - https:\/\/yoast.com\/product\/yoast-seo-wordpress\/ -->\n<title>Formations &amp; Conf\u00e9rences - Blooming Heroes<\/title>\n<meta name=\"description\" content=\"Ce cabinet propose des conf\u00e9rences et formations sur mesure qui s\u2019appuient sur un mod\u00e8le ouvert \u00e0 la pluridisciplinarit\u00e9 et \u00e0 la diversit\u00e9 p\u00e9dagogique...\" \/>\n<meta name=\"robots\" content=\"index, follow, max-snippet:-1, max-image-preview:large, max-video-preview:-1\" \/>\n<link rel=\"canonical\" href=\"https:\/\/blooming-heroes.com\/produit\/formations-conferences\/\" \/>\n<meta property=\"og:locale\" content=\"en_US\" \/>\n<meta property=\"og:type\" content=\"article\" \/>\n<meta property=\"og:title\" content=\"Formations &amp; Conf\u00e9rences - Blooming Heroes\" \/>\n<meta property=\"og:description\" content=\"Ce cabinet propose des conf\u00e9rences et formations sur mesure qui s\u2019appuient sur un mod\u00e8le ouvert \u00e0 la pluridisciplinarit\u00e9 et \u00e0 la diversit\u00e9 p\u00e9dagogique...\" \/>\n<meta property=\"og:url\" content=\"https:\/\/blooming-heroes.com\/produit\/formations-conferences\/\" \/>\n<meta property=\"og:site_name\" content=\"Blooming Heroes\" \/>\n<meta property=\"article:modified_time\" content=\"2023-11-13T18:23:12+00:00\" \/>\n<meta property=\"og:image\" content=\"https:\/\/blooming-heroes.com\/wp-content\/uploads\/2023\/08\/formation-sur-mesure-min.jpeg\" \/>\n\t<meta property=\"og:image:width\" content=\"1024\" \/>\n\t<meta property=\"og:image:height\" content=\"683\" \/>\n\t<meta property=\"og:image:type\" content=\"image\/jpeg\" \/>\n<meta name=\"twitter:card\" content=\"summary_large_image\" \/>\n<meta name=\"twitter:label1\" content=\"Est. reading time\" \/>\n\t<meta name=\"twitter:data1\" content=\"1 minute\" \/>\n<script type=\"application\/ld+json\" class=\"yoast-schema-graph\">{\"@context\":\"https:\\\/\\\/schema.org\",\"@graph\":[{\"@type\":\"WebPage\",\"@id\":\"https:\\\/\\\/blooming-heroes.com\\\/produit\\\/formations-conferences\\\/\",\"url\":\"https:\\\/\\\/blooming-heroes.com\\\/produit\\\/formations-conferences\\\/\",\"name\":\"Formations & Conf\u00e9rences - Blooming Heroes\",\"isPartOf\":{\"@id\":\"https:\\\/\\\/blooming-heroes.com\\\/#website\"},\"primaryImageOfPage\":{\"@id\":\"https:\\\/\\\/blooming-heroes.com\\\/produit\\\/formations-conferences\\\/#primaryimage\"},\"image\":{\"@id\":\"https:\\\/\\\/blooming-heroes.com\\\/produit\\\/formations-conferences\\\/#primaryimage\"},\"thumbnailUrl\":\"https:\\\/\\\/blooming-heroes.com\\\/wp-content\\\/uploads\\\/2023\\\/08\\\/formation-sur-mesure-min.jpeg\",\"datePublished\":\"2023-05-09T12:30:22+00:00\",\"dateModified\":\"2023-11-13T18:23:12+00:00\",\"description\":\"Ce cabinet propose des conf\u00e9rences et formations sur mesure qui s\u2019appuient sur un mod\u00e8le ouvert \u00e0 la pluridisciplinarit\u00e9 et \u00e0 la diversit\u00e9 p\u00e9dagogique...\",\"breadcrumb\":{\"@id\":\"https:\\\/\\\/blooming-heroes.com\\\/produit\\\/formations-conferences\\\/#breadcrumb\"},\"inLanguage\":\"en-US\",\"potentialAction\":[{\"@type\":\"ReadAction\",\"target\":[\"https:\\\/\\\/blooming-heroes.com\\\/produit\\\/formations-conferences\\\/\"]}]},{\"@type\":\"ImageObject\",\"inLanguage\":\"en-US\",\"@id\":\"https:\\\/\\\/blooming-heroes.com\\\/produit\\\/formations-conferences\\\/#primaryimage\",\"url\":\"https:\\\/\\\/blooming-heroes.com\\\/wp-content\\\/uploads\\\/2023\\\/08\\\/formation-sur-mesure-min.jpeg\",\"contentUrl\":\"https:\\\/\\\/blooming-heroes.com\\\/wp-content\\\/uploads\\\/2023\\\/08\\\/formation-sur-mesure-min.jpeg\",\"width\":1024,\"height\":683},{\"@type\":\"BreadcrumbList\",\"@id\":\"https:\\\/\\\/blooming-heroes.com\\\/produit\\\/formations-conferences\\\/#breadcrumb\",\"itemListElement\":[{\"@type\":\"ListItem\",\"position\":1,\"name\":\"Accueil\",\"item\":\"https:\\\/\\\/blooming-heroes.com\\\/en\\\/\"},{\"@type\":\"ListItem\",\"position\":2,\"name\":\"Produits\",\"item\":\"https:\\\/\\\/blooming-heroes.com\\\/shop\\\/\"},{\"@type\":\"ListItem\",\"position\":3,\"name\":\"Formations &#038; Conf\u00e9rences\"}]},{\"@type\":\"WebSite\",\"@id\":\"https:\\\/\\\/blooming-heroes.com\\\/#website\",\"url\":\"https:\\\/\\\/blooming-heroes.com\\\/\",\"name\":\"Blooming Heroes\",\"description\":\"Les h\u00e9ros du bien-vivre au travail\",\"publisher\":{\"@id\":\"https:\\\/\\\/blooming-heroes.com\\\/#organization\"},\"potentialAction\":[{\"@type\":\"SearchAction\",\"target\":{\"@type\":\"EntryPoint\",\"urlTemplate\":\"https:\\\/\\\/blooming-heroes.com\\\/?s={search_term_string}\"},\"query-input\":{\"@type\":\"PropertyValueSpecification\",\"valueRequired\":true,\"valueName\":\"search_term_string\"}}],\"inLanguage\":\"en-US\"},{\"@type\":\"Organization\",\"@id\":\"https:\\\/\\\/blooming-heroes.com\\\/#organization\",\"name\":\"Blooming Heroes\",\"url\":\"https:\\\/\\\/blooming-heroes.com\\\/\",\"logo\":{\"@type\":\"ImageObject\",\"inLanguage\":\"en-US\",\"@id\":\"https:\\\/\\\/blooming-heroes.com\\\/#\\\/schema\\\/logo\\\/image\\\/\",\"url\":\"https:\\\/\\\/blooming-heroes.com\\\/wp-content\\\/uploads\\\/2022\\\/01\\\/cropped-Fichier-19.png\",\"contentUrl\":\"https:\\\/\\\/blooming-heroes.com\\\/wp-content\\\/uploads\\\/2022\\\/01\\\/cropped-Fichier-19.png\",\"width\":512,\"height\":512,\"caption\":\"Blooming Heroes\"},\"image\":{\"@id\":\"https:\\\/\\\/blooming-heroes.com\\\/#\\\/schema\\\/logo\\\/image\\\/\"}}]}<\/script>\n<!-- \/ Yoast SEO plugin. -->","yoast_head_json":{"title":"Formations & Conf\u00e9rences - Blooming Heroes","description":"Ce cabinet propose des conf\u00e9rences et formations sur mesure qui s\u2019appuient sur un mod\u00e8le ouvert \u00e0 la pluridisciplinarit\u00e9 et \u00e0 la diversit\u00e9 p\u00e9dagogique...","robots":{"index":"index","follow":"follow","max-snippet":"max-snippet:-1","max-image-preview":"max-image-preview:large","max-video-preview":"max-video-preview:-1"},"canonical":"https:\/\/blooming-heroes.com\/produit\/formations-conferences\/","og_locale":"en_US","og_type":"article","og_title":"Formations & Conf\u00e9rences - Blooming Heroes","og_description":"Ce cabinet propose des conf\u00e9rences et formations sur mesure qui s\u2019appuient sur un mod\u00e8le ouvert \u00e0 la pluridisciplinarit\u00e9 et \u00e0 la diversit\u00e9 p\u00e9dagogique...","og_url":"https:\/\/blooming-heroes.com\/produit\/formations-conferences\/","og_site_name":"Blooming Heroes","article_modified_time":"2023-11-13T18:23:12+00:00","og_image":[{"width":1024,"height":683,"url":"https:\/\/blooming-heroes.com\/wp-content\/uploads\/2023\/08\/formation-sur-mesure-min.jpeg","type":"image\/jpeg"}],"twitter_card":"summary_large_image","twitter_misc":{"Est. reading time":"1 minute"},"schema":{"@context":"https:\/\/schema.org","@graph":[{"@type":"WebPage","@id":"https:\/\/blooming-heroes.com\/produit\/formations-conferences\/","url":"https:\/\/blooming-heroes.com\/produit\/formations-conferences\/","name":"Formations & Conf\u00e9rences - Blooming Heroes","isPartOf":{"@id":"https:\/\/blooming-heroes.com\/#website"},"primaryImageOfPage":{"@id":"https:\/\/blooming-heroes.com\/produit\/formations-conferences\/#primaryimage"},"image":{"@id":"https:\/\/blooming-heroes.com\/produit\/formations-conferences\/#primaryimage"},"thumbnailUrl":"https:\/\/blooming-heroes.com\/wp-content\/uploads\/2023\/08\/formation-sur-mesure-min.jpeg","datePublished":"2023-05-09T12:30:22+00:00","dateModified":"2023-11-13T18:23:12+00:00","description":"Ce cabinet propose des conf\u00e9rences et formations sur mesure qui s\u2019appuient sur un mod\u00e8le ouvert \u00e0 la pluridisciplinarit\u00e9 et \u00e0 la diversit\u00e9 p\u00e9dagogique...","breadcrumb":{"@id":"https:\/\/blooming-heroes.com\/produit\/formations-conferences\/#breadcrumb"},"inLanguage":"en-US","potentialAction":[{"@type":"ReadAction","target":["https:\/\/blooming-heroes.com\/produit\/formations-conferences\/"]}]},{"@type":"ImageObject","inLanguage":"en-US","@id":"https:\/\/blooming-heroes.com\/produit\/formations-conferences\/#primaryimage","url":"https:\/\/blooming-heroes.com\/wp-content\/uploads\/2023\/08\/formation-sur-mesure-min.jpeg","contentUrl":"https:\/\/blooming-heroes.com\/wp-content\/uploads\/2023\/08\/formation-sur-mesure-min.jpeg","width":1024,"height":683},{"@type":"BreadcrumbList","@id":"https:\/\/blooming-heroes.com\/produit\/formations-conferences\/#breadcrumb","itemListElement":[{"@type":"ListItem","position":1,"name":"Accueil","item":"https:\/\/blooming-heroes.com\/en\/"},{"@type":"ListItem","position":2,"name":"Produits","item":"https:\/\/blooming-heroes.com\/shop\/"},{"@type":"ListItem","position":3,"name":"Formations &#038; Conf\u00e9rences"}]},{"@type":"WebSite","@id":"https:\/\/blooming-heroes.com\/#website","url":"https:\/\/blooming-heroes.com\/","name":"Blooming Heroes","description":"Les h\u00e9ros du bien-vivre au travail","publisher":{"@id":"https:\/\/blooming-heroes.com\/#organization"},"potentialAction":[{"@type":"SearchAction","target":{"@type":"EntryPoint","urlTemplate":"https:\/\/blooming-heroes.com\/?s={search_term_string}"},"query-input":{"@type":"PropertyValueSpecification","valueRequired":true,"valueName":"search_term_string"}}],"inLanguage":"en-US"},{"@type":"Organization","@id":"https:\/\/blooming-heroes.com\/#organization","name":"Blooming Heroes","url":"https:\/\/blooming-heroes.com\/","logo":{"@type":"ImageObject","inLanguage":"en-US","@id":"https:\/\/blooming-heroes.com\/#\/schema\/logo\/image\/","url":"https:\/\/blooming-heroes.com\/wp-content\/uploads\/2022\/01\/cropped-Fichier-19.png","contentUrl":"https:\/\/blooming-heroes.com\/wp-content\/uploads\/2022\/01\/cropped-Fichier-19.png","width":512,"height":512,"caption":"Blooming Heroes"},"image":{"@id":"https:\/\/blooming-heroes.com\/#\/schema\/logo\/image\/"}}]}},"_links":{"self":[{"href":"https:\/\/blooming-heroes.com\/en\/wp-json\/wp\/v2\/product\/4726","targetHints":{"allow":["GET"]}}],"collection":[{"href":"https:\/\/blooming-heroes.com\/en\/wp-json\/wp\/v2\/product"}],"about":[{"href":"https:\/\/blooming-heroes.com\/en\/wp-json\/wp\/v2\/types\/product"}],"replies":[{"embeddable":true,"href":"https:\/\/blooming-heroes.com\/en\/wp-json\/wp\/v2\/comments?post=4726"}],"wp:featuredmedia":[{"embeddable":true,"href":"https:\/\/blooming-heroes.com\/en\/wp-json\/wp\/v2\/media\/6803"}],"wp:attachment":[{"href":"https:\/\/blooming-heroes.com\/en\/wp-json\/wp\/v2\/media?parent=4726"}],"wp:term":[{"taxonomy":"product_brand","embeddable":true,"href":"https:\/\/blooming-heroes.com\/en\/wp-json\/wp\/v2\/product_brand?post=4726"},{"taxonomy":"product_cat","embeddable":true,"href":"https:\/\/blooming-heroes.com\/en\/wp-json\/wp\/v2\/product_cat?post=4726"},{"taxonomy":"product_tag","embeddable":true,"href":"https:\/\/blooming-heroes.com\/en\/wp-json\/wp\/v2\/product_tag?post=4726"}],"curies":[{"name":"wp","href":"https:\/\/api.w.org\/{rel}","templated":true}]}}