
{"id":4727,"date":"2023-05-09T14:32:06","date_gmt":"2023-05-09T12:32:06","guid":{"rendered":"https:\/\/blooming.dev04.fr\/?post_type=product&#038;p=4727"},"modified":"2023-11-13T19:22:33","modified_gmt":"2023-11-13T18:22:33","slug":"plateforme-digitale-sur-les-biais-et-stereotypes","status":"publish","type":"product","link":"https:\/\/blooming-heroes.com\/en\/produit\/plateforme-digitale-sur-les-biais-et-stereotypes\/","title":{"rendered":"Plateforme digitale sur les biais et st\u00e9r\u00e9otypes"},"content":{"rendered":"<p>V\u00e9ritable outil p\u00e9dagogique, cette plateforme permet de mesurer les risques d&#8217;exposition du cerveau aux biais et st\u00e9r\u00e9otypes mais aussi de sensibiliser et fournir des recommandations cl\u00e9s pour agir sur les facteurs de risque de biais cognitifs et situationnels. Sur des \u00e9chelles en 5 points, les participants sont invit\u00e9s \u00e0 \u00e9valuer leur degr\u00e9 d\u2019exposition \u00e0 diff\u00e9rents facteurs de risque selon leur intensit\u00e9 ou leur fr\u00e9quence.<\/p>\n","protected":false},"excerpt":{"rendered":"<p>V\u00e9ritable outil p\u00e9dagogique, cette plateforme permet de mesurer les risques d&#8217;exposition du cerveau aux biais et st\u00e9r\u00e9otypes mais aussi de sensibiliser et fournir des recommandations cl\u00e9s pour agir sur les facteurs de risque de biais cognitifs et situationnels. Sur des \u00e9chelles en 5 points, les participants sont invit\u00e9s \u00e0 \u00e9valuer leur degr\u00e9 d\u2019exposition \u00e0 diff\u00e9rents [&hellip;]<\/p>\n","protected":false},"featured_media":6859,"comment_status":"open","ping_status":"closed","template":"","meta":{"inline_featured_image":false,"_glsr_average":0,"_glsr_ranking":0,"_glsr_reviews":0},"product_brand":[],"product_cat":[145,95],"product_tag":[57],"class_list":{"0":"post-4727","1":"product","2":"type-product","3":"status-publish","4":"has-post-thumbnail","6":"product_cat-diversite-equite-inclusion","7":"product_cat-egalite-femmes-hommes","8":"product_tag-plateformes-digitales-applications-mobile","10":"first","11":"instock","12":"shipping-taxable","13":"product-type-simple"},"yoast_head":"<!-- This site is optimized with the Yoast SEO plugin v27.4 - https:\/\/yoast.com\/product\/yoast-seo-wordpress\/ -->\n<title>Plateforme digitale sur les biais et st\u00e9r\u00e9otypes - Blooming Heroes<\/title>\n<meta name=\"description\" content=\"V\u00e9ritable outil p\u00e9dagogique, cette plateforme permet de mesurer les risques d&#039;exposition du cerveau aux biais et st\u00e9r\u00e9otypes mais aussi de sensibiliser...\" \/>\n<meta name=\"robots\" content=\"index, follow, max-snippet:-1, max-image-preview:large, max-video-preview:-1\" \/>\n<link rel=\"canonical\" href=\"https:\/\/blooming-heroes.com\/produit\/plateforme-digitale-sur-les-biais-et-stereotypes\/\" \/>\n<meta property=\"og:locale\" content=\"en_US\" \/>\n<meta property=\"og:type\" content=\"article\" \/>\n<meta property=\"og:title\" content=\"Plateforme digitale sur les biais et st\u00e9r\u00e9otypes - Blooming Heroes\" \/>\n<meta property=\"og:description\" content=\"V\u00e9ritable outil p\u00e9dagogique, cette plateforme permet de mesurer les risques d&#039;exposition du cerveau aux biais et st\u00e9r\u00e9otypes mais aussi de sensibiliser...\" \/>\n<meta property=\"og:url\" content=\"https:\/\/blooming-heroes.com\/produit\/plateforme-digitale-sur-les-biais-et-stereotypes\/\" \/>\n<meta property=\"og:site_name\" content=\"Blooming Heroes\" \/>\n<meta property=\"article:modified_time\" content=\"2023-11-13T18:22:33+00:00\" \/>\n<meta property=\"og:image\" content=\"https:\/\/blooming-heroes.com\/wp-content\/uploads\/2023\/05\/identifier-biais-stereotypes-min.jpeg\" \/>\n\t<meta property=\"og:image:width\" content=\"1024\" \/>\n\t<meta property=\"og:image:height\" content=\"683\" \/>\n\t<meta property=\"og:image:type\" content=\"image\/jpeg\" \/>\n<meta name=\"twitter:card\" content=\"summary_large_image\" \/>\n<meta name=\"twitter:label1\" content=\"Est. reading time\" \/>\n\t<meta name=\"twitter:data1\" content=\"1 minute\" \/>\n<script type=\"application\/ld+json\" class=\"yoast-schema-graph\">{\"@context\":\"https:\\\/\\\/schema.org\",\"@graph\":[{\"@type\":\"WebPage\",\"@id\":\"https:\\\/\\\/blooming-heroes.com\\\/produit\\\/plateforme-digitale-sur-les-biais-et-stereotypes\\\/\",\"url\":\"https:\\\/\\\/blooming-heroes.com\\\/produit\\\/plateforme-digitale-sur-les-biais-et-stereotypes\\\/\",\"name\":\"Plateforme digitale sur les biais et st\u00e9r\u00e9otypes - Blooming Heroes\",\"isPartOf\":{\"@id\":\"https:\\\/\\\/blooming-heroes.com\\\/#website\"},\"primaryImageOfPage\":{\"@id\":\"https:\\\/\\\/blooming-heroes.com\\\/produit\\\/plateforme-digitale-sur-les-biais-et-stereotypes\\\/#primaryimage\"},\"image\":{\"@id\":\"https:\\\/\\\/blooming-heroes.com\\\/produit\\\/plateforme-digitale-sur-les-biais-et-stereotypes\\\/#primaryimage\"},\"thumbnailUrl\":\"https:\\\/\\\/blooming-heroes.com\\\/wp-content\\\/uploads\\\/2023\\\/05\\\/identifier-biais-stereotypes-min.jpeg\",\"datePublished\":\"2023-05-09T12:32:06+00:00\",\"dateModified\":\"2023-11-13T18:22:33+00:00\",\"description\":\"V\u00e9ritable outil p\u00e9dagogique, cette plateforme permet de mesurer les risques d'exposition du cerveau aux biais et st\u00e9r\u00e9otypes mais aussi de sensibiliser...\",\"breadcrumb\":{\"@id\":\"https:\\\/\\\/blooming-heroes.com\\\/produit\\\/plateforme-digitale-sur-les-biais-et-stereotypes\\\/#breadcrumb\"},\"inLanguage\":\"en-US\",\"potentialAction\":[{\"@type\":\"ReadAction\",\"target\":[\"https:\\\/\\\/blooming-heroes.com\\\/produit\\\/plateforme-digitale-sur-les-biais-et-stereotypes\\\/\"]}]},{\"@type\":\"ImageObject\",\"inLanguage\":\"en-US\",\"@id\":\"https:\\\/\\\/blooming-heroes.com\\\/produit\\\/plateforme-digitale-sur-les-biais-et-stereotypes\\\/#primaryimage\",\"url\":\"https:\\\/\\\/blooming-heroes.com\\\/wp-content\\\/uploads\\\/2023\\\/05\\\/identifier-biais-stereotypes-min.jpeg\",\"contentUrl\":\"https:\\\/\\\/blooming-heroes.com\\\/wp-content\\\/uploads\\\/2023\\\/05\\\/identifier-biais-stereotypes-min.jpeg\",\"width\":1024,\"height\":683},{\"@type\":\"BreadcrumbList\",\"@id\":\"https:\\\/\\\/blooming-heroes.com\\\/produit\\\/plateforme-digitale-sur-les-biais-et-stereotypes\\\/#breadcrumb\",\"itemListElement\":[{\"@type\":\"ListItem\",\"position\":1,\"name\":\"Accueil\",\"item\":\"https:\\\/\\\/blooming-heroes.com\\\/en\\\/\"},{\"@type\":\"ListItem\",\"position\":2,\"name\":\"Produits\",\"item\":\"https:\\\/\\\/blooming-heroes.com\\\/shop\\\/\"},{\"@type\":\"ListItem\",\"position\":3,\"name\":\"Plateforme digitale sur les biais et st\u00e9r\u00e9otypes\"}]},{\"@type\":\"WebSite\",\"@id\":\"https:\\\/\\\/blooming-heroes.com\\\/#website\",\"url\":\"https:\\\/\\\/blooming-heroes.com\\\/\",\"name\":\"Blooming Heroes\",\"description\":\"Les h\u00e9ros du bien-vivre au travail\",\"publisher\":{\"@id\":\"https:\\\/\\\/blooming-heroes.com\\\/#organization\"},\"potentialAction\":[{\"@type\":\"SearchAction\",\"target\":{\"@type\":\"EntryPoint\",\"urlTemplate\":\"https:\\\/\\\/blooming-heroes.com\\\/?s={search_term_string}\"},\"query-input\":{\"@type\":\"PropertyValueSpecification\",\"valueRequired\":true,\"valueName\":\"search_term_string\"}}],\"inLanguage\":\"en-US\"},{\"@type\":\"Organization\",\"@id\":\"https:\\\/\\\/blooming-heroes.com\\\/#organization\",\"name\":\"Blooming Heroes\",\"url\":\"https:\\\/\\\/blooming-heroes.com\\\/\",\"logo\":{\"@type\":\"ImageObject\",\"inLanguage\":\"en-US\",\"@id\":\"https:\\\/\\\/blooming-heroes.com\\\/#\\\/schema\\\/logo\\\/image\\\/\",\"url\":\"https:\\\/\\\/blooming-heroes.com\\\/wp-content\\\/uploads\\\/2022\\\/01\\\/cropped-Fichier-19.png\",\"contentUrl\":\"https:\\\/\\\/blooming-heroes.com\\\/wp-content\\\/uploads\\\/2022\\\/01\\\/cropped-Fichier-19.png\",\"width\":512,\"height\":512,\"caption\":\"Blooming Heroes\"},\"image\":{\"@id\":\"https:\\\/\\\/blooming-heroes.com\\\/#\\\/schema\\\/logo\\\/image\\\/\"}}]}<\/script>\n<!-- \/ Yoast SEO plugin. -->","yoast_head_json":{"title":"Plateforme digitale sur les biais et st\u00e9r\u00e9otypes - Blooming Heroes","description":"V\u00e9ritable outil p\u00e9dagogique, cette plateforme permet de mesurer les risques d'exposition du cerveau aux biais et st\u00e9r\u00e9otypes mais aussi de sensibiliser...","robots":{"index":"index","follow":"follow","max-snippet":"max-snippet:-1","max-image-preview":"max-image-preview:large","max-video-preview":"max-video-preview:-1"},"canonical":"https:\/\/blooming-heroes.com\/produit\/plateforme-digitale-sur-les-biais-et-stereotypes\/","og_locale":"en_US","og_type":"article","og_title":"Plateforme digitale sur les biais et st\u00e9r\u00e9otypes - Blooming Heroes","og_description":"V\u00e9ritable outil p\u00e9dagogique, cette plateforme permet de mesurer les risques d'exposition du cerveau aux biais et st\u00e9r\u00e9otypes mais aussi de sensibiliser...","og_url":"https:\/\/blooming-heroes.com\/produit\/plateforme-digitale-sur-les-biais-et-stereotypes\/","og_site_name":"Blooming Heroes","article_modified_time":"2023-11-13T18:22:33+00:00","og_image":[{"width":1024,"height":683,"url":"https:\/\/blooming-heroes.com\/wp-content\/uploads\/2023\/05\/identifier-biais-stereotypes-min.jpeg","type":"image\/jpeg"}],"twitter_card":"summary_large_image","twitter_misc":{"Est. reading time":"1 minute"},"schema":{"@context":"https:\/\/schema.org","@graph":[{"@type":"WebPage","@id":"https:\/\/blooming-heroes.com\/produit\/plateforme-digitale-sur-les-biais-et-stereotypes\/","url":"https:\/\/blooming-heroes.com\/produit\/plateforme-digitale-sur-les-biais-et-stereotypes\/","name":"Plateforme digitale sur les biais et st\u00e9r\u00e9otypes - Blooming Heroes","isPartOf":{"@id":"https:\/\/blooming-heroes.com\/#website"},"primaryImageOfPage":{"@id":"https:\/\/blooming-heroes.com\/produit\/plateforme-digitale-sur-les-biais-et-stereotypes\/#primaryimage"},"image":{"@id":"https:\/\/blooming-heroes.com\/produit\/plateforme-digitale-sur-les-biais-et-stereotypes\/#primaryimage"},"thumbnailUrl":"https:\/\/blooming-heroes.com\/wp-content\/uploads\/2023\/05\/identifier-biais-stereotypes-min.jpeg","datePublished":"2023-05-09T12:32:06+00:00","dateModified":"2023-11-13T18:22:33+00:00","description":"V\u00e9ritable outil p\u00e9dagogique, cette plateforme permet de mesurer les risques d'exposition du cerveau aux biais et st\u00e9r\u00e9otypes mais aussi de sensibiliser...","breadcrumb":{"@id":"https:\/\/blooming-heroes.com\/produit\/plateforme-digitale-sur-les-biais-et-stereotypes\/#breadcrumb"},"inLanguage":"en-US","potentialAction":[{"@type":"ReadAction","target":["https:\/\/blooming-heroes.com\/produit\/plateforme-digitale-sur-les-biais-et-stereotypes\/"]}]},{"@type":"ImageObject","inLanguage":"en-US","@id":"https:\/\/blooming-heroes.com\/produit\/plateforme-digitale-sur-les-biais-et-stereotypes\/#primaryimage","url":"https:\/\/blooming-heroes.com\/wp-content\/uploads\/2023\/05\/identifier-biais-stereotypes-min.jpeg","contentUrl":"https:\/\/blooming-heroes.com\/wp-content\/uploads\/2023\/05\/identifier-biais-stereotypes-min.jpeg","width":1024,"height":683},{"@type":"BreadcrumbList","@id":"https:\/\/blooming-heroes.com\/produit\/plateforme-digitale-sur-les-biais-et-stereotypes\/#breadcrumb","itemListElement":[{"@type":"ListItem","position":1,"name":"Accueil","item":"https:\/\/blooming-heroes.com\/en\/"},{"@type":"ListItem","position":2,"name":"Produits","item":"https:\/\/blooming-heroes.com\/shop\/"},{"@type":"ListItem","position":3,"name":"Plateforme digitale sur les biais et st\u00e9r\u00e9otypes"}]},{"@type":"WebSite","@id":"https:\/\/blooming-heroes.com\/#website","url":"https:\/\/blooming-heroes.com\/","name":"Blooming Heroes","description":"Les h\u00e9ros du bien-vivre au travail","publisher":{"@id":"https:\/\/blooming-heroes.com\/#organization"},"potentialAction":[{"@type":"SearchAction","target":{"@type":"EntryPoint","urlTemplate":"https:\/\/blooming-heroes.com\/?s={search_term_string}"},"query-input":{"@type":"PropertyValueSpecification","valueRequired":true,"valueName":"search_term_string"}}],"inLanguage":"en-US"},{"@type":"Organization","@id":"https:\/\/blooming-heroes.com\/#organization","name":"Blooming Heroes","url":"https:\/\/blooming-heroes.com\/","logo":{"@type":"ImageObject","inLanguage":"en-US","@id":"https:\/\/blooming-heroes.com\/#\/schema\/logo\/image\/","url":"https:\/\/blooming-heroes.com\/wp-content\/uploads\/2022\/01\/cropped-Fichier-19.png","contentUrl":"https:\/\/blooming-heroes.com\/wp-content\/uploads\/2022\/01\/cropped-Fichier-19.png","width":512,"height":512,"caption":"Blooming Heroes"},"image":{"@id":"https:\/\/blooming-heroes.com\/#\/schema\/logo\/image\/"}}]}},"_links":{"self":[{"href":"https:\/\/blooming-heroes.com\/en\/wp-json\/wp\/v2\/product\/4727","targetHints":{"allow":["GET"]}}],"collection":[{"href":"https:\/\/blooming-heroes.com\/en\/wp-json\/wp\/v2\/product"}],"about":[{"href":"https:\/\/blooming-heroes.com\/en\/wp-json\/wp\/v2\/types\/product"}],"replies":[{"embeddable":true,"href":"https:\/\/blooming-heroes.com\/en\/wp-json\/wp\/v2\/comments?post=4727"}],"wp:featuredmedia":[{"embeddable":true,"href":"https:\/\/blooming-heroes.com\/en\/wp-json\/wp\/v2\/media\/6859"}],"wp:attachment":[{"href":"https:\/\/blooming-heroes.com\/en\/wp-json\/wp\/v2\/media?parent=4727"}],"wp:term":[{"taxonomy":"product_brand","embeddable":true,"href":"https:\/\/blooming-heroes.com\/en\/wp-json\/wp\/v2\/product_brand?post=4727"},{"taxonomy":"product_cat","embeddable":true,"href":"https:\/\/blooming-heroes.com\/en\/wp-json\/wp\/v2\/product_cat?post=4727"},{"taxonomy":"product_tag","embeddable":true,"href":"https:\/\/blooming-heroes.com\/en\/wp-json\/wp\/v2\/product_tag?post=4727"}],"curies":[{"name":"wp","href":"https:\/\/api.w.org\/{rel}","templated":true}]}}