
{"id":4729,"date":"2023-05-09T14:39:38","date_gmt":"2023-05-09T12:39:38","guid":{"rendered":"https:\/\/blooming.dev04.fr\/?post_type=product&#038;p=4729"},"modified":"2023-11-13T19:25:29","modified_gmt":"2023-11-13T18:25:29","slug":"diagnostics-partages-transformation","status":"publish","type":"product","link":"https:\/\/blooming-heroes.com\/en\/produit\/diagnostics-partages-transformation\/","title":{"rendered":"Diagnostics partag\u00e9s &#038; Transformation"},"content":{"rendered":"<p>Engager le corps social dans une transformation c\u2019est aussi l\u2019en rendre acteur. Construit sur les bases m\u00e9thodologiques de la m\u00e9diation, sur l&#8217;exp\u00e9rience des dynamiques collectives du cabinet et sur sa compr\u00e9hension du monde de l\u2019entreprise, les diagnostics partag\u00e9s qu&#8217;il propose permettent de cr\u00e9er les conditions n\u00e9cessaires au changement en lib\u00e9rant l\u2019expression de tous et pour tous.<\/p>\n","protected":false},"excerpt":{"rendered":"<p>Engager le corps social dans une transformation c\u2019est aussi l\u2019en rendre acteur. Construit sur les bases m\u00e9thodologiques de la m\u00e9diation, sur l&#8217;exp\u00e9rience des dynamiques collectives du cabinet et sur sa compr\u00e9hension du monde de l\u2019entreprise, les diagnostics partag\u00e9s qu&#8217;il propose permettent de cr\u00e9er les conditions n\u00e9cessaires au changement en lib\u00e9rant l\u2019expression de tous et pour [&hellip;]<\/p>\n","protected":false},"featured_media":5473,"comment_status":"open","ping_status":"closed","template":"","meta":{"inline_featured_image":false,"_glsr_average":0,"_glsr_ranking":0,"_glsr_reviews":0},"product_brand":[],"product_cat":[82,97],"product_tag":[128],"class_list":{"0":"post-4729","1":"product","2":"type-product","3":"status-publish","4":"has-post-thumbnail","6":"product_cat-accompagnement-au-changement-et-transformation","7":"product_cat-innovation-sociale","8":"product_tag-audit","10":"first","11":"instock","12":"shipping-taxable","13":"product-type-simple"},"yoast_head":"<!-- This site is optimized with the Yoast SEO plugin v27.4 - https:\/\/yoast.com\/product\/yoast-seo-wordpress\/ -->\n<title>Diagnostics partag\u00e9s &amp; Transformation - Blooming Heroes<\/title>\n<meta name=\"description\" content=\"Engager le corps social dans une transformation c\u2019est aussi l\u2019en rendre acteur. Construit sur les bases m\u00e9thodologiques de la m\u00e9diation, sur l&#039;exp\u00e9rience...\" \/>\n<meta name=\"robots\" content=\"index, follow, max-snippet:-1, max-image-preview:large, max-video-preview:-1\" \/>\n<link rel=\"canonical\" href=\"https:\/\/blooming-heroes.com\/produit\/diagnostics-partages-transformation\/\" \/>\n<meta property=\"og:locale\" content=\"en_US\" \/>\n<meta property=\"og:type\" content=\"article\" \/>\n<meta property=\"og:title\" content=\"Diagnostics partag\u00e9s &amp; Transformation - Blooming Heroes\" \/>\n<meta property=\"og:description\" content=\"Engager le corps social dans une transformation c\u2019est aussi l\u2019en rendre acteur. Construit sur les bases m\u00e9thodologiques de la m\u00e9diation, sur l&#039;exp\u00e9rience...\" \/>\n<meta property=\"og:url\" content=\"https:\/\/blooming-heroes.com\/produit\/diagnostics-partages-transformation\/\" \/>\n<meta property=\"og:site_name\" content=\"Blooming Heroes\" \/>\n<meta property=\"article:modified_time\" content=\"2023-11-13T18:25:29+00:00\" \/>\n<meta property=\"og:image\" content=\"https:\/\/blooming-heroes.com\/wp-content\/uploads\/2023\/05\/accompagnement-au-changement.jpeg\" \/>\n\t<meta property=\"og:image:width\" content=\"320\" \/>\n\t<meta property=\"og:image:height\" content=\"221\" \/>\n\t<meta property=\"og:image:type\" content=\"image\/jpeg\" \/>\n<meta name=\"twitter:card\" content=\"summary_large_image\" \/>\n<meta name=\"twitter:label1\" content=\"Est. reading time\" \/>\n\t<meta name=\"twitter:data1\" content=\"1 minute\" \/>\n<script type=\"application\/ld+json\" class=\"yoast-schema-graph\">{\"@context\":\"https:\\\/\\\/schema.org\",\"@graph\":[{\"@type\":\"WebPage\",\"@id\":\"https:\\\/\\\/blooming-heroes.com\\\/produit\\\/diagnostics-partages-transformation\\\/\",\"url\":\"https:\\\/\\\/blooming-heroes.com\\\/produit\\\/diagnostics-partages-transformation\\\/\",\"name\":\"Diagnostics partag\u00e9s & Transformation - Blooming Heroes\",\"isPartOf\":{\"@id\":\"https:\\\/\\\/blooming-heroes.com\\\/#website\"},\"primaryImageOfPage\":{\"@id\":\"https:\\\/\\\/blooming-heroes.com\\\/produit\\\/diagnostics-partages-transformation\\\/#primaryimage\"},\"image\":{\"@id\":\"https:\\\/\\\/blooming-heroes.com\\\/produit\\\/diagnostics-partages-transformation\\\/#primaryimage\"},\"thumbnailUrl\":\"https:\\\/\\\/blooming-heroes.com\\\/wp-content\\\/uploads\\\/2023\\\/05\\\/accompagnement-au-changement.jpeg\",\"datePublished\":\"2023-05-09T12:39:38+00:00\",\"dateModified\":\"2023-11-13T18:25:29+00:00\",\"description\":\"Engager le corps social dans une transformation c\u2019est aussi l\u2019en rendre acteur. Construit sur les bases m\u00e9thodologiques de la m\u00e9diation, sur l'exp\u00e9rience...\",\"breadcrumb\":{\"@id\":\"https:\\\/\\\/blooming-heroes.com\\\/produit\\\/diagnostics-partages-transformation\\\/#breadcrumb\"},\"inLanguage\":\"en-US\",\"potentialAction\":[{\"@type\":\"ReadAction\",\"target\":[\"https:\\\/\\\/blooming-heroes.com\\\/produit\\\/diagnostics-partages-transformation\\\/\"]}]},{\"@type\":\"ImageObject\",\"inLanguage\":\"en-US\",\"@id\":\"https:\\\/\\\/blooming-heroes.com\\\/produit\\\/diagnostics-partages-transformation\\\/#primaryimage\",\"url\":\"https:\\\/\\\/blooming-heroes.com\\\/wp-content\\\/uploads\\\/2023\\\/05\\\/accompagnement-au-changement.jpeg\",\"contentUrl\":\"https:\\\/\\\/blooming-heroes.com\\\/wp-content\\\/uploads\\\/2023\\\/05\\\/accompagnement-au-changement.jpeg\",\"width\":320,\"height\":221,\"caption\":\"Hand flip wooden cube with word \\\"change\\\" to \\\"chance\\\", Personal development and career growth or change yourself concept\"},{\"@type\":\"BreadcrumbList\",\"@id\":\"https:\\\/\\\/blooming-heroes.com\\\/produit\\\/diagnostics-partages-transformation\\\/#breadcrumb\",\"itemListElement\":[{\"@type\":\"ListItem\",\"position\":1,\"name\":\"Accueil\",\"item\":\"https:\\\/\\\/blooming-heroes.com\\\/en\\\/\"},{\"@type\":\"ListItem\",\"position\":2,\"name\":\"Produits\",\"item\":\"https:\\\/\\\/blooming-heroes.com\\\/shop\\\/\"},{\"@type\":\"ListItem\",\"position\":3,\"name\":\"Diagnostics partag\u00e9s &#038; Transformation\"}]},{\"@type\":\"WebSite\",\"@id\":\"https:\\\/\\\/blooming-heroes.com\\\/#website\",\"url\":\"https:\\\/\\\/blooming-heroes.com\\\/\",\"name\":\"Blooming Heroes\",\"description\":\"Les h\u00e9ros du bien-vivre au travail\",\"publisher\":{\"@id\":\"https:\\\/\\\/blooming-heroes.com\\\/#organization\"},\"potentialAction\":[{\"@type\":\"SearchAction\",\"target\":{\"@type\":\"EntryPoint\",\"urlTemplate\":\"https:\\\/\\\/blooming-heroes.com\\\/?s={search_term_string}\"},\"query-input\":{\"@type\":\"PropertyValueSpecification\",\"valueRequired\":true,\"valueName\":\"search_term_string\"}}],\"inLanguage\":\"en-US\"},{\"@type\":\"Organization\",\"@id\":\"https:\\\/\\\/blooming-heroes.com\\\/#organization\",\"name\":\"Blooming Heroes\",\"url\":\"https:\\\/\\\/blooming-heroes.com\\\/\",\"logo\":{\"@type\":\"ImageObject\",\"inLanguage\":\"en-US\",\"@id\":\"https:\\\/\\\/blooming-heroes.com\\\/#\\\/schema\\\/logo\\\/image\\\/\",\"url\":\"https:\\\/\\\/blooming-heroes.com\\\/wp-content\\\/uploads\\\/2022\\\/01\\\/cropped-Fichier-19.png\",\"contentUrl\":\"https:\\\/\\\/blooming-heroes.com\\\/wp-content\\\/uploads\\\/2022\\\/01\\\/cropped-Fichier-19.png\",\"width\":512,\"height\":512,\"caption\":\"Blooming Heroes\"},\"image\":{\"@id\":\"https:\\\/\\\/blooming-heroes.com\\\/#\\\/schema\\\/logo\\\/image\\\/\"}}]}<\/script>\n<!-- \/ Yoast SEO plugin. -->","yoast_head_json":{"title":"Diagnostics partag\u00e9s & Transformation - Blooming Heroes","description":"Engager le corps social dans une transformation c\u2019est aussi l\u2019en rendre acteur. Construit sur les bases m\u00e9thodologiques de la m\u00e9diation, sur l'exp\u00e9rience...","robots":{"index":"index","follow":"follow","max-snippet":"max-snippet:-1","max-image-preview":"max-image-preview:large","max-video-preview":"max-video-preview:-1"},"canonical":"https:\/\/blooming-heroes.com\/produit\/diagnostics-partages-transformation\/","og_locale":"en_US","og_type":"article","og_title":"Diagnostics partag\u00e9s & Transformation - Blooming Heroes","og_description":"Engager le corps social dans une transformation c\u2019est aussi l\u2019en rendre acteur. Construit sur les bases m\u00e9thodologiques de la m\u00e9diation, sur l'exp\u00e9rience...","og_url":"https:\/\/blooming-heroes.com\/produit\/diagnostics-partages-transformation\/","og_site_name":"Blooming Heroes","article_modified_time":"2023-11-13T18:25:29+00:00","og_image":[{"width":320,"height":221,"url":"https:\/\/blooming-heroes.com\/wp-content\/uploads\/2023\/05\/accompagnement-au-changement.jpeg","type":"image\/jpeg"}],"twitter_card":"summary_large_image","twitter_misc":{"Est. reading time":"1 minute"},"schema":{"@context":"https:\/\/schema.org","@graph":[{"@type":"WebPage","@id":"https:\/\/blooming-heroes.com\/produit\/diagnostics-partages-transformation\/","url":"https:\/\/blooming-heroes.com\/produit\/diagnostics-partages-transformation\/","name":"Diagnostics partag\u00e9s & Transformation - Blooming Heroes","isPartOf":{"@id":"https:\/\/blooming-heroes.com\/#website"},"primaryImageOfPage":{"@id":"https:\/\/blooming-heroes.com\/produit\/diagnostics-partages-transformation\/#primaryimage"},"image":{"@id":"https:\/\/blooming-heroes.com\/produit\/diagnostics-partages-transformation\/#primaryimage"},"thumbnailUrl":"https:\/\/blooming-heroes.com\/wp-content\/uploads\/2023\/05\/accompagnement-au-changement.jpeg","datePublished":"2023-05-09T12:39:38+00:00","dateModified":"2023-11-13T18:25:29+00:00","description":"Engager le corps social dans une transformation c\u2019est aussi l\u2019en rendre acteur. Construit sur les bases m\u00e9thodologiques de la m\u00e9diation, sur l'exp\u00e9rience...","breadcrumb":{"@id":"https:\/\/blooming-heroes.com\/produit\/diagnostics-partages-transformation\/#breadcrumb"},"inLanguage":"en-US","potentialAction":[{"@type":"ReadAction","target":["https:\/\/blooming-heroes.com\/produit\/diagnostics-partages-transformation\/"]}]},{"@type":"ImageObject","inLanguage":"en-US","@id":"https:\/\/blooming-heroes.com\/produit\/diagnostics-partages-transformation\/#primaryimage","url":"https:\/\/blooming-heroes.com\/wp-content\/uploads\/2023\/05\/accompagnement-au-changement.jpeg","contentUrl":"https:\/\/blooming-heroes.com\/wp-content\/uploads\/2023\/05\/accompagnement-au-changement.jpeg","width":320,"height":221,"caption":"Hand flip wooden cube with word \"change\" to \"chance\", Personal development and career growth or change yourself concept"},{"@type":"BreadcrumbList","@id":"https:\/\/blooming-heroes.com\/produit\/diagnostics-partages-transformation\/#breadcrumb","itemListElement":[{"@type":"ListItem","position":1,"name":"Accueil","item":"https:\/\/blooming-heroes.com\/en\/"},{"@type":"ListItem","position":2,"name":"Produits","item":"https:\/\/blooming-heroes.com\/shop\/"},{"@type":"ListItem","position":3,"name":"Diagnostics partag\u00e9s &#038; Transformation"}]},{"@type":"WebSite","@id":"https:\/\/blooming-heroes.com\/#website","url":"https:\/\/blooming-heroes.com\/","name":"Blooming Heroes","description":"Les h\u00e9ros du bien-vivre au travail","publisher":{"@id":"https:\/\/blooming-heroes.com\/#organization"},"potentialAction":[{"@type":"SearchAction","target":{"@type":"EntryPoint","urlTemplate":"https:\/\/blooming-heroes.com\/?s={search_term_string}"},"query-input":{"@type":"PropertyValueSpecification","valueRequired":true,"valueName":"search_term_string"}}],"inLanguage":"en-US"},{"@type":"Organization","@id":"https:\/\/blooming-heroes.com\/#organization","name":"Blooming Heroes","url":"https:\/\/blooming-heroes.com\/","logo":{"@type":"ImageObject","inLanguage":"en-US","@id":"https:\/\/blooming-heroes.com\/#\/schema\/logo\/image\/","url":"https:\/\/blooming-heroes.com\/wp-content\/uploads\/2022\/01\/cropped-Fichier-19.png","contentUrl":"https:\/\/blooming-heroes.com\/wp-content\/uploads\/2022\/01\/cropped-Fichier-19.png","width":512,"height":512,"caption":"Blooming Heroes"},"image":{"@id":"https:\/\/blooming-heroes.com\/#\/schema\/logo\/image\/"}}]}},"_links":{"self":[{"href":"https:\/\/blooming-heroes.com\/en\/wp-json\/wp\/v2\/product\/4729","targetHints":{"allow":["GET"]}}],"collection":[{"href":"https:\/\/blooming-heroes.com\/en\/wp-json\/wp\/v2\/product"}],"about":[{"href":"https:\/\/blooming-heroes.com\/en\/wp-json\/wp\/v2\/types\/product"}],"replies":[{"embeddable":true,"href":"https:\/\/blooming-heroes.com\/en\/wp-json\/wp\/v2\/comments?post=4729"}],"wp:featuredmedia":[{"embeddable":true,"href":"https:\/\/blooming-heroes.com\/en\/wp-json\/wp\/v2\/media\/5473"}],"wp:attachment":[{"href":"https:\/\/blooming-heroes.com\/en\/wp-json\/wp\/v2\/media?parent=4729"}],"wp:term":[{"taxonomy":"product_brand","embeddable":true,"href":"https:\/\/blooming-heroes.com\/en\/wp-json\/wp\/v2\/product_brand?post=4729"},{"taxonomy":"product_cat","embeddable":true,"href":"https:\/\/blooming-heroes.com\/en\/wp-json\/wp\/v2\/product_cat?post=4729"},{"taxonomy":"product_tag","embeddable":true,"href":"https:\/\/blooming-heroes.com\/en\/wp-json\/wp\/v2\/product_tag?post=4729"}],"curies":[{"name":"wp","href":"https:\/\/api.w.org\/{rel}","templated":true}]}}