
{"id":4730,"date":"2023-05-09T15:31:02","date_gmt":"2023-05-09T13:31:02","guid":{"rendered":"https:\/\/blooming.dev04.fr\/?post_type=product&#038;p=4730"},"modified":"2023-10-10T16:33:42","modified_gmt":"2023-10-10T14:33:42","slug":"coaching-collectif","status":"publish","type":"product","link":"https:\/\/blooming-heroes.com\/en\/produit\/coaching-collectif\/","title":{"rendered":"Coaching collectif"},"content":{"rendered":"<p>Lors de la constitution d\u2019une \u00e9quipe, \u00e0 l\u2019occasion d\u2019un moment \u00e0 forts enjeux ou en pr\u00e9paration de l\u2019aboutissement d\u2019un travail collectif important, le coaching collectif est particuli\u00e8rement b\u00e9n\u00e9fique. Il permet \u00e0 une \u00e9quipe CoDir, ComEx ou projet de se centrer sur sa raison d\u2019\u00eatre et sa contribution \u00e0 un moment cl\u00e9 de son existence. Il a aussi pour objectif d\u2019optimiser le fonctionnement collectif afin de donner du sens \u00e0 l\u2019activit\u00e9 et au groupe de travail en vue d\u2019une meilleure performance.<\/p>\n","protected":false},"excerpt":{"rendered":"<p>Lors de la constitution d\u2019une \u00e9quipe, \u00e0 l\u2019occasion d\u2019un moment \u00e0 forts enjeux ou en pr\u00e9paration de l\u2019aboutissement d\u2019un travail collectif important, le coaching collectif est particuli\u00e8rement b\u00e9n\u00e9fique. Il permet \u00e0 une \u00e9quipe CoDir, ComEx ou projet de se centrer sur sa raison d\u2019\u00eatre et sa contribution \u00e0 un moment cl\u00e9 de son existence. Il [&hellip;]<\/p>\n","protected":false},"featured_media":5475,"comment_status":"open","ping_status":"closed","template":"","meta":{"inline_featured_image":false,"_glsr_average":0,"_glsr_ranking":0,"_glsr_reviews":0},"product_brand":[],"product_cat":[90,84,103,108],"product_tag":[60,113],"class_list":{"0":"post-4730","1":"product","2":"type-product","3":"status-publish","4":"has-post-thumbnail","6":"product_cat-competences-developpement-personnel","7":"product_cat-dialogue-social","8":"product_cat-management-des-organisations","9":"product_cat-pratiques-manageriales","10":"product_tag-coaching","11":"product_tag-formation-ateliers-conferences","13":"first","14":"instock","15":"shipping-taxable","16":"product-type-simple"},"yoast_head":"<!-- This site is optimized with the Yoast SEO plugin v27.4 - https:\/\/yoast.com\/product\/yoast-seo-wordpress\/ -->\n<title>Coaching collectif - Blooming Heroes<\/title>\n<meta name=\"description\" content=\"Lors de la constitution d\u2019une \u00e9quipe, \u00e0 l\u2019occasion d\u2019un moment \u00e0 forts enjeux ou en pr\u00e9paration de l\u2019aboutissement d\u2019un travail collectif important...\" \/>\n<meta name=\"robots\" content=\"index, follow, max-snippet:-1, max-image-preview:large, max-video-preview:-1\" \/>\n<link rel=\"canonical\" href=\"https:\/\/blooming-heroes.com\/produit\/coaching-collectif\/\" \/>\n<meta property=\"og:locale\" content=\"en_US\" \/>\n<meta property=\"og:type\" content=\"article\" \/>\n<meta property=\"og:title\" content=\"Coaching collectif - Blooming Heroes\" \/>\n<meta property=\"og:description\" content=\"Lors de la constitution d\u2019une \u00e9quipe, \u00e0 l\u2019occasion d\u2019un moment \u00e0 forts enjeux ou en pr\u00e9paration de l\u2019aboutissement d\u2019un travail collectif important...\" \/>\n<meta property=\"og:url\" content=\"https:\/\/blooming-heroes.com\/produit\/coaching-collectif\/\" \/>\n<meta property=\"og:site_name\" content=\"Blooming Heroes\" \/>\n<meta property=\"article:modified_time\" content=\"2023-10-10T14:33:42+00:00\" \/>\n<meta property=\"og:image\" content=\"https:\/\/blooming-heroes.com\/wp-content\/uploads\/2023\/05\/training.jpeg\" \/>\n\t<meta property=\"og:image:width\" content=\"1024\" \/>\n\t<meta property=\"og:image:height\" content=\"684\" \/>\n\t<meta property=\"og:image:type\" content=\"image\/jpeg\" \/>\n<meta name=\"twitter:card\" content=\"summary_large_image\" \/>\n<meta name=\"twitter:label1\" content=\"Est. reading time\" \/>\n\t<meta name=\"twitter:data1\" content=\"1 minute\" \/>\n<script type=\"application\/ld+json\" class=\"yoast-schema-graph\">{\"@context\":\"https:\\\/\\\/schema.org\",\"@graph\":[{\"@type\":\"WebPage\",\"@id\":\"https:\\\/\\\/blooming-heroes.com\\\/produit\\\/coaching-collectif\\\/\",\"url\":\"https:\\\/\\\/blooming-heroes.com\\\/produit\\\/coaching-collectif\\\/\",\"name\":\"Coaching collectif - Blooming Heroes\",\"isPartOf\":{\"@id\":\"https:\\\/\\\/blooming-heroes.com\\\/#website\"},\"primaryImageOfPage\":{\"@id\":\"https:\\\/\\\/blooming-heroes.com\\\/produit\\\/coaching-collectif\\\/#primaryimage\"},\"image\":{\"@id\":\"https:\\\/\\\/blooming-heroes.com\\\/produit\\\/coaching-collectif\\\/#primaryimage\"},\"thumbnailUrl\":\"https:\\\/\\\/blooming-heroes.com\\\/wp-content\\\/uploads\\\/2023\\\/05\\\/training.jpeg\",\"datePublished\":\"2023-05-09T13:31:02+00:00\",\"dateModified\":\"2023-10-10T14:33:42+00:00\",\"description\":\"Lors de la constitution d\u2019une \u00e9quipe, \u00e0 l\u2019occasion d\u2019un moment \u00e0 forts enjeux ou en pr\u00e9paration de l\u2019aboutissement d\u2019un travail collectif important...\",\"breadcrumb\":{\"@id\":\"https:\\\/\\\/blooming-heroes.com\\\/produit\\\/coaching-collectif\\\/#breadcrumb\"},\"inLanguage\":\"en-US\",\"potentialAction\":[{\"@type\":\"ReadAction\",\"target\":[\"https:\\\/\\\/blooming-heroes.com\\\/produit\\\/coaching-collectif\\\/\"]}]},{\"@type\":\"ImageObject\",\"inLanguage\":\"en-US\",\"@id\":\"https:\\\/\\\/blooming-heroes.com\\\/produit\\\/coaching-collectif\\\/#primaryimage\",\"url\":\"https:\\\/\\\/blooming-heroes.com\\\/wp-content\\\/uploads\\\/2023\\\/05\\\/training.jpeg\",\"contentUrl\":\"https:\\\/\\\/blooming-heroes.com\\\/wp-content\\\/uploads\\\/2023\\\/05\\\/training.jpeg\",\"width\":1024,\"height\":684,\"caption\":\"Take Your skils to the next level - concept of online education. Development and Self-study at quarantine time.\"},{\"@type\":\"BreadcrumbList\",\"@id\":\"https:\\\/\\\/blooming-heroes.com\\\/produit\\\/coaching-collectif\\\/#breadcrumb\",\"itemListElement\":[{\"@type\":\"ListItem\",\"position\":1,\"name\":\"Accueil\",\"item\":\"https:\\\/\\\/blooming-heroes.com\\\/en\\\/\"},{\"@type\":\"ListItem\",\"position\":2,\"name\":\"Produits\",\"item\":\"https:\\\/\\\/blooming-heroes.com\\\/shop\\\/\"},{\"@type\":\"ListItem\",\"position\":3,\"name\":\"Coaching collectif\"}]},{\"@type\":\"WebSite\",\"@id\":\"https:\\\/\\\/blooming-heroes.com\\\/#website\",\"url\":\"https:\\\/\\\/blooming-heroes.com\\\/\",\"name\":\"Blooming Heroes\",\"description\":\"Les h\u00e9ros du bien-vivre au travail\",\"publisher\":{\"@id\":\"https:\\\/\\\/blooming-heroes.com\\\/#organization\"},\"potentialAction\":[{\"@type\":\"SearchAction\",\"target\":{\"@type\":\"EntryPoint\",\"urlTemplate\":\"https:\\\/\\\/blooming-heroes.com\\\/?s={search_term_string}\"},\"query-input\":{\"@type\":\"PropertyValueSpecification\",\"valueRequired\":true,\"valueName\":\"search_term_string\"}}],\"inLanguage\":\"en-US\"},{\"@type\":\"Organization\",\"@id\":\"https:\\\/\\\/blooming-heroes.com\\\/#organization\",\"name\":\"Blooming Heroes\",\"url\":\"https:\\\/\\\/blooming-heroes.com\\\/\",\"logo\":{\"@type\":\"ImageObject\",\"inLanguage\":\"en-US\",\"@id\":\"https:\\\/\\\/blooming-heroes.com\\\/#\\\/schema\\\/logo\\\/image\\\/\",\"url\":\"https:\\\/\\\/blooming-heroes.com\\\/wp-content\\\/uploads\\\/2022\\\/01\\\/cropped-Fichier-19.png\",\"contentUrl\":\"https:\\\/\\\/blooming-heroes.com\\\/wp-content\\\/uploads\\\/2022\\\/01\\\/cropped-Fichier-19.png\",\"width\":512,\"height\":512,\"caption\":\"Blooming Heroes\"},\"image\":{\"@id\":\"https:\\\/\\\/blooming-heroes.com\\\/#\\\/schema\\\/logo\\\/image\\\/\"}}]}<\/script>\n<!-- \/ Yoast SEO plugin. -->","yoast_head_json":{"title":"Coaching collectif - Blooming Heroes","description":"Lors de la constitution d\u2019une \u00e9quipe, \u00e0 l\u2019occasion d\u2019un moment \u00e0 forts enjeux ou en pr\u00e9paration de l\u2019aboutissement d\u2019un travail collectif important...","robots":{"index":"index","follow":"follow","max-snippet":"max-snippet:-1","max-image-preview":"max-image-preview:large","max-video-preview":"max-video-preview:-1"},"canonical":"https:\/\/blooming-heroes.com\/produit\/coaching-collectif\/","og_locale":"en_US","og_type":"article","og_title":"Coaching collectif - Blooming Heroes","og_description":"Lors de la constitution d\u2019une \u00e9quipe, \u00e0 l\u2019occasion d\u2019un moment \u00e0 forts enjeux ou en pr\u00e9paration de l\u2019aboutissement d\u2019un travail collectif important...","og_url":"https:\/\/blooming-heroes.com\/produit\/coaching-collectif\/","og_site_name":"Blooming Heroes","article_modified_time":"2023-10-10T14:33:42+00:00","og_image":[{"width":1024,"height":684,"url":"https:\/\/blooming-heroes.com\/wp-content\/uploads\/2023\/05\/training.jpeg","type":"image\/jpeg"}],"twitter_card":"summary_large_image","twitter_misc":{"Est. reading time":"1 minute"},"schema":{"@context":"https:\/\/schema.org","@graph":[{"@type":"WebPage","@id":"https:\/\/blooming-heroes.com\/produit\/coaching-collectif\/","url":"https:\/\/blooming-heroes.com\/produit\/coaching-collectif\/","name":"Coaching collectif - Blooming Heroes","isPartOf":{"@id":"https:\/\/blooming-heroes.com\/#website"},"primaryImageOfPage":{"@id":"https:\/\/blooming-heroes.com\/produit\/coaching-collectif\/#primaryimage"},"image":{"@id":"https:\/\/blooming-heroes.com\/produit\/coaching-collectif\/#primaryimage"},"thumbnailUrl":"https:\/\/blooming-heroes.com\/wp-content\/uploads\/2023\/05\/training.jpeg","datePublished":"2023-05-09T13:31:02+00:00","dateModified":"2023-10-10T14:33:42+00:00","description":"Lors de la constitution d\u2019une \u00e9quipe, \u00e0 l\u2019occasion d\u2019un moment \u00e0 forts enjeux ou en pr\u00e9paration de l\u2019aboutissement d\u2019un travail collectif important...","breadcrumb":{"@id":"https:\/\/blooming-heroes.com\/produit\/coaching-collectif\/#breadcrumb"},"inLanguage":"en-US","potentialAction":[{"@type":"ReadAction","target":["https:\/\/blooming-heroes.com\/produit\/coaching-collectif\/"]}]},{"@type":"ImageObject","inLanguage":"en-US","@id":"https:\/\/blooming-heroes.com\/produit\/coaching-collectif\/#primaryimage","url":"https:\/\/blooming-heroes.com\/wp-content\/uploads\/2023\/05\/training.jpeg","contentUrl":"https:\/\/blooming-heroes.com\/wp-content\/uploads\/2023\/05\/training.jpeg","width":1024,"height":684,"caption":"Take Your skils to the next level - concept of online education. Development and Self-study at quarantine time."},{"@type":"BreadcrumbList","@id":"https:\/\/blooming-heroes.com\/produit\/coaching-collectif\/#breadcrumb","itemListElement":[{"@type":"ListItem","position":1,"name":"Accueil","item":"https:\/\/blooming-heroes.com\/en\/"},{"@type":"ListItem","position":2,"name":"Produits","item":"https:\/\/blooming-heroes.com\/shop\/"},{"@type":"ListItem","position":3,"name":"Coaching collectif"}]},{"@type":"WebSite","@id":"https:\/\/blooming-heroes.com\/#website","url":"https:\/\/blooming-heroes.com\/","name":"Blooming Heroes","description":"Les h\u00e9ros du bien-vivre au travail","publisher":{"@id":"https:\/\/blooming-heroes.com\/#organization"},"potentialAction":[{"@type":"SearchAction","target":{"@type":"EntryPoint","urlTemplate":"https:\/\/blooming-heroes.com\/?s={search_term_string}"},"query-input":{"@type":"PropertyValueSpecification","valueRequired":true,"valueName":"search_term_string"}}],"inLanguage":"en-US"},{"@type":"Organization","@id":"https:\/\/blooming-heroes.com\/#organization","name":"Blooming Heroes","url":"https:\/\/blooming-heroes.com\/","logo":{"@type":"ImageObject","inLanguage":"en-US","@id":"https:\/\/blooming-heroes.com\/#\/schema\/logo\/image\/","url":"https:\/\/blooming-heroes.com\/wp-content\/uploads\/2022\/01\/cropped-Fichier-19.png","contentUrl":"https:\/\/blooming-heroes.com\/wp-content\/uploads\/2022\/01\/cropped-Fichier-19.png","width":512,"height":512,"caption":"Blooming Heroes"},"image":{"@id":"https:\/\/blooming-heroes.com\/#\/schema\/logo\/image\/"}}]}},"_links":{"self":[{"href":"https:\/\/blooming-heroes.com\/en\/wp-json\/wp\/v2\/product\/4730","targetHints":{"allow":["GET"]}}],"collection":[{"href":"https:\/\/blooming-heroes.com\/en\/wp-json\/wp\/v2\/product"}],"about":[{"href":"https:\/\/blooming-heroes.com\/en\/wp-json\/wp\/v2\/types\/product"}],"replies":[{"embeddable":true,"href":"https:\/\/blooming-heroes.com\/en\/wp-json\/wp\/v2\/comments?post=4730"}],"wp:featuredmedia":[{"embeddable":true,"href":"https:\/\/blooming-heroes.com\/en\/wp-json\/wp\/v2\/media\/5475"}],"wp:attachment":[{"href":"https:\/\/blooming-heroes.com\/en\/wp-json\/wp\/v2\/media?parent=4730"}],"wp:term":[{"taxonomy":"product_brand","embeddable":true,"href":"https:\/\/blooming-heroes.com\/en\/wp-json\/wp\/v2\/product_brand?post=4730"},{"taxonomy":"product_cat","embeddable":true,"href":"https:\/\/blooming-heroes.com\/en\/wp-json\/wp\/v2\/product_cat?post=4730"},{"taxonomy":"product_tag","embeddable":true,"href":"https:\/\/blooming-heroes.com\/en\/wp-json\/wp\/v2\/product_tag?post=4730"}],"curies":[{"name":"wp","href":"https:\/\/api.w.org\/{rel}","templated":true}]}}