
{"id":4732,"date":"2023-05-09T15:33:42","date_gmt":"2023-05-09T13:33:42","guid":{"rendered":"https:\/\/blooming.dev04.fr\/?post_type=product&#038;p=4732"},"modified":"2023-11-13T22:02:09","modified_gmt":"2023-11-13T21:02:09","slug":"gestion-des-situations-dexception","status":"publish","type":"product","link":"https:\/\/blooming-heroes.com\/en\/produit\/gestion-des-situations-dexception\/","title":{"rendered":"Gestion des situations d&#8217;exception"},"content":{"rendered":"<p>La responsabilit\u00e9 sociale de l\u2019entreprise, c\u2019est aussi sa capacit\u00e9 \u00e0 affronter ce qui rel\u00e8ve de l\u2019exceptionnel. Une situation d\u2019exception int\u00e8gre tout \u00e9v\u00e9nement per\u00e7u comme mena\u00e7ant ou portant atteinte \u00e0 l\u2019int\u00e9grit\u00e9 physique ou psychique d\u2019une ou plusieurs personnes au sein de l\u2019entreprise. Par son potentiel traumatique, elle n\u00e9cessite une prise en charge sp\u00e9cifique que nous accompagnons en pr\u00e9vention, en gestion de crise et en analyse de pratique.<\/p>\n","protected":false},"excerpt":{"rendered":"<p>La responsabilit\u00e9 sociale de l\u2019entreprise, c\u2019est aussi sa capacit\u00e9 \u00e0 affronter ce qui rel\u00e8ve de l\u2019exceptionnel. Une situation d\u2019exception int\u00e8gre tout \u00e9v\u00e9nement per\u00e7u comme mena\u00e7ant ou portant atteinte \u00e0 l\u2019int\u00e9grit\u00e9 physique ou psychique d\u2019une ou plusieurs personnes au sein de l\u2019entreprise. Par son potentiel traumatique, elle n\u00e9cessite une prise en charge sp\u00e9cifique que nous accompagnons [&hellip;]<\/p>\n","protected":false},"featured_media":6861,"comment_status":"open","ping_status":"closed","template":"","meta":{"inline_featured_image":false,"_glsr_average":0,"_glsr_ranking":0,"_glsr_reviews":0},"product_brand":[],"product_cat":[82,96,123,75],"product_tag":[114,70],"class_list":{"0":"post-4732","1":"product","2":"type-product","3":"status-publish","4":"has-post-thumbnail","6":"product_cat-accompagnement-au-changement-et-transformation","7":"product_cat-gestion-des-conflits","8":"product_cat-harcelement","9":"product_cat-sante-mentale-stress-rps","10":"product_tag-gestion-de-crise-et-de-situation-durgence","11":"product_tag-soutien-aux-salaries","13":"first","14":"instock","15":"shipping-taxable","16":"product-type-simple"},"yoast_head":"<!-- This site is optimized with the Yoast SEO plugin v27.4 - https:\/\/yoast.com\/product\/yoast-seo-wordpress\/ -->\n<title>Gestion des situations d&#039;exception - Blooming Heroes<\/title>\n<meta name=\"description\" content=\"La responsabilit\u00e9 sociale de l\u2019entreprise, c\u2019est aussi sa capacit\u00e9 \u00e0 affronter ce qui rel\u00e8ve de l\u2019exceptionnel. Une situation d\u2019exception int\u00e8gre...\" \/>\n<meta name=\"robots\" content=\"index, follow, max-snippet:-1, max-image-preview:large, max-video-preview:-1\" \/>\n<link rel=\"canonical\" href=\"https:\/\/blooming-heroes.com\/produit\/gestion-des-situations-dexception\/\" \/>\n<meta property=\"og:locale\" content=\"en_US\" \/>\n<meta property=\"og:type\" content=\"article\" \/>\n<meta property=\"og:title\" content=\"Gestion des situations d&#039;exception - Blooming Heroes\" \/>\n<meta property=\"og:description\" content=\"La responsabilit\u00e9 sociale de l\u2019entreprise, c\u2019est aussi sa capacit\u00e9 \u00e0 affronter ce qui rel\u00e8ve de l\u2019exceptionnel. Une situation d\u2019exception int\u00e8gre...\" \/>\n<meta property=\"og:url\" content=\"https:\/\/blooming-heroes.com\/produit\/gestion-des-situations-dexception\/\" \/>\n<meta property=\"og:site_name\" content=\"Blooming Heroes\" \/>\n<meta property=\"article:modified_time\" content=\"2023-11-13T21:02:09+00:00\" \/>\n<meta property=\"og:image\" content=\"https:\/\/blooming-heroes.com\/wp-content\/uploads\/2023\/05\/Crisis_Management_fond_bleu-min.jpeg\" \/>\n\t<meta property=\"og:image:width\" content=\"1280\" \/>\n\t<meta property=\"og:image:height\" content=\"720\" \/>\n\t<meta property=\"og:image:type\" content=\"image\/jpeg\" \/>\n<meta name=\"twitter:card\" content=\"summary_large_image\" \/>\n<meta name=\"twitter:label1\" content=\"Est. reading time\" \/>\n\t<meta name=\"twitter:data1\" content=\"1 minute\" \/>\n<script type=\"application\/ld+json\" class=\"yoast-schema-graph\">{\"@context\":\"https:\\\/\\\/schema.org\",\"@graph\":[{\"@type\":\"WebPage\",\"@id\":\"https:\\\/\\\/blooming-heroes.com\\\/produit\\\/gestion-des-situations-dexception\\\/\",\"url\":\"https:\\\/\\\/blooming-heroes.com\\\/produit\\\/gestion-des-situations-dexception\\\/\",\"name\":\"Gestion des situations d'exception - Blooming Heroes\",\"isPartOf\":{\"@id\":\"https:\\\/\\\/blooming-heroes.com\\\/#website\"},\"primaryImageOfPage\":{\"@id\":\"https:\\\/\\\/blooming-heroes.com\\\/produit\\\/gestion-des-situations-dexception\\\/#primaryimage\"},\"image\":{\"@id\":\"https:\\\/\\\/blooming-heroes.com\\\/produit\\\/gestion-des-situations-dexception\\\/#primaryimage\"},\"thumbnailUrl\":\"https:\\\/\\\/blooming-heroes.com\\\/wp-content\\\/uploads\\\/2023\\\/05\\\/Crisis_Management_fond_bleu-min.jpeg\",\"datePublished\":\"2023-05-09T13:33:42+00:00\",\"dateModified\":\"2023-11-13T21:02:09+00:00\",\"description\":\"La responsabilit\u00e9 sociale de l\u2019entreprise, c\u2019est aussi sa capacit\u00e9 \u00e0 affronter ce qui rel\u00e8ve de l\u2019exceptionnel. Une situation d\u2019exception int\u00e8gre...\",\"breadcrumb\":{\"@id\":\"https:\\\/\\\/blooming-heroes.com\\\/produit\\\/gestion-des-situations-dexception\\\/#breadcrumb\"},\"inLanguage\":\"en-US\",\"potentialAction\":[{\"@type\":\"ReadAction\",\"target\":[\"https:\\\/\\\/blooming-heroes.com\\\/produit\\\/gestion-des-situations-dexception\\\/\"]}]},{\"@type\":\"ImageObject\",\"inLanguage\":\"en-US\",\"@id\":\"https:\\\/\\\/blooming-heroes.com\\\/produit\\\/gestion-des-situations-dexception\\\/#primaryimage\",\"url\":\"https:\\\/\\\/blooming-heroes.com\\\/wp-content\\\/uploads\\\/2023\\\/05\\\/Crisis_Management_fond_bleu-min.jpeg\",\"contentUrl\":\"https:\\\/\\\/blooming-heroes.com\\\/wp-content\\\/uploads\\\/2023\\\/05\\\/Crisis_Management_fond_bleu-min.jpeg\",\"width\":1280,\"height\":720},{\"@type\":\"BreadcrumbList\",\"@id\":\"https:\\\/\\\/blooming-heroes.com\\\/produit\\\/gestion-des-situations-dexception\\\/#breadcrumb\",\"itemListElement\":[{\"@type\":\"ListItem\",\"position\":1,\"name\":\"Accueil\",\"item\":\"https:\\\/\\\/blooming-heroes.com\\\/en\\\/\"},{\"@type\":\"ListItem\",\"position\":2,\"name\":\"Produits\",\"item\":\"https:\\\/\\\/blooming-heroes.com\\\/shop\\\/\"},{\"@type\":\"ListItem\",\"position\":3,\"name\":\"Gestion des situations d&rsquo;exception\"}]},{\"@type\":\"WebSite\",\"@id\":\"https:\\\/\\\/blooming-heroes.com\\\/#website\",\"url\":\"https:\\\/\\\/blooming-heroes.com\\\/\",\"name\":\"Blooming Heroes\",\"description\":\"Les h\u00e9ros du bien-vivre au travail\",\"publisher\":{\"@id\":\"https:\\\/\\\/blooming-heroes.com\\\/#organization\"},\"potentialAction\":[{\"@type\":\"SearchAction\",\"target\":{\"@type\":\"EntryPoint\",\"urlTemplate\":\"https:\\\/\\\/blooming-heroes.com\\\/?s={search_term_string}\"},\"query-input\":{\"@type\":\"PropertyValueSpecification\",\"valueRequired\":true,\"valueName\":\"search_term_string\"}}],\"inLanguage\":\"en-US\"},{\"@type\":\"Organization\",\"@id\":\"https:\\\/\\\/blooming-heroes.com\\\/#organization\",\"name\":\"Blooming Heroes\",\"url\":\"https:\\\/\\\/blooming-heroes.com\\\/\",\"logo\":{\"@type\":\"ImageObject\",\"inLanguage\":\"en-US\",\"@id\":\"https:\\\/\\\/blooming-heroes.com\\\/#\\\/schema\\\/logo\\\/image\\\/\",\"url\":\"https:\\\/\\\/blooming-heroes.com\\\/wp-content\\\/uploads\\\/2022\\\/01\\\/cropped-Fichier-19.png\",\"contentUrl\":\"https:\\\/\\\/blooming-heroes.com\\\/wp-content\\\/uploads\\\/2022\\\/01\\\/cropped-Fichier-19.png\",\"width\":512,\"height\":512,\"caption\":\"Blooming Heroes\"},\"image\":{\"@id\":\"https:\\\/\\\/blooming-heroes.com\\\/#\\\/schema\\\/logo\\\/image\\\/\"}}]}<\/script>\n<!-- \/ Yoast SEO plugin. -->","yoast_head_json":{"title":"Gestion des situations d'exception - Blooming Heroes","description":"La responsabilit\u00e9 sociale de l\u2019entreprise, c\u2019est aussi sa capacit\u00e9 \u00e0 affronter ce qui rel\u00e8ve de l\u2019exceptionnel. Une situation d\u2019exception int\u00e8gre...","robots":{"index":"index","follow":"follow","max-snippet":"max-snippet:-1","max-image-preview":"max-image-preview:large","max-video-preview":"max-video-preview:-1"},"canonical":"https:\/\/blooming-heroes.com\/produit\/gestion-des-situations-dexception\/","og_locale":"en_US","og_type":"article","og_title":"Gestion des situations d'exception - Blooming Heroes","og_description":"La responsabilit\u00e9 sociale de l\u2019entreprise, c\u2019est aussi sa capacit\u00e9 \u00e0 affronter ce qui rel\u00e8ve de l\u2019exceptionnel. Une situation d\u2019exception int\u00e8gre...","og_url":"https:\/\/blooming-heroes.com\/produit\/gestion-des-situations-dexception\/","og_site_name":"Blooming Heroes","article_modified_time":"2023-11-13T21:02:09+00:00","og_image":[{"width":1280,"height":720,"url":"https:\/\/blooming-heroes.com\/wp-content\/uploads\/2023\/05\/Crisis_Management_fond_bleu-min.jpeg","type":"image\/jpeg"}],"twitter_card":"summary_large_image","twitter_misc":{"Est. reading time":"1 minute"},"schema":{"@context":"https:\/\/schema.org","@graph":[{"@type":"WebPage","@id":"https:\/\/blooming-heroes.com\/produit\/gestion-des-situations-dexception\/","url":"https:\/\/blooming-heroes.com\/produit\/gestion-des-situations-dexception\/","name":"Gestion des situations d'exception - Blooming Heroes","isPartOf":{"@id":"https:\/\/blooming-heroes.com\/#website"},"primaryImageOfPage":{"@id":"https:\/\/blooming-heroes.com\/produit\/gestion-des-situations-dexception\/#primaryimage"},"image":{"@id":"https:\/\/blooming-heroes.com\/produit\/gestion-des-situations-dexception\/#primaryimage"},"thumbnailUrl":"https:\/\/blooming-heroes.com\/wp-content\/uploads\/2023\/05\/Crisis_Management_fond_bleu-min.jpeg","datePublished":"2023-05-09T13:33:42+00:00","dateModified":"2023-11-13T21:02:09+00:00","description":"La responsabilit\u00e9 sociale de l\u2019entreprise, c\u2019est aussi sa capacit\u00e9 \u00e0 affronter ce qui rel\u00e8ve de l\u2019exceptionnel. Une situation d\u2019exception int\u00e8gre...","breadcrumb":{"@id":"https:\/\/blooming-heroes.com\/produit\/gestion-des-situations-dexception\/#breadcrumb"},"inLanguage":"en-US","potentialAction":[{"@type":"ReadAction","target":["https:\/\/blooming-heroes.com\/produit\/gestion-des-situations-dexception\/"]}]},{"@type":"ImageObject","inLanguage":"en-US","@id":"https:\/\/blooming-heroes.com\/produit\/gestion-des-situations-dexception\/#primaryimage","url":"https:\/\/blooming-heroes.com\/wp-content\/uploads\/2023\/05\/Crisis_Management_fond_bleu-min.jpeg","contentUrl":"https:\/\/blooming-heroes.com\/wp-content\/uploads\/2023\/05\/Crisis_Management_fond_bleu-min.jpeg","width":1280,"height":720},{"@type":"BreadcrumbList","@id":"https:\/\/blooming-heroes.com\/produit\/gestion-des-situations-dexception\/#breadcrumb","itemListElement":[{"@type":"ListItem","position":1,"name":"Accueil","item":"https:\/\/blooming-heroes.com\/en\/"},{"@type":"ListItem","position":2,"name":"Produits","item":"https:\/\/blooming-heroes.com\/shop\/"},{"@type":"ListItem","position":3,"name":"Gestion des situations d&rsquo;exception"}]},{"@type":"WebSite","@id":"https:\/\/blooming-heroes.com\/#website","url":"https:\/\/blooming-heroes.com\/","name":"Blooming Heroes","description":"Les h\u00e9ros du bien-vivre au travail","publisher":{"@id":"https:\/\/blooming-heroes.com\/#organization"},"potentialAction":[{"@type":"SearchAction","target":{"@type":"EntryPoint","urlTemplate":"https:\/\/blooming-heroes.com\/?s={search_term_string}"},"query-input":{"@type":"PropertyValueSpecification","valueRequired":true,"valueName":"search_term_string"}}],"inLanguage":"en-US"},{"@type":"Organization","@id":"https:\/\/blooming-heroes.com\/#organization","name":"Blooming Heroes","url":"https:\/\/blooming-heroes.com\/","logo":{"@type":"ImageObject","inLanguage":"en-US","@id":"https:\/\/blooming-heroes.com\/#\/schema\/logo\/image\/","url":"https:\/\/blooming-heroes.com\/wp-content\/uploads\/2022\/01\/cropped-Fichier-19.png","contentUrl":"https:\/\/blooming-heroes.com\/wp-content\/uploads\/2022\/01\/cropped-Fichier-19.png","width":512,"height":512,"caption":"Blooming Heroes"},"image":{"@id":"https:\/\/blooming-heroes.com\/#\/schema\/logo\/image\/"}}]}},"_links":{"self":[{"href":"https:\/\/blooming-heroes.com\/en\/wp-json\/wp\/v2\/product\/4732","targetHints":{"allow":["GET"]}}],"collection":[{"href":"https:\/\/blooming-heroes.com\/en\/wp-json\/wp\/v2\/product"}],"about":[{"href":"https:\/\/blooming-heroes.com\/en\/wp-json\/wp\/v2\/types\/product"}],"replies":[{"embeddable":true,"href":"https:\/\/blooming-heroes.com\/en\/wp-json\/wp\/v2\/comments?post=4732"}],"wp:featuredmedia":[{"embeddable":true,"href":"https:\/\/blooming-heroes.com\/en\/wp-json\/wp\/v2\/media\/6861"}],"wp:attachment":[{"href":"https:\/\/blooming-heroes.com\/en\/wp-json\/wp\/v2\/media?parent=4732"}],"wp:term":[{"taxonomy":"product_brand","embeddable":true,"href":"https:\/\/blooming-heroes.com\/en\/wp-json\/wp\/v2\/product_brand?post=4732"},{"taxonomy":"product_cat","embeddable":true,"href":"https:\/\/blooming-heroes.com\/en\/wp-json\/wp\/v2\/product_cat?post=4732"},{"taxonomy":"product_tag","embeddable":true,"href":"https:\/\/blooming-heroes.com\/en\/wp-json\/wp\/v2\/product_tag?post=4732"}],"curies":[{"name":"wp","href":"https:\/\/api.w.org\/{rel}","templated":true}]}}