
{"id":4733,"date":"2023-05-09T15:34:57","date_gmt":"2023-05-09T13:34:57","guid":{"rendered":"https:\/\/blooming.dev04.fr\/?post_type=product&#038;p=4733"},"modified":"2023-11-13T19:16:44","modified_gmt":"2023-11-13T18:16:44","slug":"activites-sport-relaxation","status":"publish","type":"product","link":"https:\/\/blooming-heroes.com\/en\/produit\/activites-sport-relaxation\/","title":{"rendered":"Activit\u00e9s Sport &#038; Relaxation"},"content":{"rendered":"<p>Des s\u00e9ances douces ou cardio (yoga, relaxation\u2026), des sports de combat (boxe, self-d\u00e9fense\u2026), de la danse (Hip Hop, salsa\u2026) en pr\u00e9sentiel ou en visio-live, de fa\u00e7on r\u00e9guli\u00e8re ou ponctuelle.<\/p>\n","protected":false},"excerpt":{"rendered":"<p>Des s\u00e9ances douces ou cardio (yoga, relaxation\u2026), des sports de combat (boxe, self-d\u00e9fense\u2026), de la danse (Hip Hop, salsa\u2026) en pr\u00e9sentiel ou en visio-live, de fa\u00e7on r\u00e9guli\u00e8re ou ponctuelle.<\/p>\n","protected":false},"featured_media":6851,"comment_status":"open","ping_status":"closed","template":"","meta":{"inline_featured_image":false,"_glsr_average":0,"_glsr_ranking":0,"_glsr_reviews":0},"product_brand":[],"product_cat":[78,80,88],"product_tag":[113],"class_list":{"0":"post-4733","1":"product","2":"type-product","3":"status-publish","4":"has-post-thumbnail","6":"product_cat-bien-etre","7":"product_cat-qvt-qvct","8":"product_cat-sante-physique","9":"product_tag-formation-ateliers-conferences","11":"first","12":"instock","13":"shipping-taxable","14":"product-type-simple"},"yoast_head":"<!-- This site is optimized with the Yoast SEO plugin v27.4 - https:\/\/yoast.com\/product\/yoast-seo-wordpress\/ -->\n<title>Activit\u00e9s Sport &amp; Relaxation - Blooming Heroes<\/title>\n<meta name=\"description\" content=\"Des s\u00e9ances douces ou cardio (yoga, relaxation\u2026), des sports de combat (boxe, self-d\u00e9fense\u2026), de la danse (Hip Hop, salsa\u2026) en pr\u00e9sentiel ou en visio...\" \/>\n<meta name=\"robots\" content=\"index, follow, max-snippet:-1, max-image-preview:large, max-video-preview:-1\" \/>\n<link rel=\"canonical\" href=\"https:\/\/blooming-heroes.com\/produit\/activites-sport-relaxation\/\" \/>\n<meta property=\"og:locale\" content=\"en_US\" \/>\n<meta property=\"og:type\" content=\"article\" \/>\n<meta property=\"og:title\" content=\"Activit\u00e9s Sport &amp; Relaxation - Blooming Heroes\" \/>\n<meta property=\"og:description\" content=\"Des s\u00e9ances douces ou cardio (yoga, relaxation\u2026), des sports de combat (boxe, self-d\u00e9fense\u2026), de la danse (Hip Hop, salsa\u2026) en pr\u00e9sentiel ou en visio...\" \/>\n<meta property=\"og:url\" content=\"https:\/\/blooming-heroes.com\/produit\/activites-sport-relaxation\/\" \/>\n<meta property=\"og:site_name\" content=\"Blooming Heroes\" \/>\n<meta property=\"article:modified_time\" content=\"2023-11-13T18:16:44+00:00\" \/>\n<meta property=\"og:image\" content=\"https:\/\/blooming-heroes.com\/wp-content\/uploads\/2023\/05\/activite-physique-min.jpeg\" \/>\n\t<meta property=\"og:image:width\" content=\"1024\" \/>\n\t<meta property=\"og:image:height\" content=\"614\" \/>\n\t<meta property=\"og:image:type\" content=\"image\/jpeg\" \/>\n<meta name=\"twitter:card\" content=\"summary_large_image\" \/>\n<meta name=\"twitter:label1\" content=\"Est. reading time\" \/>\n\t<meta name=\"twitter:data1\" content=\"1 minute\" \/>\n<script type=\"application\/ld+json\" class=\"yoast-schema-graph\">{\"@context\":\"https:\\\/\\\/schema.org\",\"@graph\":[{\"@type\":\"WebPage\",\"@id\":\"https:\\\/\\\/blooming-heroes.com\\\/produit\\\/activites-sport-relaxation\\\/\",\"url\":\"https:\\\/\\\/blooming-heroes.com\\\/produit\\\/activites-sport-relaxation\\\/\",\"name\":\"Activit\u00e9s Sport & Relaxation - Blooming Heroes\",\"isPartOf\":{\"@id\":\"https:\\\/\\\/blooming-heroes.com\\\/#website\"},\"primaryImageOfPage\":{\"@id\":\"https:\\\/\\\/blooming-heroes.com\\\/produit\\\/activites-sport-relaxation\\\/#primaryimage\"},\"image\":{\"@id\":\"https:\\\/\\\/blooming-heroes.com\\\/produit\\\/activites-sport-relaxation\\\/#primaryimage\"},\"thumbnailUrl\":\"https:\\\/\\\/blooming-heroes.com\\\/wp-content\\\/uploads\\\/2023\\\/05\\\/activite-physique-min.jpeg\",\"datePublished\":\"2023-05-09T13:34:57+00:00\",\"dateModified\":\"2023-11-13T18:16:44+00:00\",\"description\":\"Des s\u00e9ances douces ou cardio (yoga, relaxation\u2026), des sports de combat (boxe, self-d\u00e9fense\u2026), de la danse (Hip Hop, salsa\u2026) en pr\u00e9sentiel ou en visio...\",\"breadcrumb\":{\"@id\":\"https:\\\/\\\/blooming-heroes.com\\\/produit\\\/activites-sport-relaxation\\\/#breadcrumb\"},\"inLanguage\":\"en-US\",\"potentialAction\":[{\"@type\":\"ReadAction\",\"target\":[\"https:\\\/\\\/blooming-heroes.com\\\/produit\\\/activites-sport-relaxation\\\/\"]}]},{\"@type\":\"ImageObject\",\"inLanguage\":\"en-US\",\"@id\":\"https:\\\/\\\/blooming-heroes.com\\\/produit\\\/activites-sport-relaxation\\\/#primaryimage\",\"url\":\"https:\\\/\\\/blooming-heroes.com\\\/wp-content\\\/uploads\\\/2023\\\/05\\\/activite-physique-min.jpeg\",\"contentUrl\":\"https:\\\/\\\/blooming-heroes.com\\\/wp-content\\\/uploads\\\/2023\\\/05\\\/activite-physique-min.jpeg\",\"width\":1024,\"height\":614},{\"@type\":\"BreadcrumbList\",\"@id\":\"https:\\\/\\\/blooming-heroes.com\\\/produit\\\/activites-sport-relaxation\\\/#breadcrumb\",\"itemListElement\":[{\"@type\":\"ListItem\",\"position\":1,\"name\":\"Accueil\",\"item\":\"https:\\\/\\\/blooming-heroes.com\\\/en\\\/\"},{\"@type\":\"ListItem\",\"position\":2,\"name\":\"Produits\",\"item\":\"https:\\\/\\\/blooming-heroes.com\\\/shop\\\/\"},{\"@type\":\"ListItem\",\"position\":3,\"name\":\"Activit\u00e9s Sport &#038; Relaxation\"}]},{\"@type\":\"WebSite\",\"@id\":\"https:\\\/\\\/blooming-heroes.com\\\/#website\",\"url\":\"https:\\\/\\\/blooming-heroes.com\\\/\",\"name\":\"Blooming Heroes\",\"description\":\"Les h\u00e9ros du bien-vivre au travail\",\"publisher\":{\"@id\":\"https:\\\/\\\/blooming-heroes.com\\\/#organization\"},\"potentialAction\":[{\"@type\":\"SearchAction\",\"target\":{\"@type\":\"EntryPoint\",\"urlTemplate\":\"https:\\\/\\\/blooming-heroes.com\\\/?s={search_term_string}\"},\"query-input\":{\"@type\":\"PropertyValueSpecification\",\"valueRequired\":true,\"valueName\":\"search_term_string\"}}],\"inLanguage\":\"en-US\"},{\"@type\":\"Organization\",\"@id\":\"https:\\\/\\\/blooming-heroes.com\\\/#organization\",\"name\":\"Blooming Heroes\",\"url\":\"https:\\\/\\\/blooming-heroes.com\\\/\",\"logo\":{\"@type\":\"ImageObject\",\"inLanguage\":\"en-US\",\"@id\":\"https:\\\/\\\/blooming-heroes.com\\\/#\\\/schema\\\/logo\\\/image\\\/\",\"url\":\"https:\\\/\\\/blooming-heroes.com\\\/wp-content\\\/uploads\\\/2022\\\/01\\\/cropped-Fichier-19.png\",\"contentUrl\":\"https:\\\/\\\/blooming-heroes.com\\\/wp-content\\\/uploads\\\/2022\\\/01\\\/cropped-Fichier-19.png\",\"width\":512,\"height\":512,\"caption\":\"Blooming Heroes\"},\"image\":{\"@id\":\"https:\\\/\\\/blooming-heroes.com\\\/#\\\/schema\\\/logo\\\/image\\\/\"}}]}<\/script>\n<!-- \/ Yoast SEO plugin. -->","yoast_head_json":{"title":"Activit\u00e9s Sport & Relaxation - Blooming Heroes","description":"Des s\u00e9ances douces ou cardio (yoga, relaxation\u2026), des sports de combat (boxe, self-d\u00e9fense\u2026), de la danse (Hip Hop, salsa\u2026) en pr\u00e9sentiel ou en visio...","robots":{"index":"index","follow":"follow","max-snippet":"max-snippet:-1","max-image-preview":"max-image-preview:large","max-video-preview":"max-video-preview:-1"},"canonical":"https:\/\/blooming-heroes.com\/produit\/activites-sport-relaxation\/","og_locale":"en_US","og_type":"article","og_title":"Activit\u00e9s Sport & Relaxation - Blooming Heroes","og_description":"Des s\u00e9ances douces ou cardio (yoga, relaxation\u2026), des sports de combat (boxe, self-d\u00e9fense\u2026), de la danse (Hip Hop, salsa\u2026) en pr\u00e9sentiel ou en visio...","og_url":"https:\/\/blooming-heroes.com\/produit\/activites-sport-relaxation\/","og_site_name":"Blooming Heroes","article_modified_time":"2023-11-13T18:16:44+00:00","og_image":[{"width":1024,"height":614,"url":"https:\/\/blooming-heroes.com\/wp-content\/uploads\/2023\/05\/activite-physique-min.jpeg","type":"image\/jpeg"}],"twitter_card":"summary_large_image","twitter_misc":{"Est. reading time":"1 minute"},"schema":{"@context":"https:\/\/schema.org","@graph":[{"@type":"WebPage","@id":"https:\/\/blooming-heroes.com\/produit\/activites-sport-relaxation\/","url":"https:\/\/blooming-heroes.com\/produit\/activites-sport-relaxation\/","name":"Activit\u00e9s Sport & Relaxation - Blooming Heroes","isPartOf":{"@id":"https:\/\/blooming-heroes.com\/#website"},"primaryImageOfPage":{"@id":"https:\/\/blooming-heroes.com\/produit\/activites-sport-relaxation\/#primaryimage"},"image":{"@id":"https:\/\/blooming-heroes.com\/produit\/activites-sport-relaxation\/#primaryimage"},"thumbnailUrl":"https:\/\/blooming-heroes.com\/wp-content\/uploads\/2023\/05\/activite-physique-min.jpeg","datePublished":"2023-05-09T13:34:57+00:00","dateModified":"2023-11-13T18:16:44+00:00","description":"Des s\u00e9ances douces ou cardio (yoga, relaxation\u2026), des sports de combat (boxe, self-d\u00e9fense\u2026), de la danse (Hip Hop, salsa\u2026) en pr\u00e9sentiel ou en visio...","breadcrumb":{"@id":"https:\/\/blooming-heroes.com\/produit\/activites-sport-relaxation\/#breadcrumb"},"inLanguage":"en-US","potentialAction":[{"@type":"ReadAction","target":["https:\/\/blooming-heroes.com\/produit\/activites-sport-relaxation\/"]}]},{"@type":"ImageObject","inLanguage":"en-US","@id":"https:\/\/blooming-heroes.com\/produit\/activites-sport-relaxation\/#primaryimage","url":"https:\/\/blooming-heroes.com\/wp-content\/uploads\/2023\/05\/activite-physique-min.jpeg","contentUrl":"https:\/\/blooming-heroes.com\/wp-content\/uploads\/2023\/05\/activite-physique-min.jpeg","width":1024,"height":614},{"@type":"BreadcrumbList","@id":"https:\/\/blooming-heroes.com\/produit\/activites-sport-relaxation\/#breadcrumb","itemListElement":[{"@type":"ListItem","position":1,"name":"Accueil","item":"https:\/\/blooming-heroes.com\/en\/"},{"@type":"ListItem","position":2,"name":"Produits","item":"https:\/\/blooming-heroes.com\/shop\/"},{"@type":"ListItem","position":3,"name":"Activit\u00e9s Sport &#038; Relaxation"}]},{"@type":"WebSite","@id":"https:\/\/blooming-heroes.com\/#website","url":"https:\/\/blooming-heroes.com\/","name":"Blooming Heroes","description":"Les h\u00e9ros du bien-vivre au travail","publisher":{"@id":"https:\/\/blooming-heroes.com\/#organization"},"potentialAction":[{"@type":"SearchAction","target":{"@type":"EntryPoint","urlTemplate":"https:\/\/blooming-heroes.com\/?s={search_term_string}"},"query-input":{"@type":"PropertyValueSpecification","valueRequired":true,"valueName":"search_term_string"}}],"inLanguage":"en-US"},{"@type":"Organization","@id":"https:\/\/blooming-heroes.com\/#organization","name":"Blooming Heroes","url":"https:\/\/blooming-heroes.com\/","logo":{"@type":"ImageObject","inLanguage":"en-US","@id":"https:\/\/blooming-heroes.com\/#\/schema\/logo\/image\/","url":"https:\/\/blooming-heroes.com\/wp-content\/uploads\/2022\/01\/cropped-Fichier-19.png","contentUrl":"https:\/\/blooming-heroes.com\/wp-content\/uploads\/2022\/01\/cropped-Fichier-19.png","width":512,"height":512,"caption":"Blooming Heroes"},"image":{"@id":"https:\/\/blooming-heroes.com\/#\/schema\/logo\/image\/"}}]}},"_links":{"self":[{"href":"https:\/\/blooming-heroes.com\/en\/wp-json\/wp\/v2\/product\/4733","targetHints":{"allow":["GET"]}}],"collection":[{"href":"https:\/\/blooming-heroes.com\/en\/wp-json\/wp\/v2\/product"}],"about":[{"href":"https:\/\/blooming-heroes.com\/en\/wp-json\/wp\/v2\/types\/product"}],"replies":[{"embeddable":true,"href":"https:\/\/blooming-heroes.com\/en\/wp-json\/wp\/v2\/comments?post=4733"}],"wp:featuredmedia":[{"embeddable":true,"href":"https:\/\/blooming-heroes.com\/en\/wp-json\/wp\/v2\/media\/6851"}],"wp:attachment":[{"href":"https:\/\/blooming-heroes.com\/en\/wp-json\/wp\/v2\/media?parent=4733"}],"wp:term":[{"taxonomy":"product_brand","embeddable":true,"href":"https:\/\/blooming-heroes.com\/en\/wp-json\/wp\/v2\/product_brand?post=4733"},{"taxonomy":"product_cat","embeddable":true,"href":"https:\/\/blooming-heroes.com\/en\/wp-json\/wp\/v2\/product_cat?post=4733"},{"taxonomy":"product_tag","embeddable":true,"href":"https:\/\/blooming-heroes.com\/en\/wp-json\/wp\/v2\/product_tag?post=4733"}],"curies":[{"name":"wp","href":"https:\/\/api.w.org\/{rel}","templated":true}]}}