
{"id":4735,"date":"2023-05-09T15:39:58","date_gmt":"2023-05-09T13:39:58","guid":{"rendered":"https:\/\/blooming.dev04.fr\/?post_type=product&#038;p=4735"},"modified":"2023-11-13T19:15:53","modified_gmt":"2023-11-13T18:15:53","slug":"activites-physiques-adaptees-seniors-personnes-en-situation-de-handicap-metiers-a-risque","status":"publish","type":"product","link":"https:\/\/blooming-heroes.com\/en\/produit\/activites-physiques-adaptees-seniors-personnes-en-situation-de-handicap-metiers-a-risque\/","title":{"rendered":"Activit\u00e9s Physiques Adapt\u00e9es (seniors, personnes en situation de handicap, m\u00e9tiers \u00e0 risque\u2026)"},"content":{"rendered":"<p>L\u2019Activit\u00e9 Physique Adapt\u00e9e (APA) permet un accompagnement dans la pratique d\u2019une activit\u00e9 physique int\u00e9grant une approche sant\u00e9. Sensibilisez vos collaborateurs \u00e0 un bon \u00e9tat de sant\u00e9 au travail (pr\u00e9vention des TMS, RPS et accidents du travail) gr\u00e2ce \u00e0 des programmes sur-mesure, adapt\u00e9s aux probl\u00e9matiques individuelles de votre entreprise et secteur d\u2019activit\u00e9. Exemples d&#8217;ateliers : r\u00e9veil musculaire, \u00e9chauffements avant prise de poste ou \u00e9tirements, adapt\u00e9s aux m\u00e9tiers physiques (port de charge lourde, picking \u2026) ou s\u00e9dentaires, gestion du stress, gestes et postures, pr\u00e9vention des maladies du travail&#8230;<\/p>\n","protected":false},"excerpt":{"rendered":"<p>L\u2019Activit\u00e9 Physique Adapt\u00e9e (APA) permet un accompagnement dans la pratique d\u2019une activit\u00e9 physique int\u00e9grant une approche sant\u00e9. Sensibilisez vos collaborateurs \u00e0 un bon \u00e9tat de sant\u00e9 au travail (pr\u00e9vention des TMS, RPS et accidents du travail) gr\u00e2ce \u00e0 des programmes sur-mesure, adapt\u00e9s aux probl\u00e9matiques individuelles de votre entreprise et secteur d\u2019activit\u00e9. Exemples d&#8217;ateliers : r\u00e9veil [&hellip;]<\/p>\n","protected":false},"featured_media":6813,"comment_status":"open","ping_status":"closed","template":"","meta":{"inline_featured_image":false,"_glsr_average":0,"_glsr_ranking":0,"_glsr_reviews":0},"product_brand":[],"product_cat":[78,80,88,89],"product_tag":[113],"class_list":{"0":"post-4735","1":"product","2":"type-product","3":"status-publish","4":"has-post-thumbnail","6":"product_cat-bien-etre","7":"product_cat-qvt-qvct","8":"product_cat-sante-physique","9":"product_cat-tms-troubles-musculosquelettiques","10":"product_tag-formation-ateliers-conferences","12":"first","13":"instock","14":"shipping-taxable","15":"product-type-simple"},"yoast_head":"<!-- This site is optimized with the Yoast SEO plugin v27.4 - https:\/\/yoast.com\/product\/yoast-seo-wordpress\/ -->\n<title>Activit\u00e9s Physiques Adapt\u00e9es (seniors, personnes en situation de handicap, m\u00e9tiers \u00e0 risque\u2026)<\/title>\n<meta name=\"description\" content=\"L\u2019Activit\u00e9 Physique Adapt\u00e9e (APA) permet un accompagnement dans la pratique d\u2019une activit\u00e9 physique int\u00e9grant une approche sant\u00e9...\" \/>\n<meta name=\"robots\" content=\"index, follow, max-snippet:-1, max-image-preview:large, max-video-preview:-1\" \/>\n<link rel=\"canonical\" href=\"https:\/\/blooming-heroes.com\/produit\/activites-physiques-adaptees-seniors-personnes-en-situation-de-handicap-metiers-a-risque\/\" \/>\n<meta property=\"og:locale\" content=\"en_US\" \/>\n<meta property=\"og:type\" content=\"article\" \/>\n<meta property=\"og:title\" content=\"Activit\u00e9s Physiques Adapt\u00e9es (seniors, personnes en situation de handicap, m\u00e9tiers \u00e0 risque\u2026)\" \/>\n<meta property=\"og:description\" content=\"L\u2019Activit\u00e9 Physique Adapt\u00e9e (APA) permet un accompagnement dans la pratique d\u2019une activit\u00e9 physique int\u00e9grant une approche sant\u00e9...\" \/>\n<meta property=\"og:url\" content=\"https:\/\/blooming-heroes.com\/produit\/activites-physiques-adaptees-seniors-personnes-en-situation-de-handicap-metiers-a-risque\/\" \/>\n<meta property=\"og:site_name\" content=\"Blooming Heroes\" \/>\n<meta property=\"article:modified_time\" content=\"2023-11-13T18:15:53+00:00\" \/>\n<meta property=\"og:image\" content=\"https:\/\/blooming-heroes.com\/wp-content\/uploads\/2023\/08\/TMS-min.jpeg\" \/>\n\t<meta property=\"og:image:width\" content=\"1024\" \/>\n\t<meta property=\"og:image:height\" content=\"683\" \/>\n\t<meta property=\"og:image:type\" content=\"image\/jpeg\" \/>\n<meta name=\"twitter:card\" content=\"summary_large_image\" \/>\n<meta name=\"twitter:label1\" content=\"Est. reading time\" \/>\n\t<meta name=\"twitter:data1\" content=\"1 minute\" \/>\n<script type=\"application\/ld+json\" class=\"yoast-schema-graph\">{\"@context\":\"https:\\\/\\\/schema.org\",\"@graph\":[{\"@type\":\"WebPage\",\"@id\":\"https:\\\/\\\/blooming-heroes.com\\\/produit\\\/activites-physiques-adaptees-seniors-personnes-en-situation-de-handicap-metiers-a-risque\\\/\",\"url\":\"https:\\\/\\\/blooming-heroes.com\\\/produit\\\/activites-physiques-adaptees-seniors-personnes-en-situation-de-handicap-metiers-a-risque\\\/\",\"name\":\"Activit\u00e9s Physiques Adapt\u00e9es (seniors, personnes en situation de handicap, m\u00e9tiers \u00e0 risque\u2026)\",\"isPartOf\":{\"@id\":\"https:\\\/\\\/blooming-heroes.com\\\/#website\"},\"primaryImageOfPage\":{\"@id\":\"https:\\\/\\\/blooming-heroes.com\\\/produit\\\/activites-physiques-adaptees-seniors-personnes-en-situation-de-handicap-metiers-a-risque\\\/#primaryimage\"},\"image\":{\"@id\":\"https:\\\/\\\/blooming-heroes.com\\\/produit\\\/activites-physiques-adaptees-seniors-personnes-en-situation-de-handicap-metiers-a-risque\\\/#primaryimage\"},\"thumbnailUrl\":\"https:\\\/\\\/blooming-heroes.com\\\/wp-content\\\/uploads\\\/2023\\\/08\\\/TMS-min.jpeg\",\"datePublished\":\"2023-05-09T13:39:58+00:00\",\"dateModified\":\"2023-11-13T18:15:53+00:00\",\"description\":\"L\u2019Activit\u00e9 Physique Adapt\u00e9e (APA) permet un accompagnement dans la pratique d\u2019une activit\u00e9 physique int\u00e9grant une approche sant\u00e9...\",\"breadcrumb\":{\"@id\":\"https:\\\/\\\/blooming-heroes.com\\\/produit\\\/activites-physiques-adaptees-seniors-personnes-en-situation-de-handicap-metiers-a-risque\\\/#breadcrumb\"},\"inLanguage\":\"en-US\",\"potentialAction\":[{\"@type\":\"ReadAction\",\"target\":[\"https:\\\/\\\/blooming-heroes.com\\\/produit\\\/activites-physiques-adaptees-seniors-personnes-en-situation-de-handicap-metiers-a-risque\\\/\"]}]},{\"@type\":\"ImageObject\",\"inLanguage\":\"en-US\",\"@id\":\"https:\\\/\\\/blooming-heroes.com\\\/produit\\\/activites-physiques-adaptees-seniors-personnes-en-situation-de-handicap-metiers-a-risque\\\/#primaryimage\",\"url\":\"https:\\\/\\\/blooming-heroes.com\\\/wp-content\\\/uploads\\\/2023\\\/08\\\/TMS-min.jpeg\",\"contentUrl\":\"https:\\\/\\\/blooming-heroes.com\\\/wp-content\\\/uploads\\\/2023\\\/08\\\/TMS-min.jpeg\",\"width\":1024,\"height\":683},{\"@type\":\"BreadcrumbList\",\"@id\":\"https:\\\/\\\/blooming-heroes.com\\\/produit\\\/activites-physiques-adaptees-seniors-personnes-en-situation-de-handicap-metiers-a-risque\\\/#breadcrumb\",\"itemListElement\":[{\"@type\":\"ListItem\",\"position\":1,\"name\":\"Accueil\",\"item\":\"https:\\\/\\\/blooming-heroes.com\\\/en\\\/\"},{\"@type\":\"ListItem\",\"position\":2,\"name\":\"Produits\",\"item\":\"https:\\\/\\\/blooming-heroes.com\\\/shop\\\/\"},{\"@type\":\"ListItem\",\"position\":3,\"name\":\"Activit\u00e9s Physiques Adapt\u00e9es (seniors, personnes en situation de handicap, m\u00e9tiers \u00e0 risque\u2026)\"}]},{\"@type\":\"WebSite\",\"@id\":\"https:\\\/\\\/blooming-heroes.com\\\/#website\",\"url\":\"https:\\\/\\\/blooming-heroes.com\\\/\",\"name\":\"Blooming Heroes\",\"description\":\"Les h\u00e9ros du bien-vivre au travail\",\"publisher\":{\"@id\":\"https:\\\/\\\/blooming-heroes.com\\\/#organization\"},\"potentialAction\":[{\"@type\":\"SearchAction\",\"target\":{\"@type\":\"EntryPoint\",\"urlTemplate\":\"https:\\\/\\\/blooming-heroes.com\\\/?s={search_term_string}\"},\"query-input\":{\"@type\":\"PropertyValueSpecification\",\"valueRequired\":true,\"valueName\":\"search_term_string\"}}],\"inLanguage\":\"en-US\"},{\"@type\":\"Organization\",\"@id\":\"https:\\\/\\\/blooming-heroes.com\\\/#organization\",\"name\":\"Blooming Heroes\",\"url\":\"https:\\\/\\\/blooming-heroes.com\\\/\",\"logo\":{\"@type\":\"ImageObject\",\"inLanguage\":\"en-US\",\"@id\":\"https:\\\/\\\/blooming-heroes.com\\\/#\\\/schema\\\/logo\\\/image\\\/\",\"url\":\"https:\\\/\\\/blooming-heroes.com\\\/wp-content\\\/uploads\\\/2022\\\/01\\\/cropped-Fichier-19.png\",\"contentUrl\":\"https:\\\/\\\/blooming-heroes.com\\\/wp-content\\\/uploads\\\/2022\\\/01\\\/cropped-Fichier-19.png\",\"width\":512,\"height\":512,\"caption\":\"Blooming Heroes\"},\"image\":{\"@id\":\"https:\\\/\\\/blooming-heroes.com\\\/#\\\/schema\\\/logo\\\/image\\\/\"}}]}<\/script>\n<!-- \/ Yoast SEO plugin. -->","yoast_head_json":{"title":"Activit\u00e9s Physiques Adapt\u00e9es (seniors, personnes en situation de handicap, m\u00e9tiers \u00e0 risque\u2026)","description":"L\u2019Activit\u00e9 Physique Adapt\u00e9e (APA) permet un accompagnement dans la pratique d\u2019une activit\u00e9 physique int\u00e9grant une approche sant\u00e9...","robots":{"index":"index","follow":"follow","max-snippet":"max-snippet:-1","max-image-preview":"max-image-preview:large","max-video-preview":"max-video-preview:-1"},"canonical":"https:\/\/blooming-heroes.com\/produit\/activites-physiques-adaptees-seniors-personnes-en-situation-de-handicap-metiers-a-risque\/","og_locale":"en_US","og_type":"article","og_title":"Activit\u00e9s Physiques Adapt\u00e9es (seniors, personnes en situation de handicap, m\u00e9tiers \u00e0 risque\u2026)","og_description":"L\u2019Activit\u00e9 Physique Adapt\u00e9e (APA) permet un accompagnement dans la pratique d\u2019une activit\u00e9 physique int\u00e9grant une approche sant\u00e9...","og_url":"https:\/\/blooming-heroes.com\/produit\/activites-physiques-adaptees-seniors-personnes-en-situation-de-handicap-metiers-a-risque\/","og_site_name":"Blooming Heroes","article_modified_time":"2023-11-13T18:15:53+00:00","og_image":[{"width":1024,"height":683,"url":"https:\/\/blooming-heroes.com\/wp-content\/uploads\/2023\/08\/TMS-min.jpeg","type":"image\/jpeg"}],"twitter_card":"summary_large_image","twitter_misc":{"Est. reading time":"1 minute"},"schema":{"@context":"https:\/\/schema.org","@graph":[{"@type":"WebPage","@id":"https:\/\/blooming-heroes.com\/produit\/activites-physiques-adaptees-seniors-personnes-en-situation-de-handicap-metiers-a-risque\/","url":"https:\/\/blooming-heroes.com\/produit\/activites-physiques-adaptees-seniors-personnes-en-situation-de-handicap-metiers-a-risque\/","name":"Activit\u00e9s Physiques Adapt\u00e9es (seniors, personnes en situation de handicap, m\u00e9tiers \u00e0 risque\u2026)","isPartOf":{"@id":"https:\/\/blooming-heroes.com\/#website"},"primaryImageOfPage":{"@id":"https:\/\/blooming-heroes.com\/produit\/activites-physiques-adaptees-seniors-personnes-en-situation-de-handicap-metiers-a-risque\/#primaryimage"},"image":{"@id":"https:\/\/blooming-heroes.com\/produit\/activites-physiques-adaptees-seniors-personnes-en-situation-de-handicap-metiers-a-risque\/#primaryimage"},"thumbnailUrl":"https:\/\/blooming-heroes.com\/wp-content\/uploads\/2023\/08\/TMS-min.jpeg","datePublished":"2023-05-09T13:39:58+00:00","dateModified":"2023-11-13T18:15:53+00:00","description":"L\u2019Activit\u00e9 Physique Adapt\u00e9e (APA) permet un accompagnement dans la pratique d\u2019une activit\u00e9 physique int\u00e9grant une approche sant\u00e9...","breadcrumb":{"@id":"https:\/\/blooming-heroes.com\/produit\/activites-physiques-adaptees-seniors-personnes-en-situation-de-handicap-metiers-a-risque\/#breadcrumb"},"inLanguage":"en-US","potentialAction":[{"@type":"ReadAction","target":["https:\/\/blooming-heroes.com\/produit\/activites-physiques-adaptees-seniors-personnes-en-situation-de-handicap-metiers-a-risque\/"]}]},{"@type":"ImageObject","inLanguage":"en-US","@id":"https:\/\/blooming-heroes.com\/produit\/activites-physiques-adaptees-seniors-personnes-en-situation-de-handicap-metiers-a-risque\/#primaryimage","url":"https:\/\/blooming-heroes.com\/wp-content\/uploads\/2023\/08\/TMS-min.jpeg","contentUrl":"https:\/\/blooming-heroes.com\/wp-content\/uploads\/2023\/08\/TMS-min.jpeg","width":1024,"height":683},{"@type":"BreadcrumbList","@id":"https:\/\/blooming-heroes.com\/produit\/activites-physiques-adaptees-seniors-personnes-en-situation-de-handicap-metiers-a-risque\/#breadcrumb","itemListElement":[{"@type":"ListItem","position":1,"name":"Accueil","item":"https:\/\/blooming-heroes.com\/en\/"},{"@type":"ListItem","position":2,"name":"Produits","item":"https:\/\/blooming-heroes.com\/shop\/"},{"@type":"ListItem","position":3,"name":"Activit\u00e9s Physiques Adapt\u00e9es (seniors, personnes en situation de handicap, m\u00e9tiers \u00e0 risque\u2026)"}]},{"@type":"WebSite","@id":"https:\/\/blooming-heroes.com\/#website","url":"https:\/\/blooming-heroes.com\/","name":"Blooming Heroes","description":"Les h\u00e9ros du bien-vivre au travail","publisher":{"@id":"https:\/\/blooming-heroes.com\/#organization"},"potentialAction":[{"@type":"SearchAction","target":{"@type":"EntryPoint","urlTemplate":"https:\/\/blooming-heroes.com\/?s={search_term_string}"},"query-input":{"@type":"PropertyValueSpecification","valueRequired":true,"valueName":"search_term_string"}}],"inLanguage":"en-US"},{"@type":"Organization","@id":"https:\/\/blooming-heroes.com\/#organization","name":"Blooming Heroes","url":"https:\/\/blooming-heroes.com\/","logo":{"@type":"ImageObject","inLanguage":"en-US","@id":"https:\/\/blooming-heroes.com\/#\/schema\/logo\/image\/","url":"https:\/\/blooming-heroes.com\/wp-content\/uploads\/2022\/01\/cropped-Fichier-19.png","contentUrl":"https:\/\/blooming-heroes.com\/wp-content\/uploads\/2022\/01\/cropped-Fichier-19.png","width":512,"height":512,"caption":"Blooming Heroes"},"image":{"@id":"https:\/\/blooming-heroes.com\/#\/schema\/logo\/image\/"}}]}},"_links":{"self":[{"href":"https:\/\/blooming-heroes.com\/en\/wp-json\/wp\/v2\/product\/4735","targetHints":{"allow":["GET"]}}],"collection":[{"href":"https:\/\/blooming-heroes.com\/en\/wp-json\/wp\/v2\/product"}],"about":[{"href":"https:\/\/blooming-heroes.com\/en\/wp-json\/wp\/v2\/types\/product"}],"replies":[{"embeddable":true,"href":"https:\/\/blooming-heroes.com\/en\/wp-json\/wp\/v2\/comments?post=4735"}],"wp:featuredmedia":[{"embeddable":true,"href":"https:\/\/blooming-heroes.com\/en\/wp-json\/wp\/v2\/media\/6813"}],"wp:attachment":[{"href":"https:\/\/blooming-heroes.com\/en\/wp-json\/wp\/v2\/media?parent=4735"}],"wp:term":[{"taxonomy":"product_brand","embeddable":true,"href":"https:\/\/blooming-heroes.com\/en\/wp-json\/wp\/v2\/product_brand?post=4735"},{"taxonomy":"product_cat","embeddable":true,"href":"https:\/\/blooming-heroes.com\/en\/wp-json\/wp\/v2\/product_cat?post=4735"},{"taxonomy":"product_tag","embeddable":true,"href":"https:\/\/blooming-heroes.com\/en\/wp-json\/wp\/v2\/product_tag?post=4735"}],"curies":[{"name":"wp","href":"https:\/\/api.w.org\/{rel}","templated":true}]}}