
{"id":4736,"date":"2023-05-09T15:42:22","date_gmt":"2023-05-09T13:42:22","guid":{"rendered":"https:\/\/blooming.dev04.fr\/?post_type=product&#038;p=4736"},"modified":"2023-11-13T19:15:19","modified_gmt":"2023-11-13T18:15:19","slug":"elearning-yoga-pour-prevenir-les-tms","status":"publish","type":"product","link":"https:\/\/blooming-heroes.com\/en\/produit\/elearning-yoga-pour-prevenir-les-tms\/","title":{"rendered":"Elearning Yoga pour pr\u00e9venir les TMS"},"content":{"rendered":"<p>D\u00e9velopp\u00e9 avec des ost\u00e9opathes et des psycho-ergonomes, ce parcours e-learning \u00e9volutif a \u00e9t\u00e9 con\u00e7u pour le monde de l\u2019entreprise : sur chaise, sans se changer et sans mat\u00e9riel. Gr\u00e2ce \u00e0 un acc\u00e8s illimit\u00e9 \u00e0 un flux streaming (vid\u00e9os de 5 minutes pour introduire une routine bien-\u00eatre), le parcours permet \u00e0 vos salari\u00e9s d&#8217;apprendre comment d\u00e9stresser, se tenir droit, retrouver de l\u2019\u00e9nergie, d\u00e9tendre son cou ou ses lombaires&#8230; Il permet ainsi de pr\u00e9venir le stress et les TMS li\u00e9s \u00e0 la s\u00e9dentarit\u00e9, au travail sur \u00e9cran et au travail en g\u00e9n\u00e9ral.<\/p>\n","protected":false},"excerpt":{"rendered":"<p>D\u00e9velopp\u00e9 avec des ost\u00e9opathes et des psycho-ergonomes, ce parcours e-learning \u00e9volutif a \u00e9t\u00e9 con\u00e7u pour le monde de l\u2019entreprise : sur chaise, sans se changer et sans mat\u00e9riel. Gr\u00e2ce \u00e0 un acc\u00e8s illimit\u00e9 \u00e0 un flux streaming (vid\u00e9os de 5 minutes pour introduire une routine bien-\u00eatre), le parcours permet \u00e0 vos salari\u00e9s d&#8217;apprendre comment d\u00e9stresser, [&hellip;]<\/p>\n","protected":false},"featured_media":6853,"comment_status":"open","ping_status":"closed","template":"","meta":{"inline_featured_image":false,"_glsr_average":0,"_glsr_ranking":0,"_glsr_reviews":0},"product_brand":[],"product_cat":[78,80,88,89],"product_tag":[113,57],"class_list":{"0":"post-4736","1":"product","2":"type-product","3":"status-publish","4":"has-post-thumbnail","6":"product_cat-bien-etre","7":"product_cat-qvt-qvct","8":"product_cat-sante-physique","9":"product_cat-tms-troubles-musculosquelettiques","10":"product_tag-formation-ateliers-conferences","11":"product_tag-plateformes-digitales-applications-mobile","13":"first","14":"instock","15":"shipping-taxable","16":"product-type-simple"},"yoast_head":"<!-- This site is optimized with the Yoast SEO plugin v27.4 - https:\/\/yoast.com\/product\/yoast-seo-wordpress\/ -->\n<title>Elearning Yoga pour pr\u00e9venir les TMS - Blooming Heroes<\/title>\n<meta name=\"description\" content=\"D\u00e9velopp\u00e9 avec des ost\u00e9opathes et des psycho-ergonomes, ce parcours e-learning \u00e9volutif a \u00e9t\u00e9 con\u00e7u pour le monde de l\u2019entreprise...\" \/>\n<meta name=\"robots\" content=\"index, follow, max-snippet:-1, max-image-preview:large, max-video-preview:-1\" \/>\n<link rel=\"canonical\" href=\"https:\/\/blooming-heroes.com\/produit\/elearning-yoga-pour-prevenir-les-tms\/\" \/>\n<meta property=\"og:locale\" content=\"en_US\" \/>\n<meta property=\"og:type\" content=\"article\" \/>\n<meta property=\"og:title\" content=\"Elearning Yoga pour pr\u00e9venir les TMS - Blooming Heroes\" \/>\n<meta property=\"og:description\" content=\"D\u00e9velopp\u00e9 avec des ost\u00e9opathes et des psycho-ergonomes, ce parcours e-learning \u00e9volutif a \u00e9t\u00e9 con\u00e7u pour le monde de l\u2019entreprise...\" \/>\n<meta property=\"og:url\" content=\"https:\/\/blooming-heroes.com\/produit\/elearning-yoga-pour-prevenir-les-tms\/\" \/>\n<meta property=\"og:site_name\" content=\"Blooming Heroes\" \/>\n<meta property=\"article:modified_time\" content=\"2023-11-13T18:15:19+00:00\" \/>\n<meta property=\"og:image\" content=\"https:\/\/blooming-heroes.com\/wp-content\/uploads\/2023\/05\/digitaliser-offre-formation-min.jpeg\" \/>\n\t<meta property=\"og:image:width\" content=\"1024\" \/>\n\t<meta property=\"og:image:height\" content=\"525\" \/>\n\t<meta property=\"og:image:type\" content=\"image\/jpeg\" \/>\n<meta name=\"twitter:card\" content=\"summary_large_image\" \/>\n<meta name=\"twitter:label1\" content=\"Est. reading time\" \/>\n\t<meta name=\"twitter:data1\" content=\"1 minute\" \/>\n<script type=\"application\/ld+json\" class=\"yoast-schema-graph\">{\"@context\":\"https:\\\/\\\/schema.org\",\"@graph\":[{\"@type\":\"WebPage\",\"@id\":\"https:\\\/\\\/blooming-heroes.com\\\/produit\\\/elearning-yoga-pour-prevenir-les-tms\\\/\",\"url\":\"https:\\\/\\\/blooming-heroes.com\\\/produit\\\/elearning-yoga-pour-prevenir-les-tms\\\/\",\"name\":\"Elearning Yoga pour pr\u00e9venir les TMS - Blooming Heroes\",\"isPartOf\":{\"@id\":\"https:\\\/\\\/blooming-heroes.com\\\/#website\"},\"primaryImageOfPage\":{\"@id\":\"https:\\\/\\\/blooming-heroes.com\\\/produit\\\/elearning-yoga-pour-prevenir-les-tms\\\/#primaryimage\"},\"image\":{\"@id\":\"https:\\\/\\\/blooming-heroes.com\\\/produit\\\/elearning-yoga-pour-prevenir-les-tms\\\/#primaryimage\"},\"thumbnailUrl\":\"https:\\\/\\\/blooming-heroes.com\\\/wp-content\\\/uploads\\\/2023\\\/05\\\/digitaliser-offre-formation-min.jpeg\",\"datePublished\":\"2023-05-09T13:42:22+00:00\",\"dateModified\":\"2023-11-13T18:15:19+00:00\",\"description\":\"D\u00e9velopp\u00e9 avec des ost\u00e9opathes et des psycho-ergonomes, ce parcours e-learning \u00e9volutif a \u00e9t\u00e9 con\u00e7u pour le monde de l\u2019entreprise...\",\"breadcrumb\":{\"@id\":\"https:\\\/\\\/blooming-heroes.com\\\/produit\\\/elearning-yoga-pour-prevenir-les-tms\\\/#breadcrumb\"},\"inLanguage\":\"en-US\",\"potentialAction\":[{\"@type\":\"ReadAction\",\"target\":[\"https:\\\/\\\/blooming-heroes.com\\\/produit\\\/elearning-yoga-pour-prevenir-les-tms\\\/\"]}]},{\"@type\":\"ImageObject\",\"inLanguage\":\"en-US\",\"@id\":\"https:\\\/\\\/blooming-heroes.com\\\/produit\\\/elearning-yoga-pour-prevenir-les-tms\\\/#primaryimage\",\"url\":\"https:\\\/\\\/blooming-heroes.com\\\/wp-content\\\/uploads\\\/2023\\\/05\\\/digitaliser-offre-formation-min.jpeg\",\"contentUrl\":\"https:\\\/\\\/blooming-heroes.com\\\/wp-content\\\/uploads\\\/2023\\\/05\\\/digitaliser-offre-formation-min.jpeg\",\"width\":1024,\"height\":525},{\"@type\":\"BreadcrumbList\",\"@id\":\"https:\\\/\\\/blooming-heroes.com\\\/produit\\\/elearning-yoga-pour-prevenir-les-tms\\\/#breadcrumb\",\"itemListElement\":[{\"@type\":\"ListItem\",\"position\":1,\"name\":\"Accueil\",\"item\":\"https:\\\/\\\/blooming-heroes.com\\\/en\\\/\"},{\"@type\":\"ListItem\",\"position\":2,\"name\":\"Produits\",\"item\":\"https:\\\/\\\/blooming-heroes.com\\\/shop\\\/\"},{\"@type\":\"ListItem\",\"position\":3,\"name\":\"Elearning Yoga pour pr\u00e9venir les TMS\"}]},{\"@type\":\"WebSite\",\"@id\":\"https:\\\/\\\/blooming-heroes.com\\\/#website\",\"url\":\"https:\\\/\\\/blooming-heroes.com\\\/\",\"name\":\"Blooming Heroes\",\"description\":\"Les h\u00e9ros du bien-vivre au travail\",\"publisher\":{\"@id\":\"https:\\\/\\\/blooming-heroes.com\\\/#organization\"},\"potentialAction\":[{\"@type\":\"SearchAction\",\"target\":{\"@type\":\"EntryPoint\",\"urlTemplate\":\"https:\\\/\\\/blooming-heroes.com\\\/?s={search_term_string}\"},\"query-input\":{\"@type\":\"PropertyValueSpecification\",\"valueRequired\":true,\"valueName\":\"search_term_string\"}}],\"inLanguage\":\"en-US\"},{\"@type\":\"Organization\",\"@id\":\"https:\\\/\\\/blooming-heroes.com\\\/#organization\",\"name\":\"Blooming Heroes\",\"url\":\"https:\\\/\\\/blooming-heroes.com\\\/\",\"logo\":{\"@type\":\"ImageObject\",\"inLanguage\":\"en-US\",\"@id\":\"https:\\\/\\\/blooming-heroes.com\\\/#\\\/schema\\\/logo\\\/image\\\/\",\"url\":\"https:\\\/\\\/blooming-heroes.com\\\/wp-content\\\/uploads\\\/2022\\\/01\\\/cropped-Fichier-19.png\",\"contentUrl\":\"https:\\\/\\\/blooming-heroes.com\\\/wp-content\\\/uploads\\\/2022\\\/01\\\/cropped-Fichier-19.png\",\"width\":512,\"height\":512,\"caption\":\"Blooming Heroes\"},\"image\":{\"@id\":\"https:\\\/\\\/blooming-heroes.com\\\/#\\\/schema\\\/logo\\\/image\\\/\"}}]}<\/script>\n<!-- \/ Yoast SEO plugin. -->","yoast_head_json":{"title":"Elearning Yoga pour pr\u00e9venir les TMS - Blooming Heroes","description":"D\u00e9velopp\u00e9 avec des ost\u00e9opathes et des psycho-ergonomes, ce parcours e-learning \u00e9volutif a \u00e9t\u00e9 con\u00e7u pour le monde de l\u2019entreprise...","robots":{"index":"index","follow":"follow","max-snippet":"max-snippet:-1","max-image-preview":"max-image-preview:large","max-video-preview":"max-video-preview:-1"},"canonical":"https:\/\/blooming-heroes.com\/produit\/elearning-yoga-pour-prevenir-les-tms\/","og_locale":"en_US","og_type":"article","og_title":"Elearning Yoga pour pr\u00e9venir les TMS - Blooming Heroes","og_description":"D\u00e9velopp\u00e9 avec des ost\u00e9opathes et des psycho-ergonomes, ce parcours e-learning \u00e9volutif a \u00e9t\u00e9 con\u00e7u pour le monde de l\u2019entreprise...","og_url":"https:\/\/blooming-heroes.com\/produit\/elearning-yoga-pour-prevenir-les-tms\/","og_site_name":"Blooming Heroes","article_modified_time":"2023-11-13T18:15:19+00:00","og_image":[{"width":1024,"height":525,"url":"https:\/\/blooming-heroes.com\/wp-content\/uploads\/2023\/05\/digitaliser-offre-formation-min.jpeg","type":"image\/jpeg"}],"twitter_card":"summary_large_image","twitter_misc":{"Est. reading time":"1 minute"},"schema":{"@context":"https:\/\/schema.org","@graph":[{"@type":"WebPage","@id":"https:\/\/blooming-heroes.com\/produit\/elearning-yoga-pour-prevenir-les-tms\/","url":"https:\/\/blooming-heroes.com\/produit\/elearning-yoga-pour-prevenir-les-tms\/","name":"Elearning Yoga pour pr\u00e9venir les TMS - Blooming Heroes","isPartOf":{"@id":"https:\/\/blooming-heroes.com\/#website"},"primaryImageOfPage":{"@id":"https:\/\/blooming-heroes.com\/produit\/elearning-yoga-pour-prevenir-les-tms\/#primaryimage"},"image":{"@id":"https:\/\/blooming-heroes.com\/produit\/elearning-yoga-pour-prevenir-les-tms\/#primaryimage"},"thumbnailUrl":"https:\/\/blooming-heroes.com\/wp-content\/uploads\/2023\/05\/digitaliser-offre-formation-min.jpeg","datePublished":"2023-05-09T13:42:22+00:00","dateModified":"2023-11-13T18:15:19+00:00","description":"D\u00e9velopp\u00e9 avec des ost\u00e9opathes et des psycho-ergonomes, ce parcours e-learning \u00e9volutif a \u00e9t\u00e9 con\u00e7u pour le monde de l\u2019entreprise...","breadcrumb":{"@id":"https:\/\/blooming-heroes.com\/produit\/elearning-yoga-pour-prevenir-les-tms\/#breadcrumb"},"inLanguage":"en-US","potentialAction":[{"@type":"ReadAction","target":["https:\/\/blooming-heroes.com\/produit\/elearning-yoga-pour-prevenir-les-tms\/"]}]},{"@type":"ImageObject","inLanguage":"en-US","@id":"https:\/\/blooming-heroes.com\/produit\/elearning-yoga-pour-prevenir-les-tms\/#primaryimage","url":"https:\/\/blooming-heroes.com\/wp-content\/uploads\/2023\/05\/digitaliser-offre-formation-min.jpeg","contentUrl":"https:\/\/blooming-heroes.com\/wp-content\/uploads\/2023\/05\/digitaliser-offre-formation-min.jpeg","width":1024,"height":525},{"@type":"BreadcrumbList","@id":"https:\/\/blooming-heroes.com\/produit\/elearning-yoga-pour-prevenir-les-tms\/#breadcrumb","itemListElement":[{"@type":"ListItem","position":1,"name":"Accueil","item":"https:\/\/blooming-heroes.com\/en\/"},{"@type":"ListItem","position":2,"name":"Produits","item":"https:\/\/blooming-heroes.com\/shop\/"},{"@type":"ListItem","position":3,"name":"Elearning Yoga pour pr\u00e9venir les TMS"}]},{"@type":"WebSite","@id":"https:\/\/blooming-heroes.com\/#website","url":"https:\/\/blooming-heroes.com\/","name":"Blooming Heroes","description":"Les h\u00e9ros du bien-vivre au travail","publisher":{"@id":"https:\/\/blooming-heroes.com\/#organization"},"potentialAction":[{"@type":"SearchAction","target":{"@type":"EntryPoint","urlTemplate":"https:\/\/blooming-heroes.com\/?s={search_term_string}"},"query-input":{"@type":"PropertyValueSpecification","valueRequired":true,"valueName":"search_term_string"}}],"inLanguage":"en-US"},{"@type":"Organization","@id":"https:\/\/blooming-heroes.com\/#organization","name":"Blooming Heroes","url":"https:\/\/blooming-heroes.com\/","logo":{"@type":"ImageObject","inLanguage":"en-US","@id":"https:\/\/blooming-heroes.com\/#\/schema\/logo\/image\/","url":"https:\/\/blooming-heroes.com\/wp-content\/uploads\/2022\/01\/cropped-Fichier-19.png","contentUrl":"https:\/\/blooming-heroes.com\/wp-content\/uploads\/2022\/01\/cropped-Fichier-19.png","width":512,"height":512,"caption":"Blooming Heroes"},"image":{"@id":"https:\/\/blooming-heroes.com\/#\/schema\/logo\/image\/"}}]}},"_links":{"self":[{"href":"https:\/\/blooming-heroes.com\/en\/wp-json\/wp\/v2\/product\/4736","targetHints":{"allow":["GET"]}}],"collection":[{"href":"https:\/\/blooming-heroes.com\/en\/wp-json\/wp\/v2\/product"}],"about":[{"href":"https:\/\/blooming-heroes.com\/en\/wp-json\/wp\/v2\/types\/product"}],"replies":[{"embeddable":true,"href":"https:\/\/blooming-heroes.com\/en\/wp-json\/wp\/v2\/comments?post=4736"}],"wp:featuredmedia":[{"embeddable":true,"href":"https:\/\/blooming-heroes.com\/en\/wp-json\/wp\/v2\/media\/6853"}],"wp:attachment":[{"href":"https:\/\/blooming-heroes.com\/en\/wp-json\/wp\/v2\/media?parent=4736"}],"wp:term":[{"taxonomy":"product_brand","embeddable":true,"href":"https:\/\/blooming-heroes.com\/en\/wp-json\/wp\/v2\/product_brand?post=4736"},{"taxonomy":"product_cat","embeddable":true,"href":"https:\/\/blooming-heroes.com\/en\/wp-json\/wp\/v2\/product_cat?post=4736"},{"taxonomy":"product_tag","embeddable":true,"href":"https:\/\/blooming-heroes.com\/en\/wp-json\/wp\/v2\/product_tag?post=4736"}],"curies":[{"name":"wp","href":"https:\/\/api.w.org\/{rel}","templated":true}]}}