
{"id":4751,"date":"2023-05-15T09:25:33","date_gmt":"2023-05-15T07:25:33","guid":{"rendered":"https:\/\/blooming.dev04.fr\/?post_type=product&#038;p=4751"},"modified":"2023-11-13T19:08:07","modified_gmt":"2023-11-13T18:08:07","slug":"ateliers-en-visio-live","status":"publish","type":"product","link":"https:\/\/blooming-heroes.com\/en\/produit\/ateliers-en-visio-live\/","title":{"rendered":"Ateliers en visio-live"},"content":{"rendered":"<p>Plus de 45 activit\u00e9s et ateliers en direct pour favoriser le bien-\u00eatre et la pratique du sport des t\u00e9l\u00e9travailleurs ou \u00e9quipes itin\u00e9rantes, pour les aider \u00e0 se reconnecter, \u00e0 se maintenir en forme et \u00e0 entretenir des liens avec leurs coll\u00e8gues. Ces animations collectives sont propres \u00e0 votre entreprise et anim\u00e9s par des intervenants sp\u00e9cialis\u00e9s (ex : cours de sport, s\u00e9ances de relaxation, ateliers ou conf\u00e9rences, routine r\u00e9veil musculaire\u2026)<\/p>\n","protected":false},"excerpt":{"rendered":"<p>Plus de 45 activit\u00e9s et ateliers en direct pour favoriser le bien-\u00eatre et la pratique du sport des t\u00e9l\u00e9travailleurs ou \u00e9quipes itin\u00e9rantes, pour les aider \u00e0 se reconnecter, \u00e0 se maintenir en forme et \u00e0 entretenir des liens avec leurs coll\u00e8gues. Ces animations collectives sont propres \u00e0 votre entreprise et anim\u00e9s par des intervenants sp\u00e9cialis\u00e9s [&hellip;]<\/p>\n","protected":false},"featured_media":6795,"comment_status":"open","ping_status":"closed","template":"","meta":{"inline_featured_image":false,"_glsr_average":0,"_glsr_ranking":0,"_glsr_reviews":0},"product_brand":[],"product_cat":[78,80,75,88,89],"product_tag":[116,113],"class_list":{"0":"post-4751","1":"product","2":"type-product","3":"status-publish","4":"has-post-thumbnail","6":"product_cat-bien-etre","7":"product_cat-qvt-qvct","8":"product_cat-sante-mentale-stress-rps","9":"product_cat-sante-physique","10":"product_cat-tms-troubles-musculosquelettiques","11":"product_tag-formation-digitale","12":"product_tag-formation-ateliers-conferences","14":"first","15":"instock","16":"shipping-taxable","17":"product-type-simple"},"yoast_head":"<!-- This site is optimized with the Yoast SEO plugin v27.4 - https:\/\/yoast.com\/product\/yoast-seo-wordpress\/ -->\n<title>Ateliers en visio-live - Blooming Heroes<\/title>\n<meta name=\"description\" content=\"Plus de 45 activit\u00e9s et ateliers en direct pour favoriser le bien-\u00eatre et la pratique du sport des t\u00e9l\u00e9travailleurs ou \u00e9quipes itin\u00e9rantes...\" \/>\n<meta name=\"robots\" content=\"index, follow, max-snippet:-1, max-image-preview:large, max-video-preview:-1\" \/>\n<link rel=\"canonical\" href=\"https:\/\/blooming-heroes.com\/produit\/ateliers-en-visio-live\/\" \/>\n<meta property=\"og:locale\" content=\"en_US\" \/>\n<meta property=\"og:type\" content=\"article\" \/>\n<meta property=\"og:title\" content=\"Ateliers en visio-live - Blooming Heroes\" \/>\n<meta property=\"og:description\" content=\"Plus de 45 activit\u00e9s et ateliers en direct pour favoriser le bien-\u00eatre et la pratique du sport des t\u00e9l\u00e9travailleurs ou \u00e9quipes itin\u00e9rantes...\" \/>\n<meta property=\"og:url\" content=\"https:\/\/blooming-heroes.com\/produit\/ateliers-en-visio-live\/\" \/>\n<meta property=\"og:site_name\" content=\"Blooming Heroes\" \/>\n<meta property=\"article:modified_time\" content=\"2023-11-13T18:08:07+00:00\" \/>\n<meta property=\"og:image\" content=\"https:\/\/blooming-heroes.com\/wp-content\/uploads\/2023\/08\/Montee_en_competences-page-marketplace-min.jpeg\" \/>\n\t<meta property=\"og:image:width\" content=\"1024\" \/>\n\t<meta property=\"og:image:height\" content=\"684\" \/>\n\t<meta property=\"og:image:type\" content=\"image\/jpeg\" \/>\n<meta name=\"twitter:card\" content=\"summary_large_image\" \/>\n<meta name=\"twitter:label1\" content=\"Est. reading time\" \/>\n\t<meta name=\"twitter:data1\" content=\"1 minute\" \/>\n<script type=\"application\/ld+json\" class=\"yoast-schema-graph\">{\"@context\":\"https:\\\/\\\/schema.org\",\"@graph\":[{\"@type\":\"WebPage\",\"@id\":\"https:\\\/\\\/blooming-heroes.com\\\/produit\\\/ateliers-en-visio-live\\\/\",\"url\":\"https:\\\/\\\/blooming-heroes.com\\\/produit\\\/ateliers-en-visio-live\\\/\",\"name\":\"Ateliers en visio-live - Blooming Heroes\",\"isPartOf\":{\"@id\":\"https:\\\/\\\/blooming-heroes.com\\\/#website\"},\"primaryImageOfPage\":{\"@id\":\"https:\\\/\\\/blooming-heroes.com\\\/produit\\\/ateliers-en-visio-live\\\/#primaryimage\"},\"image\":{\"@id\":\"https:\\\/\\\/blooming-heroes.com\\\/produit\\\/ateliers-en-visio-live\\\/#primaryimage\"},\"thumbnailUrl\":\"https:\\\/\\\/blooming-heroes.com\\\/wp-content\\\/uploads\\\/2023\\\/08\\\/Montee_en_competences-page-marketplace-min.jpeg\",\"datePublished\":\"2023-05-15T07:25:33+00:00\",\"dateModified\":\"2023-11-13T18:08:07+00:00\",\"description\":\"Plus de 45 activit\u00e9s et ateliers en direct pour favoriser le bien-\u00eatre et la pratique du sport des t\u00e9l\u00e9travailleurs ou \u00e9quipes itin\u00e9rantes...\",\"breadcrumb\":{\"@id\":\"https:\\\/\\\/blooming-heroes.com\\\/produit\\\/ateliers-en-visio-live\\\/#breadcrumb\"},\"inLanguage\":\"en-US\",\"potentialAction\":[{\"@type\":\"ReadAction\",\"target\":[\"https:\\\/\\\/blooming-heroes.com\\\/produit\\\/ateliers-en-visio-live\\\/\"]}]},{\"@type\":\"ImageObject\",\"inLanguage\":\"en-US\",\"@id\":\"https:\\\/\\\/blooming-heroes.com\\\/produit\\\/ateliers-en-visio-live\\\/#primaryimage\",\"url\":\"https:\\\/\\\/blooming-heroes.com\\\/wp-content\\\/uploads\\\/2023\\\/08\\\/Montee_en_competences-page-marketplace-min.jpeg\",\"contentUrl\":\"https:\\\/\\\/blooming-heroes.com\\\/wp-content\\\/uploads\\\/2023\\\/08\\\/Montee_en_competences-page-marketplace-min.jpeg\",\"width\":1024,\"height\":684},{\"@type\":\"BreadcrumbList\",\"@id\":\"https:\\\/\\\/blooming-heroes.com\\\/produit\\\/ateliers-en-visio-live\\\/#breadcrumb\",\"itemListElement\":[{\"@type\":\"ListItem\",\"position\":1,\"name\":\"Accueil\",\"item\":\"https:\\\/\\\/blooming-heroes.com\\\/en\\\/\"},{\"@type\":\"ListItem\",\"position\":2,\"name\":\"Produits\",\"item\":\"https:\\\/\\\/blooming-heroes.com\\\/shop\\\/\"},{\"@type\":\"ListItem\",\"position\":3,\"name\":\"Ateliers en visio-live\"}]},{\"@type\":\"WebSite\",\"@id\":\"https:\\\/\\\/blooming-heroes.com\\\/#website\",\"url\":\"https:\\\/\\\/blooming-heroes.com\\\/\",\"name\":\"Blooming Heroes\",\"description\":\"Les h\u00e9ros du bien-vivre au travail\",\"publisher\":{\"@id\":\"https:\\\/\\\/blooming-heroes.com\\\/#organization\"},\"potentialAction\":[{\"@type\":\"SearchAction\",\"target\":{\"@type\":\"EntryPoint\",\"urlTemplate\":\"https:\\\/\\\/blooming-heroes.com\\\/?s={search_term_string}\"},\"query-input\":{\"@type\":\"PropertyValueSpecification\",\"valueRequired\":true,\"valueName\":\"search_term_string\"}}],\"inLanguage\":\"en-US\"},{\"@type\":\"Organization\",\"@id\":\"https:\\\/\\\/blooming-heroes.com\\\/#organization\",\"name\":\"Blooming Heroes\",\"url\":\"https:\\\/\\\/blooming-heroes.com\\\/\",\"logo\":{\"@type\":\"ImageObject\",\"inLanguage\":\"en-US\",\"@id\":\"https:\\\/\\\/blooming-heroes.com\\\/#\\\/schema\\\/logo\\\/image\\\/\",\"url\":\"https:\\\/\\\/blooming-heroes.com\\\/wp-content\\\/uploads\\\/2022\\\/01\\\/cropped-Fichier-19.png\",\"contentUrl\":\"https:\\\/\\\/blooming-heroes.com\\\/wp-content\\\/uploads\\\/2022\\\/01\\\/cropped-Fichier-19.png\",\"width\":512,\"height\":512,\"caption\":\"Blooming Heroes\"},\"image\":{\"@id\":\"https:\\\/\\\/blooming-heroes.com\\\/#\\\/schema\\\/logo\\\/image\\\/\"}}]}<\/script>\n<!-- \/ Yoast SEO plugin. -->","yoast_head_json":{"title":"Ateliers en visio-live - Blooming Heroes","description":"Plus de 45 activit\u00e9s et ateliers en direct pour favoriser le bien-\u00eatre et la pratique du sport des t\u00e9l\u00e9travailleurs ou \u00e9quipes itin\u00e9rantes...","robots":{"index":"index","follow":"follow","max-snippet":"max-snippet:-1","max-image-preview":"max-image-preview:large","max-video-preview":"max-video-preview:-1"},"canonical":"https:\/\/blooming-heroes.com\/produit\/ateliers-en-visio-live\/","og_locale":"en_US","og_type":"article","og_title":"Ateliers en visio-live - Blooming Heroes","og_description":"Plus de 45 activit\u00e9s et ateliers en direct pour favoriser le bien-\u00eatre et la pratique du sport des t\u00e9l\u00e9travailleurs ou \u00e9quipes itin\u00e9rantes...","og_url":"https:\/\/blooming-heroes.com\/produit\/ateliers-en-visio-live\/","og_site_name":"Blooming Heroes","article_modified_time":"2023-11-13T18:08:07+00:00","og_image":[{"width":1024,"height":684,"url":"https:\/\/blooming-heroes.com\/wp-content\/uploads\/2023\/08\/Montee_en_competences-page-marketplace-min.jpeg","type":"image\/jpeg"}],"twitter_card":"summary_large_image","twitter_misc":{"Est. reading time":"1 minute"},"schema":{"@context":"https:\/\/schema.org","@graph":[{"@type":"WebPage","@id":"https:\/\/blooming-heroes.com\/produit\/ateliers-en-visio-live\/","url":"https:\/\/blooming-heroes.com\/produit\/ateliers-en-visio-live\/","name":"Ateliers en visio-live - Blooming Heroes","isPartOf":{"@id":"https:\/\/blooming-heroes.com\/#website"},"primaryImageOfPage":{"@id":"https:\/\/blooming-heroes.com\/produit\/ateliers-en-visio-live\/#primaryimage"},"image":{"@id":"https:\/\/blooming-heroes.com\/produit\/ateliers-en-visio-live\/#primaryimage"},"thumbnailUrl":"https:\/\/blooming-heroes.com\/wp-content\/uploads\/2023\/08\/Montee_en_competences-page-marketplace-min.jpeg","datePublished":"2023-05-15T07:25:33+00:00","dateModified":"2023-11-13T18:08:07+00:00","description":"Plus de 45 activit\u00e9s et ateliers en direct pour favoriser le bien-\u00eatre et la pratique du sport des t\u00e9l\u00e9travailleurs ou \u00e9quipes itin\u00e9rantes...","breadcrumb":{"@id":"https:\/\/blooming-heroes.com\/produit\/ateliers-en-visio-live\/#breadcrumb"},"inLanguage":"en-US","potentialAction":[{"@type":"ReadAction","target":["https:\/\/blooming-heroes.com\/produit\/ateliers-en-visio-live\/"]}]},{"@type":"ImageObject","inLanguage":"en-US","@id":"https:\/\/blooming-heroes.com\/produit\/ateliers-en-visio-live\/#primaryimage","url":"https:\/\/blooming-heroes.com\/wp-content\/uploads\/2023\/08\/Montee_en_competences-page-marketplace-min.jpeg","contentUrl":"https:\/\/blooming-heroes.com\/wp-content\/uploads\/2023\/08\/Montee_en_competences-page-marketplace-min.jpeg","width":1024,"height":684},{"@type":"BreadcrumbList","@id":"https:\/\/blooming-heroes.com\/produit\/ateliers-en-visio-live\/#breadcrumb","itemListElement":[{"@type":"ListItem","position":1,"name":"Accueil","item":"https:\/\/blooming-heroes.com\/en\/"},{"@type":"ListItem","position":2,"name":"Produits","item":"https:\/\/blooming-heroes.com\/shop\/"},{"@type":"ListItem","position":3,"name":"Ateliers en visio-live"}]},{"@type":"WebSite","@id":"https:\/\/blooming-heroes.com\/#website","url":"https:\/\/blooming-heroes.com\/","name":"Blooming Heroes","description":"Les h\u00e9ros du bien-vivre au travail","publisher":{"@id":"https:\/\/blooming-heroes.com\/#organization"},"potentialAction":[{"@type":"SearchAction","target":{"@type":"EntryPoint","urlTemplate":"https:\/\/blooming-heroes.com\/?s={search_term_string}"},"query-input":{"@type":"PropertyValueSpecification","valueRequired":true,"valueName":"search_term_string"}}],"inLanguage":"en-US"},{"@type":"Organization","@id":"https:\/\/blooming-heroes.com\/#organization","name":"Blooming Heroes","url":"https:\/\/blooming-heroes.com\/","logo":{"@type":"ImageObject","inLanguage":"en-US","@id":"https:\/\/blooming-heroes.com\/#\/schema\/logo\/image\/","url":"https:\/\/blooming-heroes.com\/wp-content\/uploads\/2022\/01\/cropped-Fichier-19.png","contentUrl":"https:\/\/blooming-heroes.com\/wp-content\/uploads\/2022\/01\/cropped-Fichier-19.png","width":512,"height":512,"caption":"Blooming Heroes"},"image":{"@id":"https:\/\/blooming-heroes.com\/#\/schema\/logo\/image\/"}}]}},"_links":{"self":[{"href":"https:\/\/blooming-heroes.com\/en\/wp-json\/wp\/v2\/product\/4751","targetHints":{"allow":["GET"]}}],"collection":[{"href":"https:\/\/blooming-heroes.com\/en\/wp-json\/wp\/v2\/product"}],"about":[{"href":"https:\/\/blooming-heroes.com\/en\/wp-json\/wp\/v2\/types\/product"}],"replies":[{"embeddable":true,"href":"https:\/\/blooming-heroes.com\/en\/wp-json\/wp\/v2\/comments?post=4751"}],"wp:featuredmedia":[{"embeddable":true,"href":"https:\/\/blooming-heroes.com\/en\/wp-json\/wp\/v2\/media\/6795"}],"wp:attachment":[{"href":"https:\/\/blooming-heroes.com\/en\/wp-json\/wp\/v2\/media?parent=4751"}],"wp:term":[{"taxonomy":"product_brand","embeddable":true,"href":"https:\/\/blooming-heroes.com\/en\/wp-json\/wp\/v2\/product_brand?post=4751"},{"taxonomy":"product_cat","embeddable":true,"href":"https:\/\/blooming-heroes.com\/en\/wp-json\/wp\/v2\/product_cat?post=4751"},{"taxonomy":"product_tag","embeddable":true,"href":"https:\/\/blooming-heroes.com\/en\/wp-json\/wp\/v2\/product_tag?post=4751"}],"curies":[{"name":"wp","href":"https:\/\/api.w.org\/{rel}","templated":true}]}}