
{"id":4752,"date":"2023-05-15T09:26:52","date_gmt":"2023-05-15T07:26:52","guid":{"rendered":"https:\/\/blooming.dev04.fr\/?post_type=product&#038;p=4752"},"modified":"2023-11-13T19:07:41","modified_gmt":"2023-11-13T18:07:41","slug":"organisation-devenements-sportifs-bien-etre","status":"publish","type":"product","link":"https:\/\/blooming-heroes.com\/en\/produit\/organisation-devenements-sportifs-bien-etre\/","title":{"rendered":"Organisation d&#8217;\u00e9v\u00e9nements sportifs &#038; bien-\u00eatre"},"content":{"rendered":"<p>Organiser un programme sur mesure et cl\u00e9 en main, en fonction du th\u00e8me ou des enjeux de votre entreprise : Journ\u00e9e Wellness, s\u00e9minaire, semaine du bien-\u00eatre, journ\u00e9e sant\u00e9-s\u00e9curit\u00e9, semaine QVT\u2026 Une semaine, une journ\u00e9e ou quelques heures, pour sensibiliser, engager, f\u00e9d\u00e9rer, ressourcer, d\u00e9connecter, s\u2019amuser, bouger, en pr\u00e9sentiel ou \u00e0 distance, gr\u00e2ce \u00e0 l&#8217;intervention de professionnels qualifi\u00e9s (sophrologues, nutritionistes, ergonomes&#8230;)<\/p>\n","protected":false},"excerpt":{"rendered":"<p>Organiser un programme sur mesure et cl\u00e9 en main, en fonction du th\u00e8me ou des enjeux de votre entreprise : Journ\u00e9e Wellness, s\u00e9minaire, semaine du bien-\u00eatre, journ\u00e9e sant\u00e9-s\u00e9curit\u00e9, semaine QVT\u2026 Une semaine, une journ\u00e9e ou quelques heures, pour sensibiliser, engager, f\u00e9d\u00e9rer, ressourcer, d\u00e9connecter, s\u2019amuser, bouger, en pr\u00e9sentiel ou \u00e0 distance, gr\u00e2ce \u00e0 l&#8217;intervention de professionnels [&hellip;]<\/p>\n","protected":false},"featured_media":6851,"comment_status":"open","ping_status":"closed","template":"","meta":{"inline_featured_image":false,"_glsr_average":0,"_glsr_ranking":0,"_glsr_reviews":0},"product_brand":[],"product_cat":[78,80,75,88,89],"product_tag":[72,113],"class_list":{"0":"post-4752","1":"product","2":"type-product","3":"status-publish","4":"has-post-thumbnail","6":"product_cat-bien-etre","7":"product_cat-qvt-qvct","8":"product_cat-sante-mentale-stress-rps","9":"product_cat-sante-physique","10":"product_cat-tms-troubles-musculosquelettiques","11":"product_tag-evenements","12":"product_tag-formation-ateliers-conferences","14":"first","15":"instock","16":"shipping-taxable","17":"product-type-simple"},"yoast_head":"<!-- This site is optimized with the Yoast SEO plugin v27.4 - https:\/\/yoast.com\/product\/yoast-seo-wordpress\/ -->\n<title>Organisation d&#039;\u00e9v\u00e9nements sportifs &amp; bien-\u00eatre - Blooming Heroes<\/title>\n<meta name=\"description\" content=\"Organiser un programme sur mesure et cl\u00e9 en main, en fonction du th\u00e8me ou des enjeux de votre entreprise : Journ\u00e9e Wellness, s\u00e9minaire...\" \/>\n<meta name=\"robots\" content=\"index, follow, max-snippet:-1, max-image-preview:large, max-video-preview:-1\" \/>\n<link rel=\"canonical\" href=\"https:\/\/blooming-heroes.com\/produit\/organisation-devenements-sportifs-bien-etre\/\" \/>\n<meta property=\"og:locale\" content=\"en_US\" \/>\n<meta property=\"og:type\" content=\"article\" \/>\n<meta property=\"og:title\" content=\"Organisation d&#039;\u00e9v\u00e9nements sportifs &amp; bien-\u00eatre - Blooming Heroes\" \/>\n<meta property=\"og:description\" content=\"Organiser un programme sur mesure et cl\u00e9 en main, en fonction du th\u00e8me ou des enjeux de votre entreprise : Journ\u00e9e Wellness, s\u00e9minaire...\" \/>\n<meta property=\"og:url\" content=\"https:\/\/blooming-heroes.com\/produit\/organisation-devenements-sportifs-bien-etre\/\" \/>\n<meta property=\"og:site_name\" content=\"Blooming Heroes\" \/>\n<meta property=\"article:modified_time\" content=\"2023-11-13T18:07:41+00:00\" \/>\n<meta property=\"og:image\" content=\"https:\/\/blooming-heroes.com\/wp-content\/uploads\/2023\/05\/activite-physique-min.jpeg\" \/>\n\t<meta property=\"og:image:width\" content=\"1024\" \/>\n\t<meta property=\"og:image:height\" content=\"614\" \/>\n\t<meta property=\"og:image:type\" content=\"image\/jpeg\" \/>\n<meta name=\"twitter:card\" content=\"summary_large_image\" \/>\n<meta name=\"twitter:label1\" content=\"Est. reading time\" \/>\n\t<meta name=\"twitter:data1\" content=\"1 minute\" \/>\n<script type=\"application\/ld+json\" class=\"yoast-schema-graph\">{\"@context\":\"https:\\\/\\\/schema.org\",\"@graph\":[{\"@type\":\"WebPage\",\"@id\":\"https:\\\/\\\/blooming-heroes.com\\\/produit\\\/organisation-devenements-sportifs-bien-etre\\\/\",\"url\":\"https:\\\/\\\/blooming-heroes.com\\\/produit\\\/organisation-devenements-sportifs-bien-etre\\\/\",\"name\":\"Organisation d'\u00e9v\u00e9nements sportifs & bien-\u00eatre - Blooming Heroes\",\"isPartOf\":{\"@id\":\"https:\\\/\\\/blooming-heroes.com\\\/#website\"},\"primaryImageOfPage\":{\"@id\":\"https:\\\/\\\/blooming-heroes.com\\\/produit\\\/organisation-devenements-sportifs-bien-etre\\\/#primaryimage\"},\"image\":{\"@id\":\"https:\\\/\\\/blooming-heroes.com\\\/produit\\\/organisation-devenements-sportifs-bien-etre\\\/#primaryimage\"},\"thumbnailUrl\":\"https:\\\/\\\/blooming-heroes.com\\\/wp-content\\\/uploads\\\/2023\\\/05\\\/activite-physique-min.jpeg\",\"datePublished\":\"2023-05-15T07:26:52+00:00\",\"dateModified\":\"2023-11-13T18:07:41+00:00\",\"description\":\"Organiser un programme sur mesure et cl\u00e9 en main, en fonction du th\u00e8me ou des enjeux de votre entreprise : Journ\u00e9e Wellness, s\u00e9minaire...\",\"breadcrumb\":{\"@id\":\"https:\\\/\\\/blooming-heroes.com\\\/produit\\\/organisation-devenements-sportifs-bien-etre\\\/#breadcrumb\"},\"inLanguage\":\"en-US\",\"potentialAction\":[{\"@type\":\"ReadAction\",\"target\":[\"https:\\\/\\\/blooming-heroes.com\\\/produit\\\/organisation-devenements-sportifs-bien-etre\\\/\"]}]},{\"@type\":\"ImageObject\",\"inLanguage\":\"en-US\",\"@id\":\"https:\\\/\\\/blooming-heroes.com\\\/produit\\\/organisation-devenements-sportifs-bien-etre\\\/#primaryimage\",\"url\":\"https:\\\/\\\/blooming-heroes.com\\\/wp-content\\\/uploads\\\/2023\\\/05\\\/activite-physique-min.jpeg\",\"contentUrl\":\"https:\\\/\\\/blooming-heroes.com\\\/wp-content\\\/uploads\\\/2023\\\/05\\\/activite-physique-min.jpeg\",\"width\":1024,\"height\":614},{\"@type\":\"BreadcrumbList\",\"@id\":\"https:\\\/\\\/blooming-heroes.com\\\/produit\\\/organisation-devenements-sportifs-bien-etre\\\/#breadcrumb\",\"itemListElement\":[{\"@type\":\"ListItem\",\"position\":1,\"name\":\"Accueil\",\"item\":\"https:\\\/\\\/blooming-heroes.com\\\/en\\\/\"},{\"@type\":\"ListItem\",\"position\":2,\"name\":\"Produits\",\"item\":\"https:\\\/\\\/blooming-heroes.com\\\/shop\\\/\"},{\"@type\":\"ListItem\",\"position\":3,\"name\":\"Organisation d&rsquo;\u00e9v\u00e9nements sportifs &#038; bien-\u00eatre\"}]},{\"@type\":\"WebSite\",\"@id\":\"https:\\\/\\\/blooming-heroes.com\\\/#website\",\"url\":\"https:\\\/\\\/blooming-heroes.com\\\/\",\"name\":\"Blooming Heroes\",\"description\":\"Les h\u00e9ros du bien-vivre au travail\",\"publisher\":{\"@id\":\"https:\\\/\\\/blooming-heroes.com\\\/#organization\"},\"potentialAction\":[{\"@type\":\"SearchAction\",\"target\":{\"@type\":\"EntryPoint\",\"urlTemplate\":\"https:\\\/\\\/blooming-heroes.com\\\/?s={search_term_string}\"},\"query-input\":{\"@type\":\"PropertyValueSpecification\",\"valueRequired\":true,\"valueName\":\"search_term_string\"}}],\"inLanguage\":\"en-US\"},{\"@type\":\"Organization\",\"@id\":\"https:\\\/\\\/blooming-heroes.com\\\/#organization\",\"name\":\"Blooming Heroes\",\"url\":\"https:\\\/\\\/blooming-heroes.com\\\/\",\"logo\":{\"@type\":\"ImageObject\",\"inLanguage\":\"en-US\",\"@id\":\"https:\\\/\\\/blooming-heroes.com\\\/#\\\/schema\\\/logo\\\/image\\\/\",\"url\":\"https:\\\/\\\/blooming-heroes.com\\\/wp-content\\\/uploads\\\/2022\\\/01\\\/cropped-Fichier-19.png\",\"contentUrl\":\"https:\\\/\\\/blooming-heroes.com\\\/wp-content\\\/uploads\\\/2022\\\/01\\\/cropped-Fichier-19.png\",\"width\":512,\"height\":512,\"caption\":\"Blooming Heroes\"},\"image\":{\"@id\":\"https:\\\/\\\/blooming-heroes.com\\\/#\\\/schema\\\/logo\\\/image\\\/\"}}]}<\/script>\n<!-- \/ Yoast SEO plugin. -->","yoast_head_json":{"title":"Organisation d'\u00e9v\u00e9nements sportifs & bien-\u00eatre - Blooming Heroes","description":"Organiser un programme sur mesure et cl\u00e9 en main, en fonction du th\u00e8me ou des enjeux de votre entreprise : Journ\u00e9e Wellness, s\u00e9minaire...","robots":{"index":"index","follow":"follow","max-snippet":"max-snippet:-1","max-image-preview":"max-image-preview:large","max-video-preview":"max-video-preview:-1"},"canonical":"https:\/\/blooming-heroes.com\/produit\/organisation-devenements-sportifs-bien-etre\/","og_locale":"en_US","og_type":"article","og_title":"Organisation d'\u00e9v\u00e9nements sportifs & bien-\u00eatre - Blooming Heroes","og_description":"Organiser un programme sur mesure et cl\u00e9 en main, en fonction du th\u00e8me ou des enjeux de votre entreprise : Journ\u00e9e Wellness, s\u00e9minaire...","og_url":"https:\/\/blooming-heroes.com\/produit\/organisation-devenements-sportifs-bien-etre\/","og_site_name":"Blooming Heroes","article_modified_time":"2023-11-13T18:07:41+00:00","og_image":[{"width":1024,"height":614,"url":"https:\/\/blooming-heroes.com\/wp-content\/uploads\/2023\/05\/activite-physique-min.jpeg","type":"image\/jpeg"}],"twitter_card":"summary_large_image","twitter_misc":{"Est. reading time":"1 minute"},"schema":{"@context":"https:\/\/schema.org","@graph":[{"@type":"WebPage","@id":"https:\/\/blooming-heroes.com\/produit\/organisation-devenements-sportifs-bien-etre\/","url":"https:\/\/blooming-heroes.com\/produit\/organisation-devenements-sportifs-bien-etre\/","name":"Organisation d'\u00e9v\u00e9nements sportifs & bien-\u00eatre - Blooming Heroes","isPartOf":{"@id":"https:\/\/blooming-heroes.com\/#website"},"primaryImageOfPage":{"@id":"https:\/\/blooming-heroes.com\/produit\/organisation-devenements-sportifs-bien-etre\/#primaryimage"},"image":{"@id":"https:\/\/blooming-heroes.com\/produit\/organisation-devenements-sportifs-bien-etre\/#primaryimage"},"thumbnailUrl":"https:\/\/blooming-heroes.com\/wp-content\/uploads\/2023\/05\/activite-physique-min.jpeg","datePublished":"2023-05-15T07:26:52+00:00","dateModified":"2023-11-13T18:07:41+00:00","description":"Organiser un programme sur mesure et cl\u00e9 en main, en fonction du th\u00e8me ou des enjeux de votre entreprise : Journ\u00e9e Wellness, s\u00e9minaire...","breadcrumb":{"@id":"https:\/\/blooming-heroes.com\/produit\/organisation-devenements-sportifs-bien-etre\/#breadcrumb"},"inLanguage":"en-US","potentialAction":[{"@type":"ReadAction","target":["https:\/\/blooming-heroes.com\/produit\/organisation-devenements-sportifs-bien-etre\/"]}]},{"@type":"ImageObject","inLanguage":"en-US","@id":"https:\/\/blooming-heroes.com\/produit\/organisation-devenements-sportifs-bien-etre\/#primaryimage","url":"https:\/\/blooming-heroes.com\/wp-content\/uploads\/2023\/05\/activite-physique-min.jpeg","contentUrl":"https:\/\/blooming-heroes.com\/wp-content\/uploads\/2023\/05\/activite-physique-min.jpeg","width":1024,"height":614},{"@type":"BreadcrumbList","@id":"https:\/\/blooming-heroes.com\/produit\/organisation-devenements-sportifs-bien-etre\/#breadcrumb","itemListElement":[{"@type":"ListItem","position":1,"name":"Accueil","item":"https:\/\/blooming-heroes.com\/en\/"},{"@type":"ListItem","position":2,"name":"Produits","item":"https:\/\/blooming-heroes.com\/shop\/"},{"@type":"ListItem","position":3,"name":"Organisation d&rsquo;\u00e9v\u00e9nements sportifs &#038; bien-\u00eatre"}]},{"@type":"WebSite","@id":"https:\/\/blooming-heroes.com\/#website","url":"https:\/\/blooming-heroes.com\/","name":"Blooming Heroes","description":"Les h\u00e9ros du bien-vivre au travail","publisher":{"@id":"https:\/\/blooming-heroes.com\/#organization"},"potentialAction":[{"@type":"SearchAction","target":{"@type":"EntryPoint","urlTemplate":"https:\/\/blooming-heroes.com\/?s={search_term_string}"},"query-input":{"@type":"PropertyValueSpecification","valueRequired":true,"valueName":"search_term_string"}}],"inLanguage":"en-US"},{"@type":"Organization","@id":"https:\/\/blooming-heroes.com\/#organization","name":"Blooming Heroes","url":"https:\/\/blooming-heroes.com\/","logo":{"@type":"ImageObject","inLanguage":"en-US","@id":"https:\/\/blooming-heroes.com\/#\/schema\/logo\/image\/","url":"https:\/\/blooming-heroes.com\/wp-content\/uploads\/2022\/01\/cropped-Fichier-19.png","contentUrl":"https:\/\/blooming-heroes.com\/wp-content\/uploads\/2022\/01\/cropped-Fichier-19.png","width":512,"height":512,"caption":"Blooming Heroes"},"image":{"@id":"https:\/\/blooming-heroes.com\/#\/schema\/logo\/image\/"}}]}},"_links":{"self":[{"href":"https:\/\/blooming-heroes.com\/en\/wp-json\/wp\/v2\/product\/4752","targetHints":{"allow":["GET"]}}],"collection":[{"href":"https:\/\/blooming-heroes.com\/en\/wp-json\/wp\/v2\/product"}],"about":[{"href":"https:\/\/blooming-heroes.com\/en\/wp-json\/wp\/v2\/types\/product"}],"replies":[{"embeddable":true,"href":"https:\/\/blooming-heroes.com\/en\/wp-json\/wp\/v2\/comments?post=4752"}],"wp:featuredmedia":[{"embeddable":true,"href":"https:\/\/blooming-heroes.com\/en\/wp-json\/wp\/v2\/media\/6851"}],"wp:attachment":[{"href":"https:\/\/blooming-heroes.com\/en\/wp-json\/wp\/v2\/media?parent=4752"}],"wp:term":[{"taxonomy":"product_brand","embeddable":true,"href":"https:\/\/blooming-heroes.com\/en\/wp-json\/wp\/v2\/product_brand?post=4752"},{"taxonomy":"product_cat","embeddable":true,"href":"https:\/\/blooming-heroes.com\/en\/wp-json\/wp\/v2\/product_cat?post=4752"},{"taxonomy":"product_tag","embeddable":true,"href":"https:\/\/blooming-heroes.com\/en\/wp-json\/wp\/v2\/product_tag?post=4752"}],"curies":[{"name":"wp","href":"https:\/\/api.w.org\/{rel}","templated":true}]}}