
{"id":4753,"date":"2023-05-15T09:28:27","date_gmt":"2023-05-15T07:28:27","guid":{"rendered":"https:\/\/blooming.dev04.fr\/?post_type=product&#038;p=4753"},"modified":"2023-11-13T19:07:02","modified_gmt":"2023-11-13T18:07:02","slug":"co-creation-despaces-sportifs","status":"publish","type":"product","link":"https:\/\/blooming-heroes.com\/en\/produit\/co-creation-despaces-sportifs\/","title":{"rendered":"Co-cr\u00e9ation d&#8217;espaces sportifs"},"content":{"rendered":"<p>Un accompagnement \u00e0 tiroir et sur-mesure (conseil, travaux, am\u00e9nagement, \u00e9quipement, gestion et animation) pour vous aider \u00e0 cr\u00e9er et g\u00e9rer un espace unique et s\u00e9curis\u00e9, d\u00e9di\u00e9 au sport, \u00e0 la sant\u00e9 et au bien-\u00eatre des collaborateurs.<\/p>\n","protected":false},"excerpt":{"rendered":"<p>Un accompagnement \u00e0 tiroir et sur-mesure (conseil, travaux, am\u00e9nagement, \u00e9quipement, gestion et animation) pour vous aider \u00e0 cr\u00e9er et g\u00e9rer un espace unique et s\u00e9curis\u00e9, d\u00e9di\u00e9 au sport, \u00e0 la sant\u00e9 et au bien-\u00eatre des collaborateurs.<\/p>\n","protected":false},"featured_media":5484,"comment_status":"open","ping_status":"closed","template":"","meta":{"inline_featured_image":false,"_glsr_average":0,"_glsr_ranking":0,"_glsr_reviews":0},"product_brand":[],"product_cat":[78,80,88,89],"product_tag":[72,113],"class_list":{"0":"post-4753","1":"product","2":"type-product","3":"status-publish","4":"has-post-thumbnail","6":"product_cat-bien-etre","7":"product_cat-qvt-qvct","8":"product_cat-sante-physique","9":"product_cat-tms-troubles-musculosquelettiques","10":"product_tag-evenements","11":"product_tag-formation-ateliers-conferences","13":"first","14":"instock","15":"shipping-taxable","16":"product-type-simple"},"yoast_head":"<!-- This site is optimized with the Yoast SEO plugin v27.4 - https:\/\/yoast.com\/product\/yoast-seo-wordpress\/ -->\n<title>Co-cr\u00e9ation d&#039;espaces sportifs - Blooming Heroes<\/title>\n<meta name=\"description\" content=\"Un accompagnement \u00e0 tiroir et sur-mesure (conseil, travaux, am\u00e9nagement, \u00e9quipement, gestion et animation) pour vous aider \u00e0 cr\u00e9er et g\u00e9rer un espace...\" \/>\n<meta name=\"robots\" content=\"index, follow, max-snippet:-1, max-image-preview:large, max-video-preview:-1\" \/>\n<link rel=\"canonical\" href=\"https:\/\/blooming-heroes.com\/produit\/co-creation-despaces-sportifs\/\" \/>\n<meta property=\"og:locale\" content=\"en_US\" \/>\n<meta property=\"og:type\" content=\"article\" \/>\n<meta property=\"og:title\" content=\"Co-cr\u00e9ation d&#039;espaces sportifs - Blooming Heroes\" \/>\n<meta property=\"og:description\" content=\"Un accompagnement \u00e0 tiroir et sur-mesure (conseil, travaux, am\u00e9nagement, \u00e9quipement, gestion et animation) pour vous aider \u00e0 cr\u00e9er et g\u00e9rer un espace...\" \/>\n<meta property=\"og:url\" content=\"https:\/\/blooming-heroes.com\/produit\/co-creation-despaces-sportifs\/\" \/>\n<meta property=\"og:site_name\" content=\"Blooming Heroes\" \/>\n<meta property=\"article:modified_time\" content=\"2023-11-13T18:07:02+00:00\" \/>\n<meta property=\"og:image\" content=\"https:\/\/blooming-heroes.com\/wp-content\/uploads\/2023\/05\/ateliers-bien-etre.jpeg\" \/>\n\t<meta property=\"og:image:width\" content=\"1024\" \/>\n\t<meta property=\"og:image:height\" content=\"683\" \/>\n\t<meta property=\"og:image:type\" content=\"image\/jpeg\" \/>\n<meta name=\"twitter:card\" content=\"summary_large_image\" \/>\n<meta name=\"twitter:label1\" content=\"Est. reading time\" \/>\n\t<meta name=\"twitter:data1\" content=\"1 minute\" \/>\n<script type=\"application\/ld+json\" class=\"yoast-schema-graph\">{\"@context\":\"https:\\\/\\\/schema.org\",\"@graph\":[{\"@type\":\"WebPage\",\"@id\":\"https:\\\/\\\/blooming-heroes.com\\\/produit\\\/co-creation-despaces-sportifs\\\/\",\"url\":\"https:\\\/\\\/blooming-heroes.com\\\/produit\\\/co-creation-despaces-sportifs\\\/\",\"name\":\"Co-cr\u00e9ation d'espaces sportifs - Blooming Heroes\",\"isPartOf\":{\"@id\":\"https:\\\/\\\/blooming-heroes.com\\\/#website\"},\"primaryImageOfPage\":{\"@id\":\"https:\\\/\\\/blooming-heroes.com\\\/produit\\\/co-creation-despaces-sportifs\\\/#primaryimage\"},\"image\":{\"@id\":\"https:\\\/\\\/blooming-heroes.com\\\/produit\\\/co-creation-despaces-sportifs\\\/#primaryimage\"},\"thumbnailUrl\":\"https:\\\/\\\/blooming-heroes.com\\\/wp-content\\\/uploads\\\/2023\\\/05\\\/ateliers-bien-etre.jpeg\",\"datePublished\":\"2023-05-15T07:28:27+00:00\",\"dateModified\":\"2023-11-13T18:07:02+00:00\",\"description\":\"Un accompagnement \u00e0 tiroir et sur-mesure (conseil, travaux, am\u00e9nagement, \u00e9quipement, gestion et animation) pour vous aider \u00e0 cr\u00e9er et g\u00e9rer un espace...\",\"breadcrumb\":{\"@id\":\"https:\\\/\\\/blooming-heroes.com\\\/produit\\\/co-creation-despaces-sportifs\\\/#breadcrumb\"},\"inLanguage\":\"en-US\",\"potentialAction\":[{\"@type\":\"ReadAction\",\"target\":[\"https:\\\/\\\/blooming-heroes.com\\\/produit\\\/co-creation-despaces-sportifs\\\/\"]}]},{\"@type\":\"ImageObject\",\"inLanguage\":\"en-US\",\"@id\":\"https:\\\/\\\/blooming-heroes.com\\\/produit\\\/co-creation-despaces-sportifs\\\/#primaryimage\",\"url\":\"https:\\\/\\\/blooming-heroes.com\\\/wp-content\\\/uploads\\\/2023\\\/05\\\/ateliers-bien-etre.jpeg\",\"contentUrl\":\"https:\\\/\\\/blooming-heroes.com\\\/wp-content\\\/uploads\\\/2023\\\/05\\\/ateliers-bien-etre.jpeg\",\"width\":1024,\"height\":683,\"caption\":\"Focus on young beautiful peaceful african american woman sitting in row with mindful diverse people in lotus padmasana pose with folded in mudra sign hands and closed eyes, meditating at yoga class.\"},{\"@type\":\"BreadcrumbList\",\"@id\":\"https:\\\/\\\/blooming-heroes.com\\\/produit\\\/co-creation-despaces-sportifs\\\/#breadcrumb\",\"itemListElement\":[{\"@type\":\"ListItem\",\"position\":1,\"name\":\"Accueil\",\"item\":\"https:\\\/\\\/blooming-heroes.com\\\/en\\\/\"},{\"@type\":\"ListItem\",\"position\":2,\"name\":\"Produits\",\"item\":\"https:\\\/\\\/blooming-heroes.com\\\/shop\\\/\"},{\"@type\":\"ListItem\",\"position\":3,\"name\":\"Co-cr\u00e9ation d&rsquo;espaces sportifs\"}]},{\"@type\":\"WebSite\",\"@id\":\"https:\\\/\\\/blooming-heroes.com\\\/#website\",\"url\":\"https:\\\/\\\/blooming-heroes.com\\\/\",\"name\":\"Blooming Heroes\",\"description\":\"Les h\u00e9ros du bien-vivre au travail\",\"publisher\":{\"@id\":\"https:\\\/\\\/blooming-heroes.com\\\/#organization\"},\"potentialAction\":[{\"@type\":\"SearchAction\",\"target\":{\"@type\":\"EntryPoint\",\"urlTemplate\":\"https:\\\/\\\/blooming-heroes.com\\\/?s={search_term_string}\"},\"query-input\":{\"@type\":\"PropertyValueSpecification\",\"valueRequired\":true,\"valueName\":\"search_term_string\"}}],\"inLanguage\":\"en-US\"},{\"@type\":\"Organization\",\"@id\":\"https:\\\/\\\/blooming-heroes.com\\\/#organization\",\"name\":\"Blooming Heroes\",\"url\":\"https:\\\/\\\/blooming-heroes.com\\\/\",\"logo\":{\"@type\":\"ImageObject\",\"inLanguage\":\"en-US\",\"@id\":\"https:\\\/\\\/blooming-heroes.com\\\/#\\\/schema\\\/logo\\\/image\\\/\",\"url\":\"https:\\\/\\\/blooming-heroes.com\\\/wp-content\\\/uploads\\\/2022\\\/01\\\/cropped-Fichier-19.png\",\"contentUrl\":\"https:\\\/\\\/blooming-heroes.com\\\/wp-content\\\/uploads\\\/2022\\\/01\\\/cropped-Fichier-19.png\",\"width\":512,\"height\":512,\"caption\":\"Blooming Heroes\"},\"image\":{\"@id\":\"https:\\\/\\\/blooming-heroes.com\\\/#\\\/schema\\\/logo\\\/image\\\/\"}}]}<\/script>\n<!-- \/ Yoast SEO plugin. -->","yoast_head_json":{"title":"Co-cr\u00e9ation d'espaces sportifs - Blooming Heroes","description":"Un accompagnement \u00e0 tiroir et sur-mesure (conseil, travaux, am\u00e9nagement, \u00e9quipement, gestion et animation) pour vous aider \u00e0 cr\u00e9er et g\u00e9rer un espace...","robots":{"index":"index","follow":"follow","max-snippet":"max-snippet:-1","max-image-preview":"max-image-preview:large","max-video-preview":"max-video-preview:-1"},"canonical":"https:\/\/blooming-heroes.com\/produit\/co-creation-despaces-sportifs\/","og_locale":"en_US","og_type":"article","og_title":"Co-cr\u00e9ation d'espaces sportifs - Blooming Heroes","og_description":"Un accompagnement \u00e0 tiroir et sur-mesure (conseil, travaux, am\u00e9nagement, \u00e9quipement, gestion et animation) pour vous aider \u00e0 cr\u00e9er et g\u00e9rer un espace...","og_url":"https:\/\/blooming-heroes.com\/produit\/co-creation-despaces-sportifs\/","og_site_name":"Blooming Heroes","article_modified_time":"2023-11-13T18:07:02+00:00","og_image":[{"width":1024,"height":683,"url":"https:\/\/blooming-heroes.com\/wp-content\/uploads\/2023\/05\/ateliers-bien-etre.jpeg","type":"image\/jpeg"}],"twitter_card":"summary_large_image","twitter_misc":{"Est. reading time":"1 minute"},"schema":{"@context":"https:\/\/schema.org","@graph":[{"@type":"WebPage","@id":"https:\/\/blooming-heroes.com\/produit\/co-creation-despaces-sportifs\/","url":"https:\/\/blooming-heroes.com\/produit\/co-creation-despaces-sportifs\/","name":"Co-cr\u00e9ation d'espaces sportifs - Blooming Heroes","isPartOf":{"@id":"https:\/\/blooming-heroes.com\/#website"},"primaryImageOfPage":{"@id":"https:\/\/blooming-heroes.com\/produit\/co-creation-despaces-sportifs\/#primaryimage"},"image":{"@id":"https:\/\/blooming-heroes.com\/produit\/co-creation-despaces-sportifs\/#primaryimage"},"thumbnailUrl":"https:\/\/blooming-heroes.com\/wp-content\/uploads\/2023\/05\/ateliers-bien-etre.jpeg","datePublished":"2023-05-15T07:28:27+00:00","dateModified":"2023-11-13T18:07:02+00:00","description":"Un accompagnement \u00e0 tiroir et sur-mesure (conseil, travaux, am\u00e9nagement, \u00e9quipement, gestion et animation) pour vous aider \u00e0 cr\u00e9er et g\u00e9rer un espace...","breadcrumb":{"@id":"https:\/\/blooming-heroes.com\/produit\/co-creation-despaces-sportifs\/#breadcrumb"},"inLanguage":"en-US","potentialAction":[{"@type":"ReadAction","target":["https:\/\/blooming-heroes.com\/produit\/co-creation-despaces-sportifs\/"]}]},{"@type":"ImageObject","inLanguage":"en-US","@id":"https:\/\/blooming-heroes.com\/produit\/co-creation-despaces-sportifs\/#primaryimage","url":"https:\/\/blooming-heroes.com\/wp-content\/uploads\/2023\/05\/ateliers-bien-etre.jpeg","contentUrl":"https:\/\/blooming-heroes.com\/wp-content\/uploads\/2023\/05\/ateliers-bien-etre.jpeg","width":1024,"height":683,"caption":"Focus on young beautiful peaceful african american woman sitting in row with mindful diverse people in lotus padmasana pose with folded in mudra sign hands and closed eyes, meditating at yoga class."},{"@type":"BreadcrumbList","@id":"https:\/\/blooming-heroes.com\/produit\/co-creation-despaces-sportifs\/#breadcrumb","itemListElement":[{"@type":"ListItem","position":1,"name":"Accueil","item":"https:\/\/blooming-heroes.com\/en\/"},{"@type":"ListItem","position":2,"name":"Produits","item":"https:\/\/blooming-heroes.com\/shop\/"},{"@type":"ListItem","position":3,"name":"Co-cr\u00e9ation d&rsquo;espaces sportifs"}]},{"@type":"WebSite","@id":"https:\/\/blooming-heroes.com\/#website","url":"https:\/\/blooming-heroes.com\/","name":"Blooming Heroes","description":"Les h\u00e9ros du bien-vivre au travail","publisher":{"@id":"https:\/\/blooming-heroes.com\/#organization"},"potentialAction":[{"@type":"SearchAction","target":{"@type":"EntryPoint","urlTemplate":"https:\/\/blooming-heroes.com\/?s={search_term_string}"},"query-input":{"@type":"PropertyValueSpecification","valueRequired":true,"valueName":"search_term_string"}}],"inLanguage":"en-US"},{"@type":"Organization","@id":"https:\/\/blooming-heroes.com\/#organization","name":"Blooming Heroes","url":"https:\/\/blooming-heroes.com\/","logo":{"@type":"ImageObject","inLanguage":"en-US","@id":"https:\/\/blooming-heroes.com\/#\/schema\/logo\/image\/","url":"https:\/\/blooming-heroes.com\/wp-content\/uploads\/2022\/01\/cropped-Fichier-19.png","contentUrl":"https:\/\/blooming-heroes.com\/wp-content\/uploads\/2022\/01\/cropped-Fichier-19.png","width":512,"height":512,"caption":"Blooming Heroes"},"image":{"@id":"https:\/\/blooming-heroes.com\/#\/schema\/logo\/image\/"}}]}},"_links":{"self":[{"href":"https:\/\/blooming-heroes.com\/en\/wp-json\/wp\/v2\/product\/4753","targetHints":{"allow":["GET"]}}],"collection":[{"href":"https:\/\/blooming-heroes.com\/en\/wp-json\/wp\/v2\/product"}],"about":[{"href":"https:\/\/blooming-heroes.com\/en\/wp-json\/wp\/v2\/types\/product"}],"replies":[{"embeddable":true,"href":"https:\/\/blooming-heroes.com\/en\/wp-json\/wp\/v2\/comments?post=4753"}],"wp:featuredmedia":[{"embeddable":true,"href":"https:\/\/blooming-heroes.com\/en\/wp-json\/wp\/v2\/media\/5484"}],"wp:attachment":[{"href":"https:\/\/blooming-heroes.com\/en\/wp-json\/wp\/v2\/media?parent=4753"}],"wp:term":[{"taxonomy":"product_brand","embeddable":true,"href":"https:\/\/blooming-heroes.com\/en\/wp-json\/wp\/v2\/product_brand?post=4753"},{"taxonomy":"product_cat","embeddable":true,"href":"https:\/\/blooming-heroes.com\/en\/wp-json\/wp\/v2\/product_cat?post=4753"},{"taxonomy":"product_tag","embeddable":true,"href":"https:\/\/blooming-heroes.com\/en\/wp-json\/wp\/v2\/product_tag?post=4753"}],"curies":[{"name":"wp","href":"https:\/\/api.w.org\/{rel}","templated":true}]}}