
{"id":4757,"date":"2023-05-15T09:35:15","date_gmt":"2023-05-15T07:35:15","guid":{"rendered":"https:\/\/blooming.dev04.fr\/?post_type=product&#038;p=4757"},"modified":"2023-11-13T19:05:02","modified_gmt":"2023-11-13T18:05:02","slug":"formations-et-sensibilisations-organisation-productivite","status":"publish","type":"product","link":"https:\/\/blooming-heroes.com\/en\/produit\/formations-et-sensibilisations-organisation-productivite\/","title":{"rendered":"Formations et sensibilisations Organisation &#038; Productivit\u00e9"},"content":{"rendered":"<p>Formez vos salari\u00e9s \u00e0 pr\u00e9venir les risques auxquels ils sont expos\u00e9s et sensibilisez-les aux bonnes pratiques. Des ateliers interactifs, mixant th\u00e9orie (1\/3) et pratique (2\/3), en pr\u00e9sentiel ou distanciel. Exemples de programmes : Mieux g\u00e9rer son temps : mode d\u2019emploi \/ Rituels bien-\u00eatre : apprendre \u00e0 prendre soin de soi \/ R\u00e9ussir le pari du t\u00e9l\u00e9travail \/ Confiance en soi : les \u00e9tapes pour gagner en s\u00e9r\u00e9nit\u00e9 et en efficacit\u00e9 \/ Travailler mieux, pas plus : comment am\u00e9liorer sa productivit\u00e9 \/ Apprendre \u00e0 ma\u00eetriser ses priorit\u00e9s \/ D\u00e9veloppement personnel : pourquoi et comment le prendre en main \/ Zen digital : r\u00e9ussir sa d\u00e9connexion num\u00e9rique \/ D\u00e9velopper son intelligence \u00e9motionnelle \/ Inbox zero, ou l\u2019art de mieux g\u00e9rer ses emails \/ Comprendre et ma\u00eetriser la communication non violente \/ Handicap : s\u2019informer et s\u2019inspirer autour de figures embl\u00e9matiques &#8230;<\/p>\n","protected":false},"excerpt":{"rendered":"<p>Formez vos salari\u00e9s \u00e0 pr\u00e9venir les risques auxquels ils sont expos\u00e9s et sensibilisez-les aux bonnes pratiques. Des ateliers interactifs, mixant th\u00e9orie (1\/3) et pratique (2\/3), en pr\u00e9sentiel ou distanciel. Exemples de programmes : Mieux g\u00e9rer son temps : mode d\u2019emploi \/ Rituels bien-\u00eatre : apprendre \u00e0 prendre soin de soi \/ R\u00e9ussir le pari du [&hellip;]<\/p>\n","protected":false},"featured_media":6803,"comment_status":"open","ping_status":"closed","template":"","meta":{"inline_featured_image":false,"_glsr_average":0,"_glsr_ranking":0,"_glsr_reviews":0},"product_brand":[],"product_cat":[90],"product_tag":[113],"class_list":{"0":"post-4757","1":"product","2":"type-product","3":"status-publish","4":"has-post-thumbnail","6":"product_cat-competences-developpement-personnel","7":"product_tag-formation-ateliers-conferences","9":"first","10":"instock","11":"shipping-taxable","12":"product-type-simple"},"yoast_head":"<!-- This site is optimized with the Yoast SEO plugin v27.4 - https:\/\/yoast.com\/product\/yoast-seo-wordpress\/ -->\n<title>Formations et sensibilisations Organisation &amp; Productivit\u00e9<\/title>\n<meta name=\"description\" content=\"Formez vos salari\u00e9s \u00e0 pr\u00e9venir les risques auxquels ils sont expos\u00e9s et sensibilisez-les aux bonnes pratiques. Des ateliers interactifs, mixant th\u00e9orie...\" \/>\n<meta name=\"robots\" content=\"index, follow, max-snippet:-1, max-image-preview:large, max-video-preview:-1\" \/>\n<link rel=\"canonical\" href=\"https:\/\/blooming-heroes.com\/produit\/formations-et-sensibilisations-organisation-productivite\/\" \/>\n<meta property=\"og:locale\" content=\"en_US\" \/>\n<meta property=\"og:type\" content=\"article\" \/>\n<meta property=\"og:title\" content=\"Formations et sensibilisations Organisation &amp; Productivit\u00e9\" \/>\n<meta property=\"og:description\" content=\"Formez vos salari\u00e9s \u00e0 pr\u00e9venir les risques auxquels ils sont expos\u00e9s et sensibilisez-les aux bonnes pratiques. Des ateliers interactifs, mixant th\u00e9orie...\" \/>\n<meta property=\"og:url\" content=\"https:\/\/blooming-heroes.com\/produit\/formations-et-sensibilisations-organisation-productivite\/\" \/>\n<meta property=\"og:site_name\" content=\"Blooming Heroes\" \/>\n<meta property=\"article:modified_time\" content=\"2023-11-13T18:05:02+00:00\" \/>\n<meta property=\"og:image\" content=\"https:\/\/blooming-heroes.com\/wp-content\/uploads\/2023\/08\/formation-sur-mesure-min.jpeg\" \/>\n\t<meta property=\"og:image:width\" content=\"1024\" \/>\n\t<meta property=\"og:image:height\" content=\"683\" \/>\n\t<meta property=\"og:image:type\" content=\"image\/jpeg\" \/>\n<meta name=\"twitter:card\" content=\"summary_large_image\" \/>\n<meta name=\"twitter:label1\" content=\"Est. reading time\" \/>\n\t<meta name=\"twitter:data1\" content=\"1 minute\" \/>\n<script type=\"application\/ld+json\" class=\"yoast-schema-graph\">{\"@context\":\"https:\\\/\\\/schema.org\",\"@graph\":[{\"@type\":\"WebPage\",\"@id\":\"https:\\\/\\\/blooming-heroes.com\\\/produit\\\/formations-et-sensibilisations-organisation-productivite\\\/\",\"url\":\"https:\\\/\\\/blooming-heroes.com\\\/produit\\\/formations-et-sensibilisations-organisation-productivite\\\/\",\"name\":\"Formations et sensibilisations Organisation & Productivit\u00e9\",\"isPartOf\":{\"@id\":\"https:\\\/\\\/blooming-heroes.com\\\/#website\"},\"primaryImageOfPage\":{\"@id\":\"https:\\\/\\\/blooming-heroes.com\\\/produit\\\/formations-et-sensibilisations-organisation-productivite\\\/#primaryimage\"},\"image\":{\"@id\":\"https:\\\/\\\/blooming-heroes.com\\\/produit\\\/formations-et-sensibilisations-organisation-productivite\\\/#primaryimage\"},\"thumbnailUrl\":\"https:\\\/\\\/blooming-heroes.com\\\/wp-content\\\/uploads\\\/2023\\\/08\\\/formation-sur-mesure-min.jpeg\",\"datePublished\":\"2023-05-15T07:35:15+00:00\",\"dateModified\":\"2023-11-13T18:05:02+00:00\",\"description\":\"Formez vos salari\u00e9s \u00e0 pr\u00e9venir les risques auxquels ils sont expos\u00e9s et sensibilisez-les aux bonnes pratiques. Des ateliers interactifs, mixant th\u00e9orie...\",\"breadcrumb\":{\"@id\":\"https:\\\/\\\/blooming-heroes.com\\\/produit\\\/formations-et-sensibilisations-organisation-productivite\\\/#breadcrumb\"},\"inLanguage\":\"en-US\",\"potentialAction\":[{\"@type\":\"ReadAction\",\"target\":[\"https:\\\/\\\/blooming-heroes.com\\\/produit\\\/formations-et-sensibilisations-organisation-productivite\\\/\"]}]},{\"@type\":\"ImageObject\",\"inLanguage\":\"en-US\",\"@id\":\"https:\\\/\\\/blooming-heroes.com\\\/produit\\\/formations-et-sensibilisations-organisation-productivite\\\/#primaryimage\",\"url\":\"https:\\\/\\\/blooming-heroes.com\\\/wp-content\\\/uploads\\\/2023\\\/08\\\/formation-sur-mesure-min.jpeg\",\"contentUrl\":\"https:\\\/\\\/blooming-heroes.com\\\/wp-content\\\/uploads\\\/2023\\\/08\\\/formation-sur-mesure-min.jpeg\",\"width\":1024,\"height\":683},{\"@type\":\"BreadcrumbList\",\"@id\":\"https:\\\/\\\/blooming-heroes.com\\\/produit\\\/formations-et-sensibilisations-organisation-productivite\\\/#breadcrumb\",\"itemListElement\":[{\"@type\":\"ListItem\",\"position\":1,\"name\":\"Accueil\",\"item\":\"https:\\\/\\\/blooming-heroes.com\\\/en\\\/\"},{\"@type\":\"ListItem\",\"position\":2,\"name\":\"Produits\",\"item\":\"https:\\\/\\\/blooming-heroes.com\\\/shop\\\/\"},{\"@type\":\"ListItem\",\"position\":3,\"name\":\"Formations et sensibilisations Organisation &#038; Productivit\u00e9\"}]},{\"@type\":\"WebSite\",\"@id\":\"https:\\\/\\\/blooming-heroes.com\\\/#website\",\"url\":\"https:\\\/\\\/blooming-heroes.com\\\/\",\"name\":\"Blooming Heroes\",\"description\":\"Les h\u00e9ros du bien-vivre au travail\",\"publisher\":{\"@id\":\"https:\\\/\\\/blooming-heroes.com\\\/#organization\"},\"potentialAction\":[{\"@type\":\"SearchAction\",\"target\":{\"@type\":\"EntryPoint\",\"urlTemplate\":\"https:\\\/\\\/blooming-heroes.com\\\/?s={search_term_string}\"},\"query-input\":{\"@type\":\"PropertyValueSpecification\",\"valueRequired\":true,\"valueName\":\"search_term_string\"}}],\"inLanguage\":\"en-US\"},{\"@type\":\"Organization\",\"@id\":\"https:\\\/\\\/blooming-heroes.com\\\/#organization\",\"name\":\"Blooming Heroes\",\"url\":\"https:\\\/\\\/blooming-heroes.com\\\/\",\"logo\":{\"@type\":\"ImageObject\",\"inLanguage\":\"en-US\",\"@id\":\"https:\\\/\\\/blooming-heroes.com\\\/#\\\/schema\\\/logo\\\/image\\\/\",\"url\":\"https:\\\/\\\/blooming-heroes.com\\\/wp-content\\\/uploads\\\/2022\\\/01\\\/cropped-Fichier-19.png\",\"contentUrl\":\"https:\\\/\\\/blooming-heroes.com\\\/wp-content\\\/uploads\\\/2022\\\/01\\\/cropped-Fichier-19.png\",\"width\":512,\"height\":512,\"caption\":\"Blooming Heroes\"},\"image\":{\"@id\":\"https:\\\/\\\/blooming-heroes.com\\\/#\\\/schema\\\/logo\\\/image\\\/\"}}]}<\/script>\n<!-- \/ Yoast SEO plugin. -->","yoast_head_json":{"title":"Formations et sensibilisations Organisation & Productivit\u00e9","description":"Formez vos salari\u00e9s \u00e0 pr\u00e9venir les risques auxquels ils sont expos\u00e9s et sensibilisez-les aux bonnes pratiques. Des ateliers interactifs, mixant th\u00e9orie...","robots":{"index":"index","follow":"follow","max-snippet":"max-snippet:-1","max-image-preview":"max-image-preview:large","max-video-preview":"max-video-preview:-1"},"canonical":"https:\/\/blooming-heroes.com\/produit\/formations-et-sensibilisations-organisation-productivite\/","og_locale":"en_US","og_type":"article","og_title":"Formations et sensibilisations Organisation & Productivit\u00e9","og_description":"Formez vos salari\u00e9s \u00e0 pr\u00e9venir les risques auxquels ils sont expos\u00e9s et sensibilisez-les aux bonnes pratiques. Des ateliers interactifs, mixant th\u00e9orie...","og_url":"https:\/\/blooming-heroes.com\/produit\/formations-et-sensibilisations-organisation-productivite\/","og_site_name":"Blooming Heroes","article_modified_time":"2023-11-13T18:05:02+00:00","og_image":[{"width":1024,"height":683,"url":"https:\/\/blooming-heroes.com\/wp-content\/uploads\/2023\/08\/formation-sur-mesure-min.jpeg","type":"image\/jpeg"}],"twitter_card":"summary_large_image","twitter_misc":{"Est. reading time":"1 minute"},"schema":{"@context":"https:\/\/schema.org","@graph":[{"@type":"WebPage","@id":"https:\/\/blooming-heroes.com\/produit\/formations-et-sensibilisations-organisation-productivite\/","url":"https:\/\/blooming-heroes.com\/produit\/formations-et-sensibilisations-organisation-productivite\/","name":"Formations et sensibilisations Organisation & Productivit\u00e9","isPartOf":{"@id":"https:\/\/blooming-heroes.com\/#website"},"primaryImageOfPage":{"@id":"https:\/\/blooming-heroes.com\/produit\/formations-et-sensibilisations-organisation-productivite\/#primaryimage"},"image":{"@id":"https:\/\/blooming-heroes.com\/produit\/formations-et-sensibilisations-organisation-productivite\/#primaryimage"},"thumbnailUrl":"https:\/\/blooming-heroes.com\/wp-content\/uploads\/2023\/08\/formation-sur-mesure-min.jpeg","datePublished":"2023-05-15T07:35:15+00:00","dateModified":"2023-11-13T18:05:02+00:00","description":"Formez vos salari\u00e9s \u00e0 pr\u00e9venir les risques auxquels ils sont expos\u00e9s et sensibilisez-les aux bonnes pratiques. Des ateliers interactifs, mixant th\u00e9orie...","breadcrumb":{"@id":"https:\/\/blooming-heroes.com\/produit\/formations-et-sensibilisations-organisation-productivite\/#breadcrumb"},"inLanguage":"en-US","potentialAction":[{"@type":"ReadAction","target":["https:\/\/blooming-heroes.com\/produit\/formations-et-sensibilisations-organisation-productivite\/"]}]},{"@type":"ImageObject","inLanguage":"en-US","@id":"https:\/\/blooming-heroes.com\/produit\/formations-et-sensibilisations-organisation-productivite\/#primaryimage","url":"https:\/\/blooming-heroes.com\/wp-content\/uploads\/2023\/08\/formation-sur-mesure-min.jpeg","contentUrl":"https:\/\/blooming-heroes.com\/wp-content\/uploads\/2023\/08\/formation-sur-mesure-min.jpeg","width":1024,"height":683},{"@type":"BreadcrumbList","@id":"https:\/\/blooming-heroes.com\/produit\/formations-et-sensibilisations-organisation-productivite\/#breadcrumb","itemListElement":[{"@type":"ListItem","position":1,"name":"Accueil","item":"https:\/\/blooming-heroes.com\/en\/"},{"@type":"ListItem","position":2,"name":"Produits","item":"https:\/\/blooming-heroes.com\/shop\/"},{"@type":"ListItem","position":3,"name":"Formations et sensibilisations Organisation &#038; Productivit\u00e9"}]},{"@type":"WebSite","@id":"https:\/\/blooming-heroes.com\/#website","url":"https:\/\/blooming-heroes.com\/","name":"Blooming Heroes","description":"Les h\u00e9ros du bien-vivre au travail","publisher":{"@id":"https:\/\/blooming-heroes.com\/#organization"},"potentialAction":[{"@type":"SearchAction","target":{"@type":"EntryPoint","urlTemplate":"https:\/\/blooming-heroes.com\/?s={search_term_string}"},"query-input":{"@type":"PropertyValueSpecification","valueRequired":true,"valueName":"search_term_string"}}],"inLanguage":"en-US"},{"@type":"Organization","@id":"https:\/\/blooming-heroes.com\/#organization","name":"Blooming Heroes","url":"https:\/\/blooming-heroes.com\/","logo":{"@type":"ImageObject","inLanguage":"en-US","@id":"https:\/\/blooming-heroes.com\/#\/schema\/logo\/image\/","url":"https:\/\/blooming-heroes.com\/wp-content\/uploads\/2022\/01\/cropped-Fichier-19.png","contentUrl":"https:\/\/blooming-heroes.com\/wp-content\/uploads\/2022\/01\/cropped-Fichier-19.png","width":512,"height":512,"caption":"Blooming Heroes"},"image":{"@id":"https:\/\/blooming-heroes.com\/#\/schema\/logo\/image\/"}}]}},"_links":{"self":[{"href":"https:\/\/blooming-heroes.com\/en\/wp-json\/wp\/v2\/product\/4757","targetHints":{"allow":["GET"]}}],"collection":[{"href":"https:\/\/blooming-heroes.com\/en\/wp-json\/wp\/v2\/product"}],"about":[{"href":"https:\/\/blooming-heroes.com\/en\/wp-json\/wp\/v2\/types\/product"}],"replies":[{"embeddable":true,"href":"https:\/\/blooming-heroes.com\/en\/wp-json\/wp\/v2\/comments?post=4757"}],"wp:featuredmedia":[{"embeddable":true,"href":"https:\/\/blooming-heroes.com\/en\/wp-json\/wp\/v2\/media\/6803"}],"wp:attachment":[{"href":"https:\/\/blooming-heroes.com\/en\/wp-json\/wp\/v2\/media?parent=4757"}],"wp:term":[{"taxonomy":"product_brand","embeddable":true,"href":"https:\/\/blooming-heroes.com\/en\/wp-json\/wp\/v2\/product_brand?post=4757"},{"taxonomy":"product_cat","embeddable":true,"href":"https:\/\/blooming-heroes.com\/en\/wp-json\/wp\/v2\/product_cat?post=4757"},{"taxonomy":"product_tag","embeddable":true,"href":"https:\/\/blooming-heroes.com\/en\/wp-json\/wp\/v2\/product_tag?post=4757"}],"curies":[{"name":"wp","href":"https:\/\/api.w.org\/{rel}","templated":true}]}}