
{"id":4758,"date":"2023-05-15T09:36:51","date_gmt":"2023-05-15T07:36:51","guid":{"rendered":"https:\/\/blooming.dev04.fr\/?post_type=product&#038;p=4758"},"modified":"2023-11-13T19:04:34","modified_gmt":"2023-11-13T18:04:34","slug":"formations-et-sensibilisations-activite-physique-prevention-des-tms","status":"publish","type":"product","link":"https:\/\/blooming-heroes.com\/en\/produit\/formations-et-sensibilisations-activite-physique-prevention-des-tms\/","title":{"rendered":"Formations et sensibilisations Activit\u00e9 physique &#038; Pr\u00e9vention des TMS"},"content":{"rendered":"<p>Formez vos salari\u00e9s \u00e0 pr\u00e9venir les risques auxquels ils sont expos\u00e9s et sensibilisez-les aux bonnes pratiques. Des ateliers interactifs, mixant th\u00e9orie (1\/3) et pratique (2\/3), en pr\u00e9sentiel ou distanciel. Exemples de programmes : Sitting is the new smoking, comment lutter contre les m\u00e9faits de la s\u00e9dentarit\u00e9 \/ Pr\u00e9venir les Troubles Musculo Squelettiques \/ Gestes et postures Travail sur \u00e9cran \/ Pr\u00e9venir le mal de dos au travail \/ Ergonomie au travail : \u00eates-vous bien assis ? \/ Lutter contre la fatigue visuelle gr\u00e2ce au yoga des yeux \/ Premiers secours \/ Ergonomie en t\u00e9l\u00e9travail : bien travailler de chez soi &#8230;<\/p>\n","protected":false},"excerpt":{"rendered":"<p>Formez vos salari\u00e9s \u00e0 pr\u00e9venir les risques auxquels ils sont expos\u00e9s et sensibilisez-les aux bonnes pratiques. Des ateliers interactifs, mixant th\u00e9orie (1\/3) et pratique (2\/3), en pr\u00e9sentiel ou distanciel. Exemples de programmes : Sitting is the new smoking, comment lutter contre les m\u00e9faits de la s\u00e9dentarit\u00e9 \/ Pr\u00e9venir les Troubles Musculo Squelettiques \/ Gestes et [&hellip;]<\/p>\n","protected":false},"featured_media":6803,"comment_status":"open","ping_status":"closed","template":"","meta":{"inline_featured_image":false,"_glsr_average":0,"_glsr_ranking":0,"_glsr_reviews":0},"product_brand":[],"product_cat":[78,80,88,89],"product_tag":[113],"class_list":{"0":"post-4758","1":"product","2":"type-product","3":"status-publish","4":"has-post-thumbnail","6":"product_cat-bien-etre","7":"product_cat-qvt-qvct","8":"product_cat-sante-physique","9":"product_cat-tms-troubles-musculosquelettiques","10":"product_tag-formation-ateliers-conferences","12":"first","13":"instock","14":"shipping-taxable","15":"product-type-simple"},"yoast_head":"<!-- This site is optimized with the Yoast SEO plugin v27.4 - https:\/\/yoast.com\/product\/yoast-seo-wordpress\/ -->\n<title>Formations et sensibilisations Activit\u00e9 physique &amp; Pr\u00e9vention des TMS<\/title>\n<meta name=\"description\" content=\"Formez vos salari\u00e9s \u00e0 pr\u00e9venir les risques auxquels ils sont expos\u00e9s et sensibilisez-les aux bonnes pratiques. Des ateliers interactifs, mixant th\u00e9orie...\" \/>\n<meta name=\"robots\" content=\"index, follow, max-snippet:-1, max-image-preview:large, max-video-preview:-1\" \/>\n<link rel=\"canonical\" href=\"https:\/\/blooming-heroes.com\/produit\/formations-et-sensibilisations-activite-physique-prevention-des-tms\/\" \/>\n<meta property=\"og:locale\" content=\"en_US\" \/>\n<meta property=\"og:type\" content=\"article\" \/>\n<meta property=\"og:title\" content=\"Formations et sensibilisations Activit\u00e9 physique &amp; Pr\u00e9vention des TMS\" \/>\n<meta property=\"og:description\" content=\"Formez vos salari\u00e9s \u00e0 pr\u00e9venir les risques auxquels ils sont expos\u00e9s et sensibilisez-les aux bonnes pratiques. Des ateliers interactifs, mixant th\u00e9orie...\" \/>\n<meta property=\"og:url\" content=\"https:\/\/blooming-heroes.com\/produit\/formations-et-sensibilisations-activite-physique-prevention-des-tms\/\" \/>\n<meta property=\"og:site_name\" content=\"Blooming Heroes\" \/>\n<meta property=\"article:modified_time\" content=\"2023-11-13T18:04:34+00:00\" \/>\n<meta property=\"og:image\" content=\"https:\/\/blooming-heroes.com\/wp-content\/uploads\/2023\/08\/formation-sur-mesure-min.jpeg\" \/>\n\t<meta property=\"og:image:width\" content=\"1024\" \/>\n\t<meta property=\"og:image:height\" content=\"683\" \/>\n\t<meta property=\"og:image:type\" content=\"image\/jpeg\" \/>\n<meta name=\"twitter:card\" content=\"summary_large_image\" \/>\n<meta name=\"twitter:label1\" content=\"Est. reading time\" \/>\n\t<meta name=\"twitter:data1\" content=\"1 minute\" \/>\n<script type=\"application\/ld+json\" class=\"yoast-schema-graph\">{\"@context\":\"https:\\\/\\\/schema.org\",\"@graph\":[{\"@type\":\"WebPage\",\"@id\":\"https:\\\/\\\/blooming-heroes.com\\\/produit\\\/formations-et-sensibilisations-activite-physique-prevention-des-tms\\\/\",\"url\":\"https:\\\/\\\/blooming-heroes.com\\\/produit\\\/formations-et-sensibilisations-activite-physique-prevention-des-tms\\\/\",\"name\":\"Formations et sensibilisations Activit\u00e9 physique & Pr\u00e9vention des TMS\",\"isPartOf\":{\"@id\":\"https:\\\/\\\/blooming-heroes.com\\\/#website\"},\"primaryImageOfPage\":{\"@id\":\"https:\\\/\\\/blooming-heroes.com\\\/produit\\\/formations-et-sensibilisations-activite-physique-prevention-des-tms\\\/#primaryimage\"},\"image\":{\"@id\":\"https:\\\/\\\/blooming-heroes.com\\\/produit\\\/formations-et-sensibilisations-activite-physique-prevention-des-tms\\\/#primaryimage\"},\"thumbnailUrl\":\"https:\\\/\\\/blooming-heroes.com\\\/wp-content\\\/uploads\\\/2023\\\/08\\\/formation-sur-mesure-min.jpeg\",\"datePublished\":\"2023-05-15T07:36:51+00:00\",\"dateModified\":\"2023-11-13T18:04:34+00:00\",\"description\":\"Formez vos salari\u00e9s \u00e0 pr\u00e9venir les risques auxquels ils sont expos\u00e9s et sensibilisez-les aux bonnes pratiques. Des ateliers interactifs, mixant th\u00e9orie...\",\"breadcrumb\":{\"@id\":\"https:\\\/\\\/blooming-heroes.com\\\/produit\\\/formations-et-sensibilisations-activite-physique-prevention-des-tms\\\/#breadcrumb\"},\"inLanguage\":\"en-US\",\"potentialAction\":[{\"@type\":\"ReadAction\",\"target\":[\"https:\\\/\\\/blooming-heroes.com\\\/produit\\\/formations-et-sensibilisations-activite-physique-prevention-des-tms\\\/\"]}]},{\"@type\":\"ImageObject\",\"inLanguage\":\"en-US\",\"@id\":\"https:\\\/\\\/blooming-heroes.com\\\/produit\\\/formations-et-sensibilisations-activite-physique-prevention-des-tms\\\/#primaryimage\",\"url\":\"https:\\\/\\\/blooming-heroes.com\\\/wp-content\\\/uploads\\\/2023\\\/08\\\/formation-sur-mesure-min.jpeg\",\"contentUrl\":\"https:\\\/\\\/blooming-heroes.com\\\/wp-content\\\/uploads\\\/2023\\\/08\\\/formation-sur-mesure-min.jpeg\",\"width\":1024,\"height\":683},{\"@type\":\"BreadcrumbList\",\"@id\":\"https:\\\/\\\/blooming-heroes.com\\\/produit\\\/formations-et-sensibilisations-activite-physique-prevention-des-tms\\\/#breadcrumb\",\"itemListElement\":[{\"@type\":\"ListItem\",\"position\":1,\"name\":\"Accueil\",\"item\":\"https:\\\/\\\/blooming-heroes.com\\\/en\\\/\"},{\"@type\":\"ListItem\",\"position\":2,\"name\":\"Produits\",\"item\":\"https:\\\/\\\/blooming-heroes.com\\\/shop\\\/\"},{\"@type\":\"ListItem\",\"position\":3,\"name\":\"Formations et sensibilisations Activit\u00e9 physique &#038; Pr\u00e9vention des TMS\"}]},{\"@type\":\"WebSite\",\"@id\":\"https:\\\/\\\/blooming-heroes.com\\\/#website\",\"url\":\"https:\\\/\\\/blooming-heroes.com\\\/\",\"name\":\"Blooming Heroes\",\"description\":\"Les h\u00e9ros du bien-vivre au travail\",\"publisher\":{\"@id\":\"https:\\\/\\\/blooming-heroes.com\\\/#organization\"},\"potentialAction\":[{\"@type\":\"SearchAction\",\"target\":{\"@type\":\"EntryPoint\",\"urlTemplate\":\"https:\\\/\\\/blooming-heroes.com\\\/?s={search_term_string}\"},\"query-input\":{\"@type\":\"PropertyValueSpecification\",\"valueRequired\":true,\"valueName\":\"search_term_string\"}}],\"inLanguage\":\"en-US\"},{\"@type\":\"Organization\",\"@id\":\"https:\\\/\\\/blooming-heroes.com\\\/#organization\",\"name\":\"Blooming Heroes\",\"url\":\"https:\\\/\\\/blooming-heroes.com\\\/\",\"logo\":{\"@type\":\"ImageObject\",\"inLanguage\":\"en-US\",\"@id\":\"https:\\\/\\\/blooming-heroes.com\\\/#\\\/schema\\\/logo\\\/image\\\/\",\"url\":\"https:\\\/\\\/blooming-heroes.com\\\/wp-content\\\/uploads\\\/2022\\\/01\\\/cropped-Fichier-19.png\",\"contentUrl\":\"https:\\\/\\\/blooming-heroes.com\\\/wp-content\\\/uploads\\\/2022\\\/01\\\/cropped-Fichier-19.png\",\"width\":512,\"height\":512,\"caption\":\"Blooming Heroes\"},\"image\":{\"@id\":\"https:\\\/\\\/blooming-heroes.com\\\/#\\\/schema\\\/logo\\\/image\\\/\"}}]}<\/script>\n<!-- \/ Yoast SEO plugin. -->","yoast_head_json":{"title":"Formations et sensibilisations Activit\u00e9 physique & Pr\u00e9vention des TMS","description":"Formez vos salari\u00e9s \u00e0 pr\u00e9venir les risques auxquels ils sont expos\u00e9s et sensibilisez-les aux bonnes pratiques. Des ateliers interactifs, mixant th\u00e9orie...","robots":{"index":"index","follow":"follow","max-snippet":"max-snippet:-1","max-image-preview":"max-image-preview:large","max-video-preview":"max-video-preview:-1"},"canonical":"https:\/\/blooming-heroes.com\/produit\/formations-et-sensibilisations-activite-physique-prevention-des-tms\/","og_locale":"en_US","og_type":"article","og_title":"Formations et sensibilisations Activit\u00e9 physique & Pr\u00e9vention des TMS","og_description":"Formez vos salari\u00e9s \u00e0 pr\u00e9venir les risques auxquels ils sont expos\u00e9s et sensibilisez-les aux bonnes pratiques. Des ateliers interactifs, mixant th\u00e9orie...","og_url":"https:\/\/blooming-heroes.com\/produit\/formations-et-sensibilisations-activite-physique-prevention-des-tms\/","og_site_name":"Blooming Heroes","article_modified_time":"2023-11-13T18:04:34+00:00","og_image":[{"width":1024,"height":683,"url":"https:\/\/blooming-heroes.com\/wp-content\/uploads\/2023\/08\/formation-sur-mesure-min.jpeg","type":"image\/jpeg"}],"twitter_card":"summary_large_image","twitter_misc":{"Est. reading time":"1 minute"},"schema":{"@context":"https:\/\/schema.org","@graph":[{"@type":"WebPage","@id":"https:\/\/blooming-heroes.com\/produit\/formations-et-sensibilisations-activite-physique-prevention-des-tms\/","url":"https:\/\/blooming-heroes.com\/produit\/formations-et-sensibilisations-activite-physique-prevention-des-tms\/","name":"Formations et sensibilisations Activit\u00e9 physique & Pr\u00e9vention des TMS","isPartOf":{"@id":"https:\/\/blooming-heroes.com\/#website"},"primaryImageOfPage":{"@id":"https:\/\/blooming-heroes.com\/produit\/formations-et-sensibilisations-activite-physique-prevention-des-tms\/#primaryimage"},"image":{"@id":"https:\/\/blooming-heroes.com\/produit\/formations-et-sensibilisations-activite-physique-prevention-des-tms\/#primaryimage"},"thumbnailUrl":"https:\/\/blooming-heroes.com\/wp-content\/uploads\/2023\/08\/formation-sur-mesure-min.jpeg","datePublished":"2023-05-15T07:36:51+00:00","dateModified":"2023-11-13T18:04:34+00:00","description":"Formez vos salari\u00e9s \u00e0 pr\u00e9venir les risques auxquels ils sont expos\u00e9s et sensibilisez-les aux bonnes pratiques. Des ateliers interactifs, mixant th\u00e9orie...","breadcrumb":{"@id":"https:\/\/blooming-heroes.com\/produit\/formations-et-sensibilisations-activite-physique-prevention-des-tms\/#breadcrumb"},"inLanguage":"en-US","potentialAction":[{"@type":"ReadAction","target":["https:\/\/blooming-heroes.com\/produit\/formations-et-sensibilisations-activite-physique-prevention-des-tms\/"]}]},{"@type":"ImageObject","inLanguage":"en-US","@id":"https:\/\/blooming-heroes.com\/produit\/formations-et-sensibilisations-activite-physique-prevention-des-tms\/#primaryimage","url":"https:\/\/blooming-heroes.com\/wp-content\/uploads\/2023\/08\/formation-sur-mesure-min.jpeg","contentUrl":"https:\/\/blooming-heroes.com\/wp-content\/uploads\/2023\/08\/formation-sur-mesure-min.jpeg","width":1024,"height":683},{"@type":"BreadcrumbList","@id":"https:\/\/blooming-heroes.com\/produit\/formations-et-sensibilisations-activite-physique-prevention-des-tms\/#breadcrumb","itemListElement":[{"@type":"ListItem","position":1,"name":"Accueil","item":"https:\/\/blooming-heroes.com\/en\/"},{"@type":"ListItem","position":2,"name":"Produits","item":"https:\/\/blooming-heroes.com\/shop\/"},{"@type":"ListItem","position":3,"name":"Formations et sensibilisations Activit\u00e9 physique &#038; Pr\u00e9vention des TMS"}]},{"@type":"WebSite","@id":"https:\/\/blooming-heroes.com\/#website","url":"https:\/\/blooming-heroes.com\/","name":"Blooming Heroes","description":"Les h\u00e9ros du bien-vivre au travail","publisher":{"@id":"https:\/\/blooming-heroes.com\/#organization"},"potentialAction":[{"@type":"SearchAction","target":{"@type":"EntryPoint","urlTemplate":"https:\/\/blooming-heroes.com\/?s={search_term_string}"},"query-input":{"@type":"PropertyValueSpecification","valueRequired":true,"valueName":"search_term_string"}}],"inLanguage":"en-US"},{"@type":"Organization","@id":"https:\/\/blooming-heroes.com\/#organization","name":"Blooming Heroes","url":"https:\/\/blooming-heroes.com\/","logo":{"@type":"ImageObject","inLanguage":"en-US","@id":"https:\/\/blooming-heroes.com\/#\/schema\/logo\/image\/","url":"https:\/\/blooming-heroes.com\/wp-content\/uploads\/2022\/01\/cropped-Fichier-19.png","contentUrl":"https:\/\/blooming-heroes.com\/wp-content\/uploads\/2022\/01\/cropped-Fichier-19.png","width":512,"height":512,"caption":"Blooming Heroes"},"image":{"@id":"https:\/\/blooming-heroes.com\/#\/schema\/logo\/image\/"}}]}},"_links":{"self":[{"href":"https:\/\/blooming-heroes.com\/en\/wp-json\/wp\/v2\/product\/4758","targetHints":{"allow":["GET"]}}],"collection":[{"href":"https:\/\/blooming-heroes.com\/en\/wp-json\/wp\/v2\/product"}],"about":[{"href":"https:\/\/blooming-heroes.com\/en\/wp-json\/wp\/v2\/types\/product"}],"replies":[{"embeddable":true,"href":"https:\/\/blooming-heroes.com\/en\/wp-json\/wp\/v2\/comments?post=4758"}],"wp:featuredmedia":[{"embeddable":true,"href":"https:\/\/blooming-heroes.com\/en\/wp-json\/wp\/v2\/media\/6803"}],"wp:attachment":[{"href":"https:\/\/blooming-heroes.com\/en\/wp-json\/wp\/v2\/media?parent=4758"}],"wp:term":[{"taxonomy":"product_brand","embeddable":true,"href":"https:\/\/blooming-heroes.com\/en\/wp-json\/wp\/v2\/product_brand?post=4758"},{"taxonomy":"product_cat","embeddable":true,"href":"https:\/\/blooming-heroes.com\/en\/wp-json\/wp\/v2\/product_cat?post=4758"},{"taxonomy":"product_tag","embeddable":true,"href":"https:\/\/blooming-heroes.com\/en\/wp-json\/wp\/v2\/product_tag?post=4758"}],"curies":[{"name":"wp","href":"https:\/\/api.w.org\/{rel}","templated":true}]}}