
{"id":4759,"date":"2023-05-15T09:38:40","date_gmt":"2023-05-15T07:38:40","guid":{"rendered":"https:\/\/blooming.dev04.fr\/?post_type=product&#038;p=4759"},"modified":"2023-11-13T19:04:06","modified_gmt":"2023-11-13T18:04:06","slug":"formations-et-sensibilisations-securite-au-travail","status":"publish","type":"product","link":"https:\/\/blooming-heroes.com\/en\/produit\/formations-et-sensibilisations-securite-au-travail\/","title":{"rendered":"Formations et sensibilisations S\u00e9curit\u00e9 au travail"},"content":{"rendered":"<p>Formez vos salari\u00e9s \u00e0 pr\u00e9venir les risques auxquels ils sont expos\u00e9s et sensibilisez-les aux bonnes pratiques. Des ateliers interactifs, mixant th\u00e9orie (1\/3) et pratique (2\/3), en pr\u00e9sentiel ou distanciel. Exemples de programmes : Travail de nuit : sommeil, vigilance et s\u00e9curit\u00e9 \/ S\u00e9curit\u00e9 routi\u00e8re : sommeil et vigilance au volant \/ Chutes de plain-pied : conna\u00eetre les risques pour \u00e9viter les accidents \/ Travail en hauteur : optimiser sa s\u00e9curit\u00e9 en utilisant les EPI \/ Formation Sauveteur Secouriste du Travail \/ Premiers secours \/ PSC1 (Pr\u00e9vention et Secours civiques de niveau 1) \/ S\u00e9curit\u00e9 incendie : utilisation d\u2019extincteurs et \u00e9vacuation \/ Addictions en entreprise : mieux les comprendre pour les combattre \/ Derni\u00e8re cigarette : les secrets pour arr\u00eater de fumer \/ Tabac et nutrition : bien s\u2019alimenter quand on arr\u00eate de fumer \/ Gestes barri\u00e8res &#8230;<\/p>\n","protected":false},"excerpt":{"rendered":"<p>Formez vos salari\u00e9s \u00e0 pr\u00e9venir les risques auxquels ils sont expos\u00e9s et sensibilisez-les aux bonnes pratiques. Des ateliers interactifs, mixant th\u00e9orie (1\/3) et pratique (2\/3), en pr\u00e9sentiel ou distanciel. Exemples de programmes : Travail de nuit : sommeil, vigilance et s\u00e9curit\u00e9 \/ S\u00e9curit\u00e9 routi\u00e8re : sommeil et vigilance au volant \/ Chutes de plain-pied : [&hellip;]<\/p>\n","protected":false},"featured_media":6803,"comment_status":"open","ping_status":"closed","template":"","meta":{"inline_featured_image":false,"_glsr_average":0,"_glsr_ranking":0,"_glsr_reviews":0},"product_brand":[],"product_cat":[88,91],"product_tag":[113],"class_list":{"0":"post-4759","1":"product","2":"type-product","3":"status-publish","4":"has-post-thumbnail","6":"product_cat-sante-physique","7":"product_cat-securite-au-travail","8":"product_tag-formation-ateliers-conferences","10":"first","11":"instock","12":"shipping-taxable","13":"product-type-simple"},"yoast_head":"<!-- This site is optimized with the Yoast SEO plugin v27.4 - https:\/\/yoast.com\/product\/yoast-seo-wordpress\/ -->\n<title>Formations et sensibilisations S\u00e9curit\u00e9 au travail - Blooming Heroes<\/title>\n<meta name=\"description\" content=\"Formez vos salari\u00e9s \u00e0 pr\u00e9venir les risques auxquels ils sont expos\u00e9s et sensibilisez-les aux bonnes pratiques. Des ateliers interactifs, mixant th\u00e9orie...\" \/>\n<meta name=\"robots\" content=\"index, follow, max-snippet:-1, max-image-preview:large, max-video-preview:-1\" \/>\n<link rel=\"canonical\" href=\"https:\/\/blooming-heroes.com\/produit\/formations-et-sensibilisations-securite-au-travail\/\" \/>\n<meta property=\"og:locale\" content=\"en_US\" \/>\n<meta property=\"og:type\" content=\"article\" \/>\n<meta property=\"og:title\" content=\"Formations et sensibilisations S\u00e9curit\u00e9 au travail - Blooming Heroes\" \/>\n<meta property=\"og:description\" content=\"Formez vos salari\u00e9s \u00e0 pr\u00e9venir les risques auxquels ils sont expos\u00e9s et sensibilisez-les aux bonnes pratiques. Des ateliers interactifs, mixant th\u00e9orie...\" \/>\n<meta property=\"og:url\" content=\"https:\/\/blooming-heroes.com\/produit\/formations-et-sensibilisations-securite-au-travail\/\" \/>\n<meta property=\"og:site_name\" content=\"Blooming Heroes\" \/>\n<meta property=\"article:modified_time\" content=\"2023-11-13T18:04:06+00:00\" \/>\n<meta property=\"og:image\" content=\"https:\/\/blooming-heroes.com\/wp-content\/uploads\/2023\/08\/formation-sur-mesure-min.jpeg\" \/>\n\t<meta property=\"og:image:width\" content=\"1024\" \/>\n\t<meta property=\"og:image:height\" content=\"683\" \/>\n\t<meta property=\"og:image:type\" content=\"image\/jpeg\" \/>\n<meta name=\"twitter:card\" content=\"summary_large_image\" \/>\n<meta name=\"twitter:label1\" content=\"Est. reading time\" \/>\n\t<meta name=\"twitter:data1\" content=\"1 minute\" \/>\n<script type=\"application\/ld+json\" class=\"yoast-schema-graph\">{\"@context\":\"https:\\\/\\\/schema.org\",\"@graph\":[{\"@type\":\"WebPage\",\"@id\":\"https:\\\/\\\/blooming-heroes.com\\\/produit\\\/formations-et-sensibilisations-securite-au-travail\\\/\",\"url\":\"https:\\\/\\\/blooming-heroes.com\\\/produit\\\/formations-et-sensibilisations-securite-au-travail\\\/\",\"name\":\"Formations et sensibilisations S\u00e9curit\u00e9 au travail - Blooming Heroes\",\"isPartOf\":{\"@id\":\"https:\\\/\\\/blooming-heroes.com\\\/#website\"},\"primaryImageOfPage\":{\"@id\":\"https:\\\/\\\/blooming-heroes.com\\\/produit\\\/formations-et-sensibilisations-securite-au-travail\\\/#primaryimage\"},\"image\":{\"@id\":\"https:\\\/\\\/blooming-heroes.com\\\/produit\\\/formations-et-sensibilisations-securite-au-travail\\\/#primaryimage\"},\"thumbnailUrl\":\"https:\\\/\\\/blooming-heroes.com\\\/wp-content\\\/uploads\\\/2023\\\/08\\\/formation-sur-mesure-min.jpeg\",\"datePublished\":\"2023-05-15T07:38:40+00:00\",\"dateModified\":\"2023-11-13T18:04:06+00:00\",\"description\":\"Formez vos salari\u00e9s \u00e0 pr\u00e9venir les risques auxquels ils sont expos\u00e9s et sensibilisez-les aux bonnes pratiques. Des ateliers interactifs, mixant th\u00e9orie...\",\"breadcrumb\":{\"@id\":\"https:\\\/\\\/blooming-heroes.com\\\/produit\\\/formations-et-sensibilisations-securite-au-travail\\\/#breadcrumb\"},\"inLanguage\":\"en-US\",\"potentialAction\":[{\"@type\":\"ReadAction\",\"target\":[\"https:\\\/\\\/blooming-heroes.com\\\/produit\\\/formations-et-sensibilisations-securite-au-travail\\\/\"]}]},{\"@type\":\"ImageObject\",\"inLanguage\":\"en-US\",\"@id\":\"https:\\\/\\\/blooming-heroes.com\\\/produit\\\/formations-et-sensibilisations-securite-au-travail\\\/#primaryimage\",\"url\":\"https:\\\/\\\/blooming-heroes.com\\\/wp-content\\\/uploads\\\/2023\\\/08\\\/formation-sur-mesure-min.jpeg\",\"contentUrl\":\"https:\\\/\\\/blooming-heroes.com\\\/wp-content\\\/uploads\\\/2023\\\/08\\\/formation-sur-mesure-min.jpeg\",\"width\":1024,\"height\":683},{\"@type\":\"BreadcrumbList\",\"@id\":\"https:\\\/\\\/blooming-heroes.com\\\/produit\\\/formations-et-sensibilisations-securite-au-travail\\\/#breadcrumb\",\"itemListElement\":[{\"@type\":\"ListItem\",\"position\":1,\"name\":\"Accueil\",\"item\":\"https:\\\/\\\/blooming-heroes.com\\\/en\\\/\"},{\"@type\":\"ListItem\",\"position\":2,\"name\":\"Produits\",\"item\":\"https:\\\/\\\/blooming-heroes.com\\\/shop\\\/\"},{\"@type\":\"ListItem\",\"position\":3,\"name\":\"Formations et sensibilisations S\u00e9curit\u00e9 au travail\"}]},{\"@type\":\"WebSite\",\"@id\":\"https:\\\/\\\/blooming-heroes.com\\\/#website\",\"url\":\"https:\\\/\\\/blooming-heroes.com\\\/\",\"name\":\"Blooming Heroes\",\"description\":\"Les h\u00e9ros du bien-vivre au travail\",\"publisher\":{\"@id\":\"https:\\\/\\\/blooming-heroes.com\\\/#organization\"},\"potentialAction\":[{\"@type\":\"SearchAction\",\"target\":{\"@type\":\"EntryPoint\",\"urlTemplate\":\"https:\\\/\\\/blooming-heroes.com\\\/?s={search_term_string}\"},\"query-input\":{\"@type\":\"PropertyValueSpecification\",\"valueRequired\":true,\"valueName\":\"search_term_string\"}}],\"inLanguage\":\"en-US\"},{\"@type\":\"Organization\",\"@id\":\"https:\\\/\\\/blooming-heroes.com\\\/#organization\",\"name\":\"Blooming Heroes\",\"url\":\"https:\\\/\\\/blooming-heroes.com\\\/\",\"logo\":{\"@type\":\"ImageObject\",\"inLanguage\":\"en-US\",\"@id\":\"https:\\\/\\\/blooming-heroes.com\\\/#\\\/schema\\\/logo\\\/image\\\/\",\"url\":\"https:\\\/\\\/blooming-heroes.com\\\/wp-content\\\/uploads\\\/2022\\\/01\\\/cropped-Fichier-19.png\",\"contentUrl\":\"https:\\\/\\\/blooming-heroes.com\\\/wp-content\\\/uploads\\\/2022\\\/01\\\/cropped-Fichier-19.png\",\"width\":512,\"height\":512,\"caption\":\"Blooming Heroes\"},\"image\":{\"@id\":\"https:\\\/\\\/blooming-heroes.com\\\/#\\\/schema\\\/logo\\\/image\\\/\"}}]}<\/script>\n<!-- \/ Yoast SEO plugin. -->","yoast_head_json":{"title":"Formations et sensibilisations S\u00e9curit\u00e9 au travail - Blooming Heroes","description":"Formez vos salari\u00e9s \u00e0 pr\u00e9venir les risques auxquels ils sont expos\u00e9s et sensibilisez-les aux bonnes pratiques. Des ateliers interactifs, mixant th\u00e9orie...","robots":{"index":"index","follow":"follow","max-snippet":"max-snippet:-1","max-image-preview":"max-image-preview:large","max-video-preview":"max-video-preview:-1"},"canonical":"https:\/\/blooming-heroes.com\/produit\/formations-et-sensibilisations-securite-au-travail\/","og_locale":"en_US","og_type":"article","og_title":"Formations et sensibilisations S\u00e9curit\u00e9 au travail - Blooming Heroes","og_description":"Formez vos salari\u00e9s \u00e0 pr\u00e9venir les risques auxquels ils sont expos\u00e9s et sensibilisez-les aux bonnes pratiques. Des ateliers interactifs, mixant th\u00e9orie...","og_url":"https:\/\/blooming-heroes.com\/produit\/formations-et-sensibilisations-securite-au-travail\/","og_site_name":"Blooming Heroes","article_modified_time":"2023-11-13T18:04:06+00:00","og_image":[{"width":1024,"height":683,"url":"https:\/\/blooming-heroes.com\/wp-content\/uploads\/2023\/08\/formation-sur-mesure-min.jpeg","type":"image\/jpeg"}],"twitter_card":"summary_large_image","twitter_misc":{"Est. reading time":"1 minute"},"schema":{"@context":"https:\/\/schema.org","@graph":[{"@type":"WebPage","@id":"https:\/\/blooming-heroes.com\/produit\/formations-et-sensibilisations-securite-au-travail\/","url":"https:\/\/blooming-heroes.com\/produit\/formations-et-sensibilisations-securite-au-travail\/","name":"Formations et sensibilisations S\u00e9curit\u00e9 au travail - Blooming Heroes","isPartOf":{"@id":"https:\/\/blooming-heroes.com\/#website"},"primaryImageOfPage":{"@id":"https:\/\/blooming-heroes.com\/produit\/formations-et-sensibilisations-securite-au-travail\/#primaryimage"},"image":{"@id":"https:\/\/blooming-heroes.com\/produit\/formations-et-sensibilisations-securite-au-travail\/#primaryimage"},"thumbnailUrl":"https:\/\/blooming-heroes.com\/wp-content\/uploads\/2023\/08\/formation-sur-mesure-min.jpeg","datePublished":"2023-05-15T07:38:40+00:00","dateModified":"2023-11-13T18:04:06+00:00","description":"Formez vos salari\u00e9s \u00e0 pr\u00e9venir les risques auxquels ils sont expos\u00e9s et sensibilisez-les aux bonnes pratiques. Des ateliers interactifs, mixant th\u00e9orie...","breadcrumb":{"@id":"https:\/\/blooming-heroes.com\/produit\/formations-et-sensibilisations-securite-au-travail\/#breadcrumb"},"inLanguage":"en-US","potentialAction":[{"@type":"ReadAction","target":["https:\/\/blooming-heroes.com\/produit\/formations-et-sensibilisations-securite-au-travail\/"]}]},{"@type":"ImageObject","inLanguage":"en-US","@id":"https:\/\/blooming-heroes.com\/produit\/formations-et-sensibilisations-securite-au-travail\/#primaryimage","url":"https:\/\/blooming-heroes.com\/wp-content\/uploads\/2023\/08\/formation-sur-mesure-min.jpeg","contentUrl":"https:\/\/blooming-heroes.com\/wp-content\/uploads\/2023\/08\/formation-sur-mesure-min.jpeg","width":1024,"height":683},{"@type":"BreadcrumbList","@id":"https:\/\/blooming-heroes.com\/produit\/formations-et-sensibilisations-securite-au-travail\/#breadcrumb","itemListElement":[{"@type":"ListItem","position":1,"name":"Accueil","item":"https:\/\/blooming-heroes.com\/en\/"},{"@type":"ListItem","position":2,"name":"Produits","item":"https:\/\/blooming-heroes.com\/shop\/"},{"@type":"ListItem","position":3,"name":"Formations et sensibilisations S\u00e9curit\u00e9 au travail"}]},{"@type":"WebSite","@id":"https:\/\/blooming-heroes.com\/#website","url":"https:\/\/blooming-heroes.com\/","name":"Blooming Heroes","description":"Les h\u00e9ros du bien-vivre au travail","publisher":{"@id":"https:\/\/blooming-heroes.com\/#organization"},"potentialAction":[{"@type":"SearchAction","target":{"@type":"EntryPoint","urlTemplate":"https:\/\/blooming-heroes.com\/?s={search_term_string}"},"query-input":{"@type":"PropertyValueSpecification","valueRequired":true,"valueName":"search_term_string"}}],"inLanguage":"en-US"},{"@type":"Organization","@id":"https:\/\/blooming-heroes.com\/#organization","name":"Blooming Heroes","url":"https:\/\/blooming-heroes.com\/","logo":{"@type":"ImageObject","inLanguage":"en-US","@id":"https:\/\/blooming-heroes.com\/#\/schema\/logo\/image\/","url":"https:\/\/blooming-heroes.com\/wp-content\/uploads\/2022\/01\/cropped-Fichier-19.png","contentUrl":"https:\/\/blooming-heroes.com\/wp-content\/uploads\/2022\/01\/cropped-Fichier-19.png","width":512,"height":512,"caption":"Blooming Heroes"},"image":{"@id":"https:\/\/blooming-heroes.com\/#\/schema\/logo\/image\/"}}]}},"_links":{"self":[{"href":"https:\/\/blooming-heroes.com\/en\/wp-json\/wp\/v2\/product\/4759","targetHints":{"allow":["GET"]}}],"collection":[{"href":"https:\/\/blooming-heroes.com\/en\/wp-json\/wp\/v2\/product"}],"about":[{"href":"https:\/\/blooming-heroes.com\/en\/wp-json\/wp\/v2\/types\/product"}],"replies":[{"embeddable":true,"href":"https:\/\/blooming-heroes.com\/en\/wp-json\/wp\/v2\/comments?post=4759"}],"wp:featuredmedia":[{"embeddable":true,"href":"https:\/\/blooming-heroes.com\/en\/wp-json\/wp\/v2\/media\/6803"}],"wp:attachment":[{"href":"https:\/\/blooming-heroes.com\/en\/wp-json\/wp\/v2\/media?parent=4759"}],"wp:term":[{"taxonomy":"product_brand","embeddable":true,"href":"https:\/\/blooming-heroes.com\/en\/wp-json\/wp\/v2\/product_brand?post=4759"},{"taxonomy":"product_cat","embeddable":true,"href":"https:\/\/blooming-heroes.com\/en\/wp-json\/wp\/v2\/product_cat?post=4759"},{"taxonomy":"product_tag","embeddable":true,"href":"https:\/\/blooming-heroes.com\/en\/wp-json\/wp\/v2\/product_tag?post=4759"}],"curies":[{"name":"wp","href":"https:\/\/api.w.org\/{rel}","templated":true}]}}