
{"id":4760,"date":"2023-05-15T09:50:19","date_gmt":"2023-05-15T07:50:19","guid":{"rendered":"https:\/\/blooming.dev04.fr\/?post_type=product&#038;p=4760"},"modified":"2023-11-13T19:03:34","modified_gmt":"2023-11-13T18:03:34","slug":"ateliers-individuels-sante-bien-etre","status":"publish","type":"product","link":"https:\/\/blooming-heroes.com\/en\/produit\/ateliers-individuels-sante-bien-etre\/","title":{"rendered":"Ateliers individuels Sant\u00e9 &#038; Bien-\u00eatre"},"content":{"rendered":"<p>R\u00e9pondez aux besoins sp\u00e9cifiques des personnes \u00e0 risques (RPS, TMS, surpoids) avec un accompagnement individuel gr\u00e2ce \u00e0 des consultations de 30 \u00e0 45 minutes avec des experts sur des sujets comme la nutrition, le stress, le sommeil, la d\u00e9pression, le burn-out ou \u00e0 des s\u00e9ances de 15 \u00e0 45 minutes sur l&#8217;ergonomie au poste de travail, des massages assis, ou de l&#8217;ost\u00e9opathie.<\/p>\n","protected":false},"excerpt":{"rendered":"<p>R\u00e9pondez aux besoins sp\u00e9cifiques des personnes \u00e0 risques (RPS, TMS, surpoids) avec un accompagnement individuel gr\u00e2ce \u00e0 des consultations de 30 \u00e0 45 minutes avec des experts sur des sujets comme la nutrition, le stress, le sommeil, la d\u00e9pression, le burn-out ou \u00e0 des s\u00e9ances de 15 \u00e0 45 minutes sur l&#8217;ergonomie au poste de [&hellip;]<\/p>\n","protected":false},"featured_media":6813,"comment_status":"open","ping_status":"closed","template":"","meta":{"inline_featured_image":false,"_glsr_average":0,"_glsr_ranking":0,"_glsr_reviews":0},"product_brand":[],"product_cat":[78,80,75,88,89],"product_tag":[113],"class_list":{"0":"post-4760","1":"product","2":"type-product","3":"status-publish","4":"has-post-thumbnail","6":"product_cat-bien-etre","7":"product_cat-qvt-qvct","8":"product_cat-sante-mentale-stress-rps","9":"product_cat-sante-physique","10":"product_cat-tms-troubles-musculosquelettiques","11":"product_tag-formation-ateliers-conferences","13":"first","14":"instock","15":"shipping-taxable","16":"product-type-simple"},"yoast_head":"<!-- This site is optimized with the Yoast SEO plugin v27.4 - https:\/\/yoast.com\/product\/yoast-seo-wordpress\/ -->\n<title>Ateliers individuels Sant\u00e9 &amp; Bien-\u00eatre - Blooming Heroes<\/title>\n<meta name=\"description\" content=\"R\u00e9pondez aux besoins sp\u00e9cifiques des personnes \u00e0 risques (RPS, TMS, surpoids) avec un accompagnement individuel gr\u00e2ce \u00e0 des consultations de 30 \u00e0 45...\" \/>\n<meta name=\"robots\" content=\"index, follow, max-snippet:-1, max-image-preview:large, max-video-preview:-1\" \/>\n<link rel=\"canonical\" href=\"https:\/\/blooming-heroes.com\/produit\/ateliers-individuels-sante-bien-etre\/\" \/>\n<meta property=\"og:locale\" content=\"en_US\" \/>\n<meta property=\"og:type\" content=\"article\" \/>\n<meta property=\"og:title\" content=\"Ateliers individuels Sant\u00e9 &amp; Bien-\u00eatre - Blooming Heroes\" \/>\n<meta property=\"og:description\" content=\"R\u00e9pondez aux besoins sp\u00e9cifiques des personnes \u00e0 risques (RPS, TMS, surpoids) avec un accompagnement individuel gr\u00e2ce \u00e0 des consultations de 30 \u00e0 45...\" \/>\n<meta property=\"og:url\" content=\"https:\/\/blooming-heroes.com\/produit\/ateliers-individuels-sante-bien-etre\/\" \/>\n<meta property=\"og:site_name\" content=\"Blooming Heroes\" \/>\n<meta property=\"article:modified_time\" content=\"2023-11-13T18:03:34+00:00\" \/>\n<meta property=\"og:image\" content=\"https:\/\/blooming-heroes.com\/wp-content\/uploads\/2023\/08\/TMS-min.jpeg\" \/>\n\t<meta property=\"og:image:width\" content=\"1024\" \/>\n\t<meta property=\"og:image:height\" content=\"683\" \/>\n\t<meta property=\"og:image:type\" content=\"image\/jpeg\" \/>\n<meta name=\"twitter:card\" content=\"summary_large_image\" \/>\n<meta name=\"twitter:label1\" content=\"Est. reading time\" \/>\n\t<meta name=\"twitter:data1\" content=\"1 minute\" \/>\n<script type=\"application\/ld+json\" class=\"yoast-schema-graph\">{\"@context\":\"https:\\\/\\\/schema.org\",\"@graph\":[{\"@type\":\"WebPage\",\"@id\":\"https:\\\/\\\/blooming-heroes.com\\\/produit\\\/ateliers-individuels-sante-bien-etre\\\/\",\"url\":\"https:\\\/\\\/blooming-heroes.com\\\/produit\\\/ateliers-individuels-sante-bien-etre\\\/\",\"name\":\"Ateliers individuels Sant\u00e9 & Bien-\u00eatre - Blooming Heroes\",\"isPartOf\":{\"@id\":\"https:\\\/\\\/blooming-heroes.com\\\/#website\"},\"primaryImageOfPage\":{\"@id\":\"https:\\\/\\\/blooming-heroes.com\\\/produit\\\/ateliers-individuels-sante-bien-etre\\\/#primaryimage\"},\"image\":{\"@id\":\"https:\\\/\\\/blooming-heroes.com\\\/produit\\\/ateliers-individuels-sante-bien-etre\\\/#primaryimage\"},\"thumbnailUrl\":\"https:\\\/\\\/blooming-heroes.com\\\/wp-content\\\/uploads\\\/2023\\\/08\\\/TMS-min.jpeg\",\"datePublished\":\"2023-05-15T07:50:19+00:00\",\"dateModified\":\"2023-11-13T18:03:34+00:00\",\"description\":\"R\u00e9pondez aux besoins sp\u00e9cifiques des personnes \u00e0 risques (RPS, TMS, surpoids) avec un accompagnement individuel gr\u00e2ce \u00e0 des consultations de 30 \u00e0 45...\",\"breadcrumb\":{\"@id\":\"https:\\\/\\\/blooming-heroes.com\\\/produit\\\/ateliers-individuels-sante-bien-etre\\\/#breadcrumb\"},\"inLanguage\":\"en-US\",\"potentialAction\":[{\"@type\":\"ReadAction\",\"target\":[\"https:\\\/\\\/blooming-heroes.com\\\/produit\\\/ateliers-individuels-sante-bien-etre\\\/\"]}]},{\"@type\":\"ImageObject\",\"inLanguage\":\"en-US\",\"@id\":\"https:\\\/\\\/blooming-heroes.com\\\/produit\\\/ateliers-individuels-sante-bien-etre\\\/#primaryimage\",\"url\":\"https:\\\/\\\/blooming-heroes.com\\\/wp-content\\\/uploads\\\/2023\\\/08\\\/TMS-min.jpeg\",\"contentUrl\":\"https:\\\/\\\/blooming-heroes.com\\\/wp-content\\\/uploads\\\/2023\\\/08\\\/TMS-min.jpeg\",\"width\":1024,\"height\":683},{\"@type\":\"BreadcrumbList\",\"@id\":\"https:\\\/\\\/blooming-heroes.com\\\/produit\\\/ateliers-individuels-sante-bien-etre\\\/#breadcrumb\",\"itemListElement\":[{\"@type\":\"ListItem\",\"position\":1,\"name\":\"Accueil\",\"item\":\"https:\\\/\\\/blooming-heroes.com\\\/en\\\/\"},{\"@type\":\"ListItem\",\"position\":2,\"name\":\"Produits\",\"item\":\"https:\\\/\\\/blooming-heroes.com\\\/shop\\\/\"},{\"@type\":\"ListItem\",\"position\":3,\"name\":\"Ateliers individuels Sant\u00e9 &#038; Bien-\u00eatre\"}]},{\"@type\":\"WebSite\",\"@id\":\"https:\\\/\\\/blooming-heroes.com\\\/#website\",\"url\":\"https:\\\/\\\/blooming-heroes.com\\\/\",\"name\":\"Blooming Heroes\",\"description\":\"Les h\u00e9ros du bien-vivre au travail\",\"publisher\":{\"@id\":\"https:\\\/\\\/blooming-heroes.com\\\/#organization\"},\"potentialAction\":[{\"@type\":\"SearchAction\",\"target\":{\"@type\":\"EntryPoint\",\"urlTemplate\":\"https:\\\/\\\/blooming-heroes.com\\\/?s={search_term_string}\"},\"query-input\":{\"@type\":\"PropertyValueSpecification\",\"valueRequired\":true,\"valueName\":\"search_term_string\"}}],\"inLanguage\":\"en-US\"},{\"@type\":\"Organization\",\"@id\":\"https:\\\/\\\/blooming-heroes.com\\\/#organization\",\"name\":\"Blooming Heroes\",\"url\":\"https:\\\/\\\/blooming-heroes.com\\\/\",\"logo\":{\"@type\":\"ImageObject\",\"inLanguage\":\"en-US\",\"@id\":\"https:\\\/\\\/blooming-heroes.com\\\/#\\\/schema\\\/logo\\\/image\\\/\",\"url\":\"https:\\\/\\\/blooming-heroes.com\\\/wp-content\\\/uploads\\\/2022\\\/01\\\/cropped-Fichier-19.png\",\"contentUrl\":\"https:\\\/\\\/blooming-heroes.com\\\/wp-content\\\/uploads\\\/2022\\\/01\\\/cropped-Fichier-19.png\",\"width\":512,\"height\":512,\"caption\":\"Blooming Heroes\"},\"image\":{\"@id\":\"https:\\\/\\\/blooming-heroes.com\\\/#\\\/schema\\\/logo\\\/image\\\/\"}}]}<\/script>\n<!-- \/ Yoast SEO plugin. -->","yoast_head_json":{"title":"Ateliers individuels Sant\u00e9 & Bien-\u00eatre - Blooming Heroes","description":"R\u00e9pondez aux besoins sp\u00e9cifiques des personnes \u00e0 risques (RPS, TMS, surpoids) avec un accompagnement individuel gr\u00e2ce \u00e0 des consultations de 30 \u00e0 45...","robots":{"index":"index","follow":"follow","max-snippet":"max-snippet:-1","max-image-preview":"max-image-preview:large","max-video-preview":"max-video-preview:-1"},"canonical":"https:\/\/blooming-heroes.com\/produit\/ateliers-individuels-sante-bien-etre\/","og_locale":"en_US","og_type":"article","og_title":"Ateliers individuels Sant\u00e9 & Bien-\u00eatre - Blooming Heroes","og_description":"R\u00e9pondez aux besoins sp\u00e9cifiques des personnes \u00e0 risques (RPS, TMS, surpoids) avec un accompagnement individuel gr\u00e2ce \u00e0 des consultations de 30 \u00e0 45...","og_url":"https:\/\/blooming-heroes.com\/produit\/ateliers-individuels-sante-bien-etre\/","og_site_name":"Blooming Heroes","article_modified_time":"2023-11-13T18:03:34+00:00","og_image":[{"width":1024,"height":683,"url":"https:\/\/blooming-heroes.com\/wp-content\/uploads\/2023\/08\/TMS-min.jpeg","type":"image\/jpeg"}],"twitter_card":"summary_large_image","twitter_misc":{"Est. reading time":"1 minute"},"schema":{"@context":"https:\/\/schema.org","@graph":[{"@type":"WebPage","@id":"https:\/\/blooming-heroes.com\/produit\/ateliers-individuels-sante-bien-etre\/","url":"https:\/\/blooming-heroes.com\/produit\/ateliers-individuels-sante-bien-etre\/","name":"Ateliers individuels Sant\u00e9 & Bien-\u00eatre - Blooming Heroes","isPartOf":{"@id":"https:\/\/blooming-heroes.com\/#website"},"primaryImageOfPage":{"@id":"https:\/\/blooming-heroes.com\/produit\/ateliers-individuels-sante-bien-etre\/#primaryimage"},"image":{"@id":"https:\/\/blooming-heroes.com\/produit\/ateliers-individuels-sante-bien-etre\/#primaryimage"},"thumbnailUrl":"https:\/\/blooming-heroes.com\/wp-content\/uploads\/2023\/08\/TMS-min.jpeg","datePublished":"2023-05-15T07:50:19+00:00","dateModified":"2023-11-13T18:03:34+00:00","description":"R\u00e9pondez aux besoins sp\u00e9cifiques des personnes \u00e0 risques (RPS, TMS, surpoids) avec un accompagnement individuel gr\u00e2ce \u00e0 des consultations de 30 \u00e0 45...","breadcrumb":{"@id":"https:\/\/blooming-heroes.com\/produit\/ateliers-individuels-sante-bien-etre\/#breadcrumb"},"inLanguage":"en-US","potentialAction":[{"@type":"ReadAction","target":["https:\/\/blooming-heroes.com\/produit\/ateliers-individuels-sante-bien-etre\/"]}]},{"@type":"ImageObject","inLanguage":"en-US","@id":"https:\/\/blooming-heroes.com\/produit\/ateliers-individuels-sante-bien-etre\/#primaryimage","url":"https:\/\/blooming-heroes.com\/wp-content\/uploads\/2023\/08\/TMS-min.jpeg","contentUrl":"https:\/\/blooming-heroes.com\/wp-content\/uploads\/2023\/08\/TMS-min.jpeg","width":1024,"height":683},{"@type":"BreadcrumbList","@id":"https:\/\/blooming-heroes.com\/produit\/ateliers-individuels-sante-bien-etre\/#breadcrumb","itemListElement":[{"@type":"ListItem","position":1,"name":"Accueil","item":"https:\/\/blooming-heroes.com\/en\/"},{"@type":"ListItem","position":2,"name":"Produits","item":"https:\/\/blooming-heroes.com\/shop\/"},{"@type":"ListItem","position":3,"name":"Ateliers individuels Sant\u00e9 &#038; Bien-\u00eatre"}]},{"@type":"WebSite","@id":"https:\/\/blooming-heroes.com\/#website","url":"https:\/\/blooming-heroes.com\/","name":"Blooming Heroes","description":"Les h\u00e9ros du bien-vivre au travail","publisher":{"@id":"https:\/\/blooming-heroes.com\/#organization"},"potentialAction":[{"@type":"SearchAction","target":{"@type":"EntryPoint","urlTemplate":"https:\/\/blooming-heroes.com\/?s={search_term_string}"},"query-input":{"@type":"PropertyValueSpecification","valueRequired":true,"valueName":"search_term_string"}}],"inLanguage":"en-US"},{"@type":"Organization","@id":"https:\/\/blooming-heroes.com\/#organization","name":"Blooming Heroes","url":"https:\/\/blooming-heroes.com\/","logo":{"@type":"ImageObject","inLanguage":"en-US","@id":"https:\/\/blooming-heroes.com\/#\/schema\/logo\/image\/","url":"https:\/\/blooming-heroes.com\/wp-content\/uploads\/2022\/01\/cropped-Fichier-19.png","contentUrl":"https:\/\/blooming-heroes.com\/wp-content\/uploads\/2022\/01\/cropped-Fichier-19.png","width":512,"height":512,"caption":"Blooming Heroes"},"image":{"@id":"https:\/\/blooming-heroes.com\/#\/schema\/logo\/image\/"}}]}},"_links":{"self":[{"href":"https:\/\/blooming-heroes.com\/en\/wp-json\/wp\/v2\/product\/4760","targetHints":{"allow":["GET"]}}],"collection":[{"href":"https:\/\/blooming-heroes.com\/en\/wp-json\/wp\/v2\/product"}],"about":[{"href":"https:\/\/blooming-heroes.com\/en\/wp-json\/wp\/v2\/types\/product"}],"replies":[{"embeddable":true,"href":"https:\/\/blooming-heroes.com\/en\/wp-json\/wp\/v2\/comments?post=4760"}],"wp:featuredmedia":[{"embeddable":true,"href":"https:\/\/blooming-heroes.com\/en\/wp-json\/wp\/v2\/media\/6813"}],"wp:attachment":[{"href":"https:\/\/blooming-heroes.com\/en\/wp-json\/wp\/v2\/media?parent=4760"}],"wp:term":[{"taxonomy":"product_brand","embeddable":true,"href":"https:\/\/blooming-heroes.com\/en\/wp-json\/wp\/v2\/product_brand?post=4760"},{"taxonomy":"product_cat","embeddable":true,"href":"https:\/\/blooming-heroes.com\/en\/wp-json\/wp\/v2\/product_cat?post=4760"},{"taxonomy":"product_tag","embeddable":true,"href":"https:\/\/blooming-heroes.com\/en\/wp-json\/wp\/v2\/product_tag?post=4760"}],"curies":[{"name":"wp","href":"https:\/\/api.w.org\/{rel}","templated":true}]}}