
{"id":4764,"date":"2023-05-15T10:01:38","date_gmt":"2023-05-15T08:01:38","guid":{"rendered":"https:\/\/blooming.dev04.fr\/?post_type=product&#038;p=4764"},"modified":"2023-11-13T19:01:53","modified_gmt":"2023-11-13T18:01:53","slug":"questionnaires-en-ligne-audits","status":"publish","type":"product","link":"https:\/\/blooming-heroes.com\/en\/produit\/questionnaires-en-ligne-audits\/","title":{"rendered":"Questionnaires en ligne &#038; audits"},"content":{"rendered":"<p>Questionnaires sant\u00e9\/QVT permettant d\u2019\u00e9valuer la situation collective de vos salari\u00e9s pour optimiser vos politiques Sant\u00e9\/QVCT\/Bien-\u00eatre\/RPS. Vous avez le choix entre une large vari\u00e9t\u00e9 de th\u00e8mes (QVT, RPS, Sant\u00e9 au travail, t\u00e9l\u00e9travail) ou des enqu\u00eates th\u00e9matiques (sommeil, nutrition, activit\u00e9 physique, \u00e9quilibre vie pro-priv\u00e9e&#8230;) avec des questions valid\u00e9es scientifiquement et des questions sur mesure, pour personnaliser vos enqu\u00eates \u00e0 la r\u00e9alit\u00e9 de votre organisation.<\/p>\n","protected":false},"excerpt":{"rendered":"<p>Questionnaires sant\u00e9\/QVT permettant d\u2019\u00e9valuer la situation collective de vos salari\u00e9s pour optimiser vos politiques Sant\u00e9\/QVCT\/Bien-\u00eatre\/RPS. Vous avez le choix entre une large vari\u00e9t\u00e9 de th\u00e8mes (QVT, RPS, Sant\u00e9 au travail, t\u00e9l\u00e9travail) ou des enqu\u00eates th\u00e9matiques (sommeil, nutrition, activit\u00e9 physique, \u00e9quilibre vie pro-priv\u00e9e&#8230;) avec des questions valid\u00e9es scientifiquement et des questions sur mesure, pour personnaliser vos [&hellip;]<\/p>\n","protected":false},"featured_media":6835,"comment_status":"open","ping_status":"closed","template":"","meta":{"inline_featured_image":false,"_glsr_average":0,"_glsr_ranking":0,"_glsr_reviews":0},"product_brand":[],"product_cat":[78,80,100,75,88,89],"product_tag":[128,57],"class_list":{"0":"post-4764","1":"product","2":"type-product","3":"status-publish","4":"has-post-thumbnail","6":"product_cat-bien-etre","7":"product_cat-qvt-qvct","8":"product_cat-sante-globale","9":"product_cat-sante-mentale-stress-rps","10":"product_cat-sante-physique","11":"product_cat-tms-troubles-musculosquelettiques","12":"product_tag-audit","13":"product_tag-plateformes-digitales-applications-mobile","15":"first","16":"instock","17":"shipping-taxable","18":"product-type-simple"},"yoast_head":"<!-- This site is optimized with the Yoast SEO plugin v27.4 - https:\/\/yoast.com\/product\/yoast-seo-wordpress\/ -->\n<title>Questionnaires en ligne &amp; audits - Blooming Heroes<\/title>\n<meta name=\"description\" content=\"Questionnaires sant\u00e9\/QVT permettant d\u2019\u00e9valuer la situation collective de vos salari\u00e9s pour optimiser vos politiques Sant\u00e9\/QVCT\/Bien-\u00eatre\/RPS...\" \/>\n<meta name=\"robots\" content=\"index, follow, max-snippet:-1, max-image-preview:large, max-video-preview:-1\" \/>\n<link rel=\"canonical\" href=\"https:\/\/blooming-heroes.com\/produit\/questionnaires-en-ligne-audits\/\" \/>\n<meta property=\"og:locale\" content=\"en_US\" \/>\n<meta property=\"og:type\" content=\"article\" \/>\n<meta property=\"og:title\" content=\"Questionnaires en ligne &amp; audits - Blooming Heroes\" \/>\n<meta property=\"og:description\" content=\"Questionnaires sant\u00e9\/QVT permettant d\u2019\u00e9valuer la situation collective de vos salari\u00e9s pour optimiser vos politiques Sant\u00e9\/QVCT\/Bien-\u00eatre\/RPS...\" \/>\n<meta property=\"og:url\" content=\"https:\/\/blooming-heroes.com\/produit\/questionnaires-en-ligne-audits\/\" \/>\n<meta property=\"og:site_name\" content=\"Blooming Heroes\" \/>\n<meta property=\"article:modified_time\" content=\"2023-11-13T18:01:53+00:00\" \/>\n<meta property=\"og:image\" content=\"https:\/\/blooming-heroes.com\/wp-content\/uploads\/2023\/08\/barometre-min.jpeg\" \/>\n\t<meta property=\"og:image:width\" content=\"1024\" \/>\n\t<meta property=\"og:image:height\" content=\"604\" \/>\n\t<meta property=\"og:image:type\" content=\"image\/jpeg\" \/>\n<meta name=\"twitter:card\" content=\"summary_large_image\" \/>\n<meta name=\"twitter:label1\" content=\"Est. reading time\" \/>\n\t<meta name=\"twitter:data1\" content=\"1 minute\" \/>\n<script type=\"application\/ld+json\" class=\"yoast-schema-graph\">{\"@context\":\"https:\\\/\\\/schema.org\",\"@graph\":[{\"@type\":\"WebPage\",\"@id\":\"https:\\\/\\\/blooming-heroes.com\\\/produit\\\/questionnaires-en-ligne-audits\\\/\",\"url\":\"https:\\\/\\\/blooming-heroes.com\\\/produit\\\/questionnaires-en-ligne-audits\\\/\",\"name\":\"Questionnaires en ligne & audits - Blooming Heroes\",\"isPartOf\":{\"@id\":\"https:\\\/\\\/blooming-heroes.com\\\/#website\"},\"primaryImageOfPage\":{\"@id\":\"https:\\\/\\\/blooming-heroes.com\\\/produit\\\/questionnaires-en-ligne-audits\\\/#primaryimage\"},\"image\":{\"@id\":\"https:\\\/\\\/blooming-heroes.com\\\/produit\\\/questionnaires-en-ligne-audits\\\/#primaryimage\"},\"thumbnailUrl\":\"https:\\\/\\\/blooming-heroes.com\\\/wp-content\\\/uploads\\\/2023\\\/08\\\/barometre-min.jpeg\",\"datePublished\":\"2023-05-15T08:01:38+00:00\",\"dateModified\":\"2023-11-13T18:01:53+00:00\",\"description\":\"Questionnaires sant\u00e9\\\/QVT permettant d\u2019\u00e9valuer la situation collective de vos salari\u00e9s pour optimiser vos politiques Sant\u00e9\\\/QVCT\\\/Bien-\u00eatre\\\/RPS...\",\"breadcrumb\":{\"@id\":\"https:\\\/\\\/blooming-heroes.com\\\/produit\\\/questionnaires-en-ligne-audits\\\/#breadcrumb\"},\"inLanguage\":\"en-US\",\"potentialAction\":[{\"@type\":\"ReadAction\",\"target\":[\"https:\\\/\\\/blooming-heroes.com\\\/produit\\\/questionnaires-en-ligne-audits\\\/\"]}]},{\"@type\":\"ImageObject\",\"inLanguage\":\"en-US\",\"@id\":\"https:\\\/\\\/blooming-heroes.com\\\/produit\\\/questionnaires-en-ligne-audits\\\/#primaryimage\",\"url\":\"https:\\\/\\\/blooming-heroes.com\\\/wp-content\\\/uploads\\\/2023\\\/08\\\/barometre-min.jpeg\",\"contentUrl\":\"https:\\\/\\\/blooming-heroes.com\\\/wp-content\\\/uploads\\\/2023\\\/08\\\/barometre-min.jpeg\",\"width\":1024,\"height\":604},{\"@type\":\"BreadcrumbList\",\"@id\":\"https:\\\/\\\/blooming-heroes.com\\\/produit\\\/questionnaires-en-ligne-audits\\\/#breadcrumb\",\"itemListElement\":[{\"@type\":\"ListItem\",\"position\":1,\"name\":\"Accueil\",\"item\":\"https:\\\/\\\/blooming-heroes.com\\\/en\\\/\"},{\"@type\":\"ListItem\",\"position\":2,\"name\":\"Produits\",\"item\":\"https:\\\/\\\/blooming-heroes.com\\\/shop\\\/\"},{\"@type\":\"ListItem\",\"position\":3,\"name\":\"Questionnaires en ligne &#038; audits\"}]},{\"@type\":\"WebSite\",\"@id\":\"https:\\\/\\\/blooming-heroes.com\\\/#website\",\"url\":\"https:\\\/\\\/blooming-heroes.com\\\/\",\"name\":\"Blooming Heroes\",\"description\":\"Les h\u00e9ros du bien-vivre au travail\",\"publisher\":{\"@id\":\"https:\\\/\\\/blooming-heroes.com\\\/#organization\"},\"potentialAction\":[{\"@type\":\"SearchAction\",\"target\":{\"@type\":\"EntryPoint\",\"urlTemplate\":\"https:\\\/\\\/blooming-heroes.com\\\/?s={search_term_string}\"},\"query-input\":{\"@type\":\"PropertyValueSpecification\",\"valueRequired\":true,\"valueName\":\"search_term_string\"}}],\"inLanguage\":\"en-US\"},{\"@type\":\"Organization\",\"@id\":\"https:\\\/\\\/blooming-heroes.com\\\/#organization\",\"name\":\"Blooming Heroes\",\"url\":\"https:\\\/\\\/blooming-heroes.com\\\/\",\"logo\":{\"@type\":\"ImageObject\",\"inLanguage\":\"en-US\",\"@id\":\"https:\\\/\\\/blooming-heroes.com\\\/#\\\/schema\\\/logo\\\/image\\\/\",\"url\":\"https:\\\/\\\/blooming-heroes.com\\\/wp-content\\\/uploads\\\/2022\\\/01\\\/cropped-Fichier-19.png\",\"contentUrl\":\"https:\\\/\\\/blooming-heroes.com\\\/wp-content\\\/uploads\\\/2022\\\/01\\\/cropped-Fichier-19.png\",\"width\":512,\"height\":512,\"caption\":\"Blooming Heroes\"},\"image\":{\"@id\":\"https:\\\/\\\/blooming-heroes.com\\\/#\\\/schema\\\/logo\\\/image\\\/\"}}]}<\/script>\n<!-- \/ Yoast SEO plugin. -->","yoast_head_json":{"title":"Questionnaires en ligne & audits - Blooming Heroes","description":"Questionnaires sant\u00e9\/QVT permettant d\u2019\u00e9valuer la situation collective de vos salari\u00e9s pour optimiser vos politiques Sant\u00e9\/QVCT\/Bien-\u00eatre\/RPS...","robots":{"index":"index","follow":"follow","max-snippet":"max-snippet:-1","max-image-preview":"max-image-preview:large","max-video-preview":"max-video-preview:-1"},"canonical":"https:\/\/blooming-heroes.com\/produit\/questionnaires-en-ligne-audits\/","og_locale":"en_US","og_type":"article","og_title":"Questionnaires en ligne & audits - Blooming Heroes","og_description":"Questionnaires sant\u00e9\/QVT permettant d\u2019\u00e9valuer la situation collective de vos salari\u00e9s pour optimiser vos politiques Sant\u00e9\/QVCT\/Bien-\u00eatre\/RPS...","og_url":"https:\/\/blooming-heroes.com\/produit\/questionnaires-en-ligne-audits\/","og_site_name":"Blooming Heroes","article_modified_time":"2023-11-13T18:01:53+00:00","og_image":[{"width":1024,"height":604,"url":"https:\/\/blooming-heroes.com\/wp-content\/uploads\/2023\/08\/barometre-min.jpeg","type":"image\/jpeg"}],"twitter_card":"summary_large_image","twitter_misc":{"Est. reading time":"1 minute"},"schema":{"@context":"https:\/\/schema.org","@graph":[{"@type":"WebPage","@id":"https:\/\/blooming-heroes.com\/produit\/questionnaires-en-ligne-audits\/","url":"https:\/\/blooming-heroes.com\/produit\/questionnaires-en-ligne-audits\/","name":"Questionnaires en ligne & audits - Blooming Heroes","isPartOf":{"@id":"https:\/\/blooming-heroes.com\/#website"},"primaryImageOfPage":{"@id":"https:\/\/blooming-heroes.com\/produit\/questionnaires-en-ligne-audits\/#primaryimage"},"image":{"@id":"https:\/\/blooming-heroes.com\/produit\/questionnaires-en-ligne-audits\/#primaryimage"},"thumbnailUrl":"https:\/\/blooming-heroes.com\/wp-content\/uploads\/2023\/08\/barometre-min.jpeg","datePublished":"2023-05-15T08:01:38+00:00","dateModified":"2023-11-13T18:01:53+00:00","description":"Questionnaires sant\u00e9\/QVT permettant d\u2019\u00e9valuer la situation collective de vos salari\u00e9s pour optimiser vos politiques Sant\u00e9\/QVCT\/Bien-\u00eatre\/RPS...","breadcrumb":{"@id":"https:\/\/blooming-heroes.com\/produit\/questionnaires-en-ligne-audits\/#breadcrumb"},"inLanguage":"en-US","potentialAction":[{"@type":"ReadAction","target":["https:\/\/blooming-heroes.com\/produit\/questionnaires-en-ligne-audits\/"]}]},{"@type":"ImageObject","inLanguage":"en-US","@id":"https:\/\/blooming-heroes.com\/produit\/questionnaires-en-ligne-audits\/#primaryimage","url":"https:\/\/blooming-heroes.com\/wp-content\/uploads\/2023\/08\/barometre-min.jpeg","contentUrl":"https:\/\/blooming-heroes.com\/wp-content\/uploads\/2023\/08\/barometre-min.jpeg","width":1024,"height":604},{"@type":"BreadcrumbList","@id":"https:\/\/blooming-heroes.com\/produit\/questionnaires-en-ligne-audits\/#breadcrumb","itemListElement":[{"@type":"ListItem","position":1,"name":"Accueil","item":"https:\/\/blooming-heroes.com\/en\/"},{"@type":"ListItem","position":2,"name":"Produits","item":"https:\/\/blooming-heroes.com\/shop\/"},{"@type":"ListItem","position":3,"name":"Questionnaires en ligne &#038; audits"}]},{"@type":"WebSite","@id":"https:\/\/blooming-heroes.com\/#website","url":"https:\/\/blooming-heroes.com\/","name":"Blooming Heroes","description":"Les h\u00e9ros du bien-vivre au travail","publisher":{"@id":"https:\/\/blooming-heroes.com\/#organization"},"potentialAction":[{"@type":"SearchAction","target":{"@type":"EntryPoint","urlTemplate":"https:\/\/blooming-heroes.com\/?s={search_term_string}"},"query-input":{"@type":"PropertyValueSpecification","valueRequired":true,"valueName":"search_term_string"}}],"inLanguage":"en-US"},{"@type":"Organization","@id":"https:\/\/blooming-heroes.com\/#organization","name":"Blooming Heroes","url":"https:\/\/blooming-heroes.com\/","logo":{"@type":"ImageObject","inLanguage":"en-US","@id":"https:\/\/blooming-heroes.com\/#\/schema\/logo\/image\/","url":"https:\/\/blooming-heroes.com\/wp-content\/uploads\/2022\/01\/cropped-Fichier-19.png","contentUrl":"https:\/\/blooming-heroes.com\/wp-content\/uploads\/2022\/01\/cropped-Fichier-19.png","width":512,"height":512,"caption":"Blooming Heroes"},"image":{"@id":"https:\/\/blooming-heroes.com\/#\/schema\/logo\/image\/"}}]}},"_links":{"self":[{"href":"https:\/\/blooming-heroes.com\/en\/wp-json\/wp\/v2\/product\/4764","targetHints":{"allow":["GET"]}}],"collection":[{"href":"https:\/\/blooming-heroes.com\/en\/wp-json\/wp\/v2\/product"}],"about":[{"href":"https:\/\/blooming-heroes.com\/en\/wp-json\/wp\/v2\/types\/product"}],"replies":[{"embeddable":true,"href":"https:\/\/blooming-heroes.com\/en\/wp-json\/wp\/v2\/comments?post=4764"}],"wp:featuredmedia":[{"embeddable":true,"href":"https:\/\/blooming-heroes.com\/en\/wp-json\/wp\/v2\/media\/6835"}],"wp:attachment":[{"href":"https:\/\/blooming-heroes.com\/en\/wp-json\/wp\/v2\/media?parent=4764"}],"wp:term":[{"taxonomy":"product_brand","embeddable":true,"href":"https:\/\/blooming-heroes.com\/en\/wp-json\/wp\/v2\/product_brand?post=4764"},{"taxonomy":"product_cat","embeddable":true,"href":"https:\/\/blooming-heroes.com\/en\/wp-json\/wp\/v2\/product_cat?post=4764"},{"taxonomy":"product_tag","embeddable":true,"href":"https:\/\/blooming-heroes.com\/en\/wp-json\/wp\/v2\/product_tag?post=4764"}],"curies":[{"name":"wp","href":"https:\/\/api.w.org\/{rel}","templated":true}]}}