
{"id":4768,"date":"2023-05-15T10:09:01","date_gmt":"2023-05-15T08:09:01","guid":{"rendered":"https:\/\/blooming.dev04.fr\/?post_type=product&#038;p=4768"},"modified":"2023-10-07T10:42:41","modified_gmt":"2023-10-07T08:42:41","slug":"sensibilisation-handicap-a-360","status":"publish","type":"product","link":"https:\/\/blooming-heroes.com\/en\/produit\/sensibilisation-handicap-a-360\/","title":{"rendered":"Sensibilisation Handicap \u00e0 360\u00b0"},"content":{"rendered":"<p>Cr\u00e9er de l&#8217;interaction sur le sujet du handicap gr\u00e2ce \u00e0 un outil \u00e9pur\u00e9 et engageant pour une sensibilisation r\u00e9ussie via un panorama de diff\u00e9rents handicaps \u00e0 travers un serious game ou des activit\u00e9s et jeux digitaux vari\u00e9s ax\u00e9s sur la ressemblance. Exemple de jeux digitaux : la roue du handicap pour sensibiliser aux diff\u00e9rentes formes de handicap, blind test pour sensibilsier au handicap visuel, Lip dub pour sensibiliser au handicap auditif, lecture dyslexique pour sensibiliser au trouble dyslexique, attrape moi si tu peux pour sensibiliser au trouble du tremblement essentiel&#8230;<\/p>\n","protected":false},"excerpt":{"rendered":"<p>Cr\u00e9er de l&#8217;interaction sur le sujet du handicap gr\u00e2ce \u00e0 un outil \u00e9pur\u00e9 et engageant pour une sensibilisation r\u00e9ussie via un panorama de diff\u00e9rents handicaps \u00e0 travers un serious game ou des activit\u00e9s et jeux digitaux vari\u00e9s ax\u00e9s sur la ressemblance. Exemple de jeux digitaux : la roue du handicap pour sensibiliser aux diff\u00e9rentes formes [&hellip;]<\/p>\n","protected":false},"featured_media":5499,"comment_status":"open","ping_status":"closed","template":"","meta":{"inline_featured_image":false,"_glsr_average":0,"_glsr_ranking":0,"_glsr_reviews":0},"product_brand":[],"product_cat":[145,93,92],"product_tag":[116,57],"class_list":{"0":"post-4768","1":"product","2":"type-product","3":"status-publish","4":"has-post-thumbnail","6":"product_cat-diversite-equite-inclusion","7":"product_cat-experience-employe","8":"product_cat-handicap","9":"product_tag-formation-digitale","10":"product_tag-plateformes-digitales-applications-mobile","12":"first","13":"instock","14":"shipping-taxable","15":"product-type-simple"},"yoast_head":"<!-- This site is optimized with the Yoast SEO plugin v27.4 - https:\/\/yoast.com\/product\/yoast-seo-wordpress\/ -->\n<title>Sensibilisation Handicap \u00e0 360\u00b0 - Blooming Heroes<\/title>\n<meta name=\"description\" content=\"Cr\u00e9er de l&#039;interaction sur le sujet du handicap gr\u00e2ce \u00e0 un outil \u00e9pur\u00e9 et engageant pour une sensibilisation r\u00e9ussie via un panorama de diff\u00e9rents...\" \/>\n<meta name=\"robots\" content=\"index, follow, max-snippet:-1, max-image-preview:large, max-video-preview:-1\" \/>\n<link rel=\"canonical\" href=\"https:\/\/blooming-heroes.com\/produit\/sensibilisation-handicap-a-360\/\" \/>\n<meta property=\"og:locale\" content=\"en_US\" \/>\n<meta property=\"og:type\" content=\"article\" \/>\n<meta property=\"og:title\" content=\"Sensibilisation Handicap \u00e0 360\u00b0 - Blooming Heroes\" \/>\n<meta property=\"og:description\" content=\"Cr\u00e9er de l&#039;interaction sur le sujet du handicap gr\u00e2ce \u00e0 un outil \u00e9pur\u00e9 et engageant pour une sensibilisation r\u00e9ussie via un panorama de diff\u00e9rents...\" \/>\n<meta property=\"og:url\" content=\"https:\/\/blooming-heroes.com\/produit\/sensibilisation-handicap-a-360\/\" \/>\n<meta property=\"og:site_name\" content=\"Blooming Heroes\" \/>\n<meta property=\"article:modified_time\" content=\"2023-10-07T08:42:41+00:00\" \/>\n<meta property=\"og:image\" content=\"https:\/\/blooming-heroes.com\/wp-content\/uploads\/2023\/05\/Handicap-scaled.jpeg\" \/>\n\t<meta property=\"og:image:width\" content=\"2560\" \/>\n\t<meta property=\"og:image:height\" content=\"1707\" \/>\n\t<meta property=\"og:image:type\" content=\"image\/jpeg\" \/>\n<meta name=\"twitter:card\" content=\"summary_large_image\" \/>\n<meta name=\"twitter:label1\" content=\"Est. reading time\" \/>\n\t<meta name=\"twitter:data1\" content=\"1 minute\" \/>\n<script type=\"application\/ld+json\" class=\"yoast-schema-graph\">{\"@context\":\"https:\\\/\\\/schema.org\",\"@graph\":[{\"@type\":\"WebPage\",\"@id\":\"https:\\\/\\\/blooming-heroes.com\\\/produit\\\/sensibilisation-handicap-a-360\\\/\",\"url\":\"https:\\\/\\\/blooming-heroes.com\\\/produit\\\/sensibilisation-handicap-a-360\\\/\",\"name\":\"Sensibilisation Handicap \u00e0 360\u00b0 - Blooming Heroes\",\"isPartOf\":{\"@id\":\"https:\\\/\\\/blooming-heroes.com\\\/#website\"},\"primaryImageOfPage\":{\"@id\":\"https:\\\/\\\/blooming-heroes.com\\\/produit\\\/sensibilisation-handicap-a-360\\\/#primaryimage\"},\"image\":{\"@id\":\"https:\\\/\\\/blooming-heroes.com\\\/produit\\\/sensibilisation-handicap-a-360\\\/#primaryimage\"},\"thumbnailUrl\":\"https:\\\/\\\/blooming-heroes.com\\\/wp-content\\\/uploads\\\/2023\\\/05\\\/Handicap-scaled.jpeg\",\"datePublished\":\"2023-05-15T08:09:01+00:00\",\"dateModified\":\"2023-10-07T08:42:41+00:00\",\"description\":\"Cr\u00e9er de l'interaction sur le sujet du handicap gr\u00e2ce \u00e0 un outil \u00e9pur\u00e9 et engageant pour une sensibilisation r\u00e9ussie via un panorama de diff\u00e9rents...\",\"breadcrumb\":{\"@id\":\"https:\\\/\\\/blooming-heroes.com\\\/produit\\\/sensibilisation-handicap-a-360\\\/#breadcrumb\"},\"inLanguage\":\"en-US\",\"potentialAction\":[{\"@type\":\"ReadAction\",\"target\":[\"https:\\\/\\\/blooming-heroes.com\\\/produit\\\/sensibilisation-handicap-a-360\\\/\"]}]},{\"@type\":\"ImageObject\",\"inLanguage\":\"en-US\",\"@id\":\"https:\\\/\\\/blooming-heroes.com\\\/produit\\\/sensibilisation-handicap-a-360\\\/#primaryimage\",\"url\":\"https:\\\/\\\/blooming-heroes.com\\\/wp-content\\\/uploads\\\/2023\\\/05\\\/Handicap-scaled.jpeg\",\"contentUrl\":\"https:\\\/\\\/blooming-heroes.com\\\/wp-content\\\/uploads\\\/2023\\\/05\\\/Handicap-scaled.jpeg\",\"width\":2560,\"height\":1707},{\"@type\":\"BreadcrumbList\",\"@id\":\"https:\\\/\\\/blooming-heroes.com\\\/produit\\\/sensibilisation-handicap-a-360\\\/#breadcrumb\",\"itemListElement\":[{\"@type\":\"ListItem\",\"position\":1,\"name\":\"Accueil\",\"item\":\"https:\\\/\\\/blooming-heroes.com\\\/en\\\/\"},{\"@type\":\"ListItem\",\"position\":2,\"name\":\"Produits\",\"item\":\"https:\\\/\\\/blooming-heroes.com\\\/shop\\\/\"},{\"@type\":\"ListItem\",\"position\":3,\"name\":\"Sensibilisation Handicap \u00e0 360\u00b0\"}]},{\"@type\":\"WebSite\",\"@id\":\"https:\\\/\\\/blooming-heroes.com\\\/#website\",\"url\":\"https:\\\/\\\/blooming-heroes.com\\\/\",\"name\":\"Blooming Heroes\",\"description\":\"Les h\u00e9ros du bien-vivre au travail\",\"publisher\":{\"@id\":\"https:\\\/\\\/blooming-heroes.com\\\/#organization\"},\"potentialAction\":[{\"@type\":\"SearchAction\",\"target\":{\"@type\":\"EntryPoint\",\"urlTemplate\":\"https:\\\/\\\/blooming-heroes.com\\\/?s={search_term_string}\"},\"query-input\":{\"@type\":\"PropertyValueSpecification\",\"valueRequired\":true,\"valueName\":\"search_term_string\"}}],\"inLanguage\":\"en-US\"},{\"@type\":\"Organization\",\"@id\":\"https:\\\/\\\/blooming-heroes.com\\\/#organization\",\"name\":\"Blooming Heroes\",\"url\":\"https:\\\/\\\/blooming-heroes.com\\\/\",\"logo\":{\"@type\":\"ImageObject\",\"inLanguage\":\"en-US\",\"@id\":\"https:\\\/\\\/blooming-heroes.com\\\/#\\\/schema\\\/logo\\\/image\\\/\",\"url\":\"https:\\\/\\\/blooming-heroes.com\\\/wp-content\\\/uploads\\\/2022\\\/01\\\/cropped-Fichier-19.png\",\"contentUrl\":\"https:\\\/\\\/blooming-heroes.com\\\/wp-content\\\/uploads\\\/2022\\\/01\\\/cropped-Fichier-19.png\",\"width\":512,\"height\":512,\"caption\":\"Blooming Heroes\"},\"image\":{\"@id\":\"https:\\\/\\\/blooming-heroes.com\\\/#\\\/schema\\\/logo\\\/image\\\/\"}}]}<\/script>\n<!-- \/ Yoast SEO plugin. -->","yoast_head_json":{"title":"Sensibilisation Handicap \u00e0 360\u00b0 - Blooming Heroes","description":"Cr\u00e9er de l'interaction sur le sujet du handicap gr\u00e2ce \u00e0 un outil \u00e9pur\u00e9 et engageant pour une sensibilisation r\u00e9ussie via un panorama de diff\u00e9rents...","robots":{"index":"index","follow":"follow","max-snippet":"max-snippet:-1","max-image-preview":"max-image-preview:large","max-video-preview":"max-video-preview:-1"},"canonical":"https:\/\/blooming-heroes.com\/produit\/sensibilisation-handicap-a-360\/","og_locale":"en_US","og_type":"article","og_title":"Sensibilisation Handicap \u00e0 360\u00b0 - Blooming Heroes","og_description":"Cr\u00e9er de l'interaction sur le sujet du handicap gr\u00e2ce \u00e0 un outil \u00e9pur\u00e9 et engageant pour une sensibilisation r\u00e9ussie via un panorama de diff\u00e9rents...","og_url":"https:\/\/blooming-heroes.com\/produit\/sensibilisation-handicap-a-360\/","og_site_name":"Blooming Heroes","article_modified_time":"2023-10-07T08:42:41+00:00","og_image":[{"width":2560,"height":1707,"url":"https:\/\/blooming-heroes.com\/wp-content\/uploads\/2023\/05\/Handicap-scaled.jpeg","type":"image\/jpeg"}],"twitter_card":"summary_large_image","twitter_misc":{"Est. reading time":"1 minute"},"schema":{"@context":"https:\/\/schema.org","@graph":[{"@type":"WebPage","@id":"https:\/\/blooming-heroes.com\/produit\/sensibilisation-handicap-a-360\/","url":"https:\/\/blooming-heroes.com\/produit\/sensibilisation-handicap-a-360\/","name":"Sensibilisation Handicap \u00e0 360\u00b0 - Blooming Heroes","isPartOf":{"@id":"https:\/\/blooming-heroes.com\/#website"},"primaryImageOfPage":{"@id":"https:\/\/blooming-heroes.com\/produit\/sensibilisation-handicap-a-360\/#primaryimage"},"image":{"@id":"https:\/\/blooming-heroes.com\/produit\/sensibilisation-handicap-a-360\/#primaryimage"},"thumbnailUrl":"https:\/\/blooming-heroes.com\/wp-content\/uploads\/2023\/05\/Handicap-scaled.jpeg","datePublished":"2023-05-15T08:09:01+00:00","dateModified":"2023-10-07T08:42:41+00:00","description":"Cr\u00e9er de l'interaction sur le sujet du handicap gr\u00e2ce \u00e0 un outil \u00e9pur\u00e9 et engageant pour une sensibilisation r\u00e9ussie via un panorama de diff\u00e9rents...","breadcrumb":{"@id":"https:\/\/blooming-heroes.com\/produit\/sensibilisation-handicap-a-360\/#breadcrumb"},"inLanguage":"en-US","potentialAction":[{"@type":"ReadAction","target":["https:\/\/blooming-heroes.com\/produit\/sensibilisation-handicap-a-360\/"]}]},{"@type":"ImageObject","inLanguage":"en-US","@id":"https:\/\/blooming-heroes.com\/produit\/sensibilisation-handicap-a-360\/#primaryimage","url":"https:\/\/blooming-heroes.com\/wp-content\/uploads\/2023\/05\/Handicap-scaled.jpeg","contentUrl":"https:\/\/blooming-heroes.com\/wp-content\/uploads\/2023\/05\/Handicap-scaled.jpeg","width":2560,"height":1707},{"@type":"BreadcrumbList","@id":"https:\/\/blooming-heroes.com\/produit\/sensibilisation-handicap-a-360\/#breadcrumb","itemListElement":[{"@type":"ListItem","position":1,"name":"Accueil","item":"https:\/\/blooming-heroes.com\/en\/"},{"@type":"ListItem","position":2,"name":"Produits","item":"https:\/\/blooming-heroes.com\/shop\/"},{"@type":"ListItem","position":3,"name":"Sensibilisation Handicap \u00e0 360\u00b0"}]},{"@type":"WebSite","@id":"https:\/\/blooming-heroes.com\/#website","url":"https:\/\/blooming-heroes.com\/","name":"Blooming Heroes","description":"Les h\u00e9ros du bien-vivre au travail","publisher":{"@id":"https:\/\/blooming-heroes.com\/#organization"},"potentialAction":[{"@type":"SearchAction","target":{"@type":"EntryPoint","urlTemplate":"https:\/\/blooming-heroes.com\/?s={search_term_string}"},"query-input":{"@type":"PropertyValueSpecification","valueRequired":true,"valueName":"search_term_string"}}],"inLanguage":"en-US"},{"@type":"Organization","@id":"https:\/\/blooming-heroes.com\/#organization","name":"Blooming Heroes","url":"https:\/\/blooming-heroes.com\/","logo":{"@type":"ImageObject","inLanguage":"en-US","@id":"https:\/\/blooming-heroes.com\/#\/schema\/logo\/image\/","url":"https:\/\/blooming-heroes.com\/wp-content\/uploads\/2022\/01\/cropped-Fichier-19.png","contentUrl":"https:\/\/blooming-heroes.com\/wp-content\/uploads\/2022\/01\/cropped-Fichier-19.png","width":512,"height":512,"caption":"Blooming Heroes"},"image":{"@id":"https:\/\/blooming-heroes.com\/#\/schema\/logo\/image\/"}}]}},"_links":{"self":[{"href":"https:\/\/blooming-heroes.com\/en\/wp-json\/wp\/v2\/product\/4768","targetHints":{"allow":["GET"]}}],"collection":[{"href":"https:\/\/blooming-heroes.com\/en\/wp-json\/wp\/v2\/product"}],"about":[{"href":"https:\/\/blooming-heroes.com\/en\/wp-json\/wp\/v2\/types\/product"}],"replies":[{"embeddable":true,"href":"https:\/\/blooming-heroes.com\/en\/wp-json\/wp\/v2\/comments?post=4768"}],"wp:featuredmedia":[{"embeddable":true,"href":"https:\/\/blooming-heroes.com\/en\/wp-json\/wp\/v2\/media\/5499"}],"wp:attachment":[{"href":"https:\/\/blooming-heroes.com\/en\/wp-json\/wp\/v2\/media?parent=4768"}],"wp:term":[{"taxonomy":"product_brand","embeddable":true,"href":"https:\/\/blooming-heroes.com\/en\/wp-json\/wp\/v2\/product_brand?post=4768"},{"taxonomy":"product_cat","embeddable":true,"href":"https:\/\/blooming-heroes.com\/en\/wp-json\/wp\/v2\/product_cat?post=4768"},{"taxonomy":"product_tag","embeddable":true,"href":"https:\/\/blooming-heroes.com\/en\/wp-json\/wp\/v2\/product_tag?post=4768"}],"curies":[{"name":"wp","href":"https:\/\/api.w.org\/{rel}","templated":true}]}}