
{"id":4769,"date":"2023-05-15T10:10:37","date_gmt":"2023-05-15T08:10:37","guid":{"rendered":"https:\/\/blooming.dev04.fr\/?post_type=product&#038;p=4769"},"modified":"2023-10-07T10:42:27","modified_gmt":"2023-10-07T08:42:27","slug":"plateforme-mobilite","status":"publish","type":"product","link":"https:\/\/blooming-heroes.com\/en\/produit\/plateforme-mobilite\/","title":{"rendered":"Plateforme mobilit\u00e9"},"content":{"rendered":"<p>Cr\u00e9er de l&#8217;interaction sur le sujet de la mobilit\u00e9 gr\u00e2ce \u00e0 un outil \u00e9pur\u00e9 et engageant pour une sensibilisation r\u00e9ussie via un panorama d&#8217;activit\u00e9s et de jeux digitaux vari\u00e9s ax\u00e9s sur la ressemblance.<\/p>\n","protected":false},"excerpt":{"rendered":"<p>Cr\u00e9er de l&#8217;interaction sur le sujet de la mobilit\u00e9 gr\u00e2ce \u00e0 un outil \u00e9pur\u00e9 et engageant pour une sensibilisation r\u00e9ussie via un panorama d&#8217;activit\u00e9s et de jeux digitaux vari\u00e9s ax\u00e9s sur la ressemblance.<\/p>\n","protected":false},"featured_media":5499,"comment_status":"open","ping_status":"closed","template":"","meta":{"inline_featured_image":false,"_glsr_average":0,"_glsr_ranking":0,"_glsr_reviews":0},"product_brand":[],"product_cat":[145,93,92],"product_tag":[116,57],"class_list":{"0":"post-4769","1":"product","2":"type-product","3":"status-publish","4":"has-post-thumbnail","6":"product_cat-diversite-equite-inclusion","7":"product_cat-experience-employe","8":"product_cat-handicap","9":"product_tag-formation-digitale","10":"product_tag-plateformes-digitales-applications-mobile","12":"first","13":"instock","14":"shipping-taxable","15":"product-type-simple"},"yoast_head":"<!-- This site is optimized with the Yoast SEO plugin v27.4 - https:\/\/yoast.com\/product\/yoast-seo-wordpress\/ -->\n<title>Plateforme mobilit\u00e9 - Blooming Heroes<\/title>\n<meta name=\"description\" content=\"Cr\u00e9er de l&#039;interaction sur le sujet de la mobilit\u00e9 gr\u00e2ce \u00e0 un outil \u00e9pur\u00e9 et engageant pour une sensibilisation r\u00e9ussie via un panorama d&#039;activit\u00e9s...\" \/>\n<meta name=\"robots\" content=\"index, follow, max-snippet:-1, max-image-preview:large, max-video-preview:-1\" \/>\n<link rel=\"canonical\" href=\"https:\/\/blooming-heroes.com\/produit\/plateforme-mobilite\/\" \/>\n<meta property=\"og:locale\" content=\"en_US\" \/>\n<meta property=\"og:type\" content=\"article\" \/>\n<meta property=\"og:title\" content=\"Plateforme mobilit\u00e9 - Blooming Heroes\" \/>\n<meta property=\"og:description\" content=\"Cr\u00e9er de l&#039;interaction sur le sujet de la mobilit\u00e9 gr\u00e2ce \u00e0 un outil \u00e9pur\u00e9 et engageant pour une sensibilisation r\u00e9ussie via un panorama d&#039;activit\u00e9s...\" \/>\n<meta property=\"og:url\" content=\"https:\/\/blooming-heroes.com\/produit\/plateforme-mobilite\/\" \/>\n<meta property=\"og:site_name\" content=\"Blooming Heroes\" \/>\n<meta property=\"article:modified_time\" content=\"2023-10-07T08:42:27+00:00\" \/>\n<meta property=\"og:image\" content=\"https:\/\/blooming-heroes.com\/wp-content\/uploads\/2023\/05\/Handicap-scaled.jpeg\" \/>\n\t<meta property=\"og:image:width\" content=\"2560\" \/>\n\t<meta property=\"og:image:height\" content=\"1707\" \/>\n\t<meta property=\"og:image:type\" content=\"image\/jpeg\" \/>\n<meta name=\"twitter:card\" content=\"summary_large_image\" \/>\n<meta name=\"twitter:label1\" content=\"Est. reading time\" \/>\n\t<meta name=\"twitter:data1\" content=\"1 minute\" \/>\n<script type=\"application\/ld+json\" class=\"yoast-schema-graph\">{\"@context\":\"https:\\\/\\\/schema.org\",\"@graph\":[{\"@type\":\"WebPage\",\"@id\":\"https:\\\/\\\/blooming-heroes.com\\\/produit\\\/plateforme-mobilite\\\/\",\"url\":\"https:\\\/\\\/blooming-heroes.com\\\/produit\\\/plateforme-mobilite\\\/\",\"name\":\"Plateforme mobilit\u00e9 - Blooming Heroes\",\"isPartOf\":{\"@id\":\"https:\\\/\\\/blooming-heroes.com\\\/#website\"},\"primaryImageOfPage\":{\"@id\":\"https:\\\/\\\/blooming-heroes.com\\\/produit\\\/plateforme-mobilite\\\/#primaryimage\"},\"image\":{\"@id\":\"https:\\\/\\\/blooming-heroes.com\\\/produit\\\/plateforme-mobilite\\\/#primaryimage\"},\"thumbnailUrl\":\"https:\\\/\\\/blooming-heroes.com\\\/wp-content\\\/uploads\\\/2023\\\/05\\\/Handicap-scaled.jpeg\",\"datePublished\":\"2023-05-15T08:10:37+00:00\",\"dateModified\":\"2023-10-07T08:42:27+00:00\",\"description\":\"Cr\u00e9er de l'interaction sur le sujet de la mobilit\u00e9 gr\u00e2ce \u00e0 un outil \u00e9pur\u00e9 et engageant pour une sensibilisation r\u00e9ussie via un panorama d'activit\u00e9s...\",\"breadcrumb\":{\"@id\":\"https:\\\/\\\/blooming-heroes.com\\\/produit\\\/plateforme-mobilite\\\/#breadcrumb\"},\"inLanguage\":\"en-US\",\"potentialAction\":[{\"@type\":\"ReadAction\",\"target\":[\"https:\\\/\\\/blooming-heroes.com\\\/produit\\\/plateforme-mobilite\\\/\"]}]},{\"@type\":\"ImageObject\",\"inLanguage\":\"en-US\",\"@id\":\"https:\\\/\\\/blooming-heroes.com\\\/produit\\\/plateforme-mobilite\\\/#primaryimage\",\"url\":\"https:\\\/\\\/blooming-heroes.com\\\/wp-content\\\/uploads\\\/2023\\\/05\\\/Handicap-scaled.jpeg\",\"contentUrl\":\"https:\\\/\\\/blooming-heroes.com\\\/wp-content\\\/uploads\\\/2023\\\/05\\\/Handicap-scaled.jpeg\",\"width\":2560,\"height\":1707},{\"@type\":\"BreadcrumbList\",\"@id\":\"https:\\\/\\\/blooming-heroes.com\\\/produit\\\/plateforme-mobilite\\\/#breadcrumb\",\"itemListElement\":[{\"@type\":\"ListItem\",\"position\":1,\"name\":\"Accueil\",\"item\":\"https:\\\/\\\/blooming-heroes.com\\\/en\\\/\"},{\"@type\":\"ListItem\",\"position\":2,\"name\":\"Produits\",\"item\":\"https:\\\/\\\/blooming-heroes.com\\\/shop\\\/\"},{\"@type\":\"ListItem\",\"position\":3,\"name\":\"Plateforme mobilit\u00e9\"}]},{\"@type\":\"WebSite\",\"@id\":\"https:\\\/\\\/blooming-heroes.com\\\/#website\",\"url\":\"https:\\\/\\\/blooming-heroes.com\\\/\",\"name\":\"Blooming Heroes\",\"description\":\"Les h\u00e9ros du bien-vivre au travail\",\"publisher\":{\"@id\":\"https:\\\/\\\/blooming-heroes.com\\\/#organization\"},\"potentialAction\":[{\"@type\":\"SearchAction\",\"target\":{\"@type\":\"EntryPoint\",\"urlTemplate\":\"https:\\\/\\\/blooming-heroes.com\\\/?s={search_term_string}\"},\"query-input\":{\"@type\":\"PropertyValueSpecification\",\"valueRequired\":true,\"valueName\":\"search_term_string\"}}],\"inLanguage\":\"en-US\"},{\"@type\":\"Organization\",\"@id\":\"https:\\\/\\\/blooming-heroes.com\\\/#organization\",\"name\":\"Blooming Heroes\",\"url\":\"https:\\\/\\\/blooming-heroes.com\\\/\",\"logo\":{\"@type\":\"ImageObject\",\"inLanguage\":\"en-US\",\"@id\":\"https:\\\/\\\/blooming-heroes.com\\\/#\\\/schema\\\/logo\\\/image\\\/\",\"url\":\"https:\\\/\\\/blooming-heroes.com\\\/wp-content\\\/uploads\\\/2022\\\/01\\\/cropped-Fichier-19.png\",\"contentUrl\":\"https:\\\/\\\/blooming-heroes.com\\\/wp-content\\\/uploads\\\/2022\\\/01\\\/cropped-Fichier-19.png\",\"width\":512,\"height\":512,\"caption\":\"Blooming Heroes\"},\"image\":{\"@id\":\"https:\\\/\\\/blooming-heroes.com\\\/#\\\/schema\\\/logo\\\/image\\\/\"}}]}<\/script>\n<!-- \/ Yoast SEO plugin. -->","yoast_head_json":{"title":"Plateforme mobilit\u00e9 - Blooming Heroes","description":"Cr\u00e9er de l'interaction sur le sujet de la mobilit\u00e9 gr\u00e2ce \u00e0 un outil \u00e9pur\u00e9 et engageant pour une sensibilisation r\u00e9ussie via un panorama d'activit\u00e9s...","robots":{"index":"index","follow":"follow","max-snippet":"max-snippet:-1","max-image-preview":"max-image-preview:large","max-video-preview":"max-video-preview:-1"},"canonical":"https:\/\/blooming-heroes.com\/produit\/plateforme-mobilite\/","og_locale":"en_US","og_type":"article","og_title":"Plateforme mobilit\u00e9 - Blooming Heroes","og_description":"Cr\u00e9er de l'interaction sur le sujet de la mobilit\u00e9 gr\u00e2ce \u00e0 un outil \u00e9pur\u00e9 et engageant pour une sensibilisation r\u00e9ussie via un panorama d'activit\u00e9s...","og_url":"https:\/\/blooming-heroes.com\/produit\/plateforme-mobilite\/","og_site_name":"Blooming Heroes","article_modified_time":"2023-10-07T08:42:27+00:00","og_image":[{"width":2560,"height":1707,"url":"https:\/\/blooming-heroes.com\/wp-content\/uploads\/2023\/05\/Handicap-scaled.jpeg","type":"image\/jpeg"}],"twitter_card":"summary_large_image","twitter_misc":{"Est. reading time":"1 minute"},"schema":{"@context":"https:\/\/schema.org","@graph":[{"@type":"WebPage","@id":"https:\/\/blooming-heroes.com\/produit\/plateforme-mobilite\/","url":"https:\/\/blooming-heroes.com\/produit\/plateforme-mobilite\/","name":"Plateforme mobilit\u00e9 - Blooming Heroes","isPartOf":{"@id":"https:\/\/blooming-heroes.com\/#website"},"primaryImageOfPage":{"@id":"https:\/\/blooming-heroes.com\/produit\/plateforme-mobilite\/#primaryimage"},"image":{"@id":"https:\/\/blooming-heroes.com\/produit\/plateforme-mobilite\/#primaryimage"},"thumbnailUrl":"https:\/\/blooming-heroes.com\/wp-content\/uploads\/2023\/05\/Handicap-scaled.jpeg","datePublished":"2023-05-15T08:10:37+00:00","dateModified":"2023-10-07T08:42:27+00:00","description":"Cr\u00e9er de l'interaction sur le sujet de la mobilit\u00e9 gr\u00e2ce \u00e0 un outil \u00e9pur\u00e9 et engageant pour une sensibilisation r\u00e9ussie via un panorama d'activit\u00e9s...","breadcrumb":{"@id":"https:\/\/blooming-heroes.com\/produit\/plateforme-mobilite\/#breadcrumb"},"inLanguage":"en-US","potentialAction":[{"@type":"ReadAction","target":["https:\/\/blooming-heroes.com\/produit\/plateforme-mobilite\/"]}]},{"@type":"ImageObject","inLanguage":"en-US","@id":"https:\/\/blooming-heroes.com\/produit\/plateforme-mobilite\/#primaryimage","url":"https:\/\/blooming-heroes.com\/wp-content\/uploads\/2023\/05\/Handicap-scaled.jpeg","contentUrl":"https:\/\/blooming-heroes.com\/wp-content\/uploads\/2023\/05\/Handicap-scaled.jpeg","width":2560,"height":1707},{"@type":"BreadcrumbList","@id":"https:\/\/blooming-heroes.com\/produit\/plateforme-mobilite\/#breadcrumb","itemListElement":[{"@type":"ListItem","position":1,"name":"Accueil","item":"https:\/\/blooming-heroes.com\/en\/"},{"@type":"ListItem","position":2,"name":"Produits","item":"https:\/\/blooming-heroes.com\/shop\/"},{"@type":"ListItem","position":3,"name":"Plateforme mobilit\u00e9"}]},{"@type":"WebSite","@id":"https:\/\/blooming-heroes.com\/#website","url":"https:\/\/blooming-heroes.com\/","name":"Blooming Heroes","description":"Les h\u00e9ros du bien-vivre au travail","publisher":{"@id":"https:\/\/blooming-heroes.com\/#organization"},"potentialAction":[{"@type":"SearchAction","target":{"@type":"EntryPoint","urlTemplate":"https:\/\/blooming-heroes.com\/?s={search_term_string}"},"query-input":{"@type":"PropertyValueSpecification","valueRequired":true,"valueName":"search_term_string"}}],"inLanguage":"en-US"},{"@type":"Organization","@id":"https:\/\/blooming-heroes.com\/#organization","name":"Blooming Heroes","url":"https:\/\/blooming-heroes.com\/","logo":{"@type":"ImageObject","inLanguage":"en-US","@id":"https:\/\/blooming-heroes.com\/#\/schema\/logo\/image\/","url":"https:\/\/blooming-heroes.com\/wp-content\/uploads\/2022\/01\/cropped-Fichier-19.png","contentUrl":"https:\/\/blooming-heroes.com\/wp-content\/uploads\/2022\/01\/cropped-Fichier-19.png","width":512,"height":512,"caption":"Blooming Heroes"},"image":{"@id":"https:\/\/blooming-heroes.com\/#\/schema\/logo\/image\/"}}]}},"_links":{"self":[{"href":"https:\/\/blooming-heroes.com\/en\/wp-json\/wp\/v2\/product\/4769","targetHints":{"allow":["GET"]}}],"collection":[{"href":"https:\/\/blooming-heroes.com\/en\/wp-json\/wp\/v2\/product"}],"about":[{"href":"https:\/\/blooming-heroes.com\/en\/wp-json\/wp\/v2\/types\/product"}],"replies":[{"embeddable":true,"href":"https:\/\/blooming-heroes.com\/en\/wp-json\/wp\/v2\/comments?post=4769"}],"wp:featuredmedia":[{"embeddable":true,"href":"https:\/\/blooming-heroes.com\/en\/wp-json\/wp\/v2\/media\/5499"}],"wp:attachment":[{"href":"https:\/\/blooming-heroes.com\/en\/wp-json\/wp\/v2\/media?parent=4769"}],"wp:term":[{"taxonomy":"product_brand","embeddable":true,"href":"https:\/\/blooming-heroes.com\/en\/wp-json\/wp\/v2\/product_brand?post=4769"},{"taxonomy":"product_cat","embeddable":true,"href":"https:\/\/blooming-heroes.com\/en\/wp-json\/wp\/v2\/product_cat?post=4769"},{"taxonomy":"product_tag","embeddable":true,"href":"https:\/\/blooming-heroes.com\/en\/wp-json\/wp\/v2\/product_tag?post=4769"}],"curies":[{"name":"wp","href":"https:\/\/api.w.org\/{rel}","templated":true}]}}