
{"id":4770,"date":"2023-05-15T10:12:12","date_gmt":"2023-05-15T08:12:12","guid":{"rendered":"https:\/\/blooming.dev04.fr\/?post_type=product&#038;p=4770"},"modified":"2023-11-13T18:59:58","modified_gmt":"2023-11-13T17:59:58","slug":"assurance-collective-simplifiee-et-digitale","status":"publish","type":"product","link":"https:\/\/blooming-heroes.com\/en\/produit\/assurance-collective-simplifiee-et-digitale\/","title":{"rendered":"L&#8217;assurance collective simplifi\u00e9e et 100% digitale"},"content":{"rendered":"<p>Offrez \u00e0 vos salari\u00e9s la meilleure couverture sant\u00e9 sans trop vous bouger !<\/p>\n<p>Cette solution simplifie la gestion de votre assurance collective (pr\u00e9voyance et mutuelle) gr\u00e2ce \u00e0 :<\/p>\n<ul>\n<li>Une \u00e9quipe d&#8217;experts qui vous aident \u00e0 comparer les offres des assureurs et offrir les meilleures garanties \u00e0 vos salari\u00e9s et au meilleur prix<\/li>\n<li>Une gestion RH ultra simplifi\u00e9e et 100% digitale : 90 secondes pour r\u00e9silier votre contrat actuel, 3 minutes pour affilier tous vos salari\u00e9s !<\/li>\n<li>Une application web et mobile pour une exp\u00e9rience salari\u00e9 fluide, intuitive et optimis\u00e9e<\/li>\n<\/ul>\n<p>&nbsp;<\/p>\n<p>Avec l&#8217;assurance collective simplifi\u00e9e et 100% digitale, vous vous simplifier fortement la vie, vous gagnez du temps, et vous devenez un.e v\u00e9ritable h\u00e9ro.\u00efne en permettant \u00e0 vos salari\u00e9s de b\u00e9n\u00e9ficiez des meilleures garanties tout en r\u00e9alisant des \u00e9conomies !<\/p>\n","protected":false},"excerpt":{"rendered":"<p>Offrez \u00e0 vos salari\u00e9s la meilleure couverture sant\u00e9 sans trop vous bouger ! Cette solution simplifie la gestion de votre assurance collective (pr\u00e9voyance et mutuelle) gr\u00e2ce \u00e0 : Une \u00e9quipe d&#8217;experts qui vous aident \u00e0 comparer les offres des assureurs et offrir les meilleures garanties \u00e0 vos salari\u00e9s et au meilleur prix Une gestion RH [&hellip;]<\/p>\n","protected":false},"featured_media":6845,"comment_status":"open","ping_status":"closed","template":"","meta":{"inline_featured_image":false,"_glsr_average":0,"_glsr_ranking":0,"_glsr_reviews":0},"product_brand":[],"product_cat":[101,94,93,100,75,88],"product_tag":[57,69],"class_list":{"0":"post-4770","1":"product","2":"type-product","3":"status-publish","4":"has-post-thumbnail","6":"product_cat-assurance-collective-mutuelle","7":"product_cat-avantages-sociaux-compensation-benefices","8":"product_cat-experience-employe","9":"product_cat-sante-globale","10":"product_cat-sante-mentale-stress-rps","11":"product_cat-sante-physique","12":"product_tag-plateformes-digitales-applications-mobile","13":"product_tag-services-aux-salaries","15":"first","16":"instock","17":"shipping-taxable","18":"product-type-simple"},"yoast_head":"<!-- This site is optimized with the Yoast SEO plugin v27.4 - https:\/\/yoast.com\/product\/yoast-seo-wordpress\/ -->\n<title>L&#039;assurance collective simplifi\u00e9e et 100% digitale - Blooming Heroes<\/title>\n<meta name=\"description\" content=\"Offrez \u00e0 vos salari\u00e9s la meilleure couverture sant\u00e9 sans trop se bouger. Adapt\u00e9e \u00e0 votre budget. N\u00e9goci\u00e9e \u00e0 la garantie pr\u00e8s.\" \/>\n<meta name=\"robots\" content=\"index, follow, max-snippet:-1, max-image-preview:large, max-video-preview:-1\" \/>\n<link rel=\"canonical\" href=\"https:\/\/blooming-heroes.com\/produit\/assurance-collective-simplifiee-et-digitale\/\" \/>\n<meta property=\"og:locale\" content=\"en_US\" \/>\n<meta property=\"og:type\" content=\"article\" \/>\n<meta property=\"og:title\" content=\"L&#039;assurance collective simplifi\u00e9e et 100% digitale - Blooming Heroes\" \/>\n<meta property=\"og:description\" content=\"Offrez \u00e0 vos salari\u00e9s la meilleure couverture sant\u00e9 sans trop se bouger. Adapt\u00e9e \u00e0 votre budget. N\u00e9goci\u00e9e \u00e0 la garantie pr\u00e8s.\" \/>\n<meta property=\"og:url\" content=\"https:\/\/blooming-heroes.com\/produit\/assurance-collective-simplifiee-et-digitale\/\" \/>\n<meta property=\"og:site_name\" content=\"Blooming Heroes\" \/>\n<meta property=\"article:modified_time\" content=\"2023-11-13T17:59:58+00:00\" \/>\n<meta property=\"og:image\" content=\"https:\/\/blooming-heroes.com\/wp-content\/uploads\/2023\/05\/Assurance-sante-Famille-min-scaled.jpeg\" \/>\n\t<meta property=\"og:image:width\" content=\"2560\" \/>\n\t<meta property=\"og:image:height\" content=\"1707\" \/>\n\t<meta property=\"og:image:type\" content=\"image\/jpeg\" \/>\n<meta name=\"twitter:card\" content=\"summary_large_image\" \/>\n<meta name=\"twitter:label1\" content=\"Est. reading time\" \/>\n\t<meta name=\"twitter:data1\" content=\"1 minute\" \/>\n<script type=\"application\/ld+json\" class=\"yoast-schema-graph\">{\"@context\":\"https:\\\/\\\/schema.org\",\"@graph\":[{\"@type\":\"WebPage\",\"@id\":\"https:\\\/\\\/blooming-heroes.com\\\/produit\\\/assurance-collective-simplifiee-et-digitale\\\/\",\"url\":\"https:\\\/\\\/blooming-heroes.com\\\/produit\\\/assurance-collective-simplifiee-et-digitale\\\/\",\"name\":\"L'assurance collective simplifi\u00e9e et 100% digitale - Blooming Heroes\",\"isPartOf\":{\"@id\":\"https:\\\/\\\/blooming-heroes.com\\\/#website\"},\"primaryImageOfPage\":{\"@id\":\"https:\\\/\\\/blooming-heroes.com\\\/produit\\\/assurance-collective-simplifiee-et-digitale\\\/#primaryimage\"},\"image\":{\"@id\":\"https:\\\/\\\/blooming-heroes.com\\\/produit\\\/assurance-collective-simplifiee-et-digitale\\\/#primaryimage\"},\"thumbnailUrl\":\"https:\\\/\\\/blooming-heroes.com\\\/wp-content\\\/uploads\\\/2023\\\/05\\\/Assurance-sante-Famille-min-scaled.jpeg\",\"datePublished\":\"2023-05-15T08:12:12+00:00\",\"dateModified\":\"2023-11-13T17:59:58+00:00\",\"description\":\"Offrez \u00e0 vos salari\u00e9s la meilleure couverture sant\u00e9 sans trop se bouger. Adapt\u00e9e \u00e0 votre budget. N\u00e9goci\u00e9e \u00e0 la garantie pr\u00e8s.\",\"breadcrumb\":{\"@id\":\"https:\\\/\\\/blooming-heroes.com\\\/produit\\\/assurance-collective-simplifiee-et-digitale\\\/#breadcrumb\"},\"inLanguage\":\"en-US\",\"potentialAction\":[{\"@type\":\"ReadAction\",\"target\":[\"https:\\\/\\\/blooming-heroes.com\\\/produit\\\/assurance-collective-simplifiee-et-digitale\\\/\"]}]},{\"@type\":\"ImageObject\",\"inLanguage\":\"en-US\",\"@id\":\"https:\\\/\\\/blooming-heroes.com\\\/produit\\\/assurance-collective-simplifiee-et-digitale\\\/#primaryimage\",\"url\":\"https:\\\/\\\/blooming-heroes.com\\\/wp-content\\\/uploads\\\/2023\\\/05\\\/Assurance-sante-Famille-min-scaled.jpeg\",\"contentUrl\":\"https:\\\/\\\/blooming-heroes.com\\\/wp-content\\\/uploads\\\/2023\\\/05\\\/Assurance-sante-Famille-min-scaled.jpeg\",\"width\":2560,\"height\":1707},{\"@type\":\"BreadcrumbList\",\"@id\":\"https:\\\/\\\/blooming-heroes.com\\\/produit\\\/assurance-collective-simplifiee-et-digitale\\\/#breadcrumb\",\"itemListElement\":[{\"@type\":\"ListItem\",\"position\":1,\"name\":\"Accueil\",\"item\":\"https:\\\/\\\/blooming-heroes.com\\\/en\\\/\"},{\"@type\":\"ListItem\",\"position\":2,\"name\":\"Produits\",\"item\":\"https:\\\/\\\/blooming-heroes.com\\\/shop\\\/\"},{\"@type\":\"ListItem\",\"position\":3,\"name\":\"L&rsquo;assurance collective simplifi\u00e9e et 100% digitale\"}]},{\"@type\":\"WebSite\",\"@id\":\"https:\\\/\\\/blooming-heroes.com\\\/#website\",\"url\":\"https:\\\/\\\/blooming-heroes.com\\\/\",\"name\":\"Blooming Heroes\",\"description\":\"Les h\u00e9ros du bien-vivre au travail\",\"publisher\":{\"@id\":\"https:\\\/\\\/blooming-heroes.com\\\/#organization\"},\"potentialAction\":[{\"@type\":\"SearchAction\",\"target\":{\"@type\":\"EntryPoint\",\"urlTemplate\":\"https:\\\/\\\/blooming-heroes.com\\\/?s={search_term_string}\"},\"query-input\":{\"@type\":\"PropertyValueSpecification\",\"valueRequired\":true,\"valueName\":\"search_term_string\"}}],\"inLanguage\":\"en-US\"},{\"@type\":\"Organization\",\"@id\":\"https:\\\/\\\/blooming-heroes.com\\\/#organization\",\"name\":\"Blooming Heroes\",\"url\":\"https:\\\/\\\/blooming-heroes.com\\\/\",\"logo\":{\"@type\":\"ImageObject\",\"inLanguage\":\"en-US\",\"@id\":\"https:\\\/\\\/blooming-heroes.com\\\/#\\\/schema\\\/logo\\\/image\\\/\",\"url\":\"https:\\\/\\\/blooming-heroes.com\\\/wp-content\\\/uploads\\\/2022\\\/01\\\/cropped-Fichier-19.png\",\"contentUrl\":\"https:\\\/\\\/blooming-heroes.com\\\/wp-content\\\/uploads\\\/2022\\\/01\\\/cropped-Fichier-19.png\",\"width\":512,\"height\":512,\"caption\":\"Blooming Heroes\"},\"image\":{\"@id\":\"https:\\\/\\\/blooming-heroes.com\\\/#\\\/schema\\\/logo\\\/image\\\/\"}}]}<\/script>\n<!-- \/ Yoast SEO plugin. -->","yoast_head_json":{"title":"L'assurance collective simplifi\u00e9e et 100% digitale - Blooming Heroes","description":"Offrez \u00e0 vos salari\u00e9s la meilleure couverture sant\u00e9 sans trop se bouger. Adapt\u00e9e \u00e0 votre budget. N\u00e9goci\u00e9e \u00e0 la garantie pr\u00e8s.","robots":{"index":"index","follow":"follow","max-snippet":"max-snippet:-1","max-image-preview":"max-image-preview:large","max-video-preview":"max-video-preview:-1"},"canonical":"https:\/\/blooming-heroes.com\/produit\/assurance-collective-simplifiee-et-digitale\/","og_locale":"en_US","og_type":"article","og_title":"L'assurance collective simplifi\u00e9e et 100% digitale - Blooming Heroes","og_description":"Offrez \u00e0 vos salari\u00e9s la meilleure couverture sant\u00e9 sans trop se bouger. Adapt\u00e9e \u00e0 votre budget. N\u00e9goci\u00e9e \u00e0 la garantie pr\u00e8s.","og_url":"https:\/\/blooming-heroes.com\/produit\/assurance-collective-simplifiee-et-digitale\/","og_site_name":"Blooming Heroes","article_modified_time":"2023-11-13T17:59:58+00:00","og_image":[{"width":2560,"height":1707,"url":"https:\/\/blooming-heroes.com\/wp-content\/uploads\/2023\/05\/Assurance-sante-Famille-min-scaled.jpeg","type":"image\/jpeg"}],"twitter_card":"summary_large_image","twitter_misc":{"Est. reading time":"1 minute"},"schema":{"@context":"https:\/\/schema.org","@graph":[{"@type":"WebPage","@id":"https:\/\/blooming-heroes.com\/produit\/assurance-collective-simplifiee-et-digitale\/","url":"https:\/\/blooming-heroes.com\/produit\/assurance-collective-simplifiee-et-digitale\/","name":"L'assurance collective simplifi\u00e9e et 100% digitale - Blooming Heroes","isPartOf":{"@id":"https:\/\/blooming-heroes.com\/#website"},"primaryImageOfPage":{"@id":"https:\/\/blooming-heroes.com\/produit\/assurance-collective-simplifiee-et-digitale\/#primaryimage"},"image":{"@id":"https:\/\/blooming-heroes.com\/produit\/assurance-collective-simplifiee-et-digitale\/#primaryimage"},"thumbnailUrl":"https:\/\/blooming-heroes.com\/wp-content\/uploads\/2023\/05\/Assurance-sante-Famille-min-scaled.jpeg","datePublished":"2023-05-15T08:12:12+00:00","dateModified":"2023-11-13T17:59:58+00:00","description":"Offrez \u00e0 vos salari\u00e9s la meilleure couverture sant\u00e9 sans trop se bouger. Adapt\u00e9e \u00e0 votre budget. N\u00e9goci\u00e9e \u00e0 la garantie pr\u00e8s.","breadcrumb":{"@id":"https:\/\/blooming-heroes.com\/produit\/assurance-collective-simplifiee-et-digitale\/#breadcrumb"},"inLanguage":"en-US","potentialAction":[{"@type":"ReadAction","target":["https:\/\/blooming-heroes.com\/produit\/assurance-collective-simplifiee-et-digitale\/"]}]},{"@type":"ImageObject","inLanguage":"en-US","@id":"https:\/\/blooming-heroes.com\/produit\/assurance-collective-simplifiee-et-digitale\/#primaryimage","url":"https:\/\/blooming-heroes.com\/wp-content\/uploads\/2023\/05\/Assurance-sante-Famille-min-scaled.jpeg","contentUrl":"https:\/\/blooming-heroes.com\/wp-content\/uploads\/2023\/05\/Assurance-sante-Famille-min-scaled.jpeg","width":2560,"height":1707},{"@type":"BreadcrumbList","@id":"https:\/\/blooming-heroes.com\/produit\/assurance-collective-simplifiee-et-digitale\/#breadcrumb","itemListElement":[{"@type":"ListItem","position":1,"name":"Accueil","item":"https:\/\/blooming-heroes.com\/en\/"},{"@type":"ListItem","position":2,"name":"Produits","item":"https:\/\/blooming-heroes.com\/shop\/"},{"@type":"ListItem","position":3,"name":"L&rsquo;assurance collective simplifi\u00e9e et 100% digitale"}]},{"@type":"WebSite","@id":"https:\/\/blooming-heroes.com\/#website","url":"https:\/\/blooming-heroes.com\/","name":"Blooming Heroes","description":"Les h\u00e9ros du bien-vivre au travail","publisher":{"@id":"https:\/\/blooming-heroes.com\/#organization"},"potentialAction":[{"@type":"SearchAction","target":{"@type":"EntryPoint","urlTemplate":"https:\/\/blooming-heroes.com\/?s={search_term_string}"},"query-input":{"@type":"PropertyValueSpecification","valueRequired":true,"valueName":"search_term_string"}}],"inLanguage":"en-US"},{"@type":"Organization","@id":"https:\/\/blooming-heroes.com\/#organization","name":"Blooming Heroes","url":"https:\/\/blooming-heroes.com\/","logo":{"@type":"ImageObject","inLanguage":"en-US","@id":"https:\/\/blooming-heroes.com\/#\/schema\/logo\/image\/","url":"https:\/\/blooming-heroes.com\/wp-content\/uploads\/2022\/01\/cropped-Fichier-19.png","contentUrl":"https:\/\/blooming-heroes.com\/wp-content\/uploads\/2022\/01\/cropped-Fichier-19.png","width":512,"height":512,"caption":"Blooming Heroes"},"image":{"@id":"https:\/\/blooming-heroes.com\/#\/schema\/logo\/image\/"}}]}},"_links":{"self":[{"href":"https:\/\/blooming-heroes.com\/en\/wp-json\/wp\/v2\/product\/4770","targetHints":{"allow":["GET"]}}],"collection":[{"href":"https:\/\/blooming-heroes.com\/en\/wp-json\/wp\/v2\/product"}],"about":[{"href":"https:\/\/blooming-heroes.com\/en\/wp-json\/wp\/v2\/types\/product"}],"replies":[{"embeddable":true,"href":"https:\/\/blooming-heroes.com\/en\/wp-json\/wp\/v2\/comments?post=4770"}],"wp:featuredmedia":[{"embeddable":true,"href":"https:\/\/blooming-heroes.com\/en\/wp-json\/wp\/v2\/media\/6845"}],"wp:attachment":[{"href":"https:\/\/blooming-heroes.com\/en\/wp-json\/wp\/v2\/media?parent=4770"}],"wp:term":[{"taxonomy":"product_brand","embeddable":true,"href":"https:\/\/blooming-heroes.com\/en\/wp-json\/wp\/v2\/product_brand?post=4770"},{"taxonomy":"product_cat","embeddable":true,"href":"https:\/\/blooming-heroes.com\/en\/wp-json\/wp\/v2\/product_cat?post=4770"},{"taxonomy":"product_tag","embeddable":true,"href":"https:\/\/blooming-heroes.com\/en\/wp-json\/wp\/v2\/product_tag?post=4770"}],"curies":[{"name":"wp","href":"https:\/\/api.w.org\/{rel}","templated":true}]}}