
{"id":5443,"date":"2023-08-05T17:14:44","date_gmt":"2023-08-05T15:14:44","guid":{"rendered":"https:\/\/blooming.dev05.fr\/?post_type=product&#038;p=5443"},"modified":"2023-11-13T18:57:23","modified_gmt":"2023-11-13T17:57:23","slug":"evaluer-la-sante-psychologique-au-travail-les-etudes-impact-humain","status":"publish","type":"product","link":"https:\/\/blooming-heroes.com\/en\/produit\/evaluer-la-sante-psychologique-au-travail-les-etudes-impact-humain\/","title":{"rendered":"\u00c9valuer la sant\u00e9 psychologique au travail : les \u00e9tudes d&#8217;impact humain"},"content":{"rendered":"<p>Contrairement aux diagnostics qui sont des photographies de l&#8217;\u00e9tat psychosocial de l&#8217;entreprise \u00e0 un instant T, les \u00e9tudes d&#8217;impact humain permettent d\u2019anticiper les effets des changements sur la psychologie et les comportements des individus concern\u00e9s, mais aussi d\u2019\u00e9valuer les chances de r\u00e9ussite du projet de transformation (le facteur humain \u00e9tant d\u00e9terminant de ce point de vue).<\/p>\n","protected":false},"excerpt":{"rendered":"<p>Contrairement aux diagnostics qui sont des photographies de l&#8217;\u00e9tat psychosocial de l&#8217;entreprise \u00e0 un instant T, les \u00e9tudes d&#8217;impact humain permettent d\u2019anticiper les effets des changements sur la psychologie et les comportements des individus concern\u00e9s, mais aussi d\u2019\u00e9valuer les chances de r\u00e9ussite du projet de transformation (le facteur humain \u00e9tant d\u00e9terminant de ce point de [&hellip;]<\/p>\n","protected":false},"featured_media":6843,"comment_status":"open","ping_status":"closed","template":"","meta":{"inline_featured_image":false,"_glsr_average":0,"_glsr_ranking":0,"_glsr_reviews":0},"product_brand":[],"product_cat":[82,80,75],"product_tag":[128],"class_list":{"0":"post-5443","1":"product","2":"type-product","3":"status-publish","4":"has-post-thumbnail","6":"product_cat-accompagnement-au-changement-et-transformation","7":"product_cat-qvt-qvct","8":"product_cat-sante-mentale-stress-rps","9":"product_tag-audit","11":"first","12":"instock","13":"shipping-taxable","14":"product-type-simple"},"yoast_head":"<!-- This site is optimized with the Yoast SEO plugin v27.4 - https:\/\/yoast.com\/product\/yoast-seo-wordpress\/ -->\n<title>\u00c9valuer la sant\u00e9 psychologique au travail : les \u00e9tudes d&#039;impact humain<\/title>\n<meta name=\"description\" content=\"Contrairement aux diagnostics qui sont des photographies de l&#039;\u00e9tat psychosocial de l&#039;entreprise \u00e0 un instant T, les \u00e9tudes d&#039;impact humain ...\" \/>\n<meta name=\"robots\" content=\"index, follow, max-snippet:-1, max-image-preview:large, max-video-preview:-1\" \/>\n<link rel=\"canonical\" href=\"https:\/\/blooming-heroes.com\/produit\/evaluer-la-sante-psychologique-au-travail-les-etudes-impact-humain\/\" \/>\n<meta property=\"og:locale\" content=\"en_US\" \/>\n<meta property=\"og:type\" content=\"article\" \/>\n<meta property=\"og:title\" content=\"\u00c9valuer la sant\u00e9 psychologique au travail : les \u00e9tudes d&#039;impact humain\" \/>\n<meta property=\"og:description\" content=\"Contrairement aux diagnostics qui sont des photographies de l&#039;\u00e9tat psychosocial de l&#039;entreprise \u00e0 un instant T, les \u00e9tudes d&#039;impact humain ...\" \/>\n<meta property=\"og:url\" content=\"https:\/\/blooming-heroes.com\/produit\/evaluer-la-sante-psychologique-au-travail-les-etudes-impact-humain\/\" \/>\n<meta property=\"og:site_name\" content=\"Blooming Heroes\" \/>\n<meta property=\"article:modified_time\" content=\"2023-11-13T17:57:23+00:00\" \/>\n<meta property=\"og:image\" content=\"https:\/\/blooming-heroes.com\/wp-content\/uploads\/2023\/08\/etude_impact-min.jpeg\" \/>\n\t<meta property=\"og:image:width\" content=\"320\" \/>\n\t<meta property=\"og:image:height\" content=\"209\" \/>\n\t<meta property=\"og:image:type\" content=\"image\/jpeg\" \/>\n<meta name=\"twitter:card\" content=\"summary_large_image\" \/>\n<meta name=\"twitter:label1\" content=\"Est. reading time\" \/>\n\t<meta name=\"twitter:data1\" content=\"1 minute\" \/>\n<script type=\"application\/ld+json\" class=\"yoast-schema-graph\">{\"@context\":\"https:\\\/\\\/schema.org\",\"@graph\":[{\"@type\":\"WebPage\",\"@id\":\"https:\\\/\\\/blooming-heroes.com\\\/produit\\\/evaluer-la-sante-psychologique-au-travail-les-etudes-impact-humain\\\/\",\"url\":\"https:\\\/\\\/blooming-heroes.com\\\/produit\\\/evaluer-la-sante-psychologique-au-travail-les-etudes-impact-humain\\\/\",\"name\":\"\u00c9valuer la sant\u00e9 psychologique au travail : les \u00e9tudes d'impact humain\",\"isPartOf\":{\"@id\":\"https:\\\/\\\/blooming-heroes.com\\\/#website\"},\"primaryImageOfPage\":{\"@id\":\"https:\\\/\\\/blooming-heroes.com\\\/produit\\\/evaluer-la-sante-psychologique-au-travail-les-etudes-impact-humain\\\/#primaryimage\"},\"image\":{\"@id\":\"https:\\\/\\\/blooming-heroes.com\\\/produit\\\/evaluer-la-sante-psychologique-au-travail-les-etudes-impact-humain\\\/#primaryimage\"},\"thumbnailUrl\":\"https:\\\/\\\/blooming-heroes.com\\\/wp-content\\\/uploads\\\/2023\\\/08\\\/etude_impact-min.jpeg\",\"datePublished\":\"2023-08-05T15:14:44+00:00\",\"dateModified\":\"2023-11-13T17:57:23+00:00\",\"description\":\"Contrairement aux diagnostics qui sont des photographies de l'\u00e9tat psychosocial de l'entreprise \u00e0 un instant T, les \u00e9tudes d'impact humain ...\",\"breadcrumb\":{\"@id\":\"https:\\\/\\\/blooming-heroes.com\\\/produit\\\/evaluer-la-sante-psychologique-au-travail-les-etudes-impact-humain\\\/#breadcrumb\"},\"inLanguage\":\"en-US\",\"potentialAction\":[{\"@type\":\"ReadAction\",\"target\":[\"https:\\\/\\\/blooming-heroes.com\\\/produit\\\/evaluer-la-sante-psychologique-au-travail-les-etudes-impact-humain\\\/\"]}]},{\"@type\":\"ImageObject\",\"inLanguage\":\"en-US\",\"@id\":\"https:\\\/\\\/blooming-heroes.com\\\/produit\\\/evaluer-la-sante-psychologique-au-travail-les-etudes-impact-humain\\\/#primaryimage\",\"url\":\"https:\\\/\\\/blooming-heroes.com\\\/wp-content\\\/uploads\\\/2023\\\/08\\\/etude_impact-min.jpeg\",\"contentUrl\":\"https:\\\/\\\/blooming-heroes.com\\\/wp-content\\\/uploads\\\/2023\\\/08\\\/etude_impact-min.jpeg\",\"width\":320,\"height\":209},{\"@type\":\"BreadcrumbList\",\"@id\":\"https:\\\/\\\/blooming-heroes.com\\\/produit\\\/evaluer-la-sante-psychologique-au-travail-les-etudes-impact-humain\\\/#breadcrumb\",\"itemListElement\":[{\"@type\":\"ListItem\",\"position\":1,\"name\":\"Accueil\",\"item\":\"https:\\\/\\\/blooming-heroes.com\\\/en\\\/\"},{\"@type\":\"ListItem\",\"position\":2,\"name\":\"Produits\",\"item\":\"https:\\\/\\\/blooming-heroes.com\\\/shop\\\/\"},{\"@type\":\"ListItem\",\"position\":3,\"name\":\"\u00c9valuer la sant\u00e9 psychologique au travail : les \u00e9tudes d&rsquo;impact humain\"}]},{\"@type\":\"WebSite\",\"@id\":\"https:\\\/\\\/blooming-heroes.com\\\/#website\",\"url\":\"https:\\\/\\\/blooming-heroes.com\\\/\",\"name\":\"Blooming Heroes\",\"description\":\"Les h\u00e9ros du bien-vivre au travail\",\"publisher\":{\"@id\":\"https:\\\/\\\/blooming-heroes.com\\\/#organization\"},\"potentialAction\":[{\"@type\":\"SearchAction\",\"target\":{\"@type\":\"EntryPoint\",\"urlTemplate\":\"https:\\\/\\\/blooming-heroes.com\\\/?s={search_term_string}\"},\"query-input\":{\"@type\":\"PropertyValueSpecification\",\"valueRequired\":true,\"valueName\":\"search_term_string\"}}],\"inLanguage\":\"en-US\"},{\"@type\":\"Organization\",\"@id\":\"https:\\\/\\\/blooming-heroes.com\\\/#organization\",\"name\":\"Blooming Heroes\",\"url\":\"https:\\\/\\\/blooming-heroes.com\\\/\",\"logo\":{\"@type\":\"ImageObject\",\"inLanguage\":\"en-US\",\"@id\":\"https:\\\/\\\/blooming-heroes.com\\\/#\\\/schema\\\/logo\\\/image\\\/\",\"url\":\"https:\\\/\\\/blooming-heroes.com\\\/wp-content\\\/uploads\\\/2022\\\/01\\\/cropped-Fichier-19.png\",\"contentUrl\":\"https:\\\/\\\/blooming-heroes.com\\\/wp-content\\\/uploads\\\/2022\\\/01\\\/cropped-Fichier-19.png\",\"width\":512,\"height\":512,\"caption\":\"Blooming Heroes\"},\"image\":{\"@id\":\"https:\\\/\\\/blooming-heroes.com\\\/#\\\/schema\\\/logo\\\/image\\\/\"}}]}<\/script>\n<!-- \/ Yoast SEO plugin. -->","yoast_head_json":{"title":"\u00c9valuer la sant\u00e9 psychologique au travail : les \u00e9tudes d'impact humain","description":"Contrairement aux diagnostics qui sont des photographies de l'\u00e9tat psychosocial de l'entreprise \u00e0 un instant T, les \u00e9tudes d'impact humain ...","robots":{"index":"index","follow":"follow","max-snippet":"max-snippet:-1","max-image-preview":"max-image-preview:large","max-video-preview":"max-video-preview:-1"},"canonical":"https:\/\/blooming-heroes.com\/produit\/evaluer-la-sante-psychologique-au-travail-les-etudes-impact-humain\/","og_locale":"en_US","og_type":"article","og_title":"\u00c9valuer la sant\u00e9 psychologique au travail : les \u00e9tudes d'impact humain","og_description":"Contrairement aux diagnostics qui sont des photographies de l'\u00e9tat psychosocial de l'entreprise \u00e0 un instant T, les \u00e9tudes d'impact humain ...","og_url":"https:\/\/blooming-heroes.com\/produit\/evaluer-la-sante-psychologique-au-travail-les-etudes-impact-humain\/","og_site_name":"Blooming Heroes","article_modified_time":"2023-11-13T17:57:23+00:00","og_image":[{"width":320,"height":209,"url":"https:\/\/blooming-heroes.com\/wp-content\/uploads\/2023\/08\/etude_impact-min.jpeg","type":"image\/jpeg"}],"twitter_card":"summary_large_image","twitter_misc":{"Est. reading time":"1 minute"},"schema":{"@context":"https:\/\/schema.org","@graph":[{"@type":"WebPage","@id":"https:\/\/blooming-heroes.com\/produit\/evaluer-la-sante-psychologique-au-travail-les-etudes-impact-humain\/","url":"https:\/\/blooming-heroes.com\/produit\/evaluer-la-sante-psychologique-au-travail-les-etudes-impact-humain\/","name":"\u00c9valuer la sant\u00e9 psychologique au travail : les \u00e9tudes d'impact humain","isPartOf":{"@id":"https:\/\/blooming-heroes.com\/#website"},"primaryImageOfPage":{"@id":"https:\/\/blooming-heroes.com\/produit\/evaluer-la-sante-psychologique-au-travail-les-etudes-impact-humain\/#primaryimage"},"image":{"@id":"https:\/\/blooming-heroes.com\/produit\/evaluer-la-sante-psychologique-au-travail-les-etudes-impact-humain\/#primaryimage"},"thumbnailUrl":"https:\/\/blooming-heroes.com\/wp-content\/uploads\/2023\/08\/etude_impact-min.jpeg","datePublished":"2023-08-05T15:14:44+00:00","dateModified":"2023-11-13T17:57:23+00:00","description":"Contrairement aux diagnostics qui sont des photographies de l'\u00e9tat psychosocial de l'entreprise \u00e0 un instant T, les \u00e9tudes d'impact humain ...","breadcrumb":{"@id":"https:\/\/blooming-heroes.com\/produit\/evaluer-la-sante-psychologique-au-travail-les-etudes-impact-humain\/#breadcrumb"},"inLanguage":"en-US","potentialAction":[{"@type":"ReadAction","target":["https:\/\/blooming-heroes.com\/produit\/evaluer-la-sante-psychologique-au-travail-les-etudes-impact-humain\/"]}]},{"@type":"ImageObject","inLanguage":"en-US","@id":"https:\/\/blooming-heroes.com\/produit\/evaluer-la-sante-psychologique-au-travail-les-etudes-impact-humain\/#primaryimage","url":"https:\/\/blooming-heroes.com\/wp-content\/uploads\/2023\/08\/etude_impact-min.jpeg","contentUrl":"https:\/\/blooming-heroes.com\/wp-content\/uploads\/2023\/08\/etude_impact-min.jpeg","width":320,"height":209},{"@type":"BreadcrumbList","@id":"https:\/\/blooming-heroes.com\/produit\/evaluer-la-sante-psychologique-au-travail-les-etudes-impact-humain\/#breadcrumb","itemListElement":[{"@type":"ListItem","position":1,"name":"Accueil","item":"https:\/\/blooming-heroes.com\/en\/"},{"@type":"ListItem","position":2,"name":"Produits","item":"https:\/\/blooming-heroes.com\/shop\/"},{"@type":"ListItem","position":3,"name":"\u00c9valuer la sant\u00e9 psychologique au travail : les \u00e9tudes d&rsquo;impact humain"}]},{"@type":"WebSite","@id":"https:\/\/blooming-heroes.com\/#website","url":"https:\/\/blooming-heroes.com\/","name":"Blooming Heroes","description":"Les h\u00e9ros du bien-vivre au travail","publisher":{"@id":"https:\/\/blooming-heroes.com\/#organization"},"potentialAction":[{"@type":"SearchAction","target":{"@type":"EntryPoint","urlTemplate":"https:\/\/blooming-heroes.com\/?s={search_term_string}"},"query-input":{"@type":"PropertyValueSpecification","valueRequired":true,"valueName":"search_term_string"}}],"inLanguage":"en-US"},{"@type":"Organization","@id":"https:\/\/blooming-heroes.com\/#organization","name":"Blooming Heroes","url":"https:\/\/blooming-heroes.com\/","logo":{"@type":"ImageObject","inLanguage":"en-US","@id":"https:\/\/blooming-heroes.com\/#\/schema\/logo\/image\/","url":"https:\/\/blooming-heroes.com\/wp-content\/uploads\/2022\/01\/cropped-Fichier-19.png","contentUrl":"https:\/\/blooming-heroes.com\/wp-content\/uploads\/2022\/01\/cropped-Fichier-19.png","width":512,"height":512,"caption":"Blooming Heroes"},"image":{"@id":"https:\/\/blooming-heroes.com\/#\/schema\/logo\/image\/"}}]}},"_links":{"self":[{"href":"https:\/\/blooming-heroes.com\/en\/wp-json\/wp\/v2\/product\/5443","targetHints":{"allow":["GET"]}}],"collection":[{"href":"https:\/\/blooming-heroes.com\/en\/wp-json\/wp\/v2\/product"}],"about":[{"href":"https:\/\/blooming-heroes.com\/en\/wp-json\/wp\/v2\/types\/product"}],"replies":[{"embeddable":true,"href":"https:\/\/blooming-heroes.com\/en\/wp-json\/wp\/v2\/comments?post=5443"}],"wp:featuredmedia":[{"embeddable":true,"href":"https:\/\/blooming-heroes.com\/en\/wp-json\/wp\/v2\/media\/6843"}],"wp:attachment":[{"href":"https:\/\/blooming-heroes.com\/en\/wp-json\/wp\/v2\/media?parent=5443"}],"wp:term":[{"taxonomy":"product_brand","embeddable":true,"href":"https:\/\/blooming-heroes.com\/en\/wp-json\/wp\/v2\/product_brand?post=5443"},{"taxonomy":"product_cat","embeddable":true,"href":"https:\/\/blooming-heroes.com\/en\/wp-json\/wp\/v2\/product_cat?post=5443"},{"taxonomy":"product_tag","embeddable":true,"href":"https:\/\/blooming-heroes.com\/en\/wp-json\/wp\/v2\/product_tag?post=5443"}],"curies":[{"name":"wp","href":"https:\/\/api.w.org\/{rel}","templated":true}]}}