
{"id":5450,"date":"2023-08-05T17:31:59","date_gmt":"2023-08-05T15:31:59","guid":{"rendered":"https:\/\/blooming.dev05.fr\/?post_type=product&#038;p=5450"},"modified":"2023-08-13T18:36:46","modified_gmt":"2023-08-13T16:36:46","slug":"gerer-les-situations-sensibles-les-comportements-inappropries","status":"publish","type":"product","link":"https:\/\/blooming-heroes.com\/en\/produit\/gerer-les-situations-sensibles-les-comportements-inappropries\/","title":{"rendered":"G\u00e9rer les situations sensibles : les plaintes pour comportements inappropri\u00e9s"},"content":{"rendered":"<p>Enqu\u00eates permettant de d\u00e9terminer l&#8217;existence d&#8217;un terrain favorable \u00e0 l&#8217;occurence de comportements inappropri\u00e9s, et accompagnement sous forme de soutien psychologique, de coaching ou de conseil en management, afin que le collectif de travail retrouve un mode de fonctionnement serein et efficace.<\/p>\n","protected":false},"excerpt":{"rendered":"<p>Enqu\u00eates permettant de d\u00e9terminer l&#8217;existence d&#8217;un terrain favorable \u00e0 l&#8217;occurence de comportements inappropri\u00e9s, et accompagnement sous forme de soutien psychologique, de coaching ou de conseil en management, afin que le collectif de travail retrouve un mode de fonctionnement serein et efficace.<\/p>\n","protected":false},"featured_media":5451,"comment_status":"open","ping_status":"closed","template":"","meta":{"inline_featured_image":false,"_glsr_average":0,"_glsr_ranking":0,"_glsr_reviews":0},"product_brand":[],"product_cat":[96,123,75,91],"product_tag":[61,114,70],"class_list":{"0":"post-5450","1":"product","2":"type-product","3":"status-publish","4":"has-post-thumbnail","6":"product_cat-gestion-des-conflits","7":"product_cat-harcelement","8":"product_cat-sante-mentale-stress-rps","9":"product_cat-securite-au-travail","10":"product_tag-conseil","11":"product_tag-gestion-de-crise-et-de-situation-durgence","12":"product_tag-soutien-aux-salaries","14":"first","15":"instock","16":"shipping-taxable","17":"product-type-simple"},"yoast_head":"<!-- This site is optimized with the Yoast SEO plugin v27.4 - https:\/\/yoast.com\/product\/yoast-seo-wordpress\/ -->\n<title>G\u00e9rer les situations sensibles : les plaintes pour comportements inappropri\u00e9s<\/title>\n<meta name=\"description\" content=\"Enqu\u00eates permettant de d\u00e9terminer l&#039;existence d&#039;un terrain favorable \u00e0 l&#039;occurence de comportements inappropri\u00e9s, et accompagnement sous forme de soutien...\" \/>\n<meta name=\"robots\" content=\"index, follow, max-snippet:-1, max-image-preview:large, max-video-preview:-1\" \/>\n<link rel=\"canonical\" href=\"https:\/\/blooming-heroes.com\/produit\/gerer-les-situations-sensibles-les-comportements-inappropries\/\" \/>\n<meta property=\"og:locale\" content=\"en_US\" \/>\n<meta property=\"og:type\" content=\"article\" \/>\n<meta property=\"og:title\" content=\"G\u00e9rer les situations sensibles : les plaintes pour comportements inappropri\u00e9s\" \/>\n<meta property=\"og:description\" content=\"Enqu\u00eates permettant de d\u00e9terminer l&#039;existence d&#039;un terrain favorable \u00e0 l&#039;occurence de comportements inappropri\u00e9s, et accompagnement sous forme de soutien...\" \/>\n<meta property=\"og:url\" content=\"https:\/\/blooming-heroes.com\/produit\/gerer-les-situations-sensibles-les-comportements-inappropries\/\" \/>\n<meta property=\"og:site_name\" content=\"Blooming Heroes\" \/>\n<meta property=\"article:modified_time\" content=\"2023-08-13T16:36:46+00:00\" \/>\n<meta property=\"og:image\" content=\"https:\/\/blooming-heroes.com\/wp-content\/uploads\/2023\/08\/Comportements-inappropries-scaled.jpeg\" \/>\n\t<meta property=\"og:image:width\" content=\"2560\" \/>\n\t<meta property=\"og:image:height\" content=\"1707\" \/>\n\t<meta property=\"og:image:type\" content=\"image\/jpeg\" \/>\n<meta name=\"twitter:card\" content=\"summary_large_image\" \/>\n<meta name=\"twitter:label1\" content=\"Est. reading time\" \/>\n\t<meta name=\"twitter:data1\" content=\"1 minute\" \/>\n<script type=\"application\/ld+json\" class=\"yoast-schema-graph\">{\"@context\":\"https:\\\/\\\/schema.org\",\"@graph\":[{\"@type\":\"WebPage\",\"@id\":\"https:\\\/\\\/blooming-heroes.com\\\/produit\\\/gerer-les-situations-sensibles-les-comportements-inappropries\\\/\",\"url\":\"https:\\\/\\\/blooming-heroes.com\\\/produit\\\/gerer-les-situations-sensibles-les-comportements-inappropries\\\/\",\"name\":\"G\u00e9rer les situations sensibles : les plaintes pour comportements inappropri\u00e9s\",\"isPartOf\":{\"@id\":\"https:\\\/\\\/blooming-heroes.com\\\/#website\"},\"primaryImageOfPage\":{\"@id\":\"https:\\\/\\\/blooming-heroes.com\\\/produit\\\/gerer-les-situations-sensibles-les-comportements-inappropries\\\/#primaryimage\"},\"image\":{\"@id\":\"https:\\\/\\\/blooming-heroes.com\\\/produit\\\/gerer-les-situations-sensibles-les-comportements-inappropries\\\/#primaryimage\"},\"thumbnailUrl\":\"https:\\\/\\\/blooming-heroes.com\\\/wp-content\\\/uploads\\\/2023\\\/08\\\/Comportements-inappropries-scaled.jpeg\",\"datePublished\":\"2023-08-05T15:31:59+00:00\",\"dateModified\":\"2023-08-13T16:36:46+00:00\",\"description\":\"Enqu\u00eates permettant de d\u00e9terminer l'existence d'un terrain favorable \u00e0 l'occurence de comportements inappropri\u00e9s, et accompagnement sous forme de soutien...\",\"breadcrumb\":{\"@id\":\"https:\\\/\\\/blooming-heroes.com\\\/produit\\\/gerer-les-situations-sensibles-les-comportements-inappropries\\\/#breadcrumb\"},\"inLanguage\":\"en-US\",\"potentialAction\":[{\"@type\":\"ReadAction\",\"target\":[\"https:\\\/\\\/blooming-heroes.com\\\/produit\\\/gerer-les-situations-sensibles-les-comportements-inappropries\\\/\"]}]},{\"@type\":\"ImageObject\",\"inLanguage\":\"en-US\",\"@id\":\"https:\\\/\\\/blooming-heroes.com\\\/produit\\\/gerer-les-situations-sensibles-les-comportements-inappropries\\\/#primaryimage\",\"url\":\"https:\\\/\\\/blooming-heroes.com\\\/wp-content\\\/uploads\\\/2023\\\/08\\\/Comportements-inappropries-scaled.jpeg\",\"contentUrl\":\"https:\\\/\\\/blooming-heroes.com\\\/wp-content\\\/uploads\\\/2023\\\/08\\\/Comportements-inappropries-scaled.jpeg\",\"width\":2560,\"height\":1707},{\"@type\":\"BreadcrumbList\",\"@id\":\"https:\\\/\\\/blooming-heroes.com\\\/produit\\\/gerer-les-situations-sensibles-les-comportements-inappropries\\\/#breadcrumb\",\"itemListElement\":[{\"@type\":\"ListItem\",\"position\":1,\"name\":\"Accueil\",\"item\":\"https:\\\/\\\/blooming-heroes.com\\\/en\\\/\"},{\"@type\":\"ListItem\",\"position\":2,\"name\":\"Produits\",\"item\":\"https:\\\/\\\/blooming-heroes.com\\\/shop\\\/\"},{\"@type\":\"ListItem\",\"position\":3,\"name\":\"G\u00e9rer les situations sensibles : les plaintes pour comportements inappropri\u00e9s\"}]},{\"@type\":\"WebSite\",\"@id\":\"https:\\\/\\\/blooming-heroes.com\\\/#website\",\"url\":\"https:\\\/\\\/blooming-heroes.com\\\/\",\"name\":\"Blooming Heroes\",\"description\":\"Les h\u00e9ros du bien-vivre au travail\",\"publisher\":{\"@id\":\"https:\\\/\\\/blooming-heroes.com\\\/#organization\"},\"potentialAction\":[{\"@type\":\"SearchAction\",\"target\":{\"@type\":\"EntryPoint\",\"urlTemplate\":\"https:\\\/\\\/blooming-heroes.com\\\/?s={search_term_string}\"},\"query-input\":{\"@type\":\"PropertyValueSpecification\",\"valueRequired\":true,\"valueName\":\"search_term_string\"}}],\"inLanguage\":\"en-US\"},{\"@type\":\"Organization\",\"@id\":\"https:\\\/\\\/blooming-heroes.com\\\/#organization\",\"name\":\"Blooming Heroes\",\"url\":\"https:\\\/\\\/blooming-heroes.com\\\/\",\"logo\":{\"@type\":\"ImageObject\",\"inLanguage\":\"en-US\",\"@id\":\"https:\\\/\\\/blooming-heroes.com\\\/#\\\/schema\\\/logo\\\/image\\\/\",\"url\":\"https:\\\/\\\/blooming-heroes.com\\\/wp-content\\\/uploads\\\/2022\\\/01\\\/cropped-Fichier-19.png\",\"contentUrl\":\"https:\\\/\\\/blooming-heroes.com\\\/wp-content\\\/uploads\\\/2022\\\/01\\\/cropped-Fichier-19.png\",\"width\":512,\"height\":512,\"caption\":\"Blooming Heroes\"},\"image\":{\"@id\":\"https:\\\/\\\/blooming-heroes.com\\\/#\\\/schema\\\/logo\\\/image\\\/\"}}]}<\/script>\n<!-- \/ Yoast SEO plugin. -->","yoast_head_json":{"title":"G\u00e9rer les situations sensibles : les plaintes pour comportements inappropri\u00e9s","description":"Enqu\u00eates permettant de d\u00e9terminer l'existence d'un terrain favorable \u00e0 l'occurence de comportements inappropri\u00e9s, et accompagnement sous forme de soutien...","robots":{"index":"index","follow":"follow","max-snippet":"max-snippet:-1","max-image-preview":"max-image-preview:large","max-video-preview":"max-video-preview:-1"},"canonical":"https:\/\/blooming-heroes.com\/produit\/gerer-les-situations-sensibles-les-comportements-inappropries\/","og_locale":"en_US","og_type":"article","og_title":"G\u00e9rer les situations sensibles : les plaintes pour comportements inappropri\u00e9s","og_description":"Enqu\u00eates permettant de d\u00e9terminer l'existence d'un terrain favorable \u00e0 l'occurence de comportements inappropri\u00e9s, et accompagnement sous forme de soutien...","og_url":"https:\/\/blooming-heroes.com\/produit\/gerer-les-situations-sensibles-les-comportements-inappropries\/","og_site_name":"Blooming Heroes","article_modified_time":"2023-08-13T16:36:46+00:00","og_image":[{"width":2560,"height":1707,"url":"https:\/\/blooming-heroes.com\/wp-content\/uploads\/2023\/08\/Comportements-inappropries-scaled.jpeg","type":"image\/jpeg"}],"twitter_card":"summary_large_image","twitter_misc":{"Est. reading time":"1 minute"},"schema":{"@context":"https:\/\/schema.org","@graph":[{"@type":"WebPage","@id":"https:\/\/blooming-heroes.com\/produit\/gerer-les-situations-sensibles-les-comportements-inappropries\/","url":"https:\/\/blooming-heroes.com\/produit\/gerer-les-situations-sensibles-les-comportements-inappropries\/","name":"G\u00e9rer les situations sensibles : les plaintes pour comportements inappropri\u00e9s","isPartOf":{"@id":"https:\/\/blooming-heroes.com\/#website"},"primaryImageOfPage":{"@id":"https:\/\/blooming-heroes.com\/produit\/gerer-les-situations-sensibles-les-comportements-inappropries\/#primaryimage"},"image":{"@id":"https:\/\/blooming-heroes.com\/produit\/gerer-les-situations-sensibles-les-comportements-inappropries\/#primaryimage"},"thumbnailUrl":"https:\/\/blooming-heroes.com\/wp-content\/uploads\/2023\/08\/Comportements-inappropries-scaled.jpeg","datePublished":"2023-08-05T15:31:59+00:00","dateModified":"2023-08-13T16:36:46+00:00","description":"Enqu\u00eates permettant de d\u00e9terminer l'existence d'un terrain favorable \u00e0 l'occurence de comportements inappropri\u00e9s, et accompagnement sous forme de soutien...","breadcrumb":{"@id":"https:\/\/blooming-heroes.com\/produit\/gerer-les-situations-sensibles-les-comportements-inappropries\/#breadcrumb"},"inLanguage":"en-US","potentialAction":[{"@type":"ReadAction","target":["https:\/\/blooming-heroes.com\/produit\/gerer-les-situations-sensibles-les-comportements-inappropries\/"]}]},{"@type":"ImageObject","inLanguage":"en-US","@id":"https:\/\/blooming-heroes.com\/produit\/gerer-les-situations-sensibles-les-comportements-inappropries\/#primaryimage","url":"https:\/\/blooming-heroes.com\/wp-content\/uploads\/2023\/08\/Comportements-inappropries-scaled.jpeg","contentUrl":"https:\/\/blooming-heroes.com\/wp-content\/uploads\/2023\/08\/Comportements-inappropries-scaled.jpeg","width":2560,"height":1707},{"@type":"BreadcrumbList","@id":"https:\/\/blooming-heroes.com\/produit\/gerer-les-situations-sensibles-les-comportements-inappropries\/#breadcrumb","itemListElement":[{"@type":"ListItem","position":1,"name":"Accueil","item":"https:\/\/blooming-heroes.com\/en\/"},{"@type":"ListItem","position":2,"name":"Produits","item":"https:\/\/blooming-heroes.com\/shop\/"},{"@type":"ListItem","position":3,"name":"G\u00e9rer les situations sensibles : les plaintes pour comportements inappropri\u00e9s"}]},{"@type":"WebSite","@id":"https:\/\/blooming-heroes.com\/#website","url":"https:\/\/blooming-heroes.com\/","name":"Blooming Heroes","description":"Les h\u00e9ros du bien-vivre au travail","publisher":{"@id":"https:\/\/blooming-heroes.com\/#organization"},"potentialAction":[{"@type":"SearchAction","target":{"@type":"EntryPoint","urlTemplate":"https:\/\/blooming-heroes.com\/?s={search_term_string}"},"query-input":{"@type":"PropertyValueSpecification","valueRequired":true,"valueName":"search_term_string"}}],"inLanguage":"en-US"},{"@type":"Organization","@id":"https:\/\/blooming-heroes.com\/#organization","name":"Blooming Heroes","url":"https:\/\/blooming-heroes.com\/","logo":{"@type":"ImageObject","inLanguage":"en-US","@id":"https:\/\/blooming-heroes.com\/#\/schema\/logo\/image\/","url":"https:\/\/blooming-heroes.com\/wp-content\/uploads\/2022\/01\/cropped-Fichier-19.png","contentUrl":"https:\/\/blooming-heroes.com\/wp-content\/uploads\/2022\/01\/cropped-Fichier-19.png","width":512,"height":512,"caption":"Blooming Heroes"},"image":{"@id":"https:\/\/blooming-heroes.com\/#\/schema\/logo\/image\/"}}]}},"_links":{"self":[{"href":"https:\/\/blooming-heroes.com\/en\/wp-json\/wp\/v2\/product\/5450","targetHints":{"allow":["GET"]}}],"collection":[{"href":"https:\/\/blooming-heroes.com\/en\/wp-json\/wp\/v2\/product"}],"about":[{"href":"https:\/\/blooming-heroes.com\/en\/wp-json\/wp\/v2\/types\/product"}],"replies":[{"embeddable":true,"href":"https:\/\/blooming-heroes.com\/en\/wp-json\/wp\/v2\/comments?post=5450"}],"wp:featuredmedia":[{"embeddable":true,"href":"https:\/\/blooming-heroes.com\/en\/wp-json\/wp\/v2\/media\/5451"}],"wp:attachment":[{"href":"https:\/\/blooming-heroes.com\/en\/wp-json\/wp\/v2\/media?parent=5450"}],"wp:term":[{"taxonomy":"product_brand","embeddable":true,"href":"https:\/\/blooming-heroes.com\/en\/wp-json\/wp\/v2\/product_brand?post=5450"},{"taxonomy":"product_cat","embeddable":true,"href":"https:\/\/blooming-heroes.com\/en\/wp-json\/wp\/v2\/product_cat?post=5450"},{"taxonomy":"product_tag","embeddable":true,"href":"https:\/\/blooming-heroes.com\/en\/wp-json\/wp\/v2\/product_tag?post=5450"}],"curies":[{"name":"wp","href":"https:\/\/api.w.org\/{rel}","templated":true}]}}