
{"id":5462,"date":"2023-08-05T18:09:48","date_gmt":"2023-08-05T16:09:48","guid":{"rendered":"https:\/\/blooming.dev05.fr\/?post_type=product&#038;p=5462"},"modified":"2023-11-13T17:38:56","modified_gmt":"2023-11-13T16:38:56","slug":"developper-les-competences-developper-des-pratiques-saines-de-management","status":"publish","type":"product","link":"https:\/\/blooming-heroes.com\/en\/produit\/developper-les-competences-developper-des-pratiques-saines-de-management\/","title":{"rendered":"D\u00e9velopper les comp\u00e9tences : d\u00e9velopper des pratiques saines de management"},"content":{"rendered":"<p>Reconnaissance, Feedback, Autonomie, Motivation \/ Management par le sens, Justice organisationnelle\u2026 Ce cabinet vous propose un catalogue de formation sur \u00e9tag\u00e8re et des parcours sur mesure en diff\u00e9rents formats (pr\u00e9sentiel, distanciel, e-learning, conf\u00e9rences, s\u00e9minaires, webinar, coaching)<\/p>\n","protected":false},"excerpt":{"rendered":"<p>Reconnaissance, Feedback, Autonomie, Motivation \/ Management par le sens, Justice organisationnelle\u2026 Ce cabinet vous propose un catalogue de formation sur \u00e9tag\u00e8re et des parcours sur mesure en diff\u00e9rents formats (pr\u00e9sentiel, distanciel, e-learning, conf\u00e9rences, s\u00e9minaires, webinar, coaching)<\/p>\n","protected":false},"featured_media":6803,"comment_status":"open","ping_status":"closed","template":"","meta":{"inline_featured_image":false,"_glsr_average":0,"_glsr_ranking":0,"_glsr_reviews":0},"product_brand":[],"product_cat":[79,90,108,80,75],"product_tag":[60,113],"class_list":{"0":"post-5462","1":"product","2":"type-product","3":"status-publish","4":"has-post-thumbnail","6":"product_cat-capacites-a-linternational","7":"product_cat-competences-developpement-personnel","8":"product_cat-pratiques-manageriales","9":"product_cat-qvt-qvct","10":"product_cat-sante-mentale-stress-rps","11":"product_tag-coaching","12":"product_tag-formation-ateliers-conferences","14":"first","15":"instock","16":"shipping-taxable","17":"product-type-simple"},"yoast_head":"<!-- This site is optimized with the Yoast SEO plugin v27.4 - https:\/\/yoast.com\/product\/yoast-seo-wordpress\/ -->\n<title>D\u00e9velopper les comp\u00e9tences : d\u00e9velopper des pratiques saines de management<\/title>\n<meta name=\"description\" content=\"Reconnaissance, Feedback, Autonomie, Motivation \/ Management par le sens, Justice organisationnelle\u2026 Ce cabinet vous propose un catalogue de formation...\" \/>\n<meta name=\"robots\" content=\"index, follow, max-snippet:-1, max-image-preview:large, max-video-preview:-1\" \/>\n<link rel=\"canonical\" href=\"https:\/\/blooming-heroes.com\/produit\/developper-les-competences-developper-des-pratiques-saines-de-management\/\" \/>\n<meta property=\"og:locale\" content=\"en_US\" \/>\n<meta property=\"og:type\" content=\"article\" \/>\n<meta property=\"og:title\" content=\"D\u00e9velopper les comp\u00e9tences : d\u00e9velopper des pratiques saines de management\" \/>\n<meta property=\"og:description\" content=\"Reconnaissance, Feedback, Autonomie, Motivation \/ Management par le sens, Justice organisationnelle\u2026 Ce cabinet vous propose un catalogue de formation...\" \/>\n<meta property=\"og:url\" content=\"https:\/\/blooming-heroes.com\/produit\/developper-les-competences-developper-des-pratiques-saines-de-management\/\" \/>\n<meta property=\"og:site_name\" content=\"Blooming Heroes\" \/>\n<meta property=\"article:modified_time\" content=\"2023-11-13T16:38:56+00:00\" \/>\n<meta property=\"og:image\" content=\"https:\/\/blooming-heroes.com\/wp-content\/uploads\/2023\/08\/formation-sur-mesure-min.jpeg\" \/>\n\t<meta property=\"og:image:width\" content=\"1024\" \/>\n\t<meta property=\"og:image:height\" content=\"683\" \/>\n\t<meta property=\"og:image:type\" content=\"image\/jpeg\" \/>\n<meta name=\"twitter:card\" content=\"summary_large_image\" \/>\n<meta name=\"twitter:label1\" content=\"Est. reading time\" \/>\n\t<meta name=\"twitter:data1\" content=\"1 minute\" \/>\n<script type=\"application\/ld+json\" class=\"yoast-schema-graph\">{\"@context\":\"https:\\\/\\\/schema.org\",\"@graph\":[{\"@type\":\"WebPage\",\"@id\":\"https:\\\/\\\/blooming-heroes.com\\\/produit\\\/developper-les-competences-developper-des-pratiques-saines-de-management\\\/\",\"url\":\"https:\\\/\\\/blooming-heroes.com\\\/produit\\\/developper-les-competences-developper-des-pratiques-saines-de-management\\\/\",\"name\":\"D\u00e9velopper les comp\u00e9tences : d\u00e9velopper des pratiques saines de management\",\"isPartOf\":{\"@id\":\"https:\\\/\\\/blooming-heroes.com\\\/#website\"},\"primaryImageOfPage\":{\"@id\":\"https:\\\/\\\/blooming-heroes.com\\\/produit\\\/developper-les-competences-developper-des-pratiques-saines-de-management\\\/#primaryimage\"},\"image\":{\"@id\":\"https:\\\/\\\/blooming-heroes.com\\\/produit\\\/developper-les-competences-developper-des-pratiques-saines-de-management\\\/#primaryimage\"},\"thumbnailUrl\":\"https:\\\/\\\/blooming-heroes.com\\\/wp-content\\\/uploads\\\/2023\\\/08\\\/formation-sur-mesure-min.jpeg\",\"datePublished\":\"2023-08-05T16:09:48+00:00\",\"dateModified\":\"2023-11-13T16:38:56+00:00\",\"description\":\"Reconnaissance, Feedback, Autonomie, Motivation \\\/ Management par le sens, Justice organisationnelle\u2026 Ce cabinet vous propose un catalogue de formation...\",\"breadcrumb\":{\"@id\":\"https:\\\/\\\/blooming-heroes.com\\\/produit\\\/developper-les-competences-developper-des-pratiques-saines-de-management\\\/#breadcrumb\"},\"inLanguage\":\"en-US\",\"potentialAction\":[{\"@type\":\"ReadAction\",\"target\":[\"https:\\\/\\\/blooming-heroes.com\\\/produit\\\/developper-les-competences-developper-des-pratiques-saines-de-management\\\/\"]}]},{\"@type\":\"ImageObject\",\"inLanguage\":\"en-US\",\"@id\":\"https:\\\/\\\/blooming-heroes.com\\\/produit\\\/developper-les-competences-developper-des-pratiques-saines-de-management\\\/#primaryimage\",\"url\":\"https:\\\/\\\/blooming-heroes.com\\\/wp-content\\\/uploads\\\/2023\\\/08\\\/formation-sur-mesure-min.jpeg\",\"contentUrl\":\"https:\\\/\\\/blooming-heroes.com\\\/wp-content\\\/uploads\\\/2023\\\/08\\\/formation-sur-mesure-min.jpeg\",\"width\":1024,\"height\":683},{\"@type\":\"BreadcrumbList\",\"@id\":\"https:\\\/\\\/blooming-heroes.com\\\/produit\\\/developper-les-competences-developper-des-pratiques-saines-de-management\\\/#breadcrumb\",\"itemListElement\":[{\"@type\":\"ListItem\",\"position\":1,\"name\":\"Accueil\",\"item\":\"https:\\\/\\\/blooming-heroes.com\\\/en\\\/\"},{\"@type\":\"ListItem\",\"position\":2,\"name\":\"Produits\",\"item\":\"https:\\\/\\\/blooming-heroes.com\\\/shop\\\/\"},{\"@type\":\"ListItem\",\"position\":3,\"name\":\"D\u00e9velopper les comp\u00e9tences : d\u00e9velopper des pratiques saines de management\"}]},{\"@type\":\"WebSite\",\"@id\":\"https:\\\/\\\/blooming-heroes.com\\\/#website\",\"url\":\"https:\\\/\\\/blooming-heroes.com\\\/\",\"name\":\"Blooming Heroes\",\"description\":\"Les h\u00e9ros du bien-vivre au travail\",\"publisher\":{\"@id\":\"https:\\\/\\\/blooming-heroes.com\\\/#organization\"},\"potentialAction\":[{\"@type\":\"SearchAction\",\"target\":{\"@type\":\"EntryPoint\",\"urlTemplate\":\"https:\\\/\\\/blooming-heroes.com\\\/?s={search_term_string}\"},\"query-input\":{\"@type\":\"PropertyValueSpecification\",\"valueRequired\":true,\"valueName\":\"search_term_string\"}}],\"inLanguage\":\"en-US\"},{\"@type\":\"Organization\",\"@id\":\"https:\\\/\\\/blooming-heroes.com\\\/#organization\",\"name\":\"Blooming Heroes\",\"url\":\"https:\\\/\\\/blooming-heroes.com\\\/\",\"logo\":{\"@type\":\"ImageObject\",\"inLanguage\":\"en-US\",\"@id\":\"https:\\\/\\\/blooming-heroes.com\\\/#\\\/schema\\\/logo\\\/image\\\/\",\"url\":\"https:\\\/\\\/blooming-heroes.com\\\/wp-content\\\/uploads\\\/2022\\\/01\\\/cropped-Fichier-19.png\",\"contentUrl\":\"https:\\\/\\\/blooming-heroes.com\\\/wp-content\\\/uploads\\\/2022\\\/01\\\/cropped-Fichier-19.png\",\"width\":512,\"height\":512,\"caption\":\"Blooming Heroes\"},\"image\":{\"@id\":\"https:\\\/\\\/blooming-heroes.com\\\/#\\\/schema\\\/logo\\\/image\\\/\"}}]}<\/script>\n<!-- \/ Yoast SEO plugin. -->","yoast_head_json":{"title":"D\u00e9velopper les comp\u00e9tences : d\u00e9velopper des pratiques saines de management","description":"Reconnaissance, Feedback, Autonomie, Motivation \/ Management par le sens, Justice organisationnelle\u2026 Ce cabinet vous propose un catalogue de formation...","robots":{"index":"index","follow":"follow","max-snippet":"max-snippet:-1","max-image-preview":"max-image-preview:large","max-video-preview":"max-video-preview:-1"},"canonical":"https:\/\/blooming-heroes.com\/produit\/developper-les-competences-developper-des-pratiques-saines-de-management\/","og_locale":"en_US","og_type":"article","og_title":"D\u00e9velopper les comp\u00e9tences : d\u00e9velopper des pratiques saines de management","og_description":"Reconnaissance, Feedback, Autonomie, Motivation \/ Management par le sens, Justice organisationnelle\u2026 Ce cabinet vous propose un catalogue de formation...","og_url":"https:\/\/blooming-heroes.com\/produit\/developper-les-competences-developper-des-pratiques-saines-de-management\/","og_site_name":"Blooming Heroes","article_modified_time":"2023-11-13T16:38:56+00:00","og_image":[{"width":1024,"height":683,"url":"https:\/\/blooming-heroes.com\/wp-content\/uploads\/2023\/08\/formation-sur-mesure-min.jpeg","type":"image\/jpeg"}],"twitter_card":"summary_large_image","twitter_misc":{"Est. reading time":"1 minute"},"schema":{"@context":"https:\/\/schema.org","@graph":[{"@type":"WebPage","@id":"https:\/\/blooming-heroes.com\/produit\/developper-les-competences-developper-des-pratiques-saines-de-management\/","url":"https:\/\/blooming-heroes.com\/produit\/developper-les-competences-developper-des-pratiques-saines-de-management\/","name":"D\u00e9velopper les comp\u00e9tences : d\u00e9velopper des pratiques saines de management","isPartOf":{"@id":"https:\/\/blooming-heroes.com\/#website"},"primaryImageOfPage":{"@id":"https:\/\/blooming-heroes.com\/produit\/developper-les-competences-developper-des-pratiques-saines-de-management\/#primaryimage"},"image":{"@id":"https:\/\/blooming-heroes.com\/produit\/developper-les-competences-developper-des-pratiques-saines-de-management\/#primaryimage"},"thumbnailUrl":"https:\/\/blooming-heroes.com\/wp-content\/uploads\/2023\/08\/formation-sur-mesure-min.jpeg","datePublished":"2023-08-05T16:09:48+00:00","dateModified":"2023-11-13T16:38:56+00:00","description":"Reconnaissance, Feedback, Autonomie, Motivation \/ Management par le sens, Justice organisationnelle\u2026 Ce cabinet vous propose un catalogue de formation...","breadcrumb":{"@id":"https:\/\/blooming-heroes.com\/produit\/developper-les-competences-developper-des-pratiques-saines-de-management\/#breadcrumb"},"inLanguage":"en-US","potentialAction":[{"@type":"ReadAction","target":["https:\/\/blooming-heroes.com\/produit\/developper-les-competences-developper-des-pratiques-saines-de-management\/"]}]},{"@type":"ImageObject","inLanguage":"en-US","@id":"https:\/\/blooming-heroes.com\/produit\/developper-les-competences-developper-des-pratiques-saines-de-management\/#primaryimage","url":"https:\/\/blooming-heroes.com\/wp-content\/uploads\/2023\/08\/formation-sur-mesure-min.jpeg","contentUrl":"https:\/\/blooming-heroes.com\/wp-content\/uploads\/2023\/08\/formation-sur-mesure-min.jpeg","width":1024,"height":683},{"@type":"BreadcrumbList","@id":"https:\/\/blooming-heroes.com\/produit\/developper-les-competences-developper-des-pratiques-saines-de-management\/#breadcrumb","itemListElement":[{"@type":"ListItem","position":1,"name":"Accueil","item":"https:\/\/blooming-heroes.com\/en\/"},{"@type":"ListItem","position":2,"name":"Produits","item":"https:\/\/blooming-heroes.com\/shop\/"},{"@type":"ListItem","position":3,"name":"D\u00e9velopper les comp\u00e9tences : d\u00e9velopper des pratiques saines de management"}]},{"@type":"WebSite","@id":"https:\/\/blooming-heroes.com\/#website","url":"https:\/\/blooming-heroes.com\/","name":"Blooming Heroes","description":"Les h\u00e9ros du bien-vivre au travail","publisher":{"@id":"https:\/\/blooming-heroes.com\/#organization"},"potentialAction":[{"@type":"SearchAction","target":{"@type":"EntryPoint","urlTemplate":"https:\/\/blooming-heroes.com\/?s={search_term_string}"},"query-input":{"@type":"PropertyValueSpecification","valueRequired":true,"valueName":"search_term_string"}}],"inLanguage":"en-US"},{"@type":"Organization","@id":"https:\/\/blooming-heroes.com\/#organization","name":"Blooming Heroes","url":"https:\/\/blooming-heroes.com\/","logo":{"@type":"ImageObject","inLanguage":"en-US","@id":"https:\/\/blooming-heroes.com\/#\/schema\/logo\/image\/","url":"https:\/\/blooming-heroes.com\/wp-content\/uploads\/2022\/01\/cropped-Fichier-19.png","contentUrl":"https:\/\/blooming-heroes.com\/wp-content\/uploads\/2022\/01\/cropped-Fichier-19.png","width":512,"height":512,"caption":"Blooming Heroes"},"image":{"@id":"https:\/\/blooming-heroes.com\/#\/schema\/logo\/image\/"}}]}},"_links":{"self":[{"href":"https:\/\/blooming-heroes.com\/en\/wp-json\/wp\/v2\/product\/5462","targetHints":{"allow":["GET"]}}],"collection":[{"href":"https:\/\/blooming-heroes.com\/en\/wp-json\/wp\/v2\/product"}],"about":[{"href":"https:\/\/blooming-heroes.com\/en\/wp-json\/wp\/v2\/types\/product"}],"replies":[{"embeddable":true,"href":"https:\/\/blooming-heroes.com\/en\/wp-json\/wp\/v2\/comments?post=5462"}],"wp:featuredmedia":[{"embeddable":true,"href":"https:\/\/blooming-heroes.com\/en\/wp-json\/wp\/v2\/media\/6803"}],"wp:attachment":[{"href":"https:\/\/blooming-heroes.com\/en\/wp-json\/wp\/v2\/media?parent=5462"}],"wp:term":[{"taxonomy":"product_brand","embeddable":true,"href":"https:\/\/blooming-heroes.com\/en\/wp-json\/wp\/v2\/product_brand?post=5462"},{"taxonomy":"product_cat","embeddable":true,"href":"https:\/\/blooming-heroes.com\/en\/wp-json\/wp\/v2\/product_cat?post=5462"},{"taxonomy":"product_tag","embeddable":true,"href":"https:\/\/blooming-heroes.com\/en\/wp-json\/wp\/v2\/product_tag?post=5462"}],"curies":[{"name":"wp","href":"https:\/\/api.w.org\/{rel}","templated":true}]}}