
{"id":5507,"date":"2023-08-12T10:50:07","date_gmt":"2023-08-12T08:50:07","guid":{"rendered":"https:\/\/blooming.dev05.fr\/?post_type=product&#038;p=5507"},"modified":"2023-11-13T17:35:54","modified_gmt":"2023-11-13T16:35:54","slug":"maintien-du-lien-pendant-larret-de-travail","status":"publish","type":"product","link":"https:\/\/blooming-heroes.com\/en\/produit\/maintien-du-lien-pendant-larret-de-travail\/","title":{"rendered":"Maintien du lien pendant l&#8217;arr\u00eat de travail"},"content":{"rendered":"<p>Conserver le lien avec vos collaborateurs en arr\u00eat de travail de longue dur\u00e9e pour anticiper et favoriser leur retour au travail gr\u00e2ce \u00e0 un dispositif comprenant un questionnaire mensuel pour prendre des nouvelles du salari\u00e9 en arr\u00eat, et d&#8217;une plateforme web sur laquelle les collaborateurs retrouvent les acteurs de la sant\u00e9 au travail, une ligne d&#8217;\u00e9coute d\u00e9di\u00e9e et les actualit\u00e9s de votre entreprise.<\/p>\n","protected":false},"excerpt":{"rendered":"<p>Conserver le lien avec vos collaborateurs en arr\u00eat de travail de longue dur\u00e9e pour anticiper et favoriser leur retour au travail gr\u00e2ce \u00e0 un dispositif comprenant un questionnaire mensuel pour prendre des nouvelles du salari\u00e9 en arr\u00eat, et d&#8217;une plateforme web sur laquelle les collaborateurs retrouvent les acteurs de la sant\u00e9 au travail, une ligne [&hellip;]<\/p>\n","protected":false},"featured_media":6833,"comment_status":"open","ping_status":"closed","template":"","meta":{"inline_featured_image":false,"_glsr_average":0,"_glsr_ranking":0,"_glsr_reviews":0},"product_brand":[],"product_cat":[110,105,118],"product_tag":[70],"class_list":{"0":"post-5507","1":"product","2":"type-product","3":"status-publish","4":"has-post-thumbnail","6":"product_cat-absenteisme","7":"product_cat-maintien-dans-lemploi","8":"product_cat-retour-au-travail","9":"product_tag-soutien-aux-salaries","11":"first","12":"instock","13":"shipping-taxable","14":"product-type-simple"},"yoast_head":"<!-- This site is optimized with the Yoast SEO plugin v27.4 - https:\/\/yoast.com\/product\/yoast-seo-wordpress\/ -->\n<title>Maintien du lien pendant l&#039;arr\u00eat de travail - Blooming Heroes<\/title>\n<meta name=\"description\" content=\"Conserver le lien avec vos collaborateurs en arr\u00eat de travail de longue dur\u00e9e pour anticiper et favoriser leur retour au travail gr\u00e2ce \u00e0 un dispositif...\" \/>\n<meta name=\"robots\" content=\"index, follow, max-snippet:-1, max-image-preview:large, max-video-preview:-1\" \/>\n<link rel=\"canonical\" href=\"https:\/\/blooming-heroes.com\/produit\/maintien-du-lien-pendant-larret-de-travail\/\" \/>\n<meta property=\"og:locale\" content=\"en_US\" \/>\n<meta property=\"og:type\" content=\"article\" \/>\n<meta property=\"og:title\" content=\"Maintien du lien pendant l&#039;arr\u00eat de travail - Blooming Heroes\" \/>\n<meta property=\"og:description\" content=\"Conserver le lien avec vos collaborateurs en arr\u00eat de travail de longue dur\u00e9e pour anticiper et favoriser leur retour au travail gr\u00e2ce \u00e0 un dispositif...\" \/>\n<meta property=\"og:url\" content=\"https:\/\/blooming-heroes.com\/produit\/maintien-du-lien-pendant-larret-de-travail\/\" \/>\n<meta property=\"og:site_name\" content=\"Blooming Heroes\" \/>\n<meta property=\"article:modified_time\" content=\"2023-11-13T16:35:54+00:00\" \/>\n<meta property=\"og:image\" content=\"https:\/\/blooming-heroes.com\/wp-content\/uploads\/2023\/08\/Strategie_QVT-min.jpeg\" \/>\n\t<meta property=\"og:image:width\" content=\"1024\" \/>\n\t<meta property=\"og:image:height\" content=\"576\" \/>\n\t<meta property=\"og:image:type\" content=\"image\/jpeg\" \/>\n<meta name=\"twitter:card\" content=\"summary_large_image\" \/>\n<meta name=\"twitter:label1\" content=\"Est. reading time\" \/>\n\t<meta name=\"twitter:data1\" content=\"1 minute\" \/>\n<script type=\"application\/ld+json\" class=\"yoast-schema-graph\">{\"@context\":\"https:\\\/\\\/schema.org\",\"@graph\":[{\"@type\":\"WebPage\",\"@id\":\"https:\\\/\\\/blooming-heroes.com\\\/produit\\\/maintien-du-lien-pendant-larret-de-travail\\\/\",\"url\":\"https:\\\/\\\/blooming-heroes.com\\\/produit\\\/maintien-du-lien-pendant-larret-de-travail\\\/\",\"name\":\"Maintien du lien pendant l'arr\u00eat de travail - Blooming Heroes\",\"isPartOf\":{\"@id\":\"https:\\\/\\\/blooming-heroes.com\\\/#website\"},\"primaryImageOfPage\":{\"@id\":\"https:\\\/\\\/blooming-heroes.com\\\/produit\\\/maintien-du-lien-pendant-larret-de-travail\\\/#primaryimage\"},\"image\":{\"@id\":\"https:\\\/\\\/blooming-heroes.com\\\/produit\\\/maintien-du-lien-pendant-larret-de-travail\\\/#primaryimage\"},\"thumbnailUrl\":\"https:\\\/\\\/blooming-heroes.com\\\/wp-content\\\/uploads\\\/2023\\\/08\\\/Strategie_QVT-min.jpeg\",\"datePublished\":\"2023-08-12T08:50:07+00:00\",\"dateModified\":\"2023-11-13T16:35:54+00:00\",\"description\":\"Conserver le lien avec vos collaborateurs en arr\u00eat de travail de longue dur\u00e9e pour anticiper et favoriser leur retour au travail gr\u00e2ce \u00e0 un dispositif...\",\"breadcrumb\":{\"@id\":\"https:\\\/\\\/blooming-heroes.com\\\/produit\\\/maintien-du-lien-pendant-larret-de-travail\\\/#breadcrumb\"},\"inLanguage\":\"en-US\",\"potentialAction\":[{\"@type\":\"ReadAction\",\"target\":[\"https:\\\/\\\/blooming-heroes.com\\\/produit\\\/maintien-du-lien-pendant-larret-de-travail\\\/\"]}]},{\"@type\":\"ImageObject\",\"inLanguage\":\"en-US\",\"@id\":\"https:\\\/\\\/blooming-heroes.com\\\/produit\\\/maintien-du-lien-pendant-larret-de-travail\\\/#primaryimage\",\"url\":\"https:\\\/\\\/blooming-heroes.com\\\/wp-content\\\/uploads\\\/2023\\\/08\\\/Strategie_QVT-min.jpeg\",\"contentUrl\":\"https:\\\/\\\/blooming-heroes.com\\\/wp-content\\\/uploads\\\/2023\\\/08\\\/Strategie_QVT-min.jpeg\",\"width\":1024,\"height\":576},{\"@type\":\"BreadcrumbList\",\"@id\":\"https:\\\/\\\/blooming-heroes.com\\\/produit\\\/maintien-du-lien-pendant-larret-de-travail\\\/#breadcrumb\",\"itemListElement\":[{\"@type\":\"ListItem\",\"position\":1,\"name\":\"Accueil\",\"item\":\"https:\\\/\\\/blooming-heroes.com\\\/en\\\/\"},{\"@type\":\"ListItem\",\"position\":2,\"name\":\"Produits\",\"item\":\"https:\\\/\\\/blooming-heroes.com\\\/shop\\\/\"},{\"@type\":\"ListItem\",\"position\":3,\"name\":\"Maintien du lien pendant l&rsquo;arr\u00eat de travail\"}]},{\"@type\":\"WebSite\",\"@id\":\"https:\\\/\\\/blooming-heroes.com\\\/#website\",\"url\":\"https:\\\/\\\/blooming-heroes.com\\\/\",\"name\":\"Blooming Heroes\",\"description\":\"Les h\u00e9ros du bien-vivre au travail\",\"publisher\":{\"@id\":\"https:\\\/\\\/blooming-heroes.com\\\/#organization\"},\"potentialAction\":[{\"@type\":\"SearchAction\",\"target\":{\"@type\":\"EntryPoint\",\"urlTemplate\":\"https:\\\/\\\/blooming-heroes.com\\\/?s={search_term_string}\"},\"query-input\":{\"@type\":\"PropertyValueSpecification\",\"valueRequired\":true,\"valueName\":\"search_term_string\"}}],\"inLanguage\":\"en-US\"},{\"@type\":\"Organization\",\"@id\":\"https:\\\/\\\/blooming-heroes.com\\\/#organization\",\"name\":\"Blooming Heroes\",\"url\":\"https:\\\/\\\/blooming-heroes.com\\\/\",\"logo\":{\"@type\":\"ImageObject\",\"inLanguage\":\"en-US\",\"@id\":\"https:\\\/\\\/blooming-heroes.com\\\/#\\\/schema\\\/logo\\\/image\\\/\",\"url\":\"https:\\\/\\\/blooming-heroes.com\\\/wp-content\\\/uploads\\\/2022\\\/01\\\/cropped-Fichier-19.png\",\"contentUrl\":\"https:\\\/\\\/blooming-heroes.com\\\/wp-content\\\/uploads\\\/2022\\\/01\\\/cropped-Fichier-19.png\",\"width\":512,\"height\":512,\"caption\":\"Blooming Heroes\"},\"image\":{\"@id\":\"https:\\\/\\\/blooming-heroes.com\\\/#\\\/schema\\\/logo\\\/image\\\/\"}}]}<\/script>\n<!-- \/ Yoast SEO plugin. -->","yoast_head_json":{"title":"Maintien du lien pendant l'arr\u00eat de travail - Blooming Heroes","description":"Conserver le lien avec vos collaborateurs en arr\u00eat de travail de longue dur\u00e9e pour anticiper et favoriser leur retour au travail gr\u00e2ce \u00e0 un dispositif...","robots":{"index":"index","follow":"follow","max-snippet":"max-snippet:-1","max-image-preview":"max-image-preview:large","max-video-preview":"max-video-preview:-1"},"canonical":"https:\/\/blooming-heroes.com\/produit\/maintien-du-lien-pendant-larret-de-travail\/","og_locale":"en_US","og_type":"article","og_title":"Maintien du lien pendant l'arr\u00eat de travail - Blooming Heroes","og_description":"Conserver le lien avec vos collaborateurs en arr\u00eat de travail de longue dur\u00e9e pour anticiper et favoriser leur retour au travail gr\u00e2ce \u00e0 un dispositif...","og_url":"https:\/\/blooming-heroes.com\/produit\/maintien-du-lien-pendant-larret-de-travail\/","og_site_name":"Blooming Heroes","article_modified_time":"2023-11-13T16:35:54+00:00","og_image":[{"width":1024,"height":576,"url":"https:\/\/blooming-heroes.com\/wp-content\/uploads\/2023\/08\/Strategie_QVT-min.jpeg","type":"image\/jpeg"}],"twitter_card":"summary_large_image","twitter_misc":{"Est. reading time":"1 minute"},"schema":{"@context":"https:\/\/schema.org","@graph":[{"@type":"WebPage","@id":"https:\/\/blooming-heroes.com\/produit\/maintien-du-lien-pendant-larret-de-travail\/","url":"https:\/\/blooming-heroes.com\/produit\/maintien-du-lien-pendant-larret-de-travail\/","name":"Maintien du lien pendant l'arr\u00eat de travail - Blooming Heroes","isPartOf":{"@id":"https:\/\/blooming-heroes.com\/#website"},"primaryImageOfPage":{"@id":"https:\/\/blooming-heroes.com\/produit\/maintien-du-lien-pendant-larret-de-travail\/#primaryimage"},"image":{"@id":"https:\/\/blooming-heroes.com\/produit\/maintien-du-lien-pendant-larret-de-travail\/#primaryimage"},"thumbnailUrl":"https:\/\/blooming-heroes.com\/wp-content\/uploads\/2023\/08\/Strategie_QVT-min.jpeg","datePublished":"2023-08-12T08:50:07+00:00","dateModified":"2023-11-13T16:35:54+00:00","description":"Conserver le lien avec vos collaborateurs en arr\u00eat de travail de longue dur\u00e9e pour anticiper et favoriser leur retour au travail gr\u00e2ce \u00e0 un dispositif...","breadcrumb":{"@id":"https:\/\/blooming-heroes.com\/produit\/maintien-du-lien-pendant-larret-de-travail\/#breadcrumb"},"inLanguage":"en-US","potentialAction":[{"@type":"ReadAction","target":["https:\/\/blooming-heroes.com\/produit\/maintien-du-lien-pendant-larret-de-travail\/"]}]},{"@type":"ImageObject","inLanguage":"en-US","@id":"https:\/\/blooming-heroes.com\/produit\/maintien-du-lien-pendant-larret-de-travail\/#primaryimage","url":"https:\/\/blooming-heroes.com\/wp-content\/uploads\/2023\/08\/Strategie_QVT-min.jpeg","contentUrl":"https:\/\/blooming-heroes.com\/wp-content\/uploads\/2023\/08\/Strategie_QVT-min.jpeg","width":1024,"height":576},{"@type":"BreadcrumbList","@id":"https:\/\/blooming-heroes.com\/produit\/maintien-du-lien-pendant-larret-de-travail\/#breadcrumb","itemListElement":[{"@type":"ListItem","position":1,"name":"Accueil","item":"https:\/\/blooming-heroes.com\/en\/"},{"@type":"ListItem","position":2,"name":"Produits","item":"https:\/\/blooming-heroes.com\/shop\/"},{"@type":"ListItem","position":3,"name":"Maintien du lien pendant l&rsquo;arr\u00eat de travail"}]},{"@type":"WebSite","@id":"https:\/\/blooming-heroes.com\/#website","url":"https:\/\/blooming-heroes.com\/","name":"Blooming Heroes","description":"Les h\u00e9ros du bien-vivre au travail","publisher":{"@id":"https:\/\/blooming-heroes.com\/#organization"},"potentialAction":[{"@type":"SearchAction","target":{"@type":"EntryPoint","urlTemplate":"https:\/\/blooming-heroes.com\/?s={search_term_string}"},"query-input":{"@type":"PropertyValueSpecification","valueRequired":true,"valueName":"search_term_string"}}],"inLanguage":"en-US"},{"@type":"Organization","@id":"https:\/\/blooming-heroes.com\/#organization","name":"Blooming Heroes","url":"https:\/\/blooming-heroes.com\/","logo":{"@type":"ImageObject","inLanguage":"en-US","@id":"https:\/\/blooming-heroes.com\/#\/schema\/logo\/image\/","url":"https:\/\/blooming-heroes.com\/wp-content\/uploads\/2022\/01\/cropped-Fichier-19.png","contentUrl":"https:\/\/blooming-heroes.com\/wp-content\/uploads\/2022\/01\/cropped-Fichier-19.png","width":512,"height":512,"caption":"Blooming Heroes"},"image":{"@id":"https:\/\/blooming-heroes.com\/#\/schema\/logo\/image\/"}}]}},"_links":{"self":[{"href":"https:\/\/blooming-heroes.com\/en\/wp-json\/wp\/v2\/product\/5507","targetHints":{"allow":["GET"]}}],"collection":[{"href":"https:\/\/blooming-heroes.com\/en\/wp-json\/wp\/v2\/product"}],"about":[{"href":"https:\/\/blooming-heroes.com\/en\/wp-json\/wp\/v2\/types\/product"}],"replies":[{"embeddable":true,"href":"https:\/\/blooming-heroes.com\/en\/wp-json\/wp\/v2\/comments?post=5507"}],"wp:featuredmedia":[{"embeddable":true,"href":"https:\/\/blooming-heroes.com\/en\/wp-json\/wp\/v2\/media\/6833"}],"wp:attachment":[{"href":"https:\/\/blooming-heroes.com\/en\/wp-json\/wp\/v2\/media?parent=5507"}],"wp:term":[{"taxonomy":"product_brand","embeddable":true,"href":"https:\/\/blooming-heroes.com\/en\/wp-json\/wp\/v2\/product_brand?post=5507"},{"taxonomy":"product_cat","embeddable":true,"href":"https:\/\/blooming-heroes.com\/en\/wp-json\/wp\/v2\/product_cat?post=5507"},{"taxonomy":"product_tag","embeddable":true,"href":"https:\/\/blooming-heroes.com\/en\/wp-json\/wp\/v2\/product_tag?post=5507"}],"curies":[{"name":"wp","href":"https:\/\/api.w.org\/{rel}","templated":true}]}}