
{"id":5510,"date":"2023-08-12T11:02:28","date_gmt":"2023-08-12T09:02:28","guid":{"rendered":"https:\/\/blooming.dev05.fr\/?post_type=product&#038;p=5510"},"modified":"2023-11-13T17:35:27","modified_gmt":"2023-11-13T16:35:27","slug":"ergonomie-de-compensation-du-handicap","status":"publish","type":"product","link":"https:\/\/blooming-heroes.com\/en\/produit\/ergonomie-de-compensation-du-handicap\/","title":{"rendered":"Ergonomie de compensation du handicap"},"content":{"rendered":"<p>Pr\u00e9venez le risque de d\u00e9sinsertion professionnelle des collaborateurs en situation de handicap gr\u00e2ce \u00e0 l&#8217;intervention d&#8217;une \u00e9quipe pluridisciplinaire qui vous aidera \u00e0 identifier les meilleures solutions de compensation du handicap (techniques, organisationnelles et spatiales), en chiffrer le co\u00fbt et mettre en \u0153uvre les solutions identifi\u00e9es.<\/p>\n","protected":false},"excerpt":{"rendered":"<p>Pr\u00e9venez le risque de d\u00e9sinsertion professionnelle des collaborateurs en situation de handicap gr\u00e2ce \u00e0 l&#8217;intervention d&#8217;une \u00e9quipe pluridisciplinaire qui vous aidera \u00e0 identifier les meilleures solutions de compensation du handicap (techniques, organisationnelles et spatiales), en chiffrer le co\u00fbt et mettre en \u0153uvre les solutions identifi\u00e9es.<\/p>\n","protected":false},"featured_media":6809,"comment_status":"open","ping_status":"closed","template":"","meta":{"inline_featured_image":false,"_glsr_average":0,"_glsr_ranking":0,"_glsr_reviews":0},"product_brand":[],"product_cat":[145,119,92,105],"product_tag":[120,70],"class_list":{"0":"post-5510","1":"product","2":"type-product","3":"status-publish","4":"has-post-thumbnail","6":"product_cat-diversite-equite-inclusion","7":"product_cat-ergonomie-du-poste-de-travail","8":"product_cat-handicap","9":"product_cat-maintien-dans-lemploi","10":"product_tag-accompagnement-conseil-rh","11":"product_tag-soutien-aux-salaries","13":"first","14":"instock","15":"shipping-taxable","16":"product-type-simple"},"yoast_head":"<!-- This site is optimized with the Yoast SEO plugin v27.4 - https:\/\/yoast.com\/product\/yoast-seo-wordpress\/ -->\n<title>Ergonomie de compensation du handicap - Blooming Heroes<\/title>\n<meta name=\"description\" content=\"Pr\u00e9venez le risque de d\u00e9sinsertion professionnelle des collaborateurs en situation de handicap gr\u00e2ce \u00e0 l&#039;intervention d&#039;une \u00e9quipe pluridisciplinaire...\" \/>\n<meta name=\"robots\" content=\"index, follow, max-snippet:-1, max-image-preview:large, max-video-preview:-1\" \/>\n<link rel=\"canonical\" href=\"https:\/\/blooming-heroes.com\/produit\/ergonomie-de-compensation-du-handicap\/\" \/>\n<meta property=\"og:locale\" content=\"en_US\" \/>\n<meta property=\"og:type\" content=\"article\" \/>\n<meta property=\"og:title\" content=\"Ergonomie de compensation du handicap - Blooming Heroes\" \/>\n<meta property=\"og:description\" content=\"Pr\u00e9venez le risque de d\u00e9sinsertion professionnelle des collaborateurs en situation de handicap gr\u00e2ce \u00e0 l&#039;intervention d&#039;une \u00e9quipe pluridisciplinaire...\" \/>\n<meta property=\"og:url\" content=\"https:\/\/blooming-heroes.com\/produit\/ergonomie-de-compensation-du-handicap\/\" \/>\n<meta property=\"og:site_name\" content=\"Blooming Heroes\" \/>\n<meta property=\"article:modified_time\" content=\"2023-11-13T16:35:27+00:00\" \/>\n<meta property=\"og:image\" content=\"https:\/\/blooming-heroes.com\/wp-content\/uploads\/2023\/08\/Accessibilite-min.jpeg\" \/>\n\t<meta property=\"og:image:width\" content=\"2048\" \/>\n\t<meta property=\"og:image:height\" content=\"1536\" \/>\n\t<meta property=\"og:image:type\" content=\"image\/jpeg\" \/>\n<meta name=\"twitter:card\" content=\"summary_large_image\" \/>\n<meta name=\"twitter:label1\" content=\"Est. reading time\" \/>\n\t<meta name=\"twitter:data1\" content=\"1 minute\" \/>\n<script type=\"application\/ld+json\" class=\"yoast-schema-graph\">{\"@context\":\"https:\\\/\\\/schema.org\",\"@graph\":[{\"@type\":\"WebPage\",\"@id\":\"https:\\\/\\\/blooming-heroes.com\\\/produit\\\/ergonomie-de-compensation-du-handicap\\\/\",\"url\":\"https:\\\/\\\/blooming-heroes.com\\\/produit\\\/ergonomie-de-compensation-du-handicap\\\/\",\"name\":\"Ergonomie de compensation du handicap - Blooming Heroes\",\"isPartOf\":{\"@id\":\"https:\\\/\\\/blooming-heroes.com\\\/#website\"},\"primaryImageOfPage\":{\"@id\":\"https:\\\/\\\/blooming-heroes.com\\\/produit\\\/ergonomie-de-compensation-du-handicap\\\/#primaryimage\"},\"image\":{\"@id\":\"https:\\\/\\\/blooming-heroes.com\\\/produit\\\/ergonomie-de-compensation-du-handicap\\\/#primaryimage\"},\"thumbnailUrl\":\"https:\\\/\\\/blooming-heroes.com\\\/wp-content\\\/uploads\\\/2023\\\/08\\\/Accessibilite-min.jpeg\",\"datePublished\":\"2023-08-12T09:02:28+00:00\",\"dateModified\":\"2023-11-13T16:35:27+00:00\",\"description\":\"Pr\u00e9venez le risque de d\u00e9sinsertion professionnelle des collaborateurs en situation de handicap gr\u00e2ce \u00e0 l'intervention d'une \u00e9quipe pluridisciplinaire...\",\"breadcrumb\":{\"@id\":\"https:\\\/\\\/blooming-heroes.com\\\/produit\\\/ergonomie-de-compensation-du-handicap\\\/#breadcrumb\"},\"inLanguage\":\"en-US\",\"potentialAction\":[{\"@type\":\"ReadAction\",\"target\":[\"https:\\\/\\\/blooming-heroes.com\\\/produit\\\/ergonomie-de-compensation-du-handicap\\\/\"]}]},{\"@type\":\"ImageObject\",\"inLanguage\":\"en-US\",\"@id\":\"https:\\\/\\\/blooming-heroes.com\\\/produit\\\/ergonomie-de-compensation-du-handicap\\\/#primaryimage\",\"url\":\"https:\\\/\\\/blooming-heroes.com\\\/wp-content\\\/uploads\\\/2023\\\/08\\\/Accessibilite-min.jpeg\",\"contentUrl\":\"https:\\\/\\\/blooming-heroes.com\\\/wp-content\\\/uploads\\\/2023\\\/08\\\/Accessibilite-min.jpeg\",\"width\":2048,\"height\":1536},{\"@type\":\"BreadcrumbList\",\"@id\":\"https:\\\/\\\/blooming-heroes.com\\\/produit\\\/ergonomie-de-compensation-du-handicap\\\/#breadcrumb\",\"itemListElement\":[{\"@type\":\"ListItem\",\"position\":1,\"name\":\"Accueil\",\"item\":\"https:\\\/\\\/blooming-heroes.com\\\/en\\\/\"},{\"@type\":\"ListItem\",\"position\":2,\"name\":\"Produits\",\"item\":\"https:\\\/\\\/blooming-heroes.com\\\/shop\\\/\"},{\"@type\":\"ListItem\",\"position\":3,\"name\":\"Ergonomie de compensation du handicap\"}]},{\"@type\":\"WebSite\",\"@id\":\"https:\\\/\\\/blooming-heroes.com\\\/#website\",\"url\":\"https:\\\/\\\/blooming-heroes.com\\\/\",\"name\":\"Blooming Heroes\",\"description\":\"Les h\u00e9ros du bien-vivre au travail\",\"publisher\":{\"@id\":\"https:\\\/\\\/blooming-heroes.com\\\/#organization\"},\"potentialAction\":[{\"@type\":\"SearchAction\",\"target\":{\"@type\":\"EntryPoint\",\"urlTemplate\":\"https:\\\/\\\/blooming-heroes.com\\\/?s={search_term_string}\"},\"query-input\":{\"@type\":\"PropertyValueSpecification\",\"valueRequired\":true,\"valueName\":\"search_term_string\"}}],\"inLanguage\":\"en-US\"},{\"@type\":\"Organization\",\"@id\":\"https:\\\/\\\/blooming-heroes.com\\\/#organization\",\"name\":\"Blooming Heroes\",\"url\":\"https:\\\/\\\/blooming-heroes.com\\\/\",\"logo\":{\"@type\":\"ImageObject\",\"inLanguage\":\"en-US\",\"@id\":\"https:\\\/\\\/blooming-heroes.com\\\/#\\\/schema\\\/logo\\\/image\\\/\",\"url\":\"https:\\\/\\\/blooming-heroes.com\\\/wp-content\\\/uploads\\\/2022\\\/01\\\/cropped-Fichier-19.png\",\"contentUrl\":\"https:\\\/\\\/blooming-heroes.com\\\/wp-content\\\/uploads\\\/2022\\\/01\\\/cropped-Fichier-19.png\",\"width\":512,\"height\":512,\"caption\":\"Blooming Heroes\"},\"image\":{\"@id\":\"https:\\\/\\\/blooming-heroes.com\\\/#\\\/schema\\\/logo\\\/image\\\/\"}}]}<\/script>\n<!-- \/ Yoast SEO plugin. -->","yoast_head_json":{"title":"Ergonomie de compensation du handicap - Blooming Heroes","description":"Pr\u00e9venez le risque de d\u00e9sinsertion professionnelle des collaborateurs en situation de handicap gr\u00e2ce \u00e0 l'intervention d'une \u00e9quipe pluridisciplinaire...","robots":{"index":"index","follow":"follow","max-snippet":"max-snippet:-1","max-image-preview":"max-image-preview:large","max-video-preview":"max-video-preview:-1"},"canonical":"https:\/\/blooming-heroes.com\/produit\/ergonomie-de-compensation-du-handicap\/","og_locale":"en_US","og_type":"article","og_title":"Ergonomie de compensation du handicap - Blooming Heroes","og_description":"Pr\u00e9venez le risque de d\u00e9sinsertion professionnelle des collaborateurs en situation de handicap gr\u00e2ce \u00e0 l'intervention d'une \u00e9quipe pluridisciplinaire...","og_url":"https:\/\/blooming-heroes.com\/produit\/ergonomie-de-compensation-du-handicap\/","og_site_name":"Blooming Heroes","article_modified_time":"2023-11-13T16:35:27+00:00","og_image":[{"width":2048,"height":1536,"url":"https:\/\/blooming-heroes.com\/wp-content\/uploads\/2023\/08\/Accessibilite-min.jpeg","type":"image\/jpeg"}],"twitter_card":"summary_large_image","twitter_misc":{"Est. reading time":"1 minute"},"schema":{"@context":"https:\/\/schema.org","@graph":[{"@type":"WebPage","@id":"https:\/\/blooming-heroes.com\/produit\/ergonomie-de-compensation-du-handicap\/","url":"https:\/\/blooming-heroes.com\/produit\/ergonomie-de-compensation-du-handicap\/","name":"Ergonomie de compensation du handicap - Blooming Heroes","isPartOf":{"@id":"https:\/\/blooming-heroes.com\/#website"},"primaryImageOfPage":{"@id":"https:\/\/blooming-heroes.com\/produit\/ergonomie-de-compensation-du-handicap\/#primaryimage"},"image":{"@id":"https:\/\/blooming-heroes.com\/produit\/ergonomie-de-compensation-du-handicap\/#primaryimage"},"thumbnailUrl":"https:\/\/blooming-heroes.com\/wp-content\/uploads\/2023\/08\/Accessibilite-min.jpeg","datePublished":"2023-08-12T09:02:28+00:00","dateModified":"2023-11-13T16:35:27+00:00","description":"Pr\u00e9venez le risque de d\u00e9sinsertion professionnelle des collaborateurs en situation de handicap gr\u00e2ce \u00e0 l'intervention d'une \u00e9quipe pluridisciplinaire...","breadcrumb":{"@id":"https:\/\/blooming-heroes.com\/produit\/ergonomie-de-compensation-du-handicap\/#breadcrumb"},"inLanguage":"en-US","potentialAction":[{"@type":"ReadAction","target":["https:\/\/blooming-heroes.com\/produit\/ergonomie-de-compensation-du-handicap\/"]}]},{"@type":"ImageObject","inLanguage":"en-US","@id":"https:\/\/blooming-heroes.com\/produit\/ergonomie-de-compensation-du-handicap\/#primaryimage","url":"https:\/\/blooming-heroes.com\/wp-content\/uploads\/2023\/08\/Accessibilite-min.jpeg","contentUrl":"https:\/\/blooming-heroes.com\/wp-content\/uploads\/2023\/08\/Accessibilite-min.jpeg","width":2048,"height":1536},{"@type":"BreadcrumbList","@id":"https:\/\/blooming-heroes.com\/produit\/ergonomie-de-compensation-du-handicap\/#breadcrumb","itemListElement":[{"@type":"ListItem","position":1,"name":"Accueil","item":"https:\/\/blooming-heroes.com\/en\/"},{"@type":"ListItem","position":2,"name":"Produits","item":"https:\/\/blooming-heroes.com\/shop\/"},{"@type":"ListItem","position":3,"name":"Ergonomie de compensation du handicap"}]},{"@type":"WebSite","@id":"https:\/\/blooming-heroes.com\/#website","url":"https:\/\/blooming-heroes.com\/","name":"Blooming Heroes","description":"Les h\u00e9ros du bien-vivre au travail","publisher":{"@id":"https:\/\/blooming-heroes.com\/#organization"},"potentialAction":[{"@type":"SearchAction","target":{"@type":"EntryPoint","urlTemplate":"https:\/\/blooming-heroes.com\/?s={search_term_string}"},"query-input":{"@type":"PropertyValueSpecification","valueRequired":true,"valueName":"search_term_string"}}],"inLanguage":"en-US"},{"@type":"Organization","@id":"https:\/\/blooming-heroes.com\/#organization","name":"Blooming Heroes","url":"https:\/\/blooming-heroes.com\/","logo":{"@type":"ImageObject","inLanguage":"en-US","@id":"https:\/\/blooming-heroes.com\/#\/schema\/logo\/image\/","url":"https:\/\/blooming-heroes.com\/wp-content\/uploads\/2022\/01\/cropped-Fichier-19.png","contentUrl":"https:\/\/blooming-heroes.com\/wp-content\/uploads\/2022\/01\/cropped-Fichier-19.png","width":512,"height":512,"caption":"Blooming Heroes"},"image":{"@id":"https:\/\/blooming-heroes.com\/#\/schema\/logo\/image\/"}}]}},"_links":{"self":[{"href":"https:\/\/blooming-heroes.com\/en\/wp-json\/wp\/v2\/product\/5510","targetHints":{"allow":["GET"]}}],"collection":[{"href":"https:\/\/blooming-heroes.com\/en\/wp-json\/wp\/v2\/product"}],"about":[{"href":"https:\/\/blooming-heroes.com\/en\/wp-json\/wp\/v2\/types\/product"}],"replies":[{"embeddable":true,"href":"https:\/\/blooming-heroes.com\/en\/wp-json\/wp\/v2\/comments?post=5510"}],"wp:featuredmedia":[{"embeddable":true,"href":"https:\/\/blooming-heroes.com\/en\/wp-json\/wp\/v2\/media\/6809"}],"wp:attachment":[{"href":"https:\/\/blooming-heroes.com\/en\/wp-json\/wp\/v2\/media?parent=5510"}],"wp:term":[{"taxonomy":"product_brand","embeddable":true,"href":"https:\/\/blooming-heroes.com\/en\/wp-json\/wp\/v2\/product_brand?post=5510"},{"taxonomy":"product_cat","embeddable":true,"href":"https:\/\/blooming-heroes.com\/en\/wp-json\/wp\/v2\/product_cat?post=5510"},{"taxonomy":"product_tag","embeddable":true,"href":"https:\/\/blooming-heroes.com\/en\/wp-json\/wp\/v2\/product_tag?post=5510"}],"curies":[{"name":"wp","href":"https:\/\/api.w.org\/{rel}","templated":true}]}}