
{"id":5516,"date":"2023-08-12T11:11:08","date_gmt":"2023-08-12T09:11:08","guid":{"rendered":"https:\/\/blooming.dev05.fr\/?post_type=product&#038;p=5516"},"modified":"2023-11-13T17:30:55","modified_gmt":"2023-11-13T16:30:55","slug":"mesure-scientifique-et-objective-du-niveau-dengagement-des-collaborateurs","status":"publish","type":"product","link":"https:\/\/blooming-heroes.com\/en\/produit\/mesure-scientifique-et-objective-du-niveau-dengagement-des-collaborateurs\/","title":{"rendered":"Mesure scientifique et objective du niveau d\u2019engagement des collaborateurs"},"content":{"rendered":"<p>Disposez d&#8217;une visibilit\u00e9 r\u00e9guli\u00e8re (mensuelle, trimestrielle, semestrielle, annuelle) sur l\u2019\u00e9volution de l\u2019engagement des \u00e9quipes gr\u00e2ce \u00e0 une m\u00e9thodologie qui se base sur celle de l\u2019eNPS et un benchmark de plus de 8 millions de r\u00e9ponses. Visualisez ainsi en un coup d&#8217;oeil les \u00e9quipes ambassadrices et celles qui semblent plus en difficult\u00e9.<\/p>\n","protected":false},"excerpt":{"rendered":"<p>Disposez d&#8217;une visibilit\u00e9 r\u00e9guli\u00e8re (mensuelle, trimestrielle, semestrielle, annuelle) sur l\u2019\u00e9volution de l\u2019engagement des \u00e9quipes gr\u00e2ce \u00e0 une m\u00e9thodologie qui se base sur celle de l\u2019eNPS et un benchmark de plus de 8 millions de r\u00e9ponses. Visualisez ainsi en un coup d&#8217;oeil les \u00e9quipes ambassadrices et celles qui semblent plus en difficult\u00e9.<\/p>\n","protected":false},"featured_media":6835,"comment_status":"open","ping_status":"closed","template":"","meta":{"inline_featured_image":false,"_glsr_average":0,"_glsr_ranking":0,"_glsr_reviews":0},"product_brand":[],"product_cat":[107,83],"product_tag":[128,57],"class_list":{"0":"post-5516","1":"product","2":"type-product","3":"status-publish","4":"has-post-thumbnail","6":"product_cat-culture-du-feedback","7":"product_cat-engagement-collaborateurs","8":"product_tag-audit","9":"product_tag-plateformes-digitales-applications-mobile","11":"first","12":"instock","13":"shipping-taxable","14":"product-type-simple"},"yoast_head":"<!-- This site is optimized with the Yoast SEO plugin v27.4 - https:\/\/yoast.com\/product\/yoast-seo-wordpress\/ -->\n<title>Mesure scientifique et objective du niveau d\u2019engagement des collaborateurs - Blooming Heroes<\/title>\n<meta name=\"description\" content=\"Disposez d&#039;une visibilit\u00e9 r\u00e9guli\u00e8re (mensuelle, trimestrielle, semestrielle, annuelle) sur l\u2019\u00e9volution de l\u2019engagement des \u00e9quipes gr\u00e2ce \u00e0 une m\u00e9thodo...\" \/>\n<meta name=\"robots\" content=\"index, follow, max-snippet:-1, max-image-preview:large, max-video-preview:-1\" \/>\n<link rel=\"canonical\" href=\"https:\/\/blooming-heroes.com\/produit\/mesure-scientifique-et-objective-du-niveau-dengagement-des-collaborateurs\/\" \/>\n<meta property=\"og:locale\" content=\"en_US\" \/>\n<meta property=\"og:type\" content=\"article\" \/>\n<meta property=\"og:title\" content=\"Mesure scientifique et objective du niveau d\u2019engagement des collaborateurs - Blooming Heroes\" \/>\n<meta property=\"og:description\" content=\"Disposez d&#039;une visibilit\u00e9 r\u00e9guli\u00e8re (mensuelle, trimestrielle, semestrielle, annuelle) sur l\u2019\u00e9volution de l\u2019engagement des \u00e9quipes gr\u00e2ce \u00e0 une m\u00e9thodo...\" \/>\n<meta property=\"og:url\" content=\"https:\/\/blooming-heroes.com\/produit\/mesure-scientifique-et-objective-du-niveau-dengagement-des-collaborateurs\/\" \/>\n<meta property=\"og:site_name\" content=\"Blooming Heroes\" \/>\n<meta property=\"article:modified_time\" content=\"2023-11-13T16:30:55+00:00\" \/>\n<meta property=\"og:image\" content=\"https:\/\/blooming-heroes.com\/wp-content\/uploads\/2023\/08\/barometre-min.jpeg\" \/>\n\t<meta property=\"og:image:width\" content=\"1024\" \/>\n\t<meta property=\"og:image:height\" content=\"604\" \/>\n\t<meta property=\"og:image:type\" content=\"image\/jpeg\" \/>\n<meta name=\"twitter:card\" content=\"summary_large_image\" \/>\n<meta name=\"twitter:label1\" content=\"Est. reading time\" \/>\n\t<meta name=\"twitter:data1\" content=\"1 minute\" \/>\n<script type=\"application\/ld+json\" class=\"yoast-schema-graph\">{\"@context\":\"https:\\\/\\\/schema.org\",\"@graph\":[{\"@type\":\"WebPage\",\"@id\":\"https:\\\/\\\/blooming-heroes.com\\\/produit\\\/mesure-scientifique-et-objective-du-niveau-dengagement-des-collaborateurs\\\/\",\"url\":\"https:\\\/\\\/blooming-heroes.com\\\/produit\\\/mesure-scientifique-et-objective-du-niveau-dengagement-des-collaborateurs\\\/\",\"name\":\"Mesure scientifique et objective du niveau d\u2019engagement des collaborateurs - Blooming Heroes\",\"isPartOf\":{\"@id\":\"https:\\\/\\\/blooming-heroes.com\\\/#website\"},\"primaryImageOfPage\":{\"@id\":\"https:\\\/\\\/blooming-heroes.com\\\/produit\\\/mesure-scientifique-et-objective-du-niveau-dengagement-des-collaborateurs\\\/#primaryimage\"},\"image\":{\"@id\":\"https:\\\/\\\/blooming-heroes.com\\\/produit\\\/mesure-scientifique-et-objective-du-niveau-dengagement-des-collaborateurs\\\/#primaryimage\"},\"thumbnailUrl\":\"https:\\\/\\\/blooming-heroes.com\\\/wp-content\\\/uploads\\\/2023\\\/08\\\/barometre-min.jpeg\",\"datePublished\":\"2023-08-12T09:11:08+00:00\",\"dateModified\":\"2023-11-13T16:30:55+00:00\",\"description\":\"Disposez d'une visibilit\u00e9 r\u00e9guli\u00e8re (mensuelle, trimestrielle, semestrielle, annuelle) sur l\u2019\u00e9volution de l\u2019engagement des \u00e9quipes gr\u00e2ce \u00e0 une m\u00e9thodo...\",\"breadcrumb\":{\"@id\":\"https:\\\/\\\/blooming-heroes.com\\\/produit\\\/mesure-scientifique-et-objective-du-niveau-dengagement-des-collaborateurs\\\/#breadcrumb\"},\"inLanguage\":\"en-US\",\"potentialAction\":[{\"@type\":\"ReadAction\",\"target\":[\"https:\\\/\\\/blooming-heroes.com\\\/produit\\\/mesure-scientifique-et-objective-du-niveau-dengagement-des-collaborateurs\\\/\"]}]},{\"@type\":\"ImageObject\",\"inLanguage\":\"en-US\",\"@id\":\"https:\\\/\\\/blooming-heroes.com\\\/produit\\\/mesure-scientifique-et-objective-du-niveau-dengagement-des-collaborateurs\\\/#primaryimage\",\"url\":\"https:\\\/\\\/blooming-heroes.com\\\/wp-content\\\/uploads\\\/2023\\\/08\\\/barometre-min.jpeg\",\"contentUrl\":\"https:\\\/\\\/blooming-heroes.com\\\/wp-content\\\/uploads\\\/2023\\\/08\\\/barometre-min.jpeg\",\"width\":1024,\"height\":604},{\"@type\":\"BreadcrumbList\",\"@id\":\"https:\\\/\\\/blooming-heroes.com\\\/produit\\\/mesure-scientifique-et-objective-du-niveau-dengagement-des-collaborateurs\\\/#breadcrumb\",\"itemListElement\":[{\"@type\":\"ListItem\",\"position\":1,\"name\":\"Accueil\",\"item\":\"https:\\\/\\\/blooming-heroes.com\\\/en\\\/\"},{\"@type\":\"ListItem\",\"position\":2,\"name\":\"Produits\",\"item\":\"https:\\\/\\\/blooming-heroes.com\\\/shop\\\/\"},{\"@type\":\"ListItem\",\"position\":3,\"name\":\"Mesure scientifique et objective du niveau d\u2019engagement des collaborateurs\"}]},{\"@type\":\"WebSite\",\"@id\":\"https:\\\/\\\/blooming-heroes.com\\\/#website\",\"url\":\"https:\\\/\\\/blooming-heroes.com\\\/\",\"name\":\"Blooming Heroes\",\"description\":\"Les h\u00e9ros du bien-vivre au travail\",\"publisher\":{\"@id\":\"https:\\\/\\\/blooming-heroes.com\\\/#organization\"},\"potentialAction\":[{\"@type\":\"SearchAction\",\"target\":{\"@type\":\"EntryPoint\",\"urlTemplate\":\"https:\\\/\\\/blooming-heroes.com\\\/?s={search_term_string}\"},\"query-input\":{\"@type\":\"PropertyValueSpecification\",\"valueRequired\":true,\"valueName\":\"search_term_string\"}}],\"inLanguage\":\"en-US\"},{\"@type\":\"Organization\",\"@id\":\"https:\\\/\\\/blooming-heroes.com\\\/#organization\",\"name\":\"Blooming Heroes\",\"url\":\"https:\\\/\\\/blooming-heroes.com\\\/\",\"logo\":{\"@type\":\"ImageObject\",\"inLanguage\":\"en-US\",\"@id\":\"https:\\\/\\\/blooming-heroes.com\\\/#\\\/schema\\\/logo\\\/image\\\/\",\"url\":\"https:\\\/\\\/blooming-heroes.com\\\/wp-content\\\/uploads\\\/2022\\\/01\\\/cropped-Fichier-19.png\",\"contentUrl\":\"https:\\\/\\\/blooming-heroes.com\\\/wp-content\\\/uploads\\\/2022\\\/01\\\/cropped-Fichier-19.png\",\"width\":512,\"height\":512,\"caption\":\"Blooming Heroes\"},\"image\":{\"@id\":\"https:\\\/\\\/blooming-heroes.com\\\/#\\\/schema\\\/logo\\\/image\\\/\"}}]}<\/script>\n<!-- \/ Yoast SEO plugin. -->","yoast_head_json":{"title":"Mesure scientifique et objective du niveau d\u2019engagement des collaborateurs - Blooming Heroes","description":"Disposez d'une visibilit\u00e9 r\u00e9guli\u00e8re (mensuelle, trimestrielle, semestrielle, annuelle) sur l\u2019\u00e9volution de l\u2019engagement des \u00e9quipes gr\u00e2ce \u00e0 une m\u00e9thodo...","robots":{"index":"index","follow":"follow","max-snippet":"max-snippet:-1","max-image-preview":"max-image-preview:large","max-video-preview":"max-video-preview:-1"},"canonical":"https:\/\/blooming-heroes.com\/produit\/mesure-scientifique-et-objective-du-niveau-dengagement-des-collaborateurs\/","og_locale":"en_US","og_type":"article","og_title":"Mesure scientifique et objective du niveau d\u2019engagement des collaborateurs - Blooming Heroes","og_description":"Disposez d'une visibilit\u00e9 r\u00e9guli\u00e8re (mensuelle, trimestrielle, semestrielle, annuelle) sur l\u2019\u00e9volution de l\u2019engagement des \u00e9quipes gr\u00e2ce \u00e0 une m\u00e9thodo...","og_url":"https:\/\/blooming-heroes.com\/produit\/mesure-scientifique-et-objective-du-niveau-dengagement-des-collaborateurs\/","og_site_name":"Blooming Heroes","article_modified_time":"2023-11-13T16:30:55+00:00","og_image":[{"width":1024,"height":604,"url":"https:\/\/blooming-heroes.com\/wp-content\/uploads\/2023\/08\/barometre-min.jpeg","type":"image\/jpeg"}],"twitter_card":"summary_large_image","twitter_misc":{"Est. reading time":"1 minute"},"schema":{"@context":"https:\/\/schema.org","@graph":[{"@type":"WebPage","@id":"https:\/\/blooming-heroes.com\/produit\/mesure-scientifique-et-objective-du-niveau-dengagement-des-collaborateurs\/","url":"https:\/\/blooming-heroes.com\/produit\/mesure-scientifique-et-objective-du-niveau-dengagement-des-collaborateurs\/","name":"Mesure scientifique et objective du niveau d\u2019engagement des collaborateurs - Blooming Heroes","isPartOf":{"@id":"https:\/\/blooming-heroes.com\/#website"},"primaryImageOfPage":{"@id":"https:\/\/blooming-heroes.com\/produit\/mesure-scientifique-et-objective-du-niveau-dengagement-des-collaborateurs\/#primaryimage"},"image":{"@id":"https:\/\/blooming-heroes.com\/produit\/mesure-scientifique-et-objective-du-niveau-dengagement-des-collaborateurs\/#primaryimage"},"thumbnailUrl":"https:\/\/blooming-heroes.com\/wp-content\/uploads\/2023\/08\/barometre-min.jpeg","datePublished":"2023-08-12T09:11:08+00:00","dateModified":"2023-11-13T16:30:55+00:00","description":"Disposez d'une visibilit\u00e9 r\u00e9guli\u00e8re (mensuelle, trimestrielle, semestrielle, annuelle) sur l\u2019\u00e9volution de l\u2019engagement des \u00e9quipes gr\u00e2ce \u00e0 une m\u00e9thodo...","breadcrumb":{"@id":"https:\/\/blooming-heroes.com\/produit\/mesure-scientifique-et-objective-du-niveau-dengagement-des-collaborateurs\/#breadcrumb"},"inLanguage":"en-US","potentialAction":[{"@type":"ReadAction","target":["https:\/\/blooming-heroes.com\/produit\/mesure-scientifique-et-objective-du-niveau-dengagement-des-collaborateurs\/"]}]},{"@type":"ImageObject","inLanguage":"en-US","@id":"https:\/\/blooming-heroes.com\/produit\/mesure-scientifique-et-objective-du-niveau-dengagement-des-collaborateurs\/#primaryimage","url":"https:\/\/blooming-heroes.com\/wp-content\/uploads\/2023\/08\/barometre-min.jpeg","contentUrl":"https:\/\/blooming-heroes.com\/wp-content\/uploads\/2023\/08\/barometre-min.jpeg","width":1024,"height":604},{"@type":"BreadcrumbList","@id":"https:\/\/blooming-heroes.com\/produit\/mesure-scientifique-et-objective-du-niveau-dengagement-des-collaborateurs\/#breadcrumb","itemListElement":[{"@type":"ListItem","position":1,"name":"Accueil","item":"https:\/\/blooming-heroes.com\/en\/"},{"@type":"ListItem","position":2,"name":"Produits","item":"https:\/\/blooming-heroes.com\/shop\/"},{"@type":"ListItem","position":3,"name":"Mesure scientifique et objective du niveau d\u2019engagement des collaborateurs"}]},{"@type":"WebSite","@id":"https:\/\/blooming-heroes.com\/#website","url":"https:\/\/blooming-heroes.com\/","name":"Blooming Heroes","description":"Les h\u00e9ros du bien-vivre au travail","publisher":{"@id":"https:\/\/blooming-heroes.com\/#organization"},"potentialAction":[{"@type":"SearchAction","target":{"@type":"EntryPoint","urlTemplate":"https:\/\/blooming-heroes.com\/?s={search_term_string}"},"query-input":{"@type":"PropertyValueSpecification","valueRequired":true,"valueName":"search_term_string"}}],"inLanguage":"en-US"},{"@type":"Organization","@id":"https:\/\/blooming-heroes.com\/#organization","name":"Blooming Heroes","url":"https:\/\/blooming-heroes.com\/","logo":{"@type":"ImageObject","inLanguage":"en-US","@id":"https:\/\/blooming-heroes.com\/#\/schema\/logo\/image\/","url":"https:\/\/blooming-heroes.com\/wp-content\/uploads\/2022\/01\/cropped-Fichier-19.png","contentUrl":"https:\/\/blooming-heroes.com\/wp-content\/uploads\/2022\/01\/cropped-Fichier-19.png","width":512,"height":512,"caption":"Blooming Heroes"},"image":{"@id":"https:\/\/blooming-heroes.com\/#\/schema\/logo\/image\/"}}]}},"_links":{"self":[{"href":"https:\/\/blooming-heroes.com\/en\/wp-json\/wp\/v2\/product\/5516","targetHints":{"allow":["GET"]}}],"collection":[{"href":"https:\/\/blooming-heroes.com\/en\/wp-json\/wp\/v2\/product"}],"about":[{"href":"https:\/\/blooming-heroes.com\/en\/wp-json\/wp\/v2\/types\/product"}],"replies":[{"embeddable":true,"href":"https:\/\/blooming-heroes.com\/en\/wp-json\/wp\/v2\/comments?post=5516"}],"wp:featuredmedia":[{"embeddable":true,"href":"https:\/\/blooming-heroes.com\/en\/wp-json\/wp\/v2\/media\/6835"}],"wp:attachment":[{"href":"https:\/\/blooming-heroes.com\/en\/wp-json\/wp\/v2\/media?parent=5516"}],"wp:term":[{"taxonomy":"product_brand","embeddable":true,"href":"https:\/\/blooming-heroes.com\/en\/wp-json\/wp\/v2\/product_brand?post=5516"},{"taxonomy":"product_cat","embeddable":true,"href":"https:\/\/blooming-heroes.com\/en\/wp-json\/wp\/v2\/product_cat?post=5516"},{"taxonomy":"product_tag","embeddable":true,"href":"https:\/\/blooming-heroes.com\/en\/wp-json\/wp\/v2\/product_tag?post=5516"}],"curies":[{"name":"wp","href":"https:\/\/api.w.org\/{rel}","templated":true}]}}