
{"id":5517,"date":"2023-08-12T11:14:53","date_gmt":"2023-08-12T09:14:53","guid":{"rendered":"https:\/\/blooming.dev05.fr\/?post_type=product&#038;p=5517"},"modified":"2023-11-13T17:30:21","modified_gmt":"2023-11-13T16:30:21","slug":"prenez-regulierement-le-pouls-de-vos-equipes-sur-tous-les-sujets-de-lentreprise","status":"publish","type":"product","link":"https:\/\/blooming-heroes.com\/en\/produit\/prenez-regulierement-le-pouls-de-vos-equipes-sur-tous-les-sujets-de-lentreprise\/","title":{"rendered":"Prenez r\u00e9guli\u00e8rement le pouls de vos \u00e9quipes sur tous les sujets de l&#8217;entreprise"},"content":{"rendered":"<p>Sollicitez confidentiellement les collaborateurs sur tous les sujets de l\u2019entreprise. La plateforme permet une prise de pouls imm\u00e9diate, pr\u00e9cise et analyse automatiquement tous les r\u00e9sultats (disparit\u00e9s d\u00e9mographiques, analyse de texte\u2026).<\/p>\n","protected":false},"excerpt":{"rendered":"<p>Sollicitez confidentiellement les collaborateurs sur tous les sujets de l\u2019entreprise. La plateforme permet une prise de pouls imm\u00e9diate, pr\u00e9cise et analyse automatiquement tous les r\u00e9sultats (disparit\u00e9s d\u00e9mographiques, analyse de texte\u2026).<\/p>\n","protected":false},"featured_media":6833,"comment_status":"open","ping_status":"closed","template":"","meta":{"inline_featured_image":false,"_glsr_average":0,"_glsr_ranking":0,"_glsr_reviews":0},"product_brand":[],"product_cat":[82,107,145,83,106,80,75],"product_tag":[128,57],"class_list":{"0":"post-5517","1":"product","2":"type-product","3":"status-publish","4":"has-post-thumbnail","6":"product_cat-accompagnement-au-changement-et-transformation","7":"product_cat-culture-du-feedback","8":"product_cat-diversite-equite-inclusion","9":"product_cat-engagement-collaborateurs","10":"product_cat-intelligence-collective","11":"product_cat-qvt-qvct","12":"product_cat-sante-mentale-stress-rps","13":"product_tag-audit","14":"product_tag-plateformes-digitales-applications-mobile","16":"first","17":"instock","18":"shipping-taxable","19":"product-type-simple"},"yoast_head":"<!-- This site is optimized with the Yoast SEO plugin v27.4 - https:\/\/yoast.com\/product\/yoast-seo-wordpress\/ -->\n<title>Prenez r\u00e9guli\u00e8rement le pouls de vos \u00e9quipes sur tous les sujets de l&#039;entreprise - Blooming Heroes<\/title>\n<meta name=\"description\" content=\"Sollicitez confidentiellement les collaborateurs sur tous les sujets de l\u2019entreprise. La plateforme permet une prise de pouls imm\u00e9diate, pr\u00e9cise...\" \/>\n<meta name=\"robots\" content=\"index, follow, max-snippet:-1, max-image-preview:large, max-video-preview:-1\" \/>\n<link rel=\"canonical\" href=\"https:\/\/blooming-heroes.com\/produit\/prenez-regulierement-le-pouls-de-vos-equipes-sur-tous-les-sujets-de-lentreprise\/\" \/>\n<meta property=\"og:locale\" content=\"en_US\" \/>\n<meta property=\"og:type\" content=\"article\" \/>\n<meta property=\"og:title\" content=\"Prenez r\u00e9guli\u00e8rement le pouls de vos \u00e9quipes sur tous les sujets de l&#039;entreprise - Blooming Heroes\" \/>\n<meta property=\"og:description\" content=\"Sollicitez confidentiellement les collaborateurs sur tous les sujets de l\u2019entreprise. La plateforme permet une prise de pouls imm\u00e9diate, pr\u00e9cise...\" \/>\n<meta property=\"og:url\" content=\"https:\/\/blooming-heroes.com\/produit\/prenez-regulierement-le-pouls-de-vos-equipes-sur-tous-les-sujets-de-lentreprise\/\" \/>\n<meta property=\"og:site_name\" content=\"Blooming Heroes\" \/>\n<meta property=\"article:modified_time\" content=\"2023-11-13T16:30:21+00:00\" \/>\n<meta property=\"og:image\" content=\"https:\/\/blooming-heroes.com\/wp-content\/uploads\/2023\/08\/Strategie_QVT-min.jpeg\" \/>\n\t<meta property=\"og:image:width\" content=\"1024\" \/>\n\t<meta property=\"og:image:height\" content=\"576\" \/>\n\t<meta property=\"og:image:type\" content=\"image\/jpeg\" \/>\n<meta name=\"twitter:card\" content=\"summary_large_image\" \/>\n<meta name=\"twitter:label1\" content=\"Est. reading time\" \/>\n\t<meta name=\"twitter:data1\" content=\"1 minute\" \/>\n<script type=\"application\/ld+json\" class=\"yoast-schema-graph\">{\"@context\":\"https:\\\/\\\/schema.org\",\"@graph\":[{\"@type\":\"WebPage\",\"@id\":\"https:\\\/\\\/blooming-heroes.com\\\/produit\\\/prenez-regulierement-le-pouls-de-vos-equipes-sur-tous-les-sujets-de-lentreprise\\\/\",\"url\":\"https:\\\/\\\/blooming-heroes.com\\\/produit\\\/prenez-regulierement-le-pouls-de-vos-equipes-sur-tous-les-sujets-de-lentreprise\\\/\",\"name\":\"Prenez r\u00e9guli\u00e8rement le pouls de vos \u00e9quipes sur tous les sujets de l'entreprise - Blooming Heroes\",\"isPartOf\":{\"@id\":\"https:\\\/\\\/blooming-heroes.com\\\/#website\"},\"primaryImageOfPage\":{\"@id\":\"https:\\\/\\\/blooming-heroes.com\\\/produit\\\/prenez-regulierement-le-pouls-de-vos-equipes-sur-tous-les-sujets-de-lentreprise\\\/#primaryimage\"},\"image\":{\"@id\":\"https:\\\/\\\/blooming-heroes.com\\\/produit\\\/prenez-regulierement-le-pouls-de-vos-equipes-sur-tous-les-sujets-de-lentreprise\\\/#primaryimage\"},\"thumbnailUrl\":\"https:\\\/\\\/blooming-heroes.com\\\/wp-content\\\/uploads\\\/2023\\\/08\\\/Strategie_QVT-min.jpeg\",\"datePublished\":\"2023-08-12T09:14:53+00:00\",\"dateModified\":\"2023-11-13T16:30:21+00:00\",\"description\":\"Sollicitez confidentiellement les collaborateurs sur tous les sujets de l\u2019entreprise. La plateforme permet une prise de pouls imm\u00e9diate, pr\u00e9cise...\",\"breadcrumb\":{\"@id\":\"https:\\\/\\\/blooming-heroes.com\\\/produit\\\/prenez-regulierement-le-pouls-de-vos-equipes-sur-tous-les-sujets-de-lentreprise\\\/#breadcrumb\"},\"inLanguage\":\"en-US\",\"potentialAction\":[{\"@type\":\"ReadAction\",\"target\":[\"https:\\\/\\\/blooming-heroes.com\\\/produit\\\/prenez-regulierement-le-pouls-de-vos-equipes-sur-tous-les-sujets-de-lentreprise\\\/\"]}]},{\"@type\":\"ImageObject\",\"inLanguage\":\"en-US\",\"@id\":\"https:\\\/\\\/blooming-heroes.com\\\/produit\\\/prenez-regulierement-le-pouls-de-vos-equipes-sur-tous-les-sujets-de-lentreprise\\\/#primaryimage\",\"url\":\"https:\\\/\\\/blooming-heroes.com\\\/wp-content\\\/uploads\\\/2023\\\/08\\\/Strategie_QVT-min.jpeg\",\"contentUrl\":\"https:\\\/\\\/blooming-heroes.com\\\/wp-content\\\/uploads\\\/2023\\\/08\\\/Strategie_QVT-min.jpeg\",\"width\":1024,\"height\":576},{\"@type\":\"BreadcrumbList\",\"@id\":\"https:\\\/\\\/blooming-heroes.com\\\/produit\\\/prenez-regulierement-le-pouls-de-vos-equipes-sur-tous-les-sujets-de-lentreprise\\\/#breadcrumb\",\"itemListElement\":[{\"@type\":\"ListItem\",\"position\":1,\"name\":\"Accueil\",\"item\":\"https:\\\/\\\/blooming-heroes.com\\\/en\\\/\"},{\"@type\":\"ListItem\",\"position\":2,\"name\":\"Produits\",\"item\":\"https:\\\/\\\/blooming-heroes.com\\\/shop\\\/\"},{\"@type\":\"ListItem\",\"position\":3,\"name\":\"Prenez r\u00e9guli\u00e8rement le pouls de vos \u00e9quipes sur tous les sujets de l&rsquo;entreprise\"}]},{\"@type\":\"WebSite\",\"@id\":\"https:\\\/\\\/blooming-heroes.com\\\/#website\",\"url\":\"https:\\\/\\\/blooming-heroes.com\\\/\",\"name\":\"Blooming Heroes\",\"description\":\"Les h\u00e9ros du bien-vivre au travail\",\"publisher\":{\"@id\":\"https:\\\/\\\/blooming-heroes.com\\\/#organization\"},\"potentialAction\":[{\"@type\":\"SearchAction\",\"target\":{\"@type\":\"EntryPoint\",\"urlTemplate\":\"https:\\\/\\\/blooming-heroes.com\\\/?s={search_term_string}\"},\"query-input\":{\"@type\":\"PropertyValueSpecification\",\"valueRequired\":true,\"valueName\":\"search_term_string\"}}],\"inLanguage\":\"en-US\"},{\"@type\":\"Organization\",\"@id\":\"https:\\\/\\\/blooming-heroes.com\\\/#organization\",\"name\":\"Blooming Heroes\",\"url\":\"https:\\\/\\\/blooming-heroes.com\\\/\",\"logo\":{\"@type\":\"ImageObject\",\"inLanguage\":\"en-US\",\"@id\":\"https:\\\/\\\/blooming-heroes.com\\\/#\\\/schema\\\/logo\\\/image\\\/\",\"url\":\"https:\\\/\\\/blooming-heroes.com\\\/wp-content\\\/uploads\\\/2022\\\/01\\\/cropped-Fichier-19.png\",\"contentUrl\":\"https:\\\/\\\/blooming-heroes.com\\\/wp-content\\\/uploads\\\/2022\\\/01\\\/cropped-Fichier-19.png\",\"width\":512,\"height\":512,\"caption\":\"Blooming Heroes\"},\"image\":{\"@id\":\"https:\\\/\\\/blooming-heroes.com\\\/#\\\/schema\\\/logo\\\/image\\\/\"}}]}<\/script>\n<!-- \/ Yoast SEO plugin. -->","yoast_head_json":{"title":"Prenez r\u00e9guli\u00e8rement le pouls de vos \u00e9quipes sur tous les sujets de l'entreprise - Blooming Heroes","description":"Sollicitez confidentiellement les collaborateurs sur tous les sujets de l\u2019entreprise. La plateforme permet une prise de pouls imm\u00e9diate, pr\u00e9cise...","robots":{"index":"index","follow":"follow","max-snippet":"max-snippet:-1","max-image-preview":"max-image-preview:large","max-video-preview":"max-video-preview:-1"},"canonical":"https:\/\/blooming-heroes.com\/produit\/prenez-regulierement-le-pouls-de-vos-equipes-sur-tous-les-sujets-de-lentreprise\/","og_locale":"en_US","og_type":"article","og_title":"Prenez r\u00e9guli\u00e8rement le pouls de vos \u00e9quipes sur tous les sujets de l'entreprise - Blooming Heroes","og_description":"Sollicitez confidentiellement les collaborateurs sur tous les sujets de l\u2019entreprise. La plateforme permet une prise de pouls imm\u00e9diate, pr\u00e9cise...","og_url":"https:\/\/blooming-heroes.com\/produit\/prenez-regulierement-le-pouls-de-vos-equipes-sur-tous-les-sujets-de-lentreprise\/","og_site_name":"Blooming Heroes","article_modified_time":"2023-11-13T16:30:21+00:00","og_image":[{"width":1024,"height":576,"url":"https:\/\/blooming-heroes.com\/wp-content\/uploads\/2023\/08\/Strategie_QVT-min.jpeg","type":"image\/jpeg"}],"twitter_card":"summary_large_image","twitter_misc":{"Est. reading time":"1 minute"},"schema":{"@context":"https:\/\/schema.org","@graph":[{"@type":"WebPage","@id":"https:\/\/blooming-heroes.com\/produit\/prenez-regulierement-le-pouls-de-vos-equipes-sur-tous-les-sujets-de-lentreprise\/","url":"https:\/\/blooming-heroes.com\/produit\/prenez-regulierement-le-pouls-de-vos-equipes-sur-tous-les-sujets-de-lentreprise\/","name":"Prenez r\u00e9guli\u00e8rement le pouls de vos \u00e9quipes sur tous les sujets de l'entreprise - Blooming Heroes","isPartOf":{"@id":"https:\/\/blooming-heroes.com\/#website"},"primaryImageOfPage":{"@id":"https:\/\/blooming-heroes.com\/produit\/prenez-regulierement-le-pouls-de-vos-equipes-sur-tous-les-sujets-de-lentreprise\/#primaryimage"},"image":{"@id":"https:\/\/blooming-heroes.com\/produit\/prenez-regulierement-le-pouls-de-vos-equipes-sur-tous-les-sujets-de-lentreprise\/#primaryimage"},"thumbnailUrl":"https:\/\/blooming-heroes.com\/wp-content\/uploads\/2023\/08\/Strategie_QVT-min.jpeg","datePublished":"2023-08-12T09:14:53+00:00","dateModified":"2023-11-13T16:30:21+00:00","description":"Sollicitez confidentiellement les collaborateurs sur tous les sujets de l\u2019entreprise. La plateforme permet une prise de pouls imm\u00e9diate, pr\u00e9cise...","breadcrumb":{"@id":"https:\/\/blooming-heroes.com\/produit\/prenez-regulierement-le-pouls-de-vos-equipes-sur-tous-les-sujets-de-lentreprise\/#breadcrumb"},"inLanguage":"en-US","potentialAction":[{"@type":"ReadAction","target":["https:\/\/blooming-heroes.com\/produit\/prenez-regulierement-le-pouls-de-vos-equipes-sur-tous-les-sujets-de-lentreprise\/"]}]},{"@type":"ImageObject","inLanguage":"en-US","@id":"https:\/\/blooming-heroes.com\/produit\/prenez-regulierement-le-pouls-de-vos-equipes-sur-tous-les-sujets-de-lentreprise\/#primaryimage","url":"https:\/\/blooming-heroes.com\/wp-content\/uploads\/2023\/08\/Strategie_QVT-min.jpeg","contentUrl":"https:\/\/blooming-heroes.com\/wp-content\/uploads\/2023\/08\/Strategie_QVT-min.jpeg","width":1024,"height":576},{"@type":"BreadcrumbList","@id":"https:\/\/blooming-heroes.com\/produit\/prenez-regulierement-le-pouls-de-vos-equipes-sur-tous-les-sujets-de-lentreprise\/#breadcrumb","itemListElement":[{"@type":"ListItem","position":1,"name":"Accueil","item":"https:\/\/blooming-heroes.com\/en\/"},{"@type":"ListItem","position":2,"name":"Produits","item":"https:\/\/blooming-heroes.com\/shop\/"},{"@type":"ListItem","position":3,"name":"Prenez r\u00e9guli\u00e8rement le pouls de vos \u00e9quipes sur tous les sujets de l&rsquo;entreprise"}]},{"@type":"WebSite","@id":"https:\/\/blooming-heroes.com\/#website","url":"https:\/\/blooming-heroes.com\/","name":"Blooming Heroes","description":"Les h\u00e9ros du bien-vivre au travail","publisher":{"@id":"https:\/\/blooming-heroes.com\/#organization"},"potentialAction":[{"@type":"SearchAction","target":{"@type":"EntryPoint","urlTemplate":"https:\/\/blooming-heroes.com\/?s={search_term_string}"},"query-input":{"@type":"PropertyValueSpecification","valueRequired":true,"valueName":"search_term_string"}}],"inLanguage":"en-US"},{"@type":"Organization","@id":"https:\/\/blooming-heroes.com\/#organization","name":"Blooming Heroes","url":"https:\/\/blooming-heroes.com\/","logo":{"@type":"ImageObject","inLanguage":"en-US","@id":"https:\/\/blooming-heroes.com\/#\/schema\/logo\/image\/","url":"https:\/\/blooming-heroes.com\/wp-content\/uploads\/2022\/01\/cropped-Fichier-19.png","contentUrl":"https:\/\/blooming-heroes.com\/wp-content\/uploads\/2022\/01\/cropped-Fichier-19.png","width":512,"height":512,"caption":"Blooming Heroes"},"image":{"@id":"https:\/\/blooming-heroes.com\/#\/schema\/logo\/image\/"}}]}},"_links":{"self":[{"href":"https:\/\/blooming-heroes.com\/en\/wp-json\/wp\/v2\/product\/5517","targetHints":{"allow":["GET"]}}],"collection":[{"href":"https:\/\/blooming-heroes.com\/en\/wp-json\/wp\/v2\/product"}],"about":[{"href":"https:\/\/blooming-heroes.com\/en\/wp-json\/wp\/v2\/types\/product"}],"replies":[{"embeddable":true,"href":"https:\/\/blooming-heroes.com\/en\/wp-json\/wp\/v2\/comments?post=5517"}],"wp:featuredmedia":[{"embeddable":true,"href":"https:\/\/blooming-heroes.com\/en\/wp-json\/wp\/v2\/media\/6833"}],"wp:attachment":[{"href":"https:\/\/blooming-heroes.com\/en\/wp-json\/wp\/v2\/media?parent=5517"}],"wp:term":[{"taxonomy":"product_brand","embeddable":true,"href":"https:\/\/blooming-heroes.com\/en\/wp-json\/wp\/v2\/product_brand?post=5517"},{"taxonomy":"product_cat","embeddable":true,"href":"https:\/\/blooming-heroes.com\/en\/wp-json\/wp\/v2\/product_cat?post=5517"},{"taxonomy":"product_tag","embeddable":true,"href":"https:\/\/blooming-heroes.com\/en\/wp-json\/wp\/v2\/product_tag?post=5517"}],"curies":[{"name":"wp","href":"https:\/\/api.w.org\/{rel}","templated":true}]}}