
{"id":5518,"date":"2023-08-12T11:19:00","date_gmt":"2023-08-12T09:19:00","guid":{"rendered":"https:\/\/blooming.dev05.fr\/?post_type=product&#038;p=5518"},"modified":"2023-11-13T17:29:36","modified_gmt":"2023-11-13T16:29:36","slug":"outil-de-reconnaissance-visant-a-ritualiser-le-remerciement","status":"publish","type":"product","link":"https:\/\/blooming-heroes.com\/en\/produit\/outil-de-reconnaissance-visant-a-ritualiser-le-remerciement\/","title":{"rendered":"Outil de reconnaissance visant \u00e0\u2009ritualiser le remerciement"},"content":{"rendered":"<p>Une fois par semaine, les collaborateurs sont invit\u00e9s \u00e0 transmettre un Like \u00e0 leurs coll\u00e8gues pour les remercier d\u2019une action. Accompagn\u00e9 d\u2019un petit mot ou d\u2019un GIF, le Like est limit\u00e9 \u00e0 1 par semaine, ce qui renforce sa valeur aux yeux des collaborateurs et des \u00e9quipes.<\/p>\n","protected":false},"excerpt":{"rendered":"<p>Une fois par semaine, les collaborateurs sont invit\u00e9s \u00e0 transmettre un Like \u00e0 leurs coll\u00e8gues pour les remercier d\u2019une action. Accompagn\u00e9 d\u2019un petit mot ou d\u2019un GIF, le Like est limit\u00e9 \u00e0 1 par semaine, ce qui renforce sa valeur aux yeux des collaborateurs et des \u00e9quipes.<\/p>\n","protected":false},"featured_media":6819,"comment_status":"open","ping_status":"closed","template":"","meta":{"inline_featured_image":false,"_glsr_average":0,"_glsr_ranking":0,"_glsr_reviews":0},"product_brand":[],"product_cat":[107,83],"product_tag":[57],"class_list":{"0":"post-5518","1":"product","2":"type-product","3":"status-publish","4":"has-post-thumbnail","6":"product_cat-culture-du-feedback","7":"product_cat-engagement-collaborateurs","8":"product_tag-plateformes-digitales-applications-mobile","10":"first","11":"instock","12":"shipping-taxable","13":"product-type-simple"},"yoast_head":"<!-- This site is optimized with the Yoast SEO plugin v27.4 - https:\/\/yoast.com\/product\/yoast-seo-wordpress\/ -->\n<title>Outil de reconnaissance visant \u00e0\u2009ritualiser le remerciement<\/title>\n<meta name=\"description\" content=\"Une fois par semaine, les collaborateurs sont invit\u00e9s \u00e0 transmettre un Like \u00e0 leurs coll\u00e8gues pour les remercier d\u2019une action. Accompagn\u00e9 d\u2019un petit mot...\" \/>\n<meta name=\"robots\" content=\"index, follow, max-snippet:-1, max-image-preview:large, max-video-preview:-1\" \/>\n<link rel=\"canonical\" href=\"https:\/\/blooming-heroes.com\/produit\/outil-de-reconnaissance-visant-a-ritualiser-le-remerciement\/\" \/>\n<meta property=\"og:locale\" content=\"en_US\" \/>\n<meta property=\"og:type\" content=\"article\" \/>\n<meta property=\"og:title\" content=\"Outil de reconnaissance visant \u00e0\u2009ritualiser le remerciement\" \/>\n<meta property=\"og:description\" content=\"Une fois par semaine, les collaborateurs sont invit\u00e9s \u00e0 transmettre un Like \u00e0 leurs coll\u00e8gues pour les remercier d\u2019une action. Accompagn\u00e9 d\u2019un petit mot...\" \/>\n<meta property=\"og:url\" content=\"https:\/\/blooming-heroes.com\/produit\/outil-de-reconnaissance-visant-a-ritualiser-le-remerciement\/\" \/>\n<meta property=\"og:site_name\" content=\"Blooming Heroes\" \/>\n<meta property=\"article:modified_time\" content=\"2023-11-13T16:29:36+00:00\" \/>\n<meta property=\"og:image\" content=\"https:\/\/blooming-heroes.com\/wp-content\/uploads\/2023\/08\/mesure-engagement-min.jpeg\" \/>\n\t<meta property=\"og:image:width\" content=\"1024\" \/>\n\t<meta property=\"og:image:height\" content=\"683\" \/>\n\t<meta property=\"og:image:type\" content=\"image\/jpeg\" \/>\n<meta name=\"twitter:card\" content=\"summary_large_image\" \/>\n<meta name=\"twitter:label1\" content=\"Est. reading time\" \/>\n\t<meta name=\"twitter:data1\" content=\"1 minute\" \/>\n<script type=\"application\/ld+json\" class=\"yoast-schema-graph\">{\"@context\":\"https:\\\/\\\/schema.org\",\"@graph\":[{\"@type\":\"WebPage\",\"@id\":\"https:\\\/\\\/blooming-heroes.com\\\/produit\\\/outil-de-reconnaissance-visant-a-ritualiser-le-remerciement\\\/\",\"url\":\"https:\\\/\\\/blooming-heroes.com\\\/produit\\\/outil-de-reconnaissance-visant-a-ritualiser-le-remerciement\\\/\",\"name\":\"Outil de reconnaissance visant \u00e0\u2009ritualiser le remerciement\",\"isPartOf\":{\"@id\":\"https:\\\/\\\/blooming-heroes.com\\\/#website\"},\"primaryImageOfPage\":{\"@id\":\"https:\\\/\\\/blooming-heroes.com\\\/produit\\\/outil-de-reconnaissance-visant-a-ritualiser-le-remerciement\\\/#primaryimage\"},\"image\":{\"@id\":\"https:\\\/\\\/blooming-heroes.com\\\/produit\\\/outil-de-reconnaissance-visant-a-ritualiser-le-remerciement\\\/#primaryimage\"},\"thumbnailUrl\":\"https:\\\/\\\/blooming-heroes.com\\\/wp-content\\\/uploads\\\/2023\\\/08\\\/mesure-engagement-min.jpeg\",\"datePublished\":\"2023-08-12T09:19:00+00:00\",\"dateModified\":\"2023-11-13T16:29:36+00:00\",\"description\":\"Une fois par semaine, les collaborateurs sont invit\u00e9s \u00e0 transmettre un Like \u00e0 leurs coll\u00e8gues pour les remercier d\u2019une action. Accompagn\u00e9 d\u2019un petit mot...\",\"breadcrumb\":{\"@id\":\"https:\\\/\\\/blooming-heroes.com\\\/produit\\\/outil-de-reconnaissance-visant-a-ritualiser-le-remerciement\\\/#breadcrumb\"},\"inLanguage\":\"en-US\",\"potentialAction\":[{\"@type\":\"ReadAction\",\"target\":[\"https:\\\/\\\/blooming-heroes.com\\\/produit\\\/outil-de-reconnaissance-visant-a-ritualiser-le-remerciement\\\/\"]}]},{\"@type\":\"ImageObject\",\"inLanguage\":\"en-US\",\"@id\":\"https:\\\/\\\/blooming-heroes.com\\\/produit\\\/outil-de-reconnaissance-visant-a-ritualiser-le-remerciement\\\/#primaryimage\",\"url\":\"https:\\\/\\\/blooming-heroes.com\\\/wp-content\\\/uploads\\\/2023\\\/08\\\/mesure-engagement-min.jpeg\",\"contentUrl\":\"https:\\\/\\\/blooming-heroes.com\\\/wp-content\\\/uploads\\\/2023\\\/08\\\/mesure-engagement-min.jpeg\",\"width\":1024,\"height\":683},{\"@type\":\"BreadcrumbList\",\"@id\":\"https:\\\/\\\/blooming-heroes.com\\\/produit\\\/outil-de-reconnaissance-visant-a-ritualiser-le-remerciement\\\/#breadcrumb\",\"itemListElement\":[{\"@type\":\"ListItem\",\"position\":1,\"name\":\"Accueil\",\"item\":\"https:\\\/\\\/blooming-heroes.com\\\/en\\\/\"},{\"@type\":\"ListItem\",\"position\":2,\"name\":\"Produits\",\"item\":\"https:\\\/\\\/blooming-heroes.com\\\/shop\\\/\"},{\"@type\":\"ListItem\",\"position\":3,\"name\":\"Outil de reconnaissance visant \u00e0\u2009ritualiser le remerciement\"}]},{\"@type\":\"WebSite\",\"@id\":\"https:\\\/\\\/blooming-heroes.com\\\/#website\",\"url\":\"https:\\\/\\\/blooming-heroes.com\\\/\",\"name\":\"Blooming Heroes\",\"description\":\"Les h\u00e9ros du bien-vivre au travail\",\"publisher\":{\"@id\":\"https:\\\/\\\/blooming-heroes.com\\\/#organization\"},\"potentialAction\":[{\"@type\":\"SearchAction\",\"target\":{\"@type\":\"EntryPoint\",\"urlTemplate\":\"https:\\\/\\\/blooming-heroes.com\\\/?s={search_term_string}\"},\"query-input\":{\"@type\":\"PropertyValueSpecification\",\"valueRequired\":true,\"valueName\":\"search_term_string\"}}],\"inLanguage\":\"en-US\"},{\"@type\":\"Organization\",\"@id\":\"https:\\\/\\\/blooming-heroes.com\\\/#organization\",\"name\":\"Blooming Heroes\",\"url\":\"https:\\\/\\\/blooming-heroes.com\\\/\",\"logo\":{\"@type\":\"ImageObject\",\"inLanguage\":\"en-US\",\"@id\":\"https:\\\/\\\/blooming-heroes.com\\\/#\\\/schema\\\/logo\\\/image\\\/\",\"url\":\"https:\\\/\\\/blooming-heroes.com\\\/wp-content\\\/uploads\\\/2022\\\/01\\\/cropped-Fichier-19.png\",\"contentUrl\":\"https:\\\/\\\/blooming-heroes.com\\\/wp-content\\\/uploads\\\/2022\\\/01\\\/cropped-Fichier-19.png\",\"width\":512,\"height\":512,\"caption\":\"Blooming Heroes\"},\"image\":{\"@id\":\"https:\\\/\\\/blooming-heroes.com\\\/#\\\/schema\\\/logo\\\/image\\\/\"}}]}<\/script>\n<!-- \/ Yoast SEO plugin. -->","yoast_head_json":{"title":"Outil de reconnaissance visant \u00e0\u2009ritualiser le remerciement","description":"Une fois par semaine, les collaborateurs sont invit\u00e9s \u00e0 transmettre un Like \u00e0 leurs coll\u00e8gues pour les remercier d\u2019une action. Accompagn\u00e9 d\u2019un petit mot...","robots":{"index":"index","follow":"follow","max-snippet":"max-snippet:-1","max-image-preview":"max-image-preview:large","max-video-preview":"max-video-preview:-1"},"canonical":"https:\/\/blooming-heroes.com\/produit\/outil-de-reconnaissance-visant-a-ritualiser-le-remerciement\/","og_locale":"en_US","og_type":"article","og_title":"Outil de reconnaissance visant \u00e0\u2009ritualiser le remerciement","og_description":"Une fois par semaine, les collaborateurs sont invit\u00e9s \u00e0 transmettre un Like \u00e0 leurs coll\u00e8gues pour les remercier d\u2019une action. Accompagn\u00e9 d\u2019un petit mot...","og_url":"https:\/\/blooming-heroes.com\/produit\/outil-de-reconnaissance-visant-a-ritualiser-le-remerciement\/","og_site_name":"Blooming Heroes","article_modified_time":"2023-11-13T16:29:36+00:00","og_image":[{"width":1024,"height":683,"url":"https:\/\/blooming-heroes.com\/wp-content\/uploads\/2023\/08\/mesure-engagement-min.jpeg","type":"image\/jpeg"}],"twitter_card":"summary_large_image","twitter_misc":{"Est. reading time":"1 minute"},"schema":{"@context":"https:\/\/schema.org","@graph":[{"@type":"WebPage","@id":"https:\/\/blooming-heroes.com\/produit\/outil-de-reconnaissance-visant-a-ritualiser-le-remerciement\/","url":"https:\/\/blooming-heroes.com\/produit\/outil-de-reconnaissance-visant-a-ritualiser-le-remerciement\/","name":"Outil de reconnaissance visant \u00e0\u2009ritualiser le remerciement","isPartOf":{"@id":"https:\/\/blooming-heroes.com\/#website"},"primaryImageOfPage":{"@id":"https:\/\/blooming-heroes.com\/produit\/outil-de-reconnaissance-visant-a-ritualiser-le-remerciement\/#primaryimage"},"image":{"@id":"https:\/\/blooming-heroes.com\/produit\/outil-de-reconnaissance-visant-a-ritualiser-le-remerciement\/#primaryimage"},"thumbnailUrl":"https:\/\/blooming-heroes.com\/wp-content\/uploads\/2023\/08\/mesure-engagement-min.jpeg","datePublished":"2023-08-12T09:19:00+00:00","dateModified":"2023-11-13T16:29:36+00:00","description":"Une fois par semaine, les collaborateurs sont invit\u00e9s \u00e0 transmettre un Like \u00e0 leurs coll\u00e8gues pour les remercier d\u2019une action. Accompagn\u00e9 d\u2019un petit mot...","breadcrumb":{"@id":"https:\/\/blooming-heroes.com\/produit\/outil-de-reconnaissance-visant-a-ritualiser-le-remerciement\/#breadcrumb"},"inLanguage":"en-US","potentialAction":[{"@type":"ReadAction","target":["https:\/\/blooming-heroes.com\/produit\/outil-de-reconnaissance-visant-a-ritualiser-le-remerciement\/"]}]},{"@type":"ImageObject","inLanguage":"en-US","@id":"https:\/\/blooming-heroes.com\/produit\/outil-de-reconnaissance-visant-a-ritualiser-le-remerciement\/#primaryimage","url":"https:\/\/blooming-heroes.com\/wp-content\/uploads\/2023\/08\/mesure-engagement-min.jpeg","contentUrl":"https:\/\/blooming-heroes.com\/wp-content\/uploads\/2023\/08\/mesure-engagement-min.jpeg","width":1024,"height":683},{"@type":"BreadcrumbList","@id":"https:\/\/blooming-heroes.com\/produit\/outil-de-reconnaissance-visant-a-ritualiser-le-remerciement\/#breadcrumb","itemListElement":[{"@type":"ListItem","position":1,"name":"Accueil","item":"https:\/\/blooming-heroes.com\/en\/"},{"@type":"ListItem","position":2,"name":"Produits","item":"https:\/\/blooming-heroes.com\/shop\/"},{"@type":"ListItem","position":3,"name":"Outil de reconnaissance visant \u00e0\u2009ritualiser le remerciement"}]},{"@type":"WebSite","@id":"https:\/\/blooming-heroes.com\/#website","url":"https:\/\/blooming-heroes.com\/","name":"Blooming Heroes","description":"Les h\u00e9ros du bien-vivre au travail","publisher":{"@id":"https:\/\/blooming-heroes.com\/#organization"},"potentialAction":[{"@type":"SearchAction","target":{"@type":"EntryPoint","urlTemplate":"https:\/\/blooming-heroes.com\/?s={search_term_string}"},"query-input":{"@type":"PropertyValueSpecification","valueRequired":true,"valueName":"search_term_string"}}],"inLanguage":"en-US"},{"@type":"Organization","@id":"https:\/\/blooming-heroes.com\/#organization","name":"Blooming Heroes","url":"https:\/\/blooming-heroes.com\/","logo":{"@type":"ImageObject","inLanguage":"en-US","@id":"https:\/\/blooming-heroes.com\/#\/schema\/logo\/image\/","url":"https:\/\/blooming-heroes.com\/wp-content\/uploads\/2022\/01\/cropped-Fichier-19.png","contentUrl":"https:\/\/blooming-heroes.com\/wp-content\/uploads\/2022\/01\/cropped-Fichier-19.png","width":512,"height":512,"caption":"Blooming Heroes"},"image":{"@id":"https:\/\/blooming-heroes.com\/#\/schema\/logo\/image\/"}}]}},"_links":{"self":[{"href":"https:\/\/blooming-heroes.com\/en\/wp-json\/wp\/v2\/product\/5518","targetHints":{"allow":["GET"]}}],"collection":[{"href":"https:\/\/blooming-heroes.com\/en\/wp-json\/wp\/v2\/product"}],"about":[{"href":"https:\/\/blooming-heroes.com\/en\/wp-json\/wp\/v2\/types\/product"}],"replies":[{"embeddable":true,"href":"https:\/\/blooming-heroes.com\/en\/wp-json\/wp\/v2\/comments?post=5518"}],"wp:featuredmedia":[{"embeddable":true,"href":"https:\/\/blooming-heroes.com\/en\/wp-json\/wp\/v2\/media\/6819"}],"wp:attachment":[{"href":"https:\/\/blooming-heroes.com\/en\/wp-json\/wp\/v2\/media?parent=5518"}],"wp:term":[{"taxonomy":"product_brand","embeddable":true,"href":"https:\/\/blooming-heroes.com\/en\/wp-json\/wp\/v2\/product_brand?post=5518"},{"taxonomy":"product_cat","embeddable":true,"href":"https:\/\/blooming-heroes.com\/en\/wp-json\/wp\/v2\/product_cat?post=5518"},{"taxonomy":"product_tag","embeddable":true,"href":"https:\/\/blooming-heroes.com\/en\/wp-json\/wp\/v2\/product_tag?post=5518"}],"curies":[{"name":"wp","href":"https:\/\/api.w.org\/{rel}","templated":true}]}}