
{"id":5522,"date":"2023-08-12T11:31:47","date_gmt":"2023-08-12T09:31:47","guid":{"rendered":"https:\/\/blooming.dev05.fr\/?post_type=product&#038;p=5522"},"modified":"2023-11-13T17:28:31","modified_gmt":"2023-11-13T16:28:31","slug":"enquetes-collaborateurs-pour-prendre-le-pouls-de-vos-equipes","status":"publish","type":"product","link":"https:\/\/blooming-heroes.com\/en\/produit\/enquetes-collaborateurs-pour-prendre-le-pouls-de-vos-equipes\/","title":{"rendered":"Enqu\u00eates collaborateurs pour prendre le pouls de vos \u00e9quipes"},"content":{"rendered":"<p>Intuitif, automatique et 100% personnalisable, les enqu\u00eates collaborateurs vous permettent d&#8217;am\u00e9liorer l\u2019exp\u00e9rience salari\u00e9, l\u2019efficacit\u00e9 des \u00e9quipes et de prendre les bonnes d\u00e9cisions RH. \u00c0 partir des questionnaires, obtenez en temps r\u00e9el une restitution anonimis\u00e9e, simple et compl\u00e8te des r\u00e9sultats pour mieux comprendre les ressentis des \u00e9quipes, activer les bons leviers, et mettre en place des plan d&#8217;actions concrets et cibl\u00e9s.<\/p>\n","protected":false},"excerpt":{"rendered":"<p>Intuitif, automatique et 100% personnalisable, les enqu\u00eates collaborateurs vous permettent d&#8217;am\u00e9liorer l\u2019exp\u00e9rience salari\u00e9, l\u2019efficacit\u00e9 des \u00e9quipes et de prendre les bonnes d\u00e9cisions RH. \u00c0 partir des questionnaires, obtenez en temps r\u00e9el une restitution anonimis\u00e9e, simple et compl\u00e8te des r\u00e9sultats pour mieux comprendre les ressentis des \u00e9quipes, activer les bons leviers, et mettre en place des [&hellip;]<\/p>\n","protected":false},"featured_media":6805,"comment_status":"open","ping_status":"closed","template":"","meta":{"inline_featured_image":false,"_glsr_average":0,"_glsr_ranking":0,"_glsr_reviews":0},"product_brand":[],"product_cat":[107,83,106,80,75],"product_tag":[128,57],"class_list":{"0":"post-5522","1":"product","2":"type-product","3":"status-publish","4":"has-post-thumbnail","6":"product_cat-culture-du-feedback","7":"product_cat-engagement-collaborateurs","8":"product_cat-intelligence-collective","9":"product_cat-qvt-qvct","10":"product_cat-sante-mentale-stress-rps","11":"product_tag-audit","12":"product_tag-plateformes-digitales-applications-mobile","14":"first","15":"instock","16":"shipping-taxable","17":"product-type-simple"},"yoast_head":"<!-- This site is optimized with the Yoast SEO plugin v27.4 - https:\/\/yoast.com\/product\/yoast-seo-wordpress\/ -->\n<title>Enqu\u00eates collaborateurs pour prendre le pouls de vos \u00e9quipes<\/title>\n<meta name=\"description\" content=\"Intuitif, automatique et 100% personnalisable, les enqu\u00eates collaborateurs vous permettent d&#039;am\u00e9liorer l\u2019exp\u00e9rience salari\u00e9, l\u2019efficacit\u00e9 des \u00e9quipes et...\" \/>\n<meta name=\"robots\" content=\"index, follow, max-snippet:-1, max-image-preview:large, max-video-preview:-1\" \/>\n<link rel=\"canonical\" href=\"https:\/\/blooming-heroes.com\/produit\/enquetes-collaborateurs-pour-prendre-le-pouls-de-vos-equipes\/\" \/>\n<meta property=\"og:locale\" content=\"en_US\" \/>\n<meta property=\"og:type\" content=\"article\" \/>\n<meta property=\"og:title\" content=\"Enqu\u00eates collaborateurs pour prendre le pouls de vos \u00e9quipes\" \/>\n<meta property=\"og:description\" content=\"Intuitif, automatique et 100% personnalisable, les enqu\u00eates collaborateurs vous permettent d&#039;am\u00e9liorer l\u2019exp\u00e9rience salari\u00e9, l\u2019efficacit\u00e9 des \u00e9quipes et...\" \/>\n<meta property=\"og:url\" content=\"https:\/\/blooming-heroes.com\/produit\/enquetes-collaborateurs-pour-prendre-le-pouls-de-vos-equipes\/\" \/>\n<meta property=\"og:site_name\" content=\"Blooming Heroes\" \/>\n<meta property=\"article:modified_time\" content=\"2023-11-13T16:28:31+00:00\" \/>\n<meta property=\"og:image\" content=\"https:\/\/blooming-heroes.com\/wp-content\/uploads\/2023\/08\/enquete-climat-social-_-marque-employeur-min.jpeg\" \/>\n\t<meta property=\"og:image:width\" content=\"1024\" \/>\n\t<meta property=\"og:image:height\" content=\"683\" \/>\n\t<meta property=\"og:image:type\" content=\"image\/jpeg\" \/>\n<meta name=\"twitter:card\" content=\"summary_large_image\" \/>\n<meta name=\"twitter:label1\" content=\"Est. reading time\" \/>\n\t<meta name=\"twitter:data1\" content=\"1 minute\" \/>\n<script type=\"application\/ld+json\" class=\"yoast-schema-graph\">{\"@context\":\"https:\\\/\\\/schema.org\",\"@graph\":[{\"@type\":\"WebPage\",\"@id\":\"https:\\\/\\\/blooming-heroes.com\\\/produit\\\/enquetes-collaborateurs-pour-prendre-le-pouls-de-vos-equipes\\\/\",\"url\":\"https:\\\/\\\/blooming-heroes.com\\\/produit\\\/enquetes-collaborateurs-pour-prendre-le-pouls-de-vos-equipes\\\/\",\"name\":\"Enqu\u00eates collaborateurs pour prendre le pouls de vos \u00e9quipes\",\"isPartOf\":{\"@id\":\"https:\\\/\\\/blooming-heroes.com\\\/#website\"},\"primaryImageOfPage\":{\"@id\":\"https:\\\/\\\/blooming-heroes.com\\\/produit\\\/enquetes-collaborateurs-pour-prendre-le-pouls-de-vos-equipes\\\/#primaryimage\"},\"image\":{\"@id\":\"https:\\\/\\\/blooming-heroes.com\\\/produit\\\/enquetes-collaborateurs-pour-prendre-le-pouls-de-vos-equipes\\\/#primaryimage\"},\"thumbnailUrl\":\"https:\\\/\\\/blooming-heroes.com\\\/wp-content\\\/uploads\\\/2023\\\/08\\\/enquete-climat-social-_-marque-employeur-min.jpeg\",\"datePublished\":\"2023-08-12T09:31:47+00:00\",\"dateModified\":\"2023-11-13T16:28:31+00:00\",\"description\":\"Intuitif, automatique et 100% personnalisable, les enqu\u00eates collaborateurs vous permettent d'am\u00e9liorer l\u2019exp\u00e9rience salari\u00e9, l\u2019efficacit\u00e9 des \u00e9quipes et...\",\"breadcrumb\":{\"@id\":\"https:\\\/\\\/blooming-heroes.com\\\/produit\\\/enquetes-collaborateurs-pour-prendre-le-pouls-de-vos-equipes\\\/#breadcrumb\"},\"inLanguage\":\"en-US\",\"potentialAction\":[{\"@type\":\"ReadAction\",\"target\":[\"https:\\\/\\\/blooming-heroes.com\\\/produit\\\/enquetes-collaborateurs-pour-prendre-le-pouls-de-vos-equipes\\\/\"]}]},{\"@type\":\"ImageObject\",\"inLanguage\":\"en-US\",\"@id\":\"https:\\\/\\\/blooming-heroes.com\\\/produit\\\/enquetes-collaborateurs-pour-prendre-le-pouls-de-vos-equipes\\\/#primaryimage\",\"url\":\"https:\\\/\\\/blooming-heroes.com\\\/wp-content\\\/uploads\\\/2023\\\/08\\\/enquete-climat-social-_-marque-employeur-min.jpeg\",\"contentUrl\":\"https:\\\/\\\/blooming-heroes.com\\\/wp-content\\\/uploads\\\/2023\\\/08\\\/enquete-climat-social-_-marque-employeur-min.jpeg\",\"width\":1024,\"height\":683},{\"@type\":\"BreadcrumbList\",\"@id\":\"https:\\\/\\\/blooming-heroes.com\\\/produit\\\/enquetes-collaborateurs-pour-prendre-le-pouls-de-vos-equipes\\\/#breadcrumb\",\"itemListElement\":[{\"@type\":\"ListItem\",\"position\":1,\"name\":\"Accueil\",\"item\":\"https:\\\/\\\/blooming-heroes.com\\\/en\\\/\"},{\"@type\":\"ListItem\",\"position\":2,\"name\":\"Produits\",\"item\":\"https:\\\/\\\/blooming-heroes.com\\\/shop\\\/\"},{\"@type\":\"ListItem\",\"position\":3,\"name\":\"Enqu\u00eates collaborateurs pour prendre le pouls de vos \u00e9quipes\"}]},{\"@type\":\"WebSite\",\"@id\":\"https:\\\/\\\/blooming-heroes.com\\\/#website\",\"url\":\"https:\\\/\\\/blooming-heroes.com\\\/\",\"name\":\"Blooming Heroes\",\"description\":\"Les h\u00e9ros du bien-vivre au travail\",\"publisher\":{\"@id\":\"https:\\\/\\\/blooming-heroes.com\\\/#organization\"},\"potentialAction\":[{\"@type\":\"SearchAction\",\"target\":{\"@type\":\"EntryPoint\",\"urlTemplate\":\"https:\\\/\\\/blooming-heroes.com\\\/?s={search_term_string}\"},\"query-input\":{\"@type\":\"PropertyValueSpecification\",\"valueRequired\":true,\"valueName\":\"search_term_string\"}}],\"inLanguage\":\"en-US\"},{\"@type\":\"Organization\",\"@id\":\"https:\\\/\\\/blooming-heroes.com\\\/#organization\",\"name\":\"Blooming Heroes\",\"url\":\"https:\\\/\\\/blooming-heroes.com\\\/\",\"logo\":{\"@type\":\"ImageObject\",\"inLanguage\":\"en-US\",\"@id\":\"https:\\\/\\\/blooming-heroes.com\\\/#\\\/schema\\\/logo\\\/image\\\/\",\"url\":\"https:\\\/\\\/blooming-heroes.com\\\/wp-content\\\/uploads\\\/2022\\\/01\\\/cropped-Fichier-19.png\",\"contentUrl\":\"https:\\\/\\\/blooming-heroes.com\\\/wp-content\\\/uploads\\\/2022\\\/01\\\/cropped-Fichier-19.png\",\"width\":512,\"height\":512,\"caption\":\"Blooming Heroes\"},\"image\":{\"@id\":\"https:\\\/\\\/blooming-heroes.com\\\/#\\\/schema\\\/logo\\\/image\\\/\"}}]}<\/script>\n<!-- \/ Yoast SEO plugin. -->","yoast_head_json":{"title":"Enqu\u00eates collaborateurs pour prendre le pouls de vos \u00e9quipes","description":"Intuitif, automatique et 100% personnalisable, les enqu\u00eates collaborateurs vous permettent d'am\u00e9liorer l\u2019exp\u00e9rience salari\u00e9, l\u2019efficacit\u00e9 des \u00e9quipes et...","robots":{"index":"index","follow":"follow","max-snippet":"max-snippet:-1","max-image-preview":"max-image-preview:large","max-video-preview":"max-video-preview:-1"},"canonical":"https:\/\/blooming-heroes.com\/produit\/enquetes-collaborateurs-pour-prendre-le-pouls-de-vos-equipes\/","og_locale":"en_US","og_type":"article","og_title":"Enqu\u00eates collaborateurs pour prendre le pouls de vos \u00e9quipes","og_description":"Intuitif, automatique et 100% personnalisable, les enqu\u00eates collaborateurs vous permettent d'am\u00e9liorer l\u2019exp\u00e9rience salari\u00e9, l\u2019efficacit\u00e9 des \u00e9quipes et...","og_url":"https:\/\/blooming-heroes.com\/produit\/enquetes-collaborateurs-pour-prendre-le-pouls-de-vos-equipes\/","og_site_name":"Blooming Heroes","article_modified_time":"2023-11-13T16:28:31+00:00","og_image":[{"width":1024,"height":683,"url":"https:\/\/blooming-heroes.com\/wp-content\/uploads\/2023\/08\/enquete-climat-social-_-marque-employeur-min.jpeg","type":"image\/jpeg"}],"twitter_card":"summary_large_image","twitter_misc":{"Est. reading time":"1 minute"},"schema":{"@context":"https:\/\/schema.org","@graph":[{"@type":"WebPage","@id":"https:\/\/blooming-heroes.com\/produit\/enquetes-collaborateurs-pour-prendre-le-pouls-de-vos-equipes\/","url":"https:\/\/blooming-heroes.com\/produit\/enquetes-collaborateurs-pour-prendre-le-pouls-de-vos-equipes\/","name":"Enqu\u00eates collaborateurs pour prendre le pouls de vos \u00e9quipes","isPartOf":{"@id":"https:\/\/blooming-heroes.com\/#website"},"primaryImageOfPage":{"@id":"https:\/\/blooming-heroes.com\/produit\/enquetes-collaborateurs-pour-prendre-le-pouls-de-vos-equipes\/#primaryimage"},"image":{"@id":"https:\/\/blooming-heroes.com\/produit\/enquetes-collaborateurs-pour-prendre-le-pouls-de-vos-equipes\/#primaryimage"},"thumbnailUrl":"https:\/\/blooming-heroes.com\/wp-content\/uploads\/2023\/08\/enquete-climat-social-_-marque-employeur-min.jpeg","datePublished":"2023-08-12T09:31:47+00:00","dateModified":"2023-11-13T16:28:31+00:00","description":"Intuitif, automatique et 100% personnalisable, les enqu\u00eates collaborateurs vous permettent d'am\u00e9liorer l\u2019exp\u00e9rience salari\u00e9, l\u2019efficacit\u00e9 des \u00e9quipes et...","breadcrumb":{"@id":"https:\/\/blooming-heroes.com\/produit\/enquetes-collaborateurs-pour-prendre-le-pouls-de-vos-equipes\/#breadcrumb"},"inLanguage":"en-US","potentialAction":[{"@type":"ReadAction","target":["https:\/\/blooming-heroes.com\/produit\/enquetes-collaborateurs-pour-prendre-le-pouls-de-vos-equipes\/"]}]},{"@type":"ImageObject","inLanguage":"en-US","@id":"https:\/\/blooming-heroes.com\/produit\/enquetes-collaborateurs-pour-prendre-le-pouls-de-vos-equipes\/#primaryimage","url":"https:\/\/blooming-heroes.com\/wp-content\/uploads\/2023\/08\/enquete-climat-social-_-marque-employeur-min.jpeg","contentUrl":"https:\/\/blooming-heroes.com\/wp-content\/uploads\/2023\/08\/enquete-climat-social-_-marque-employeur-min.jpeg","width":1024,"height":683},{"@type":"BreadcrumbList","@id":"https:\/\/blooming-heroes.com\/produit\/enquetes-collaborateurs-pour-prendre-le-pouls-de-vos-equipes\/#breadcrumb","itemListElement":[{"@type":"ListItem","position":1,"name":"Accueil","item":"https:\/\/blooming-heroes.com\/en\/"},{"@type":"ListItem","position":2,"name":"Produits","item":"https:\/\/blooming-heroes.com\/shop\/"},{"@type":"ListItem","position":3,"name":"Enqu\u00eates collaborateurs pour prendre le pouls de vos \u00e9quipes"}]},{"@type":"WebSite","@id":"https:\/\/blooming-heroes.com\/#website","url":"https:\/\/blooming-heroes.com\/","name":"Blooming Heroes","description":"Les h\u00e9ros du bien-vivre au travail","publisher":{"@id":"https:\/\/blooming-heroes.com\/#organization"},"potentialAction":[{"@type":"SearchAction","target":{"@type":"EntryPoint","urlTemplate":"https:\/\/blooming-heroes.com\/?s={search_term_string}"},"query-input":{"@type":"PropertyValueSpecification","valueRequired":true,"valueName":"search_term_string"}}],"inLanguage":"en-US"},{"@type":"Organization","@id":"https:\/\/blooming-heroes.com\/#organization","name":"Blooming Heroes","url":"https:\/\/blooming-heroes.com\/","logo":{"@type":"ImageObject","inLanguage":"en-US","@id":"https:\/\/blooming-heroes.com\/#\/schema\/logo\/image\/","url":"https:\/\/blooming-heroes.com\/wp-content\/uploads\/2022\/01\/cropped-Fichier-19.png","contentUrl":"https:\/\/blooming-heroes.com\/wp-content\/uploads\/2022\/01\/cropped-Fichier-19.png","width":512,"height":512,"caption":"Blooming Heroes"},"image":{"@id":"https:\/\/blooming-heroes.com\/#\/schema\/logo\/image\/"}}]}},"_links":{"self":[{"href":"https:\/\/blooming-heroes.com\/en\/wp-json\/wp\/v2\/product\/5522","targetHints":{"allow":["GET"]}}],"collection":[{"href":"https:\/\/blooming-heroes.com\/en\/wp-json\/wp\/v2\/product"}],"about":[{"href":"https:\/\/blooming-heroes.com\/en\/wp-json\/wp\/v2\/types\/product"}],"replies":[{"embeddable":true,"href":"https:\/\/blooming-heroes.com\/en\/wp-json\/wp\/v2\/comments?post=5522"}],"wp:featuredmedia":[{"embeddable":true,"href":"https:\/\/blooming-heroes.com\/en\/wp-json\/wp\/v2\/media\/6805"}],"wp:attachment":[{"href":"https:\/\/blooming-heroes.com\/en\/wp-json\/wp\/v2\/media?parent=5522"}],"wp:term":[{"taxonomy":"product_brand","embeddable":true,"href":"https:\/\/blooming-heroes.com\/en\/wp-json\/wp\/v2\/product_brand?post=5522"},{"taxonomy":"product_cat","embeddable":true,"href":"https:\/\/blooming-heroes.com\/en\/wp-json\/wp\/v2\/product_cat?post=5522"},{"taxonomy":"product_tag","embeddable":true,"href":"https:\/\/blooming-heroes.com\/en\/wp-json\/wp\/v2\/product_tag?post=5522"}],"curies":[{"name":"wp","href":"https:\/\/api.w.org\/{rel}","templated":true}]}}