
{"id":5528,"date":"2023-08-12T11:38:04","date_gmt":"2023-08-12T09:38:04","guid":{"rendered":"https:\/\/blooming.dev05.fr\/?post_type=product&#038;p=5528"},"modified":"2023-11-13T17:27:13","modified_gmt":"2023-11-13T16:27:13","slug":"sondage-sur-demande","status":"publish","type":"product","link":"https:\/\/blooming-heroes.com\/en\/produit\/sondage-sur-demande\/","title":{"rendered":"Sondage sur demande"},"content":{"rendered":"<p>Interrogez vos populations cibles sur un sujet pr\u00e9cis et \u00e0 un moment T. Les personnes solicit\u00e9es r\u00e9pondent depuis leur t\u00e9l\u00e9phone ou ordinateur et vous obtenez des retours en temps r\u00e9el, de mani\u00e8re simple et rapide. 15 th\u00e9matiques et plus de 100 questions disponibles, toutes personnalisables.<\/p>\n","protected":false},"excerpt":{"rendered":"<p>Interrogez vos populations cibles sur un sujet pr\u00e9cis et \u00e0 un moment T. Les personnes solicit\u00e9es r\u00e9pondent depuis leur t\u00e9l\u00e9phone ou ordinateur et vous obtenez des retours en temps r\u00e9el, de mani\u00e8re simple et rapide. 15 th\u00e9matiques et plus de 100 questions disponibles, toutes personnalisables.<\/p>\n","protected":false},"featured_media":6827,"comment_status":"open","ping_status":"closed","template":"","meta":{"inline_featured_image":false,"_glsr_average":0,"_glsr_ranking":0,"_glsr_reviews":0},"product_brand":[],"product_cat":[82,107,83,106,80,75],"product_tag":[57,128],"class_list":{"0":"post-5528","1":"product","2":"type-product","3":"status-publish","4":"has-post-thumbnail","6":"product_cat-accompagnement-au-changement-et-transformation","7":"product_cat-culture-du-feedback","8":"product_cat-engagement-collaborateurs","9":"product_cat-intelligence-collective","10":"product_cat-qvt-qvct","11":"product_cat-sante-mentale-stress-rps","12":"product_tag-plateformes-digitales-applications-mobile","13":"product_tag-audit","15":"first","16":"instock","17":"shipping-taxable","18":"product-type-simple"},"yoast_head":"<!-- This site is optimized with the Yoast SEO plugin v27.4 - https:\/\/yoast.com\/product\/yoast-seo-wordpress\/ -->\n<title>Sondage sur demande - Blooming Heroes<\/title>\n<meta name=\"description\" content=\"Interrogez vos populations cibles sur un sujet pr\u00e9cis et \u00e0 un moment T. Les personnes sollicit\u00e9es r\u00e9pondent depuis leur t\u00e9l\u00e9phone ou ordinateur et vous...\" \/>\n<meta name=\"robots\" content=\"index, follow, max-snippet:-1, max-image-preview:large, max-video-preview:-1\" \/>\n<link rel=\"canonical\" href=\"https:\/\/blooming-heroes.com\/produit\/sondage-sur-demande\/\" \/>\n<meta property=\"og:locale\" content=\"en_US\" \/>\n<meta property=\"og:type\" content=\"article\" \/>\n<meta property=\"og:title\" content=\"Sondage sur demande - Blooming Heroes\" \/>\n<meta property=\"og:description\" content=\"Interrogez vos populations cibles sur un sujet pr\u00e9cis et \u00e0 un moment T. Les personnes sollicit\u00e9es r\u00e9pondent depuis leur t\u00e9l\u00e9phone ou ordinateur et vous...\" \/>\n<meta property=\"og:url\" content=\"https:\/\/blooming-heroes.com\/produit\/sondage-sur-demande\/\" \/>\n<meta property=\"og:site_name\" content=\"Blooming Heroes\" \/>\n<meta property=\"article:modified_time\" content=\"2023-11-13T16:27:13+00:00\" \/>\n<meta property=\"og:image\" content=\"https:\/\/blooming-heroes.com\/wp-content\/uploads\/2023\/08\/enquetes_questionnaires-min-2.jpeg\" \/>\n\t<meta property=\"og:image:width\" content=\"1024\" \/>\n\t<meta property=\"og:image:height\" content=\"576\" \/>\n\t<meta property=\"og:image:type\" content=\"image\/jpeg\" \/>\n<meta name=\"twitter:card\" content=\"summary_large_image\" \/>\n<meta name=\"twitter:label1\" content=\"Est. reading time\" \/>\n\t<meta name=\"twitter:data1\" content=\"1 minute\" \/>\n<script type=\"application\/ld+json\" class=\"yoast-schema-graph\">{\"@context\":\"https:\\\/\\\/schema.org\",\"@graph\":[{\"@type\":\"WebPage\",\"@id\":\"https:\\\/\\\/blooming-heroes.com\\\/produit\\\/sondage-sur-demande\\\/\",\"url\":\"https:\\\/\\\/blooming-heroes.com\\\/produit\\\/sondage-sur-demande\\\/\",\"name\":\"Sondage sur demande - Blooming Heroes\",\"isPartOf\":{\"@id\":\"https:\\\/\\\/blooming-heroes.com\\\/#website\"},\"primaryImageOfPage\":{\"@id\":\"https:\\\/\\\/blooming-heroes.com\\\/produit\\\/sondage-sur-demande\\\/#primaryimage\"},\"image\":{\"@id\":\"https:\\\/\\\/blooming-heroes.com\\\/produit\\\/sondage-sur-demande\\\/#primaryimage\"},\"thumbnailUrl\":\"https:\\\/\\\/blooming-heroes.com\\\/wp-content\\\/uploads\\\/2023\\\/08\\\/enquetes_questionnaires-min-2.jpeg\",\"datePublished\":\"2023-08-12T09:38:04+00:00\",\"dateModified\":\"2023-11-13T16:27:13+00:00\",\"description\":\"Interrogez vos populations cibles sur un sujet pr\u00e9cis et \u00e0 un moment T. Les personnes sollicit\u00e9es r\u00e9pondent depuis leur t\u00e9l\u00e9phone ou ordinateur et vous...\",\"breadcrumb\":{\"@id\":\"https:\\\/\\\/blooming-heroes.com\\\/produit\\\/sondage-sur-demande\\\/#breadcrumb\"},\"inLanguage\":\"en-US\",\"potentialAction\":[{\"@type\":\"ReadAction\",\"target\":[\"https:\\\/\\\/blooming-heroes.com\\\/produit\\\/sondage-sur-demande\\\/\"]}]},{\"@type\":\"ImageObject\",\"inLanguage\":\"en-US\",\"@id\":\"https:\\\/\\\/blooming-heroes.com\\\/produit\\\/sondage-sur-demande\\\/#primaryimage\",\"url\":\"https:\\\/\\\/blooming-heroes.com\\\/wp-content\\\/uploads\\\/2023\\\/08\\\/enquetes_questionnaires-min-2.jpeg\",\"contentUrl\":\"https:\\\/\\\/blooming-heroes.com\\\/wp-content\\\/uploads\\\/2023\\\/08\\\/enquetes_questionnaires-min-2.jpeg\",\"width\":1024,\"height\":576},{\"@type\":\"BreadcrumbList\",\"@id\":\"https:\\\/\\\/blooming-heroes.com\\\/produit\\\/sondage-sur-demande\\\/#breadcrumb\",\"itemListElement\":[{\"@type\":\"ListItem\",\"position\":1,\"name\":\"Accueil\",\"item\":\"https:\\\/\\\/blooming-heroes.com\\\/en\\\/\"},{\"@type\":\"ListItem\",\"position\":2,\"name\":\"Produits\",\"item\":\"https:\\\/\\\/blooming-heroes.com\\\/shop\\\/\"},{\"@type\":\"ListItem\",\"position\":3,\"name\":\"Sondage sur demande\"}]},{\"@type\":\"WebSite\",\"@id\":\"https:\\\/\\\/blooming-heroes.com\\\/#website\",\"url\":\"https:\\\/\\\/blooming-heroes.com\\\/\",\"name\":\"Blooming Heroes\",\"description\":\"Les h\u00e9ros du bien-vivre au travail\",\"publisher\":{\"@id\":\"https:\\\/\\\/blooming-heroes.com\\\/#organization\"},\"potentialAction\":[{\"@type\":\"SearchAction\",\"target\":{\"@type\":\"EntryPoint\",\"urlTemplate\":\"https:\\\/\\\/blooming-heroes.com\\\/?s={search_term_string}\"},\"query-input\":{\"@type\":\"PropertyValueSpecification\",\"valueRequired\":true,\"valueName\":\"search_term_string\"}}],\"inLanguage\":\"en-US\"},{\"@type\":\"Organization\",\"@id\":\"https:\\\/\\\/blooming-heroes.com\\\/#organization\",\"name\":\"Blooming Heroes\",\"url\":\"https:\\\/\\\/blooming-heroes.com\\\/\",\"logo\":{\"@type\":\"ImageObject\",\"inLanguage\":\"en-US\",\"@id\":\"https:\\\/\\\/blooming-heroes.com\\\/#\\\/schema\\\/logo\\\/image\\\/\",\"url\":\"https:\\\/\\\/blooming-heroes.com\\\/wp-content\\\/uploads\\\/2022\\\/01\\\/cropped-Fichier-19.png\",\"contentUrl\":\"https:\\\/\\\/blooming-heroes.com\\\/wp-content\\\/uploads\\\/2022\\\/01\\\/cropped-Fichier-19.png\",\"width\":512,\"height\":512,\"caption\":\"Blooming Heroes\"},\"image\":{\"@id\":\"https:\\\/\\\/blooming-heroes.com\\\/#\\\/schema\\\/logo\\\/image\\\/\"}}]}<\/script>\n<!-- \/ Yoast SEO plugin. -->","yoast_head_json":{"title":"Sondage sur demande - Blooming Heroes","description":"Interrogez vos populations cibles sur un sujet pr\u00e9cis et \u00e0 un moment T. Les personnes sollicit\u00e9es r\u00e9pondent depuis leur t\u00e9l\u00e9phone ou ordinateur et vous...","robots":{"index":"index","follow":"follow","max-snippet":"max-snippet:-1","max-image-preview":"max-image-preview:large","max-video-preview":"max-video-preview:-1"},"canonical":"https:\/\/blooming-heroes.com\/produit\/sondage-sur-demande\/","og_locale":"en_US","og_type":"article","og_title":"Sondage sur demande - Blooming Heroes","og_description":"Interrogez vos populations cibles sur un sujet pr\u00e9cis et \u00e0 un moment T. Les personnes sollicit\u00e9es r\u00e9pondent depuis leur t\u00e9l\u00e9phone ou ordinateur et vous...","og_url":"https:\/\/blooming-heroes.com\/produit\/sondage-sur-demande\/","og_site_name":"Blooming Heroes","article_modified_time":"2023-11-13T16:27:13+00:00","og_image":[{"width":1024,"height":576,"url":"https:\/\/blooming-heroes.com\/wp-content\/uploads\/2023\/08\/enquetes_questionnaires-min-2.jpeg","type":"image\/jpeg"}],"twitter_card":"summary_large_image","twitter_misc":{"Est. reading time":"1 minute"},"schema":{"@context":"https:\/\/schema.org","@graph":[{"@type":"WebPage","@id":"https:\/\/blooming-heroes.com\/produit\/sondage-sur-demande\/","url":"https:\/\/blooming-heroes.com\/produit\/sondage-sur-demande\/","name":"Sondage sur demande - Blooming Heroes","isPartOf":{"@id":"https:\/\/blooming-heroes.com\/#website"},"primaryImageOfPage":{"@id":"https:\/\/blooming-heroes.com\/produit\/sondage-sur-demande\/#primaryimage"},"image":{"@id":"https:\/\/blooming-heroes.com\/produit\/sondage-sur-demande\/#primaryimage"},"thumbnailUrl":"https:\/\/blooming-heroes.com\/wp-content\/uploads\/2023\/08\/enquetes_questionnaires-min-2.jpeg","datePublished":"2023-08-12T09:38:04+00:00","dateModified":"2023-11-13T16:27:13+00:00","description":"Interrogez vos populations cibles sur un sujet pr\u00e9cis et \u00e0 un moment T. Les personnes sollicit\u00e9es r\u00e9pondent depuis leur t\u00e9l\u00e9phone ou ordinateur et vous...","breadcrumb":{"@id":"https:\/\/blooming-heroes.com\/produit\/sondage-sur-demande\/#breadcrumb"},"inLanguage":"en-US","potentialAction":[{"@type":"ReadAction","target":["https:\/\/blooming-heroes.com\/produit\/sondage-sur-demande\/"]}]},{"@type":"ImageObject","inLanguage":"en-US","@id":"https:\/\/blooming-heroes.com\/produit\/sondage-sur-demande\/#primaryimage","url":"https:\/\/blooming-heroes.com\/wp-content\/uploads\/2023\/08\/enquetes_questionnaires-min-2.jpeg","contentUrl":"https:\/\/blooming-heroes.com\/wp-content\/uploads\/2023\/08\/enquetes_questionnaires-min-2.jpeg","width":1024,"height":576},{"@type":"BreadcrumbList","@id":"https:\/\/blooming-heroes.com\/produit\/sondage-sur-demande\/#breadcrumb","itemListElement":[{"@type":"ListItem","position":1,"name":"Accueil","item":"https:\/\/blooming-heroes.com\/en\/"},{"@type":"ListItem","position":2,"name":"Produits","item":"https:\/\/blooming-heroes.com\/shop\/"},{"@type":"ListItem","position":3,"name":"Sondage sur demande"}]},{"@type":"WebSite","@id":"https:\/\/blooming-heroes.com\/#website","url":"https:\/\/blooming-heroes.com\/","name":"Blooming Heroes","description":"Les h\u00e9ros du bien-vivre au travail","publisher":{"@id":"https:\/\/blooming-heroes.com\/#organization"},"potentialAction":[{"@type":"SearchAction","target":{"@type":"EntryPoint","urlTemplate":"https:\/\/blooming-heroes.com\/?s={search_term_string}"},"query-input":{"@type":"PropertyValueSpecification","valueRequired":true,"valueName":"search_term_string"}}],"inLanguage":"en-US"},{"@type":"Organization","@id":"https:\/\/blooming-heroes.com\/#organization","name":"Blooming Heroes","url":"https:\/\/blooming-heroes.com\/","logo":{"@type":"ImageObject","inLanguage":"en-US","@id":"https:\/\/blooming-heroes.com\/#\/schema\/logo\/image\/","url":"https:\/\/blooming-heroes.com\/wp-content\/uploads\/2022\/01\/cropped-Fichier-19.png","contentUrl":"https:\/\/blooming-heroes.com\/wp-content\/uploads\/2022\/01\/cropped-Fichier-19.png","width":512,"height":512,"caption":"Blooming Heroes"},"image":{"@id":"https:\/\/blooming-heroes.com\/#\/schema\/logo\/image\/"}}]}},"_links":{"self":[{"href":"https:\/\/blooming-heroes.com\/en\/wp-json\/wp\/v2\/product\/5528","targetHints":{"allow":["GET"]}}],"collection":[{"href":"https:\/\/blooming-heroes.com\/en\/wp-json\/wp\/v2\/product"}],"about":[{"href":"https:\/\/blooming-heroes.com\/en\/wp-json\/wp\/v2\/types\/product"}],"replies":[{"embeddable":true,"href":"https:\/\/blooming-heroes.com\/en\/wp-json\/wp\/v2\/comments?post=5528"}],"wp:featuredmedia":[{"embeddable":true,"href":"https:\/\/blooming-heroes.com\/en\/wp-json\/wp\/v2\/media\/6827"}],"wp:attachment":[{"href":"https:\/\/blooming-heroes.com\/en\/wp-json\/wp\/v2\/media?parent=5528"}],"wp:term":[{"taxonomy":"product_brand","embeddable":true,"href":"https:\/\/blooming-heroes.com\/en\/wp-json\/wp\/v2\/product_brand?post=5528"},{"taxonomy":"product_cat","embeddable":true,"href":"https:\/\/blooming-heroes.com\/en\/wp-json\/wp\/v2\/product_cat?post=5528"},{"taxonomy":"product_tag","embeddable":true,"href":"https:\/\/blooming-heroes.com\/en\/wp-json\/wp\/v2\/product_tag?post=5528"}],"curies":[{"name":"wp","href":"https:\/\/api.w.org\/{rel}","templated":true}]}}