
{"id":5529,"date":"2023-08-12T11:41:57","date_gmt":"2023-08-12T09:41:57","guid":{"rendered":"https:\/\/blooming.dev05.fr\/?post_type=product&#038;p=5529"},"modified":"2023-11-13T17:25:39","modified_gmt":"2023-11-13T16:25:39","slug":"feedback-360-et-180","status":"publish","type":"product","link":"https:\/\/blooming-heroes.com\/en\/produit\/feedback-360-et-180\/","title":{"rendered":"Feedback 360\u00b0 et 180\u00b0"},"content":{"rendered":"<p>Permettez \u00e0 vos collaborateurs de s&#8217;auto-\u00e9valuer et d&#8217;obtenir le retour de leurs pairs pour les aider \u00e0 mieux se connaitre et \u00e0 mieux se d\u00e9velopper. Les salari\u00e9s peuvent s&#8217;\u00e9valuer eux-m\u00eames et vous pouvez \u00e9galement lancer facilement des campagnes aupr\u00e8s d&#8217;une population cible sur des sujets sp\u00e9cifiques comme le leadership, les bilans de carri\u00e8re, les revues de projet, la pr\u00e9paration aux entretiens annuels ou encore les fins de p\u00e9riode d\u2019essai\u2026 Vous disposez de vues consolid\u00e9es et de tableaux de bord clairs pour un suivi simple. Vous disposez d&#8217;une biblioth\u00e8que de questions 100% personnalisable \u00e0 votre culture et \u00e0 vos enjeux<\/p>\n","protected":false},"excerpt":{"rendered":"<p>Permettez \u00e0 vos collaborateurs de s&#8217;auto-\u00e9valuer et d&#8217;obtenir le retour de leurs pairs pour les aider \u00e0 mieux se connaitre et \u00e0 mieux se d\u00e9velopper. Les salari\u00e9s peuvent s&#8217;\u00e9valuer eux-m\u00eames et vous pouvez \u00e9galement lancer facilement des campagnes aupr\u00e8s d&#8217;une population cible sur des sujets sp\u00e9cifiques comme le leadership, les bilans de carri\u00e8re, les revues [&hellip;]<\/p>\n","protected":false},"featured_media":6821,"comment_status":"open","ping_status":"closed","template":"","meta":{"inline_featured_image":false,"_glsr_average":0,"_glsr_ranking":0,"_glsr_reviews":0},"product_brand":[],"product_cat":[107,83,106],"product_tag":[128,57],"class_list":{"0":"post-5529","1":"product","2":"type-product","3":"status-publish","4":"has-post-thumbnail","6":"product_cat-culture-du-feedback","7":"product_cat-engagement-collaborateurs","8":"product_cat-intelligence-collective","9":"product_tag-audit","10":"product_tag-plateformes-digitales-applications-mobile","12":"first","13":"instock","14":"shipping-taxable","15":"product-type-simple"},"yoast_head":"<!-- This site is optimized with the Yoast SEO plugin v27.4 - https:\/\/yoast.com\/product\/yoast-seo-wordpress\/ -->\n<title>Feedback 360\u00b0 et 180\u00b0 - Blooming Heroes<\/title>\n<meta name=\"description\" content=\"Permettez \u00e0 vos collaborateurs de s&#039;auto\u00e9valuer et d&#039;obtenir le retour de leurs pairs pour les aider \u00e0 mieux se connaitre et \u00e0 mieux se d\u00e9velopper...\" \/>\n<meta name=\"robots\" content=\"index, follow, max-snippet:-1, max-image-preview:large, max-video-preview:-1\" \/>\n<link rel=\"canonical\" href=\"https:\/\/blooming-heroes.com\/produit\/feedback-360-et-180\/\" \/>\n<meta property=\"og:locale\" content=\"en_US\" \/>\n<meta property=\"og:type\" content=\"article\" \/>\n<meta property=\"og:title\" content=\"Feedback 360\u00b0 et 180\u00b0 - Blooming Heroes\" \/>\n<meta property=\"og:description\" content=\"Permettez \u00e0 vos collaborateurs de s&#039;auto\u00e9valuer et d&#039;obtenir le retour de leurs pairs pour les aider \u00e0 mieux se connaitre et \u00e0 mieux se d\u00e9velopper...\" \/>\n<meta property=\"og:url\" content=\"https:\/\/blooming-heroes.com\/produit\/feedback-360-et-180\/\" \/>\n<meta property=\"og:site_name\" content=\"Blooming Heroes\" \/>\n<meta property=\"article:modified_time\" content=\"2023-11-13T16:25:39+00:00\" \/>\n<meta property=\"og:image\" content=\"https:\/\/blooming-heroes.com\/wp-content\/uploads\/2023\/08\/dialogue-social-min.jpeg\" \/>\n\t<meta property=\"og:image:width\" content=\"1024\" \/>\n\t<meta property=\"og:image:height\" content=\"576\" \/>\n\t<meta property=\"og:image:type\" content=\"image\/jpeg\" \/>\n<meta name=\"twitter:card\" content=\"summary_large_image\" \/>\n<meta name=\"twitter:label1\" content=\"Est. reading time\" \/>\n\t<meta name=\"twitter:data1\" content=\"1 minute\" \/>\n<script type=\"application\/ld+json\" class=\"yoast-schema-graph\">{\"@context\":\"https:\\\/\\\/schema.org\",\"@graph\":[{\"@type\":\"WebPage\",\"@id\":\"https:\\\/\\\/blooming-heroes.com\\\/produit\\\/feedback-360-et-180\\\/\",\"url\":\"https:\\\/\\\/blooming-heroes.com\\\/produit\\\/feedback-360-et-180\\\/\",\"name\":\"Feedback 360\u00b0 et 180\u00b0 - Blooming Heroes\",\"isPartOf\":{\"@id\":\"https:\\\/\\\/blooming-heroes.com\\\/#website\"},\"primaryImageOfPage\":{\"@id\":\"https:\\\/\\\/blooming-heroes.com\\\/produit\\\/feedback-360-et-180\\\/#primaryimage\"},\"image\":{\"@id\":\"https:\\\/\\\/blooming-heroes.com\\\/produit\\\/feedback-360-et-180\\\/#primaryimage\"},\"thumbnailUrl\":\"https:\\\/\\\/blooming-heroes.com\\\/wp-content\\\/uploads\\\/2023\\\/08\\\/dialogue-social-min.jpeg\",\"datePublished\":\"2023-08-12T09:41:57+00:00\",\"dateModified\":\"2023-11-13T16:25:39+00:00\",\"description\":\"Permettez \u00e0 vos collaborateurs de s'auto\u00e9valuer et d'obtenir le retour de leurs pairs pour les aider \u00e0 mieux se connaitre et \u00e0 mieux se d\u00e9velopper...\",\"breadcrumb\":{\"@id\":\"https:\\\/\\\/blooming-heroes.com\\\/produit\\\/feedback-360-et-180\\\/#breadcrumb\"},\"inLanguage\":\"en-US\",\"potentialAction\":[{\"@type\":\"ReadAction\",\"target\":[\"https:\\\/\\\/blooming-heroes.com\\\/produit\\\/feedback-360-et-180\\\/\"]}]},{\"@type\":\"ImageObject\",\"inLanguage\":\"en-US\",\"@id\":\"https:\\\/\\\/blooming-heroes.com\\\/produit\\\/feedback-360-et-180\\\/#primaryimage\",\"url\":\"https:\\\/\\\/blooming-heroes.com\\\/wp-content\\\/uploads\\\/2023\\\/08\\\/dialogue-social-min.jpeg\",\"contentUrl\":\"https:\\\/\\\/blooming-heroes.com\\\/wp-content\\\/uploads\\\/2023\\\/08\\\/dialogue-social-min.jpeg\",\"width\":1024,\"height\":576},{\"@type\":\"BreadcrumbList\",\"@id\":\"https:\\\/\\\/blooming-heroes.com\\\/produit\\\/feedback-360-et-180\\\/#breadcrumb\",\"itemListElement\":[{\"@type\":\"ListItem\",\"position\":1,\"name\":\"Accueil\",\"item\":\"https:\\\/\\\/blooming-heroes.com\\\/en\\\/\"},{\"@type\":\"ListItem\",\"position\":2,\"name\":\"Produits\",\"item\":\"https:\\\/\\\/blooming-heroes.com\\\/shop\\\/\"},{\"@type\":\"ListItem\",\"position\":3,\"name\":\"Feedback 360\u00b0 et 180\u00b0\"}]},{\"@type\":\"WebSite\",\"@id\":\"https:\\\/\\\/blooming-heroes.com\\\/#website\",\"url\":\"https:\\\/\\\/blooming-heroes.com\\\/\",\"name\":\"Blooming Heroes\",\"description\":\"Les h\u00e9ros du bien-vivre au travail\",\"publisher\":{\"@id\":\"https:\\\/\\\/blooming-heroes.com\\\/#organization\"},\"potentialAction\":[{\"@type\":\"SearchAction\",\"target\":{\"@type\":\"EntryPoint\",\"urlTemplate\":\"https:\\\/\\\/blooming-heroes.com\\\/?s={search_term_string}\"},\"query-input\":{\"@type\":\"PropertyValueSpecification\",\"valueRequired\":true,\"valueName\":\"search_term_string\"}}],\"inLanguage\":\"en-US\"},{\"@type\":\"Organization\",\"@id\":\"https:\\\/\\\/blooming-heroes.com\\\/#organization\",\"name\":\"Blooming Heroes\",\"url\":\"https:\\\/\\\/blooming-heroes.com\\\/\",\"logo\":{\"@type\":\"ImageObject\",\"inLanguage\":\"en-US\",\"@id\":\"https:\\\/\\\/blooming-heroes.com\\\/#\\\/schema\\\/logo\\\/image\\\/\",\"url\":\"https:\\\/\\\/blooming-heroes.com\\\/wp-content\\\/uploads\\\/2022\\\/01\\\/cropped-Fichier-19.png\",\"contentUrl\":\"https:\\\/\\\/blooming-heroes.com\\\/wp-content\\\/uploads\\\/2022\\\/01\\\/cropped-Fichier-19.png\",\"width\":512,\"height\":512,\"caption\":\"Blooming Heroes\"},\"image\":{\"@id\":\"https:\\\/\\\/blooming-heroes.com\\\/#\\\/schema\\\/logo\\\/image\\\/\"}}]}<\/script>\n<!-- \/ Yoast SEO plugin. -->","yoast_head_json":{"title":"Feedback 360\u00b0 et 180\u00b0 - Blooming Heroes","description":"Permettez \u00e0 vos collaborateurs de s'auto\u00e9valuer et d'obtenir le retour de leurs pairs pour les aider \u00e0 mieux se connaitre et \u00e0 mieux se d\u00e9velopper...","robots":{"index":"index","follow":"follow","max-snippet":"max-snippet:-1","max-image-preview":"max-image-preview:large","max-video-preview":"max-video-preview:-1"},"canonical":"https:\/\/blooming-heroes.com\/produit\/feedback-360-et-180\/","og_locale":"en_US","og_type":"article","og_title":"Feedback 360\u00b0 et 180\u00b0 - Blooming Heroes","og_description":"Permettez \u00e0 vos collaborateurs de s'auto\u00e9valuer et d'obtenir le retour de leurs pairs pour les aider \u00e0 mieux se connaitre et \u00e0 mieux se d\u00e9velopper...","og_url":"https:\/\/blooming-heroes.com\/produit\/feedback-360-et-180\/","og_site_name":"Blooming Heroes","article_modified_time":"2023-11-13T16:25:39+00:00","og_image":[{"width":1024,"height":576,"url":"https:\/\/blooming-heroes.com\/wp-content\/uploads\/2023\/08\/dialogue-social-min.jpeg","type":"image\/jpeg"}],"twitter_card":"summary_large_image","twitter_misc":{"Est. reading time":"1 minute"},"schema":{"@context":"https:\/\/schema.org","@graph":[{"@type":"WebPage","@id":"https:\/\/blooming-heroes.com\/produit\/feedback-360-et-180\/","url":"https:\/\/blooming-heroes.com\/produit\/feedback-360-et-180\/","name":"Feedback 360\u00b0 et 180\u00b0 - Blooming Heroes","isPartOf":{"@id":"https:\/\/blooming-heroes.com\/#website"},"primaryImageOfPage":{"@id":"https:\/\/blooming-heroes.com\/produit\/feedback-360-et-180\/#primaryimage"},"image":{"@id":"https:\/\/blooming-heroes.com\/produit\/feedback-360-et-180\/#primaryimage"},"thumbnailUrl":"https:\/\/blooming-heroes.com\/wp-content\/uploads\/2023\/08\/dialogue-social-min.jpeg","datePublished":"2023-08-12T09:41:57+00:00","dateModified":"2023-11-13T16:25:39+00:00","description":"Permettez \u00e0 vos collaborateurs de s'auto\u00e9valuer et d'obtenir le retour de leurs pairs pour les aider \u00e0 mieux se connaitre et \u00e0 mieux se d\u00e9velopper...","breadcrumb":{"@id":"https:\/\/blooming-heroes.com\/produit\/feedback-360-et-180\/#breadcrumb"},"inLanguage":"en-US","potentialAction":[{"@type":"ReadAction","target":["https:\/\/blooming-heroes.com\/produit\/feedback-360-et-180\/"]}]},{"@type":"ImageObject","inLanguage":"en-US","@id":"https:\/\/blooming-heroes.com\/produit\/feedback-360-et-180\/#primaryimage","url":"https:\/\/blooming-heroes.com\/wp-content\/uploads\/2023\/08\/dialogue-social-min.jpeg","contentUrl":"https:\/\/blooming-heroes.com\/wp-content\/uploads\/2023\/08\/dialogue-social-min.jpeg","width":1024,"height":576},{"@type":"BreadcrumbList","@id":"https:\/\/blooming-heroes.com\/produit\/feedback-360-et-180\/#breadcrumb","itemListElement":[{"@type":"ListItem","position":1,"name":"Accueil","item":"https:\/\/blooming-heroes.com\/en\/"},{"@type":"ListItem","position":2,"name":"Produits","item":"https:\/\/blooming-heroes.com\/shop\/"},{"@type":"ListItem","position":3,"name":"Feedback 360\u00b0 et 180\u00b0"}]},{"@type":"WebSite","@id":"https:\/\/blooming-heroes.com\/#website","url":"https:\/\/blooming-heroes.com\/","name":"Blooming Heroes","description":"Les h\u00e9ros du bien-vivre au travail","publisher":{"@id":"https:\/\/blooming-heroes.com\/#organization"},"potentialAction":[{"@type":"SearchAction","target":{"@type":"EntryPoint","urlTemplate":"https:\/\/blooming-heroes.com\/?s={search_term_string}"},"query-input":{"@type":"PropertyValueSpecification","valueRequired":true,"valueName":"search_term_string"}}],"inLanguage":"en-US"},{"@type":"Organization","@id":"https:\/\/blooming-heroes.com\/#organization","name":"Blooming Heroes","url":"https:\/\/blooming-heroes.com\/","logo":{"@type":"ImageObject","inLanguage":"en-US","@id":"https:\/\/blooming-heroes.com\/#\/schema\/logo\/image\/","url":"https:\/\/blooming-heroes.com\/wp-content\/uploads\/2022\/01\/cropped-Fichier-19.png","contentUrl":"https:\/\/blooming-heroes.com\/wp-content\/uploads\/2022\/01\/cropped-Fichier-19.png","width":512,"height":512,"caption":"Blooming Heroes"},"image":{"@id":"https:\/\/blooming-heroes.com\/#\/schema\/logo\/image\/"}}]}},"_links":{"self":[{"href":"https:\/\/blooming-heroes.com\/en\/wp-json\/wp\/v2\/product\/5529","targetHints":{"allow":["GET"]}}],"collection":[{"href":"https:\/\/blooming-heroes.com\/en\/wp-json\/wp\/v2\/product"}],"about":[{"href":"https:\/\/blooming-heroes.com\/en\/wp-json\/wp\/v2\/types\/product"}],"replies":[{"embeddable":true,"href":"https:\/\/blooming-heroes.com\/en\/wp-json\/wp\/v2\/comments?post=5529"}],"wp:featuredmedia":[{"embeddable":true,"href":"https:\/\/blooming-heroes.com\/en\/wp-json\/wp\/v2\/media\/6821"}],"wp:attachment":[{"href":"https:\/\/blooming-heroes.com\/en\/wp-json\/wp\/v2\/media?parent=5529"}],"wp:term":[{"taxonomy":"product_brand","embeddable":true,"href":"https:\/\/blooming-heroes.com\/en\/wp-json\/wp\/v2\/product_brand?post=5529"},{"taxonomy":"product_cat","embeddable":true,"href":"https:\/\/blooming-heroes.com\/en\/wp-json\/wp\/v2\/product_cat?post=5529"},{"taxonomy":"product_tag","embeddable":true,"href":"https:\/\/blooming-heroes.com\/en\/wp-json\/wp\/v2\/product_tag?post=5529"}],"curies":[{"name":"wp","href":"https:\/\/api.w.org\/{rel}","templated":true}]}}