
{"id":5533,"date":"2023-08-12T11:49:48","date_gmt":"2023-08-12T09:49:48","guid":{"rendered":"https:\/\/blooming.dev05.fr\/?post_type=product&#038;p=5533"},"modified":"2023-11-13T17:21:55","modified_gmt":"2023-11-13T16:21:55","slug":"solution-digitale-globale-de-prevention-des-troubles-musculo-squelettiques","status":"publish","type":"product","link":"https:\/\/blooming-heroes.com\/en\/produit\/solution-digitale-globale-de-prevention-des-troubles-musculo-squelettiques\/","title":{"rendered":"Solution digitale globale de pr\u00e9vention des troubles musculo-squelettiques"},"content":{"rendered":"<p>Cette clinique digitale pour la pr\u00e9vention de la sant\u00e9 physique offre un parcours personnalis\u00e9 \u00e0 vos collaborateurs pour traiter durablement les troubles musculo-squelettiques. \u00c0 la premi\u00e8re connexion, les utilisateurs r\u00e9alisent un bilan de sant\u00e9 physique et d\u00e9finissent leurs objectifs. Ce bilan est transmis \u00e0 une \u00e9quipe de kin\u00e9sith\u00e9rapeutes sp\u00e9cialistes du mouvement qui proposent ensuite un coaching kin\u00e9 personnalis\u00e9 via des t\u00e9l\u00e9-consultations priv\u00e9es et des programmes d&#8217;exercices vid\u00e9os adapt\u00e9s, pour traiter en profondeur leurs TMS.<\/p>\n","protected":false},"excerpt":{"rendered":"<p>Cette clinique digitale pour la pr\u00e9vention de la sant\u00e9 physique offre un parcours personnalis\u00e9 \u00e0 vos collaborateurs pour traiter durablement les troubles musculo-squelettiques. \u00c0 la premi\u00e8re connexion, les utilisateurs r\u00e9alisent un bilan de sant\u00e9 physique et d\u00e9finissent leurs objectifs. Ce bilan est transmis \u00e0 une \u00e9quipe de kin\u00e9sith\u00e9rapeutes sp\u00e9cialistes du mouvement qui proposent ensuite un [&hellip;]<\/p>\n","protected":false},"featured_media":6813,"comment_status":"open","ping_status":"closed","template":"","meta":{"inline_featured_image":false,"_glsr_average":0,"_glsr_ranking":0,"_glsr_reviews":0},"product_brand":[],"product_cat":[110,89],"product_tag":[57,69,70],"class_list":{"0":"post-5533","1":"product","2":"type-product","3":"status-publish","4":"has-post-thumbnail","6":"product_cat-absenteisme","7":"product_cat-tms-troubles-musculosquelettiques","8":"product_tag-plateformes-digitales-applications-mobile","9":"product_tag-services-aux-salaries","10":"product_tag-soutien-aux-salaries","12":"first","13":"instock","14":"shipping-taxable","15":"product-type-simple"},"yoast_head":"<!-- This site is optimized with the Yoast SEO plugin v27.4 - https:\/\/yoast.com\/product\/yoast-seo-wordpress\/ -->\n<title>Solution digitale globale de pr\u00e9vention des troubles musculo-squelettiques - Blooming Heroes<\/title>\n<meta name=\"description\" content=\"Cette clinique digitale pour la pr\u00e9vention de la sant\u00e9 physique offre un parcours personnalis\u00e9 \u00e0 vos collaborateurs pour traiter durablement les TMS...\" \/>\n<meta name=\"robots\" content=\"index, follow, max-snippet:-1, max-image-preview:large, max-video-preview:-1\" \/>\n<link rel=\"canonical\" href=\"https:\/\/blooming-heroes.com\/produit\/solution-digitale-globale-de-prevention-des-troubles-musculo-squelettiques\/\" \/>\n<meta property=\"og:locale\" content=\"en_US\" \/>\n<meta property=\"og:type\" content=\"article\" \/>\n<meta property=\"og:title\" content=\"Solution digitale globale de pr\u00e9vention des troubles musculo-squelettiques - Blooming Heroes\" \/>\n<meta property=\"og:description\" content=\"Cette clinique digitale pour la pr\u00e9vention de la sant\u00e9 physique offre un parcours personnalis\u00e9 \u00e0 vos collaborateurs pour traiter durablement les TMS...\" \/>\n<meta property=\"og:url\" content=\"https:\/\/blooming-heroes.com\/produit\/solution-digitale-globale-de-prevention-des-troubles-musculo-squelettiques\/\" \/>\n<meta property=\"og:site_name\" content=\"Blooming Heroes\" \/>\n<meta property=\"article:modified_time\" content=\"2023-11-13T16:21:55+00:00\" \/>\n<meta property=\"og:image\" content=\"https:\/\/blooming-heroes.com\/wp-content\/uploads\/2023\/08\/TMS-min.jpeg\" \/>\n\t<meta property=\"og:image:width\" content=\"1024\" \/>\n\t<meta property=\"og:image:height\" content=\"683\" \/>\n\t<meta property=\"og:image:type\" content=\"image\/jpeg\" \/>\n<meta name=\"twitter:card\" content=\"summary_large_image\" \/>\n<meta name=\"twitter:label1\" content=\"Est. reading time\" \/>\n\t<meta name=\"twitter:data1\" content=\"1 minute\" \/>\n<script type=\"application\/ld+json\" class=\"yoast-schema-graph\">{\"@context\":\"https:\\\/\\\/schema.org\",\"@graph\":[{\"@type\":\"WebPage\",\"@id\":\"https:\\\/\\\/blooming-heroes.com\\\/produit\\\/solution-digitale-globale-de-prevention-des-troubles-musculo-squelettiques\\\/\",\"url\":\"https:\\\/\\\/blooming-heroes.com\\\/produit\\\/solution-digitale-globale-de-prevention-des-troubles-musculo-squelettiques\\\/\",\"name\":\"Solution digitale globale de pr\u00e9vention des troubles musculo-squelettiques - Blooming Heroes\",\"isPartOf\":{\"@id\":\"https:\\\/\\\/blooming-heroes.com\\\/#website\"},\"primaryImageOfPage\":{\"@id\":\"https:\\\/\\\/blooming-heroes.com\\\/produit\\\/solution-digitale-globale-de-prevention-des-troubles-musculo-squelettiques\\\/#primaryimage\"},\"image\":{\"@id\":\"https:\\\/\\\/blooming-heroes.com\\\/produit\\\/solution-digitale-globale-de-prevention-des-troubles-musculo-squelettiques\\\/#primaryimage\"},\"thumbnailUrl\":\"https:\\\/\\\/blooming-heroes.com\\\/wp-content\\\/uploads\\\/2023\\\/08\\\/TMS-min.jpeg\",\"datePublished\":\"2023-08-12T09:49:48+00:00\",\"dateModified\":\"2023-11-13T16:21:55+00:00\",\"description\":\"Cette clinique digitale pour la pr\u00e9vention de la sant\u00e9 physique offre un parcours personnalis\u00e9 \u00e0 vos collaborateurs pour traiter durablement les TMS...\",\"breadcrumb\":{\"@id\":\"https:\\\/\\\/blooming-heroes.com\\\/produit\\\/solution-digitale-globale-de-prevention-des-troubles-musculo-squelettiques\\\/#breadcrumb\"},\"inLanguage\":\"en-US\",\"potentialAction\":[{\"@type\":\"ReadAction\",\"target\":[\"https:\\\/\\\/blooming-heroes.com\\\/produit\\\/solution-digitale-globale-de-prevention-des-troubles-musculo-squelettiques\\\/\"]}]},{\"@type\":\"ImageObject\",\"inLanguage\":\"en-US\",\"@id\":\"https:\\\/\\\/blooming-heroes.com\\\/produit\\\/solution-digitale-globale-de-prevention-des-troubles-musculo-squelettiques\\\/#primaryimage\",\"url\":\"https:\\\/\\\/blooming-heroes.com\\\/wp-content\\\/uploads\\\/2023\\\/08\\\/TMS-min.jpeg\",\"contentUrl\":\"https:\\\/\\\/blooming-heroes.com\\\/wp-content\\\/uploads\\\/2023\\\/08\\\/TMS-min.jpeg\",\"width\":1024,\"height\":683},{\"@type\":\"BreadcrumbList\",\"@id\":\"https:\\\/\\\/blooming-heroes.com\\\/produit\\\/solution-digitale-globale-de-prevention-des-troubles-musculo-squelettiques\\\/#breadcrumb\",\"itemListElement\":[{\"@type\":\"ListItem\",\"position\":1,\"name\":\"Accueil\",\"item\":\"https:\\\/\\\/blooming-heroes.com\\\/en\\\/\"},{\"@type\":\"ListItem\",\"position\":2,\"name\":\"Produits\",\"item\":\"https:\\\/\\\/blooming-heroes.com\\\/shop\\\/\"},{\"@type\":\"ListItem\",\"position\":3,\"name\":\"Solution digitale globale de pr\u00e9vention des troubles musculo-squelettiques\"}]},{\"@type\":\"WebSite\",\"@id\":\"https:\\\/\\\/blooming-heroes.com\\\/#website\",\"url\":\"https:\\\/\\\/blooming-heroes.com\\\/\",\"name\":\"Blooming Heroes\",\"description\":\"Les h\u00e9ros du bien-vivre au travail\",\"publisher\":{\"@id\":\"https:\\\/\\\/blooming-heroes.com\\\/#organization\"},\"potentialAction\":[{\"@type\":\"SearchAction\",\"target\":{\"@type\":\"EntryPoint\",\"urlTemplate\":\"https:\\\/\\\/blooming-heroes.com\\\/?s={search_term_string}\"},\"query-input\":{\"@type\":\"PropertyValueSpecification\",\"valueRequired\":true,\"valueName\":\"search_term_string\"}}],\"inLanguage\":\"en-US\"},{\"@type\":\"Organization\",\"@id\":\"https:\\\/\\\/blooming-heroes.com\\\/#organization\",\"name\":\"Blooming Heroes\",\"url\":\"https:\\\/\\\/blooming-heroes.com\\\/\",\"logo\":{\"@type\":\"ImageObject\",\"inLanguage\":\"en-US\",\"@id\":\"https:\\\/\\\/blooming-heroes.com\\\/#\\\/schema\\\/logo\\\/image\\\/\",\"url\":\"https:\\\/\\\/blooming-heroes.com\\\/wp-content\\\/uploads\\\/2022\\\/01\\\/cropped-Fichier-19.png\",\"contentUrl\":\"https:\\\/\\\/blooming-heroes.com\\\/wp-content\\\/uploads\\\/2022\\\/01\\\/cropped-Fichier-19.png\",\"width\":512,\"height\":512,\"caption\":\"Blooming Heroes\"},\"image\":{\"@id\":\"https:\\\/\\\/blooming-heroes.com\\\/#\\\/schema\\\/logo\\\/image\\\/\"}}]}<\/script>\n<!-- \/ Yoast SEO plugin. -->","yoast_head_json":{"title":"Solution digitale globale de pr\u00e9vention des troubles musculo-squelettiques - Blooming Heroes","description":"Cette clinique digitale pour la pr\u00e9vention de la sant\u00e9 physique offre un parcours personnalis\u00e9 \u00e0 vos collaborateurs pour traiter durablement les TMS...","robots":{"index":"index","follow":"follow","max-snippet":"max-snippet:-1","max-image-preview":"max-image-preview:large","max-video-preview":"max-video-preview:-1"},"canonical":"https:\/\/blooming-heroes.com\/produit\/solution-digitale-globale-de-prevention-des-troubles-musculo-squelettiques\/","og_locale":"en_US","og_type":"article","og_title":"Solution digitale globale de pr\u00e9vention des troubles musculo-squelettiques - Blooming Heroes","og_description":"Cette clinique digitale pour la pr\u00e9vention de la sant\u00e9 physique offre un parcours personnalis\u00e9 \u00e0 vos collaborateurs pour traiter durablement les TMS...","og_url":"https:\/\/blooming-heroes.com\/produit\/solution-digitale-globale-de-prevention-des-troubles-musculo-squelettiques\/","og_site_name":"Blooming Heroes","article_modified_time":"2023-11-13T16:21:55+00:00","og_image":[{"width":1024,"height":683,"url":"https:\/\/blooming-heroes.com\/wp-content\/uploads\/2023\/08\/TMS-min.jpeg","type":"image\/jpeg"}],"twitter_card":"summary_large_image","twitter_misc":{"Est. reading time":"1 minute"},"schema":{"@context":"https:\/\/schema.org","@graph":[{"@type":"WebPage","@id":"https:\/\/blooming-heroes.com\/produit\/solution-digitale-globale-de-prevention-des-troubles-musculo-squelettiques\/","url":"https:\/\/blooming-heroes.com\/produit\/solution-digitale-globale-de-prevention-des-troubles-musculo-squelettiques\/","name":"Solution digitale globale de pr\u00e9vention des troubles musculo-squelettiques - Blooming Heroes","isPartOf":{"@id":"https:\/\/blooming-heroes.com\/#website"},"primaryImageOfPage":{"@id":"https:\/\/blooming-heroes.com\/produit\/solution-digitale-globale-de-prevention-des-troubles-musculo-squelettiques\/#primaryimage"},"image":{"@id":"https:\/\/blooming-heroes.com\/produit\/solution-digitale-globale-de-prevention-des-troubles-musculo-squelettiques\/#primaryimage"},"thumbnailUrl":"https:\/\/blooming-heroes.com\/wp-content\/uploads\/2023\/08\/TMS-min.jpeg","datePublished":"2023-08-12T09:49:48+00:00","dateModified":"2023-11-13T16:21:55+00:00","description":"Cette clinique digitale pour la pr\u00e9vention de la sant\u00e9 physique offre un parcours personnalis\u00e9 \u00e0 vos collaborateurs pour traiter durablement les TMS...","breadcrumb":{"@id":"https:\/\/blooming-heroes.com\/produit\/solution-digitale-globale-de-prevention-des-troubles-musculo-squelettiques\/#breadcrumb"},"inLanguage":"en-US","potentialAction":[{"@type":"ReadAction","target":["https:\/\/blooming-heroes.com\/produit\/solution-digitale-globale-de-prevention-des-troubles-musculo-squelettiques\/"]}]},{"@type":"ImageObject","inLanguage":"en-US","@id":"https:\/\/blooming-heroes.com\/produit\/solution-digitale-globale-de-prevention-des-troubles-musculo-squelettiques\/#primaryimage","url":"https:\/\/blooming-heroes.com\/wp-content\/uploads\/2023\/08\/TMS-min.jpeg","contentUrl":"https:\/\/blooming-heroes.com\/wp-content\/uploads\/2023\/08\/TMS-min.jpeg","width":1024,"height":683},{"@type":"BreadcrumbList","@id":"https:\/\/blooming-heroes.com\/produit\/solution-digitale-globale-de-prevention-des-troubles-musculo-squelettiques\/#breadcrumb","itemListElement":[{"@type":"ListItem","position":1,"name":"Accueil","item":"https:\/\/blooming-heroes.com\/en\/"},{"@type":"ListItem","position":2,"name":"Produits","item":"https:\/\/blooming-heroes.com\/shop\/"},{"@type":"ListItem","position":3,"name":"Solution digitale globale de pr\u00e9vention des troubles musculo-squelettiques"}]},{"@type":"WebSite","@id":"https:\/\/blooming-heroes.com\/#website","url":"https:\/\/blooming-heroes.com\/","name":"Blooming Heroes","description":"Les h\u00e9ros du bien-vivre au travail","publisher":{"@id":"https:\/\/blooming-heroes.com\/#organization"},"potentialAction":[{"@type":"SearchAction","target":{"@type":"EntryPoint","urlTemplate":"https:\/\/blooming-heroes.com\/?s={search_term_string}"},"query-input":{"@type":"PropertyValueSpecification","valueRequired":true,"valueName":"search_term_string"}}],"inLanguage":"en-US"},{"@type":"Organization","@id":"https:\/\/blooming-heroes.com\/#organization","name":"Blooming Heroes","url":"https:\/\/blooming-heroes.com\/","logo":{"@type":"ImageObject","inLanguage":"en-US","@id":"https:\/\/blooming-heroes.com\/#\/schema\/logo\/image\/","url":"https:\/\/blooming-heroes.com\/wp-content\/uploads\/2022\/01\/cropped-Fichier-19.png","contentUrl":"https:\/\/blooming-heroes.com\/wp-content\/uploads\/2022\/01\/cropped-Fichier-19.png","width":512,"height":512,"caption":"Blooming Heroes"},"image":{"@id":"https:\/\/blooming-heroes.com\/#\/schema\/logo\/image\/"}}]}},"_links":{"self":[{"href":"https:\/\/blooming-heroes.com\/en\/wp-json\/wp\/v2\/product\/5533","targetHints":{"allow":["GET"]}}],"collection":[{"href":"https:\/\/blooming-heroes.com\/en\/wp-json\/wp\/v2\/product"}],"about":[{"href":"https:\/\/blooming-heroes.com\/en\/wp-json\/wp\/v2\/types\/product"}],"replies":[{"embeddable":true,"href":"https:\/\/blooming-heroes.com\/en\/wp-json\/wp\/v2\/comments?post=5533"}],"wp:featuredmedia":[{"embeddable":true,"href":"https:\/\/blooming-heroes.com\/en\/wp-json\/wp\/v2\/media\/6813"}],"wp:attachment":[{"href":"https:\/\/blooming-heroes.com\/en\/wp-json\/wp\/v2\/media?parent=5533"}],"wp:term":[{"taxonomy":"product_brand","embeddable":true,"href":"https:\/\/blooming-heroes.com\/en\/wp-json\/wp\/v2\/product_brand?post=5533"},{"taxonomy":"product_cat","embeddable":true,"href":"https:\/\/blooming-heroes.com\/en\/wp-json\/wp\/v2\/product_cat?post=5533"},{"taxonomy":"product_tag","embeddable":true,"href":"https:\/\/blooming-heroes.com\/en\/wp-json\/wp\/v2\/product_tag?post=5533"}],"curies":[{"name":"wp","href":"https:\/\/api.w.org\/{rel}","templated":true}]}}