
{"id":5534,"date":"2023-08-12T11:52:31","date_gmt":"2023-08-12T09:52:31","guid":{"rendered":"https:\/\/blooming.dev05.fr\/?post_type=product&#038;p=5534"},"modified":"2023-11-13T17:21:30","modified_gmt":"2023-11-13T16:21:30","slug":"programme-davantages-salaries-simple-moderne-et-personnalise","status":"publish","type":"product","link":"https:\/\/blooming-heroes.com\/en\/produit\/programme-davantages-salaries-simple-moderne-et-personnalise\/","title":{"rendered":"Programme d&#8217;avantages salari\u00e9s simple, moderne et personnalis\u00e9"},"content":{"rendered":"<p>Initialement pens\u00e9e &#8220;par les \u00e9lus pour les \u00e9lus&#8221; (CSE), cette plateforme d&#8217;avantages nouvelle g\u00e9n\u00e9ration est 100% personnalisable et offre un large catalogue d&#8217;avantages attractifs aux niveaux national et local, auquel vous pouvez ajouter vos propres offres. La qualit\u00e9 de l&#8217;exp\u00e9rience utilisateur est centrale avec une navigation et une ergonomie optimales, une instantan\u00e9it\u00e9 et une d\u00e9mat\u00e9rialisation de la billetterie et des avantages, une application mobile native pour booster l\u2019adoption et l\u2019utilisation au quotidien, et des parcours utilisateurs 100% personnalis\u00e9s qui simplifient l\u2019usage et engagent les salari\u00e9s comme les administrateurs. Un tableau de bord intuitif permet aux administrateurs de suivre l&#8217;engagement, d&#8217;analyser la consommation et de g\u00e9rer l\u2019ajout, la suppression, les acc\u00e8s et les droits des b\u00e9n\u00e9ficiaires. B\u00e9n\u00e9ficiez aussi d&#8217;un acc\u00e8s \u00e0 une communaut\u00e9 QVCT &amp; RSE online, \u00e0 un service client r\u00e9actif et accessible 7\/7, et \u00e0 un accompagnement sur la communication.<\/p>\n","protected":false},"excerpt":{"rendered":"<p>Initialement pens\u00e9e &#8220;par les \u00e9lus pour les \u00e9lus&#8221; (CSE), cette plateforme d&#8217;avantages nouvelle g\u00e9n\u00e9ration est 100% personnalisable et offre un large catalogue d&#8217;avantages attractifs aux niveaux national et local, auquel vous pouvez ajouter vos propres offres. La qualit\u00e9 de l&#8217;exp\u00e9rience utilisateur est centrale avec une navigation et une ergonomie optimales, une instantan\u00e9it\u00e9 et une d\u00e9mat\u00e9rialisation [&hellip;]<\/p>\n","protected":false},"featured_media":6797,"comment_status":"open","ping_status":"closed","template":"","meta":{"inline_featured_image":false,"_glsr_average":0,"_glsr_ranking":0,"_glsr_reviews":0},"product_brand":[],"product_cat":[94,111],"product_tag":[57],"class_list":{"0":"post-5534","1":"product","2":"type-product","3":"status-publish","4":"has-post-thumbnail","6":"product_cat-avantages-sociaux-compensation-benefices","7":"product_cat-sante-financiere","8":"product_tag-plateformes-digitales-applications-mobile","10":"first","11":"instock","12":"shipping-taxable","13":"product-type-simple"},"yoast_head":"<!-- This site is optimized with the Yoast SEO plugin v27.4 - https:\/\/yoast.com\/product\/yoast-seo-wordpress\/ -->\n<title>Programme d&#039;avantages salari\u00e9s simple, moderne et personnalis\u00e9 - Blooming Heroes<\/title>\n<meta name=\"description\" content=\"Initialement pens\u00e9e &quot;par les \u00e9lus pour les \u00e9lus&quot; (CSE), cette plateforme d&#039;avantages nouvelle g\u00e9n\u00e9ration est 100% personnalisable et offre un large...\" \/>\n<meta name=\"robots\" content=\"index, follow, max-snippet:-1, max-image-preview:large, max-video-preview:-1\" \/>\n<link rel=\"canonical\" href=\"https:\/\/blooming-heroes.com\/produit\/programme-davantages-salaries-simple-moderne-et-personnalise\/\" \/>\n<meta property=\"og:locale\" content=\"en_US\" \/>\n<meta property=\"og:type\" content=\"article\" \/>\n<meta property=\"og:title\" content=\"Programme d&#039;avantages salari\u00e9s simple, moderne et personnalis\u00e9 - Blooming Heroes\" \/>\n<meta property=\"og:description\" content=\"Initialement pens\u00e9e &quot;par les \u00e9lus pour les \u00e9lus&quot; (CSE), cette plateforme d&#039;avantages nouvelle g\u00e9n\u00e9ration est 100% personnalisable et offre un large...\" \/>\n<meta property=\"og:url\" content=\"https:\/\/blooming-heroes.com\/produit\/programme-davantages-salaries-simple-moderne-et-personnalise\/\" \/>\n<meta property=\"og:site_name\" content=\"Blooming Heroes\" \/>\n<meta property=\"article:modified_time\" content=\"2023-11-13T16:21:30+00:00\" \/>\n<meta property=\"og:image\" content=\"https:\/\/blooming-heroes.com\/wp-content\/uploads\/2023\/08\/cse_chouchouter-vos-salaries-min.jpeg\" \/>\n\t<meta property=\"og:image:width\" content=\"320\" \/>\n\t<meta property=\"og:image:height\" content=\"213\" \/>\n\t<meta property=\"og:image:type\" content=\"image\/jpeg\" \/>\n<meta name=\"twitter:card\" content=\"summary_large_image\" \/>\n<meta name=\"twitter:label1\" content=\"Est. reading time\" \/>\n\t<meta name=\"twitter:data1\" content=\"1 minute\" \/>\n<script type=\"application\/ld+json\" class=\"yoast-schema-graph\">{\"@context\":\"https:\\\/\\\/schema.org\",\"@graph\":[{\"@type\":\"WebPage\",\"@id\":\"https:\\\/\\\/blooming-heroes.com\\\/produit\\\/programme-davantages-salaries-simple-moderne-et-personnalise\\\/\",\"url\":\"https:\\\/\\\/blooming-heroes.com\\\/produit\\\/programme-davantages-salaries-simple-moderne-et-personnalise\\\/\",\"name\":\"Programme d'avantages salari\u00e9s simple, moderne et personnalis\u00e9 - Blooming Heroes\",\"isPartOf\":{\"@id\":\"https:\\\/\\\/blooming-heroes.com\\\/#website\"},\"primaryImageOfPage\":{\"@id\":\"https:\\\/\\\/blooming-heroes.com\\\/produit\\\/programme-davantages-salaries-simple-moderne-et-personnalise\\\/#primaryimage\"},\"image\":{\"@id\":\"https:\\\/\\\/blooming-heroes.com\\\/produit\\\/programme-davantages-salaries-simple-moderne-et-personnalise\\\/#primaryimage\"},\"thumbnailUrl\":\"https:\\\/\\\/blooming-heroes.com\\\/wp-content\\\/uploads\\\/2023\\\/08\\\/cse_chouchouter-vos-salaries-min.jpeg\",\"datePublished\":\"2023-08-12T09:52:31+00:00\",\"dateModified\":\"2023-11-13T16:21:30+00:00\",\"description\":\"Initialement pens\u00e9e \\\"par les \u00e9lus pour les \u00e9lus\\\" (CSE), cette plateforme d'avantages nouvelle g\u00e9n\u00e9ration est 100% personnalisable et offre un large...\",\"breadcrumb\":{\"@id\":\"https:\\\/\\\/blooming-heroes.com\\\/produit\\\/programme-davantages-salaries-simple-moderne-et-personnalise\\\/#breadcrumb\"},\"inLanguage\":\"en-US\",\"potentialAction\":[{\"@type\":\"ReadAction\",\"target\":[\"https:\\\/\\\/blooming-heroes.com\\\/produit\\\/programme-davantages-salaries-simple-moderne-et-personnalise\\\/\"]}]},{\"@type\":\"ImageObject\",\"inLanguage\":\"en-US\",\"@id\":\"https:\\\/\\\/blooming-heroes.com\\\/produit\\\/programme-davantages-salaries-simple-moderne-et-personnalise\\\/#primaryimage\",\"url\":\"https:\\\/\\\/blooming-heroes.com\\\/wp-content\\\/uploads\\\/2023\\\/08\\\/cse_chouchouter-vos-salaries-min.jpeg\",\"contentUrl\":\"https:\\\/\\\/blooming-heroes.com\\\/wp-content\\\/uploads\\\/2023\\\/08\\\/cse_chouchouter-vos-salaries-min.jpeg\",\"width\":320,\"height\":213},{\"@type\":\"BreadcrumbList\",\"@id\":\"https:\\\/\\\/blooming-heroes.com\\\/produit\\\/programme-davantages-salaries-simple-moderne-et-personnalise\\\/#breadcrumb\",\"itemListElement\":[{\"@type\":\"ListItem\",\"position\":1,\"name\":\"Accueil\",\"item\":\"https:\\\/\\\/blooming-heroes.com\\\/en\\\/\"},{\"@type\":\"ListItem\",\"position\":2,\"name\":\"Produits\",\"item\":\"https:\\\/\\\/blooming-heroes.com\\\/shop\\\/\"},{\"@type\":\"ListItem\",\"position\":3,\"name\":\"Programme d&rsquo;avantages salari\u00e9s simple, moderne et personnalis\u00e9\"}]},{\"@type\":\"WebSite\",\"@id\":\"https:\\\/\\\/blooming-heroes.com\\\/#website\",\"url\":\"https:\\\/\\\/blooming-heroes.com\\\/\",\"name\":\"Blooming Heroes\",\"description\":\"Les h\u00e9ros du bien-vivre au travail\",\"publisher\":{\"@id\":\"https:\\\/\\\/blooming-heroes.com\\\/#organization\"},\"potentialAction\":[{\"@type\":\"SearchAction\",\"target\":{\"@type\":\"EntryPoint\",\"urlTemplate\":\"https:\\\/\\\/blooming-heroes.com\\\/?s={search_term_string}\"},\"query-input\":{\"@type\":\"PropertyValueSpecification\",\"valueRequired\":true,\"valueName\":\"search_term_string\"}}],\"inLanguage\":\"en-US\"},{\"@type\":\"Organization\",\"@id\":\"https:\\\/\\\/blooming-heroes.com\\\/#organization\",\"name\":\"Blooming Heroes\",\"url\":\"https:\\\/\\\/blooming-heroes.com\\\/\",\"logo\":{\"@type\":\"ImageObject\",\"inLanguage\":\"en-US\",\"@id\":\"https:\\\/\\\/blooming-heroes.com\\\/#\\\/schema\\\/logo\\\/image\\\/\",\"url\":\"https:\\\/\\\/blooming-heroes.com\\\/wp-content\\\/uploads\\\/2022\\\/01\\\/cropped-Fichier-19.png\",\"contentUrl\":\"https:\\\/\\\/blooming-heroes.com\\\/wp-content\\\/uploads\\\/2022\\\/01\\\/cropped-Fichier-19.png\",\"width\":512,\"height\":512,\"caption\":\"Blooming Heroes\"},\"image\":{\"@id\":\"https:\\\/\\\/blooming-heroes.com\\\/#\\\/schema\\\/logo\\\/image\\\/\"}}]}<\/script>\n<!-- \/ Yoast SEO plugin. -->","yoast_head_json":{"title":"Programme d'avantages salari\u00e9s simple, moderne et personnalis\u00e9 - Blooming Heroes","description":"Initialement pens\u00e9e \"par les \u00e9lus pour les \u00e9lus\" (CSE), cette plateforme d'avantages nouvelle g\u00e9n\u00e9ration est 100% personnalisable et offre un large...","robots":{"index":"index","follow":"follow","max-snippet":"max-snippet:-1","max-image-preview":"max-image-preview:large","max-video-preview":"max-video-preview:-1"},"canonical":"https:\/\/blooming-heroes.com\/produit\/programme-davantages-salaries-simple-moderne-et-personnalise\/","og_locale":"en_US","og_type":"article","og_title":"Programme d'avantages salari\u00e9s simple, moderne et personnalis\u00e9 - Blooming Heroes","og_description":"Initialement pens\u00e9e \"par les \u00e9lus pour les \u00e9lus\" (CSE), cette plateforme d'avantages nouvelle g\u00e9n\u00e9ration est 100% personnalisable et offre un large...","og_url":"https:\/\/blooming-heroes.com\/produit\/programme-davantages-salaries-simple-moderne-et-personnalise\/","og_site_name":"Blooming Heroes","article_modified_time":"2023-11-13T16:21:30+00:00","og_image":[{"width":320,"height":213,"url":"https:\/\/blooming-heroes.com\/wp-content\/uploads\/2023\/08\/cse_chouchouter-vos-salaries-min.jpeg","type":"image\/jpeg"}],"twitter_card":"summary_large_image","twitter_misc":{"Est. reading time":"1 minute"},"schema":{"@context":"https:\/\/schema.org","@graph":[{"@type":"WebPage","@id":"https:\/\/blooming-heroes.com\/produit\/programme-davantages-salaries-simple-moderne-et-personnalise\/","url":"https:\/\/blooming-heroes.com\/produit\/programme-davantages-salaries-simple-moderne-et-personnalise\/","name":"Programme d'avantages salari\u00e9s simple, moderne et personnalis\u00e9 - Blooming Heroes","isPartOf":{"@id":"https:\/\/blooming-heroes.com\/#website"},"primaryImageOfPage":{"@id":"https:\/\/blooming-heroes.com\/produit\/programme-davantages-salaries-simple-moderne-et-personnalise\/#primaryimage"},"image":{"@id":"https:\/\/blooming-heroes.com\/produit\/programme-davantages-salaries-simple-moderne-et-personnalise\/#primaryimage"},"thumbnailUrl":"https:\/\/blooming-heroes.com\/wp-content\/uploads\/2023\/08\/cse_chouchouter-vos-salaries-min.jpeg","datePublished":"2023-08-12T09:52:31+00:00","dateModified":"2023-11-13T16:21:30+00:00","description":"Initialement pens\u00e9e \"par les \u00e9lus pour les \u00e9lus\" (CSE), cette plateforme d'avantages nouvelle g\u00e9n\u00e9ration est 100% personnalisable et offre un large...","breadcrumb":{"@id":"https:\/\/blooming-heroes.com\/produit\/programme-davantages-salaries-simple-moderne-et-personnalise\/#breadcrumb"},"inLanguage":"en-US","potentialAction":[{"@type":"ReadAction","target":["https:\/\/blooming-heroes.com\/produit\/programme-davantages-salaries-simple-moderne-et-personnalise\/"]}]},{"@type":"ImageObject","inLanguage":"en-US","@id":"https:\/\/blooming-heroes.com\/produit\/programme-davantages-salaries-simple-moderne-et-personnalise\/#primaryimage","url":"https:\/\/blooming-heroes.com\/wp-content\/uploads\/2023\/08\/cse_chouchouter-vos-salaries-min.jpeg","contentUrl":"https:\/\/blooming-heroes.com\/wp-content\/uploads\/2023\/08\/cse_chouchouter-vos-salaries-min.jpeg","width":320,"height":213},{"@type":"BreadcrumbList","@id":"https:\/\/blooming-heroes.com\/produit\/programme-davantages-salaries-simple-moderne-et-personnalise\/#breadcrumb","itemListElement":[{"@type":"ListItem","position":1,"name":"Accueil","item":"https:\/\/blooming-heroes.com\/en\/"},{"@type":"ListItem","position":2,"name":"Produits","item":"https:\/\/blooming-heroes.com\/shop\/"},{"@type":"ListItem","position":3,"name":"Programme d&rsquo;avantages salari\u00e9s simple, moderne et personnalis\u00e9"}]},{"@type":"WebSite","@id":"https:\/\/blooming-heroes.com\/#website","url":"https:\/\/blooming-heroes.com\/","name":"Blooming Heroes","description":"Les h\u00e9ros du bien-vivre au travail","publisher":{"@id":"https:\/\/blooming-heroes.com\/#organization"},"potentialAction":[{"@type":"SearchAction","target":{"@type":"EntryPoint","urlTemplate":"https:\/\/blooming-heroes.com\/?s={search_term_string}"},"query-input":{"@type":"PropertyValueSpecification","valueRequired":true,"valueName":"search_term_string"}}],"inLanguage":"en-US"},{"@type":"Organization","@id":"https:\/\/blooming-heroes.com\/#organization","name":"Blooming Heroes","url":"https:\/\/blooming-heroes.com\/","logo":{"@type":"ImageObject","inLanguage":"en-US","@id":"https:\/\/blooming-heroes.com\/#\/schema\/logo\/image\/","url":"https:\/\/blooming-heroes.com\/wp-content\/uploads\/2022\/01\/cropped-Fichier-19.png","contentUrl":"https:\/\/blooming-heroes.com\/wp-content\/uploads\/2022\/01\/cropped-Fichier-19.png","width":512,"height":512,"caption":"Blooming Heroes"},"image":{"@id":"https:\/\/blooming-heroes.com\/#\/schema\/logo\/image\/"}}]}},"_links":{"self":[{"href":"https:\/\/blooming-heroes.com\/en\/wp-json\/wp\/v2\/product\/5534","targetHints":{"allow":["GET"]}}],"collection":[{"href":"https:\/\/blooming-heroes.com\/en\/wp-json\/wp\/v2\/product"}],"about":[{"href":"https:\/\/blooming-heroes.com\/en\/wp-json\/wp\/v2\/types\/product"}],"replies":[{"embeddable":true,"href":"https:\/\/blooming-heroes.com\/en\/wp-json\/wp\/v2\/comments?post=5534"}],"wp:featuredmedia":[{"embeddable":true,"href":"https:\/\/blooming-heroes.com\/en\/wp-json\/wp\/v2\/media\/6797"}],"wp:attachment":[{"href":"https:\/\/blooming-heroes.com\/en\/wp-json\/wp\/v2\/media?parent=5534"}],"wp:term":[{"taxonomy":"product_brand","embeddable":true,"href":"https:\/\/blooming-heroes.com\/en\/wp-json\/wp\/v2\/product_brand?post=5534"},{"taxonomy":"product_cat","embeddable":true,"href":"https:\/\/blooming-heroes.com\/en\/wp-json\/wp\/v2\/product_cat?post=5534"},{"taxonomy":"product_tag","embeddable":true,"href":"https:\/\/blooming-heroes.com\/en\/wp-json\/wp\/v2\/product_tag?post=5534"}],"curies":[{"name":"wp","href":"https:\/\/api.w.org\/{rel}","templated":true}]}}