
{"id":5537,"date":"2023-08-12T11:57:46","date_gmt":"2023-08-12T09:57:46","guid":{"rendered":"https:\/\/blooming.dev05.fr\/?post_type=product&#038;p=5537"},"modified":"2023-11-13T17:21:04","modified_gmt":"2023-11-13T16:21:04","slug":"plateforme-holistique-de-sante-mentale","status":"publish","type":"product","link":"https:\/\/blooming-heroes.com\/en\/produit\/plateforme-holistique-de-sante-mentale\/","title":{"rendered":"Plateforme holistique de sant\u00e9 mentale"},"content":{"rendered":"<p>Objectif affich\u00e9 de cette plateforme hollistique de sant\u00e9 mentale : permettre \u00e0 chacun de prendre soin de sa sant\u00e9 mentale, et que cela devienne un r\u00e9flexe au quotidien. Ce programme repose sur une approche \u00e0 la fois individuelle et collective. D&#8217;un point de vue individuel, vos collaborateurs ont acc\u00e8s \u00e0 une application mobile qui int\u00e8gre un questionnaire d&#8217;auto-\u00e9valuation permettant d&#8217;obtenir une cartographie de leur situation, \u00e0 partir de laquelle ils peuvent construire un programme d&#8217;accompagnement personalis\u00e9 comprennant des outils de th\u00e9rapie digitale et de d\u00e9veloppement personnel, des contenus d&#8217;information et la possibilit\u00e9 de prendre rendez-vous directement depuis l&#8217;application avec des th\u00e9rapeutes pour des s\u00e9ances d&#8217;accompagnement individuelles. C\u00f4t\u00e9 collectif, cette solution vous offre un outil de mesure des RPS et vous aide \u00e0 insufler une culture de la sant\u00e9 mentale au sein de votre organisation via des campagnes de communication, des ateliers ou formations sur des sujets en lien avec vos probl\u00e9matiques pr\u00e9cises. Par ailleurs, une cellule de crise vous accompagne en cas d&#8217;\u00e9v\u00e9nement grave ou d&#8217;urgence. L&#8217;entreprise affiche un taux d&#8217;utilisation de 40%.<\/p>\n","protected":false},"excerpt":{"rendered":"<p>Objectif affich\u00e9 de cette plateforme hollistique de sant\u00e9 mentale : permettre \u00e0 chacun de prendre soin de sa sant\u00e9 mentale, et que cela devienne un r\u00e9flexe au quotidien. Ce programme repose sur une approche \u00e0 la fois individuelle et collective. D&#8217;un point de vue individuel, vos collaborateurs ont acc\u00e8s \u00e0 une application mobile qui int\u00e8gre [&hellip;]<\/p>\n","protected":false},"featured_media":6817,"comment_status":"open","ping_status":"closed","template":"","meta":{"inline_featured_image":false,"_glsr_average":0,"_glsr_ranking":0,"_glsr_reviews":0},"product_brand":[],"product_cat":[90,80,75],"product_tag":[128,112,116,113,114,57,70],"class_list":{"0":"post-5537","1":"product","2":"type-product","3":"status-publish","4":"has-post-thumbnail","6":"product_cat-competences-developpement-personnel","7":"product_cat-qvt-qvct","8":"product_cat-sante-mentale-stress-rps","9":"product_tag-audit","10":"product_tag-consultations-teleconsultations","11":"product_tag-formation-digitale","12":"product_tag-formation-ateliers-conferences","13":"product_tag-gestion-de-crise-et-de-situation-durgence","14":"product_tag-plateformes-digitales-applications-mobile","15":"product_tag-soutien-aux-salaries","17":"first","18":"instock","19":"shipping-taxable","20":"product-type-simple"},"yoast_head":"<!-- This site is optimized with the Yoast SEO plugin v27.4 - https:\/\/yoast.com\/product\/yoast-seo-wordpress\/ -->\n<title>Plateforme holistique de sant\u00e9 mentale - Blooming Heroes<\/title>\n<meta name=\"description\" content=\"Objectif affich\u00e9 de cette plateforme hollistique de sant\u00e9 mentale : permettre \u00e0 chacun de prendre soin de sa sant\u00e9 mentale, et que cela devienne...\" \/>\n<meta name=\"robots\" content=\"index, follow, max-snippet:-1, max-image-preview:large, max-video-preview:-1\" \/>\n<link rel=\"canonical\" href=\"https:\/\/blooming-heroes.com\/produit\/plateforme-holistique-de-sante-mentale\/\" \/>\n<meta property=\"og:locale\" content=\"en_US\" \/>\n<meta property=\"og:type\" content=\"article\" \/>\n<meta property=\"og:title\" content=\"Plateforme holistique de sant\u00e9 mentale - Blooming Heroes\" \/>\n<meta property=\"og:description\" content=\"Objectif affich\u00e9 de cette plateforme hollistique de sant\u00e9 mentale : permettre \u00e0 chacun de prendre soin de sa sant\u00e9 mentale, et que cela devienne...\" \/>\n<meta property=\"og:url\" content=\"https:\/\/blooming-heroes.com\/produit\/plateforme-holistique-de-sante-mentale\/\" \/>\n<meta property=\"og:site_name\" content=\"Blooming Heroes\" \/>\n<meta property=\"article:modified_time\" content=\"2023-11-13T16:21:04+00:00\" \/>\n<meta property=\"og:image\" content=\"https:\/\/blooming-heroes.com\/wp-content\/uploads\/2023\/08\/Environnement_sain_smiley_sourir_bureau-page-marketplace-min.jpeg\" \/>\n\t<meta property=\"og:image:width\" content=\"1024\" \/>\n\t<meta property=\"og:image:height\" content=\"682\" \/>\n\t<meta property=\"og:image:type\" content=\"image\/jpeg\" \/>\n<meta name=\"twitter:card\" content=\"summary_large_image\" \/>\n<meta name=\"twitter:label1\" content=\"Est. reading time\" \/>\n\t<meta name=\"twitter:data1\" content=\"1 minute\" \/>\n<script type=\"application\/ld+json\" class=\"yoast-schema-graph\">{\"@context\":\"https:\\\/\\\/schema.org\",\"@graph\":[{\"@type\":\"WebPage\",\"@id\":\"https:\\\/\\\/blooming-heroes.com\\\/produit\\\/plateforme-holistique-de-sante-mentale\\\/\",\"url\":\"https:\\\/\\\/blooming-heroes.com\\\/produit\\\/plateforme-holistique-de-sante-mentale\\\/\",\"name\":\"Plateforme holistique de sant\u00e9 mentale - Blooming Heroes\",\"isPartOf\":{\"@id\":\"https:\\\/\\\/blooming-heroes.com\\\/#website\"},\"primaryImageOfPage\":{\"@id\":\"https:\\\/\\\/blooming-heroes.com\\\/produit\\\/plateforme-holistique-de-sante-mentale\\\/#primaryimage\"},\"image\":{\"@id\":\"https:\\\/\\\/blooming-heroes.com\\\/produit\\\/plateforme-holistique-de-sante-mentale\\\/#primaryimage\"},\"thumbnailUrl\":\"https:\\\/\\\/blooming-heroes.com\\\/wp-content\\\/uploads\\\/2023\\\/08\\\/Environnement_sain_smiley_sourir_bureau-page-marketplace-min.jpeg\",\"datePublished\":\"2023-08-12T09:57:46+00:00\",\"dateModified\":\"2023-11-13T16:21:04+00:00\",\"description\":\"Objectif affich\u00e9 de cette plateforme hollistique de sant\u00e9 mentale : permettre \u00e0 chacun de prendre soin de sa sant\u00e9 mentale, et que cela devienne...\",\"breadcrumb\":{\"@id\":\"https:\\\/\\\/blooming-heroes.com\\\/produit\\\/plateforme-holistique-de-sante-mentale\\\/#breadcrumb\"},\"inLanguage\":\"en-US\",\"potentialAction\":[{\"@type\":\"ReadAction\",\"target\":[\"https:\\\/\\\/blooming-heroes.com\\\/produit\\\/plateforme-holistique-de-sante-mentale\\\/\"]}]},{\"@type\":\"ImageObject\",\"inLanguage\":\"en-US\",\"@id\":\"https:\\\/\\\/blooming-heroes.com\\\/produit\\\/plateforme-holistique-de-sante-mentale\\\/#primaryimage\",\"url\":\"https:\\\/\\\/blooming-heroes.com\\\/wp-content\\\/uploads\\\/2023\\\/08\\\/Environnement_sain_smiley_sourir_bureau-page-marketplace-min.jpeg\",\"contentUrl\":\"https:\\\/\\\/blooming-heroes.com\\\/wp-content\\\/uploads\\\/2023\\\/08\\\/Environnement_sain_smiley_sourir_bureau-page-marketplace-min.jpeg\",\"width\":1024,\"height\":682},{\"@type\":\"BreadcrumbList\",\"@id\":\"https:\\\/\\\/blooming-heroes.com\\\/produit\\\/plateforme-holistique-de-sante-mentale\\\/#breadcrumb\",\"itemListElement\":[{\"@type\":\"ListItem\",\"position\":1,\"name\":\"Accueil\",\"item\":\"https:\\\/\\\/blooming-heroes.com\\\/en\\\/\"},{\"@type\":\"ListItem\",\"position\":2,\"name\":\"Produits\",\"item\":\"https:\\\/\\\/blooming-heroes.com\\\/shop\\\/\"},{\"@type\":\"ListItem\",\"position\":3,\"name\":\"Plateforme holistique de sant\u00e9 mentale\"}]},{\"@type\":\"WebSite\",\"@id\":\"https:\\\/\\\/blooming-heroes.com\\\/#website\",\"url\":\"https:\\\/\\\/blooming-heroes.com\\\/\",\"name\":\"Blooming Heroes\",\"description\":\"Les h\u00e9ros du bien-vivre au travail\",\"publisher\":{\"@id\":\"https:\\\/\\\/blooming-heroes.com\\\/#organization\"},\"potentialAction\":[{\"@type\":\"SearchAction\",\"target\":{\"@type\":\"EntryPoint\",\"urlTemplate\":\"https:\\\/\\\/blooming-heroes.com\\\/?s={search_term_string}\"},\"query-input\":{\"@type\":\"PropertyValueSpecification\",\"valueRequired\":true,\"valueName\":\"search_term_string\"}}],\"inLanguage\":\"en-US\"},{\"@type\":\"Organization\",\"@id\":\"https:\\\/\\\/blooming-heroes.com\\\/#organization\",\"name\":\"Blooming Heroes\",\"url\":\"https:\\\/\\\/blooming-heroes.com\\\/\",\"logo\":{\"@type\":\"ImageObject\",\"inLanguage\":\"en-US\",\"@id\":\"https:\\\/\\\/blooming-heroes.com\\\/#\\\/schema\\\/logo\\\/image\\\/\",\"url\":\"https:\\\/\\\/blooming-heroes.com\\\/wp-content\\\/uploads\\\/2022\\\/01\\\/cropped-Fichier-19.png\",\"contentUrl\":\"https:\\\/\\\/blooming-heroes.com\\\/wp-content\\\/uploads\\\/2022\\\/01\\\/cropped-Fichier-19.png\",\"width\":512,\"height\":512,\"caption\":\"Blooming Heroes\"},\"image\":{\"@id\":\"https:\\\/\\\/blooming-heroes.com\\\/#\\\/schema\\\/logo\\\/image\\\/\"}}]}<\/script>\n<!-- \/ Yoast SEO plugin. -->","yoast_head_json":{"title":"Plateforme holistique de sant\u00e9 mentale - Blooming Heroes","description":"Objectif affich\u00e9 de cette plateforme hollistique de sant\u00e9 mentale : permettre \u00e0 chacun de prendre soin de sa sant\u00e9 mentale, et que cela devienne...","robots":{"index":"index","follow":"follow","max-snippet":"max-snippet:-1","max-image-preview":"max-image-preview:large","max-video-preview":"max-video-preview:-1"},"canonical":"https:\/\/blooming-heroes.com\/produit\/plateforme-holistique-de-sante-mentale\/","og_locale":"en_US","og_type":"article","og_title":"Plateforme holistique de sant\u00e9 mentale - Blooming Heroes","og_description":"Objectif affich\u00e9 de cette plateforme hollistique de sant\u00e9 mentale : permettre \u00e0 chacun de prendre soin de sa sant\u00e9 mentale, et que cela devienne...","og_url":"https:\/\/blooming-heroes.com\/produit\/plateforme-holistique-de-sante-mentale\/","og_site_name":"Blooming Heroes","article_modified_time":"2023-11-13T16:21:04+00:00","og_image":[{"width":1024,"height":682,"url":"https:\/\/blooming-heroes.com\/wp-content\/uploads\/2023\/08\/Environnement_sain_smiley_sourir_bureau-page-marketplace-min.jpeg","type":"image\/jpeg"}],"twitter_card":"summary_large_image","twitter_misc":{"Est. reading time":"1 minute"},"schema":{"@context":"https:\/\/schema.org","@graph":[{"@type":"WebPage","@id":"https:\/\/blooming-heroes.com\/produit\/plateforme-holistique-de-sante-mentale\/","url":"https:\/\/blooming-heroes.com\/produit\/plateforme-holistique-de-sante-mentale\/","name":"Plateforme holistique de sant\u00e9 mentale - Blooming Heroes","isPartOf":{"@id":"https:\/\/blooming-heroes.com\/#website"},"primaryImageOfPage":{"@id":"https:\/\/blooming-heroes.com\/produit\/plateforme-holistique-de-sante-mentale\/#primaryimage"},"image":{"@id":"https:\/\/blooming-heroes.com\/produit\/plateforme-holistique-de-sante-mentale\/#primaryimage"},"thumbnailUrl":"https:\/\/blooming-heroes.com\/wp-content\/uploads\/2023\/08\/Environnement_sain_smiley_sourir_bureau-page-marketplace-min.jpeg","datePublished":"2023-08-12T09:57:46+00:00","dateModified":"2023-11-13T16:21:04+00:00","description":"Objectif affich\u00e9 de cette plateforme hollistique de sant\u00e9 mentale : permettre \u00e0 chacun de prendre soin de sa sant\u00e9 mentale, et que cela devienne...","breadcrumb":{"@id":"https:\/\/blooming-heroes.com\/produit\/plateforme-holistique-de-sante-mentale\/#breadcrumb"},"inLanguage":"en-US","potentialAction":[{"@type":"ReadAction","target":["https:\/\/blooming-heroes.com\/produit\/plateforme-holistique-de-sante-mentale\/"]}]},{"@type":"ImageObject","inLanguage":"en-US","@id":"https:\/\/blooming-heroes.com\/produit\/plateforme-holistique-de-sante-mentale\/#primaryimage","url":"https:\/\/blooming-heroes.com\/wp-content\/uploads\/2023\/08\/Environnement_sain_smiley_sourir_bureau-page-marketplace-min.jpeg","contentUrl":"https:\/\/blooming-heroes.com\/wp-content\/uploads\/2023\/08\/Environnement_sain_smiley_sourir_bureau-page-marketplace-min.jpeg","width":1024,"height":682},{"@type":"BreadcrumbList","@id":"https:\/\/blooming-heroes.com\/produit\/plateforme-holistique-de-sante-mentale\/#breadcrumb","itemListElement":[{"@type":"ListItem","position":1,"name":"Accueil","item":"https:\/\/blooming-heroes.com\/en\/"},{"@type":"ListItem","position":2,"name":"Produits","item":"https:\/\/blooming-heroes.com\/shop\/"},{"@type":"ListItem","position":3,"name":"Plateforme holistique de sant\u00e9 mentale"}]},{"@type":"WebSite","@id":"https:\/\/blooming-heroes.com\/#website","url":"https:\/\/blooming-heroes.com\/","name":"Blooming Heroes","description":"Les h\u00e9ros du bien-vivre au travail","publisher":{"@id":"https:\/\/blooming-heroes.com\/#organization"},"potentialAction":[{"@type":"SearchAction","target":{"@type":"EntryPoint","urlTemplate":"https:\/\/blooming-heroes.com\/?s={search_term_string}"},"query-input":{"@type":"PropertyValueSpecification","valueRequired":true,"valueName":"search_term_string"}}],"inLanguage":"en-US"},{"@type":"Organization","@id":"https:\/\/blooming-heroes.com\/#organization","name":"Blooming Heroes","url":"https:\/\/blooming-heroes.com\/","logo":{"@type":"ImageObject","inLanguage":"en-US","@id":"https:\/\/blooming-heroes.com\/#\/schema\/logo\/image\/","url":"https:\/\/blooming-heroes.com\/wp-content\/uploads\/2022\/01\/cropped-Fichier-19.png","contentUrl":"https:\/\/blooming-heroes.com\/wp-content\/uploads\/2022\/01\/cropped-Fichier-19.png","width":512,"height":512,"caption":"Blooming Heroes"},"image":{"@id":"https:\/\/blooming-heroes.com\/#\/schema\/logo\/image\/"}}]}},"_links":{"self":[{"href":"https:\/\/blooming-heroes.com\/en\/wp-json\/wp\/v2\/product\/5537","targetHints":{"allow":["GET"]}}],"collection":[{"href":"https:\/\/blooming-heroes.com\/en\/wp-json\/wp\/v2\/product"}],"about":[{"href":"https:\/\/blooming-heroes.com\/en\/wp-json\/wp\/v2\/types\/product"}],"replies":[{"embeddable":true,"href":"https:\/\/blooming-heroes.com\/en\/wp-json\/wp\/v2\/comments?post=5537"}],"wp:featuredmedia":[{"embeddable":true,"href":"https:\/\/blooming-heroes.com\/en\/wp-json\/wp\/v2\/media\/6817"}],"wp:attachment":[{"href":"https:\/\/blooming-heroes.com\/en\/wp-json\/wp\/v2\/media?parent=5537"}],"wp:term":[{"taxonomy":"product_brand","embeddable":true,"href":"https:\/\/blooming-heroes.com\/en\/wp-json\/wp\/v2\/product_brand?post=5537"},{"taxonomy":"product_cat","embeddable":true,"href":"https:\/\/blooming-heroes.com\/en\/wp-json\/wp\/v2\/product_cat?post=5537"},{"taxonomy":"product_tag","embeddable":true,"href":"https:\/\/blooming-heroes.com\/en\/wp-json\/wp\/v2\/product_tag?post=5537"}],"curies":[{"name":"wp","href":"https:\/\/api.w.org\/{rel}","templated":true}]}}