
{"id":5538,"date":"2023-08-12T12:00:26","date_gmt":"2023-08-12T10:00:26","guid":{"rendered":"https:\/\/blooming.dev05.fr\/?post_type=product&#038;p=5538"},"modified":"2023-11-13T17:20:37","modified_gmt":"2023-11-13T16:20:37","slug":"programme-daccompagnement-sante-mentale","status":"publish","type":"product","link":"https:\/\/blooming-heroes.com\/en\/produit\/programme-daccompagnement-sante-mentale\/","title":{"rendered":"Programme d&#8217;accompagnement Sant\u00e9 mentale"},"content":{"rendered":"<p>Ce programme sant\u00e9 mentale int\u00e8gre une plateforme qui permet \u00e0 vos salari\u00e9s d&#8217;acc\u00e9der \u00e0 des consultations virtuelles avec des psychologues mais aussi \u00e0 un ensemble de contenus destin\u00e9s \u00e0 les aider \u00e0 am\u00e9liorer leur sant\u00e9 mentale. En plus d&#8217;un ensemble de vid\u00e9os, podcasts, articles et exercices pratiques, vos collaborateurs pourront participer \u00e0 des tests de personnalit\u00e9 ou r\u00e9pondre \u00e0 des sondages et barom\u00e8tres QVCT, d\u00e9velopper leurs soft skills avec des parcours guid\u00e9s interactifs, participer \u00e0 des \u00e9v\u00e9nements bien-\u00eatre hebdomadaires ou encore \u00e0 des d\u00e9fis RSE, le tout dans le cadre d&#8217;une exp\u00e9rience confidentielle et personnalis\u00e9e. En plus du programme collaborateurs, des formations et sensibilisations managers pourront vous \u00eatre propos\u00e9s, ainsi qu&#8217;un accompagnement RH pour vous aider \u00e0 mettre en place une politique de bien-\u00eatre \u00e0 la hauteur de vos attentes, et \u00e0 en mesurer l\u2019impact, notamment gr\u00e2ce \u00e0 un dashboard complet.<\/p>\n","protected":false},"excerpt":{"rendered":"<p>Ce programme sant\u00e9 mentale int\u00e8gre une plateforme qui permet \u00e0 vos salari\u00e9s d&#8217;acc\u00e9der \u00e0 des consultations virtuelles avec des psychologues mais aussi \u00e0 un ensemble de contenus destin\u00e9s \u00e0 les aider \u00e0 am\u00e9liorer leur sant\u00e9 mentale. En plus d&#8217;un ensemble de vid\u00e9os, podcasts, articles et exercices pratiques, vos collaborateurs pourront participer \u00e0 des tests de [&hellip;]<\/p>\n","protected":false},"featured_media":6817,"comment_status":"open","ping_status":"closed","template":"","meta":{"inline_featured_image":false,"_glsr_average":0,"_glsr_ranking":0,"_glsr_reviews":0},"product_brand":[],"product_cat":[90,80,75],"product_tag":[128,112,116,113,57,70],"class_list":{"0":"post-5538","1":"product","2":"type-product","3":"status-publish","4":"has-post-thumbnail","6":"product_cat-competences-developpement-personnel","7":"product_cat-qvt-qvct","8":"product_cat-sante-mentale-stress-rps","9":"product_tag-audit","10":"product_tag-consultations-teleconsultations","11":"product_tag-formation-digitale","12":"product_tag-formation-ateliers-conferences","13":"product_tag-plateformes-digitales-applications-mobile","14":"product_tag-soutien-aux-salaries","16":"first","17":"instock","18":"shipping-taxable","19":"product-type-simple"},"yoast_head":"<!-- This site is optimized with the Yoast SEO plugin v27.4 - https:\/\/yoast.com\/product\/yoast-seo-wordpress\/ -->\n<title>Programme d&#039;accompagnement Sant\u00e9 mentale - Blooming Heroes<\/title>\n<meta name=\"description\" content=\"Ce programme sant\u00e9 mentale int\u00e8gre une plateforme qui permet \u00e0 vos salari\u00e9s d&#039;acc\u00e9der \u00e0 des consultations virtuelles avec des psychologues mais aussi \u00e0...\" \/>\n<meta name=\"robots\" content=\"index, follow, max-snippet:-1, max-image-preview:large, max-video-preview:-1\" \/>\n<link rel=\"canonical\" href=\"https:\/\/blooming-heroes.com\/produit\/programme-daccompagnement-sante-mentale\/\" \/>\n<meta property=\"og:locale\" content=\"en_US\" \/>\n<meta property=\"og:type\" content=\"article\" \/>\n<meta property=\"og:title\" content=\"Programme d&#039;accompagnement Sant\u00e9 mentale - Blooming Heroes\" \/>\n<meta property=\"og:description\" content=\"Ce programme sant\u00e9 mentale int\u00e8gre une plateforme qui permet \u00e0 vos salari\u00e9s d&#039;acc\u00e9der \u00e0 des consultations virtuelles avec des psychologues mais aussi \u00e0...\" \/>\n<meta property=\"og:url\" content=\"https:\/\/blooming-heroes.com\/produit\/programme-daccompagnement-sante-mentale\/\" \/>\n<meta property=\"og:site_name\" content=\"Blooming Heroes\" \/>\n<meta property=\"article:modified_time\" content=\"2023-11-13T16:20:37+00:00\" \/>\n<meta property=\"og:image\" content=\"https:\/\/blooming-heroes.com\/wp-content\/uploads\/2023\/08\/Environnement_sain_smiley_sourir_bureau-page-marketplace-min.jpeg\" \/>\n\t<meta property=\"og:image:width\" content=\"1024\" \/>\n\t<meta property=\"og:image:height\" content=\"682\" \/>\n\t<meta property=\"og:image:type\" content=\"image\/jpeg\" \/>\n<meta name=\"twitter:card\" content=\"summary_large_image\" \/>\n<meta name=\"twitter:label1\" content=\"Est. reading time\" \/>\n\t<meta name=\"twitter:data1\" content=\"1 minute\" \/>\n<script type=\"application\/ld+json\" class=\"yoast-schema-graph\">{\"@context\":\"https:\\\/\\\/schema.org\",\"@graph\":[{\"@type\":\"WebPage\",\"@id\":\"https:\\\/\\\/blooming-heroes.com\\\/produit\\\/programme-daccompagnement-sante-mentale\\\/\",\"url\":\"https:\\\/\\\/blooming-heroes.com\\\/produit\\\/programme-daccompagnement-sante-mentale\\\/\",\"name\":\"Programme d'accompagnement Sant\u00e9 mentale - Blooming Heroes\",\"isPartOf\":{\"@id\":\"https:\\\/\\\/blooming-heroes.com\\\/#website\"},\"primaryImageOfPage\":{\"@id\":\"https:\\\/\\\/blooming-heroes.com\\\/produit\\\/programme-daccompagnement-sante-mentale\\\/#primaryimage\"},\"image\":{\"@id\":\"https:\\\/\\\/blooming-heroes.com\\\/produit\\\/programme-daccompagnement-sante-mentale\\\/#primaryimage\"},\"thumbnailUrl\":\"https:\\\/\\\/blooming-heroes.com\\\/wp-content\\\/uploads\\\/2023\\\/08\\\/Environnement_sain_smiley_sourir_bureau-page-marketplace-min.jpeg\",\"datePublished\":\"2023-08-12T10:00:26+00:00\",\"dateModified\":\"2023-11-13T16:20:37+00:00\",\"description\":\"Ce programme sant\u00e9 mentale int\u00e8gre une plateforme qui permet \u00e0 vos salari\u00e9s d'acc\u00e9der \u00e0 des consultations virtuelles avec des psychologues mais aussi \u00e0...\",\"breadcrumb\":{\"@id\":\"https:\\\/\\\/blooming-heroes.com\\\/produit\\\/programme-daccompagnement-sante-mentale\\\/#breadcrumb\"},\"inLanguage\":\"en-US\",\"potentialAction\":[{\"@type\":\"ReadAction\",\"target\":[\"https:\\\/\\\/blooming-heroes.com\\\/produit\\\/programme-daccompagnement-sante-mentale\\\/\"]}]},{\"@type\":\"ImageObject\",\"inLanguage\":\"en-US\",\"@id\":\"https:\\\/\\\/blooming-heroes.com\\\/produit\\\/programme-daccompagnement-sante-mentale\\\/#primaryimage\",\"url\":\"https:\\\/\\\/blooming-heroes.com\\\/wp-content\\\/uploads\\\/2023\\\/08\\\/Environnement_sain_smiley_sourir_bureau-page-marketplace-min.jpeg\",\"contentUrl\":\"https:\\\/\\\/blooming-heroes.com\\\/wp-content\\\/uploads\\\/2023\\\/08\\\/Environnement_sain_smiley_sourir_bureau-page-marketplace-min.jpeg\",\"width\":1024,\"height\":682},{\"@type\":\"BreadcrumbList\",\"@id\":\"https:\\\/\\\/blooming-heroes.com\\\/produit\\\/programme-daccompagnement-sante-mentale\\\/#breadcrumb\",\"itemListElement\":[{\"@type\":\"ListItem\",\"position\":1,\"name\":\"Accueil\",\"item\":\"https:\\\/\\\/blooming-heroes.com\\\/en\\\/\"},{\"@type\":\"ListItem\",\"position\":2,\"name\":\"Produits\",\"item\":\"https:\\\/\\\/blooming-heroes.com\\\/shop\\\/\"},{\"@type\":\"ListItem\",\"position\":3,\"name\":\"Programme d&rsquo;accompagnement Sant\u00e9 mentale\"}]},{\"@type\":\"WebSite\",\"@id\":\"https:\\\/\\\/blooming-heroes.com\\\/#website\",\"url\":\"https:\\\/\\\/blooming-heroes.com\\\/\",\"name\":\"Blooming Heroes\",\"description\":\"Les h\u00e9ros du bien-vivre au travail\",\"publisher\":{\"@id\":\"https:\\\/\\\/blooming-heroes.com\\\/#organization\"},\"potentialAction\":[{\"@type\":\"SearchAction\",\"target\":{\"@type\":\"EntryPoint\",\"urlTemplate\":\"https:\\\/\\\/blooming-heroes.com\\\/?s={search_term_string}\"},\"query-input\":{\"@type\":\"PropertyValueSpecification\",\"valueRequired\":true,\"valueName\":\"search_term_string\"}}],\"inLanguage\":\"en-US\"},{\"@type\":\"Organization\",\"@id\":\"https:\\\/\\\/blooming-heroes.com\\\/#organization\",\"name\":\"Blooming Heroes\",\"url\":\"https:\\\/\\\/blooming-heroes.com\\\/\",\"logo\":{\"@type\":\"ImageObject\",\"inLanguage\":\"en-US\",\"@id\":\"https:\\\/\\\/blooming-heroes.com\\\/#\\\/schema\\\/logo\\\/image\\\/\",\"url\":\"https:\\\/\\\/blooming-heroes.com\\\/wp-content\\\/uploads\\\/2022\\\/01\\\/cropped-Fichier-19.png\",\"contentUrl\":\"https:\\\/\\\/blooming-heroes.com\\\/wp-content\\\/uploads\\\/2022\\\/01\\\/cropped-Fichier-19.png\",\"width\":512,\"height\":512,\"caption\":\"Blooming Heroes\"},\"image\":{\"@id\":\"https:\\\/\\\/blooming-heroes.com\\\/#\\\/schema\\\/logo\\\/image\\\/\"}}]}<\/script>\n<!-- \/ Yoast SEO plugin. -->","yoast_head_json":{"title":"Programme d'accompagnement Sant\u00e9 mentale - Blooming Heroes","description":"Ce programme sant\u00e9 mentale int\u00e8gre une plateforme qui permet \u00e0 vos salari\u00e9s d'acc\u00e9der \u00e0 des consultations virtuelles avec des psychologues mais aussi \u00e0...","robots":{"index":"index","follow":"follow","max-snippet":"max-snippet:-1","max-image-preview":"max-image-preview:large","max-video-preview":"max-video-preview:-1"},"canonical":"https:\/\/blooming-heroes.com\/produit\/programme-daccompagnement-sante-mentale\/","og_locale":"en_US","og_type":"article","og_title":"Programme d'accompagnement Sant\u00e9 mentale - Blooming Heroes","og_description":"Ce programme sant\u00e9 mentale int\u00e8gre une plateforme qui permet \u00e0 vos salari\u00e9s d'acc\u00e9der \u00e0 des consultations virtuelles avec des psychologues mais aussi \u00e0...","og_url":"https:\/\/blooming-heroes.com\/produit\/programme-daccompagnement-sante-mentale\/","og_site_name":"Blooming Heroes","article_modified_time":"2023-11-13T16:20:37+00:00","og_image":[{"width":1024,"height":682,"url":"https:\/\/blooming-heroes.com\/wp-content\/uploads\/2023\/08\/Environnement_sain_smiley_sourir_bureau-page-marketplace-min.jpeg","type":"image\/jpeg"}],"twitter_card":"summary_large_image","twitter_misc":{"Est. reading time":"1 minute"},"schema":{"@context":"https:\/\/schema.org","@graph":[{"@type":"WebPage","@id":"https:\/\/blooming-heroes.com\/produit\/programme-daccompagnement-sante-mentale\/","url":"https:\/\/blooming-heroes.com\/produit\/programme-daccompagnement-sante-mentale\/","name":"Programme d'accompagnement Sant\u00e9 mentale - Blooming Heroes","isPartOf":{"@id":"https:\/\/blooming-heroes.com\/#website"},"primaryImageOfPage":{"@id":"https:\/\/blooming-heroes.com\/produit\/programme-daccompagnement-sante-mentale\/#primaryimage"},"image":{"@id":"https:\/\/blooming-heroes.com\/produit\/programme-daccompagnement-sante-mentale\/#primaryimage"},"thumbnailUrl":"https:\/\/blooming-heroes.com\/wp-content\/uploads\/2023\/08\/Environnement_sain_smiley_sourir_bureau-page-marketplace-min.jpeg","datePublished":"2023-08-12T10:00:26+00:00","dateModified":"2023-11-13T16:20:37+00:00","description":"Ce programme sant\u00e9 mentale int\u00e8gre une plateforme qui permet \u00e0 vos salari\u00e9s d'acc\u00e9der \u00e0 des consultations virtuelles avec des psychologues mais aussi \u00e0...","breadcrumb":{"@id":"https:\/\/blooming-heroes.com\/produit\/programme-daccompagnement-sante-mentale\/#breadcrumb"},"inLanguage":"en-US","potentialAction":[{"@type":"ReadAction","target":["https:\/\/blooming-heroes.com\/produit\/programme-daccompagnement-sante-mentale\/"]}]},{"@type":"ImageObject","inLanguage":"en-US","@id":"https:\/\/blooming-heroes.com\/produit\/programme-daccompagnement-sante-mentale\/#primaryimage","url":"https:\/\/blooming-heroes.com\/wp-content\/uploads\/2023\/08\/Environnement_sain_smiley_sourir_bureau-page-marketplace-min.jpeg","contentUrl":"https:\/\/blooming-heroes.com\/wp-content\/uploads\/2023\/08\/Environnement_sain_smiley_sourir_bureau-page-marketplace-min.jpeg","width":1024,"height":682},{"@type":"BreadcrumbList","@id":"https:\/\/blooming-heroes.com\/produit\/programme-daccompagnement-sante-mentale\/#breadcrumb","itemListElement":[{"@type":"ListItem","position":1,"name":"Accueil","item":"https:\/\/blooming-heroes.com\/en\/"},{"@type":"ListItem","position":2,"name":"Produits","item":"https:\/\/blooming-heroes.com\/shop\/"},{"@type":"ListItem","position":3,"name":"Programme d&rsquo;accompagnement Sant\u00e9 mentale"}]},{"@type":"WebSite","@id":"https:\/\/blooming-heroes.com\/#website","url":"https:\/\/blooming-heroes.com\/","name":"Blooming Heroes","description":"Les h\u00e9ros du bien-vivre au travail","publisher":{"@id":"https:\/\/blooming-heroes.com\/#organization"},"potentialAction":[{"@type":"SearchAction","target":{"@type":"EntryPoint","urlTemplate":"https:\/\/blooming-heroes.com\/?s={search_term_string}"},"query-input":{"@type":"PropertyValueSpecification","valueRequired":true,"valueName":"search_term_string"}}],"inLanguage":"en-US"},{"@type":"Organization","@id":"https:\/\/blooming-heroes.com\/#organization","name":"Blooming Heroes","url":"https:\/\/blooming-heroes.com\/","logo":{"@type":"ImageObject","inLanguage":"en-US","@id":"https:\/\/blooming-heroes.com\/#\/schema\/logo\/image\/","url":"https:\/\/blooming-heroes.com\/wp-content\/uploads\/2022\/01\/cropped-Fichier-19.png","contentUrl":"https:\/\/blooming-heroes.com\/wp-content\/uploads\/2022\/01\/cropped-Fichier-19.png","width":512,"height":512,"caption":"Blooming Heroes"},"image":{"@id":"https:\/\/blooming-heroes.com\/#\/schema\/logo\/image\/"}}]}},"_links":{"self":[{"href":"https:\/\/blooming-heroes.com\/en\/wp-json\/wp\/v2\/product\/5538","targetHints":{"allow":["GET"]}}],"collection":[{"href":"https:\/\/blooming-heroes.com\/en\/wp-json\/wp\/v2\/product"}],"about":[{"href":"https:\/\/blooming-heroes.com\/en\/wp-json\/wp\/v2\/types\/product"}],"replies":[{"embeddable":true,"href":"https:\/\/blooming-heroes.com\/en\/wp-json\/wp\/v2\/comments?post=5538"}],"wp:featuredmedia":[{"embeddable":true,"href":"https:\/\/blooming-heroes.com\/en\/wp-json\/wp\/v2\/media\/6817"}],"wp:attachment":[{"href":"https:\/\/blooming-heroes.com\/en\/wp-json\/wp\/v2\/media?parent=5538"}],"wp:term":[{"taxonomy":"product_brand","embeddable":true,"href":"https:\/\/blooming-heroes.com\/en\/wp-json\/wp\/v2\/product_brand?post=5538"},{"taxonomy":"product_cat","embeddable":true,"href":"https:\/\/blooming-heroes.com\/en\/wp-json\/wp\/v2\/product_cat?post=5538"},{"taxonomy":"product_tag","embeddable":true,"href":"https:\/\/blooming-heroes.com\/en\/wp-json\/wp\/v2\/product_tag?post=5538"}],"curies":[{"name":"wp","href":"https:\/\/api.w.org\/{rel}","templated":true}]}}