
{"id":5541,"date":"2023-08-12T12:07:47","date_gmt":"2023-08-12T10:07:47","guid":{"rendered":"https:\/\/blooming.dev05.fr\/?post_type=product&#038;p=5541"},"modified":"2023-11-13T17:19:33","modified_gmt":"2023-11-13T16:19:33","slug":"programme-de-sante-complet-en-tele-consultation","status":"publish","type":"product","link":"https:\/\/blooming-heroes.com\/en\/produit\/programme-de-sante-complet-en-tele-consultation\/","title":{"rendered":"Programme de sant\u00e9 complet en t\u00e9l\u00e9-consultation"},"content":{"rendered":"<p>Ce programme de sant\u00e9 complet vous accompagne dans une meilleure prise en charge de la sant\u00e9 de vos collaborateurs gr\u00e2ce un acc\u00e8s aux soins facilit\u00e9 \u00e0 plus de 50 sp\u00e9cialit\u00e9s disponibles 7\/7 en t\u00e9l\u00e9-consultation, la possibilit\u00e9 d&#8217;\u00eatre suivi par le m\u00eame m\u00e9decin, une coordination avec le m\u00e9decin traitant, la mise \u00e0 disposition d&#8217;une application de sant\u00e9 mentale avec parcours de pr\u00e9vention individuel, ateliers et informations m\u00e9dicales et un accompagnement d\u00e9di\u00e9.<\/p>\n","protected":false},"excerpt":{"rendered":"<p>Ce programme de sant\u00e9 complet vous accompagne dans une meilleure prise en charge de la sant\u00e9 de vos collaborateurs gr\u00e2ce un acc\u00e8s aux soins facilit\u00e9 \u00e0 plus de 50 sp\u00e9cialit\u00e9s disponibles 7\/7 en t\u00e9l\u00e9-consultation, la possibilit\u00e9 d&#8217;\u00eatre suivi par le m\u00eame m\u00e9decin, une coordination avec le m\u00e9decin traitant, la mise \u00e0 disposition d&#8217;une application de [&hellip;]<\/p>\n","protected":false},"featured_media":6815,"comment_status":"open","ping_status":"closed","template":"","meta":{"inline_featured_image":false,"_glsr_average":0,"_glsr_ranking":0,"_glsr_reviews":0},"product_brand":[],"product_cat":[78,80,100,75,88],"product_tag":[112,57,70,122],"class_list":{"0":"post-5541","1":"product","2":"type-product","3":"status-publish","4":"has-post-thumbnail","6":"product_cat-bien-etre","7":"product_cat-qvt-qvct","8":"product_cat-sante-globale","9":"product_cat-sante-mentale-stress-rps","10":"product_cat-sante-physique","11":"product_tag-consultations-teleconsultations","12":"product_tag-plateformes-digitales-applications-mobile","13":"product_tag-soutien-aux-salaries","14":"product_tag-telemedecine","16":"first","17":"instock","18":"shipping-taxable","19":"product-type-simple"},"yoast_head":"<!-- This site is optimized with the Yoast SEO plugin v27.4 - https:\/\/yoast.com\/product\/yoast-seo-wordpress\/ -->\n<title>Programme de sant\u00e9 complet en t\u00e9l\u00e9-consultation<\/title>\n<meta name=\"description\" content=\"Ce programme de sant\u00e9 complet vous accompagne dans une meilleure prise en charge de la sant\u00e9 de vos collaborateurs gr\u00e2ce un acc\u00e8s aux soins facilit\u00e9 \u00e0...\" \/>\n<meta name=\"robots\" content=\"index, follow, max-snippet:-1, max-image-preview:large, max-video-preview:-1\" \/>\n<link rel=\"canonical\" href=\"https:\/\/blooming-heroes.com\/produit\/programme-de-sante-complet-en-tele-consultation\/\" \/>\n<meta property=\"og:locale\" content=\"en_US\" \/>\n<meta property=\"og:type\" content=\"article\" \/>\n<meta property=\"og:title\" content=\"Programme de sant\u00e9 complet en t\u00e9l\u00e9-consultation\" \/>\n<meta property=\"og:description\" content=\"Ce programme de sant\u00e9 complet vous accompagne dans une meilleure prise en charge de la sant\u00e9 de vos collaborateurs gr\u00e2ce un acc\u00e8s aux soins facilit\u00e9 \u00e0...\" \/>\n<meta property=\"og:url\" content=\"https:\/\/blooming-heroes.com\/produit\/programme-de-sante-complet-en-tele-consultation\/\" \/>\n<meta property=\"og:site_name\" content=\"Blooming Heroes\" \/>\n<meta property=\"article:modified_time\" content=\"2023-11-13T16:19:33+00:00\" \/>\n<meta property=\"og:image\" content=\"https:\/\/blooming-heroes.com\/wp-content\/uploads\/2023\/08\/telemedecine-min.jpeg\" \/>\n\t<meta property=\"og:image:width\" content=\"1024\" \/>\n\t<meta property=\"og:image:height\" content=\"576\" \/>\n\t<meta property=\"og:image:type\" content=\"image\/jpeg\" \/>\n<meta name=\"twitter:card\" content=\"summary_large_image\" \/>\n<meta name=\"twitter:label1\" content=\"Est. reading time\" \/>\n\t<meta name=\"twitter:data1\" content=\"1 minute\" \/>\n<script type=\"application\/ld+json\" class=\"yoast-schema-graph\">{\"@context\":\"https:\\\/\\\/schema.org\",\"@graph\":[{\"@type\":\"WebPage\",\"@id\":\"https:\\\/\\\/blooming-heroes.com\\\/produit\\\/programme-de-sante-complet-en-tele-consultation\\\/\",\"url\":\"https:\\\/\\\/blooming-heroes.com\\\/produit\\\/programme-de-sante-complet-en-tele-consultation\\\/\",\"name\":\"Programme de sant\u00e9 complet en t\u00e9l\u00e9-consultation\",\"isPartOf\":{\"@id\":\"https:\\\/\\\/blooming-heroes.com\\\/#website\"},\"primaryImageOfPage\":{\"@id\":\"https:\\\/\\\/blooming-heroes.com\\\/produit\\\/programme-de-sante-complet-en-tele-consultation\\\/#primaryimage\"},\"image\":{\"@id\":\"https:\\\/\\\/blooming-heroes.com\\\/produit\\\/programme-de-sante-complet-en-tele-consultation\\\/#primaryimage\"},\"thumbnailUrl\":\"https:\\\/\\\/blooming-heroes.com\\\/wp-content\\\/uploads\\\/2023\\\/08\\\/telemedecine-min.jpeg\",\"datePublished\":\"2023-08-12T10:07:47+00:00\",\"dateModified\":\"2023-11-13T16:19:33+00:00\",\"description\":\"Ce programme de sant\u00e9 complet vous accompagne dans une meilleure prise en charge de la sant\u00e9 de vos collaborateurs gr\u00e2ce un acc\u00e8s aux soins facilit\u00e9 \u00e0...\",\"breadcrumb\":{\"@id\":\"https:\\\/\\\/blooming-heroes.com\\\/produit\\\/programme-de-sante-complet-en-tele-consultation\\\/#breadcrumb\"},\"inLanguage\":\"en-US\",\"potentialAction\":[{\"@type\":\"ReadAction\",\"target\":[\"https:\\\/\\\/blooming-heroes.com\\\/produit\\\/programme-de-sante-complet-en-tele-consultation\\\/\"]}]},{\"@type\":\"ImageObject\",\"inLanguage\":\"en-US\",\"@id\":\"https:\\\/\\\/blooming-heroes.com\\\/produit\\\/programme-de-sante-complet-en-tele-consultation\\\/#primaryimage\",\"url\":\"https:\\\/\\\/blooming-heroes.com\\\/wp-content\\\/uploads\\\/2023\\\/08\\\/telemedecine-min.jpeg\",\"contentUrl\":\"https:\\\/\\\/blooming-heroes.com\\\/wp-content\\\/uploads\\\/2023\\\/08\\\/telemedecine-min.jpeg\",\"width\":1024,\"height\":576},{\"@type\":\"BreadcrumbList\",\"@id\":\"https:\\\/\\\/blooming-heroes.com\\\/produit\\\/programme-de-sante-complet-en-tele-consultation\\\/#breadcrumb\",\"itemListElement\":[{\"@type\":\"ListItem\",\"position\":1,\"name\":\"Accueil\",\"item\":\"https:\\\/\\\/blooming-heroes.com\\\/en\\\/\"},{\"@type\":\"ListItem\",\"position\":2,\"name\":\"Produits\",\"item\":\"https:\\\/\\\/blooming-heroes.com\\\/shop\\\/\"},{\"@type\":\"ListItem\",\"position\":3,\"name\":\"Programme de sant\u00e9 complet en t\u00e9l\u00e9-consultation\"}]},{\"@type\":\"WebSite\",\"@id\":\"https:\\\/\\\/blooming-heroes.com\\\/#website\",\"url\":\"https:\\\/\\\/blooming-heroes.com\\\/\",\"name\":\"Blooming Heroes\",\"description\":\"Les h\u00e9ros du bien-vivre au travail\",\"publisher\":{\"@id\":\"https:\\\/\\\/blooming-heroes.com\\\/#organization\"},\"potentialAction\":[{\"@type\":\"SearchAction\",\"target\":{\"@type\":\"EntryPoint\",\"urlTemplate\":\"https:\\\/\\\/blooming-heroes.com\\\/?s={search_term_string}\"},\"query-input\":{\"@type\":\"PropertyValueSpecification\",\"valueRequired\":true,\"valueName\":\"search_term_string\"}}],\"inLanguage\":\"en-US\"},{\"@type\":\"Organization\",\"@id\":\"https:\\\/\\\/blooming-heroes.com\\\/#organization\",\"name\":\"Blooming Heroes\",\"url\":\"https:\\\/\\\/blooming-heroes.com\\\/\",\"logo\":{\"@type\":\"ImageObject\",\"inLanguage\":\"en-US\",\"@id\":\"https:\\\/\\\/blooming-heroes.com\\\/#\\\/schema\\\/logo\\\/image\\\/\",\"url\":\"https:\\\/\\\/blooming-heroes.com\\\/wp-content\\\/uploads\\\/2022\\\/01\\\/cropped-Fichier-19.png\",\"contentUrl\":\"https:\\\/\\\/blooming-heroes.com\\\/wp-content\\\/uploads\\\/2022\\\/01\\\/cropped-Fichier-19.png\",\"width\":512,\"height\":512,\"caption\":\"Blooming Heroes\"},\"image\":{\"@id\":\"https:\\\/\\\/blooming-heroes.com\\\/#\\\/schema\\\/logo\\\/image\\\/\"}}]}<\/script>\n<!-- \/ Yoast SEO plugin. -->","yoast_head_json":{"title":"Programme de sant\u00e9 complet en t\u00e9l\u00e9-consultation","description":"Ce programme de sant\u00e9 complet vous accompagne dans une meilleure prise en charge de la sant\u00e9 de vos collaborateurs gr\u00e2ce un acc\u00e8s aux soins facilit\u00e9 \u00e0...","robots":{"index":"index","follow":"follow","max-snippet":"max-snippet:-1","max-image-preview":"max-image-preview:large","max-video-preview":"max-video-preview:-1"},"canonical":"https:\/\/blooming-heroes.com\/produit\/programme-de-sante-complet-en-tele-consultation\/","og_locale":"en_US","og_type":"article","og_title":"Programme de sant\u00e9 complet en t\u00e9l\u00e9-consultation","og_description":"Ce programme de sant\u00e9 complet vous accompagne dans une meilleure prise en charge de la sant\u00e9 de vos collaborateurs gr\u00e2ce un acc\u00e8s aux soins facilit\u00e9 \u00e0...","og_url":"https:\/\/blooming-heroes.com\/produit\/programme-de-sante-complet-en-tele-consultation\/","og_site_name":"Blooming Heroes","article_modified_time":"2023-11-13T16:19:33+00:00","og_image":[{"width":1024,"height":576,"url":"https:\/\/blooming-heroes.com\/wp-content\/uploads\/2023\/08\/telemedecine-min.jpeg","type":"image\/jpeg"}],"twitter_card":"summary_large_image","twitter_misc":{"Est. reading time":"1 minute"},"schema":{"@context":"https:\/\/schema.org","@graph":[{"@type":"WebPage","@id":"https:\/\/blooming-heroes.com\/produit\/programme-de-sante-complet-en-tele-consultation\/","url":"https:\/\/blooming-heroes.com\/produit\/programme-de-sante-complet-en-tele-consultation\/","name":"Programme de sant\u00e9 complet en t\u00e9l\u00e9-consultation","isPartOf":{"@id":"https:\/\/blooming-heroes.com\/#website"},"primaryImageOfPage":{"@id":"https:\/\/blooming-heroes.com\/produit\/programme-de-sante-complet-en-tele-consultation\/#primaryimage"},"image":{"@id":"https:\/\/blooming-heroes.com\/produit\/programme-de-sante-complet-en-tele-consultation\/#primaryimage"},"thumbnailUrl":"https:\/\/blooming-heroes.com\/wp-content\/uploads\/2023\/08\/telemedecine-min.jpeg","datePublished":"2023-08-12T10:07:47+00:00","dateModified":"2023-11-13T16:19:33+00:00","description":"Ce programme de sant\u00e9 complet vous accompagne dans une meilleure prise en charge de la sant\u00e9 de vos collaborateurs gr\u00e2ce un acc\u00e8s aux soins facilit\u00e9 \u00e0...","breadcrumb":{"@id":"https:\/\/blooming-heroes.com\/produit\/programme-de-sante-complet-en-tele-consultation\/#breadcrumb"},"inLanguage":"en-US","potentialAction":[{"@type":"ReadAction","target":["https:\/\/blooming-heroes.com\/produit\/programme-de-sante-complet-en-tele-consultation\/"]}]},{"@type":"ImageObject","inLanguage":"en-US","@id":"https:\/\/blooming-heroes.com\/produit\/programme-de-sante-complet-en-tele-consultation\/#primaryimage","url":"https:\/\/blooming-heroes.com\/wp-content\/uploads\/2023\/08\/telemedecine-min.jpeg","contentUrl":"https:\/\/blooming-heroes.com\/wp-content\/uploads\/2023\/08\/telemedecine-min.jpeg","width":1024,"height":576},{"@type":"BreadcrumbList","@id":"https:\/\/blooming-heroes.com\/produit\/programme-de-sante-complet-en-tele-consultation\/#breadcrumb","itemListElement":[{"@type":"ListItem","position":1,"name":"Accueil","item":"https:\/\/blooming-heroes.com\/en\/"},{"@type":"ListItem","position":2,"name":"Produits","item":"https:\/\/blooming-heroes.com\/shop\/"},{"@type":"ListItem","position":3,"name":"Programme de sant\u00e9 complet en t\u00e9l\u00e9-consultation"}]},{"@type":"WebSite","@id":"https:\/\/blooming-heroes.com\/#website","url":"https:\/\/blooming-heroes.com\/","name":"Blooming Heroes","description":"Les h\u00e9ros du bien-vivre au travail","publisher":{"@id":"https:\/\/blooming-heroes.com\/#organization"},"potentialAction":[{"@type":"SearchAction","target":{"@type":"EntryPoint","urlTemplate":"https:\/\/blooming-heroes.com\/?s={search_term_string}"},"query-input":{"@type":"PropertyValueSpecification","valueRequired":true,"valueName":"search_term_string"}}],"inLanguage":"en-US"},{"@type":"Organization","@id":"https:\/\/blooming-heroes.com\/#organization","name":"Blooming Heroes","url":"https:\/\/blooming-heroes.com\/","logo":{"@type":"ImageObject","inLanguage":"en-US","@id":"https:\/\/blooming-heroes.com\/#\/schema\/logo\/image\/","url":"https:\/\/blooming-heroes.com\/wp-content\/uploads\/2022\/01\/cropped-Fichier-19.png","contentUrl":"https:\/\/blooming-heroes.com\/wp-content\/uploads\/2022\/01\/cropped-Fichier-19.png","width":512,"height":512,"caption":"Blooming Heroes"},"image":{"@id":"https:\/\/blooming-heroes.com\/#\/schema\/logo\/image\/"}}]}},"_links":{"self":[{"href":"https:\/\/blooming-heroes.com\/en\/wp-json\/wp\/v2\/product\/5541","targetHints":{"allow":["GET"]}}],"collection":[{"href":"https:\/\/blooming-heroes.com\/en\/wp-json\/wp\/v2\/product"}],"about":[{"href":"https:\/\/blooming-heroes.com\/en\/wp-json\/wp\/v2\/types\/product"}],"replies":[{"embeddable":true,"href":"https:\/\/blooming-heroes.com\/en\/wp-json\/wp\/v2\/comments?post=5541"}],"wp:featuredmedia":[{"embeddable":true,"href":"https:\/\/blooming-heroes.com\/en\/wp-json\/wp\/v2\/media\/6815"}],"wp:attachment":[{"href":"https:\/\/blooming-heroes.com\/en\/wp-json\/wp\/v2\/media?parent=5541"}],"wp:term":[{"taxonomy":"product_brand","embeddable":true,"href":"https:\/\/blooming-heroes.com\/en\/wp-json\/wp\/v2\/product_brand?post=5541"},{"taxonomy":"product_cat","embeddable":true,"href":"https:\/\/blooming-heroes.com\/en\/wp-json\/wp\/v2\/product_cat?post=5541"},{"taxonomy":"product_tag","embeddable":true,"href":"https:\/\/blooming-heroes.com\/en\/wp-json\/wp\/v2\/product_tag?post=5541"}],"curies":[{"name":"wp","href":"https:\/\/api.w.org\/{rel}","templated":true}]}}