
{"id":5548,"date":"2023-08-13T19:01:40","date_gmt":"2023-08-13T17:01:40","guid":{"rendered":"https:\/\/blooming.dev05.fr\/?post_type=product&#038;p=5548"},"modified":"2023-11-13T17:18:12","modified_gmt":"2023-11-13T16:18:12","slug":"accompagnement-des-transformation-du-travail-dans-une-approche-de-prevention","status":"publish","type":"product","link":"https:\/\/blooming-heroes.com\/en\/produit\/accompagnement-des-transformation-du-travail-dans-une-approche-de-prevention\/","title":{"rendered":"Accompagnement des transformation du travail dans une approche de pr\u00e9vention"},"content":{"rendered":"<p>L&#8217;accompagnement propos\u00e9 vous aide \u00e0 anticiper l&#8217;impact des changements et \u00e0 concevoir des environnements conjuguant sant\u00e9 et performance. En partant de l&#8217;analyse de situations de r\u00e9f\u00e9rence et du retour d&#8217;exp\u00e9rience des utilisateurs, l&#8217;approche propos\u00e9e favorise l&#8217;identification des points de vigilance, l&#8217;adh\u00e9sion des \u00e9quipes et le succ\u00e8s du projet de transformation.<\/p>\n","protected":false},"excerpt":{"rendered":"<p>L&#8217;accompagnement propos\u00e9 vous aide \u00e0 anticiper l&#8217;impact des changements et \u00e0 concevoir des environnements conjuguant sant\u00e9 et performance. En partant de l&#8217;analyse de situations de r\u00e9f\u00e9rence et du retour d&#8217;exp\u00e9rience des utilisateurs, l&#8217;approche propos\u00e9e favorise l&#8217;identification des points de vigilance, l&#8217;adh\u00e9sion des \u00e9quipes et le succ\u00e8s du projet de transformation.<\/p>\n","protected":false},"featured_media":6811,"comment_status":"open","ping_status":"closed","template":"","meta":{"inline_featured_image":false,"_glsr_average":0,"_glsr_ranking":0,"_glsr_reviews":0},"product_brand":[],"product_cat":[82,119],"product_tag":[120,128],"class_list":{"0":"post-5548","1":"product","2":"type-product","3":"status-publish","4":"has-post-thumbnail","6":"product_cat-accompagnement-au-changement-et-transformation","7":"product_cat-ergonomie-du-poste-de-travail","8":"product_tag-accompagnement-conseil-rh","9":"product_tag-audit","11":"first","12":"instock","13":"shipping-taxable","14":"product-type-simple"},"yoast_head":"<!-- This site is optimized with the Yoast SEO plugin v27.4 - https:\/\/yoast.com\/product\/yoast-seo-wordpress\/ -->\n<title>Accompagnement des transformation du travail dans une approche de pr\u00e9vention<\/title>\n<meta name=\"description\" content=\"L&#039;accompagnement propos\u00e9 vous aide \u00e0 anticiper l&#039;impact des changements et \u00e0 concevoir des environnements conjuguant sant\u00e9 et performance. En partant de...\" \/>\n<meta name=\"robots\" content=\"index, follow, max-snippet:-1, max-image-preview:large, max-video-preview:-1\" \/>\n<link rel=\"canonical\" href=\"https:\/\/blooming-heroes.com\/produit\/accompagnement-des-transformation-du-travail-dans-une-approche-de-prevention\/\" \/>\n<meta property=\"og:locale\" content=\"en_US\" \/>\n<meta property=\"og:type\" content=\"article\" \/>\n<meta property=\"og:title\" content=\"Accompagnement des transformation du travail dans une approche de pr\u00e9vention\" \/>\n<meta property=\"og:description\" content=\"L&#039;accompagnement propos\u00e9 vous aide \u00e0 anticiper l&#039;impact des changements et \u00e0 concevoir des environnements conjuguant sant\u00e9 et performance. En partant de...\" \/>\n<meta property=\"og:url\" content=\"https:\/\/blooming-heroes.com\/produit\/accompagnement-des-transformation-du-travail-dans-une-approche-de-prevention\/\" \/>\n<meta property=\"og:site_name\" content=\"Blooming Heroes\" \/>\n<meta property=\"article:modified_time\" content=\"2023-11-13T16:18:12+00:00\" \/>\n<meta property=\"og:image\" content=\"https:\/\/blooming-heroes.com\/wp-content\/uploads\/2023\/08\/accompagnement-au-changement-min.jpeg\" \/>\n\t<meta property=\"og:image:width\" content=\"320\" \/>\n\t<meta property=\"og:image:height\" content=\"221\" \/>\n\t<meta property=\"og:image:type\" content=\"image\/jpeg\" \/>\n<meta name=\"twitter:card\" content=\"summary_large_image\" \/>\n<meta name=\"twitter:label1\" content=\"Est. reading time\" \/>\n\t<meta name=\"twitter:data1\" content=\"1 minute\" \/>\n<script type=\"application\/ld+json\" class=\"yoast-schema-graph\">{\"@context\":\"https:\\\/\\\/schema.org\",\"@graph\":[{\"@type\":\"WebPage\",\"@id\":\"https:\\\/\\\/blooming-heroes.com\\\/produit\\\/accompagnement-des-transformation-du-travail-dans-une-approche-de-prevention\\\/\",\"url\":\"https:\\\/\\\/blooming-heroes.com\\\/produit\\\/accompagnement-des-transformation-du-travail-dans-une-approche-de-prevention\\\/\",\"name\":\"Accompagnement des transformation du travail dans une approche de pr\u00e9vention\",\"isPartOf\":{\"@id\":\"https:\\\/\\\/blooming-heroes.com\\\/#website\"},\"primaryImageOfPage\":{\"@id\":\"https:\\\/\\\/blooming-heroes.com\\\/produit\\\/accompagnement-des-transformation-du-travail-dans-une-approche-de-prevention\\\/#primaryimage\"},\"image\":{\"@id\":\"https:\\\/\\\/blooming-heroes.com\\\/produit\\\/accompagnement-des-transformation-du-travail-dans-une-approche-de-prevention\\\/#primaryimage\"},\"thumbnailUrl\":\"https:\\\/\\\/blooming-heroes.com\\\/wp-content\\\/uploads\\\/2023\\\/08\\\/accompagnement-au-changement-min.jpeg\",\"datePublished\":\"2023-08-13T17:01:40+00:00\",\"dateModified\":\"2023-11-13T16:18:12+00:00\",\"description\":\"L'accompagnement propos\u00e9 vous aide \u00e0 anticiper l'impact des changements et \u00e0 concevoir des environnements conjuguant sant\u00e9 et performance. En partant de...\",\"breadcrumb\":{\"@id\":\"https:\\\/\\\/blooming-heroes.com\\\/produit\\\/accompagnement-des-transformation-du-travail-dans-une-approche-de-prevention\\\/#breadcrumb\"},\"inLanguage\":\"en-US\",\"potentialAction\":[{\"@type\":\"ReadAction\",\"target\":[\"https:\\\/\\\/blooming-heroes.com\\\/produit\\\/accompagnement-des-transformation-du-travail-dans-une-approche-de-prevention\\\/\"]}]},{\"@type\":\"ImageObject\",\"inLanguage\":\"en-US\",\"@id\":\"https:\\\/\\\/blooming-heroes.com\\\/produit\\\/accompagnement-des-transformation-du-travail-dans-une-approche-de-prevention\\\/#primaryimage\",\"url\":\"https:\\\/\\\/blooming-heroes.com\\\/wp-content\\\/uploads\\\/2023\\\/08\\\/accompagnement-au-changement-min.jpeg\",\"contentUrl\":\"https:\\\/\\\/blooming-heroes.com\\\/wp-content\\\/uploads\\\/2023\\\/08\\\/accompagnement-au-changement-min.jpeg\",\"width\":320,\"height\":221},{\"@type\":\"BreadcrumbList\",\"@id\":\"https:\\\/\\\/blooming-heroes.com\\\/produit\\\/accompagnement-des-transformation-du-travail-dans-une-approche-de-prevention\\\/#breadcrumb\",\"itemListElement\":[{\"@type\":\"ListItem\",\"position\":1,\"name\":\"Accueil\",\"item\":\"https:\\\/\\\/blooming-heroes.com\\\/en\\\/\"},{\"@type\":\"ListItem\",\"position\":2,\"name\":\"Produits\",\"item\":\"https:\\\/\\\/blooming-heroes.com\\\/shop\\\/\"},{\"@type\":\"ListItem\",\"position\":3,\"name\":\"Accompagnement des transformation du travail dans une approche de pr\u00e9vention\"}]},{\"@type\":\"WebSite\",\"@id\":\"https:\\\/\\\/blooming-heroes.com\\\/#website\",\"url\":\"https:\\\/\\\/blooming-heroes.com\\\/\",\"name\":\"Blooming Heroes\",\"description\":\"Les h\u00e9ros du bien-vivre au travail\",\"publisher\":{\"@id\":\"https:\\\/\\\/blooming-heroes.com\\\/#organization\"},\"potentialAction\":[{\"@type\":\"SearchAction\",\"target\":{\"@type\":\"EntryPoint\",\"urlTemplate\":\"https:\\\/\\\/blooming-heroes.com\\\/?s={search_term_string}\"},\"query-input\":{\"@type\":\"PropertyValueSpecification\",\"valueRequired\":true,\"valueName\":\"search_term_string\"}}],\"inLanguage\":\"en-US\"},{\"@type\":\"Organization\",\"@id\":\"https:\\\/\\\/blooming-heroes.com\\\/#organization\",\"name\":\"Blooming Heroes\",\"url\":\"https:\\\/\\\/blooming-heroes.com\\\/\",\"logo\":{\"@type\":\"ImageObject\",\"inLanguage\":\"en-US\",\"@id\":\"https:\\\/\\\/blooming-heroes.com\\\/#\\\/schema\\\/logo\\\/image\\\/\",\"url\":\"https:\\\/\\\/blooming-heroes.com\\\/wp-content\\\/uploads\\\/2022\\\/01\\\/cropped-Fichier-19.png\",\"contentUrl\":\"https:\\\/\\\/blooming-heroes.com\\\/wp-content\\\/uploads\\\/2022\\\/01\\\/cropped-Fichier-19.png\",\"width\":512,\"height\":512,\"caption\":\"Blooming Heroes\"},\"image\":{\"@id\":\"https:\\\/\\\/blooming-heroes.com\\\/#\\\/schema\\\/logo\\\/image\\\/\"}}]}<\/script>\n<!-- \/ Yoast SEO plugin. -->","yoast_head_json":{"title":"Accompagnement des transformation du travail dans une approche de pr\u00e9vention","description":"L'accompagnement propos\u00e9 vous aide \u00e0 anticiper l'impact des changements et \u00e0 concevoir des environnements conjuguant sant\u00e9 et performance. En partant de...","robots":{"index":"index","follow":"follow","max-snippet":"max-snippet:-1","max-image-preview":"max-image-preview:large","max-video-preview":"max-video-preview:-1"},"canonical":"https:\/\/blooming-heroes.com\/produit\/accompagnement-des-transformation-du-travail-dans-une-approche-de-prevention\/","og_locale":"en_US","og_type":"article","og_title":"Accompagnement des transformation du travail dans une approche de pr\u00e9vention","og_description":"L'accompagnement propos\u00e9 vous aide \u00e0 anticiper l'impact des changements et \u00e0 concevoir des environnements conjuguant sant\u00e9 et performance. En partant de...","og_url":"https:\/\/blooming-heroes.com\/produit\/accompagnement-des-transformation-du-travail-dans-une-approche-de-prevention\/","og_site_name":"Blooming Heroes","article_modified_time":"2023-11-13T16:18:12+00:00","og_image":[{"width":320,"height":221,"url":"https:\/\/blooming-heroes.com\/wp-content\/uploads\/2023\/08\/accompagnement-au-changement-min.jpeg","type":"image\/jpeg"}],"twitter_card":"summary_large_image","twitter_misc":{"Est. reading time":"1 minute"},"schema":{"@context":"https:\/\/schema.org","@graph":[{"@type":"WebPage","@id":"https:\/\/blooming-heroes.com\/produit\/accompagnement-des-transformation-du-travail-dans-une-approche-de-prevention\/","url":"https:\/\/blooming-heroes.com\/produit\/accompagnement-des-transformation-du-travail-dans-une-approche-de-prevention\/","name":"Accompagnement des transformation du travail dans une approche de pr\u00e9vention","isPartOf":{"@id":"https:\/\/blooming-heroes.com\/#website"},"primaryImageOfPage":{"@id":"https:\/\/blooming-heroes.com\/produit\/accompagnement-des-transformation-du-travail-dans-une-approche-de-prevention\/#primaryimage"},"image":{"@id":"https:\/\/blooming-heroes.com\/produit\/accompagnement-des-transformation-du-travail-dans-une-approche-de-prevention\/#primaryimage"},"thumbnailUrl":"https:\/\/blooming-heroes.com\/wp-content\/uploads\/2023\/08\/accompagnement-au-changement-min.jpeg","datePublished":"2023-08-13T17:01:40+00:00","dateModified":"2023-11-13T16:18:12+00:00","description":"L'accompagnement propos\u00e9 vous aide \u00e0 anticiper l'impact des changements et \u00e0 concevoir des environnements conjuguant sant\u00e9 et performance. En partant de...","breadcrumb":{"@id":"https:\/\/blooming-heroes.com\/produit\/accompagnement-des-transformation-du-travail-dans-une-approche-de-prevention\/#breadcrumb"},"inLanguage":"en-US","potentialAction":[{"@type":"ReadAction","target":["https:\/\/blooming-heroes.com\/produit\/accompagnement-des-transformation-du-travail-dans-une-approche-de-prevention\/"]}]},{"@type":"ImageObject","inLanguage":"en-US","@id":"https:\/\/blooming-heroes.com\/produit\/accompagnement-des-transformation-du-travail-dans-une-approche-de-prevention\/#primaryimage","url":"https:\/\/blooming-heroes.com\/wp-content\/uploads\/2023\/08\/accompagnement-au-changement-min.jpeg","contentUrl":"https:\/\/blooming-heroes.com\/wp-content\/uploads\/2023\/08\/accompagnement-au-changement-min.jpeg","width":320,"height":221},{"@type":"BreadcrumbList","@id":"https:\/\/blooming-heroes.com\/produit\/accompagnement-des-transformation-du-travail-dans-une-approche-de-prevention\/#breadcrumb","itemListElement":[{"@type":"ListItem","position":1,"name":"Accueil","item":"https:\/\/blooming-heroes.com\/en\/"},{"@type":"ListItem","position":2,"name":"Produits","item":"https:\/\/blooming-heroes.com\/shop\/"},{"@type":"ListItem","position":3,"name":"Accompagnement des transformation du travail dans une approche de pr\u00e9vention"}]},{"@type":"WebSite","@id":"https:\/\/blooming-heroes.com\/#website","url":"https:\/\/blooming-heroes.com\/","name":"Blooming Heroes","description":"Les h\u00e9ros du bien-vivre au travail","publisher":{"@id":"https:\/\/blooming-heroes.com\/#organization"},"potentialAction":[{"@type":"SearchAction","target":{"@type":"EntryPoint","urlTemplate":"https:\/\/blooming-heroes.com\/?s={search_term_string}"},"query-input":{"@type":"PropertyValueSpecification","valueRequired":true,"valueName":"search_term_string"}}],"inLanguage":"en-US"},{"@type":"Organization","@id":"https:\/\/blooming-heroes.com\/#organization","name":"Blooming Heroes","url":"https:\/\/blooming-heroes.com\/","logo":{"@type":"ImageObject","inLanguage":"en-US","@id":"https:\/\/blooming-heroes.com\/#\/schema\/logo\/image\/","url":"https:\/\/blooming-heroes.com\/wp-content\/uploads\/2022\/01\/cropped-Fichier-19.png","contentUrl":"https:\/\/blooming-heroes.com\/wp-content\/uploads\/2022\/01\/cropped-Fichier-19.png","width":512,"height":512,"caption":"Blooming Heroes"},"image":{"@id":"https:\/\/blooming-heroes.com\/#\/schema\/logo\/image\/"}}]}},"_links":{"self":[{"href":"https:\/\/blooming-heroes.com\/en\/wp-json\/wp\/v2\/product\/5548","targetHints":{"allow":["GET"]}}],"collection":[{"href":"https:\/\/blooming-heroes.com\/en\/wp-json\/wp\/v2\/product"}],"about":[{"href":"https:\/\/blooming-heroes.com\/en\/wp-json\/wp\/v2\/types\/product"}],"replies":[{"embeddable":true,"href":"https:\/\/blooming-heroes.com\/en\/wp-json\/wp\/v2\/comments?post=5548"}],"wp:featuredmedia":[{"embeddable":true,"href":"https:\/\/blooming-heroes.com\/en\/wp-json\/wp\/v2\/media\/6811"}],"wp:attachment":[{"href":"https:\/\/blooming-heroes.com\/en\/wp-json\/wp\/v2\/media?parent=5548"}],"wp:term":[{"taxonomy":"product_brand","embeddable":true,"href":"https:\/\/blooming-heroes.com\/en\/wp-json\/wp\/v2\/product_brand?post=5548"},{"taxonomy":"product_cat","embeddable":true,"href":"https:\/\/blooming-heroes.com\/en\/wp-json\/wp\/v2\/product_cat?post=5548"},{"taxonomy":"product_tag","embeddable":true,"href":"https:\/\/blooming-heroes.com\/en\/wp-json\/wp\/v2\/product_tag?post=5548"}],"curies":[{"name":"wp","href":"https:\/\/api.w.org\/{rel}","templated":true}]}}