
{"id":5549,"date":"2023-08-13T19:07:41","date_gmt":"2023-08-13T17:07:41","guid":{"rendered":"https:\/\/blooming.dev05.fr\/?post_type=product&#038;p=5549"},"modified":"2023-11-13T17:16:46","modified_gmt":"2023-11-13T16:16:46","slug":"amenagements-des-postes-et-situations-de-travail","status":"publish","type":"product","link":"https:\/\/blooming-heroes.com\/en\/produit\/amenagements-des-postes-et-situations-de-travail\/","title":{"rendered":"Am\u00e9nagements des postes et situations de travail"},"content":{"rendered":"<p>Pour maintenir un collaborateur en difficult\u00e9 dans l&#8217;emploi, int\u00e9grer un collaborateur pour lequel un am\u00e9nagement de poste est n\u00e9cessaire ou faire face \u00e0 une augmentation des demandes d\u2019adaptation de poste de travail et des restrictions m\u00e9dicales, l&#8217;accompagnement propos\u00e9 vous permet d&#8217;avoir une meilleure compr\u00e9hension de la situation (gr\u00e2ce \u00e0 un diagnostic \u00e0 360\u00b0 et des observations in situ), aide \u00e0 la prise de d\u00e9cision et va jusqu\u2019\u00e0 la mise en \u0153uvre effective des am\u00e9nagements (organisation des essais, r\u00e9daction des cahiers des charges fonctionnels, suivi post am\u00e9nagements\u2026).<\/p>\n","protected":false},"excerpt":{"rendered":"<p>Pour maintenir un collaborateur en difficult\u00e9 dans l&#8217;emploi, int\u00e9grer un collaborateur pour lequel un am\u00e9nagement de poste est n\u00e9cessaire ou faire face \u00e0 une augmentation des demandes d\u2019adaptation de poste de travail et des restrictions m\u00e9dicales, l&#8217;accompagnement propos\u00e9 vous permet d&#8217;avoir une meilleure compr\u00e9hension de la situation (gr\u00e2ce \u00e0 un diagnostic \u00e0 360\u00b0 et des [&hellip;]<\/p>\n","protected":false},"featured_media":6809,"comment_status":"open","ping_status":"closed","template":"","meta":{"inline_featured_image":false,"_glsr_average":0,"_glsr_ranking":0,"_glsr_reviews":0},"product_brand":[],"product_cat":[110,119,105,118,89],"product_tag":[120,128],"class_list":{"0":"post-5549","1":"product","2":"type-product","3":"status-publish","4":"has-post-thumbnail","6":"product_cat-absenteisme","7":"product_cat-ergonomie-du-poste-de-travail","8":"product_cat-maintien-dans-lemploi","9":"product_cat-retour-au-travail","10":"product_cat-tms-troubles-musculosquelettiques","11":"product_tag-accompagnement-conseil-rh","12":"product_tag-audit","14":"first","15":"instock","16":"shipping-taxable","17":"product-type-simple"},"yoast_head":"<!-- This site is optimized with the Yoast SEO plugin v27.4 - https:\/\/yoast.com\/product\/yoast-seo-wordpress\/ -->\n<title>Am\u00e9nagements des postes et situations de travail<\/title>\n<meta name=\"description\" content=\"Pour maintenir un collaborateur en difficult\u00e9 dans l&#039;emploi, int\u00e9grer un collaborateur pour lequel un am\u00e9nagement de poste est n\u00e9cessaire ou faire face \u00e0...\" \/>\n<meta name=\"robots\" content=\"index, follow, max-snippet:-1, max-image-preview:large, max-video-preview:-1\" \/>\n<link rel=\"canonical\" href=\"https:\/\/blooming-heroes.com\/produit\/amenagements-des-postes-et-situations-de-travail\/\" \/>\n<meta property=\"og:locale\" content=\"en_US\" \/>\n<meta property=\"og:type\" content=\"article\" \/>\n<meta property=\"og:title\" content=\"Am\u00e9nagements des postes et situations de travail\" \/>\n<meta property=\"og:description\" content=\"Pour maintenir un collaborateur en difficult\u00e9 dans l&#039;emploi, int\u00e9grer un collaborateur pour lequel un am\u00e9nagement de poste est n\u00e9cessaire ou faire face \u00e0...\" \/>\n<meta property=\"og:url\" content=\"https:\/\/blooming-heroes.com\/produit\/amenagements-des-postes-et-situations-de-travail\/\" \/>\n<meta property=\"og:site_name\" content=\"Blooming Heroes\" \/>\n<meta property=\"article:modified_time\" content=\"2023-11-13T16:16:46+00:00\" \/>\n<meta property=\"og:image\" content=\"https:\/\/blooming-heroes.com\/wp-content\/uploads\/2023\/08\/Accessibilite-min.jpeg\" \/>\n\t<meta property=\"og:image:width\" content=\"2048\" \/>\n\t<meta property=\"og:image:height\" content=\"1536\" \/>\n\t<meta property=\"og:image:type\" content=\"image\/jpeg\" \/>\n<meta name=\"twitter:card\" content=\"summary_large_image\" \/>\n<meta name=\"twitter:label1\" content=\"Est. reading time\" \/>\n\t<meta name=\"twitter:data1\" content=\"1 minute\" \/>\n<script type=\"application\/ld+json\" class=\"yoast-schema-graph\">{\"@context\":\"https:\\\/\\\/schema.org\",\"@graph\":[{\"@type\":\"WebPage\",\"@id\":\"https:\\\/\\\/blooming-heroes.com\\\/produit\\\/amenagements-des-postes-et-situations-de-travail\\\/\",\"url\":\"https:\\\/\\\/blooming-heroes.com\\\/produit\\\/amenagements-des-postes-et-situations-de-travail\\\/\",\"name\":\"Am\u00e9nagements des postes et situations de travail\",\"isPartOf\":{\"@id\":\"https:\\\/\\\/blooming-heroes.com\\\/#website\"},\"primaryImageOfPage\":{\"@id\":\"https:\\\/\\\/blooming-heroes.com\\\/produit\\\/amenagements-des-postes-et-situations-de-travail\\\/#primaryimage\"},\"image\":{\"@id\":\"https:\\\/\\\/blooming-heroes.com\\\/produit\\\/amenagements-des-postes-et-situations-de-travail\\\/#primaryimage\"},\"thumbnailUrl\":\"https:\\\/\\\/blooming-heroes.com\\\/wp-content\\\/uploads\\\/2023\\\/08\\\/Accessibilite-min.jpeg\",\"datePublished\":\"2023-08-13T17:07:41+00:00\",\"dateModified\":\"2023-11-13T16:16:46+00:00\",\"description\":\"Pour maintenir un collaborateur en difficult\u00e9 dans l'emploi, int\u00e9grer un collaborateur pour lequel un am\u00e9nagement de poste est n\u00e9cessaire ou faire face \u00e0...\",\"breadcrumb\":{\"@id\":\"https:\\\/\\\/blooming-heroes.com\\\/produit\\\/amenagements-des-postes-et-situations-de-travail\\\/#breadcrumb\"},\"inLanguage\":\"en-US\",\"potentialAction\":[{\"@type\":\"ReadAction\",\"target\":[\"https:\\\/\\\/blooming-heroes.com\\\/produit\\\/amenagements-des-postes-et-situations-de-travail\\\/\"]}]},{\"@type\":\"ImageObject\",\"inLanguage\":\"en-US\",\"@id\":\"https:\\\/\\\/blooming-heroes.com\\\/produit\\\/amenagements-des-postes-et-situations-de-travail\\\/#primaryimage\",\"url\":\"https:\\\/\\\/blooming-heroes.com\\\/wp-content\\\/uploads\\\/2023\\\/08\\\/Accessibilite-min.jpeg\",\"contentUrl\":\"https:\\\/\\\/blooming-heroes.com\\\/wp-content\\\/uploads\\\/2023\\\/08\\\/Accessibilite-min.jpeg\",\"width\":2048,\"height\":1536},{\"@type\":\"BreadcrumbList\",\"@id\":\"https:\\\/\\\/blooming-heroes.com\\\/produit\\\/amenagements-des-postes-et-situations-de-travail\\\/#breadcrumb\",\"itemListElement\":[{\"@type\":\"ListItem\",\"position\":1,\"name\":\"Accueil\",\"item\":\"https:\\\/\\\/blooming-heroes.com\\\/en\\\/\"},{\"@type\":\"ListItem\",\"position\":2,\"name\":\"Produits\",\"item\":\"https:\\\/\\\/blooming-heroes.com\\\/shop\\\/\"},{\"@type\":\"ListItem\",\"position\":3,\"name\":\"Am\u00e9nagements des postes et situations de travail\"}]},{\"@type\":\"WebSite\",\"@id\":\"https:\\\/\\\/blooming-heroes.com\\\/#website\",\"url\":\"https:\\\/\\\/blooming-heroes.com\\\/\",\"name\":\"Blooming Heroes\",\"description\":\"Les h\u00e9ros du bien-vivre au travail\",\"publisher\":{\"@id\":\"https:\\\/\\\/blooming-heroes.com\\\/#organization\"},\"potentialAction\":[{\"@type\":\"SearchAction\",\"target\":{\"@type\":\"EntryPoint\",\"urlTemplate\":\"https:\\\/\\\/blooming-heroes.com\\\/?s={search_term_string}\"},\"query-input\":{\"@type\":\"PropertyValueSpecification\",\"valueRequired\":true,\"valueName\":\"search_term_string\"}}],\"inLanguage\":\"en-US\"},{\"@type\":\"Organization\",\"@id\":\"https:\\\/\\\/blooming-heroes.com\\\/#organization\",\"name\":\"Blooming Heroes\",\"url\":\"https:\\\/\\\/blooming-heroes.com\\\/\",\"logo\":{\"@type\":\"ImageObject\",\"inLanguage\":\"en-US\",\"@id\":\"https:\\\/\\\/blooming-heroes.com\\\/#\\\/schema\\\/logo\\\/image\\\/\",\"url\":\"https:\\\/\\\/blooming-heroes.com\\\/wp-content\\\/uploads\\\/2022\\\/01\\\/cropped-Fichier-19.png\",\"contentUrl\":\"https:\\\/\\\/blooming-heroes.com\\\/wp-content\\\/uploads\\\/2022\\\/01\\\/cropped-Fichier-19.png\",\"width\":512,\"height\":512,\"caption\":\"Blooming Heroes\"},\"image\":{\"@id\":\"https:\\\/\\\/blooming-heroes.com\\\/#\\\/schema\\\/logo\\\/image\\\/\"}}]}<\/script>\n<!-- \/ Yoast SEO plugin. -->","yoast_head_json":{"title":"Am\u00e9nagements des postes et situations de travail","description":"Pour maintenir un collaborateur en difficult\u00e9 dans l'emploi, int\u00e9grer un collaborateur pour lequel un am\u00e9nagement de poste est n\u00e9cessaire ou faire face \u00e0...","robots":{"index":"index","follow":"follow","max-snippet":"max-snippet:-1","max-image-preview":"max-image-preview:large","max-video-preview":"max-video-preview:-1"},"canonical":"https:\/\/blooming-heroes.com\/produit\/amenagements-des-postes-et-situations-de-travail\/","og_locale":"en_US","og_type":"article","og_title":"Am\u00e9nagements des postes et situations de travail","og_description":"Pour maintenir un collaborateur en difficult\u00e9 dans l'emploi, int\u00e9grer un collaborateur pour lequel un am\u00e9nagement de poste est n\u00e9cessaire ou faire face \u00e0...","og_url":"https:\/\/blooming-heroes.com\/produit\/amenagements-des-postes-et-situations-de-travail\/","og_site_name":"Blooming Heroes","article_modified_time":"2023-11-13T16:16:46+00:00","og_image":[{"width":2048,"height":1536,"url":"https:\/\/blooming-heroes.com\/wp-content\/uploads\/2023\/08\/Accessibilite-min.jpeg","type":"image\/jpeg"}],"twitter_card":"summary_large_image","twitter_misc":{"Est. reading time":"1 minute"},"schema":{"@context":"https:\/\/schema.org","@graph":[{"@type":"WebPage","@id":"https:\/\/blooming-heroes.com\/produit\/amenagements-des-postes-et-situations-de-travail\/","url":"https:\/\/blooming-heroes.com\/produit\/amenagements-des-postes-et-situations-de-travail\/","name":"Am\u00e9nagements des postes et situations de travail","isPartOf":{"@id":"https:\/\/blooming-heroes.com\/#website"},"primaryImageOfPage":{"@id":"https:\/\/blooming-heroes.com\/produit\/amenagements-des-postes-et-situations-de-travail\/#primaryimage"},"image":{"@id":"https:\/\/blooming-heroes.com\/produit\/amenagements-des-postes-et-situations-de-travail\/#primaryimage"},"thumbnailUrl":"https:\/\/blooming-heroes.com\/wp-content\/uploads\/2023\/08\/Accessibilite-min.jpeg","datePublished":"2023-08-13T17:07:41+00:00","dateModified":"2023-11-13T16:16:46+00:00","description":"Pour maintenir un collaborateur en difficult\u00e9 dans l'emploi, int\u00e9grer un collaborateur pour lequel un am\u00e9nagement de poste est n\u00e9cessaire ou faire face \u00e0...","breadcrumb":{"@id":"https:\/\/blooming-heroes.com\/produit\/amenagements-des-postes-et-situations-de-travail\/#breadcrumb"},"inLanguage":"en-US","potentialAction":[{"@type":"ReadAction","target":["https:\/\/blooming-heroes.com\/produit\/amenagements-des-postes-et-situations-de-travail\/"]}]},{"@type":"ImageObject","inLanguage":"en-US","@id":"https:\/\/blooming-heroes.com\/produit\/amenagements-des-postes-et-situations-de-travail\/#primaryimage","url":"https:\/\/blooming-heroes.com\/wp-content\/uploads\/2023\/08\/Accessibilite-min.jpeg","contentUrl":"https:\/\/blooming-heroes.com\/wp-content\/uploads\/2023\/08\/Accessibilite-min.jpeg","width":2048,"height":1536},{"@type":"BreadcrumbList","@id":"https:\/\/blooming-heroes.com\/produit\/amenagements-des-postes-et-situations-de-travail\/#breadcrumb","itemListElement":[{"@type":"ListItem","position":1,"name":"Accueil","item":"https:\/\/blooming-heroes.com\/en\/"},{"@type":"ListItem","position":2,"name":"Produits","item":"https:\/\/blooming-heroes.com\/shop\/"},{"@type":"ListItem","position":3,"name":"Am\u00e9nagements des postes et situations de travail"}]},{"@type":"WebSite","@id":"https:\/\/blooming-heroes.com\/#website","url":"https:\/\/blooming-heroes.com\/","name":"Blooming Heroes","description":"Les h\u00e9ros du bien-vivre au travail","publisher":{"@id":"https:\/\/blooming-heroes.com\/#organization"},"potentialAction":[{"@type":"SearchAction","target":{"@type":"EntryPoint","urlTemplate":"https:\/\/blooming-heroes.com\/?s={search_term_string}"},"query-input":{"@type":"PropertyValueSpecification","valueRequired":true,"valueName":"search_term_string"}}],"inLanguage":"en-US"},{"@type":"Organization","@id":"https:\/\/blooming-heroes.com\/#organization","name":"Blooming Heroes","url":"https:\/\/blooming-heroes.com\/","logo":{"@type":"ImageObject","inLanguage":"en-US","@id":"https:\/\/blooming-heroes.com\/#\/schema\/logo\/image\/","url":"https:\/\/blooming-heroes.com\/wp-content\/uploads\/2022\/01\/cropped-Fichier-19.png","contentUrl":"https:\/\/blooming-heroes.com\/wp-content\/uploads\/2022\/01\/cropped-Fichier-19.png","width":512,"height":512,"caption":"Blooming Heroes"},"image":{"@id":"https:\/\/blooming-heroes.com\/#\/schema\/logo\/image\/"}}]}},"_links":{"self":[{"href":"https:\/\/blooming-heroes.com\/en\/wp-json\/wp\/v2\/product\/5549","targetHints":{"allow":["GET"]}}],"collection":[{"href":"https:\/\/blooming-heroes.com\/en\/wp-json\/wp\/v2\/product"}],"about":[{"href":"https:\/\/blooming-heroes.com\/en\/wp-json\/wp\/v2\/types\/product"}],"replies":[{"embeddable":true,"href":"https:\/\/blooming-heroes.com\/en\/wp-json\/wp\/v2\/comments?post=5549"}],"wp:featuredmedia":[{"embeddable":true,"href":"https:\/\/blooming-heroes.com\/en\/wp-json\/wp\/v2\/media\/6809"}],"wp:attachment":[{"href":"https:\/\/blooming-heroes.com\/en\/wp-json\/wp\/v2\/media?parent=5549"}],"wp:term":[{"taxonomy":"product_brand","embeddable":true,"href":"https:\/\/blooming-heroes.com\/en\/wp-json\/wp\/v2\/product_brand?post=5549"},{"taxonomy":"product_cat","embeddable":true,"href":"https:\/\/blooming-heroes.com\/en\/wp-json\/wp\/v2\/product_cat?post=5549"},{"taxonomy":"product_tag","embeddable":true,"href":"https:\/\/blooming-heroes.com\/en\/wp-json\/wp\/v2\/product_tag?post=5549"}],"curies":[{"name":"wp","href":"https:\/\/api.w.org\/{rel}","templated":true}]}}