
{"id":5550,"date":"2023-08-13T19:10:36","date_gmt":"2023-08-13T17:10:36","guid":{"rendered":"https:\/\/blooming.dev05.fr\/?post_type=product&#038;p=5550"},"modified":"2023-11-13T17:15:27","modified_gmt":"2023-11-13T16:15:27","slug":"diagnostic-et-etude-des-politiques-de-handicap","status":"publish","type":"product","link":"https:\/\/blooming-heroes.com\/en\/produit\/diagnostic-et-etude-des-politiques-de-handicap\/","title":{"rendered":"Diagnostic et \u00e9tude des politiques de handicap"},"content":{"rendered":"<p>Si vous souhaitez avoir une vision claire de votre situation, de vos points forts et de vos marges de man\u0153uvre avant de vous engager, que vous avez le projet de conclure ou de renouveler un accord handicap ou une convention avec l\u2019AGEFIPH ou le FIPHFP, ou pour approfondir un th\u00e8me sp\u00e9cifique en lien avec le handicap, ce cabinet vous propose un \u00e9tat des lieux complet (Diagnostics, benchmarks, barom\u00e8tres cibl\u00e9s&#8230;) pour identifier les orientations \u00e0 prendre, fixer vos priorit\u00e9s et construire des plans d\u2019actions sur-mesure afin d&#8217;inscrire le handicap dans l\u2019ADN de votre organisation.<\/p>\n","protected":false},"excerpt":{"rendered":"<p>Si vous souhaitez avoir une vision claire de votre situation, de vos points forts et de vos marges de man\u0153uvre avant de vous engager, que vous avez le projet de conclure ou de renouveler un accord handicap ou une convention avec l\u2019AGEFIPH ou le FIPHFP, ou pour approfondir un th\u00e8me sp\u00e9cifique en lien avec le [&hellip;]<\/p>\n","protected":false},"featured_media":6807,"comment_status":"open","ping_status":"closed","template":"","meta":{"inline_featured_image":false,"_glsr_average":0,"_glsr_ranking":0,"_glsr_reviews":0},"product_brand":[],"product_cat":[145,92],"product_tag":[120,128],"class_list":{"0":"post-5550","1":"product","2":"type-product","3":"status-publish","4":"has-post-thumbnail","6":"product_cat-diversite-equite-inclusion","7":"product_cat-handicap","8":"product_tag-accompagnement-conseil-rh","9":"product_tag-audit","11":"first","12":"instock","13":"shipping-taxable","14":"product-type-simple"},"yoast_head":"<!-- This site is optimized with the Yoast SEO plugin v27.4 - https:\/\/yoast.com\/product\/yoast-seo-wordpress\/ -->\n<title>Diagnostic et \u00e9tude des politiques de handicap - Blooming Heroes<\/title>\n<meta name=\"description\" content=\"Si vous souhaitez avoir une vision claire de votre situation, de vos points forts et de vos marges de man\u0153uvre avant de vous engager, que vous avez...\" \/>\n<meta name=\"robots\" content=\"index, follow, max-snippet:-1, max-image-preview:large, max-video-preview:-1\" \/>\n<link rel=\"canonical\" href=\"https:\/\/blooming-heroes.com\/produit\/diagnostic-et-etude-des-politiques-de-handicap\/\" \/>\n<meta property=\"og:locale\" content=\"en_US\" \/>\n<meta property=\"og:type\" content=\"article\" \/>\n<meta property=\"og:title\" content=\"Diagnostic et \u00e9tude des politiques de handicap - Blooming Heroes\" \/>\n<meta property=\"og:description\" content=\"Si vous souhaitez avoir une vision claire de votre situation, de vos points forts et de vos marges de man\u0153uvre avant de vous engager, que vous avez...\" \/>\n<meta property=\"og:url\" content=\"https:\/\/blooming-heroes.com\/produit\/diagnostic-et-etude-des-politiques-de-handicap\/\" \/>\n<meta property=\"og:site_name\" content=\"Blooming Heroes\" \/>\n<meta property=\"article:modified_time\" content=\"2023-11-13T16:15:27+00:00\" \/>\n<meta property=\"og:image\" content=\"https:\/\/blooming-heroes.com\/wp-content\/uploads\/2023\/08\/Handicap-copie-min.jpeg\" \/>\n\t<meta property=\"og:image:width\" content=\"1920\" \/>\n\t<meta property=\"og:image:height\" content=\"1280\" \/>\n\t<meta property=\"og:image:type\" content=\"image\/jpeg\" \/>\n<meta name=\"twitter:card\" content=\"summary_large_image\" \/>\n<meta name=\"twitter:label1\" content=\"Est. reading time\" \/>\n\t<meta name=\"twitter:data1\" content=\"1 minute\" \/>\n<script type=\"application\/ld+json\" class=\"yoast-schema-graph\">{\"@context\":\"https:\\\/\\\/schema.org\",\"@graph\":[{\"@type\":\"WebPage\",\"@id\":\"https:\\\/\\\/blooming-heroes.com\\\/produit\\\/diagnostic-et-etude-des-politiques-de-handicap\\\/\",\"url\":\"https:\\\/\\\/blooming-heroes.com\\\/produit\\\/diagnostic-et-etude-des-politiques-de-handicap\\\/\",\"name\":\"Diagnostic et \u00e9tude des politiques de handicap - Blooming Heroes\",\"isPartOf\":{\"@id\":\"https:\\\/\\\/blooming-heroes.com\\\/#website\"},\"primaryImageOfPage\":{\"@id\":\"https:\\\/\\\/blooming-heroes.com\\\/produit\\\/diagnostic-et-etude-des-politiques-de-handicap\\\/#primaryimage\"},\"image\":{\"@id\":\"https:\\\/\\\/blooming-heroes.com\\\/produit\\\/diagnostic-et-etude-des-politiques-de-handicap\\\/#primaryimage\"},\"thumbnailUrl\":\"https:\\\/\\\/blooming-heroes.com\\\/wp-content\\\/uploads\\\/2023\\\/08\\\/Handicap-copie-min.jpeg\",\"datePublished\":\"2023-08-13T17:10:36+00:00\",\"dateModified\":\"2023-11-13T16:15:27+00:00\",\"description\":\"Si vous souhaitez avoir une vision claire de votre situation, de vos points forts et de vos marges de man\u0153uvre avant de vous engager, que vous avez...\",\"breadcrumb\":{\"@id\":\"https:\\\/\\\/blooming-heroes.com\\\/produit\\\/diagnostic-et-etude-des-politiques-de-handicap\\\/#breadcrumb\"},\"inLanguage\":\"en-US\",\"potentialAction\":[{\"@type\":\"ReadAction\",\"target\":[\"https:\\\/\\\/blooming-heroes.com\\\/produit\\\/diagnostic-et-etude-des-politiques-de-handicap\\\/\"]}]},{\"@type\":\"ImageObject\",\"inLanguage\":\"en-US\",\"@id\":\"https:\\\/\\\/blooming-heroes.com\\\/produit\\\/diagnostic-et-etude-des-politiques-de-handicap\\\/#primaryimage\",\"url\":\"https:\\\/\\\/blooming-heroes.com\\\/wp-content\\\/uploads\\\/2023\\\/08\\\/Handicap-copie-min.jpeg\",\"contentUrl\":\"https:\\\/\\\/blooming-heroes.com\\\/wp-content\\\/uploads\\\/2023\\\/08\\\/Handicap-copie-min.jpeg\",\"width\":1920,\"height\":1280},{\"@type\":\"BreadcrumbList\",\"@id\":\"https:\\\/\\\/blooming-heroes.com\\\/produit\\\/diagnostic-et-etude-des-politiques-de-handicap\\\/#breadcrumb\",\"itemListElement\":[{\"@type\":\"ListItem\",\"position\":1,\"name\":\"Accueil\",\"item\":\"https:\\\/\\\/blooming-heroes.com\\\/en\\\/\"},{\"@type\":\"ListItem\",\"position\":2,\"name\":\"Produits\",\"item\":\"https:\\\/\\\/blooming-heroes.com\\\/shop\\\/\"},{\"@type\":\"ListItem\",\"position\":3,\"name\":\"Diagnostic et \u00e9tude des politiques de handicap\"}]},{\"@type\":\"WebSite\",\"@id\":\"https:\\\/\\\/blooming-heroes.com\\\/#website\",\"url\":\"https:\\\/\\\/blooming-heroes.com\\\/\",\"name\":\"Blooming Heroes\",\"description\":\"Les h\u00e9ros du bien-vivre au travail\",\"publisher\":{\"@id\":\"https:\\\/\\\/blooming-heroes.com\\\/#organization\"},\"potentialAction\":[{\"@type\":\"SearchAction\",\"target\":{\"@type\":\"EntryPoint\",\"urlTemplate\":\"https:\\\/\\\/blooming-heroes.com\\\/?s={search_term_string}\"},\"query-input\":{\"@type\":\"PropertyValueSpecification\",\"valueRequired\":true,\"valueName\":\"search_term_string\"}}],\"inLanguage\":\"en-US\"},{\"@type\":\"Organization\",\"@id\":\"https:\\\/\\\/blooming-heroes.com\\\/#organization\",\"name\":\"Blooming Heroes\",\"url\":\"https:\\\/\\\/blooming-heroes.com\\\/\",\"logo\":{\"@type\":\"ImageObject\",\"inLanguage\":\"en-US\",\"@id\":\"https:\\\/\\\/blooming-heroes.com\\\/#\\\/schema\\\/logo\\\/image\\\/\",\"url\":\"https:\\\/\\\/blooming-heroes.com\\\/wp-content\\\/uploads\\\/2022\\\/01\\\/cropped-Fichier-19.png\",\"contentUrl\":\"https:\\\/\\\/blooming-heroes.com\\\/wp-content\\\/uploads\\\/2022\\\/01\\\/cropped-Fichier-19.png\",\"width\":512,\"height\":512,\"caption\":\"Blooming Heroes\"},\"image\":{\"@id\":\"https:\\\/\\\/blooming-heroes.com\\\/#\\\/schema\\\/logo\\\/image\\\/\"}}]}<\/script>\n<!-- \/ Yoast SEO plugin. -->","yoast_head_json":{"title":"Diagnostic et \u00e9tude des politiques de handicap - Blooming Heroes","description":"Si vous souhaitez avoir une vision claire de votre situation, de vos points forts et de vos marges de man\u0153uvre avant de vous engager, que vous avez...","robots":{"index":"index","follow":"follow","max-snippet":"max-snippet:-1","max-image-preview":"max-image-preview:large","max-video-preview":"max-video-preview:-1"},"canonical":"https:\/\/blooming-heroes.com\/produit\/diagnostic-et-etude-des-politiques-de-handicap\/","og_locale":"en_US","og_type":"article","og_title":"Diagnostic et \u00e9tude des politiques de handicap - Blooming Heroes","og_description":"Si vous souhaitez avoir une vision claire de votre situation, de vos points forts et de vos marges de man\u0153uvre avant de vous engager, que vous avez...","og_url":"https:\/\/blooming-heroes.com\/produit\/diagnostic-et-etude-des-politiques-de-handicap\/","og_site_name":"Blooming Heroes","article_modified_time":"2023-11-13T16:15:27+00:00","og_image":[{"width":1920,"height":1280,"url":"https:\/\/blooming-heroes.com\/wp-content\/uploads\/2023\/08\/Handicap-copie-min.jpeg","type":"image\/jpeg"}],"twitter_card":"summary_large_image","twitter_misc":{"Est. reading time":"1 minute"},"schema":{"@context":"https:\/\/schema.org","@graph":[{"@type":"WebPage","@id":"https:\/\/blooming-heroes.com\/produit\/diagnostic-et-etude-des-politiques-de-handicap\/","url":"https:\/\/blooming-heroes.com\/produit\/diagnostic-et-etude-des-politiques-de-handicap\/","name":"Diagnostic et \u00e9tude des politiques de handicap - Blooming Heroes","isPartOf":{"@id":"https:\/\/blooming-heroes.com\/#website"},"primaryImageOfPage":{"@id":"https:\/\/blooming-heroes.com\/produit\/diagnostic-et-etude-des-politiques-de-handicap\/#primaryimage"},"image":{"@id":"https:\/\/blooming-heroes.com\/produit\/diagnostic-et-etude-des-politiques-de-handicap\/#primaryimage"},"thumbnailUrl":"https:\/\/blooming-heroes.com\/wp-content\/uploads\/2023\/08\/Handicap-copie-min.jpeg","datePublished":"2023-08-13T17:10:36+00:00","dateModified":"2023-11-13T16:15:27+00:00","description":"Si vous souhaitez avoir une vision claire de votre situation, de vos points forts et de vos marges de man\u0153uvre avant de vous engager, que vous avez...","breadcrumb":{"@id":"https:\/\/blooming-heroes.com\/produit\/diagnostic-et-etude-des-politiques-de-handicap\/#breadcrumb"},"inLanguage":"en-US","potentialAction":[{"@type":"ReadAction","target":["https:\/\/blooming-heroes.com\/produit\/diagnostic-et-etude-des-politiques-de-handicap\/"]}]},{"@type":"ImageObject","inLanguage":"en-US","@id":"https:\/\/blooming-heroes.com\/produit\/diagnostic-et-etude-des-politiques-de-handicap\/#primaryimage","url":"https:\/\/blooming-heroes.com\/wp-content\/uploads\/2023\/08\/Handicap-copie-min.jpeg","contentUrl":"https:\/\/blooming-heroes.com\/wp-content\/uploads\/2023\/08\/Handicap-copie-min.jpeg","width":1920,"height":1280},{"@type":"BreadcrumbList","@id":"https:\/\/blooming-heroes.com\/produit\/diagnostic-et-etude-des-politiques-de-handicap\/#breadcrumb","itemListElement":[{"@type":"ListItem","position":1,"name":"Accueil","item":"https:\/\/blooming-heroes.com\/en\/"},{"@type":"ListItem","position":2,"name":"Produits","item":"https:\/\/blooming-heroes.com\/shop\/"},{"@type":"ListItem","position":3,"name":"Diagnostic et \u00e9tude des politiques de handicap"}]},{"@type":"WebSite","@id":"https:\/\/blooming-heroes.com\/#website","url":"https:\/\/blooming-heroes.com\/","name":"Blooming Heroes","description":"Les h\u00e9ros du bien-vivre au travail","publisher":{"@id":"https:\/\/blooming-heroes.com\/#organization"},"potentialAction":[{"@type":"SearchAction","target":{"@type":"EntryPoint","urlTemplate":"https:\/\/blooming-heroes.com\/?s={search_term_string}"},"query-input":{"@type":"PropertyValueSpecification","valueRequired":true,"valueName":"search_term_string"}}],"inLanguage":"en-US"},{"@type":"Organization","@id":"https:\/\/blooming-heroes.com\/#organization","name":"Blooming Heroes","url":"https:\/\/blooming-heroes.com\/","logo":{"@type":"ImageObject","inLanguage":"en-US","@id":"https:\/\/blooming-heroes.com\/#\/schema\/logo\/image\/","url":"https:\/\/blooming-heroes.com\/wp-content\/uploads\/2022\/01\/cropped-Fichier-19.png","contentUrl":"https:\/\/blooming-heroes.com\/wp-content\/uploads\/2022\/01\/cropped-Fichier-19.png","width":512,"height":512,"caption":"Blooming Heroes"},"image":{"@id":"https:\/\/blooming-heroes.com\/#\/schema\/logo\/image\/"}}]}},"_links":{"self":[{"href":"https:\/\/blooming-heroes.com\/en\/wp-json\/wp\/v2\/product\/5550","targetHints":{"allow":["GET"]}}],"collection":[{"href":"https:\/\/blooming-heroes.com\/en\/wp-json\/wp\/v2\/product"}],"about":[{"href":"https:\/\/blooming-heroes.com\/en\/wp-json\/wp\/v2\/types\/product"}],"replies":[{"embeddable":true,"href":"https:\/\/blooming-heroes.com\/en\/wp-json\/wp\/v2\/comments?post=5550"}],"wp:featuredmedia":[{"embeddable":true,"href":"https:\/\/blooming-heroes.com\/en\/wp-json\/wp\/v2\/media\/6807"}],"wp:attachment":[{"href":"https:\/\/blooming-heroes.com\/en\/wp-json\/wp\/v2\/media?parent=5550"}],"wp:term":[{"taxonomy":"product_brand","embeddable":true,"href":"https:\/\/blooming-heroes.com\/en\/wp-json\/wp\/v2\/product_brand?post=5550"},{"taxonomy":"product_cat","embeddable":true,"href":"https:\/\/blooming-heroes.com\/en\/wp-json\/wp\/v2\/product_cat?post=5550"},{"taxonomy":"product_tag","embeddable":true,"href":"https:\/\/blooming-heroes.com\/en\/wp-json\/wp\/v2\/product_tag?post=5550"}],"curies":[{"name":"wp","href":"https:\/\/api.w.org\/{rel}","templated":true}]}}