
{"id":5551,"date":"2023-08-13T19:12:59","date_gmt":"2023-08-13T17:12:59","guid":{"rendered":"https:\/\/blooming.dev05.fr\/?post_type=product&#038;p=5551"},"modified":"2023-11-13T17:14:58","modified_gmt":"2023-11-13T16:14:58","slug":"programmes-de-formation-et-campagnes-de-sensibilisation-sur-le-handicap","status":"publish","type":"product","link":"https:\/\/blooming-heroes.com\/en\/produit\/programmes-de-formation-et-campagnes-de-sensibilisation-sur-le-handicap\/","title":{"rendered":"Programmes de formation et campagnes de sensibilisation sur le handicap"},"content":{"rendered":"<p>Ce cabinet propose une offre de formation et sensibilisation compl\u00e8te, sur \u00e9tag\u00e8re ou sur mesure, en pr\u00e9sentiel, distanciel ou blended learning, avec des animations originales, apprenantes et porteuses de sens, pour vous aider \u00e0 favoriser l&#8217;inclusion et op\u00e9rer un changement de regard sur le sujet du handicap. Les formats cr\u00e9atifs et r\u00e9cr\u00e9atifs suscitent l&#8217;engagement des participants, et les contenus propos\u00e9s permettent de favoriser l\u2019adoption de comportements inclusifs et d&#8217;inscrire durablement le handicap dans vos pratiques<\/p>\n","protected":false},"excerpt":{"rendered":"<p>Ce cabinet propose une offre de formation et sensibilisation compl\u00e8te, sur \u00e9tag\u00e8re ou sur mesure, en pr\u00e9sentiel, distanciel ou blended learning, avec des animations originales, apprenantes et porteuses de sens, pour vous aider \u00e0 favoriser l&#8217;inclusion et op\u00e9rer un changement de regard sur le sujet du handicap. Les formats cr\u00e9atifs et r\u00e9cr\u00e9atifs suscitent l&#8217;engagement des [&hellip;]<\/p>\n","protected":false},"featured_media":6807,"comment_status":"open","ping_status":"closed","template":"","meta":{"inline_featured_image":false,"_glsr_average":0,"_glsr_ranking":0,"_glsr_reviews":0},"product_brand":[],"product_cat":[145,92],"product_tag":[72,116,113],"class_list":{"0":"post-5551","1":"product","2":"type-product","3":"status-publish","4":"has-post-thumbnail","6":"product_cat-diversite-equite-inclusion","7":"product_cat-handicap","8":"product_tag-evenements","9":"product_tag-formation-digitale","10":"product_tag-formation-ateliers-conferences","12":"first","13":"instock","14":"shipping-taxable","15":"product-type-simple"},"yoast_head":"<!-- This site is optimized with the Yoast SEO plugin v27.4 - https:\/\/yoast.com\/product\/yoast-seo-wordpress\/ -->\n<title>Programmes de formation et campagnes de sensibilisation sur le handicap<\/title>\n<meta name=\"description\" content=\"Ce cabinet propose une offre de formation et sensibilisation compl\u00e8te, sur \u00e9tag\u00e8re ou sur mesure, en pr\u00e9sentiel, distanciel ou blended learning, avec des...\" \/>\n<meta name=\"robots\" content=\"index, follow, max-snippet:-1, max-image-preview:large, max-video-preview:-1\" \/>\n<link rel=\"canonical\" href=\"https:\/\/blooming-heroes.com\/produit\/programmes-de-formation-et-campagnes-de-sensibilisation-sur-le-handicap\/\" \/>\n<meta property=\"og:locale\" content=\"en_US\" \/>\n<meta property=\"og:type\" content=\"article\" \/>\n<meta property=\"og:title\" content=\"Programmes de formation et campagnes de sensibilisation sur le handicap\" \/>\n<meta property=\"og:description\" content=\"Ce cabinet propose une offre de formation et sensibilisation compl\u00e8te, sur \u00e9tag\u00e8re ou sur mesure, en pr\u00e9sentiel, distanciel ou blended learning, avec des...\" \/>\n<meta property=\"og:url\" content=\"https:\/\/blooming-heroes.com\/produit\/programmes-de-formation-et-campagnes-de-sensibilisation-sur-le-handicap\/\" \/>\n<meta property=\"og:site_name\" content=\"Blooming Heroes\" \/>\n<meta property=\"article:modified_time\" content=\"2023-11-13T16:14:58+00:00\" \/>\n<meta property=\"og:image\" content=\"https:\/\/blooming-heroes.com\/wp-content\/uploads\/2023\/08\/Handicap-copie-min.jpeg\" \/>\n\t<meta property=\"og:image:width\" content=\"1920\" \/>\n\t<meta property=\"og:image:height\" content=\"1280\" \/>\n\t<meta property=\"og:image:type\" content=\"image\/jpeg\" \/>\n<meta name=\"twitter:card\" content=\"summary_large_image\" \/>\n<meta name=\"twitter:label1\" content=\"Est. reading time\" \/>\n\t<meta name=\"twitter:data1\" content=\"1 minute\" \/>\n<script type=\"application\/ld+json\" class=\"yoast-schema-graph\">{\"@context\":\"https:\\\/\\\/schema.org\",\"@graph\":[{\"@type\":\"WebPage\",\"@id\":\"https:\\\/\\\/blooming-heroes.com\\\/produit\\\/programmes-de-formation-et-campagnes-de-sensibilisation-sur-le-handicap\\\/\",\"url\":\"https:\\\/\\\/blooming-heroes.com\\\/produit\\\/programmes-de-formation-et-campagnes-de-sensibilisation-sur-le-handicap\\\/\",\"name\":\"Programmes de formation et campagnes de sensibilisation sur le handicap\",\"isPartOf\":{\"@id\":\"https:\\\/\\\/blooming-heroes.com\\\/#website\"},\"primaryImageOfPage\":{\"@id\":\"https:\\\/\\\/blooming-heroes.com\\\/produit\\\/programmes-de-formation-et-campagnes-de-sensibilisation-sur-le-handicap\\\/#primaryimage\"},\"image\":{\"@id\":\"https:\\\/\\\/blooming-heroes.com\\\/produit\\\/programmes-de-formation-et-campagnes-de-sensibilisation-sur-le-handicap\\\/#primaryimage\"},\"thumbnailUrl\":\"https:\\\/\\\/blooming-heroes.com\\\/wp-content\\\/uploads\\\/2023\\\/08\\\/Handicap-copie-min.jpeg\",\"datePublished\":\"2023-08-13T17:12:59+00:00\",\"dateModified\":\"2023-11-13T16:14:58+00:00\",\"description\":\"Ce cabinet propose une offre de formation et sensibilisation compl\u00e8te, sur \u00e9tag\u00e8re ou sur mesure, en pr\u00e9sentiel, distanciel ou blended learning, avec des...\",\"breadcrumb\":{\"@id\":\"https:\\\/\\\/blooming-heroes.com\\\/produit\\\/programmes-de-formation-et-campagnes-de-sensibilisation-sur-le-handicap\\\/#breadcrumb\"},\"inLanguage\":\"en-US\",\"potentialAction\":[{\"@type\":\"ReadAction\",\"target\":[\"https:\\\/\\\/blooming-heroes.com\\\/produit\\\/programmes-de-formation-et-campagnes-de-sensibilisation-sur-le-handicap\\\/\"]}]},{\"@type\":\"ImageObject\",\"inLanguage\":\"en-US\",\"@id\":\"https:\\\/\\\/blooming-heroes.com\\\/produit\\\/programmes-de-formation-et-campagnes-de-sensibilisation-sur-le-handicap\\\/#primaryimage\",\"url\":\"https:\\\/\\\/blooming-heroes.com\\\/wp-content\\\/uploads\\\/2023\\\/08\\\/Handicap-copie-min.jpeg\",\"contentUrl\":\"https:\\\/\\\/blooming-heroes.com\\\/wp-content\\\/uploads\\\/2023\\\/08\\\/Handicap-copie-min.jpeg\",\"width\":1920,\"height\":1280},{\"@type\":\"BreadcrumbList\",\"@id\":\"https:\\\/\\\/blooming-heroes.com\\\/produit\\\/programmes-de-formation-et-campagnes-de-sensibilisation-sur-le-handicap\\\/#breadcrumb\",\"itemListElement\":[{\"@type\":\"ListItem\",\"position\":1,\"name\":\"Accueil\",\"item\":\"https:\\\/\\\/blooming-heroes.com\\\/en\\\/\"},{\"@type\":\"ListItem\",\"position\":2,\"name\":\"Produits\",\"item\":\"https:\\\/\\\/blooming-heroes.com\\\/shop\\\/\"},{\"@type\":\"ListItem\",\"position\":3,\"name\":\"Programmes de formation et campagnes de sensibilisation sur le handicap\"}]},{\"@type\":\"WebSite\",\"@id\":\"https:\\\/\\\/blooming-heroes.com\\\/#website\",\"url\":\"https:\\\/\\\/blooming-heroes.com\\\/\",\"name\":\"Blooming Heroes\",\"description\":\"Les h\u00e9ros du bien-vivre au travail\",\"publisher\":{\"@id\":\"https:\\\/\\\/blooming-heroes.com\\\/#organization\"},\"potentialAction\":[{\"@type\":\"SearchAction\",\"target\":{\"@type\":\"EntryPoint\",\"urlTemplate\":\"https:\\\/\\\/blooming-heroes.com\\\/?s={search_term_string}\"},\"query-input\":{\"@type\":\"PropertyValueSpecification\",\"valueRequired\":true,\"valueName\":\"search_term_string\"}}],\"inLanguage\":\"en-US\"},{\"@type\":\"Organization\",\"@id\":\"https:\\\/\\\/blooming-heroes.com\\\/#organization\",\"name\":\"Blooming Heroes\",\"url\":\"https:\\\/\\\/blooming-heroes.com\\\/\",\"logo\":{\"@type\":\"ImageObject\",\"inLanguage\":\"en-US\",\"@id\":\"https:\\\/\\\/blooming-heroes.com\\\/#\\\/schema\\\/logo\\\/image\\\/\",\"url\":\"https:\\\/\\\/blooming-heroes.com\\\/wp-content\\\/uploads\\\/2022\\\/01\\\/cropped-Fichier-19.png\",\"contentUrl\":\"https:\\\/\\\/blooming-heroes.com\\\/wp-content\\\/uploads\\\/2022\\\/01\\\/cropped-Fichier-19.png\",\"width\":512,\"height\":512,\"caption\":\"Blooming Heroes\"},\"image\":{\"@id\":\"https:\\\/\\\/blooming-heroes.com\\\/#\\\/schema\\\/logo\\\/image\\\/\"}}]}<\/script>\n<!-- \/ Yoast SEO plugin. -->","yoast_head_json":{"title":"Programmes de formation et campagnes de sensibilisation sur le handicap","description":"Ce cabinet propose une offre de formation et sensibilisation compl\u00e8te, sur \u00e9tag\u00e8re ou sur mesure, en pr\u00e9sentiel, distanciel ou blended learning, avec des...","robots":{"index":"index","follow":"follow","max-snippet":"max-snippet:-1","max-image-preview":"max-image-preview:large","max-video-preview":"max-video-preview:-1"},"canonical":"https:\/\/blooming-heroes.com\/produit\/programmes-de-formation-et-campagnes-de-sensibilisation-sur-le-handicap\/","og_locale":"en_US","og_type":"article","og_title":"Programmes de formation et campagnes de sensibilisation sur le handicap","og_description":"Ce cabinet propose une offre de formation et sensibilisation compl\u00e8te, sur \u00e9tag\u00e8re ou sur mesure, en pr\u00e9sentiel, distanciel ou blended learning, avec des...","og_url":"https:\/\/blooming-heroes.com\/produit\/programmes-de-formation-et-campagnes-de-sensibilisation-sur-le-handicap\/","og_site_name":"Blooming Heroes","article_modified_time":"2023-11-13T16:14:58+00:00","og_image":[{"width":1920,"height":1280,"url":"https:\/\/blooming-heroes.com\/wp-content\/uploads\/2023\/08\/Handicap-copie-min.jpeg","type":"image\/jpeg"}],"twitter_card":"summary_large_image","twitter_misc":{"Est. reading time":"1 minute"},"schema":{"@context":"https:\/\/schema.org","@graph":[{"@type":"WebPage","@id":"https:\/\/blooming-heroes.com\/produit\/programmes-de-formation-et-campagnes-de-sensibilisation-sur-le-handicap\/","url":"https:\/\/blooming-heroes.com\/produit\/programmes-de-formation-et-campagnes-de-sensibilisation-sur-le-handicap\/","name":"Programmes de formation et campagnes de sensibilisation sur le handicap","isPartOf":{"@id":"https:\/\/blooming-heroes.com\/#website"},"primaryImageOfPage":{"@id":"https:\/\/blooming-heroes.com\/produit\/programmes-de-formation-et-campagnes-de-sensibilisation-sur-le-handicap\/#primaryimage"},"image":{"@id":"https:\/\/blooming-heroes.com\/produit\/programmes-de-formation-et-campagnes-de-sensibilisation-sur-le-handicap\/#primaryimage"},"thumbnailUrl":"https:\/\/blooming-heroes.com\/wp-content\/uploads\/2023\/08\/Handicap-copie-min.jpeg","datePublished":"2023-08-13T17:12:59+00:00","dateModified":"2023-11-13T16:14:58+00:00","description":"Ce cabinet propose une offre de formation et sensibilisation compl\u00e8te, sur \u00e9tag\u00e8re ou sur mesure, en pr\u00e9sentiel, distanciel ou blended learning, avec des...","breadcrumb":{"@id":"https:\/\/blooming-heroes.com\/produit\/programmes-de-formation-et-campagnes-de-sensibilisation-sur-le-handicap\/#breadcrumb"},"inLanguage":"en-US","potentialAction":[{"@type":"ReadAction","target":["https:\/\/blooming-heroes.com\/produit\/programmes-de-formation-et-campagnes-de-sensibilisation-sur-le-handicap\/"]}]},{"@type":"ImageObject","inLanguage":"en-US","@id":"https:\/\/blooming-heroes.com\/produit\/programmes-de-formation-et-campagnes-de-sensibilisation-sur-le-handicap\/#primaryimage","url":"https:\/\/blooming-heroes.com\/wp-content\/uploads\/2023\/08\/Handicap-copie-min.jpeg","contentUrl":"https:\/\/blooming-heroes.com\/wp-content\/uploads\/2023\/08\/Handicap-copie-min.jpeg","width":1920,"height":1280},{"@type":"BreadcrumbList","@id":"https:\/\/blooming-heroes.com\/produit\/programmes-de-formation-et-campagnes-de-sensibilisation-sur-le-handicap\/#breadcrumb","itemListElement":[{"@type":"ListItem","position":1,"name":"Accueil","item":"https:\/\/blooming-heroes.com\/en\/"},{"@type":"ListItem","position":2,"name":"Produits","item":"https:\/\/blooming-heroes.com\/shop\/"},{"@type":"ListItem","position":3,"name":"Programmes de formation et campagnes de sensibilisation sur le handicap"}]},{"@type":"WebSite","@id":"https:\/\/blooming-heroes.com\/#website","url":"https:\/\/blooming-heroes.com\/","name":"Blooming Heroes","description":"Les h\u00e9ros du bien-vivre au travail","publisher":{"@id":"https:\/\/blooming-heroes.com\/#organization"},"potentialAction":[{"@type":"SearchAction","target":{"@type":"EntryPoint","urlTemplate":"https:\/\/blooming-heroes.com\/?s={search_term_string}"},"query-input":{"@type":"PropertyValueSpecification","valueRequired":true,"valueName":"search_term_string"}}],"inLanguage":"en-US"},{"@type":"Organization","@id":"https:\/\/blooming-heroes.com\/#organization","name":"Blooming Heroes","url":"https:\/\/blooming-heroes.com\/","logo":{"@type":"ImageObject","inLanguage":"en-US","@id":"https:\/\/blooming-heroes.com\/#\/schema\/logo\/image\/","url":"https:\/\/blooming-heroes.com\/wp-content\/uploads\/2022\/01\/cropped-Fichier-19.png","contentUrl":"https:\/\/blooming-heroes.com\/wp-content\/uploads\/2022\/01\/cropped-Fichier-19.png","width":512,"height":512,"caption":"Blooming Heroes"},"image":{"@id":"https:\/\/blooming-heroes.com\/#\/schema\/logo\/image\/"}}]}},"_links":{"self":[{"href":"https:\/\/blooming-heroes.com\/en\/wp-json\/wp\/v2\/product\/5551","targetHints":{"allow":["GET"]}}],"collection":[{"href":"https:\/\/blooming-heroes.com\/en\/wp-json\/wp\/v2\/product"}],"about":[{"href":"https:\/\/blooming-heroes.com\/en\/wp-json\/wp\/v2\/types\/product"}],"replies":[{"embeddable":true,"href":"https:\/\/blooming-heroes.com\/en\/wp-json\/wp\/v2\/comments?post=5551"}],"wp:featuredmedia":[{"embeddable":true,"href":"https:\/\/blooming-heroes.com\/en\/wp-json\/wp\/v2\/media\/6807"}],"wp:attachment":[{"href":"https:\/\/blooming-heroes.com\/en\/wp-json\/wp\/v2\/media?parent=5551"}],"wp:term":[{"taxonomy":"product_brand","embeddable":true,"href":"https:\/\/blooming-heroes.com\/en\/wp-json\/wp\/v2\/product_brand?post=5551"},{"taxonomy":"product_cat","embeddable":true,"href":"https:\/\/blooming-heroes.com\/en\/wp-json\/wp\/v2\/product_cat?post=5551"},{"taxonomy":"product_tag","embeddable":true,"href":"https:\/\/blooming-heroes.com\/en\/wp-json\/wp\/v2\/product_tag?post=5551"}],"curies":[{"name":"wp","href":"https:\/\/api.w.org\/{rel}","templated":true}]}}