
{"id":5552,"date":"2023-08-13T19:15:11","date_gmt":"2023-08-13T17:15:11","guid":{"rendered":"https:\/\/blooming.dev05.fr\/?post_type=product&#038;p=5552"},"modified":"2023-11-13T17:14:32","modified_gmt":"2023-11-13T16:14:32","slug":"accompagnement-du-travailleur-handicape","status":"publish","type":"product","link":"https:\/\/blooming-heroes.com\/en\/produit\/accompagnement-du-travailleur-handicape\/","title":{"rendered":"Accompagnement du travailleur handicap\u00e9"},"content":{"rendered":"<p>Apportez le soutien n\u00e9cessaire aux personnes en situation de handicap en confiant l&#8217;accompagnement \u00e0 une \u00e9quipe de professionnels experts (ergonomes, psychologues, coachs, m\u00e9diateurs, assistant social du travail\u2026). L&#8217;intervention vous permettra de mobiliser et coordonner les bonnes comp\u00e9tences, d\u00e9terminer les causes exactes \u00e0 l\u2019origine de la situation concern\u00e9e et d&#8217;identifier le type d\u2019accompagnement adapt\u00e9 (dispositifs d\u2019aide et ressources \u00e0 mobiliser).<\/p>\n","protected":false},"excerpt":{"rendered":"<p>Apportez le soutien n\u00e9cessaire aux personnes en situation de handicap en confiant l&#8217;accompagnement \u00e0 une \u00e9quipe de professionnels experts (ergonomes, psychologues, coachs, m\u00e9diateurs, assistant social du travail\u2026). L&#8217;intervention vous permettra de mobiliser et coordonner les bonnes comp\u00e9tences, d\u00e9terminer les causes exactes \u00e0 l\u2019origine de la situation concern\u00e9e et d&#8217;identifier le type d\u2019accompagnement adapt\u00e9 (dispositifs d\u2019aide [&hellip;]<\/p>\n","protected":false},"featured_media":6807,"comment_status":"open","ping_status":"closed","template":"","meta":{"inline_featured_image":false,"_glsr_average":0,"_glsr_ranking":0,"_glsr_reviews":0},"product_brand":[],"product_cat":[110,92,105,118,89],"product_tag":[70],"class_list":{"0":"post-5552","1":"product","2":"type-product","3":"status-publish","4":"has-post-thumbnail","6":"product_cat-absenteisme","7":"product_cat-handicap","8":"product_cat-maintien-dans-lemploi","9":"product_cat-retour-au-travail","10":"product_cat-tms-troubles-musculosquelettiques","11":"product_tag-soutien-aux-salaries","13":"first","14":"instock","15":"shipping-taxable","16":"product-type-simple"},"yoast_head":"<!-- This site is optimized with the Yoast SEO plugin v27.4 - https:\/\/yoast.com\/product\/yoast-seo-wordpress\/ -->\n<title>Accompagnement du travailleur handicap\u00e9 - Blooming Heroes<\/title>\n<meta name=\"description\" content=\"Apportez le soutien n\u00e9cessaire aux personnes en situation de handicap en confiant l&#039;accompagnement \u00e0 une \u00e9quipe de professionnels experts (ergonomes...\" \/>\n<meta name=\"robots\" content=\"index, follow, max-snippet:-1, max-image-preview:large, max-video-preview:-1\" \/>\n<link rel=\"canonical\" href=\"https:\/\/blooming-heroes.com\/produit\/accompagnement-du-travailleur-handicape\/\" \/>\n<meta property=\"og:locale\" content=\"en_US\" \/>\n<meta property=\"og:type\" content=\"article\" \/>\n<meta property=\"og:title\" content=\"Accompagnement du travailleur handicap\u00e9 - Blooming Heroes\" \/>\n<meta property=\"og:description\" content=\"Apportez le soutien n\u00e9cessaire aux personnes en situation de handicap en confiant l&#039;accompagnement \u00e0 une \u00e9quipe de professionnels experts (ergonomes...\" \/>\n<meta property=\"og:url\" content=\"https:\/\/blooming-heroes.com\/produit\/accompagnement-du-travailleur-handicape\/\" \/>\n<meta property=\"og:site_name\" content=\"Blooming Heroes\" \/>\n<meta property=\"article:modified_time\" content=\"2023-11-13T16:14:32+00:00\" \/>\n<meta property=\"og:image\" content=\"https:\/\/blooming-heroes.com\/wp-content\/uploads\/2023\/08\/Handicap-copie-min.jpeg\" \/>\n\t<meta property=\"og:image:width\" content=\"1920\" \/>\n\t<meta property=\"og:image:height\" content=\"1280\" \/>\n\t<meta property=\"og:image:type\" content=\"image\/jpeg\" \/>\n<meta name=\"twitter:card\" content=\"summary_large_image\" \/>\n<meta name=\"twitter:label1\" content=\"Est. reading time\" \/>\n\t<meta name=\"twitter:data1\" content=\"1 minute\" \/>\n<script type=\"application\/ld+json\" class=\"yoast-schema-graph\">{\"@context\":\"https:\\\/\\\/schema.org\",\"@graph\":[{\"@type\":\"WebPage\",\"@id\":\"https:\\\/\\\/blooming-heroes.com\\\/produit\\\/accompagnement-du-travailleur-handicape\\\/\",\"url\":\"https:\\\/\\\/blooming-heroes.com\\\/produit\\\/accompagnement-du-travailleur-handicape\\\/\",\"name\":\"Accompagnement du travailleur handicap\u00e9 - Blooming Heroes\",\"isPartOf\":{\"@id\":\"https:\\\/\\\/blooming-heroes.com\\\/#website\"},\"primaryImageOfPage\":{\"@id\":\"https:\\\/\\\/blooming-heroes.com\\\/produit\\\/accompagnement-du-travailleur-handicape\\\/#primaryimage\"},\"image\":{\"@id\":\"https:\\\/\\\/blooming-heroes.com\\\/produit\\\/accompagnement-du-travailleur-handicape\\\/#primaryimage\"},\"thumbnailUrl\":\"https:\\\/\\\/blooming-heroes.com\\\/wp-content\\\/uploads\\\/2023\\\/08\\\/Handicap-copie-min.jpeg\",\"datePublished\":\"2023-08-13T17:15:11+00:00\",\"dateModified\":\"2023-11-13T16:14:32+00:00\",\"description\":\"Apportez le soutien n\u00e9cessaire aux personnes en situation de handicap en confiant l'accompagnement \u00e0 une \u00e9quipe de professionnels experts (ergonomes...\",\"breadcrumb\":{\"@id\":\"https:\\\/\\\/blooming-heroes.com\\\/produit\\\/accompagnement-du-travailleur-handicape\\\/#breadcrumb\"},\"inLanguage\":\"en-US\",\"potentialAction\":[{\"@type\":\"ReadAction\",\"target\":[\"https:\\\/\\\/blooming-heroes.com\\\/produit\\\/accompagnement-du-travailleur-handicape\\\/\"]}]},{\"@type\":\"ImageObject\",\"inLanguage\":\"en-US\",\"@id\":\"https:\\\/\\\/blooming-heroes.com\\\/produit\\\/accompagnement-du-travailleur-handicape\\\/#primaryimage\",\"url\":\"https:\\\/\\\/blooming-heroes.com\\\/wp-content\\\/uploads\\\/2023\\\/08\\\/Handicap-copie-min.jpeg\",\"contentUrl\":\"https:\\\/\\\/blooming-heroes.com\\\/wp-content\\\/uploads\\\/2023\\\/08\\\/Handicap-copie-min.jpeg\",\"width\":1920,\"height\":1280},{\"@type\":\"BreadcrumbList\",\"@id\":\"https:\\\/\\\/blooming-heroes.com\\\/produit\\\/accompagnement-du-travailleur-handicape\\\/#breadcrumb\",\"itemListElement\":[{\"@type\":\"ListItem\",\"position\":1,\"name\":\"Accueil\",\"item\":\"https:\\\/\\\/blooming-heroes.com\\\/en\\\/\"},{\"@type\":\"ListItem\",\"position\":2,\"name\":\"Produits\",\"item\":\"https:\\\/\\\/blooming-heroes.com\\\/shop\\\/\"},{\"@type\":\"ListItem\",\"position\":3,\"name\":\"Accompagnement du travailleur handicap\u00e9\"}]},{\"@type\":\"WebSite\",\"@id\":\"https:\\\/\\\/blooming-heroes.com\\\/#website\",\"url\":\"https:\\\/\\\/blooming-heroes.com\\\/\",\"name\":\"Blooming Heroes\",\"description\":\"Les h\u00e9ros du bien-vivre au travail\",\"publisher\":{\"@id\":\"https:\\\/\\\/blooming-heroes.com\\\/#organization\"},\"potentialAction\":[{\"@type\":\"SearchAction\",\"target\":{\"@type\":\"EntryPoint\",\"urlTemplate\":\"https:\\\/\\\/blooming-heroes.com\\\/?s={search_term_string}\"},\"query-input\":{\"@type\":\"PropertyValueSpecification\",\"valueRequired\":true,\"valueName\":\"search_term_string\"}}],\"inLanguage\":\"en-US\"},{\"@type\":\"Organization\",\"@id\":\"https:\\\/\\\/blooming-heroes.com\\\/#organization\",\"name\":\"Blooming Heroes\",\"url\":\"https:\\\/\\\/blooming-heroes.com\\\/\",\"logo\":{\"@type\":\"ImageObject\",\"inLanguage\":\"en-US\",\"@id\":\"https:\\\/\\\/blooming-heroes.com\\\/#\\\/schema\\\/logo\\\/image\\\/\",\"url\":\"https:\\\/\\\/blooming-heroes.com\\\/wp-content\\\/uploads\\\/2022\\\/01\\\/cropped-Fichier-19.png\",\"contentUrl\":\"https:\\\/\\\/blooming-heroes.com\\\/wp-content\\\/uploads\\\/2022\\\/01\\\/cropped-Fichier-19.png\",\"width\":512,\"height\":512,\"caption\":\"Blooming Heroes\"},\"image\":{\"@id\":\"https:\\\/\\\/blooming-heroes.com\\\/#\\\/schema\\\/logo\\\/image\\\/\"}}]}<\/script>\n<!-- \/ Yoast SEO plugin. -->","yoast_head_json":{"title":"Accompagnement du travailleur handicap\u00e9 - Blooming Heroes","description":"Apportez le soutien n\u00e9cessaire aux personnes en situation de handicap en confiant l'accompagnement \u00e0 une \u00e9quipe de professionnels experts (ergonomes...","robots":{"index":"index","follow":"follow","max-snippet":"max-snippet:-1","max-image-preview":"max-image-preview:large","max-video-preview":"max-video-preview:-1"},"canonical":"https:\/\/blooming-heroes.com\/produit\/accompagnement-du-travailleur-handicape\/","og_locale":"en_US","og_type":"article","og_title":"Accompagnement du travailleur handicap\u00e9 - Blooming Heroes","og_description":"Apportez le soutien n\u00e9cessaire aux personnes en situation de handicap en confiant l'accompagnement \u00e0 une \u00e9quipe de professionnels experts (ergonomes...","og_url":"https:\/\/blooming-heroes.com\/produit\/accompagnement-du-travailleur-handicape\/","og_site_name":"Blooming Heroes","article_modified_time":"2023-11-13T16:14:32+00:00","og_image":[{"width":1920,"height":1280,"url":"https:\/\/blooming-heroes.com\/wp-content\/uploads\/2023\/08\/Handicap-copie-min.jpeg","type":"image\/jpeg"}],"twitter_card":"summary_large_image","twitter_misc":{"Est. reading time":"1 minute"},"schema":{"@context":"https:\/\/schema.org","@graph":[{"@type":"WebPage","@id":"https:\/\/blooming-heroes.com\/produit\/accompagnement-du-travailleur-handicape\/","url":"https:\/\/blooming-heroes.com\/produit\/accompagnement-du-travailleur-handicape\/","name":"Accompagnement du travailleur handicap\u00e9 - Blooming Heroes","isPartOf":{"@id":"https:\/\/blooming-heroes.com\/#website"},"primaryImageOfPage":{"@id":"https:\/\/blooming-heroes.com\/produit\/accompagnement-du-travailleur-handicape\/#primaryimage"},"image":{"@id":"https:\/\/blooming-heroes.com\/produit\/accompagnement-du-travailleur-handicape\/#primaryimage"},"thumbnailUrl":"https:\/\/blooming-heroes.com\/wp-content\/uploads\/2023\/08\/Handicap-copie-min.jpeg","datePublished":"2023-08-13T17:15:11+00:00","dateModified":"2023-11-13T16:14:32+00:00","description":"Apportez le soutien n\u00e9cessaire aux personnes en situation de handicap en confiant l'accompagnement \u00e0 une \u00e9quipe de professionnels experts (ergonomes...","breadcrumb":{"@id":"https:\/\/blooming-heroes.com\/produit\/accompagnement-du-travailleur-handicape\/#breadcrumb"},"inLanguage":"en-US","potentialAction":[{"@type":"ReadAction","target":["https:\/\/blooming-heroes.com\/produit\/accompagnement-du-travailleur-handicape\/"]}]},{"@type":"ImageObject","inLanguage":"en-US","@id":"https:\/\/blooming-heroes.com\/produit\/accompagnement-du-travailleur-handicape\/#primaryimage","url":"https:\/\/blooming-heroes.com\/wp-content\/uploads\/2023\/08\/Handicap-copie-min.jpeg","contentUrl":"https:\/\/blooming-heroes.com\/wp-content\/uploads\/2023\/08\/Handicap-copie-min.jpeg","width":1920,"height":1280},{"@type":"BreadcrumbList","@id":"https:\/\/blooming-heroes.com\/produit\/accompagnement-du-travailleur-handicape\/#breadcrumb","itemListElement":[{"@type":"ListItem","position":1,"name":"Accueil","item":"https:\/\/blooming-heroes.com\/en\/"},{"@type":"ListItem","position":2,"name":"Produits","item":"https:\/\/blooming-heroes.com\/shop\/"},{"@type":"ListItem","position":3,"name":"Accompagnement du travailleur handicap\u00e9"}]},{"@type":"WebSite","@id":"https:\/\/blooming-heroes.com\/#website","url":"https:\/\/blooming-heroes.com\/","name":"Blooming Heroes","description":"Les h\u00e9ros du bien-vivre au travail","publisher":{"@id":"https:\/\/blooming-heroes.com\/#organization"},"potentialAction":[{"@type":"SearchAction","target":{"@type":"EntryPoint","urlTemplate":"https:\/\/blooming-heroes.com\/?s={search_term_string}"},"query-input":{"@type":"PropertyValueSpecification","valueRequired":true,"valueName":"search_term_string"}}],"inLanguage":"en-US"},{"@type":"Organization","@id":"https:\/\/blooming-heroes.com\/#organization","name":"Blooming Heroes","url":"https:\/\/blooming-heroes.com\/","logo":{"@type":"ImageObject","inLanguage":"en-US","@id":"https:\/\/blooming-heroes.com\/#\/schema\/logo\/image\/","url":"https:\/\/blooming-heroes.com\/wp-content\/uploads\/2022\/01\/cropped-Fichier-19.png","contentUrl":"https:\/\/blooming-heroes.com\/wp-content\/uploads\/2022\/01\/cropped-Fichier-19.png","width":512,"height":512,"caption":"Blooming Heroes"},"image":{"@id":"https:\/\/blooming-heroes.com\/#\/schema\/logo\/image\/"}}]}},"_links":{"self":[{"href":"https:\/\/blooming-heroes.com\/en\/wp-json\/wp\/v2\/product\/5552","targetHints":{"allow":["GET"]}}],"collection":[{"href":"https:\/\/blooming-heroes.com\/en\/wp-json\/wp\/v2\/product"}],"about":[{"href":"https:\/\/blooming-heroes.com\/en\/wp-json\/wp\/v2\/types\/product"}],"replies":[{"embeddable":true,"href":"https:\/\/blooming-heroes.com\/en\/wp-json\/wp\/v2\/comments?post=5552"}],"wp:featuredmedia":[{"embeddable":true,"href":"https:\/\/blooming-heroes.com\/en\/wp-json\/wp\/v2\/media\/6807"}],"wp:attachment":[{"href":"https:\/\/blooming-heroes.com\/en\/wp-json\/wp\/v2\/media?parent=5552"}],"wp:term":[{"taxonomy":"product_brand","embeddable":true,"href":"https:\/\/blooming-heroes.com\/en\/wp-json\/wp\/v2\/product_brand?post=5552"},{"taxonomy":"product_cat","embeddable":true,"href":"https:\/\/blooming-heroes.com\/en\/wp-json\/wp\/v2\/product_cat?post=5552"},{"taxonomy":"product_tag","embeddable":true,"href":"https:\/\/blooming-heroes.com\/en\/wp-json\/wp\/v2\/product_tag?post=5552"}],"curies":[{"name":"wp","href":"https:\/\/api.w.org\/{rel}","templated":true}]}}