
{"id":5555,"date":"2023-08-13T19:21:57","date_gmt":"2023-08-13T17:21:57","guid":{"rendered":"https:\/\/blooming.dev05.fr\/?post_type=product&#038;p=5555"},"modified":"2023-11-13T17:09:06","modified_gmt":"2023-11-13T16:09:06","slug":"programmes-de-formation-et-campagnes-de-sensibilisation-sur-la-qvct-et-la-sante-physique-et-mentale-des-collaborateurs","status":"publish","type":"product","link":"https:\/\/blooming-heroes.com\/en\/produit\/programmes-de-formation-et-campagnes-de-sensibilisation-sur-la-qvct-et-la-sante-physique-et-mentale-des-collaborateurs\/","title":{"rendered":"Programmes de formation et campagnes de sensibilisation sur la QVCT et la sant\u00e9 physique et mentale des collaborateurs"},"content":{"rendered":"<p>Favorisez la mont\u00e9e en comp\u00e9tence de vos \u00e9quipes pour leur donner les moyens de promouvoir la QVT et de prendre soin de leur sant\u00e9 physique et psychologique. Pr\u00e9vention du stress et des risques psychosociaux (RPS), r\u00e9duction des risques de troubles musculosquelettiques (TMS), \u00e9quilibre vie professionnelle \/ vie personnelle\u2026 Aidez vos collaborateurs \u00e0 am\u00e9liorer la QVCT en renfor\u00e7ant leur pouvoir d&#8217;agir sur leur propre bien-\u00eatre, celle de leurs \u00e9quipes (managers) et celle de leurs coll\u00e8gues.<\/p>\n","protected":false},"excerpt":{"rendered":"<p>Favorisez la mont\u00e9e en comp\u00e9tence de vos \u00e9quipes pour leur donner les moyens de promouvoir la QVT et de prendre soin de leur sant\u00e9 physique et psychologique. Pr\u00e9vention du stress et des risques psychosociaux (RPS), r\u00e9duction des risques de troubles musculosquelettiques (TMS), \u00e9quilibre vie professionnelle \/ vie personnelle\u2026 Aidez vos collaborateurs \u00e0 am\u00e9liorer la QVCT [&hellip;]<\/p>\n","protected":false},"featured_media":6803,"comment_status":"open","ping_status":"closed","template":"","meta":{"inline_featured_image":false,"_glsr_average":0,"_glsr_ranking":0,"_glsr_reviews":0},"product_brand":[],"product_cat":[80,75,88],"product_tag":[72,116,113],"class_list":{"0":"post-5555","1":"product","2":"type-product","3":"status-publish","4":"has-post-thumbnail","6":"product_cat-qvt-qvct","7":"product_cat-sante-mentale-stress-rps","8":"product_cat-sante-physique","9":"product_tag-evenements","10":"product_tag-formation-digitale","11":"product_tag-formation-ateliers-conferences","13":"first","14":"instock","15":"shipping-taxable","16":"product-type-simple"},"yoast_head":"<!-- This site is optimized with the Yoast SEO plugin v27.4 - https:\/\/yoast.com\/product\/yoast-seo-wordpress\/ -->\n<title>Programmes de formation et campagnes de sensibilisation sur la QVCT et la sant\u00e9 physique et mentale des collaborateurs<\/title>\n<meta name=\"description\" content=\"Favorisez la mont\u00e9e en comp\u00e9tence de vos \u00e9quipes pour leur donner les moyens de promouvoir la QVT et de prendre soin de leur sant\u00e9 physique, psychologique..\" \/>\n<meta name=\"robots\" content=\"index, follow, max-snippet:-1, max-image-preview:large, max-video-preview:-1\" \/>\n<link rel=\"canonical\" href=\"https:\/\/blooming-heroes.com\/produit\/programmes-de-formation-et-campagnes-de-sensibilisation-sur-la-qvct-et-la-sante-physique-et-mentale-des-collaborateurs\/\" \/>\n<meta property=\"og:locale\" content=\"en_US\" \/>\n<meta property=\"og:type\" content=\"article\" \/>\n<meta property=\"og:title\" content=\"Programmes de formation et campagnes de sensibilisation sur la QVCT et la sant\u00e9 physique et mentale des collaborateurs\" \/>\n<meta property=\"og:description\" content=\"Favorisez la mont\u00e9e en comp\u00e9tence de vos \u00e9quipes pour leur donner les moyens de promouvoir la QVT et de prendre soin de leur sant\u00e9 physique, psychologique..\" \/>\n<meta property=\"og:url\" content=\"https:\/\/blooming-heroes.com\/produit\/programmes-de-formation-et-campagnes-de-sensibilisation-sur-la-qvct-et-la-sante-physique-et-mentale-des-collaborateurs\/\" \/>\n<meta property=\"og:site_name\" content=\"Blooming Heroes\" \/>\n<meta property=\"article:modified_time\" content=\"2023-11-13T16:09:06+00:00\" \/>\n<meta property=\"og:image\" content=\"https:\/\/blooming-heroes.com\/wp-content\/uploads\/2023\/08\/formation-sur-mesure-min.jpeg\" \/>\n\t<meta property=\"og:image:width\" content=\"1024\" \/>\n\t<meta property=\"og:image:height\" content=\"683\" \/>\n\t<meta property=\"og:image:type\" content=\"image\/jpeg\" \/>\n<meta name=\"twitter:card\" content=\"summary_large_image\" \/>\n<meta name=\"twitter:label1\" content=\"Est. reading time\" \/>\n\t<meta name=\"twitter:data1\" content=\"1 minute\" \/>\n<script type=\"application\/ld+json\" class=\"yoast-schema-graph\">{\"@context\":\"https:\\\/\\\/schema.org\",\"@graph\":[{\"@type\":\"WebPage\",\"@id\":\"https:\\\/\\\/blooming-heroes.com\\\/produit\\\/programmes-de-formation-et-campagnes-de-sensibilisation-sur-la-qvct-et-la-sante-physique-et-mentale-des-collaborateurs\\\/\",\"url\":\"https:\\\/\\\/blooming-heroes.com\\\/produit\\\/programmes-de-formation-et-campagnes-de-sensibilisation-sur-la-qvct-et-la-sante-physique-et-mentale-des-collaborateurs\\\/\",\"name\":\"Programmes de formation et campagnes de sensibilisation sur la QVCT et la sant\u00e9 physique et mentale des collaborateurs\",\"isPartOf\":{\"@id\":\"https:\\\/\\\/blooming-heroes.com\\\/#website\"},\"primaryImageOfPage\":{\"@id\":\"https:\\\/\\\/blooming-heroes.com\\\/produit\\\/programmes-de-formation-et-campagnes-de-sensibilisation-sur-la-qvct-et-la-sante-physique-et-mentale-des-collaborateurs\\\/#primaryimage\"},\"image\":{\"@id\":\"https:\\\/\\\/blooming-heroes.com\\\/produit\\\/programmes-de-formation-et-campagnes-de-sensibilisation-sur-la-qvct-et-la-sante-physique-et-mentale-des-collaborateurs\\\/#primaryimage\"},\"thumbnailUrl\":\"https:\\\/\\\/blooming-heroes.com\\\/wp-content\\\/uploads\\\/2023\\\/08\\\/formation-sur-mesure-min.jpeg\",\"datePublished\":\"2023-08-13T17:21:57+00:00\",\"dateModified\":\"2023-11-13T16:09:06+00:00\",\"description\":\"Favorisez la mont\u00e9e en comp\u00e9tence de vos \u00e9quipes pour leur donner les moyens de promouvoir la QVT et de prendre soin de leur sant\u00e9 physique, psychologique..\",\"breadcrumb\":{\"@id\":\"https:\\\/\\\/blooming-heroes.com\\\/produit\\\/programmes-de-formation-et-campagnes-de-sensibilisation-sur-la-qvct-et-la-sante-physique-et-mentale-des-collaborateurs\\\/#breadcrumb\"},\"inLanguage\":\"en-US\",\"potentialAction\":[{\"@type\":\"ReadAction\",\"target\":[\"https:\\\/\\\/blooming-heroes.com\\\/produit\\\/programmes-de-formation-et-campagnes-de-sensibilisation-sur-la-qvct-et-la-sante-physique-et-mentale-des-collaborateurs\\\/\"]}]},{\"@type\":\"ImageObject\",\"inLanguage\":\"en-US\",\"@id\":\"https:\\\/\\\/blooming-heroes.com\\\/produit\\\/programmes-de-formation-et-campagnes-de-sensibilisation-sur-la-qvct-et-la-sante-physique-et-mentale-des-collaborateurs\\\/#primaryimage\",\"url\":\"https:\\\/\\\/blooming-heroes.com\\\/wp-content\\\/uploads\\\/2023\\\/08\\\/formation-sur-mesure-min.jpeg\",\"contentUrl\":\"https:\\\/\\\/blooming-heroes.com\\\/wp-content\\\/uploads\\\/2023\\\/08\\\/formation-sur-mesure-min.jpeg\",\"width\":1024,\"height\":683},{\"@type\":\"BreadcrumbList\",\"@id\":\"https:\\\/\\\/blooming-heroes.com\\\/produit\\\/programmes-de-formation-et-campagnes-de-sensibilisation-sur-la-qvct-et-la-sante-physique-et-mentale-des-collaborateurs\\\/#breadcrumb\",\"itemListElement\":[{\"@type\":\"ListItem\",\"position\":1,\"name\":\"Accueil\",\"item\":\"https:\\\/\\\/blooming-heroes.com\\\/en\\\/\"},{\"@type\":\"ListItem\",\"position\":2,\"name\":\"Produits\",\"item\":\"https:\\\/\\\/blooming-heroes.com\\\/shop\\\/\"},{\"@type\":\"ListItem\",\"position\":3,\"name\":\"Programmes de formation et campagnes de sensibilisation sur la QVCT et la sant\u00e9 physique et mentale des collaborateurs\"}]},{\"@type\":\"WebSite\",\"@id\":\"https:\\\/\\\/blooming-heroes.com\\\/#website\",\"url\":\"https:\\\/\\\/blooming-heroes.com\\\/\",\"name\":\"Blooming Heroes\",\"description\":\"Les h\u00e9ros du bien-vivre au travail\",\"publisher\":{\"@id\":\"https:\\\/\\\/blooming-heroes.com\\\/#organization\"},\"potentialAction\":[{\"@type\":\"SearchAction\",\"target\":{\"@type\":\"EntryPoint\",\"urlTemplate\":\"https:\\\/\\\/blooming-heroes.com\\\/?s={search_term_string}\"},\"query-input\":{\"@type\":\"PropertyValueSpecification\",\"valueRequired\":true,\"valueName\":\"search_term_string\"}}],\"inLanguage\":\"en-US\"},{\"@type\":\"Organization\",\"@id\":\"https:\\\/\\\/blooming-heroes.com\\\/#organization\",\"name\":\"Blooming Heroes\",\"url\":\"https:\\\/\\\/blooming-heroes.com\\\/\",\"logo\":{\"@type\":\"ImageObject\",\"inLanguage\":\"en-US\",\"@id\":\"https:\\\/\\\/blooming-heroes.com\\\/#\\\/schema\\\/logo\\\/image\\\/\",\"url\":\"https:\\\/\\\/blooming-heroes.com\\\/wp-content\\\/uploads\\\/2022\\\/01\\\/cropped-Fichier-19.png\",\"contentUrl\":\"https:\\\/\\\/blooming-heroes.com\\\/wp-content\\\/uploads\\\/2022\\\/01\\\/cropped-Fichier-19.png\",\"width\":512,\"height\":512,\"caption\":\"Blooming Heroes\"},\"image\":{\"@id\":\"https:\\\/\\\/blooming-heroes.com\\\/#\\\/schema\\\/logo\\\/image\\\/\"}}]}<\/script>\n<!-- \/ Yoast SEO plugin. -->","yoast_head_json":{"title":"Programmes de formation et campagnes de sensibilisation sur la QVCT et la sant\u00e9 physique et mentale des collaborateurs","description":"Favorisez la mont\u00e9e en comp\u00e9tence de vos \u00e9quipes pour leur donner les moyens de promouvoir la QVT et de prendre soin de leur sant\u00e9 physique, psychologique..","robots":{"index":"index","follow":"follow","max-snippet":"max-snippet:-1","max-image-preview":"max-image-preview:large","max-video-preview":"max-video-preview:-1"},"canonical":"https:\/\/blooming-heroes.com\/produit\/programmes-de-formation-et-campagnes-de-sensibilisation-sur-la-qvct-et-la-sante-physique-et-mentale-des-collaborateurs\/","og_locale":"en_US","og_type":"article","og_title":"Programmes de formation et campagnes de sensibilisation sur la QVCT et la sant\u00e9 physique et mentale des collaborateurs","og_description":"Favorisez la mont\u00e9e en comp\u00e9tence de vos \u00e9quipes pour leur donner les moyens de promouvoir la QVT et de prendre soin de leur sant\u00e9 physique, psychologique..","og_url":"https:\/\/blooming-heroes.com\/produit\/programmes-de-formation-et-campagnes-de-sensibilisation-sur-la-qvct-et-la-sante-physique-et-mentale-des-collaborateurs\/","og_site_name":"Blooming Heroes","article_modified_time":"2023-11-13T16:09:06+00:00","og_image":[{"width":1024,"height":683,"url":"https:\/\/blooming-heroes.com\/wp-content\/uploads\/2023\/08\/formation-sur-mesure-min.jpeg","type":"image\/jpeg"}],"twitter_card":"summary_large_image","twitter_misc":{"Est. reading time":"1 minute"},"schema":{"@context":"https:\/\/schema.org","@graph":[{"@type":"WebPage","@id":"https:\/\/blooming-heroes.com\/produit\/programmes-de-formation-et-campagnes-de-sensibilisation-sur-la-qvct-et-la-sante-physique-et-mentale-des-collaborateurs\/","url":"https:\/\/blooming-heroes.com\/produit\/programmes-de-formation-et-campagnes-de-sensibilisation-sur-la-qvct-et-la-sante-physique-et-mentale-des-collaborateurs\/","name":"Programmes de formation et campagnes de sensibilisation sur la QVCT et la sant\u00e9 physique et mentale des collaborateurs","isPartOf":{"@id":"https:\/\/blooming-heroes.com\/#website"},"primaryImageOfPage":{"@id":"https:\/\/blooming-heroes.com\/produit\/programmes-de-formation-et-campagnes-de-sensibilisation-sur-la-qvct-et-la-sante-physique-et-mentale-des-collaborateurs\/#primaryimage"},"image":{"@id":"https:\/\/blooming-heroes.com\/produit\/programmes-de-formation-et-campagnes-de-sensibilisation-sur-la-qvct-et-la-sante-physique-et-mentale-des-collaborateurs\/#primaryimage"},"thumbnailUrl":"https:\/\/blooming-heroes.com\/wp-content\/uploads\/2023\/08\/formation-sur-mesure-min.jpeg","datePublished":"2023-08-13T17:21:57+00:00","dateModified":"2023-11-13T16:09:06+00:00","description":"Favorisez la mont\u00e9e en comp\u00e9tence de vos \u00e9quipes pour leur donner les moyens de promouvoir la QVT et de prendre soin de leur sant\u00e9 physique, psychologique..","breadcrumb":{"@id":"https:\/\/blooming-heroes.com\/produit\/programmes-de-formation-et-campagnes-de-sensibilisation-sur-la-qvct-et-la-sante-physique-et-mentale-des-collaborateurs\/#breadcrumb"},"inLanguage":"en-US","potentialAction":[{"@type":"ReadAction","target":["https:\/\/blooming-heroes.com\/produit\/programmes-de-formation-et-campagnes-de-sensibilisation-sur-la-qvct-et-la-sante-physique-et-mentale-des-collaborateurs\/"]}]},{"@type":"ImageObject","inLanguage":"en-US","@id":"https:\/\/blooming-heroes.com\/produit\/programmes-de-formation-et-campagnes-de-sensibilisation-sur-la-qvct-et-la-sante-physique-et-mentale-des-collaborateurs\/#primaryimage","url":"https:\/\/blooming-heroes.com\/wp-content\/uploads\/2023\/08\/formation-sur-mesure-min.jpeg","contentUrl":"https:\/\/blooming-heroes.com\/wp-content\/uploads\/2023\/08\/formation-sur-mesure-min.jpeg","width":1024,"height":683},{"@type":"BreadcrumbList","@id":"https:\/\/blooming-heroes.com\/produit\/programmes-de-formation-et-campagnes-de-sensibilisation-sur-la-qvct-et-la-sante-physique-et-mentale-des-collaborateurs\/#breadcrumb","itemListElement":[{"@type":"ListItem","position":1,"name":"Accueil","item":"https:\/\/blooming-heroes.com\/en\/"},{"@type":"ListItem","position":2,"name":"Produits","item":"https:\/\/blooming-heroes.com\/shop\/"},{"@type":"ListItem","position":3,"name":"Programmes de formation et campagnes de sensibilisation sur la QVCT et la sant\u00e9 physique et mentale des collaborateurs"}]},{"@type":"WebSite","@id":"https:\/\/blooming-heroes.com\/#website","url":"https:\/\/blooming-heroes.com\/","name":"Blooming Heroes","description":"Les h\u00e9ros du bien-vivre au travail","publisher":{"@id":"https:\/\/blooming-heroes.com\/#organization"},"potentialAction":[{"@type":"SearchAction","target":{"@type":"EntryPoint","urlTemplate":"https:\/\/blooming-heroes.com\/?s={search_term_string}"},"query-input":{"@type":"PropertyValueSpecification","valueRequired":true,"valueName":"search_term_string"}}],"inLanguage":"en-US"},{"@type":"Organization","@id":"https:\/\/blooming-heroes.com\/#organization","name":"Blooming Heroes","url":"https:\/\/blooming-heroes.com\/","logo":{"@type":"ImageObject","inLanguage":"en-US","@id":"https:\/\/blooming-heroes.com\/#\/schema\/logo\/image\/","url":"https:\/\/blooming-heroes.com\/wp-content\/uploads\/2022\/01\/cropped-Fichier-19.png","contentUrl":"https:\/\/blooming-heroes.com\/wp-content\/uploads\/2022\/01\/cropped-Fichier-19.png","width":512,"height":512,"caption":"Blooming Heroes"},"image":{"@id":"https:\/\/blooming-heroes.com\/#\/schema\/logo\/image\/"}}]}},"_links":{"self":[{"href":"https:\/\/blooming-heroes.com\/en\/wp-json\/wp\/v2\/product\/5555","targetHints":{"allow":["GET"]}}],"collection":[{"href":"https:\/\/blooming-heroes.com\/en\/wp-json\/wp\/v2\/product"}],"about":[{"href":"https:\/\/blooming-heroes.com\/en\/wp-json\/wp\/v2\/types\/product"}],"replies":[{"embeddable":true,"href":"https:\/\/blooming-heroes.com\/en\/wp-json\/wp\/v2\/comments?post=5555"}],"wp:featuredmedia":[{"embeddable":true,"href":"https:\/\/blooming-heroes.com\/en\/wp-json\/wp\/v2\/media\/6803"}],"wp:attachment":[{"href":"https:\/\/blooming-heroes.com\/en\/wp-json\/wp\/v2\/media?parent=5555"}],"wp:term":[{"taxonomy":"product_brand","embeddable":true,"href":"https:\/\/blooming-heroes.com\/en\/wp-json\/wp\/v2\/product_brand?post=5555"},{"taxonomy":"product_cat","embeddable":true,"href":"https:\/\/blooming-heroes.com\/en\/wp-json\/wp\/v2\/product_cat?post=5555"},{"taxonomy":"product_tag","embeddable":true,"href":"https:\/\/blooming-heroes.com\/en\/wp-json\/wp\/v2\/product_tag?post=5555"}],"curies":[{"name":"wp","href":"https:\/\/api.w.org\/{rel}","templated":true}]}}