
{"id":5556,"date":"2023-08-13T19:31:53","date_gmt":"2023-08-13T17:31:53","guid":{"rendered":"https:\/\/blooming.dev05.fr\/?post_type=product&#038;p=5556"},"modified":"2023-11-13T17:08:11","modified_gmt":"2023-11-13T16:08:11","slug":"gestion-des-situations-degradees","status":"publish","type":"product","link":"https:\/\/blooming-heroes.com\/en\/produit\/gestion-des-situations-degradees\/","title":{"rendered":"Gestion des situations d\u00e9grad\u00e9es"},"content":{"rendered":"<p>Tensions ou conflits, situations de harc\u00e8lement av\u00e9r\u00e9es ou pr\u00e9sum\u00e9es, l&#8217;intervention d&#8217;un tiers expert et neutre s&#8217;av\u00e8re souvent utile et parfois n\u00e9cessaire. Faites vous accompagner par un consultant expert dans une situation de tensions ou de conflits d\u00e9gradant le fonctionnement et la performance du collectif de travail, dans un cadre \u00e9thique clair avec des professionnels certifi\u00e9s et exp\u00e9riment\u00e9s adoptant une posture de neutralit\u00e9 excluant tout parti pris.<\/p>\n","protected":false},"excerpt":{"rendered":"<p>Tensions ou conflits, situations de harc\u00e8lement av\u00e9r\u00e9es ou pr\u00e9sum\u00e9es, l&#8217;intervention d&#8217;un tiers expert et neutre s&#8217;av\u00e8re souvent utile et parfois n\u00e9cessaire. Faites vous accompagner par un consultant expert dans une situation de tensions ou de conflits d\u00e9gradant le fonctionnement et la performance du collectif de travail, dans un cadre \u00e9thique clair avec des professionnels certifi\u00e9s [&hellip;]<\/p>\n","protected":false},"featured_media":6801,"comment_status":"open","ping_status":"closed","template":"","meta":{"inline_featured_image":false,"_glsr_average":0,"_glsr_ranking":0,"_glsr_reviews":0},"product_brand":[],"product_cat":[84,96,123,75],"product_tag":[120,128,114,70],"class_list":{"0":"post-5556","1":"product","2":"type-product","3":"status-publish","4":"has-post-thumbnail","6":"product_cat-dialogue-social","7":"product_cat-gestion-des-conflits","8":"product_cat-harcelement","9":"product_cat-sante-mentale-stress-rps","10":"product_tag-accompagnement-conseil-rh","11":"product_tag-audit","12":"product_tag-gestion-de-crise-et-de-situation-durgence","13":"product_tag-soutien-aux-salaries","15":"first","16":"instock","17":"shipping-taxable","18":"product-type-simple"},"yoast_head":"<!-- This site is optimized with the Yoast SEO plugin v27.4 - https:\/\/yoast.com\/product\/yoast-seo-wordpress\/ -->\n<title>Gestion des situations d\u00e9grad\u00e9es - Blooming Heroes<\/title>\n<meta name=\"description\" content=\"Tensions ou conflits, situations de harc\u00e8lement av\u00e9r\u00e9es ou pr\u00e9sum\u00e9es, l&#039;intervention d&#039;un tiers expert et neutre s&#039;av\u00e8re souvent utile et parfois...\" \/>\n<meta name=\"robots\" content=\"index, follow, max-snippet:-1, max-image-preview:large, max-video-preview:-1\" \/>\n<link rel=\"canonical\" href=\"https:\/\/blooming-heroes.com\/produit\/gestion-des-situations-degradees\/\" \/>\n<meta property=\"og:locale\" content=\"en_US\" \/>\n<meta property=\"og:type\" content=\"article\" \/>\n<meta property=\"og:title\" content=\"Gestion des situations d\u00e9grad\u00e9es - Blooming Heroes\" \/>\n<meta property=\"og:description\" content=\"Tensions ou conflits, situations de harc\u00e8lement av\u00e9r\u00e9es ou pr\u00e9sum\u00e9es, l&#039;intervention d&#039;un tiers expert et neutre s&#039;av\u00e8re souvent utile et parfois...\" \/>\n<meta property=\"og:url\" content=\"https:\/\/blooming-heroes.com\/produit\/gestion-des-situations-degradees\/\" \/>\n<meta property=\"og:site_name\" content=\"Blooming Heroes\" \/>\n<meta property=\"article:modified_time\" content=\"2023-11-13T16:08:11+00:00\" \/>\n<meta property=\"og:image\" content=\"https:\/\/blooming-heroes.com\/wp-content\/uploads\/2023\/08\/Collectifs-degrades-min.jpeg\" \/>\n\t<meta property=\"og:image:width\" content=\"932\" \/>\n\t<meta property=\"og:image:height\" content=\"582\" \/>\n\t<meta property=\"og:image:type\" content=\"image\/jpeg\" \/>\n<meta name=\"twitter:card\" content=\"summary_large_image\" \/>\n<meta name=\"twitter:label1\" content=\"Est. reading time\" \/>\n\t<meta name=\"twitter:data1\" content=\"1 minute\" \/>\n<script type=\"application\/ld+json\" class=\"yoast-schema-graph\">{\"@context\":\"https:\\\/\\\/schema.org\",\"@graph\":[{\"@type\":\"WebPage\",\"@id\":\"https:\\\/\\\/blooming-heroes.com\\\/produit\\\/gestion-des-situations-degradees\\\/\",\"url\":\"https:\\\/\\\/blooming-heroes.com\\\/produit\\\/gestion-des-situations-degradees\\\/\",\"name\":\"Gestion des situations d\u00e9grad\u00e9es - Blooming Heroes\",\"isPartOf\":{\"@id\":\"https:\\\/\\\/blooming-heroes.com\\\/#website\"},\"primaryImageOfPage\":{\"@id\":\"https:\\\/\\\/blooming-heroes.com\\\/produit\\\/gestion-des-situations-degradees\\\/#primaryimage\"},\"image\":{\"@id\":\"https:\\\/\\\/blooming-heroes.com\\\/produit\\\/gestion-des-situations-degradees\\\/#primaryimage\"},\"thumbnailUrl\":\"https:\\\/\\\/blooming-heroes.com\\\/wp-content\\\/uploads\\\/2023\\\/08\\\/Collectifs-degrades-min.jpeg\",\"datePublished\":\"2023-08-13T17:31:53+00:00\",\"dateModified\":\"2023-11-13T16:08:11+00:00\",\"description\":\"Tensions ou conflits, situations de harc\u00e8lement av\u00e9r\u00e9es ou pr\u00e9sum\u00e9es, l'intervention d'un tiers expert et neutre s'av\u00e8re souvent utile et parfois...\",\"breadcrumb\":{\"@id\":\"https:\\\/\\\/blooming-heroes.com\\\/produit\\\/gestion-des-situations-degradees\\\/#breadcrumb\"},\"inLanguage\":\"en-US\",\"potentialAction\":[{\"@type\":\"ReadAction\",\"target\":[\"https:\\\/\\\/blooming-heroes.com\\\/produit\\\/gestion-des-situations-degradees\\\/\"]}]},{\"@type\":\"ImageObject\",\"inLanguage\":\"en-US\",\"@id\":\"https:\\\/\\\/blooming-heroes.com\\\/produit\\\/gestion-des-situations-degradees\\\/#primaryimage\",\"url\":\"https:\\\/\\\/blooming-heroes.com\\\/wp-content\\\/uploads\\\/2023\\\/08\\\/Collectifs-degrades-min.jpeg\",\"contentUrl\":\"https:\\\/\\\/blooming-heroes.com\\\/wp-content\\\/uploads\\\/2023\\\/08\\\/Collectifs-degrades-min.jpeg\",\"width\":932,\"height\":582},{\"@type\":\"BreadcrumbList\",\"@id\":\"https:\\\/\\\/blooming-heroes.com\\\/produit\\\/gestion-des-situations-degradees\\\/#breadcrumb\",\"itemListElement\":[{\"@type\":\"ListItem\",\"position\":1,\"name\":\"Accueil\",\"item\":\"https:\\\/\\\/blooming-heroes.com\\\/en\\\/\"},{\"@type\":\"ListItem\",\"position\":2,\"name\":\"Produits\",\"item\":\"https:\\\/\\\/blooming-heroes.com\\\/shop\\\/\"},{\"@type\":\"ListItem\",\"position\":3,\"name\":\"Gestion des situations d\u00e9grad\u00e9es\"}]},{\"@type\":\"WebSite\",\"@id\":\"https:\\\/\\\/blooming-heroes.com\\\/#website\",\"url\":\"https:\\\/\\\/blooming-heroes.com\\\/\",\"name\":\"Blooming Heroes\",\"description\":\"Les h\u00e9ros du bien-vivre au travail\",\"publisher\":{\"@id\":\"https:\\\/\\\/blooming-heroes.com\\\/#organization\"},\"potentialAction\":[{\"@type\":\"SearchAction\",\"target\":{\"@type\":\"EntryPoint\",\"urlTemplate\":\"https:\\\/\\\/blooming-heroes.com\\\/?s={search_term_string}\"},\"query-input\":{\"@type\":\"PropertyValueSpecification\",\"valueRequired\":true,\"valueName\":\"search_term_string\"}}],\"inLanguage\":\"en-US\"},{\"@type\":\"Organization\",\"@id\":\"https:\\\/\\\/blooming-heroes.com\\\/#organization\",\"name\":\"Blooming Heroes\",\"url\":\"https:\\\/\\\/blooming-heroes.com\\\/\",\"logo\":{\"@type\":\"ImageObject\",\"inLanguage\":\"en-US\",\"@id\":\"https:\\\/\\\/blooming-heroes.com\\\/#\\\/schema\\\/logo\\\/image\\\/\",\"url\":\"https:\\\/\\\/blooming-heroes.com\\\/wp-content\\\/uploads\\\/2022\\\/01\\\/cropped-Fichier-19.png\",\"contentUrl\":\"https:\\\/\\\/blooming-heroes.com\\\/wp-content\\\/uploads\\\/2022\\\/01\\\/cropped-Fichier-19.png\",\"width\":512,\"height\":512,\"caption\":\"Blooming Heroes\"},\"image\":{\"@id\":\"https:\\\/\\\/blooming-heroes.com\\\/#\\\/schema\\\/logo\\\/image\\\/\"}}]}<\/script>\n<!-- \/ Yoast SEO plugin. -->","yoast_head_json":{"title":"Gestion des situations d\u00e9grad\u00e9es - Blooming Heroes","description":"Tensions ou conflits, situations de harc\u00e8lement av\u00e9r\u00e9es ou pr\u00e9sum\u00e9es, l'intervention d'un tiers expert et neutre s'av\u00e8re souvent utile et parfois...","robots":{"index":"index","follow":"follow","max-snippet":"max-snippet:-1","max-image-preview":"max-image-preview:large","max-video-preview":"max-video-preview:-1"},"canonical":"https:\/\/blooming-heroes.com\/produit\/gestion-des-situations-degradees\/","og_locale":"en_US","og_type":"article","og_title":"Gestion des situations d\u00e9grad\u00e9es - Blooming Heroes","og_description":"Tensions ou conflits, situations de harc\u00e8lement av\u00e9r\u00e9es ou pr\u00e9sum\u00e9es, l'intervention d'un tiers expert et neutre s'av\u00e8re souvent utile et parfois...","og_url":"https:\/\/blooming-heroes.com\/produit\/gestion-des-situations-degradees\/","og_site_name":"Blooming Heroes","article_modified_time":"2023-11-13T16:08:11+00:00","og_image":[{"width":932,"height":582,"url":"https:\/\/blooming-heroes.com\/wp-content\/uploads\/2023\/08\/Collectifs-degrades-min.jpeg","type":"image\/jpeg"}],"twitter_card":"summary_large_image","twitter_misc":{"Est. reading time":"1 minute"},"schema":{"@context":"https:\/\/schema.org","@graph":[{"@type":"WebPage","@id":"https:\/\/blooming-heroes.com\/produit\/gestion-des-situations-degradees\/","url":"https:\/\/blooming-heroes.com\/produit\/gestion-des-situations-degradees\/","name":"Gestion des situations d\u00e9grad\u00e9es - Blooming Heroes","isPartOf":{"@id":"https:\/\/blooming-heroes.com\/#website"},"primaryImageOfPage":{"@id":"https:\/\/blooming-heroes.com\/produit\/gestion-des-situations-degradees\/#primaryimage"},"image":{"@id":"https:\/\/blooming-heroes.com\/produit\/gestion-des-situations-degradees\/#primaryimage"},"thumbnailUrl":"https:\/\/blooming-heroes.com\/wp-content\/uploads\/2023\/08\/Collectifs-degrades-min.jpeg","datePublished":"2023-08-13T17:31:53+00:00","dateModified":"2023-11-13T16:08:11+00:00","description":"Tensions ou conflits, situations de harc\u00e8lement av\u00e9r\u00e9es ou pr\u00e9sum\u00e9es, l'intervention d'un tiers expert et neutre s'av\u00e8re souvent utile et parfois...","breadcrumb":{"@id":"https:\/\/blooming-heroes.com\/produit\/gestion-des-situations-degradees\/#breadcrumb"},"inLanguage":"en-US","potentialAction":[{"@type":"ReadAction","target":["https:\/\/blooming-heroes.com\/produit\/gestion-des-situations-degradees\/"]}]},{"@type":"ImageObject","inLanguage":"en-US","@id":"https:\/\/blooming-heroes.com\/produit\/gestion-des-situations-degradees\/#primaryimage","url":"https:\/\/blooming-heroes.com\/wp-content\/uploads\/2023\/08\/Collectifs-degrades-min.jpeg","contentUrl":"https:\/\/blooming-heroes.com\/wp-content\/uploads\/2023\/08\/Collectifs-degrades-min.jpeg","width":932,"height":582},{"@type":"BreadcrumbList","@id":"https:\/\/blooming-heroes.com\/produit\/gestion-des-situations-degradees\/#breadcrumb","itemListElement":[{"@type":"ListItem","position":1,"name":"Accueil","item":"https:\/\/blooming-heroes.com\/en\/"},{"@type":"ListItem","position":2,"name":"Produits","item":"https:\/\/blooming-heroes.com\/shop\/"},{"@type":"ListItem","position":3,"name":"Gestion des situations d\u00e9grad\u00e9es"}]},{"@type":"WebSite","@id":"https:\/\/blooming-heroes.com\/#website","url":"https:\/\/blooming-heroes.com\/","name":"Blooming Heroes","description":"Les h\u00e9ros du bien-vivre au travail","publisher":{"@id":"https:\/\/blooming-heroes.com\/#organization"},"potentialAction":[{"@type":"SearchAction","target":{"@type":"EntryPoint","urlTemplate":"https:\/\/blooming-heroes.com\/?s={search_term_string}"},"query-input":{"@type":"PropertyValueSpecification","valueRequired":true,"valueName":"search_term_string"}}],"inLanguage":"en-US"},{"@type":"Organization","@id":"https:\/\/blooming-heroes.com\/#organization","name":"Blooming Heroes","url":"https:\/\/blooming-heroes.com\/","logo":{"@type":"ImageObject","inLanguage":"en-US","@id":"https:\/\/blooming-heroes.com\/#\/schema\/logo\/image\/","url":"https:\/\/blooming-heroes.com\/wp-content\/uploads\/2022\/01\/cropped-Fichier-19.png","contentUrl":"https:\/\/blooming-heroes.com\/wp-content\/uploads\/2022\/01\/cropped-Fichier-19.png","width":512,"height":512,"caption":"Blooming Heroes"},"image":{"@id":"https:\/\/blooming-heroes.com\/#\/schema\/logo\/image\/"}}]}},"_links":{"self":[{"href":"https:\/\/blooming-heroes.com\/en\/wp-json\/wp\/v2\/product\/5556","targetHints":{"allow":["GET"]}}],"collection":[{"href":"https:\/\/blooming-heroes.com\/en\/wp-json\/wp\/v2\/product"}],"about":[{"href":"https:\/\/blooming-heroes.com\/en\/wp-json\/wp\/v2\/types\/product"}],"replies":[{"embeddable":true,"href":"https:\/\/blooming-heroes.com\/en\/wp-json\/wp\/v2\/comments?post=5556"}],"wp:featuredmedia":[{"embeddable":true,"href":"https:\/\/blooming-heroes.com\/en\/wp-json\/wp\/v2\/media\/6801"}],"wp:attachment":[{"href":"https:\/\/blooming-heroes.com\/en\/wp-json\/wp\/v2\/media?parent=5556"}],"wp:term":[{"taxonomy":"product_brand","embeddable":true,"href":"https:\/\/blooming-heroes.com\/en\/wp-json\/wp\/v2\/product_brand?post=5556"},{"taxonomy":"product_cat","embeddable":true,"href":"https:\/\/blooming-heroes.com\/en\/wp-json\/wp\/v2\/product_cat?post=5556"},{"taxonomy":"product_tag","embeddable":true,"href":"https:\/\/blooming-heroes.com\/en\/wp-json\/wp\/v2\/product_tag?post=5556"}],"curies":[{"name":"wp","href":"https:\/\/api.w.org\/{rel}","templated":true}]}}