
{"id":5561,"date":"2023-08-16T18:12:57","date_gmt":"2023-08-16T16:12:57","guid":{"rendered":"https:\/\/blooming.dev05.fr\/?post_type=product&#038;p=5561"},"modified":"2023-11-13T16:26:12","modified_gmt":"2023-11-13T15:26:12","slug":"conciergerie-digitale","status":"publish","type":"product","link":"https:\/\/blooming-heroes.com\/en\/produit\/conciergerie-digitale\/","title":{"rendered":"Conciergerie digitale"},"content":{"rendered":"<p>Cette conciergerie digitale facilite le quotidien de vos collaborateurs gr\u00e2ce \u00e0 une palette vari\u00e9e de services de conciergerie, tous accessibles depuis l&#8217;application mobile ou la plateforme web. Au total, vos salari\u00e9s auront acc\u00e8s \u00e0 plus de 25 services regroup\u00e9s en 8 cat\u00e9gories (Services du quotidien (pressing, blanchisserie, livraison de colis&#8230;) \/ Livraison de courses \/ Loisirs \/ Cadeaux \/ Entretien et administration de v\u00e9hicule \/ Bien-\u00eatre en institut \/ D\u00e9pannage \/ Aide \u00e0 domicile) \u00e0 des prix n\u00e9goci\u00e9s.<\/p>\n<p>Des \u00e9v\u00e9nements RSE (comme la collecte de v\u00eatements usag\u00e9s) sont \u00e9galement organis\u00e9s tout au long de l&#8217;ann\u00e9e pour ancrer la conciergerie dans une d\u00e9marche de performance sociale.<\/p>\n","protected":false},"excerpt":{"rendered":"<p>Cette conciergerie digitale facilite le quotidien de vos collaborateurs gr\u00e2ce \u00e0 une palette vari\u00e9e de services de conciergerie, tous accessibles depuis l&#8217;application mobile ou la plateforme web. Au total, vos salari\u00e9s auront acc\u00e8s \u00e0 plus de 25 services regroup\u00e9s en 8 cat\u00e9gories (Services du quotidien (pressing, blanchisserie, livraison de colis&#8230;) \/ Livraison de courses \/ [&hellip;]<\/p>\n","protected":false},"featured_media":6799,"comment_status":"open","ping_status":"closed","template":"","meta":{"inline_featured_image":false,"_glsr_average":0,"_glsr_ranking":0,"_glsr_reviews":0},"product_brand":[],"product_cat":[110,94,124,111],"product_tag":[57,69],"class_list":{"0":"post-5561","1":"product","2":"type-product","3":"status-publish","4":"has-post-thumbnail","6":"product_cat-absenteisme","7":"product_cat-avantages-sociaux-compensation-benefices","8":"product_cat-conciliation-vie-privee-vie-professionnelle","9":"product_cat-sante-financiere","10":"product_tag-plateformes-digitales-applications-mobile","11":"product_tag-services-aux-salaries","13":"first","14":"instock","15":"shipping-taxable","16":"product-type-simple"},"yoast_head":"<!-- This site is optimized with the Yoast SEO plugin v27.4 - https:\/\/yoast.com\/product\/yoast-seo-wordpress\/ -->\n<title>Conciergerie digitale - Blooming Heroes<\/title>\n<meta name=\"description\" content=\"Cette conciergerie digitale facilite le quotidien de vos collaborateurs gr\u00e2ce \u00e0 une palette vari\u00e9e de services de conciergerie, tous accessibles depuis...\" \/>\n<meta name=\"robots\" content=\"index, follow, max-snippet:-1, max-image-preview:large, max-video-preview:-1\" \/>\n<link rel=\"canonical\" href=\"https:\/\/blooming-heroes.com\/produit\/conciergerie-digitale\/\" \/>\n<meta property=\"og:locale\" content=\"en_US\" \/>\n<meta property=\"og:type\" content=\"article\" \/>\n<meta property=\"og:title\" content=\"Conciergerie digitale - Blooming Heroes\" \/>\n<meta property=\"og:description\" content=\"Cette conciergerie digitale facilite le quotidien de vos collaborateurs gr\u00e2ce \u00e0 une palette vari\u00e9e de services de conciergerie, tous accessibles depuis...\" \/>\n<meta property=\"og:url\" content=\"https:\/\/blooming-heroes.com\/produit\/conciergerie-digitale\/\" \/>\n<meta property=\"og:site_name\" content=\"Blooming Heroes\" \/>\n<meta property=\"article:modified_time\" content=\"2023-11-13T15:26:12+00:00\" \/>\n<meta property=\"og:image\" content=\"https:\/\/blooming-heroes.com\/wp-content\/uploads\/2023\/08\/conciergerie-min.jpeg\" \/>\n\t<meta property=\"og:image:width\" content=\"320\" \/>\n\t<meta property=\"og:image:height\" content=\"213\" \/>\n\t<meta property=\"og:image:type\" content=\"image\/jpeg\" \/>\n<meta name=\"twitter:card\" content=\"summary_large_image\" \/>\n<meta name=\"twitter:label1\" content=\"Est. reading time\" \/>\n\t<meta name=\"twitter:data1\" content=\"1 minute\" \/>\n<script type=\"application\/ld+json\" class=\"yoast-schema-graph\">{\"@context\":\"https:\\\/\\\/schema.org\",\"@graph\":[{\"@type\":\"WebPage\",\"@id\":\"https:\\\/\\\/blooming-heroes.com\\\/produit\\\/conciergerie-digitale\\\/\",\"url\":\"https:\\\/\\\/blooming-heroes.com\\\/produit\\\/conciergerie-digitale\\\/\",\"name\":\"Conciergerie digitale - Blooming Heroes\",\"isPartOf\":{\"@id\":\"https:\\\/\\\/blooming-heroes.com\\\/#website\"},\"primaryImageOfPage\":{\"@id\":\"https:\\\/\\\/blooming-heroes.com\\\/produit\\\/conciergerie-digitale\\\/#primaryimage\"},\"image\":{\"@id\":\"https:\\\/\\\/blooming-heroes.com\\\/produit\\\/conciergerie-digitale\\\/#primaryimage\"},\"thumbnailUrl\":\"https:\\\/\\\/blooming-heroes.com\\\/wp-content\\\/uploads\\\/2023\\\/08\\\/conciergerie-min.jpeg\",\"datePublished\":\"2023-08-16T16:12:57+00:00\",\"dateModified\":\"2023-11-13T15:26:12+00:00\",\"description\":\"Cette conciergerie digitale facilite le quotidien de vos collaborateurs gr\u00e2ce \u00e0 une palette vari\u00e9e de services de conciergerie, tous accessibles depuis...\",\"breadcrumb\":{\"@id\":\"https:\\\/\\\/blooming-heroes.com\\\/produit\\\/conciergerie-digitale\\\/#breadcrumb\"},\"inLanguage\":\"en-US\",\"potentialAction\":[{\"@type\":\"ReadAction\",\"target\":[\"https:\\\/\\\/blooming-heroes.com\\\/produit\\\/conciergerie-digitale\\\/\"]}]},{\"@type\":\"ImageObject\",\"inLanguage\":\"en-US\",\"@id\":\"https:\\\/\\\/blooming-heroes.com\\\/produit\\\/conciergerie-digitale\\\/#primaryimage\",\"url\":\"https:\\\/\\\/blooming-heroes.com\\\/wp-content\\\/uploads\\\/2023\\\/08\\\/conciergerie-min.jpeg\",\"contentUrl\":\"https:\\\/\\\/blooming-heroes.com\\\/wp-content\\\/uploads\\\/2023\\\/08\\\/conciergerie-min.jpeg\",\"width\":320,\"height\":213},{\"@type\":\"BreadcrumbList\",\"@id\":\"https:\\\/\\\/blooming-heroes.com\\\/produit\\\/conciergerie-digitale\\\/#breadcrumb\",\"itemListElement\":[{\"@type\":\"ListItem\",\"position\":1,\"name\":\"Accueil\",\"item\":\"https:\\\/\\\/blooming-heroes.com\\\/en\\\/\"},{\"@type\":\"ListItem\",\"position\":2,\"name\":\"Produits\",\"item\":\"https:\\\/\\\/blooming-heroes.com\\\/shop\\\/\"},{\"@type\":\"ListItem\",\"position\":3,\"name\":\"Conciergerie digitale\"}]},{\"@type\":\"WebSite\",\"@id\":\"https:\\\/\\\/blooming-heroes.com\\\/#website\",\"url\":\"https:\\\/\\\/blooming-heroes.com\\\/\",\"name\":\"Blooming Heroes\",\"description\":\"Les h\u00e9ros du bien-vivre au travail\",\"publisher\":{\"@id\":\"https:\\\/\\\/blooming-heroes.com\\\/#organization\"},\"potentialAction\":[{\"@type\":\"SearchAction\",\"target\":{\"@type\":\"EntryPoint\",\"urlTemplate\":\"https:\\\/\\\/blooming-heroes.com\\\/?s={search_term_string}\"},\"query-input\":{\"@type\":\"PropertyValueSpecification\",\"valueRequired\":true,\"valueName\":\"search_term_string\"}}],\"inLanguage\":\"en-US\"},{\"@type\":\"Organization\",\"@id\":\"https:\\\/\\\/blooming-heroes.com\\\/#organization\",\"name\":\"Blooming Heroes\",\"url\":\"https:\\\/\\\/blooming-heroes.com\\\/\",\"logo\":{\"@type\":\"ImageObject\",\"inLanguage\":\"en-US\",\"@id\":\"https:\\\/\\\/blooming-heroes.com\\\/#\\\/schema\\\/logo\\\/image\\\/\",\"url\":\"https:\\\/\\\/blooming-heroes.com\\\/wp-content\\\/uploads\\\/2022\\\/01\\\/cropped-Fichier-19.png\",\"contentUrl\":\"https:\\\/\\\/blooming-heroes.com\\\/wp-content\\\/uploads\\\/2022\\\/01\\\/cropped-Fichier-19.png\",\"width\":512,\"height\":512,\"caption\":\"Blooming Heroes\"},\"image\":{\"@id\":\"https:\\\/\\\/blooming-heroes.com\\\/#\\\/schema\\\/logo\\\/image\\\/\"}}]}<\/script>\n<!-- \/ Yoast SEO plugin. -->","yoast_head_json":{"title":"Conciergerie digitale - Blooming Heroes","description":"Cette conciergerie digitale facilite le quotidien de vos collaborateurs gr\u00e2ce \u00e0 une palette vari\u00e9e de services de conciergerie, tous accessibles depuis...","robots":{"index":"index","follow":"follow","max-snippet":"max-snippet:-1","max-image-preview":"max-image-preview:large","max-video-preview":"max-video-preview:-1"},"canonical":"https:\/\/blooming-heroes.com\/produit\/conciergerie-digitale\/","og_locale":"en_US","og_type":"article","og_title":"Conciergerie digitale - Blooming Heroes","og_description":"Cette conciergerie digitale facilite le quotidien de vos collaborateurs gr\u00e2ce \u00e0 une palette vari\u00e9e de services de conciergerie, tous accessibles depuis...","og_url":"https:\/\/blooming-heroes.com\/produit\/conciergerie-digitale\/","og_site_name":"Blooming Heroes","article_modified_time":"2023-11-13T15:26:12+00:00","og_image":[{"width":320,"height":213,"url":"https:\/\/blooming-heroes.com\/wp-content\/uploads\/2023\/08\/conciergerie-min.jpeg","type":"image\/jpeg"}],"twitter_card":"summary_large_image","twitter_misc":{"Est. reading time":"1 minute"},"schema":{"@context":"https:\/\/schema.org","@graph":[{"@type":"WebPage","@id":"https:\/\/blooming-heroes.com\/produit\/conciergerie-digitale\/","url":"https:\/\/blooming-heroes.com\/produit\/conciergerie-digitale\/","name":"Conciergerie digitale - Blooming Heroes","isPartOf":{"@id":"https:\/\/blooming-heroes.com\/#website"},"primaryImageOfPage":{"@id":"https:\/\/blooming-heroes.com\/produit\/conciergerie-digitale\/#primaryimage"},"image":{"@id":"https:\/\/blooming-heroes.com\/produit\/conciergerie-digitale\/#primaryimage"},"thumbnailUrl":"https:\/\/blooming-heroes.com\/wp-content\/uploads\/2023\/08\/conciergerie-min.jpeg","datePublished":"2023-08-16T16:12:57+00:00","dateModified":"2023-11-13T15:26:12+00:00","description":"Cette conciergerie digitale facilite le quotidien de vos collaborateurs gr\u00e2ce \u00e0 une palette vari\u00e9e de services de conciergerie, tous accessibles depuis...","breadcrumb":{"@id":"https:\/\/blooming-heroes.com\/produit\/conciergerie-digitale\/#breadcrumb"},"inLanguage":"en-US","potentialAction":[{"@type":"ReadAction","target":["https:\/\/blooming-heroes.com\/produit\/conciergerie-digitale\/"]}]},{"@type":"ImageObject","inLanguage":"en-US","@id":"https:\/\/blooming-heroes.com\/produit\/conciergerie-digitale\/#primaryimage","url":"https:\/\/blooming-heroes.com\/wp-content\/uploads\/2023\/08\/conciergerie-min.jpeg","contentUrl":"https:\/\/blooming-heroes.com\/wp-content\/uploads\/2023\/08\/conciergerie-min.jpeg","width":320,"height":213},{"@type":"BreadcrumbList","@id":"https:\/\/blooming-heroes.com\/produit\/conciergerie-digitale\/#breadcrumb","itemListElement":[{"@type":"ListItem","position":1,"name":"Accueil","item":"https:\/\/blooming-heroes.com\/en\/"},{"@type":"ListItem","position":2,"name":"Produits","item":"https:\/\/blooming-heroes.com\/shop\/"},{"@type":"ListItem","position":3,"name":"Conciergerie digitale"}]},{"@type":"WebSite","@id":"https:\/\/blooming-heroes.com\/#website","url":"https:\/\/blooming-heroes.com\/","name":"Blooming Heroes","description":"Les h\u00e9ros du bien-vivre au travail","publisher":{"@id":"https:\/\/blooming-heroes.com\/#organization"},"potentialAction":[{"@type":"SearchAction","target":{"@type":"EntryPoint","urlTemplate":"https:\/\/blooming-heroes.com\/?s={search_term_string}"},"query-input":{"@type":"PropertyValueSpecification","valueRequired":true,"valueName":"search_term_string"}}],"inLanguage":"en-US"},{"@type":"Organization","@id":"https:\/\/blooming-heroes.com\/#organization","name":"Blooming Heroes","url":"https:\/\/blooming-heroes.com\/","logo":{"@type":"ImageObject","inLanguage":"en-US","@id":"https:\/\/blooming-heroes.com\/#\/schema\/logo\/image\/","url":"https:\/\/blooming-heroes.com\/wp-content\/uploads\/2022\/01\/cropped-Fichier-19.png","contentUrl":"https:\/\/blooming-heroes.com\/wp-content\/uploads\/2022\/01\/cropped-Fichier-19.png","width":512,"height":512,"caption":"Blooming Heroes"},"image":{"@id":"https:\/\/blooming-heroes.com\/#\/schema\/logo\/image\/"}}]}},"_links":{"self":[{"href":"https:\/\/blooming-heroes.com\/en\/wp-json\/wp\/v2\/product\/5561","targetHints":{"allow":["GET"]}}],"collection":[{"href":"https:\/\/blooming-heroes.com\/en\/wp-json\/wp\/v2\/product"}],"about":[{"href":"https:\/\/blooming-heroes.com\/en\/wp-json\/wp\/v2\/types\/product"}],"replies":[{"embeddable":true,"href":"https:\/\/blooming-heroes.com\/en\/wp-json\/wp\/v2\/comments?post=5561"}],"wp:featuredmedia":[{"embeddable":true,"href":"https:\/\/blooming-heroes.com\/en\/wp-json\/wp\/v2\/media\/6799"}],"wp:attachment":[{"href":"https:\/\/blooming-heroes.com\/en\/wp-json\/wp\/v2\/media?parent=5561"}],"wp:term":[{"taxonomy":"product_brand","embeddable":true,"href":"https:\/\/blooming-heroes.com\/en\/wp-json\/wp\/v2\/product_brand?post=5561"},{"taxonomy":"product_cat","embeddable":true,"href":"https:\/\/blooming-heroes.com\/en\/wp-json\/wp\/v2\/product_cat?post=5561"},{"taxonomy":"product_tag","embeddable":true,"href":"https:\/\/blooming-heroes.com\/en\/wp-json\/wp\/v2\/product_tag?post=5561"}],"curies":[{"name":"wp","href":"https:\/\/api.w.org\/{rel}","templated":true}]}}