
{"id":5566,"date":"2023-08-17T00:19:31","date_gmt":"2023-08-16T22:19:31","guid":{"rendered":"https:\/\/blooming.dev05.fr\/?post_type=product&#038;p=5566"},"modified":"2023-11-13T16:25:28","modified_gmt":"2023-11-13T15:25:28","slug":"programme-davantages-salaries","status":"publish","type":"product","link":"https:\/\/blooming-heroes.com\/en\/produit\/programme-davantages-salaries\/","title":{"rendered":"Programme d&#8217;avantages et engagement salari\u00e9s"},"content":{"rendered":"<p>Ce programme combine une carte qui regroupe tous vos avantages salari\u00e9s et une application mobile pour am\u00e9liorer l&#8217;exp\u00e9rience employ\u00e9s.<\/p>\n<p>La carte r\u00e9unit tous les avantages salari\u00e9s au m\u00eame endroit :<\/p>\n<ul>\n<li>Titres restaurants : les salari\u00e9s peuvent utiliser leur carte pour payer au restaurant, se faire livrer ou faire leurs courses dans plus de 220 000 \u00e9tablissements \u00e9ligibles (restaurants, commerces de bouche, plateformes de livraison). C\u00f4t\u00e9 RH, la carte vous offre une gestion administrative ultra-simplifi\u00e9e, vous permet de recharger vos b\u00e9n\u00e9ficiaires en temps r\u00e9el et de reporter les soldes non d\u00e9pens\u00e9s d&#8217;une ann\u00e9e sur l&#8217;autre.<\/li>\n<li>Titres cadeaux (CSE) : Offrez du pouvoir d\u2019achat aux collaborateurs gr\u00e2ce \u00e0 des milliers de r\u00e9ductions et bons plans (loisirs, voyages, grandes enseignes, cin\u00e9ma, \u00e9v\u00e8nements&#8230;). La carte passe partout, aussi bien dans le monde r\u00e9el que virtuel. C\u00f4t\u00e9 CSE, vous b\u00e9n\u00e9ficiez d\u2019un outil comptable optimis\u00e9 pour vos 2 budgets : Fonctionnement \/ Activit\u00e9 Sociales et Culturelles, et vous g\u00e9rez et rechargez vos b\u00e9n\u00e9ficiaires en deux clics gr\u00e2ce \u00e0 un espace personnalis\u00e9.<\/li>\n<li>Mobilit\u00e9 : Ne courez plus apr\u00e8s les notes de frais et retrouvez automatiquement toutes les factures de vos collaborateurs \u00e0 un seul et m\u00eame endroit. Pour les salari\u00e9s, aucun frais \u00e0 avancer, un large choix d&#8217;offres h\u00f4teli\u00e8re et de transport et une exp\u00e9rience simplifi\u00e9e gr\u00e2ce \u00e0 une interface qui permet tr\u00e8s facilement de comparer, r\u00e9server ou annuler.<\/li>\n<\/ul>\n<p>Personnalisable et compatible avec Apple Pay et Google Pay (carte virtuelle), la carte d\u00e9bite automatiquement le compte concern\u00e9 (Titres restaurants, Titre cadeau, Mobilit\u00e9&#8230;) selon la d\u00e9pense effectu\u00e9e, et vos salari\u00e9s peuvent d\u00e9cider de la lier directement \u00e0 leur compte en banque pour plus de libert\u00e9.<\/p>\n<p>&nbsp;<\/p>\n<p>Engagez vos salari\u00e9s gr\u00e2ce \u00e0 l&#8217;application mobile et ses fonctionnalit\u00e9s : des sondages RH pour \u00e9valuer la QVCT, le bien-\u00eatre ou l&#8217;engagement, la cr\u00e9ation de moments \u00e0 c\u00e9l\u00e9brer pour favoriser la coh\u00e9sion d&#8217;\u00e9quipe, des cagnottes entre coll\u00e8gues, la participation et la cr\u00e9ation d&#8217;\u00e9v\u00e8nements, les remboursements entre coll\u00e8gues, ou encore une messagerie pour cr\u00e9er des groupes de discussions sp\u00e9cifiques&#8230;<\/p>\n","protected":false},"excerpt":{"rendered":"<p>Ce programme combine une carte qui regroupe tous vos avantages salari\u00e9s et une application mobile pour am\u00e9liorer l&#8217;exp\u00e9rience employ\u00e9s. La carte r\u00e9unit tous les avantages salari\u00e9s au m\u00eame endroit : Titres restaurants : les salari\u00e9s peuvent utiliser leur carte pour payer au restaurant, se faire livrer ou faire leurs courses dans plus de 220 000 [&hellip;]<\/p>\n","protected":false},"featured_media":6797,"comment_status":"open","ping_status":"closed","template":"","meta":{"inline_featured_image":false,"_glsr_average":0,"_glsr_ranking":0,"_glsr_reviews":0},"product_brand":[],"product_cat":[94,80,111],"product_tag":[57,69],"class_list":{"0":"post-5566","1":"product","2":"type-product","3":"status-publish","4":"has-post-thumbnail","6":"product_cat-avantages-sociaux-compensation-benefices","7":"product_cat-qvt-qvct","8":"product_cat-sante-financiere","9":"product_tag-plateformes-digitales-applications-mobile","10":"product_tag-services-aux-salaries","12":"first","13":"instock","14":"shipping-taxable","15":"purchasable","16":"product-type-simple"},"yoast_head":"<!-- This site is optimized with the Yoast SEO plugin v27.4 - https:\/\/yoast.com\/product\/yoast-seo-wordpress\/ -->\n<title>Programme d&#039;avantages et engagement salari\u00e9s - Blooming Heroes<\/title>\n<meta name=\"description\" content=\"Ce programme combine une carte qui r\u00e9unit tous vos avantages salari\u00e9s et une application mobile pour am\u00e9liorer l&#039;exp\u00e9rience employ\u00e9s.La carte r\u00e9unit tous...\" \/>\n<meta name=\"robots\" content=\"index, follow, max-snippet:-1, max-image-preview:large, max-video-preview:-1\" \/>\n<link rel=\"canonical\" href=\"https:\/\/blooming-heroes.com\/produit\/programme-davantages-salaries\/\" \/>\n<meta property=\"og:locale\" content=\"en_US\" \/>\n<meta property=\"og:type\" content=\"article\" \/>\n<meta property=\"og:title\" content=\"Programme d&#039;avantages et engagement salari\u00e9s - Blooming Heroes\" \/>\n<meta property=\"og:description\" content=\"Ce programme combine une carte qui r\u00e9unit tous vos avantages salari\u00e9s et une application mobile pour am\u00e9liorer l&#039;exp\u00e9rience employ\u00e9s.La carte r\u00e9unit tous...\" \/>\n<meta property=\"og:url\" content=\"https:\/\/blooming-heroes.com\/produit\/programme-davantages-salaries\/\" \/>\n<meta property=\"og:site_name\" content=\"Blooming Heroes\" \/>\n<meta property=\"article:modified_time\" content=\"2023-11-13T15:25:28+00:00\" \/>\n<meta property=\"og:image\" content=\"https:\/\/blooming-heroes.com\/wp-content\/uploads\/2023\/08\/cse_chouchouter-vos-salaries-min.jpeg\" \/>\n\t<meta property=\"og:image:width\" content=\"320\" \/>\n\t<meta property=\"og:image:height\" content=\"213\" \/>\n\t<meta property=\"og:image:type\" content=\"image\/jpeg\" \/>\n<meta name=\"twitter:card\" content=\"summary_large_image\" \/>\n<meta name=\"twitter:label1\" content=\"Est. reading time\" \/>\n\t<meta name=\"twitter:data1\" content=\"2 minutes\" \/>\n<script type=\"application\/ld+json\" class=\"yoast-schema-graph\">{\"@context\":\"https:\\\/\\\/schema.org\",\"@graph\":[{\"@type\":\"WebPage\",\"@id\":\"https:\\\/\\\/blooming-heroes.com\\\/produit\\\/programme-davantages-salaries\\\/\",\"url\":\"https:\\\/\\\/blooming-heroes.com\\\/produit\\\/programme-davantages-salaries\\\/\",\"name\":\"Programme d'avantages et engagement salari\u00e9s - Blooming Heroes\",\"isPartOf\":{\"@id\":\"https:\\\/\\\/blooming-heroes.com\\\/#website\"},\"primaryImageOfPage\":{\"@id\":\"https:\\\/\\\/blooming-heroes.com\\\/produit\\\/programme-davantages-salaries\\\/#primaryimage\"},\"image\":{\"@id\":\"https:\\\/\\\/blooming-heroes.com\\\/produit\\\/programme-davantages-salaries\\\/#primaryimage\"},\"thumbnailUrl\":\"https:\\\/\\\/blooming-heroes.com\\\/wp-content\\\/uploads\\\/2023\\\/08\\\/cse_chouchouter-vos-salaries-min.jpeg\",\"datePublished\":\"2023-08-16T22:19:31+00:00\",\"dateModified\":\"2023-11-13T15:25:28+00:00\",\"description\":\"Ce programme combine une carte qui r\u00e9unit tous vos avantages salari\u00e9s et une application mobile pour am\u00e9liorer l'exp\u00e9rience employ\u00e9s.La carte r\u00e9unit tous...\",\"breadcrumb\":{\"@id\":\"https:\\\/\\\/blooming-heroes.com\\\/produit\\\/programme-davantages-salaries\\\/#breadcrumb\"},\"inLanguage\":\"en-US\",\"potentialAction\":[{\"@type\":\"ReadAction\",\"target\":[\"https:\\\/\\\/blooming-heroes.com\\\/produit\\\/programme-davantages-salaries\\\/\"]}]},{\"@type\":\"ImageObject\",\"inLanguage\":\"en-US\",\"@id\":\"https:\\\/\\\/blooming-heroes.com\\\/produit\\\/programme-davantages-salaries\\\/#primaryimage\",\"url\":\"https:\\\/\\\/blooming-heroes.com\\\/wp-content\\\/uploads\\\/2023\\\/08\\\/cse_chouchouter-vos-salaries-min.jpeg\",\"contentUrl\":\"https:\\\/\\\/blooming-heroes.com\\\/wp-content\\\/uploads\\\/2023\\\/08\\\/cse_chouchouter-vos-salaries-min.jpeg\",\"width\":320,\"height\":213},{\"@type\":\"BreadcrumbList\",\"@id\":\"https:\\\/\\\/blooming-heroes.com\\\/produit\\\/programme-davantages-salaries\\\/#breadcrumb\",\"itemListElement\":[{\"@type\":\"ListItem\",\"position\":1,\"name\":\"Accueil\",\"item\":\"https:\\\/\\\/blooming-heroes.com\\\/en\\\/\"},{\"@type\":\"ListItem\",\"position\":2,\"name\":\"Produits\",\"item\":\"https:\\\/\\\/blooming-heroes.com\\\/shop\\\/\"},{\"@type\":\"ListItem\",\"position\":3,\"name\":\"Programme d&rsquo;avantages et engagement salari\u00e9s\"}]},{\"@type\":\"WebSite\",\"@id\":\"https:\\\/\\\/blooming-heroes.com\\\/#website\",\"url\":\"https:\\\/\\\/blooming-heroes.com\\\/\",\"name\":\"Blooming Heroes\",\"description\":\"Les h\u00e9ros du bien-vivre au travail\",\"publisher\":{\"@id\":\"https:\\\/\\\/blooming-heroes.com\\\/#organization\"},\"potentialAction\":[{\"@type\":\"SearchAction\",\"target\":{\"@type\":\"EntryPoint\",\"urlTemplate\":\"https:\\\/\\\/blooming-heroes.com\\\/?s={search_term_string}\"},\"query-input\":{\"@type\":\"PropertyValueSpecification\",\"valueRequired\":true,\"valueName\":\"search_term_string\"}}],\"inLanguage\":\"en-US\"},{\"@type\":\"Organization\",\"@id\":\"https:\\\/\\\/blooming-heroes.com\\\/#organization\",\"name\":\"Blooming Heroes\",\"url\":\"https:\\\/\\\/blooming-heroes.com\\\/\",\"logo\":{\"@type\":\"ImageObject\",\"inLanguage\":\"en-US\",\"@id\":\"https:\\\/\\\/blooming-heroes.com\\\/#\\\/schema\\\/logo\\\/image\\\/\",\"url\":\"https:\\\/\\\/blooming-heroes.com\\\/wp-content\\\/uploads\\\/2022\\\/01\\\/cropped-Fichier-19.png\",\"contentUrl\":\"https:\\\/\\\/blooming-heroes.com\\\/wp-content\\\/uploads\\\/2022\\\/01\\\/cropped-Fichier-19.png\",\"width\":512,\"height\":512,\"caption\":\"Blooming Heroes\"},\"image\":{\"@id\":\"https:\\\/\\\/blooming-heroes.com\\\/#\\\/schema\\\/logo\\\/image\\\/\"}}]}<\/script>\n<!-- \/ Yoast SEO plugin. -->","yoast_head_json":{"title":"Programme d'avantages et engagement salari\u00e9s - Blooming Heroes","description":"Ce programme combine une carte qui r\u00e9unit tous vos avantages salari\u00e9s et une application mobile pour am\u00e9liorer l'exp\u00e9rience employ\u00e9s.La carte r\u00e9unit tous...","robots":{"index":"index","follow":"follow","max-snippet":"max-snippet:-1","max-image-preview":"max-image-preview:large","max-video-preview":"max-video-preview:-1"},"canonical":"https:\/\/blooming-heroes.com\/produit\/programme-davantages-salaries\/","og_locale":"en_US","og_type":"article","og_title":"Programme d'avantages et engagement salari\u00e9s - Blooming Heroes","og_description":"Ce programme combine une carte qui r\u00e9unit tous vos avantages salari\u00e9s et une application mobile pour am\u00e9liorer l'exp\u00e9rience employ\u00e9s.La carte r\u00e9unit tous...","og_url":"https:\/\/blooming-heroes.com\/produit\/programme-davantages-salaries\/","og_site_name":"Blooming Heroes","article_modified_time":"2023-11-13T15:25:28+00:00","og_image":[{"width":320,"height":213,"url":"https:\/\/blooming-heroes.com\/wp-content\/uploads\/2023\/08\/cse_chouchouter-vos-salaries-min.jpeg","type":"image\/jpeg"}],"twitter_card":"summary_large_image","twitter_misc":{"Est. reading time":"2 minutes"},"schema":{"@context":"https:\/\/schema.org","@graph":[{"@type":"WebPage","@id":"https:\/\/blooming-heroes.com\/produit\/programme-davantages-salaries\/","url":"https:\/\/blooming-heroes.com\/produit\/programme-davantages-salaries\/","name":"Programme d'avantages et engagement salari\u00e9s - Blooming Heroes","isPartOf":{"@id":"https:\/\/blooming-heroes.com\/#website"},"primaryImageOfPage":{"@id":"https:\/\/blooming-heroes.com\/produit\/programme-davantages-salaries\/#primaryimage"},"image":{"@id":"https:\/\/blooming-heroes.com\/produit\/programme-davantages-salaries\/#primaryimage"},"thumbnailUrl":"https:\/\/blooming-heroes.com\/wp-content\/uploads\/2023\/08\/cse_chouchouter-vos-salaries-min.jpeg","datePublished":"2023-08-16T22:19:31+00:00","dateModified":"2023-11-13T15:25:28+00:00","description":"Ce programme combine une carte qui r\u00e9unit tous vos avantages salari\u00e9s et une application mobile pour am\u00e9liorer l'exp\u00e9rience employ\u00e9s.La carte r\u00e9unit tous...","breadcrumb":{"@id":"https:\/\/blooming-heroes.com\/produit\/programme-davantages-salaries\/#breadcrumb"},"inLanguage":"en-US","potentialAction":[{"@type":"ReadAction","target":["https:\/\/blooming-heroes.com\/produit\/programme-davantages-salaries\/"]}]},{"@type":"ImageObject","inLanguage":"en-US","@id":"https:\/\/blooming-heroes.com\/produit\/programme-davantages-salaries\/#primaryimage","url":"https:\/\/blooming-heroes.com\/wp-content\/uploads\/2023\/08\/cse_chouchouter-vos-salaries-min.jpeg","contentUrl":"https:\/\/blooming-heroes.com\/wp-content\/uploads\/2023\/08\/cse_chouchouter-vos-salaries-min.jpeg","width":320,"height":213},{"@type":"BreadcrumbList","@id":"https:\/\/blooming-heroes.com\/produit\/programme-davantages-salaries\/#breadcrumb","itemListElement":[{"@type":"ListItem","position":1,"name":"Accueil","item":"https:\/\/blooming-heroes.com\/en\/"},{"@type":"ListItem","position":2,"name":"Produits","item":"https:\/\/blooming-heroes.com\/shop\/"},{"@type":"ListItem","position":3,"name":"Programme d&rsquo;avantages et engagement salari\u00e9s"}]},{"@type":"WebSite","@id":"https:\/\/blooming-heroes.com\/#website","url":"https:\/\/blooming-heroes.com\/","name":"Blooming Heroes","description":"Les h\u00e9ros du bien-vivre au travail","publisher":{"@id":"https:\/\/blooming-heroes.com\/#organization"},"potentialAction":[{"@type":"SearchAction","target":{"@type":"EntryPoint","urlTemplate":"https:\/\/blooming-heroes.com\/?s={search_term_string}"},"query-input":{"@type":"PropertyValueSpecification","valueRequired":true,"valueName":"search_term_string"}}],"inLanguage":"en-US"},{"@type":"Organization","@id":"https:\/\/blooming-heroes.com\/#organization","name":"Blooming Heroes","url":"https:\/\/blooming-heroes.com\/","logo":{"@type":"ImageObject","inLanguage":"en-US","@id":"https:\/\/blooming-heroes.com\/#\/schema\/logo\/image\/","url":"https:\/\/blooming-heroes.com\/wp-content\/uploads\/2022\/01\/cropped-Fichier-19.png","contentUrl":"https:\/\/blooming-heroes.com\/wp-content\/uploads\/2022\/01\/cropped-Fichier-19.png","width":512,"height":512,"caption":"Blooming Heroes"},"image":{"@id":"https:\/\/blooming-heroes.com\/#\/schema\/logo\/image\/"}}]}},"_links":{"self":[{"href":"https:\/\/blooming-heroes.com\/en\/wp-json\/wp\/v2\/product\/5566","targetHints":{"allow":["GET"]}}],"collection":[{"href":"https:\/\/blooming-heroes.com\/en\/wp-json\/wp\/v2\/product"}],"about":[{"href":"https:\/\/blooming-heroes.com\/en\/wp-json\/wp\/v2\/types\/product"}],"replies":[{"embeddable":true,"href":"https:\/\/blooming-heroes.com\/en\/wp-json\/wp\/v2\/comments?post=5566"}],"wp:featuredmedia":[{"embeddable":true,"href":"https:\/\/blooming-heroes.com\/en\/wp-json\/wp\/v2\/media\/6797"}],"wp:attachment":[{"href":"https:\/\/blooming-heroes.com\/en\/wp-json\/wp\/v2\/media?parent=5566"}],"wp:term":[{"taxonomy":"product_brand","embeddable":true,"href":"https:\/\/blooming-heroes.com\/en\/wp-json\/wp\/v2\/product_brand?post=5566"},{"taxonomy":"product_cat","embeddable":true,"href":"https:\/\/blooming-heroes.com\/en\/wp-json\/wp\/v2\/product_cat?post=5566"},{"taxonomy":"product_tag","embeddable":true,"href":"https:\/\/blooming-heroes.com\/en\/wp-json\/wp\/v2\/product_tag?post=5566"}],"curies":[{"name":"wp","href":"https:\/\/api.w.org\/{rel}","templated":true}]}}