
{"id":5590,"date":"2023-08-20T15:11:44","date_gmt":"2023-08-20T13:11:44","guid":{"rendered":"https:\/\/blooming.dev05.fr\/?post_type=product&#038;p=5590"},"modified":"2023-11-13T16:24:53","modified_gmt":"2023-11-13T15:24:53","slug":"portail-davantages-sociaux-pour-vos-employes","status":"publish","type":"product","link":"https:\/\/blooming-heroes.com\/en\/produit\/portail-davantages-sociaux-pour-vos-employes\/","title":{"rendered":"Portail d&#8217;avantages sociaux pour vos employ\u00e9s"},"content":{"rendered":"<p>Cette solution SaaS vise \u00e0 renforcer l&#8217;engagement et la productivit\u00e9 de vos employ\u00e9s gr\u00e2ce \u00e0 un ensemble complet d&#8217;avantages sociaux r\u00e9partis en 12 modules : \u00c9change de maisons entre coll\u00e8gues, Location \u00e0 la nuit\u00e9e (comme un Airbnb interne), \u00c9changes linguistiques (entre coll\u00e8gues ou enfants), Au Pair, Petites annonces, R\u00e9ductions et offres exclusives, Covoiturage, Conversations linguistiques, Mobilit\u00e9 globale, Sant\u00e9 &amp; Bien-\u00eatre, Communaut\u00e9 (entre-aide entre coll\u00e8gues), Hangouts (\u00e9v\u00e9nements entre coll\u00e8gues).<br \/>\nLa plateforme peut \u00eatre configur\u00e9e comme un portail ind\u00e9pendant sous la forme d&#8217;un HUB &#8220;One-stop-shop&#8221; ou elle peut \u00eatre facilement int\u00e9gr\u00e9e \u00e0 votre solution existante en mode plug-and-play.<\/p>\n","protected":false},"excerpt":{"rendered":"<p>Cette solution SaaS vise \u00e0 renforcer l&#8217;engagement et la productivit\u00e9 de vos employ\u00e9s gr\u00e2ce \u00e0 un ensemble complet d&#8217;avantages sociaux r\u00e9partis en 12 modules : \u00c9change de maisons entre coll\u00e8gues, Location \u00e0 la nuit\u00e9e (comme un Airbnb interne), \u00c9changes linguistiques (entre coll\u00e8gues ou enfants), Au Pair, Petites annonces, R\u00e9ductions et offres exclusives, Covoiturage, Conversations linguistiques, [&hellip;]<\/p>\n","protected":false},"featured_media":6797,"comment_status":"open","ping_status":"closed","template":"","meta":{"inline_featured_image":false,"_glsr_average":0,"_glsr_ranking":0,"_glsr_reviews":0},"product_brand":[],"product_cat":[94,78,79,111,100],"product_tag":[57,69],"class_list":{"0":"post-5590","1":"product","2":"type-product","3":"status-publish","4":"has-post-thumbnail","6":"product_cat-avantages-sociaux-compensation-benefices","7":"product_cat-bien-etre","8":"product_cat-capacites-a-linternational","9":"product_cat-sante-financiere","10":"product_cat-sante-globale","11":"product_tag-plateformes-digitales-applications-mobile","12":"product_tag-services-aux-salaries","14":"first","15":"instock","16":"shipping-taxable","17":"product-type-simple"},"yoast_head":"<!-- This site is optimized with the Yoast SEO plugin v27.4 - https:\/\/yoast.com\/product\/yoast-seo-wordpress\/ -->\n<title>Portail d&#039;avantages sociaux pour vos employ\u00e9s - Blooming Heroes<\/title>\n<meta name=\"description\" content=\"Cette solution SaaS vise \u00e0 renforcer l&#039;engagement et la productivit\u00e9 de vos employ\u00e9s gr\u00e2ce \u00e0 un ensemble complet d&#039;avantages sociaux r\u00e9partis en 12 modules\" \/>\n<meta name=\"robots\" content=\"index, follow, max-snippet:-1, max-image-preview:large, max-video-preview:-1\" \/>\n<link rel=\"canonical\" href=\"https:\/\/blooming-heroes.com\/produit\/portail-davantages-sociaux-pour-vos-employes\/\" \/>\n<meta property=\"og:locale\" content=\"en_US\" \/>\n<meta property=\"og:type\" content=\"article\" \/>\n<meta property=\"og:title\" content=\"Portail d&#039;avantages sociaux pour vos employ\u00e9s - Blooming Heroes\" \/>\n<meta property=\"og:description\" content=\"Cette solution SaaS vise \u00e0 renforcer l&#039;engagement et la productivit\u00e9 de vos employ\u00e9s gr\u00e2ce \u00e0 un ensemble complet d&#039;avantages sociaux r\u00e9partis en 12 modules\" \/>\n<meta property=\"og:url\" content=\"https:\/\/blooming-heroes.com\/produit\/portail-davantages-sociaux-pour-vos-employes\/\" \/>\n<meta property=\"og:site_name\" content=\"Blooming Heroes\" \/>\n<meta property=\"article:modified_time\" content=\"2023-11-13T15:24:53+00:00\" \/>\n<meta property=\"og:image\" content=\"https:\/\/blooming-heroes.com\/wp-content\/uploads\/2023\/08\/cse_chouchouter-vos-salaries-min.jpeg\" \/>\n\t<meta property=\"og:image:width\" content=\"320\" \/>\n\t<meta property=\"og:image:height\" content=\"213\" \/>\n\t<meta property=\"og:image:type\" content=\"image\/jpeg\" \/>\n<meta name=\"twitter:card\" content=\"summary_large_image\" \/>\n<meta name=\"twitter:label1\" content=\"Est. reading time\" \/>\n\t<meta name=\"twitter:data1\" content=\"1 minute\" \/>\n<script type=\"application\/ld+json\" class=\"yoast-schema-graph\">{\"@context\":\"https:\\\/\\\/schema.org\",\"@graph\":[{\"@type\":\"WebPage\",\"@id\":\"https:\\\/\\\/blooming-heroes.com\\\/produit\\\/portail-davantages-sociaux-pour-vos-employes\\\/\",\"url\":\"https:\\\/\\\/blooming-heroes.com\\\/produit\\\/portail-davantages-sociaux-pour-vos-employes\\\/\",\"name\":\"Portail d'avantages sociaux pour vos employ\u00e9s - Blooming Heroes\",\"isPartOf\":{\"@id\":\"https:\\\/\\\/blooming-heroes.com\\\/#website\"},\"primaryImageOfPage\":{\"@id\":\"https:\\\/\\\/blooming-heroes.com\\\/produit\\\/portail-davantages-sociaux-pour-vos-employes\\\/#primaryimage\"},\"image\":{\"@id\":\"https:\\\/\\\/blooming-heroes.com\\\/produit\\\/portail-davantages-sociaux-pour-vos-employes\\\/#primaryimage\"},\"thumbnailUrl\":\"https:\\\/\\\/blooming-heroes.com\\\/wp-content\\\/uploads\\\/2023\\\/08\\\/cse_chouchouter-vos-salaries-min.jpeg\",\"datePublished\":\"2023-08-20T13:11:44+00:00\",\"dateModified\":\"2023-11-13T15:24:53+00:00\",\"description\":\"Cette solution SaaS vise \u00e0 renforcer l'engagement et la productivit\u00e9 de vos employ\u00e9s gr\u00e2ce \u00e0 un ensemble complet d'avantages sociaux r\u00e9partis en 12 modules\",\"breadcrumb\":{\"@id\":\"https:\\\/\\\/blooming-heroes.com\\\/produit\\\/portail-davantages-sociaux-pour-vos-employes\\\/#breadcrumb\"},\"inLanguage\":\"en-US\",\"potentialAction\":[{\"@type\":\"ReadAction\",\"target\":[\"https:\\\/\\\/blooming-heroes.com\\\/produit\\\/portail-davantages-sociaux-pour-vos-employes\\\/\"]}]},{\"@type\":\"ImageObject\",\"inLanguage\":\"en-US\",\"@id\":\"https:\\\/\\\/blooming-heroes.com\\\/produit\\\/portail-davantages-sociaux-pour-vos-employes\\\/#primaryimage\",\"url\":\"https:\\\/\\\/blooming-heroes.com\\\/wp-content\\\/uploads\\\/2023\\\/08\\\/cse_chouchouter-vos-salaries-min.jpeg\",\"contentUrl\":\"https:\\\/\\\/blooming-heroes.com\\\/wp-content\\\/uploads\\\/2023\\\/08\\\/cse_chouchouter-vos-salaries-min.jpeg\",\"width\":320,\"height\":213},{\"@type\":\"BreadcrumbList\",\"@id\":\"https:\\\/\\\/blooming-heroes.com\\\/produit\\\/portail-davantages-sociaux-pour-vos-employes\\\/#breadcrumb\",\"itemListElement\":[{\"@type\":\"ListItem\",\"position\":1,\"name\":\"Accueil\",\"item\":\"https:\\\/\\\/blooming-heroes.com\\\/en\\\/\"},{\"@type\":\"ListItem\",\"position\":2,\"name\":\"Produits\",\"item\":\"https:\\\/\\\/blooming-heroes.com\\\/shop\\\/\"},{\"@type\":\"ListItem\",\"position\":3,\"name\":\"Portail d&rsquo;avantages sociaux pour vos employ\u00e9s\"}]},{\"@type\":\"WebSite\",\"@id\":\"https:\\\/\\\/blooming-heroes.com\\\/#website\",\"url\":\"https:\\\/\\\/blooming-heroes.com\\\/\",\"name\":\"Blooming Heroes\",\"description\":\"Les h\u00e9ros du bien-vivre au travail\",\"publisher\":{\"@id\":\"https:\\\/\\\/blooming-heroes.com\\\/#organization\"},\"potentialAction\":[{\"@type\":\"SearchAction\",\"target\":{\"@type\":\"EntryPoint\",\"urlTemplate\":\"https:\\\/\\\/blooming-heroes.com\\\/?s={search_term_string}\"},\"query-input\":{\"@type\":\"PropertyValueSpecification\",\"valueRequired\":true,\"valueName\":\"search_term_string\"}}],\"inLanguage\":\"en-US\"},{\"@type\":\"Organization\",\"@id\":\"https:\\\/\\\/blooming-heroes.com\\\/#organization\",\"name\":\"Blooming Heroes\",\"url\":\"https:\\\/\\\/blooming-heroes.com\\\/\",\"logo\":{\"@type\":\"ImageObject\",\"inLanguage\":\"en-US\",\"@id\":\"https:\\\/\\\/blooming-heroes.com\\\/#\\\/schema\\\/logo\\\/image\\\/\",\"url\":\"https:\\\/\\\/blooming-heroes.com\\\/wp-content\\\/uploads\\\/2022\\\/01\\\/cropped-Fichier-19.png\",\"contentUrl\":\"https:\\\/\\\/blooming-heroes.com\\\/wp-content\\\/uploads\\\/2022\\\/01\\\/cropped-Fichier-19.png\",\"width\":512,\"height\":512,\"caption\":\"Blooming Heroes\"},\"image\":{\"@id\":\"https:\\\/\\\/blooming-heroes.com\\\/#\\\/schema\\\/logo\\\/image\\\/\"}}]}<\/script>\n<!-- \/ Yoast SEO plugin. -->","yoast_head_json":{"title":"Portail d'avantages sociaux pour vos employ\u00e9s - Blooming Heroes","description":"Cette solution SaaS vise \u00e0 renforcer l'engagement et la productivit\u00e9 de vos employ\u00e9s gr\u00e2ce \u00e0 un ensemble complet d'avantages sociaux r\u00e9partis en 12 modules","robots":{"index":"index","follow":"follow","max-snippet":"max-snippet:-1","max-image-preview":"max-image-preview:large","max-video-preview":"max-video-preview:-1"},"canonical":"https:\/\/blooming-heroes.com\/produit\/portail-davantages-sociaux-pour-vos-employes\/","og_locale":"en_US","og_type":"article","og_title":"Portail d'avantages sociaux pour vos employ\u00e9s - Blooming Heroes","og_description":"Cette solution SaaS vise \u00e0 renforcer l'engagement et la productivit\u00e9 de vos employ\u00e9s gr\u00e2ce \u00e0 un ensemble complet d'avantages sociaux r\u00e9partis en 12 modules","og_url":"https:\/\/blooming-heroes.com\/produit\/portail-davantages-sociaux-pour-vos-employes\/","og_site_name":"Blooming Heroes","article_modified_time":"2023-11-13T15:24:53+00:00","og_image":[{"width":320,"height":213,"url":"https:\/\/blooming-heroes.com\/wp-content\/uploads\/2023\/08\/cse_chouchouter-vos-salaries-min.jpeg","type":"image\/jpeg"}],"twitter_card":"summary_large_image","twitter_misc":{"Est. reading time":"1 minute"},"schema":{"@context":"https:\/\/schema.org","@graph":[{"@type":"WebPage","@id":"https:\/\/blooming-heroes.com\/produit\/portail-davantages-sociaux-pour-vos-employes\/","url":"https:\/\/blooming-heroes.com\/produit\/portail-davantages-sociaux-pour-vos-employes\/","name":"Portail d'avantages sociaux pour vos employ\u00e9s - Blooming Heroes","isPartOf":{"@id":"https:\/\/blooming-heroes.com\/#website"},"primaryImageOfPage":{"@id":"https:\/\/blooming-heroes.com\/produit\/portail-davantages-sociaux-pour-vos-employes\/#primaryimage"},"image":{"@id":"https:\/\/blooming-heroes.com\/produit\/portail-davantages-sociaux-pour-vos-employes\/#primaryimage"},"thumbnailUrl":"https:\/\/blooming-heroes.com\/wp-content\/uploads\/2023\/08\/cse_chouchouter-vos-salaries-min.jpeg","datePublished":"2023-08-20T13:11:44+00:00","dateModified":"2023-11-13T15:24:53+00:00","description":"Cette solution SaaS vise \u00e0 renforcer l'engagement et la productivit\u00e9 de vos employ\u00e9s gr\u00e2ce \u00e0 un ensemble complet d'avantages sociaux r\u00e9partis en 12 modules","breadcrumb":{"@id":"https:\/\/blooming-heroes.com\/produit\/portail-davantages-sociaux-pour-vos-employes\/#breadcrumb"},"inLanguage":"en-US","potentialAction":[{"@type":"ReadAction","target":["https:\/\/blooming-heroes.com\/produit\/portail-davantages-sociaux-pour-vos-employes\/"]}]},{"@type":"ImageObject","inLanguage":"en-US","@id":"https:\/\/blooming-heroes.com\/produit\/portail-davantages-sociaux-pour-vos-employes\/#primaryimage","url":"https:\/\/blooming-heroes.com\/wp-content\/uploads\/2023\/08\/cse_chouchouter-vos-salaries-min.jpeg","contentUrl":"https:\/\/blooming-heroes.com\/wp-content\/uploads\/2023\/08\/cse_chouchouter-vos-salaries-min.jpeg","width":320,"height":213},{"@type":"BreadcrumbList","@id":"https:\/\/blooming-heroes.com\/produit\/portail-davantages-sociaux-pour-vos-employes\/#breadcrumb","itemListElement":[{"@type":"ListItem","position":1,"name":"Accueil","item":"https:\/\/blooming-heroes.com\/en\/"},{"@type":"ListItem","position":2,"name":"Produits","item":"https:\/\/blooming-heroes.com\/shop\/"},{"@type":"ListItem","position":3,"name":"Portail d&rsquo;avantages sociaux pour vos employ\u00e9s"}]},{"@type":"WebSite","@id":"https:\/\/blooming-heroes.com\/#website","url":"https:\/\/blooming-heroes.com\/","name":"Blooming Heroes","description":"Les h\u00e9ros du bien-vivre au travail","publisher":{"@id":"https:\/\/blooming-heroes.com\/#organization"},"potentialAction":[{"@type":"SearchAction","target":{"@type":"EntryPoint","urlTemplate":"https:\/\/blooming-heroes.com\/?s={search_term_string}"},"query-input":{"@type":"PropertyValueSpecification","valueRequired":true,"valueName":"search_term_string"}}],"inLanguage":"en-US"},{"@type":"Organization","@id":"https:\/\/blooming-heroes.com\/#organization","name":"Blooming Heroes","url":"https:\/\/blooming-heroes.com\/","logo":{"@type":"ImageObject","inLanguage":"en-US","@id":"https:\/\/blooming-heroes.com\/#\/schema\/logo\/image\/","url":"https:\/\/blooming-heroes.com\/wp-content\/uploads\/2022\/01\/cropped-Fichier-19.png","contentUrl":"https:\/\/blooming-heroes.com\/wp-content\/uploads\/2022\/01\/cropped-Fichier-19.png","width":512,"height":512,"caption":"Blooming Heroes"},"image":{"@id":"https:\/\/blooming-heroes.com\/#\/schema\/logo\/image\/"}}]}},"_links":{"self":[{"href":"https:\/\/blooming-heroes.com\/en\/wp-json\/wp\/v2\/product\/5590","targetHints":{"allow":["GET"]}}],"collection":[{"href":"https:\/\/blooming-heroes.com\/en\/wp-json\/wp\/v2\/product"}],"about":[{"href":"https:\/\/blooming-heroes.com\/en\/wp-json\/wp\/v2\/types\/product"}],"replies":[{"embeddable":true,"href":"https:\/\/blooming-heroes.com\/en\/wp-json\/wp\/v2\/comments?post=5590"}],"wp:featuredmedia":[{"embeddable":true,"href":"https:\/\/blooming-heroes.com\/en\/wp-json\/wp\/v2\/media\/6797"}],"wp:attachment":[{"href":"https:\/\/blooming-heroes.com\/en\/wp-json\/wp\/v2\/media?parent=5590"}],"wp:term":[{"taxonomy":"product_brand","embeddable":true,"href":"https:\/\/blooming-heroes.com\/en\/wp-json\/wp\/v2\/product_brand?post=5590"},{"taxonomy":"product_cat","embeddable":true,"href":"https:\/\/blooming-heroes.com\/en\/wp-json\/wp\/v2\/product_cat?post=5590"},{"taxonomy":"product_tag","embeddable":true,"href":"https:\/\/blooming-heroes.com\/en\/wp-json\/wp\/v2\/product_tag?post=5590"}],"curies":[{"name":"wp","href":"https:\/\/api.w.org\/{rel}","templated":true}]}}